{"id":9161,"date":"2025-04-14T11:17:39","date_gmt":"2025-04-14T09:17:39","guid":{"rendered":"https:\/\/www.bergmanlabora.se\/?post_type=product&#038;p=9161"},"modified":"2025-04-14T11:24:24","modified_gmt":"2025-04-14T09:24:24","slug":"qatm-qeye-800","status":"publish","type":"product","link":"https:\/\/www.bergmanlabora.se\/fi\/tuote\/qatm-qeye-800\/","title":{"rendered":"QATM Qeye 800"},"content":{"rendered":"<p class=\"\" data-start=\"0\" data-end=\"58\"><strong data-start=\"0\" data-end=\"58\">M\u00e4tning av svetsfogar \u2013 snabb, h\u00f6guppl\u00f6st och effektiv<\/strong><\/p>\n<p class=\"\" data-start=\"60\" data-end=\"253\">Nya Qeye 800 imponerar med snabb, h\u00f6guppl\u00f6st och effektiv optisk analys och m\u00e4tning av prover. S\u00e4rskilt framtagen f\u00f6r standardiserad m\u00e4tning och inspektion av svetsfogar enligt DIN EN ISO 5817.<\/p>\n<p class=\"\" data-start=\"255\" data-end=\"562\">M\u00e4tverktyg s\u00e5som A-m\u00e5tt, intr\u00e4ngningsdjup, utv\u00e4rderingsgr\u00e4nser och standardenlig inspektionsrapport ing\u00e5r som standard i den bepr\u00f6vade och anv\u00e4ndarv\u00e4nliga Qpix Control2-programvaran. Integrerat grafiskt mall\u00e4ge med f\u00f6rdefinierade m\u00e4telement och QATM:s standardkatalog samt hantering av kundspecifika mallar.<\/p>\n<p class=\"\" data-start=\"564\" data-end=\"767\">Qeye sparar tid genom att erbjuda detaljerad analys och m\u00e4tning med h\u00f6gsta noggrannhet. Robust, modern industridesign. Enkel utbytning av glasb\u00e4rare f\u00f6r prover. Helt dammt\u00e4t tack vare montering i renrum.<\/p>\n","protected":false},"excerpt":{"rendered":"<p>Qeye 800 \u00e4r ett avancerat m\u00e4tsystem f\u00f6r snabb och exakt analys av svetsfogar enligt DIN EN ISO 5817. Med h\u00f6guppl\u00f6st optik, smarta m\u00e4tverktyg och anv\u00e4ndarv\u00e4nlig programvara ger den tillf\u00f6rlitliga resultat p\u00e5 kort tid. Perfekt f\u00f6r kvalitetskontroll i industriella milj\u00f6er.<\/p>\n","protected":false},"featured_media":9162,"template":"","meta":[],"product_brand":[],"product_cat":[136,120,300],"product_tag":[],"class_list":{"0":"post-9161","1":"product","2":"type-product","3":"status-publish","4":"has-post-thumbnail","6":"product_cat-industri-materialanalys","7":"product_cat-metallografi","8":"product_cat-svetsanalys","10":"first","11":"instock","12":"shipping-taxable","13":"purchasable","14":"product-type-simple"},"yoast_head":"<!-- This site is optimized with the Yoast SEO plugin v27.2 - https:\/\/yoast.com\/product\/yoast-seo-wordpress\/ -->\n<title>QATM Qeye 800 - BergmanLabora<\/title>\n<meta name=\"description\" content=\"Nya Qeye 800 imponerar med snabb, h\u00f6guppl\u00f6st och effektiv optisk analys. S\u00e4rskilt framtagen f\u00f6r standardiserad m\u00e4tning och inspektion av svetsfogar.\" \/>\n<meta name=\"robots\" content=\"index, follow, max-snippet:-1, max-image-preview:large, max-video-preview:-1\" \/>\n<link rel=\"canonical\" href=\"https:\/\/www.bergmanlabora.se\/fi\/tuote\/qatm-qeye-800\/\" \/>\n<meta property=\"og:locale\" content=\"fi_FI\" \/>\n<meta property=\"og:type\" content=\"article\" \/>\n<meta property=\"og:title\" content=\"QATM Qeye 800 - BergmanLabora\" \/>\n<meta property=\"og:description\" content=\"Nya Qeye 800 imponerar med snabb, h\u00f6guppl\u00f6st och effektiv optisk analys. S\u00e4rskilt framtagen f\u00f6r standardiserad m\u00e4tning och inspektion av svetsfogar.\" \/>\n<meta property=\"og:url\" content=\"https:\/\/www.bergmanlabora.se\/fi\/tuote\/qatm-qeye-800\/\" \/>\n<meta property=\"og:site_name\" content=\"BergmanLabora\" \/>\n<meta property=\"article:publisher\" content=\"https:\/\/www.facebook.com\/bergmanlabora\/\" \/>\n<meta property=\"article:modified_time\" content=\"2025-04-14T09:24:24+00:00\" \/>\n<meta property=\"og:image\" content=\"https:\/\/www.bergmanlabora.se\/wp-content\/uploads\/2025\/04\/QEYE.webp\" \/>\n\t<meta property=\"og:image:width\" content=\"940\" \/>\n\t<meta property=\"og:image:height\" content=\"940\" \/>\n\t<meta property=\"og:image:type\" content=\"image\/webp\" \/>\n<meta name=\"twitter:card\" content=\"summary_large_image\" \/>\n<meta name=\"twitter:label1\" content=\"Arvioitu lukuaika\" \/>\n\t<meta name=\"twitter:data1\" content=\"1 minuutti\" \/>\n<script type=\"application\/ld+json\" class=\"yoast-schema-graph\">{\"@context\":\"https:\/\/schema.org\",\"@graph\":[{\"@type\":\"WebPage\",\"@id\":\"https:\/\/www.bergmanlabora.se\/fi\/tuote\/qatm-qeye-800\/\",\"url\":\"https:\/\/www.bergmanlabora.se\/fi\/tuote\/qatm-qeye-800\/\",\"name\":\"QATM Qeye 800 - BergmanLabora\",\"isPartOf\":{\"@id\":\"https:\/\/www.bergmanlabora.se\/fi\/#website\"},\"primaryImageOfPage\":{\"@id\":\"https:\/\/www.bergmanlabora.se\/fi\/tuote\/qatm-qeye-800\/#primaryimage\"},\"image\":{\"@id\":\"https:\/\/www.bergmanlabora.se\/fi\/tuote\/qatm-qeye-800\/#primaryimage\"},\"thumbnailUrl\":\"https:\/\/www.bergmanlabora.se\/wp-content\/uploads\/2025\/04\/QEYE.webp\",\"datePublished\":\"2025-04-14T09:17:39+00:00\",\"dateModified\":\"2025-04-14T09:24:24+00:00\",\"description\":\"Nya Qeye 800 imponerar med snabb, h\u00f6guppl\u00f6st och effektiv optisk analys. S\u00e4rskilt framtagen f\u00f6r standardiserad m\u00e4tning och inspektion av svetsfogar.\",\"breadcrumb\":{\"@id\":\"https:\/\/www.bergmanlabora.se\/fi\/tuote\/qatm-qeye-800\/#breadcrumb\"},\"inLanguage\":\"fi\",\"potentialAction\":[{\"@type\":\"ReadAction\",\"target\":[\"https:\/\/www.bergmanlabora.se\/fi\/tuote\/qatm-qeye-800\/\"]}]},{\"@type\":\"ImageObject\",\"inLanguage\":\"fi\",\"@id\":\"https:\/\/www.bergmanlabora.se\/fi\/tuote\/qatm-qeye-800\/#primaryimage\",\"url\":\"https:\/\/www.bergmanlabora.se\/wp-content\/uploads\/2025\/04\/QEYE.webp\",\"contentUrl\":\"https:\/\/www.bergmanlabora.se\/wp-content\/uploads\/2025\/04\/QEYE.webp\",\"width\":940,\"height\":940},{\"@type\":\"BreadcrumbList\",\"@id\":\"https:\/\/www.bergmanlabora.se\/fi\/tuote\/qatm-qeye-800\/#breadcrumb\",\"itemListElement\":[{\"@type\":\"ListItem\",\"position\":1,\"name\":\"Helma\",\"item\":\"https:\/\/www.bergmanlabora.se\/fi\/maailman-johtavat-laboratoriolaitteet-biotieteille-ja-teollisuudelle\/\"},{\"@type\":\"ListItem\",\"position\":2,\"name\":\"Webbutik\",\"item\":\"https:\/\/www.bergmanlabora.se\/webbutik\/\"},{\"@type\":\"ListItem\",\"position\":3,\"name\":\"QATM Qeye 800\"}]},{\"@type\":\"WebSite\",\"@id\":\"https:\/\/www.bergmanlabora.se\/fi\/#website\",\"url\":\"https:\/\/www.bergmanlabora.se\/fi\/\",\"name\":\"BergmanLabora\",\"description\":\"En av Sveriges ledande leverant\u00f6rer till den svenska laboratoriemarknaden\",\"potentialAction\":[{\"@type\":\"SearchAction\",\"target\":{\"@type\":\"EntryPoint\",\"urlTemplate\":\"https:\/\/www.bergmanlabora.se\/fi\/?s={search_term_string}\"},\"query-input\":{\"@type\":\"PropertyValueSpecification\",\"valueRequired\":true,\"valueName\":\"search_term_string\"}}],\"inLanguage\":\"fi\"}]}<\/script>\n<!-- \/ Yoast SEO plugin. -->","yoast_head_json":{"title":"QATM Qeye 800 - BergmanLabora","description":"Nya Qeye 800 imponerar med snabb, h\u00f6guppl\u00f6st och effektiv optisk analys. S\u00e4rskilt framtagen f\u00f6r standardiserad m\u00e4tning och inspektion av svetsfogar.","robots":{"index":"index","follow":"follow","max-snippet":"max-snippet:-1","max-image-preview":"max-image-preview:large","max-video-preview":"max-video-preview:-1"},"canonical":"https:\/\/www.bergmanlabora.se\/fi\/tuote\/qatm-qeye-800\/","og_locale":"fi_FI","og_type":"article","og_title":"QATM Qeye 800 - BergmanLabora","og_description":"Nya Qeye 800 imponerar med snabb, h\u00f6guppl\u00f6st och effektiv optisk analys. S\u00e4rskilt framtagen f\u00f6r standardiserad m\u00e4tning och inspektion av svetsfogar.","og_url":"https:\/\/www.bergmanlabora.se\/fi\/tuote\/qatm-qeye-800\/","og_site_name":"BergmanLabora","article_publisher":"https:\/\/www.facebook.com\/bergmanlabora\/","article_modified_time":"2025-04-14T09:24:24+00:00","og_image":[{"width":940,"height":940,"url":"https:\/\/www.bergmanlabora.se\/wp-content\/uploads\/2025\/04\/QEYE.webp","type":"image\/webp"}],"twitter_card":"summary_large_image","twitter_misc":{"Arvioitu lukuaika":"1 minuutti"},"schema":{"@context":"https:\/\/schema.org","@graph":[{"@type":"WebPage","@id":"https:\/\/www.bergmanlabora.se\/fi\/tuote\/qatm-qeye-800\/","url":"https:\/\/www.bergmanlabora.se\/fi\/tuote\/qatm-qeye-800\/","name":"QATM Qeye 800 - BergmanLabora","isPartOf":{"@id":"https:\/\/www.bergmanlabora.se\/fi\/#website"},"primaryImageOfPage":{"@id":"https:\/\/www.bergmanlabora.se\/fi\/tuote\/qatm-qeye-800\/#primaryimage"},"image":{"@id":"https:\/\/www.bergmanlabora.se\/fi\/tuote\/qatm-qeye-800\/#primaryimage"},"thumbnailUrl":"https:\/\/www.bergmanlabora.se\/wp-content\/uploads\/2025\/04\/QEYE.webp","datePublished":"2025-04-14T09:17:39+00:00","dateModified":"2025-04-14T09:24:24+00:00","description":"Nya Qeye 800 imponerar med snabb, h\u00f6guppl\u00f6st och effektiv optisk analys. S\u00e4rskilt framtagen f\u00f6r standardiserad m\u00e4tning och inspektion av svetsfogar.","breadcrumb":{"@id":"https:\/\/www.bergmanlabora.se\/fi\/tuote\/qatm-qeye-800\/#breadcrumb"},"inLanguage":"fi","potentialAction":[{"@type":"ReadAction","target":["https:\/\/www.bergmanlabora.se\/fi\/tuote\/qatm-qeye-800\/"]}]},{"@type":"ImageObject","inLanguage":"fi","@id":"https:\/\/www.bergmanlabora.se\/fi\/tuote\/qatm-qeye-800\/#primaryimage","url":"https:\/\/www.bergmanlabora.se\/wp-content\/uploads\/2025\/04\/QEYE.webp","contentUrl":"https:\/\/www.bergmanlabora.se\/wp-content\/uploads\/2025\/04\/QEYE.webp","width":940,"height":940},{"@type":"BreadcrumbList","@id":"https:\/\/www.bergmanlabora.se\/fi\/tuote\/qatm-qeye-800\/#breadcrumb","itemListElement":[{"@type":"ListItem","position":1,"name":"Helma","item":"https:\/\/www.bergmanlabora.se\/fi\/maailman-johtavat-laboratoriolaitteet-biotieteille-ja-teollisuudelle\/"},{"@type":"ListItem","position":2,"name":"Webbutik","item":"https:\/\/www.bergmanlabora.se\/webbutik\/"},{"@type":"ListItem","position":3,"name":"QATM Qeye 800"}]},{"@type":"WebSite","@id":"https:\/\/www.bergmanlabora.se\/fi\/#website","url":"https:\/\/www.bergmanlabora.se\/fi\/","name":"BergmanLabora","description":"En av Sveriges ledande leverant\u00f6rer till den svenska laboratoriemarknaden","potentialAction":[{"@type":"SearchAction","target":{"@type":"EntryPoint","urlTemplate":"https:\/\/www.bergmanlabora.se\/fi\/?s={search_term_string}"},"query-input":{"@type":"PropertyValueSpecification","valueRequired":true,"valueName":"search_term_string"}}],"inLanguage":"fi"}]}},"_links":{"self":[{"href":"https:\/\/www.bergmanlabora.se\/fi\/wp-json\/wp\/v2\/product\/9161","targetHints":{"allow":["GET"]}}],"collection":[{"href":"https:\/\/www.bergmanlabora.se\/fi\/wp-json\/wp\/v2\/product"}],"about":[{"href":"https:\/\/www.bergmanlabora.se\/fi\/wp-json\/wp\/v2\/types\/product"}],"wp:featuredmedia":[{"embeddable":true,"href":"https:\/\/www.bergmanlabora.se\/fi\/wp-json\/wp\/v2\/media\/9162"}],"wp:attachment":[{"href":"https:\/\/www.bergmanlabora.se\/fi\/wp-json\/wp\/v2\/media?parent=9161"}],"wp:term":[{"taxonomy":"product_brand","embeddable":true,"href":"https:\/\/www.bergmanlabora.se\/fi\/wp-json\/wp\/v2\/product_brand?post=9161"},{"taxonomy":"product_cat","embeddable":true,"href":"https:\/\/www.bergmanlabora.se\/fi\/wp-json\/wp\/v2\/product_cat?post=9161"},{"taxonomy":"product_tag","embeddable":true,"href":"https:\/\/www.bergmanlabora.se\/fi\/wp-json\/wp\/v2\/product_tag?post=9161"}],"curies":[{"name":"wp","href":"https:\/\/api.w.org\/{rel}","templated":true}]}}