{"id":9142,"date":"2025-04-09T12:40:07","date_gmt":"2025-04-09T10:40:07","guid":{"rendered":"https:\/\/www.bergmanlabora.se\/?post_type=product&#038;p=9142"},"modified":"2025-04-28T10:47:26","modified_gmt":"2025-04-28T08:47:26","slug":"qatm-qcut-600-bot","status":"publish","type":"product","link":"https:\/\/www.bergmanlabora.se\/fi\/tuote\/qatm-qcut-600-bot\/","title":{"rendered":"QATM QCUT 600 BOT"},"content":{"rendered":"<p>Kaproboten Qcut 600 BOT \u00f6ppnar upp f\u00f6r nya m\u00f6jligheter med sina 5 axlar (X-, Y-, Z-, B-, C-axel) och det gener\u00f6st tilltagna maskinbordet (\u00d8 600 mm) \u00f6ppnar upp f\u00f6r nya applikationsm\u00f6jligheter. Den automatiska k\u00f6rningen (X-axeln) och kapningen (Y-axeln) n\u00e5r hastigheter p\u00e5 upp till 80 mm\/sek tack vare de mycket dynamiska drivenheterna.<\/p>\n<p>Rundbordet (B-axel) har ett sv\u00e4ngomr\u00e5de p\u00e5 360\u00b0 och kan modul\u00e4rt ut\u00f6kas med ytterligare en roterande axel (C-axel - sv\u00e4ngomr\u00e5de f\u00f6r kombinerade axlar: B-axel: 200\u00b0 \/ C-axel 360\u00b0).<\/p>\n<p>Kapskivans skydd styrs parallellt under kapningen f\u00f6r att \u00f6ka kapskivans kapacitet. Den stora skjut- och sidod\u00f6rren, med s\u00e4kerhetsl\u00e5s n\u00e4r kapskivan r\u00f6r sig, ger b\u00e4sta m\u00f6jliga \u00e5tkomst till det stora maskinbordet.<\/p>\n<p>Recirkulationskylning och automatisk centralsm\u00f6rjning \u00e4r integrerade i maskinkroppen i den robusta st\u00e5lkonstruktionen. Qcut 600 BOT kan ocks\u00e5 utrustas med en bandfilterenhet som ett alternativ till den recirkulerande kylenheten.<\/p>\n","protected":false},"excerpt":{"rendered":"<p>Qcut 600 BOT \u00e4r en helautomatisk kaprobot med max. 5 axlar f\u00f6r anv\u00e4ndning av kapskivor med en storlek p\u00e5 upp till 610 mm \/ 24\u201d.<\/p>\n","protected":false},"featured_media":9143,"template":"","meta":[],"product_brand":[],"product_cat":[136,121,120],"product_tag":[],"class_list":{"0":"post-9142","1":"product","2":"type-product","3":"status-publish","4":"has-post-thumbnail","6":"product_cat-industri-materialanalys","7":"product_cat-kapmaskiner","8":"product_cat-metallografi","10":"first","11":"instock","12":"shipping-taxable","13":"purchasable","14":"product-type-simple"},"yoast_head":"<!-- This site is optimized with the Yoast SEO plugin v27.2 - https:\/\/yoast.com\/product\/yoast-seo-wordpress\/ -->\n<title>QATM QCUT 600 BOT - BergmanLabora<\/title>\n<meta name=\"description\" content=\"Qcut 600 BOT \u00e4r en helautomatisk kaprobot med max. 5 axlar f\u00f6r anv\u00e4ndning av kapskivor med en storlek p\u00e5 upp till 610 mm \/ 24\u201d.\" \/>\n<meta name=\"robots\" content=\"index, follow, max-snippet:-1, max-image-preview:large, max-video-preview:-1\" \/>\n<link rel=\"canonical\" href=\"https:\/\/www.bergmanlabora.se\/fi\/tuote\/qatm-qcut-600-bot\/\" \/>\n<meta property=\"og:locale\" content=\"fi_FI\" \/>\n<meta property=\"og:type\" content=\"article\" \/>\n<meta property=\"og:title\" content=\"QATM QCUT 600 BOT - BergmanLabora\" \/>\n<meta property=\"og:description\" content=\"Qcut 600 BOT \u00e4r en helautomatisk kaprobot med max. 5 axlar f\u00f6r anv\u00e4ndning av kapskivor med en storlek p\u00e5 upp till 610 mm \/ 24\u201d.\" \/>\n<meta property=\"og:url\" content=\"https:\/\/www.bergmanlabora.se\/fi\/tuote\/qatm-qcut-600-bot\/\" \/>\n<meta property=\"og:site_name\" content=\"BergmanLabora\" \/>\n<meta property=\"article:publisher\" content=\"https:\/\/www.facebook.com\/bergmanlabora\/\" \/>\n<meta property=\"article:modified_time\" content=\"2025-04-28T08:47:26+00:00\" \/>\n<meta property=\"og:image\" content=\"https:\/\/www.bergmanlabora.se\/wp-content\/uploads\/2025\/04\/QCUT-600-BOT.webp\" \/>\n\t<meta property=\"og:image:width\" content=\"470\" \/>\n\t<meta property=\"og:image:height\" content=\"470\" \/>\n\t<meta property=\"og:image:type\" content=\"image\/webp\" \/>\n<meta name=\"twitter:card\" content=\"summary_large_image\" \/>\n<meta name=\"twitter:label1\" content=\"Arvioitu lukuaika\" \/>\n\t<meta name=\"twitter:data1\" content=\"1 minuutti\" \/>\n<script type=\"application\/ld+json\" class=\"yoast-schema-graph\">{\"@context\":\"https:\/\/schema.org\",\"@graph\":[{\"@type\":\"WebPage\",\"@id\":\"https:\/\/www.bergmanlabora.se\/fi\/tuote\/qatm-qcut-600-bot\/\",\"url\":\"https:\/\/www.bergmanlabora.se\/fi\/tuote\/qatm-qcut-600-bot\/\",\"name\":\"QATM QCUT 600 BOT - BergmanLabora\",\"isPartOf\":{\"@id\":\"https:\/\/www.bergmanlabora.se\/fi\/#website\"},\"primaryImageOfPage\":{\"@id\":\"https:\/\/www.bergmanlabora.se\/fi\/tuote\/qatm-qcut-600-bot\/#primaryimage\"},\"image\":{\"@id\":\"https:\/\/www.bergmanlabora.se\/fi\/tuote\/qatm-qcut-600-bot\/#primaryimage\"},\"thumbnailUrl\":\"https:\/\/www.bergmanlabora.se\/wp-content\/uploads\/2025\/04\/QCUT-600-BOT.webp\",\"datePublished\":\"2025-04-09T10:40:07+00:00\",\"dateModified\":\"2025-04-28T08:47:26+00:00\",\"description\":\"Qcut 600 BOT \u00e4r en helautomatisk kaprobot med max. 5 axlar f\u00f6r anv\u00e4ndning av kapskivor med en storlek p\u00e5 upp till 610 mm \/ 24\u201d.\",\"breadcrumb\":{\"@id\":\"https:\/\/www.bergmanlabora.se\/fi\/tuote\/qatm-qcut-600-bot\/#breadcrumb\"},\"inLanguage\":\"fi\",\"potentialAction\":[{\"@type\":\"ReadAction\",\"target\":[\"https:\/\/www.bergmanlabora.se\/fi\/tuote\/qatm-qcut-600-bot\/\"]}]},{\"@type\":\"ImageObject\",\"inLanguage\":\"fi\",\"@id\":\"https:\/\/www.bergmanlabora.se\/fi\/tuote\/qatm-qcut-600-bot\/#primaryimage\",\"url\":\"https:\/\/www.bergmanlabora.se\/wp-content\/uploads\/2025\/04\/QCUT-600-BOT.webp\",\"contentUrl\":\"https:\/\/www.bergmanlabora.se\/wp-content\/uploads\/2025\/04\/QCUT-600-BOT.webp\",\"width\":470,\"height\":470},{\"@type\":\"BreadcrumbList\",\"@id\":\"https:\/\/www.bergmanlabora.se\/fi\/tuote\/qatm-qcut-600-bot\/#breadcrumb\",\"itemListElement\":[{\"@type\":\"ListItem\",\"position\":1,\"name\":\"Helma\",\"item\":\"https:\/\/www.bergmanlabora.se\/fi\/maailman-johtavat-laboratoriolaitteet-biotieteille-ja-teollisuudelle\/\"},{\"@type\":\"ListItem\",\"position\":2,\"name\":\"Webbutik\",\"item\":\"https:\/\/www.bergmanlabora.se\/webbutik\/\"},{\"@type\":\"ListItem\",\"position\":3,\"name\":\"QATM QCUT 600 BOT\"}]},{\"@type\":\"WebSite\",\"@id\":\"https:\/\/www.bergmanlabora.se\/fi\/#website\",\"url\":\"https:\/\/www.bergmanlabora.se\/fi\/\",\"name\":\"BergmanLabora\",\"description\":\"En av Sveriges ledande leverant\u00f6rer till den svenska laboratoriemarknaden\",\"potentialAction\":[{\"@type\":\"SearchAction\",\"target\":{\"@type\":\"EntryPoint\",\"urlTemplate\":\"https:\/\/www.bergmanlabora.se\/fi\/?s={search_term_string}\"},\"query-input\":{\"@type\":\"PropertyValueSpecification\",\"valueRequired\":true,\"valueName\":\"search_term_string\"}}],\"inLanguage\":\"fi\"}]}<\/script>\n<!-- \/ Yoast SEO plugin. -->","yoast_head_json":{"title":"QATM QCUT 600 BOT - BergmanLabora","description":"Qcut 600 BOT \u00e4r en helautomatisk kaprobot med max. 5 axlar f\u00f6r anv\u00e4ndning av kapskivor med en storlek p\u00e5 upp till 610 mm \/ 24\u201d.","robots":{"index":"index","follow":"follow","max-snippet":"max-snippet:-1","max-image-preview":"max-image-preview:large","max-video-preview":"max-video-preview:-1"},"canonical":"https:\/\/www.bergmanlabora.se\/fi\/tuote\/qatm-qcut-600-bot\/","og_locale":"fi_FI","og_type":"article","og_title":"QATM QCUT 600 BOT - BergmanLabora","og_description":"Qcut 600 BOT \u00e4r en helautomatisk kaprobot med max. 5 axlar f\u00f6r anv\u00e4ndning av kapskivor med en storlek p\u00e5 upp till 610 mm \/ 24\u201d.","og_url":"https:\/\/www.bergmanlabora.se\/fi\/tuote\/qatm-qcut-600-bot\/","og_site_name":"BergmanLabora","article_publisher":"https:\/\/www.facebook.com\/bergmanlabora\/","article_modified_time":"2025-04-28T08:47:26+00:00","og_image":[{"width":470,"height":470,"url":"https:\/\/www.bergmanlabora.se\/wp-content\/uploads\/2025\/04\/QCUT-600-BOT.webp","type":"image\/webp"}],"twitter_card":"summary_large_image","twitter_misc":{"Arvioitu lukuaika":"1 minuutti"},"schema":{"@context":"https:\/\/schema.org","@graph":[{"@type":"WebPage","@id":"https:\/\/www.bergmanlabora.se\/fi\/tuote\/qatm-qcut-600-bot\/","url":"https:\/\/www.bergmanlabora.se\/fi\/tuote\/qatm-qcut-600-bot\/","name":"QATM QCUT 600 BOT - BergmanLabora","isPartOf":{"@id":"https:\/\/www.bergmanlabora.se\/fi\/#website"},"primaryImageOfPage":{"@id":"https:\/\/www.bergmanlabora.se\/fi\/tuote\/qatm-qcut-600-bot\/#primaryimage"},"image":{"@id":"https:\/\/www.bergmanlabora.se\/fi\/tuote\/qatm-qcut-600-bot\/#primaryimage"},"thumbnailUrl":"https:\/\/www.bergmanlabora.se\/wp-content\/uploads\/2025\/04\/QCUT-600-BOT.webp","datePublished":"2025-04-09T10:40:07+00:00","dateModified":"2025-04-28T08:47:26+00:00","description":"Qcut 600 BOT \u00e4r en helautomatisk kaprobot med max. 5 axlar f\u00f6r anv\u00e4ndning av kapskivor med en storlek p\u00e5 upp till 610 mm \/ 24\u201d.","breadcrumb":{"@id":"https:\/\/www.bergmanlabora.se\/fi\/tuote\/qatm-qcut-600-bot\/#breadcrumb"},"inLanguage":"fi","potentialAction":[{"@type":"ReadAction","target":["https:\/\/www.bergmanlabora.se\/fi\/tuote\/qatm-qcut-600-bot\/"]}]},{"@type":"ImageObject","inLanguage":"fi","@id":"https:\/\/www.bergmanlabora.se\/fi\/tuote\/qatm-qcut-600-bot\/#primaryimage","url":"https:\/\/www.bergmanlabora.se\/wp-content\/uploads\/2025\/04\/QCUT-600-BOT.webp","contentUrl":"https:\/\/www.bergmanlabora.se\/wp-content\/uploads\/2025\/04\/QCUT-600-BOT.webp","width":470,"height":470},{"@type":"BreadcrumbList","@id":"https:\/\/www.bergmanlabora.se\/fi\/tuote\/qatm-qcut-600-bot\/#breadcrumb","itemListElement":[{"@type":"ListItem","position":1,"name":"Helma","item":"https:\/\/www.bergmanlabora.se\/fi\/maailman-johtavat-laboratoriolaitteet-biotieteille-ja-teollisuudelle\/"},{"@type":"ListItem","position":2,"name":"Webbutik","item":"https:\/\/www.bergmanlabora.se\/webbutik\/"},{"@type":"ListItem","position":3,"name":"QATM QCUT 600 BOT"}]},{"@type":"WebSite","@id":"https:\/\/www.bergmanlabora.se\/fi\/#website","url":"https:\/\/www.bergmanlabora.se\/fi\/","name":"BergmanLabora","description":"En av Sveriges ledande leverant\u00f6rer till den svenska laboratoriemarknaden","potentialAction":[{"@type":"SearchAction","target":{"@type":"EntryPoint","urlTemplate":"https:\/\/www.bergmanlabora.se\/fi\/?s={search_term_string}"},"query-input":{"@type":"PropertyValueSpecification","valueRequired":true,"valueName":"search_term_string"}}],"inLanguage":"fi"}]}},"_links":{"self":[{"href":"https:\/\/www.bergmanlabora.se\/fi\/wp-json\/wp\/v2\/product\/9142","targetHints":{"allow":["GET"]}}],"collection":[{"href":"https:\/\/www.bergmanlabora.se\/fi\/wp-json\/wp\/v2\/product"}],"about":[{"href":"https:\/\/www.bergmanlabora.se\/fi\/wp-json\/wp\/v2\/types\/product"}],"wp:featuredmedia":[{"embeddable":true,"href":"https:\/\/www.bergmanlabora.se\/fi\/wp-json\/wp\/v2\/media\/9143"}],"wp:attachment":[{"href":"https:\/\/www.bergmanlabora.se\/fi\/wp-json\/wp\/v2\/media?parent=9142"}],"wp:term":[{"taxonomy":"product_brand","embeddable":true,"href":"https:\/\/www.bergmanlabora.se\/fi\/wp-json\/wp\/v2\/product_brand?post=9142"},{"taxonomy":"product_cat","embeddable":true,"href":"https:\/\/www.bergmanlabora.se\/fi\/wp-json\/wp\/v2\/product_cat?post=9142"},{"taxonomy":"product_tag","embeddable":true,"href":"https:\/\/www.bergmanlabora.se\/fi\/wp-json\/wp\/v2\/product_tag?post=9142"}],"curies":[{"name":"wp","href":"https:\/\/api.w.org\/{rel}","templated":true}]}}