{"id":9139,"date":"2025-04-09T12:34:32","date_gmt":"2025-04-09T10:34:32","guid":{"rendered":"https:\/\/www.bergmanlabora.se\/?post_type=product&#038;p=9139"},"modified":"2025-05-05T16:08:09","modified_gmt":"2025-05-05T14:08:09","slug":"qatm-qcut-200-a","status":"publish","type":"product","link":"https:\/\/www.bergmanlabora.se\/fi\/tuote\/qatm-qcut-200-a\/","title":{"rendered":"QATM QCUT 200 A"},"content":{"rendered":"<p><b><strong>Kvalitetss\u00e4kring inom materialografi b\u00f6rjar med en utm\u00e4rkt sk\u00e4rning.<\/strong><\/b><\/p>\n<p>I \u00f6ver 20 \u00e5r har QATM:s innovativa precisionssk\u00e4rmaskiner satt nya standarder och riktm\u00e4rken f\u00f6r materialografisk provberedning. Vad \u00e4r det som g\u00f6r QATM&#8217;s sk\u00e4rmaskiner s\u00e5 speciella? De designar och utvecklar maskiner som s\u00e4tter precision och kvalitet i f\u00f6rsta rummet. Med Qcut 200 som uppf\u00f6ljningsmodell till Brilliant 220 har vi nu vidareutvecklat den popul\u00e4ra modellen i den 4:e generationen. Qcut 200 A \u00e4r fortfarande unik p\u00e5 marknaden med sin konceptuella design av en stor sk\u00e4rmaskin i bordsformat.<\/p>\n<p><b><strong>Produktens f\u00f6rdelar<\/strong><\/b><\/p>\n<ul>\n<li>Helautomatiska precisionsaxlar med glappfria lager<\/li>\n<li>Nytt kylsystem med ca 25% h\u00f6gre fl\u00f6deshastighet \u00e4n j\u00e4mf\u00f6rbara maskiner, vilket minskar slitaget p\u00e5 kapskivan med upp till 15%.<\/li>\n<li>Automatisk reng\u00f6ringsfunktion<\/li>\n<li>Nya mjukvarufunktioner f\u00f6r slipapplikationer<\/li>\n<li>F\u00f6renklat byte av kapskiva<\/li>\n<li>Ny modul\u00e4rt anpassningsbar svarvanordning<\/li>\n<\/ul>\n","protected":false},"excerpt":{"rendered":"<p>Qcut 200 A \u00e4r en precisionskapmaskin med upp till 3 automatiska axlar f\u00f6r anv\u00e4ndning med kapskivor upp till 203 mm \/ 8&#8221; i storlek.<\/p>\n","protected":false},"featured_media":9140,"template":"","meta":[],"product_brand":[],"product_cat":[136,121,120],"product_tag":[],"class_list":{"0":"post-9139","1":"product","2":"type-product","3":"status-publish","4":"has-post-thumbnail","6":"product_cat-industri-materialanalys","7":"product_cat-kapmaskiner","8":"product_cat-metallografi","10":"first","11":"instock","12":"shipping-taxable","13":"purchasable","14":"product-type-simple"},"yoast_head":"<!-- This site is optimized with the Yoast SEO plugin v27.2 - https:\/\/yoast.com\/product\/yoast-seo-wordpress\/ -->\n<title>QATM QCUT 200 A - BergmanLabora<\/title>\n<meta name=\"description\" content=\"Qcut 200 A \u00e4r en precisionskapmaskin med upp till 3 automatiska axlar f\u00f6r anv\u00e4ndning med kapskivor upp till 203 mm \/ 8&#039;&#039; i storlek.\" \/>\n<meta name=\"robots\" content=\"index, follow, max-snippet:-1, max-image-preview:large, max-video-preview:-1\" \/>\n<link rel=\"canonical\" href=\"https:\/\/www.bergmanlabora.se\/fi\/tuote\/qatm-qcut-200-a\/\" \/>\n<meta property=\"og:locale\" content=\"fi_FI\" \/>\n<meta property=\"og:type\" content=\"article\" \/>\n<meta property=\"og:title\" content=\"QATM QCUT 200 A - BergmanLabora\" \/>\n<meta property=\"og:description\" content=\"Qcut 200 A \u00e4r en precisionskapmaskin med upp till 3 automatiska axlar f\u00f6r anv\u00e4ndning med kapskivor upp till 203 mm \/ 8&#039;&#039; i storlek.\" \/>\n<meta property=\"og:url\" content=\"https:\/\/www.bergmanlabora.se\/fi\/tuote\/qatm-qcut-200-a\/\" \/>\n<meta property=\"og:site_name\" content=\"BergmanLabora\" \/>\n<meta property=\"article:publisher\" content=\"https:\/\/www.facebook.com\/bergmanlabora\/\" \/>\n<meta property=\"article:modified_time\" content=\"2025-05-05T14:08:09+00:00\" \/>\n<meta property=\"og:image\" content=\"https:\/\/www.bergmanlabora.se\/wp-content\/uploads\/2025\/04\/QCUT-200-A.webp\" \/>\n\t<meta property=\"og:image:width\" content=\"470\" \/>\n\t<meta property=\"og:image:height\" content=\"470\" \/>\n\t<meta property=\"og:image:type\" content=\"image\/webp\" \/>\n<meta name=\"twitter:card\" content=\"summary_large_image\" \/>\n<meta name=\"twitter:label1\" content=\"Arvioitu lukuaika\" \/>\n\t<meta name=\"twitter:data1\" content=\"1 minuutti\" \/>\n<script type=\"application\/ld+json\" class=\"yoast-schema-graph\">{\"@context\":\"https:\/\/schema.org\",\"@graph\":[{\"@type\":\"WebPage\",\"@id\":\"https:\/\/www.bergmanlabora.se\/fi\/tuote\/qatm-qcut-200-a\/\",\"url\":\"https:\/\/www.bergmanlabora.se\/fi\/tuote\/qatm-qcut-200-a\/\",\"name\":\"QATM QCUT 200 A - BergmanLabora\",\"isPartOf\":{\"@id\":\"https:\/\/www.bergmanlabora.se\/fi\/#website\"},\"primaryImageOfPage\":{\"@id\":\"https:\/\/www.bergmanlabora.se\/fi\/tuote\/qatm-qcut-200-a\/#primaryimage\"},\"image\":{\"@id\":\"https:\/\/www.bergmanlabora.se\/fi\/tuote\/qatm-qcut-200-a\/#primaryimage\"},\"thumbnailUrl\":\"https:\/\/www.bergmanlabora.se\/wp-content\/uploads\/2025\/04\/QCUT-200-A.webp\",\"datePublished\":\"2025-04-09T10:34:32+00:00\",\"dateModified\":\"2025-05-05T14:08:09+00:00\",\"description\":\"Qcut 200 A \u00e4r en precisionskapmaskin med upp till 3 automatiska axlar f\u00f6r anv\u00e4ndning med kapskivor upp till 203 mm \/ 8'' i storlek.\",\"breadcrumb\":{\"@id\":\"https:\/\/www.bergmanlabora.se\/fi\/tuote\/qatm-qcut-200-a\/#breadcrumb\"},\"inLanguage\":\"fi\",\"potentialAction\":[{\"@type\":\"ReadAction\",\"target\":[\"https:\/\/www.bergmanlabora.se\/fi\/tuote\/qatm-qcut-200-a\/\"]}]},{\"@type\":\"ImageObject\",\"inLanguage\":\"fi\",\"@id\":\"https:\/\/www.bergmanlabora.se\/fi\/tuote\/qatm-qcut-200-a\/#primaryimage\",\"url\":\"https:\/\/www.bergmanlabora.se\/wp-content\/uploads\/2025\/04\/QCUT-200-A.webp\",\"contentUrl\":\"https:\/\/www.bergmanlabora.se\/wp-content\/uploads\/2025\/04\/QCUT-200-A.webp\",\"width\":470,\"height\":470},{\"@type\":\"BreadcrumbList\",\"@id\":\"https:\/\/www.bergmanlabora.se\/fi\/tuote\/qatm-qcut-200-a\/#breadcrumb\",\"itemListElement\":[{\"@type\":\"ListItem\",\"position\":1,\"name\":\"Helma\",\"item\":\"https:\/\/www.bergmanlabora.se\/fi\/maailman-johtavat-laboratoriolaitteet-biotieteille-ja-teollisuudelle\/\"},{\"@type\":\"ListItem\",\"position\":2,\"name\":\"Webbutik\",\"item\":\"https:\/\/www.bergmanlabora.se\/webbutik\/\"},{\"@type\":\"ListItem\",\"position\":3,\"name\":\"QATM QCUT 200 A\"}]},{\"@type\":\"WebSite\",\"@id\":\"https:\/\/www.bergmanlabora.se\/fi\/#website\",\"url\":\"https:\/\/www.bergmanlabora.se\/fi\/\",\"name\":\"BergmanLabora\",\"description\":\"En av Sveriges ledande leverant\u00f6rer till den svenska laboratoriemarknaden\",\"potentialAction\":[{\"@type\":\"SearchAction\",\"target\":{\"@type\":\"EntryPoint\",\"urlTemplate\":\"https:\/\/www.bergmanlabora.se\/fi\/?s={search_term_string}\"},\"query-input\":{\"@type\":\"PropertyValueSpecification\",\"valueRequired\":true,\"valueName\":\"search_term_string\"}}],\"inLanguage\":\"fi\"}]}<\/script>\n<!-- \/ Yoast SEO plugin. -->","yoast_head_json":{"title":"QATM QCUT 200 A - BergmanLabora","description":"Qcut 200 A \u00e4r en precisionskapmaskin med upp till 3 automatiska axlar f\u00f6r anv\u00e4ndning med kapskivor upp till 203 mm \/ 8'' i storlek.","robots":{"index":"index","follow":"follow","max-snippet":"max-snippet:-1","max-image-preview":"max-image-preview:large","max-video-preview":"max-video-preview:-1"},"canonical":"https:\/\/www.bergmanlabora.se\/fi\/tuote\/qatm-qcut-200-a\/","og_locale":"fi_FI","og_type":"article","og_title":"QATM QCUT 200 A - BergmanLabora","og_description":"Qcut 200 A \u00e4r en precisionskapmaskin med upp till 3 automatiska axlar f\u00f6r anv\u00e4ndning med kapskivor upp till 203 mm \/ 8'' i storlek.","og_url":"https:\/\/www.bergmanlabora.se\/fi\/tuote\/qatm-qcut-200-a\/","og_site_name":"BergmanLabora","article_publisher":"https:\/\/www.facebook.com\/bergmanlabora\/","article_modified_time":"2025-05-05T14:08:09+00:00","og_image":[{"width":470,"height":470,"url":"https:\/\/www.bergmanlabora.se\/wp-content\/uploads\/2025\/04\/QCUT-200-A.webp","type":"image\/webp"}],"twitter_card":"summary_large_image","twitter_misc":{"Arvioitu lukuaika":"1 minuutti"},"schema":{"@context":"https:\/\/schema.org","@graph":[{"@type":"WebPage","@id":"https:\/\/www.bergmanlabora.se\/fi\/tuote\/qatm-qcut-200-a\/","url":"https:\/\/www.bergmanlabora.se\/fi\/tuote\/qatm-qcut-200-a\/","name":"QATM QCUT 200 A - BergmanLabora","isPartOf":{"@id":"https:\/\/www.bergmanlabora.se\/fi\/#website"},"primaryImageOfPage":{"@id":"https:\/\/www.bergmanlabora.se\/fi\/tuote\/qatm-qcut-200-a\/#primaryimage"},"image":{"@id":"https:\/\/www.bergmanlabora.se\/fi\/tuote\/qatm-qcut-200-a\/#primaryimage"},"thumbnailUrl":"https:\/\/www.bergmanlabora.se\/wp-content\/uploads\/2025\/04\/QCUT-200-A.webp","datePublished":"2025-04-09T10:34:32+00:00","dateModified":"2025-05-05T14:08:09+00:00","description":"Qcut 200 A \u00e4r en precisionskapmaskin med upp till 3 automatiska axlar f\u00f6r anv\u00e4ndning med kapskivor upp till 203 mm \/ 8'' i storlek.","breadcrumb":{"@id":"https:\/\/www.bergmanlabora.se\/fi\/tuote\/qatm-qcut-200-a\/#breadcrumb"},"inLanguage":"fi","potentialAction":[{"@type":"ReadAction","target":["https:\/\/www.bergmanlabora.se\/fi\/tuote\/qatm-qcut-200-a\/"]}]},{"@type":"ImageObject","inLanguage":"fi","@id":"https:\/\/www.bergmanlabora.se\/fi\/tuote\/qatm-qcut-200-a\/#primaryimage","url":"https:\/\/www.bergmanlabora.se\/wp-content\/uploads\/2025\/04\/QCUT-200-A.webp","contentUrl":"https:\/\/www.bergmanlabora.se\/wp-content\/uploads\/2025\/04\/QCUT-200-A.webp","width":470,"height":470},{"@type":"BreadcrumbList","@id":"https:\/\/www.bergmanlabora.se\/fi\/tuote\/qatm-qcut-200-a\/#breadcrumb","itemListElement":[{"@type":"ListItem","position":1,"name":"Helma","item":"https:\/\/www.bergmanlabora.se\/fi\/maailman-johtavat-laboratoriolaitteet-biotieteille-ja-teollisuudelle\/"},{"@type":"ListItem","position":2,"name":"Webbutik","item":"https:\/\/www.bergmanlabora.se\/webbutik\/"},{"@type":"ListItem","position":3,"name":"QATM QCUT 200 A"}]},{"@type":"WebSite","@id":"https:\/\/www.bergmanlabora.se\/fi\/#website","url":"https:\/\/www.bergmanlabora.se\/fi\/","name":"BergmanLabora","description":"En av Sveriges ledande leverant\u00f6rer till den svenska laboratoriemarknaden","potentialAction":[{"@type":"SearchAction","target":{"@type":"EntryPoint","urlTemplate":"https:\/\/www.bergmanlabora.se\/fi\/?s={search_term_string}"},"query-input":{"@type":"PropertyValueSpecification","valueRequired":true,"valueName":"search_term_string"}}],"inLanguage":"fi"}]}},"_links":{"self":[{"href":"https:\/\/www.bergmanlabora.se\/fi\/wp-json\/wp\/v2\/product\/9139","targetHints":{"allow":["GET"]}}],"collection":[{"href":"https:\/\/www.bergmanlabora.se\/fi\/wp-json\/wp\/v2\/product"}],"about":[{"href":"https:\/\/www.bergmanlabora.se\/fi\/wp-json\/wp\/v2\/types\/product"}],"wp:featuredmedia":[{"embeddable":true,"href":"https:\/\/www.bergmanlabora.se\/fi\/wp-json\/wp\/v2\/media\/9140"}],"wp:attachment":[{"href":"https:\/\/www.bergmanlabora.se\/fi\/wp-json\/wp\/v2\/media?parent=9139"}],"wp:term":[{"taxonomy":"product_brand","embeddable":true,"href":"https:\/\/www.bergmanlabora.se\/fi\/wp-json\/wp\/v2\/product_brand?post=9139"},{"taxonomy":"product_cat","embeddable":true,"href":"https:\/\/www.bergmanlabora.se\/fi\/wp-json\/wp\/v2\/product_cat?post=9139"},{"taxonomy":"product_tag","embeddable":true,"href":"https:\/\/www.bergmanlabora.se\/fi\/wp-json\/wp\/v2\/product_tag?post=9139"}],"curies":[{"name":"wp","href":"https:\/\/api.w.org\/{rel}","templated":true}]}}