{"id":750,"date":"2021-04-27T10:44:52","date_gmt":"2021-04-27T08:44:52","guid":{"rendered":"https:\/\/www.stage.bergmanlabora.se\/produkt\/integra-vacusafe\/"},"modified":"2026-01-21T15:21:34","modified_gmt":"2026-01-21T14:21:34","slug":"integra-vacusafe","status":"publish","type":"product","link":"https:\/\/www.bergmanlabora.se\/fi\/tuote\/integra-vacusafe\/","title":{"rendered":"INTEGRA Vacusafe"},"content":{"rendered":"<p>Vakuumsystem som i stor utstr\u00e4ckning anv\u00e4nds i cell-laboratorier f\u00f6r aspiration och uppsamling av avfallsv\u00e4tskor.<\/p>\n<h3>Vakuumsugen Vacusafe finns i tre olika utf\u00f6randen:<\/h3>\n<p><strong>1. Vacusafe standard<\/strong><\/p>\n<ul>\n<li>Handkontrollen Vacuboy ing\u00e5r och kommer med adapter f\u00f6r rostfri n\u00e5l, eng\u00e5ngsspets, pasteurpipett och m\u00e4tpipett.<\/li>\n<li>Kan anv\u00e4ndas till aspiration av b\u00e5de v\u00e4tskor och till filtrering.<\/li>\n<li>Stegl\u00f6s \u00e4ndring av vakuumet fr\u00e5n -300 till -600 mbar 4-liters polypropylen flaska.<\/li>\n<li>Flaska och slangar kan autoklaveras.<\/li>\n<li>Hydrofobiskt filter f\u00f6r att skydda vakuumk\u00e4llan.<\/li>\n<\/ul>\n<p><strong>2. Vacusafe comfort med snabbkopplingar och niv\u00e5avk\u00e4nning<\/strong><\/p>\n<p>Den h\u00e4r modellen har standardutf\u00f6rande med f\u00f6ljande till\u00e4gg:<\/p>\n<ul>\n<li>Snabbkopplingar - f\u00f6r att l\u00e4tt kunna byta flaska vid stora volymer.<\/li>\n<li>Niv\u00e5avk\u00e4nning som f\u00f6rhindrar \u00f6verfyllning av flaska.<\/li>\n<li>Vacusafe st\u00e4ngs av och larmar n\u00e4r flaskan \u00e4r full.<\/li>\n<\/ul>\n<p><strong>3. Vacusafe comfort med 3-liters glasflaska, snabbkopplingar och niv\u00e5avk\u00e4nning<\/strong><\/p>\n<p>Den h\u00e4r modellen har standardutf\u00f6rande med f\u00f6ljande till\u00e4gg:<\/p>\n<ul>\n<li>3-liters glasflaska f\u00f6r snabb autoklavering, 20 min vid 121\u00b0C.<\/li>\n<li>Snabbkopplingar- f\u00f6r att l\u00e4tt kunna byta flaska vid stora volymer.<\/li>\n<li>Niv\u00e5avk\u00e4nning som f\u00f6rhindrar \u00f6verfyllning av flaska.<\/li>\n<li>Vacusafe st\u00e4ngs av och larmar n\u00e4r flaskan \u00e4r full.<\/li>\n<\/ul>\n<p>&nbsp;<\/p>\n<h3>Kontakta produktspecialist:<\/h3>\n<td><img decoding=\"async\" class=\"alignnone size-full wp-image-943 lazyload\" data-src=\"https:\/\/www.bergmanlabora.se\/wp-content\/uploads\/2021\/06\/Urban.png\" alt=\"\" width=\"200\" height=\"200\" src=\"data:image\/svg+xml;base64,PHN2ZyB3aWR0aD0iMSIgaGVpZ2h0PSIxIiB4bWxucz0iaHR0cDovL3d3dy53My5vcmcvMjAwMC9zdmciPjwvc3ZnPg==\" style=\"--smush-placeholder-width: 200px; --smush-placeholder-aspect-ratio: 200\/200;\" \/><\/p>\n<p><strong>Urban George<\/strong><br \/>\nUrban.george@bergmanlabora.se<br \/>\nTel: 08-625 18 12<\/td>\n<\/tr>\n<\/tbody>\n<\/table>\n","protected":false},"excerpt":{"rendered":"<p>Vakuumsystem som i stor utstr\u00e4ckning anv\u00e4nds i cell-laboratorier f\u00f6r uppsamling av kontaminerade v\u00e4tskor. Vakuumsugen Vacusafe finns i tre olika utf\u00f6randen: Vacusafe standard, Vacusafe comfort med snabbkopplingar och niv\u00e5avk\u00e4nning samt Vacusafe comfort med 3-liters glasflaska, snabbkopplingar och niv\u00e5avk\u00e4nning<\/p>\n","protected":false},"featured_media":1495,"template":"","meta":[],"product_brand":[],"product_cat":[136,71,135,54,55],"product_tag":[],"class_list":{"0":"post-750","1":"product","2":"type-product","3":"status-publish","4":"has-post-thumbnail","6":"product_cat-industri-materialanalys","7":"product_cat-integra","8":"product_cat-lifescience-kliniska-applikationer","9":"product_cat-pumpar","10":"product_cat-vakuumpump","12":"first","13":"instock","14":"shipping-taxable","15":"purchasable","16":"product-type-simple"},"yoast_head":"<!-- This site is optimized with the Yoast SEO plugin v27.2 - https:\/\/yoast.com\/product\/yoast-seo-wordpress\/ -->\n<title>INTEGRA Vacusafe - BergmanLabora<\/title>\n<meta name=\"robots\" content=\"index, follow, max-snippet:-1, max-image-preview:large, max-video-preview:-1\" \/>\n<link rel=\"canonical\" href=\"https:\/\/www.bergmanlabora.se\/fi\/tuote\/integra-vacusafe\/\" \/>\n<meta property=\"og:locale\" content=\"fi_FI\" \/>\n<meta property=\"og:type\" content=\"article\" \/>\n<meta property=\"og:title\" content=\"INTEGRA Vacusafe - BergmanLabora\" \/>\n<meta property=\"og:description\" content=\"Vakuumsystem som i stor utstr\u00e4ckning anv\u00e4nds i cell-laboratorier f\u00f6r uppsamling av kontaminerade v\u00e4tskor. Vakuumsugen Vacusafe finns i tre olika utf\u00f6randen: Vacusafe standard, Vacusafe comfort med snabbkopplingar och niv\u00e5avk\u00e4nning samt Vacusafe comfort med 3-liters glasflaska, snabbkopplingar och niv\u00e5avk\u00e4nning\" \/>\n<meta property=\"og:url\" content=\"https:\/\/www.bergmanlabora.se\/fi\/tuote\/integra-vacusafe\/\" \/>\n<meta property=\"og:site_name\" content=\"BergmanLabora\" \/>\n<meta property=\"article:publisher\" content=\"https:\/\/www.facebook.com\/bergmanlabora\/\" \/>\n<meta property=\"article:modified_time\" content=\"2026-01-21T14:21:34+00:00\" \/>\n<meta property=\"og:image\" content=\"https:\/\/www.bergmanlabora.se\/wp-content\/uploads\/2021\/04\/ANT01-4.jpg\" \/>\n\t<meta property=\"og:image:width\" content=\"800\" \/>\n\t<meta property=\"og:image:height\" content=\"800\" \/>\n\t<meta property=\"og:image:type\" content=\"image\/jpeg\" \/>\n<meta name=\"twitter:card\" content=\"summary_large_image\" \/>\n<meta name=\"twitter:label1\" content=\"Arvioitu lukuaika\" \/>\n\t<meta name=\"twitter:data1\" content=\"2 minuuttia\" \/>\n<script type=\"application\/ld+json\" class=\"yoast-schema-graph\">{\"@context\":\"https:\/\/schema.org\",\"@graph\":[{\"@type\":\"WebPage\",\"@id\":\"https:\/\/www.bergmanlabora.se\/fi\/tuote\/integra-vacusafe\/\",\"url\":\"https:\/\/www.bergmanlabora.se\/fi\/tuote\/integra-vacusafe\/\",\"name\":\"INTEGRA Vacusafe - BergmanLabora\",\"isPartOf\":{\"@id\":\"https:\/\/www.bergmanlabora.se\/fi\/#website\"},\"primaryImageOfPage\":{\"@id\":\"https:\/\/www.bergmanlabora.se\/fi\/tuote\/integra-vacusafe\/#primaryimage\"},\"image\":{\"@id\":\"https:\/\/www.bergmanlabora.se\/fi\/tuote\/integra-vacusafe\/#primaryimage\"},\"thumbnailUrl\":\"https:\/\/www.bergmanlabora.se\/wp-content\/uploads\/2021\/04\/ANT01-4.jpg\",\"datePublished\":\"2021-04-27T08:44:52+00:00\",\"dateModified\":\"2026-01-21T14:21:34+00:00\",\"breadcrumb\":{\"@id\":\"https:\/\/www.bergmanlabora.se\/fi\/tuote\/integra-vacusafe\/#breadcrumb\"},\"inLanguage\":\"fi\",\"potentialAction\":[{\"@type\":\"ReadAction\",\"target\":[\"https:\/\/www.bergmanlabora.se\/fi\/tuote\/integra-vacusafe\/\"]}]},{\"@type\":\"ImageObject\",\"inLanguage\":\"fi\",\"@id\":\"https:\/\/www.bergmanlabora.se\/fi\/tuote\/integra-vacusafe\/#primaryimage\",\"url\":\"https:\/\/www.bergmanlabora.se\/wp-content\/uploads\/2021\/04\/ANT01-4.jpg\",\"contentUrl\":\"https:\/\/www.bergmanlabora.se\/wp-content\/uploads\/2021\/04\/ANT01-4.jpg\",\"width\":800,\"height\":800,\"caption\":\"INTEGRA Vacusafe\"},{\"@type\":\"BreadcrumbList\",\"@id\":\"https:\/\/www.bergmanlabora.se\/fi\/tuote\/integra-vacusafe\/#breadcrumb\",\"itemListElement\":[{\"@type\":\"ListItem\",\"position\":1,\"name\":\"Helma\",\"item\":\"https:\/\/www.bergmanlabora.se\/fi\/maailman-johtavat-laboratoriolaitteet-biotieteille-ja-teollisuudelle\/\"},{\"@type\":\"ListItem\",\"position\":2,\"name\":\"Webbutik\",\"item\":\"https:\/\/www.bergmanlabora.se\/webbutik\/\"},{\"@type\":\"ListItem\",\"position\":3,\"name\":\"INTEGRA Vacusafe\"}]},{\"@type\":\"WebSite\",\"@id\":\"https:\/\/www.bergmanlabora.se\/fi\/#website\",\"url\":\"https:\/\/www.bergmanlabora.se\/fi\/\",\"name\":\"BergmanLabora\",\"description\":\"En av Sveriges ledande leverant\u00f6rer till den svenska laboratoriemarknaden\",\"potentialAction\":[{\"@type\":\"SearchAction\",\"target\":{\"@type\":\"EntryPoint\",\"urlTemplate\":\"https:\/\/www.bergmanlabora.se\/fi\/?s={search_term_string}\"},\"query-input\":{\"@type\":\"PropertyValueSpecification\",\"valueRequired\":true,\"valueName\":\"search_term_string\"}}],\"inLanguage\":\"fi\"}]}<\/script>\n<!-- \/ Yoast SEO plugin. -->","yoast_head_json":{"title":"INTEGRA Vacusafe - BergmanLabora","robots":{"index":"index","follow":"follow","max-snippet":"max-snippet:-1","max-image-preview":"max-image-preview:large","max-video-preview":"max-video-preview:-1"},"canonical":"https:\/\/www.bergmanlabora.se\/fi\/tuote\/integra-vacusafe\/","og_locale":"fi_FI","og_type":"article","og_title":"INTEGRA Vacusafe - BergmanLabora","og_description":"Vakuumsystem som i stor utstr\u00e4ckning anv\u00e4nds i cell-laboratorier f\u00f6r uppsamling av kontaminerade v\u00e4tskor. Vakuumsugen Vacusafe finns i tre olika utf\u00f6randen: Vacusafe standard, Vacusafe comfort med snabbkopplingar och niv\u00e5avk\u00e4nning samt Vacusafe comfort med 3-liters glasflaska, snabbkopplingar och niv\u00e5avk\u00e4nning","og_url":"https:\/\/www.bergmanlabora.se\/fi\/tuote\/integra-vacusafe\/","og_site_name":"BergmanLabora","article_publisher":"https:\/\/www.facebook.com\/bergmanlabora\/","article_modified_time":"2026-01-21T14:21:34+00:00","og_image":[{"width":800,"height":800,"url":"https:\/\/www.bergmanlabora.se\/wp-content\/uploads\/2021\/04\/ANT01-4.jpg","type":"image\/jpeg"}],"twitter_card":"summary_large_image","twitter_misc":{"Arvioitu lukuaika":"2 minuuttia"},"schema":{"@context":"https:\/\/schema.org","@graph":[{"@type":"WebPage","@id":"https:\/\/www.bergmanlabora.se\/fi\/tuote\/integra-vacusafe\/","url":"https:\/\/www.bergmanlabora.se\/fi\/tuote\/integra-vacusafe\/","name":"INTEGRA Vacusafe - BergmanLabora","isPartOf":{"@id":"https:\/\/www.bergmanlabora.se\/fi\/#website"},"primaryImageOfPage":{"@id":"https:\/\/www.bergmanlabora.se\/fi\/tuote\/integra-vacusafe\/#primaryimage"},"image":{"@id":"https:\/\/www.bergmanlabora.se\/fi\/tuote\/integra-vacusafe\/#primaryimage"},"thumbnailUrl":"https:\/\/www.bergmanlabora.se\/wp-content\/uploads\/2021\/04\/ANT01-4.jpg","datePublished":"2021-04-27T08:44:52+00:00","dateModified":"2026-01-21T14:21:34+00:00","breadcrumb":{"@id":"https:\/\/www.bergmanlabora.se\/fi\/tuote\/integra-vacusafe\/#breadcrumb"},"inLanguage":"fi","potentialAction":[{"@type":"ReadAction","target":["https:\/\/www.bergmanlabora.se\/fi\/tuote\/integra-vacusafe\/"]}]},{"@type":"ImageObject","inLanguage":"fi","@id":"https:\/\/www.bergmanlabora.se\/fi\/tuote\/integra-vacusafe\/#primaryimage","url":"https:\/\/www.bergmanlabora.se\/wp-content\/uploads\/2021\/04\/ANT01-4.jpg","contentUrl":"https:\/\/www.bergmanlabora.se\/wp-content\/uploads\/2021\/04\/ANT01-4.jpg","width":800,"height":800,"caption":"INTEGRA Vacusafe"},{"@type":"BreadcrumbList","@id":"https:\/\/www.bergmanlabora.se\/fi\/tuote\/integra-vacusafe\/#breadcrumb","itemListElement":[{"@type":"ListItem","position":1,"name":"Helma","item":"https:\/\/www.bergmanlabora.se\/fi\/maailman-johtavat-laboratoriolaitteet-biotieteille-ja-teollisuudelle\/"},{"@type":"ListItem","position":2,"name":"Webbutik","item":"https:\/\/www.bergmanlabora.se\/webbutik\/"},{"@type":"ListItem","position":3,"name":"INTEGRA Vacusafe"}]},{"@type":"WebSite","@id":"https:\/\/www.bergmanlabora.se\/fi\/#website","url":"https:\/\/www.bergmanlabora.se\/fi\/","name":"BergmanLabora","description":"En av Sveriges ledande leverant\u00f6rer till den svenska laboratoriemarknaden","potentialAction":[{"@type":"SearchAction","target":{"@type":"EntryPoint","urlTemplate":"https:\/\/www.bergmanlabora.se\/fi\/?s={search_term_string}"},"query-input":{"@type":"PropertyValueSpecification","valueRequired":true,"valueName":"search_term_string"}}],"inLanguage":"fi"}]}},"_links":{"self":[{"href":"https:\/\/www.bergmanlabora.se\/fi\/wp-json\/wp\/v2\/product\/750","targetHints":{"allow":["GET"]}}],"collection":[{"href":"https:\/\/www.bergmanlabora.se\/fi\/wp-json\/wp\/v2\/product"}],"about":[{"href":"https:\/\/www.bergmanlabora.se\/fi\/wp-json\/wp\/v2\/types\/product"}],"wp:featuredmedia":[{"embeddable":true,"href":"https:\/\/www.bergmanlabora.se\/fi\/wp-json\/wp\/v2\/media\/1495"}],"wp:attachment":[{"href":"https:\/\/www.bergmanlabora.se\/fi\/wp-json\/wp\/v2\/media?parent=750"}],"wp:term":[{"taxonomy":"product_brand","embeddable":true,"href":"https:\/\/www.bergmanlabora.se\/fi\/wp-json\/wp\/v2\/product_brand?post=750"},{"taxonomy":"product_cat","embeddable":true,"href":"https:\/\/www.bergmanlabora.se\/fi\/wp-json\/wp\/v2\/product_cat?post=750"},{"taxonomy":"product_tag","embeddable":true,"href":"https:\/\/www.bergmanlabora.se\/fi\/wp-json\/wp\/v2\/product_tag?post=750"}],"curies":[{"name":"wp","href":"https:\/\/api.w.org\/{rel}","templated":true}]}}