{"id":726,"date":"2021-04-27T10:44:48","date_gmt":"2021-04-27T08:44:48","guid":{"rendered":"https:\/\/www.stage.bergmanlabora.se\/produkt\/nikon-xt-v-130\/"},"modified":"2023-12-08T13:35:40","modified_gmt":"2023-12-08T12:35:40","slug":"nikon-xt-v-serie","status":"publish","type":"product","link":"https:\/\/www.bergmanlabora.se\/fi\/tuote\/nikon-xt-v-serie\/","title":{"rendered":"Nikon XT V Serie"},"content":{"rendered":"<h3>V\u00e4rldsledande r\u00f6ntgen och CT-inspektion<\/h3>\n<p>XT V 160 \u00e4r specifikt utformad f\u00f6r anv\u00e4ndning i produktionslinjer och laboratorier f\u00f6r felanalys. Med en precisions-joystick styr systemanv\u00e4ndaren den 5-axlade provmanipulatorn. R\u00f6ntgen i realtid l\u00e5ter anv\u00e4ndare intuitivt navigera \u00f6ver komplexa kretskort och elektroniska komponenter och snabbt sp\u00e5ra defekter. I automatiserat inspektionsl\u00e4ge kan prover inspekteras med den h\u00f6gsta kapaciteten.<\/p>\n<ul>\n<li>Marknadsledande mikrofokusteknik<\/li>\n<li>Snabb automatiserad komponentkontroll genom anpassningsbara makron<\/li>\n<li>Intuitiv kontroll med joystick visar r\u00f6ntgenbilder i realtid<\/li>\n<li>L\u00e5ga drifts- och underh\u00e5llskostnader.<\/li>\n<li>CT och X.Tract (laminografi) redo<\/li>\n<\/ul>\n<p>&nbsp;<\/p>\n<p><a href=\"https:\/\/www.bergmanlabora.se\/wp-content\/uploads\/2021\/04\/x-ray-10-e1622037937932.jpg\"><img decoding=\"async\" class=\"alignnone wp-image-1947 lazyload\" data-src=\"https:\/\/www.bergmanlabora.se\/wp-content\/uploads\/2021\/04\/x-ray-10-e1622037937932.jpg\" alt=\"\" width=\"941\" height=\"576\" data-srcset=\"https:\/\/www.bergmanlabora.se\/wp-content\/uploads\/2021\/04\/x-ray-10-e1622037937932-200x123.jpg 200w, https:\/\/www.bergmanlabora.se\/wp-content\/uploads\/2021\/04\/x-ray-10-e1622037937932-300x184.jpg 300w, https:\/\/www.bergmanlabora.se\/wp-content\/uploads\/2021\/04\/x-ray-10-e1622037937932-400x245.jpg 400w, https:\/\/www.bergmanlabora.se\/wp-content\/uploads\/2021\/04\/x-ray-10-e1622037937932-500x306.jpg 500w, https:\/\/www.bergmanlabora.se\/wp-content\/uploads\/2021\/04\/x-ray-10-e1622037937932-600x368.jpg 600w, https:\/\/www.bergmanlabora.se\/wp-content\/uploads\/2021\/04\/x-ray-10-e1622037937932-700x429.jpg 700w, https:\/\/www.bergmanlabora.se\/wp-content\/uploads\/2021\/04\/x-ray-10-e1622037937932-768x470.jpg 768w, https:\/\/www.bergmanlabora.se\/wp-content\/uploads\/2021\/04\/x-ray-10-e1622037937932.jpg 800w\" data-sizes=\"(max-width: 941px) 100vw, 941px\" src=\"data:image\/svg+xml;base64,PHN2ZyB3aWR0aD0iMSIgaGVpZ2h0PSIxIiB4bWxucz0iaHR0cDovL3d3dy53My5vcmcvMjAwMC9zdmciPjwvc3ZnPg==\" style=\"--smush-placeholder-width: 941px; --smush-placeholder-aspect-ratio: 941\/576;\" \/><\/a><\/p>\n<p>&nbsp;<\/p>\n<h3>Kontakta produktspecialist:<\/h3>\n<p><img decoding=\"async\" class=\"alignnone size-full wp-image-943 lazyload\" data-src=\"https:\/\/www.bergmanlabora.se\/wp-content\/uploads\/2021\/05\/Johan.png\" alt=\"\" width=\"200\" height=\"200\" src=\"data:image\/svg+xml;base64,PHN2ZyB3aWR0aD0iMSIgaGVpZ2h0PSIxIiB4bWxucz0iaHR0cDovL3d3dy53My5vcmcvMjAwMC9zdmciPjwvc3ZnPg==\" style=\"--smush-placeholder-width: 200px; --smush-placeholder-aspect-ratio: 200\/200;\" \/><\/p>\n<p><strong>Johan Sternemalm<\/strong><br \/>\njohan.sternemalm@bergmanlabora.se<br \/>\nTel: 031-10 54 40<\/p>\n","protected":false},"excerpt":{"rendered":"<p>Nikons XT V serie best\u00e5r av v\u00e4rldsledande r\u00f6ntgen och CT inspektion f\u00f6r elektronik (PCB, BGA och chip design) och andra komponenter f\u00f6r ett brett spektrum av anv\u00e4ndningsomr\u00e5den.<\/p>\n","protected":false},"featured_media":1950,"template":"","meta":[],"product_brand":[],"product_cat":[42,45,136,19],"product_tag":[],"class_list":{"0":"post-726","1":"product","2":"type-product","3":"status-publish","4":"has-post-thumbnail","6":"product_cat-datortomografi-och-rontgeninspektion","7":"product_cat-elektronik-inspektion","8":"product_cat-industri-materialanalys","9":"product_cat-nikon","11":"first","12":"instock","13":"shipping-taxable","14":"purchasable","15":"product-type-simple"},"yoast_head":"<!-- This site is optimized with the Yoast SEO plugin v27.2 - https:\/\/yoast.com\/product\/yoast-seo-wordpress\/ -->\n<title>Nikon XT V Serie - BergmanLabora<\/title>\n<meta name=\"description\" content=\"Nikons XT V serie best\u00e5r av v\u00e4rldsledande r\u00f6ntgen och CT inspektion f\u00f6r elektronik och andra komponenter f\u00f6r ett brett spektrum av anv\u00e4ndningsomr\u00e5den\" \/>\n<meta name=\"robots\" content=\"index, follow, max-snippet:-1, max-image-preview:large, max-video-preview:-1\" \/>\n<link rel=\"canonical\" href=\"https:\/\/www.bergmanlabora.se\/fi\/tuote\/nikon-xt-v-serie\/\" \/>\n<meta property=\"og:locale\" content=\"fi_FI\" \/>\n<meta property=\"og:type\" content=\"article\" \/>\n<meta property=\"og:title\" content=\"Nikon XT V Serie - BergmanLabora\" \/>\n<meta property=\"og:description\" content=\"Nikons XT V serie best\u00e5r av v\u00e4rldsledande r\u00f6ntgen och CT inspektion f\u00f6r elektronik och andra komponenter f\u00f6r ett brett spektrum av anv\u00e4ndningsomr\u00e5den\" \/>\n<meta property=\"og:url\" content=\"https:\/\/www.bergmanlabora.se\/fi\/tuote\/nikon-xt-v-serie\/\" \/>\n<meta property=\"og:site_name\" content=\"BergmanLabora\" \/>\n<meta property=\"article:publisher\" content=\"https:\/\/www.facebook.com\/bergmanlabora\/\" \/>\n<meta property=\"article:modified_time\" content=\"2023-12-08T12:35:40+00:00\" \/>\n<meta property=\"og:image\" content=\"https:\/\/www.bergmanlabora.se\/wp-content\/uploads\/2021\/04\/CT06_1.jpg\" \/>\n\t<meta property=\"og:image:width\" content=\"800\" \/>\n\t<meta property=\"og:image:height\" content=\"800\" \/>\n\t<meta property=\"og:image:type\" content=\"image\/jpeg\" \/>\n<meta name=\"twitter:card\" content=\"summary_large_image\" \/>\n<meta name=\"twitter:label1\" content=\"Arvioitu lukuaika\" \/>\n\t<meta name=\"twitter:data1\" content=\"1 minuutti\" \/>\n<script type=\"application\/ld+json\" class=\"yoast-schema-graph\">{\"@context\":\"https:\/\/schema.org\",\"@graph\":[{\"@type\":\"WebPage\",\"@id\":\"https:\/\/www.bergmanlabora.se\/fi\/tuote\/nikon-xt-v-serie\/\",\"url\":\"https:\/\/www.bergmanlabora.se\/fi\/tuote\/nikon-xt-v-serie\/\",\"name\":\"Nikon XT V Serie - BergmanLabora\",\"isPartOf\":{\"@id\":\"https:\/\/www.bergmanlabora.se\/fi\/#website\"},\"primaryImageOfPage\":{\"@id\":\"https:\/\/www.bergmanlabora.se\/fi\/tuote\/nikon-xt-v-serie\/#primaryimage\"},\"image\":{\"@id\":\"https:\/\/www.bergmanlabora.se\/fi\/tuote\/nikon-xt-v-serie\/#primaryimage\"},\"thumbnailUrl\":\"https:\/\/www.bergmanlabora.se\/wp-content\/uploads\/2021\/04\/CT06_1.jpg\",\"datePublished\":\"2021-04-27T08:44:48+00:00\",\"dateModified\":\"2023-12-08T12:35:40+00:00\",\"description\":\"Nikons XT V serie best\u00e5r av v\u00e4rldsledande r\u00f6ntgen och CT inspektion f\u00f6r elektronik och andra komponenter f\u00f6r ett brett spektrum av anv\u00e4ndningsomr\u00e5den\",\"breadcrumb\":{\"@id\":\"https:\/\/www.bergmanlabora.se\/fi\/tuote\/nikon-xt-v-serie\/#breadcrumb\"},\"inLanguage\":\"fi\",\"potentialAction\":[{\"@type\":\"ReadAction\",\"target\":[\"https:\/\/www.bergmanlabora.se\/fi\/tuote\/nikon-xt-v-serie\/\"]}]},{\"@type\":\"ImageObject\",\"inLanguage\":\"fi\",\"@id\":\"https:\/\/www.bergmanlabora.se\/fi\/tuote\/nikon-xt-v-serie\/#primaryimage\",\"url\":\"https:\/\/www.bergmanlabora.se\/wp-content\/uploads\/2021\/04\/CT06_1.jpg\",\"contentUrl\":\"https:\/\/www.bergmanlabora.se\/wp-content\/uploads\/2021\/04\/CT06_1.jpg\",\"width\":800,\"height\":800,\"caption\":\"Datortomografi CT r\u00f6ntgeninspektion Nikon XT V 130\"},{\"@type\":\"BreadcrumbList\",\"@id\":\"https:\/\/www.bergmanlabora.se\/fi\/tuote\/nikon-xt-v-serie\/#breadcrumb\",\"itemListElement\":[{\"@type\":\"ListItem\",\"position\":1,\"name\":\"Helma\",\"item\":\"https:\/\/www.bergmanlabora.se\/fi\/maailman-johtavat-laboratoriolaitteet-biotieteille-ja-teollisuudelle\/\"},{\"@type\":\"ListItem\",\"position\":2,\"name\":\"Webbutik\",\"item\":\"https:\/\/www.bergmanlabora.se\/webbutik\/\"},{\"@type\":\"ListItem\",\"position\":3,\"name\":\"Nikon XT V Serie\"}]},{\"@type\":\"WebSite\",\"@id\":\"https:\/\/www.bergmanlabora.se\/fi\/#website\",\"url\":\"https:\/\/www.bergmanlabora.se\/fi\/\",\"name\":\"BergmanLabora\",\"description\":\"En av Sveriges ledande leverant\u00f6rer till den svenska laboratoriemarknaden\",\"potentialAction\":[{\"@type\":\"SearchAction\",\"target\":{\"@type\":\"EntryPoint\",\"urlTemplate\":\"https:\/\/www.bergmanlabora.se\/fi\/?s={search_term_string}\"},\"query-input\":{\"@type\":\"PropertyValueSpecification\",\"valueRequired\":true,\"valueName\":\"search_term_string\"}}],\"inLanguage\":\"fi\"}]}<\/script>\n<!-- \/ Yoast SEO plugin. -->","yoast_head_json":{"title":"Nikon XT V Serie - BergmanLabora","description":"Nikons XT V serie best\u00e5r av v\u00e4rldsledande r\u00f6ntgen och CT inspektion f\u00f6r elektronik och andra komponenter f\u00f6r ett brett spektrum av anv\u00e4ndningsomr\u00e5den","robots":{"index":"index","follow":"follow","max-snippet":"max-snippet:-1","max-image-preview":"max-image-preview:large","max-video-preview":"max-video-preview:-1"},"canonical":"https:\/\/www.bergmanlabora.se\/fi\/tuote\/nikon-xt-v-serie\/","og_locale":"fi_FI","og_type":"article","og_title":"Nikon XT V Serie - BergmanLabora","og_description":"Nikons XT V serie best\u00e5r av v\u00e4rldsledande r\u00f6ntgen och CT inspektion f\u00f6r elektronik och andra komponenter f\u00f6r ett brett spektrum av anv\u00e4ndningsomr\u00e5den","og_url":"https:\/\/www.bergmanlabora.se\/fi\/tuote\/nikon-xt-v-serie\/","og_site_name":"BergmanLabora","article_publisher":"https:\/\/www.facebook.com\/bergmanlabora\/","article_modified_time":"2023-12-08T12:35:40+00:00","og_image":[{"width":800,"height":800,"url":"https:\/\/www.bergmanlabora.se\/wp-content\/uploads\/2021\/04\/CT06_1.jpg","type":"image\/jpeg"}],"twitter_card":"summary_large_image","twitter_misc":{"Arvioitu lukuaika":"1 minuutti"},"schema":{"@context":"https:\/\/schema.org","@graph":[{"@type":"WebPage","@id":"https:\/\/www.bergmanlabora.se\/fi\/tuote\/nikon-xt-v-serie\/","url":"https:\/\/www.bergmanlabora.se\/fi\/tuote\/nikon-xt-v-serie\/","name":"Nikon XT V Serie - BergmanLabora","isPartOf":{"@id":"https:\/\/www.bergmanlabora.se\/fi\/#website"},"primaryImageOfPage":{"@id":"https:\/\/www.bergmanlabora.se\/fi\/tuote\/nikon-xt-v-serie\/#primaryimage"},"image":{"@id":"https:\/\/www.bergmanlabora.se\/fi\/tuote\/nikon-xt-v-serie\/#primaryimage"},"thumbnailUrl":"https:\/\/www.bergmanlabora.se\/wp-content\/uploads\/2021\/04\/CT06_1.jpg","datePublished":"2021-04-27T08:44:48+00:00","dateModified":"2023-12-08T12:35:40+00:00","description":"Nikons XT V serie best\u00e5r av v\u00e4rldsledande r\u00f6ntgen och CT inspektion f\u00f6r elektronik och andra komponenter f\u00f6r ett brett spektrum av anv\u00e4ndningsomr\u00e5den","breadcrumb":{"@id":"https:\/\/www.bergmanlabora.se\/fi\/tuote\/nikon-xt-v-serie\/#breadcrumb"},"inLanguage":"fi","potentialAction":[{"@type":"ReadAction","target":["https:\/\/www.bergmanlabora.se\/fi\/tuote\/nikon-xt-v-serie\/"]}]},{"@type":"ImageObject","inLanguage":"fi","@id":"https:\/\/www.bergmanlabora.se\/fi\/tuote\/nikon-xt-v-serie\/#primaryimage","url":"https:\/\/www.bergmanlabora.se\/wp-content\/uploads\/2021\/04\/CT06_1.jpg","contentUrl":"https:\/\/www.bergmanlabora.se\/wp-content\/uploads\/2021\/04\/CT06_1.jpg","width":800,"height":800,"caption":"Datortomografi CT r\u00f6ntgeninspektion Nikon XT V 130"},{"@type":"BreadcrumbList","@id":"https:\/\/www.bergmanlabora.se\/fi\/tuote\/nikon-xt-v-serie\/#breadcrumb","itemListElement":[{"@type":"ListItem","position":1,"name":"Helma","item":"https:\/\/www.bergmanlabora.se\/fi\/maailman-johtavat-laboratoriolaitteet-biotieteille-ja-teollisuudelle\/"},{"@type":"ListItem","position":2,"name":"Webbutik","item":"https:\/\/www.bergmanlabora.se\/webbutik\/"},{"@type":"ListItem","position":3,"name":"Nikon XT V Serie"}]},{"@type":"WebSite","@id":"https:\/\/www.bergmanlabora.se\/fi\/#website","url":"https:\/\/www.bergmanlabora.se\/fi\/","name":"BergmanLabora","description":"En av Sveriges ledande leverant\u00f6rer till den svenska laboratoriemarknaden","potentialAction":[{"@type":"SearchAction","target":{"@type":"EntryPoint","urlTemplate":"https:\/\/www.bergmanlabora.se\/fi\/?s={search_term_string}"},"query-input":{"@type":"PropertyValueSpecification","valueRequired":true,"valueName":"search_term_string"}}],"inLanguage":"fi"}]}},"_links":{"self":[{"href":"https:\/\/www.bergmanlabora.se\/fi\/wp-json\/wp\/v2\/product\/726","targetHints":{"allow":["GET"]}}],"collection":[{"href":"https:\/\/www.bergmanlabora.se\/fi\/wp-json\/wp\/v2\/product"}],"about":[{"href":"https:\/\/www.bergmanlabora.se\/fi\/wp-json\/wp\/v2\/types\/product"}],"wp:featuredmedia":[{"embeddable":true,"href":"https:\/\/www.bergmanlabora.se\/fi\/wp-json\/wp\/v2\/media\/1950"}],"wp:attachment":[{"href":"https:\/\/www.bergmanlabora.se\/fi\/wp-json\/wp\/v2\/media?parent=726"}],"wp:term":[{"taxonomy":"product_brand","embeddable":true,"href":"https:\/\/www.bergmanlabora.se\/fi\/wp-json\/wp\/v2\/product_brand?post=726"},{"taxonomy":"product_cat","embeddable":true,"href":"https:\/\/www.bergmanlabora.se\/fi\/wp-json\/wp\/v2\/product_cat?post=726"},{"taxonomy":"product_tag","embeddable":true,"href":"https:\/\/www.bergmanlabora.se\/fi\/wp-json\/wp\/v2\/product_tag?post=726"}],"curies":[{"name":"wp","href":"https:\/\/api.w.org\/{rel}","templated":true}]}}