{"id":721,"date":"2021-04-27T10:44:48","date_gmt":"2021-04-27T08:44:48","guid":{"rendered":"https:\/\/www.stage.bergmanlabora.se\/produkt\/nikon-xt-h-225\/"},"modified":"2023-12-08T13:30:29","modified_gmt":"2023-12-08T12:30:29","slug":"nikon-xt-h-serie","status":"publish","type":"product","link":"https:\/\/www.bergmanlabora.se\/fi\/tuote\/nikon-xt-h-serie\/","title":{"rendered":"Nikon XT H Serie"},"content":{"rendered":"<p>Under m\u00e5nga \u00e5r har r\u00f6ntgen CT (datortomografi) anv\u00e4nts i laboratorier f\u00f6r att f\u00e5 en bild av hur insidan ser ut hos prover s\u00e5 som fossil och konstf\u00f6rem\u00e5l. P\u00e5 senare tid har denna anv\u00e4ndbara teknologi hittat in i tillverkningsmilj\u00f6er, d\u00e4r den anv\u00e4nds f\u00f6r kvalitetskontroll. Den kan uppt\u00e4cka icke-destruktiva h\u00e5lrum, grader, sprickor och andra brister i komponenter och enheter, ocks\u00e5 inom additiv tillverkning. R\u00f6ntgen CT fungerar ocks\u00e5 som ett metrologiskt verktyg f\u00f6r att s\u00e4kerst\u00e4lla dimensionell kontroll, b\u00e5de internt och externt, med h\u00f6g noggrannhet.<\/p>\n<p>Tillverkningsindustrin anv\u00e4nder tekniken \u00e4ven i ett tidigare stadium \u00e4n kvalitativ efterkontroll, nu m\u00e4ts objekt \u00e4ven under produktion och processen justeras kontinuerligt i realtid f\u00f6r att f\u00f6rhindra att komponenter faller utanf\u00f6r tolerans. Genom att kombinera unik h\u00e5rdvara med innovativ programvara levererar XT H 225 ST 2x den effektivitet, tillf\u00f6rlitlighet och noggrannhet som kr\u00e4vs f\u00f6r dessa produktionsapplikationer. Styrkan i XT H 225 ST 2x \u00e4r att den kan anv\u00e4ndas i alla steg fr\u00e5n R&amp;D till produktionslinjen och f\u00f6r serietester.<\/p>\n<p>&nbsp;<\/p>\n<h3>Half.Turn CT, snabbare CT analys<\/h3>\n<p>I st\u00e4llet f\u00f6r att rotera provet som unders\u00f6ks 360 grader har Nikon Metrology utformat en metod som g\u00f6r det m\u00f6jligt att erh\u00e5lla tillr\u00e4cklig data genom att rotera provet drygt 180 grader. En CT bild byggs automatiskt upp utan f\u00f6rlust av kvalitet eller noggrannhet med hj\u00e4lp av ungef\u00e4r h\u00e4lften av den datam\u00e4ngd som kr\u00e4vs med konventionell CT.<\/p>\n<p>&nbsp;<\/p>\n<h3>Rotating.Target 2,0<\/h3>\n<p>Nikon Metrology \u00e4r det enda f\u00f6retaget i v\u00e4rlden som levererar ett r\u00f6ntgen-CT-system med en roterande m\u00e5l (target). Andra produkter p\u00e5 marknaden anv\u00e4nder v\u00e4rmeabsorberande material som d\u00e5 kr\u00e4ver nedkylningsperioder och leder till effektbegr\u00e4nsningar. Nikons unika 225 kV roterande m\u00e5l\/target m\u00f6jligg\u00f6r kontinuerlig drift \u00f6ver hela sitt effektomr\u00e5de upp till 450 kV, vilket ger \u00f6verl\u00e4gsen inspektionsproduktivitet. Detta ger 3 g\u00e5nger h\u00f6gre uppl\u00f6sning f\u00f6r samma effekt, eller till\u00e5ter datainsamling 3 - 5x snabbare f\u00f6r samma uppl\u00f6sning.<\/p>\n<p><a href=\"https:\/\/www.bergmanlabora.se\/wp-content\/uploads\/2021\/04\/x-ray-3.jpg\"><img decoding=\"async\" class=\"alignnone wp-image-2094 size-full lazyload\" data-src=\"https:\/\/www.bergmanlabora.se\/wp-content\/uploads\/2021\/04\/x-ray-3-e1622105408619.jpg\" alt=\"\" width=\"800\" height=\"367\" data-srcset=\"https:\/\/www.bergmanlabora.se\/wp-content\/uploads\/2021\/04\/x-ray-3-e1622105408619-500x229.jpg 500w, https:\/\/www.bergmanlabora.se\/wp-content\/uploads\/2021\/04\/x-ray-3-e1622105408619-700x321.jpg 700w, https:\/\/www.bergmanlabora.se\/wp-content\/uploads\/2021\/04\/x-ray-3-e1622105408619.jpg 800w\" data-sizes=\"(max-width: 800px) 100vw, 800px\" src=\"data:image\/svg+xml;base64,PHN2ZyB3aWR0aD0iMSIgaGVpZ2h0PSIxIiB4bWxucz0iaHR0cDovL3d3dy53My5vcmcvMjAwMC9zdmciPjwvc3ZnPg==\" style=\"--smush-placeholder-width: 800px; --smush-placeholder-aspect-ratio: 800\/367;\" \/><\/a><\/p>\n<p>&nbsp;<\/p>\n<h3><\/h3>\n<h3>Auto.Filament Control och Quick.Change<\/h3>\n<p>Med XT H 225 ST 2x beh\u00f6ver anv\u00e4ndaren inte l\u00e4ngre v\u00e4lja mellan filament med h\u00f6g uppl\u00f6sning eller l\u00e5ng livsl\u00e4ngd. Auto.Filament Control styr r\u00f6ntgenk\u00e4llan p\u00e5 ett intelligent s\u00e4tt f\u00f6r att f\u00f6rdubbla gl\u00f6dtr\u00e5dens livsl\u00e4ngd och \u00f6kar p\u00e5 s\u00e5 s\u00e4tt systemtillg\u00e4ngligheten.<br \/>\nN\u00e4r filamentet m\u00e5ste bytas ut minskas stillast\u00e5endet avsev\u00e4rt genom introduktionen av Quick.Change plug-and-play filamentkoppar. Detta praktiska, mycket repeterbara f\u00f6rfarande eliminerar risk f\u00f6r handhavandefel. Dessutom har filamenten f\u00f6rjusterats och konditionerats av Nikon Metrologys r\u00f6ntgeningenj\u00f6rer f\u00f6r att ge optimal prestanda.<\/p>\n<p>&nbsp;<\/p>\n<h3>Local.Calibration, CT-m\u00e4tningar med h\u00f6g noggrannhet<\/h3>\n<p>Local.Calibration m\u00f6jligg\u00f6r snabb, automatiserad kalibrering av voxelstorlek vid vilken CT-skanningsposition som helst, snarare \u00e4n att anv\u00e4ndaren m\u00e5ste utf\u00f6ra funktionen manuellt. Det leder till en radikal f\u00f6rb\u00e4ttring av m\u00e4tnoggrannheten f\u00f6r metrologiapplikationer.<\/p>\n<p>&nbsp;<\/p>\n<p><a href=\"https:\/\/www.bergmanlabora.se\/wp-content\/uploads\/2021\/04\/x-ray-4.jpg\"><img decoding=\"async\" class=\"alignnone wp-image-2096 lazyload\" data-src=\"https:\/\/www.bergmanlabora.se\/wp-content\/uploads\/2021\/04\/x-ray-4-e1622105344382.jpg\" alt=\"\" width=\"941\" height=\"696\" data-srcset=\"https:\/\/www.bergmanlabora.se\/wp-content\/uploads\/2021\/04\/x-ray-4-e1622105344382-200x148.jpg 200w, https:\/\/www.bergmanlabora.se\/wp-content\/uploads\/2021\/04\/x-ray-4-e1622105344382-300x222.jpg 300w, https:\/\/www.bergmanlabora.se\/wp-content\/uploads\/2021\/04\/x-ray-4-e1622105344382-400x296.jpg 400w, https:\/\/www.bergmanlabora.se\/wp-content\/uploads\/2021\/04\/x-ray-4-e1622105344382-500x370.jpg 500w, https:\/\/www.bergmanlabora.se\/wp-content\/uploads\/2021\/04\/x-ray-4-e1622105344382-600x444.jpg 600w, https:\/\/www.bergmanlabora.se\/wp-content\/uploads\/2021\/04\/x-ray-4-e1622105344382-700x518.jpg 700w, https:\/\/www.bergmanlabora.se\/wp-content\/uploads\/2021\/04\/x-ray-4-e1622105344382-768x568.jpg 768w, https:\/\/www.bergmanlabora.se\/wp-content\/uploads\/2021\/04\/x-ray-4-e1622105344382.jpg 800w\" data-sizes=\"(max-width: 941px) 100vw, 941px\" src=\"data:image\/svg+xml;base64,PHN2ZyB3aWR0aD0iMSIgaGVpZ2h0PSIxIiB4bWxucz0iaHR0cDovL3d3dy53My5vcmcvMjAwMC9zdmciPjwvc3ZnPg==\" style=\"--smush-placeholder-width: 941px; --smush-placeholder-aspect-ratio: 941\/696;\" \/><\/a><\/p>\n<p>&nbsp;<\/p>\n<h3>R\u00f6ntgenk\u00e4lla f\u00f6r alla applikationer<\/h3>\n<p>K\u00e4rnan i Nikon Metrologys \u00f6verl\u00e4gsna bildkvalitet \u00e4r en v\u00e4rldsledande teknik inom r\u00f6ntgenk\u00e4llor. D\u00e4r konkurrerande modeller kr\u00e4ver dubbla r\u00f6rkonfigurationer f\u00f6r flexibilitet till\u00e5ter utformningen av Nikons unika interna r\u00f6ntgenk\u00e4lla i XT H 225 ST 2x att upp till fyra m\u00e5lhuvuden passar p\u00e5 samma r\u00f6ntgenr\u00f6rsbas, vilket resulterar i unik flexibilitet och prestanda fr\u00e5n bara ett enda r\u00f6r.<\/p>\n<p>De l\u00e4tt utbytbara r\u00f6ntgenm\u00e5len m\u00f6jligg\u00f6r optimering f\u00f6r ett brett spektrum av prover, fr\u00e5n ett s.k. transmission target med uppl\u00f6sning i sub-micronskala, till ett 225 kV s.k. reflection target (med ett unikt multimetallm\u00e5lalternativ) till v\u00e4rldens enda s.k. rotating target f\u00f6r enast\u00e5ende prestation.<\/p>\n<p>&nbsp;<\/p>\n<h3>Automatisering och integration<\/h3>\n<p>Med XT H-serien kan man f\u00e5 en helt automatiserad produktionslina f\u00f6r att maximera CT-produktiviteten. Arbetsfl\u00f6det f\u00f6r automatiserad produktion \u00e4r helt anpassningsbart med automatisk skanning, rekonstruktion och dataanalys. Med full kontroll genom IPC-kommunikation kan XT H-serien konfigureras med autoladdare och eftermontering av robot f\u00f6r fullt automatiserad lina och s\u00f6ml\u00f6s integration i en produktionslinje.<\/p>\n<p>&nbsp;<\/p>\n<h3>Kontakta produktspecialist<\/h3>\n<p><img decoding=\"async\" class=\"alignnone size-full wp-image-943 lazyload\" data-src=\"https:\/\/www.bergmanlabora.se\/wp-content\/uploads\/2021\/05\/Johan.png\" alt=\"\" width=\"200\" height=\"200\" src=\"data:image\/svg+xml;base64,PHN2ZyB3aWR0aD0iMSIgaGVpZ2h0PSIxIiB4bWxucz0iaHR0cDovL3d3dy53My5vcmcvMjAwMC9zdmciPjwvc3ZnPg==\" style=\"--smush-placeholder-width: 200px; --smush-placeholder-aspect-ratio: 200\/200;\" \/><\/p>\n<p><strong>Johan Sternemalm<\/strong><br \/>\njohan.sternemalm@bergmanlabora.se<br \/>\nTel: 031-10 54 40<\/p>\n","protected":false},"excerpt":{"rendered":"<p>Produktivitet utan kompromisser. Med Nikon XT H Series f\u00e5r du en integration av industriledande egenskaper i ett och samma system. Detta ger en dubblerad datainsamlinghastighet och d\u00e4rf\u00f6r en v\u00e4sentligt \u00f6kad produktivitet. Det \u00e4r resultatet av avancerade detektorer kombinerat med nya funktioner s\u00e5 som Half.Turn CT och Rotating.Target 2.0.<\/p>\n","protected":false},"featured_media":2091,"template":"","meta":[],"product_brand":[],"product_cat":[43,42,136,135,19],"product_tag":[],"class_list":{"0":"post-721","1":"product","2":"type-product","3":"status-publish","4":"has-post-thumbnail","6":"product_cat-datortomografi","7":"product_cat-datortomografi-och-rontgeninspektion","8":"product_cat-industri-materialanalys","9":"product_cat-lifescience-kliniska-applikationer","10":"product_cat-nikon","12":"first","13":"instock","14":"shipping-taxable","15":"purchasable","16":"product-type-simple"},"yoast_head":"<!-- This site is optimized with the Yoast SEO plugin v27.2 - https:\/\/yoast.com\/product\/yoast-seo-wordpress\/ -->\n<title>Nikon XT H Serie - BergmanLabora<\/title>\n<meta name=\"description\" content=\"Produktivitet utan kompromisser. Med Nikon XT H Series f\u00e5r du en integration av industriledande egenskaper i ett och samma system.\" \/>\n<meta name=\"robots\" content=\"index, follow, max-snippet:-1, max-image-preview:large, max-video-preview:-1\" \/>\n<link rel=\"canonical\" href=\"https:\/\/www.bergmanlabora.se\/fi\/tuote\/nikon-xt-h-serie\/\" \/>\n<meta property=\"og:locale\" content=\"fi_FI\" \/>\n<meta property=\"og:type\" content=\"article\" \/>\n<meta property=\"og:title\" content=\"Nikon XT H Serie - BergmanLabora\" \/>\n<meta property=\"og:description\" content=\"Produktivitet utan kompromisser. Med Nikon XT H Series f\u00e5r du en integration av industriledande egenskaper i ett och samma system.\" \/>\n<meta property=\"og:url\" content=\"https:\/\/www.bergmanlabora.se\/fi\/tuote\/nikon-xt-h-serie\/\" \/>\n<meta property=\"og:site_name\" content=\"BergmanLabora\" \/>\n<meta property=\"article:publisher\" content=\"https:\/\/www.facebook.com\/bergmanlabora\/\" \/>\n<meta property=\"article:modified_time\" content=\"2023-12-08T12:30:29+00:00\" \/>\n<meta property=\"og:image\" content=\"https:\/\/www.bergmanlabora.se\/wp-content\/uploads\/2021\/04\/CT02_1.jpg\" \/>\n\t<meta property=\"og:image:width\" content=\"800\" \/>\n\t<meta property=\"og:image:height\" content=\"800\" \/>\n\t<meta property=\"og:image:type\" content=\"image\/jpeg\" \/>\n<meta name=\"twitter:card\" content=\"summary_large_image\" \/>\n<meta name=\"twitter:label1\" content=\"Arvioitu lukuaika\" \/>\n\t<meta name=\"twitter:data1\" content=\"4 minuuttia\" \/>\n<script type=\"application\/ld+json\" class=\"yoast-schema-graph\">{\"@context\":\"https:\/\/schema.org\",\"@graph\":[{\"@type\":\"WebPage\",\"@id\":\"https:\/\/www.bergmanlabora.se\/fi\/tuote\/nikon-xt-h-serie\/\",\"url\":\"https:\/\/www.bergmanlabora.se\/fi\/tuote\/nikon-xt-h-serie\/\",\"name\":\"Nikon XT H Serie - BergmanLabora\",\"isPartOf\":{\"@id\":\"https:\/\/www.bergmanlabora.se\/fi\/#website\"},\"primaryImageOfPage\":{\"@id\":\"https:\/\/www.bergmanlabora.se\/fi\/tuote\/nikon-xt-h-serie\/#primaryimage\"},\"image\":{\"@id\":\"https:\/\/www.bergmanlabora.se\/fi\/tuote\/nikon-xt-h-serie\/#primaryimage\"},\"thumbnailUrl\":\"https:\/\/www.bergmanlabora.se\/wp-content\/uploads\/2021\/04\/CT02_1.jpg\",\"datePublished\":\"2021-04-27T08:44:48+00:00\",\"dateModified\":\"2023-12-08T12:30:29+00:00\",\"description\":\"Produktivitet utan kompromisser. Med Nikon XT H Series f\u00e5r du en integration av industriledande egenskaper i ett och samma system.\",\"breadcrumb\":{\"@id\":\"https:\/\/www.bergmanlabora.se\/fi\/tuote\/nikon-xt-h-serie\/#breadcrumb\"},\"inLanguage\":\"fi\",\"potentialAction\":[{\"@type\":\"ReadAction\",\"target\":[\"https:\/\/www.bergmanlabora.se\/fi\/tuote\/nikon-xt-h-serie\/\"]}]},{\"@type\":\"ImageObject\",\"inLanguage\":\"fi\",\"@id\":\"https:\/\/www.bergmanlabora.se\/fi\/tuote\/nikon-xt-h-serie\/#primaryimage\",\"url\":\"https:\/\/www.bergmanlabora.se\/wp-content\/uploads\/2021\/04\/CT02_1.jpg\",\"contentUrl\":\"https:\/\/www.bergmanlabora.se\/wp-content\/uploads\/2021\/04\/CT02_1.jpg\",\"width\":800,\"height\":800,\"caption\":\"Nikon datortomografi CT r\u00f6ntgen XT H 225 ST 2x\"},{\"@type\":\"BreadcrumbList\",\"@id\":\"https:\/\/www.bergmanlabora.se\/fi\/tuote\/nikon-xt-h-serie\/#breadcrumb\",\"itemListElement\":[{\"@type\":\"ListItem\",\"position\":1,\"name\":\"Helma\",\"item\":\"https:\/\/www.bergmanlabora.se\/fi\/maailman-johtavat-laboratoriolaitteet-biotieteille-ja-teollisuudelle\/\"},{\"@type\":\"ListItem\",\"position\":2,\"name\":\"Webbutik\",\"item\":\"https:\/\/www.bergmanlabora.se\/webbutik\/\"},{\"@type\":\"ListItem\",\"position\":3,\"name\":\"Nikon XT H Serie\"}]},{\"@type\":\"WebSite\",\"@id\":\"https:\/\/www.bergmanlabora.se\/fi\/#website\",\"url\":\"https:\/\/www.bergmanlabora.se\/fi\/\",\"name\":\"BergmanLabora\",\"description\":\"En av Sveriges ledande leverant\u00f6rer till den svenska laboratoriemarknaden\",\"potentialAction\":[{\"@type\":\"SearchAction\",\"target\":{\"@type\":\"EntryPoint\",\"urlTemplate\":\"https:\/\/www.bergmanlabora.se\/fi\/?s={search_term_string}\"},\"query-input\":{\"@type\":\"PropertyValueSpecification\",\"valueRequired\":true,\"valueName\":\"search_term_string\"}}],\"inLanguage\":\"fi\"}]}<\/script>\n<!-- \/ Yoast SEO plugin. -->","yoast_head_json":{"title":"Nikon XT H Serie - BergmanLabora","description":"Produktivitet utan kompromisser. Med Nikon XT H Series f\u00e5r du en integration av industriledande egenskaper i ett och samma system.","robots":{"index":"index","follow":"follow","max-snippet":"max-snippet:-1","max-image-preview":"max-image-preview:large","max-video-preview":"max-video-preview:-1"},"canonical":"https:\/\/www.bergmanlabora.se\/fi\/tuote\/nikon-xt-h-serie\/","og_locale":"fi_FI","og_type":"article","og_title":"Nikon XT H Serie - BergmanLabora","og_description":"Produktivitet utan kompromisser. Med Nikon XT H Series f\u00e5r du en integration av industriledande egenskaper i ett och samma system.","og_url":"https:\/\/www.bergmanlabora.se\/fi\/tuote\/nikon-xt-h-serie\/","og_site_name":"BergmanLabora","article_publisher":"https:\/\/www.facebook.com\/bergmanlabora\/","article_modified_time":"2023-12-08T12:30:29+00:00","og_image":[{"width":800,"height":800,"url":"https:\/\/www.bergmanlabora.se\/wp-content\/uploads\/2021\/04\/CT02_1.jpg","type":"image\/jpeg"}],"twitter_card":"summary_large_image","twitter_misc":{"Arvioitu lukuaika":"4 minuuttia"},"schema":{"@context":"https:\/\/schema.org","@graph":[{"@type":"WebPage","@id":"https:\/\/www.bergmanlabora.se\/fi\/tuote\/nikon-xt-h-serie\/","url":"https:\/\/www.bergmanlabora.se\/fi\/tuote\/nikon-xt-h-serie\/","name":"Nikon XT H Serie - BergmanLabora","isPartOf":{"@id":"https:\/\/www.bergmanlabora.se\/fi\/#website"},"primaryImageOfPage":{"@id":"https:\/\/www.bergmanlabora.se\/fi\/tuote\/nikon-xt-h-serie\/#primaryimage"},"image":{"@id":"https:\/\/www.bergmanlabora.se\/fi\/tuote\/nikon-xt-h-serie\/#primaryimage"},"thumbnailUrl":"https:\/\/www.bergmanlabora.se\/wp-content\/uploads\/2021\/04\/CT02_1.jpg","datePublished":"2021-04-27T08:44:48+00:00","dateModified":"2023-12-08T12:30:29+00:00","description":"Produktivitet utan kompromisser. Med Nikon XT H Series f\u00e5r du en integration av industriledande egenskaper i ett och samma system.","breadcrumb":{"@id":"https:\/\/www.bergmanlabora.se\/fi\/tuote\/nikon-xt-h-serie\/#breadcrumb"},"inLanguage":"fi","potentialAction":[{"@type":"ReadAction","target":["https:\/\/www.bergmanlabora.se\/fi\/tuote\/nikon-xt-h-serie\/"]}]},{"@type":"ImageObject","inLanguage":"fi","@id":"https:\/\/www.bergmanlabora.se\/fi\/tuote\/nikon-xt-h-serie\/#primaryimage","url":"https:\/\/www.bergmanlabora.se\/wp-content\/uploads\/2021\/04\/CT02_1.jpg","contentUrl":"https:\/\/www.bergmanlabora.se\/wp-content\/uploads\/2021\/04\/CT02_1.jpg","width":800,"height":800,"caption":"Nikon datortomografi CT r\u00f6ntgen XT H 225 ST 2x"},{"@type":"BreadcrumbList","@id":"https:\/\/www.bergmanlabora.se\/fi\/tuote\/nikon-xt-h-serie\/#breadcrumb","itemListElement":[{"@type":"ListItem","position":1,"name":"Helma","item":"https:\/\/www.bergmanlabora.se\/fi\/maailman-johtavat-laboratoriolaitteet-biotieteille-ja-teollisuudelle\/"},{"@type":"ListItem","position":2,"name":"Webbutik","item":"https:\/\/www.bergmanlabora.se\/webbutik\/"},{"@type":"ListItem","position":3,"name":"Nikon XT H Serie"}]},{"@type":"WebSite","@id":"https:\/\/www.bergmanlabora.se\/fi\/#website","url":"https:\/\/www.bergmanlabora.se\/fi\/","name":"BergmanLabora","description":"En av Sveriges ledande leverant\u00f6rer till den svenska laboratoriemarknaden","potentialAction":[{"@type":"SearchAction","target":{"@type":"EntryPoint","urlTemplate":"https:\/\/www.bergmanlabora.se\/fi\/?s={search_term_string}"},"query-input":{"@type":"PropertyValueSpecification","valueRequired":true,"valueName":"search_term_string"}}],"inLanguage":"fi"}]}},"_links":{"self":[{"href":"https:\/\/www.bergmanlabora.se\/fi\/wp-json\/wp\/v2\/product\/721","targetHints":{"allow":["GET"]}}],"collection":[{"href":"https:\/\/www.bergmanlabora.se\/fi\/wp-json\/wp\/v2\/product"}],"about":[{"href":"https:\/\/www.bergmanlabora.se\/fi\/wp-json\/wp\/v2\/types\/product"}],"wp:featuredmedia":[{"embeddable":true,"href":"https:\/\/www.bergmanlabora.se\/fi\/wp-json\/wp\/v2\/media\/2091"}],"wp:attachment":[{"href":"https:\/\/www.bergmanlabora.se\/fi\/wp-json\/wp\/v2\/media?parent=721"}],"wp:term":[{"taxonomy":"product_brand","embeddable":true,"href":"https:\/\/www.bergmanlabora.se\/fi\/wp-json\/wp\/v2\/product_brand?post=721"},{"taxonomy":"product_cat","embeddable":true,"href":"https:\/\/www.bergmanlabora.se\/fi\/wp-json\/wp\/v2\/product_cat?post=721"},{"taxonomy":"product_tag","embeddable":true,"href":"https:\/\/www.bergmanlabora.se\/fi\/wp-json\/wp\/v2\/product_tag?post=721"}],"curies":[{"name":"wp","href":"https:\/\/api.w.org\/{rel}","templated":true}]}}