{"id":718,"date":"2021-04-27T10:44:47","date_gmt":"2021-04-27T08:44:47","guid":{"rendered":"https:\/\/www.stage.bergmanlabora.se\/produkt\/nikon-biostudio-t\/"},"modified":"2023-06-19T16:37:07","modified_gmt":"2023-06-19T14:37:07","slug":"nikon-biostudio-t","status":"publish","type":"product","link":"https:\/\/www.bergmanlabora.se\/fi\/tuote\/nikon-biostudio-t\/","title":{"rendered":"Nikon BioStudio-T"},"content":{"rendered":"<p>BioStudio-T erbjuder en unik mikroskopplattform med en station\u00e4r provyta och r\u00f6rlig objektivlins. Denna konfiguration m\u00f6jligg\u00f6r observation av mekaniskt k\u00e4nsliga prover, s\u00e5som stamceller, med minimal st\u00f6rning. Det fasta scenen, skanningslinssystemet ger ocks\u00e5 en \u00f6verl\u00e4gsen l\u00f6sning f\u00f6r l\u00e5ngvarig tidsstudier \u00f6ver stora ytor (tiling). Dessutom m\u00f6jligg\u00f6r den unika provh\u00e5llaren anv\u00e4ndare att ta bort provk\u00e4rlet f\u00f6r medieutbyte under bildrutiner utan att tappa koll p\u00e5 provpositionen. Biostudio T designades speciellt f\u00f6r forskningsapplikationer inom regenerativ medicin och stamcellsbiologi och f\u00f6r anv\u00e4ndning i celltillverkningsanl\u00e4ggningar.<\/p>\n<h3>Kompatibel med olika steriliseringstekniker<\/h3>\n<p>BioStudio-T har en exceptionellt vattent\u00e4t och kemikaliebest\u00e4ndig design. Detta l\u00e4tta att reng\u00f6ra mikroskop kan steriliseras med anv\u00e4ndning av v\u00e4teperoxidgas och \/ eller UV-steriliseringsmetoder. Det kompakta fotavtrycket m\u00f6jligg\u00f6r installation av BioStudio-T i olika isolatorer, inkubatorer och bios\u00e4kerhetssk\u00e5p.<\/p>\n<h3>O\u00f6vertr\u00e4ffad flexibilitet vid stor bildupptagning<\/h3>\n<p>Kompatibel med en m\u00e4ngd olika objektivlinser (faskontrast), plattor med flera brunnar och andra odlingsk\u00e4rl.<\/p>\n<h3>Cellv\u00e4nlig<\/h3>\n<p>Mikroskopets xy-bord \u00e4r helt stillast\u00e5ende under bildupptagning, vilket eliminerar o\u00f6nskade mekaniska st\u00f6rningar i provet. Intern optik flyttar f\u00f6r att ta bilder i olika XY- och Z-positioner. En cellv\u00e4nlig r\u00f6d lysdiod anv\u00e4nds f\u00f6r provbelysning och t\u00e4nds bara under bildupptagning.<\/p>\n<h3>Enkelt gr\u00e4nssnitt<\/h3>\n<p>Observera resultaten fr\u00e5n en persondator med kabelanslutning till stativet och kontrollboxen.<\/p>\n<h3>F\u00f6reslagna till\u00e4mpningar inom stamcellsbiologi<\/h3>\n<p>Observation av celldifferentiering, celldelning, kolonibildning, infiltration av cancerceller, repanalyser och mer.<\/p>\n<p>&nbsp;<\/p>\n<h3>Kontakta produktspecialist:<\/h3>\n<table class=\"kontaktpersoner\">\n<tbody>\n<tr>\n<td><img decoding=\"async\" class=\"alignnone size-full wp-image-947 lazyload\" data-src=\"https:\/\/www.bergmanlabora.se\/wp-content\/uploads\/2021\/05\/Oliver.png\" alt=\"\" width=\"200\" height=\"200\" src=\"data:image\/svg+xml;base64,PHN2ZyB3aWR0aD0iMSIgaGVpZ2h0PSIxIiB4bWxucz0iaHR0cDovL3d3dy53My5vcmcvMjAwMC9zdmciPjwvc3ZnPg==\" style=\"--smush-placeholder-width: 200px; --smush-placeholder-aspect-ratio: 200\/200;\" \/><\/p>\n<p><strong>Oliver Garner<\/strong><br \/>\noliver.garner@bergmanlabora.se<br \/>\nTel: 08-625 18 02<\/td>\n<td><img decoding=\"async\" class=\"alignnone size-full wp-image-943 lazyload\" data-src=\"https:\/\/www.bergmanlabora.se\/wp-content\/uploads\/2021\/05\/Catherine.png\" alt=\"\" width=\"200\" height=\"200\" src=\"data:image\/svg+xml;base64,PHN2ZyB3aWR0aD0iMSIgaGVpZ2h0PSIxIiB4bWxucz0iaHR0cDovL3d3dy53My5vcmcvMjAwMC9zdmciPjwvc3ZnPg==\" style=\"--smush-placeholder-width: 200px; --smush-placeholder-aspect-ratio: 200\/200;\" \/><\/p>\n<p><strong>Catherine Kitts\u00a0<\/strong><br \/>\ncatherine.kitts@bergmanlabora.se<br \/>\nTel: 031-788 18 94<\/td>\n<\/tr>\n<\/tbody>\n<\/table>\n","protected":false},"excerpt":{"rendered":"<p>Anv\u00e4ndarv\u00e4nlig motoriserad cellobservationssystem f\u00f6r anv\u00e4ndning i isolatorer, inkubatorer och bios\u00e4kerhetssk\u00e5p. Speciellt designad f\u00f6r forskningsapplikationer inom regenerativ medicin och stamcellsbiologi.<\/p>\n","protected":false},"featured_media":2172,"template":"","meta":[],"product_brand":[],"product_cat":[40,135,20,19],"product_tag":[],"class_list":{"0":"post-718","1":"product","2":"type-product","3":"status-publish","4":"has-post-thumbnail","6":"product_cat-cell-solutions","7":"product_cat-lifescience-kliniska-applikationer","8":"product_cat-mikroskopi","9":"product_cat-nikon","11":"first","12":"instock","13":"shipping-taxable","14":"purchasable","15":"product-type-simple"},"yoast_head":"<!-- This site is optimized with the Yoast SEO plugin v27.2 - https:\/\/yoast.com\/product\/yoast-seo-wordpress\/ -->\n<title>Nikon BioStudio-T - BergmanLabora<\/title>\n<meta name=\"robots\" content=\"index, follow, max-snippet:-1, max-image-preview:large, max-video-preview:-1\" \/>\n<link rel=\"canonical\" href=\"https:\/\/www.bergmanlabora.se\/fi\/tuote\/nikon-biostudio-t\/\" \/>\n<meta property=\"og:locale\" content=\"fi_FI\" \/>\n<meta property=\"og:type\" content=\"article\" \/>\n<meta property=\"og:title\" content=\"Nikon BioStudio-T - BergmanLabora\" \/>\n<meta property=\"og:description\" content=\"Anv\u00e4ndarv\u00e4nlig motoriserad cellobservationssystem f\u00f6r anv\u00e4ndning i isolatorer, inkubatorer och bios\u00e4kerhetssk\u00e5p. Speciellt designad f\u00f6r forskningsapplikationer inom regenerativ medicin och stamcellsbiologi.\" \/>\n<meta property=\"og:url\" content=\"https:\/\/www.bergmanlabora.se\/fi\/tuote\/nikon-biostudio-t\/\" \/>\n<meta property=\"og:site_name\" content=\"BergmanLabora\" \/>\n<meta property=\"article:publisher\" content=\"https:\/\/www.facebook.com\/bergmanlabora\/\" \/>\n<meta property=\"article:modified_time\" content=\"2023-06-19T14:37:07+00:00\" \/>\n<meta property=\"og:image\" content=\"https:\/\/www.bergmanlabora.se\/wp-content\/uploads\/2021\/04\/MIK74_1.jpg\" \/>\n\t<meta property=\"og:image:width\" content=\"800\" \/>\n\t<meta property=\"og:image:height\" content=\"800\" \/>\n\t<meta property=\"og:image:type\" content=\"image\/jpeg\" \/>\n<meta name=\"twitter:card\" content=\"summary_large_image\" \/>\n<meta name=\"twitter:label1\" content=\"Arvioitu lukuaika\" \/>\n\t<meta name=\"twitter:data1\" content=\"1 minuutti\" \/>\n<script type=\"application\/ld+json\" class=\"yoast-schema-graph\">{\"@context\":\"https:\/\/schema.org\",\"@graph\":[{\"@type\":\"WebPage\",\"@id\":\"https:\/\/www.bergmanlabora.se\/fi\/tuote\/nikon-biostudio-t\/\",\"url\":\"https:\/\/www.bergmanlabora.se\/fi\/tuote\/nikon-biostudio-t\/\",\"name\":\"Nikon BioStudio-T - BergmanLabora\",\"isPartOf\":{\"@id\":\"https:\/\/www.bergmanlabora.se\/fi\/#website\"},\"primaryImageOfPage\":{\"@id\":\"https:\/\/www.bergmanlabora.se\/fi\/tuote\/nikon-biostudio-t\/#primaryimage\"},\"image\":{\"@id\":\"https:\/\/www.bergmanlabora.se\/fi\/tuote\/nikon-biostudio-t\/#primaryimage\"},\"thumbnailUrl\":\"https:\/\/www.bergmanlabora.se\/wp-content\/uploads\/2021\/04\/MIK74_1.jpg\",\"datePublished\":\"2021-04-27T08:44:47+00:00\",\"dateModified\":\"2023-06-19T14:37:07+00:00\",\"breadcrumb\":{\"@id\":\"https:\/\/www.bergmanlabora.se\/fi\/tuote\/nikon-biostudio-t\/#breadcrumb\"},\"inLanguage\":\"fi\",\"potentialAction\":[{\"@type\":\"ReadAction\",\"target\":[\"https:\/\/www.bergmanlabora.se\/fi\/tuote\/nikon-biostudio-t\/\"]}]},{\"@type\":\"ImageObject\",\"inLanguage\":\"fi\",\"@id\":\"https:\/\/www.bergmanlabora.se\/fi\/tuote\/nikon-biostudio-t\/#primaryimage\",\"url\":\"https:\/\/www.bergmanlabora.se\/wp-content\/uploads\/2021\/04\/MIK74_1.jpg\",\"contentUrl\":\"https:\/\/www.bergmanlabora.se\/wp-content\/uploads\/2021\/04\/MIK74_1.jpg\",\"width\":800,\"height\":800,\"caption\":\"Mikroskopi cell solutions Nikon BioStudio-T\"},{\"@type\":\"BreadcrumbList\",\"@id\":\"https:\/\/www.bergmanlabora.se\/fi\/tuote\/nikon-biostudio-t\/#breadcrumb\",\"itemListElement\":[{\"@type\":\"ListItem\",\"position\":1,\"name\":\"Helma\",\"item\":\"https:\/\/www.bergmanlabora.se\/fi\/maailman-johtavat-laboratoriolaitteet-biotieteille-ja-teollisuudelle\/\"},{\"@type\":\"ListItem\",\"position\":2,\"name\":\"Webbutik\",\"item\":\"https:\/\/www.bergmanlabora.se\/webbutik\/\"},{\"@type\":\"ListItem\",\"position\":3,\"name\":\"Nikon BioStudio-T\"}]},{\"@type\":\"WebSite\",\"@id\":\"https:\/\/www.bergmanlabora.se\/fi\/#website\",\"url\":\"https:\/\/www.bergmanlabora.se\/fi\/\",\"name\":\"BergmanLabora\",\"description\":\"En av Sveriges ledande leverant\u00f6rer till den svenska laboratoriemarknaden\",\"potentialAction\":[{\"@type\":\"SearchAction\",\"target\":{\"@type\":\"EntryPoint\",\"urlTemplate\":\"https:\/\/www.bergmanlabora.se\/fi\/?s={search_term_string}\"},\"query-input\":{\"@type\":\"PropertyValueSpecification\",\"valueRequired\":true,\"valueName\":\"search_term_string\"}}],\"inLanguage\":\"fi\"}]}<\/script>\n<!-- \/ Yoast SEO plugin. -->","yoast_head_json":{"title":"Nikon BioStudio-T - BergmanLabora","robots":{"index":"index","follow":"follow","max-snippet":"max-snippet:-1","max-image-preview":"max-image-preview:large","max-video-preview":"max-video-preview:-1"},"canonical":"https:\/\/www.bergmanlabora.se\/fi\/tuote\/nikon-biostudio-t\/","og_locale":"fi_FI","og_type":"article","og_title":"Nikon BioStudio-T - BergmanLabora","og_description":"Anv\u00e4ndarv\u00e4nlig motoriserad cellobservationssystem f\u00f6r anv\u00e4ndning i isolatorer, inkubatorer och bios\u00e4kerhetssk\u00e5p. Speciellt designad f\u00f6r forskningsapplikationer inom regenerativ medicin och stamcellsbiologi.","og_url":"https:\/\/www.bergmanlabora.se\/fi\/tuote\/nikon-biostudio-t\/","og_site_name":"BergmanLabora","article_publisher":"https:\/\/www.facebook.com\/bergmanlabora\/","article_modified_time":"2023-06-19T14:37:07+00:00","og_image":[{"width":800,"height":800,"url":"https:\/\/www.bergmanlabora.se\/wp-content\/uploads\/2021\/04\/MIK74_1.jpg","type":"image\/jpeg"}],"twitter_card":"summary_large_image","twitter_misc":{"Arvioitu lukuaika":"1 minuutti"},"schema":{"@context":"https:\/\/schema.org","@graph":[{"@type":"WebPage","@id":"https:\/\/www.bergmanlabora.se\/fi\/tuote\/nikon-biostudio-t\/","url":"https:\/\/www.bergmanlabora.se\/fi\/tuote\/nikon-biostudio-t\/","name":"Nikon BioStudio-T - BergmanLabora","isPartOf":{"@id":"https:\/\/www.bergmanlabora.se\/fi\/#website"},"primaryImageOfPage":{"@id":"https:\/\/www.bergmanlabora.se\/fi\/tuote\/nikon-biostudio-t\/#primaryimage"},"image":{"@id":"https:\/\/www.bergmanlabora.se\/fi\/tuote\/nikon-biostudio-t\/#primaryimage"},"thumbnailUrl":"https:\/\/www.bergmanlabora.se\/wp-content\/uploads\/2021\/04\/MIK74_1.jpg","datePublished":"2021-04-27T08:44:47+00:00","dateModified":"2023-06-19T14:37:07+00:00","breadcrumb":{"@id":"https:\/\/www.bergmanlabora.se\/fi\/tuote\/nikon-biostudio-t\/#breadcrumb"},"inLanguage":"fi","potentialAction":[{"@type":"ReadAction","target":["https:\/\/www.bergmanlabora.se\/fi\/tuote\/nikon-biostudio-t\/"]}]},{"@type":"ImageObject","inLanguage":"fi","@id":"https:\/\/www.bergmanlabora.se\/fi\/tuote\/nikon-biostudio-t\/#primaryimage","url":"https:\/\/www.bergmanlabora.se\/wp-content\/uploads\/2021\/04\/MIK74_1.jpg","contentUrl":"https:\/\/www.bergmanlabora.se\/wp-content\/uploads\/2021\/04\/MIK74_1.jpg","width":800,"height":800,"caption":"Mikroskopi cell solutions Nikon BioStudio-T"},{"@type":"BreadcrumbList","@id":"https:\/\/www.bergmanlabora.se\/fi\/tuote\/nikon-biostudio-t\/#breadcrumb","itemListElement":[{"@type":"ListItem","position":1,"name":"Helma","item":"https:\/\/www.bergmanlabora.se\/fi\/maailman-johtavat-laboratoriolaitteet-biotieteille-ja-teollisuudelle\/"},{"@type":"ListItem","position":2,"name":"Webbutik","item":"https:\/\/www.bergmanlabora.se\/webbutik\/"},{"@type":"ListItem","position":3,"name":"Nikon BioStudio-T"}]},{"@type":"WebSite","@id":"https:\/\/www.bergmanlabora.se\/fi\/#website","url":"https:\/\/www.bergmanlabora.se\/fi\/","name":"BergmanLabora","description":"En av Sveriges ledande leverant\u00f6rer till den svenska laboratoriemarknaden","potentialAction":[{"@type":"SearchAction","target":{"@type":"EntryPoint","urlTemplate":"https:\/\/www.bergmanlabora.se\/fi\/?s={search_term_string}"},"query-input":{"@type":"PropertyValueSpecification","valueRequired":true,"valueName":"search_term_string"}}],"inLanguage":"fi"}]}},"_links":{"self":[{"href":"https:\/\/www.bergmanlabora.se\/fi\/wp-json\/wp\/v2\/product\/718","targetHints":{"allow":["GET"]}}],"collection":[{"href":"https:\/\/www.bergmanlabora.se\/fi\/wp-json\/wp\/v2\/product"}],"about":[{"href":"https:\/\/www.bergmanlabora.se\/fi\/wp-json\/wp\/v2\/types\/product"}],"wp:featuredmedia":[{"embeddable":true,"href":"https:\/\/www.bergmanlabora.se\/fi\/wp-json\/wp\/v2\/media\/2172"}],"wp:attachment":[{"href":"https:\/\/www.bergmanlabora.se\/fi\/wp-json\/wp\/v2\/media?parent=718"}],"wp:term":[{"taxonomy":"product_brand","embeddable":true,"href":"https:\/\/www.bergmanlabora.se\/fi\/wp-json\/wp\/v2\/product_brand?post=718"},{"taxonomy":"product_cat","embeddable":true,"href":"https:\/\/www.bergmanlabora.se\/fi\/wp-json\/wp\/v2\/product_cat?post=718"},{"taxonomy":"product_tag","embeddable":true,"href":"https:\/\/www.bergmanlabora.se\/fi\/wp-json\/wp\/v2\/product_tag?post=718"}],"curies":[{"name":"wp","href":"https:\/\/api.w.org\/{rel}","templated":true}]}}