{"id":712,"date":"2021-04-27T10:44:46","date_gmt":"2021-04-27T08:44:46","guid":{"rendered":"https:\/\/www.stage.bergmanlabora.se\/produkt\/marzhauser\/"},"modified":"2025-05-08T11:22:19","modified_gmt":"2025-05-08T09:22:19","slug":"marzhauser","status":"publish","type":"product","link":"https:\/\/www.bergmanlabora.se\/fi\/tuote\/marzhauser\/","title":{"rendered":"Leverant\u00f6r M\u00e4rzh\u00e4user"},"content":{"rendered":"<p>Som en v\u00e4rldsledande tillverkare av originalutrustning utvecklar och tillverkar M\u00e4rzh\u00e4user manuella och motordrivna mikropositioneringssystem samt styrenheter och utrustning till mikroskop.<\/p>\n<p>I n\u00e4ra samarbete med ledande mikroskoptillverkare, universitet och forskningsinstitut utvecklar vi skr\u00e4ddarsydda och innovativa system som g\u00f6r det m\u00f6jligt f\u00f6r mikroskopanv\u00e4ndare att arbeta exakt och ergonomiskt.<\/p>\n<h3>Mikropositioneringssystem f\u00f6r precision<\/h3>\n<p>Inom forskning och utveckling, materialtestning och \u00e4ven inom intervallet Life Science: M\u00e4rzh\u00e4user mikropositioneringssystem ger precision precis till punkten!<\/p>\n<p>Erfarna och samvetsgranna medarbetare ser till att alla v\u00e5ra produkter h\u00e5ller st\u00e4ndigt h\u00f6g kvalitet, ytterligare en anledning f\u00f6r oss att ocks\u00e5 \u00e4gna s\u00e4rskild uppm\u00e4rksamhet \u00e5t att st\u00e4ndigt tr\u00e4na v\u00e5rt team. Vi ser utbildningen f\u00f6r unga, motiverade m\u00e4nniskor att bli morgondagens yrkesarbetare som en investering i framtiden: Varje \u00e5r utbildas mycket fler l\u00e4rlingar i v\u00e5r M\u00e4rzh\u00e4user-utbildningsverkstad \u00e4n genomsnittet och hedras \u00f6ver hela landet f\u00f6r sina bra prestationer.<\/p>\n<p>Det beh\u00f6ver inte s\u00e4gas att en h\u00f6g grad av kvalitet kr\u00e4ver mycket modern teknik: Automatiserade arbetsplatser f\u00f6r testning i luftkonditionerade m\u00e4trum, en modern maskinpark och standardiserade processer \u00e4r viktiga krav f\u00f6r detta: Kvalitetsledningssystemet f\u00f6r M\u00e4rzh\u00e4user Wetzlar \u00e4r certifierat enligt DIN ISO 9001: 2015.<\/p>\n<p>Genom v\u00e5r innovativa utveckling &#8221;Made in Germany&#8221; st\u00e4rker vi inte bara v\u00e5ra kunders marknadsposition utan ocks\u00e5 ett viktigt bidrag till forskning och leverans i utvecklingsl\u00e4nder.<br \/>\n<strong><br \/>\nBergmanLabora \u00e4r \u00e5terf\u00f6rs\u00e4ljare av M\u00e4rzh\u00e4user i Sverige med fokus p\u00e5: <\/strong><\/p>\n<ul>\n<li>Mikroskop motorisering (XY-bord, motorfokus, m.fl.)<\/li>\n<li>Mikroskopbelysning<\/li>\n<li>Mikroskoptillbeh\u00f6r (Objektsglas-laddare, immersionsmedia dispenser, m.fl.)<\/li>\n<\/ul>\n<h3>Kontakta produktspecialist:<\/h3>\n<table class=\"kontaktpersoner\">\n<tbody>\n<tr>\n<td><img decoding=\"async\" class=\"alignnone size-full wp-image-947 lazyload\" data-src=\"https:\/\/www.bergmanlabora.se\/wp-content\/uploads\/2021\/05\/Oliver.png\" alt=\"\" width=\"200\" height=\"200\" src=\"data:image\/svg+xml;base64,PHN2ZyB3aWR0aD0iMSIgaGVpZ2h0PSIxIiB4bWxucz0iaHR0cDovL3d3dy53My5vcmcvMjAwMC9zdmciPjwvc3ZnPg==\" style=\"--smush-placeholder-width: 200px; --smush-placeholder-aspect-ratio: 200\/200;\" \/><\/p>\n<p><strong>Oliver Garner<\/strong><br \/>\noliver.garner@bergmanlabora.se<br \/>\nTel: 08-625 18 02<\/td>\n<td><img decoding=\"async\" class=\"alignnone size-full wp-image-943 lazyload\" data-src=\"https:\/\/www.bergmanlabora.se\/wp-content\/uploads\/2021\/05\/Catherine.png\" alt=\"\" width=\"200\" height=\"200\" src=\"data:image\/svg+xml;base64,PHN2ZyB3aWR0aD0iMSIgaGVpZ2h0PSIxIiB4bWxucz0iaHR0cDovL3d3dy53My5vcmcvMjAwMC9zdmciPjwvc3ZnPg==\" style=\"--smush-placeholder-width: 200px; --smush-placeholder-aspect-ratio: 200\/200;\" \/><\/p>\n<p><strong>Catherine Kitts\u00a0<\/strong><br \/>\ncatherine.kitts@bergmanlabora.se<br \/>\nTel: 031-788 18 94<\/td>\n<\/tr>\n<\/tbody>\n<\/table>\n","protected":false},"excerpt":{"rendered":"<p>Precision och kvalitet, i \u00f6ver 70 \u00e5r. Tillverkare av mikroskop-motorisering (XY-bord, motorfokus med mera), mikroskopbelysning, mikroskoptillbeh\u00f6r (objektsglas-laddare, dispensers f\u00f6r immersionsmedia, m.fl.)<\/p>\n","protected":false},"featured_media":2036,"template":"","meta":[],"product_brand":[],"product_cat":[136,135,79,20,41],"product_tag":[],"class_list":{"0":"post-712","1":"product","2":"type-product","3":"status-publish","4":"has-post-thumbnail","6":"product_cat-industri-materialanalys","7":"product_cat-lifescience-kliniska-applikationer","8":"product_cat-marzhauser","9":"product_cat-mikroskopi","10":"product_cat-tillbehor-mikroskopi","12":"first","13":"instock","14":"shipping-taxable","15":"purchasable","16":"product-type-simple"},"yoast_head":"<!-- This site is optimized with the Yoast SEO plugin v27.2 - https:\/\/yoast.com\/product\/yoast-seo-wordpress\/ -->\n<title>Leverant\u00f6r M\u00e4rzh\u00e4user - BergmanLabora<\/title>\n<meta name=\"robots\" content=\"index, follow, max-snippet:-1, max-image-preview:large, max-video-preview:-1\" \/>\n<link rel=\"canonical\" href=\"https:\/\/www.bergmanlabora.se\/fi\/tuote\/marzhauser\/\" \/>\n<meta property=\"og:locale\" content=\"fi_FI\" \/>\n<meta property=\"og:type\" content=\"article\" \/>\n<meta property=\"og:title\" content=\"Leverant\u00f6r M\u00e4rzh\u00e4user - BergmanLabora\" \/>\n<meta property=\"og:description\" content=\"Precision och kvalitet, i \u00f6ver 70 \u00e5r. Tillverkare av mikroskop-motorisering (XY-bord, motorfokus med mera), mikroskopbelysning, mikroskoptillbeh\u00f6r (objektsglas-laddare, dispensers f\u00f6r immersionsmedia, m.fl.)\" \/>\n<meta property=\"og:url\" content=\"https:\/\/www.bergmanlabora.se\/fi\/tuote\/marzhauser\/\" \/>\n<meta property=\"og:site_name\" content=\"BergmanLabora\" \/>\n<meta property=\"article:publisher\" content=\"https:\/\/www.facebook.com\/bergmanlabora\/\" \/>\n<meta property=\"article:modified_time\" content=\"2025-05-08T09:22:19+00:00\" \/>\n<meta property=\"og:image\" content=\"https:\/\/www.bergmanlabora.se\/wp-content\/uploads\/2021\/04\/MIK68_1.jpg\" \/>\n\t<meta property=\"og:image:width\" content=\"800\" \/>\n\t<meta property=\"og:image:height\" content=\"800\" \/>\n\t<meta property=\"og:image:type\" content=\"image\/jpeg\" \/>\n<meta name=\"twitter:card\" content=\"summary_large_image\" \/>\n<meta name=\"twitter:label1\" content=\"Arvioitu lukuaika\" \/>\n\t<meta name=\"twitter:data1\" content=\"2 minuuttia\" \/>\n<script type=\"application\/ld+json\" class=\"yoast-schema-graph\">{\"@context\":\"https:\/\/schema.org\",\"@graph\":[{\"@type\":\"WebPage\",\"@id\":\"https:\/\/www.bergmanlabora.se\/fi\/tuote\/marzhauser\/\",\"url\":\"https:\/\/www.bergmanlabora.se\/fi\/tuote\/marzhauser\/\",\"name\":\"Leverant\u00f6r M\u00e4rzh\u00e4user - BergmanLabora\",\"isPartOf\":{\"@id\":\"https:\/\/www.bergmanlabora.se\/fi\/#website\"},\"primaryImageOfPage\":{\"@id\":\"https:\/\/www.bergmanlabora.se\/fi\/tuote\/marzhauser\/#primaryimage\"},\"image\":{\"@id\":\"https:\/\/www.bergmanlabora.se\/fi\/tuote\/marzhauser\/#primaryimage\"},\"thumbnailUrl\":\"https:\/\/www.bergmanlabora.se\/wp-content\/uploads\/2021\/04\/MIK68_1.jpg\",\"datePublished\":\"2021-04-27T08:44:46+00:00\",\"dateModified\":\"2025-05-08T09:22:19+00:00\",\"breadcrumb\":{\"@id\":\"https:\/\/www.bergmanlabora.se\/fi\/tuote\/marzhauser\/#breadcrumb\"},\"inLanguage\":\"fi\",\"potentialAction\":[{\"@type\":\"ReadAction\",\"target\":[\"https:\/\/www.bergmanlabora.se\/fi\/tuote\/marzhauser\/\"]}]},{\"@type\":\"ImageObject\",\"inLanguage\":\"fi\",\"@id\":\"https:\/\/www.bergmanlabora.se\/fi\/tuote\/marzhauser\/#primaryimage\",\"url\":\"https:\/\/www.bergmanlabora.se\/wp-content\/uploads\/2021\/04\/MIK68_1.jpg\",\"contentUrl\":\"https:\/\/www.bergmanlabora.se\/wp-content\/uploads\/2021\/04\/MIK68_1.jpg\",\"width\":800,\"height\":800,\"caption\":\"Mikroskoptillbeh\u00f6r mikropositioneringssystem fr\u00e5n M\u00e4rzh\u00e4user\"},{\"@type\":\"BreadcrumbList\",\"@id\":\"https:\/\/www.bergmanlabora.se\/fi\/tuote\/marzhauser\/#breadcrumb\",\"itemListElement\":[{\"@type\":\"ListItem\",\"position\":1,\"name\":\"Helma\",\"item\":\"https:\/\/www.bergmanlabora.se\/fi\/maailman-johtavat-laboratoriolaitteet-biotieteille-ja-teollisuudelle\/\"},{\"@type\":\"ListItem\",\"position\":2,\"name\":\"Webbutik\",\"item\":\"https:\/\/www.bergmanlabora.se\/webbutik\/\"},{\"@type\":\"ListItem\",\"position\":3,\"name\":\"Leverant\u00f6r M\u00e4rzh\u00e4user\"}]},{\"@type\":\"WebSite\",\"@id\":\"https:\/\/www.bergmanlabora.se\/fi\/#website\",\"url\":\"https:\/\/www.bergmanlabora.se\/fi\/\",\"name\":\"BergmanLabora\",\"description\":\"En av Sveriges ledande leverant\u00f6rer till den svenska laboratoriemarknaden\",\"potentialAction\":[{\"@type\":\"SearchAction\",\"target\":{\"@type\":\"EntryPoint\",\"urlTemplate\":\"https:\/\/www.bergmanlabora.se\/fi\/?s={search_term_string}\"},\"query-input\":{\"@type\":\"PropertyValueSpecification\",\"valueRequired\":true,\"valueName\":\"search_term_string\"}}],\"inLanguage\":\"fi\"}]}<\/script>\n<!-- \/ Yoast SEO plugin. -->","yoast_head_json":{"title":"Leverant\u00f6r M\u00e4rzh\u00e4user - BergmanLabora","robots":{"index":"index","follow":"follow","max-snippet":"max-snippet:-1","max-image-preview":"max-image-preview:large","max-video-preview":"max-video-preview:-1"},"canonical":"https:\/\/www.bergmanlabora.se\/fi\/tuote\/marzhauser\/","og_locale":"fi_FI","og_type":"article","og_title":"Leverant\u00f6r M\u00e4rzh\u00e4user - BergmanLabora","og_description":"Precision och kvalitet, i \u00f6ver 70 \u00e5r. Tillverkare av mikroskop-motorisering (XY-bord, motorfokus med mera), mikroskopbelysning, mikroskoptillbeh\u00f6r (objektsglas-laddare, dispensers f\u00f6r immersionsmedia, m.fl.)","og_url":"https:\/\/www.bergmanlabora.se\/fi\/tuote\/marzhauser\/","og_site_name":"BergmanLabora","article_publisher":"https:\/\/www.facebook.com\/bergmanlabora\/","article_modified_time":"2025-05-08T09:22:19+00:00","og_image":[{"width":800,"height":800,"url":"https:\/\/www.bergmanlabora.se\/wp-content\/uploads\/2021\/04\/MIK68_1.jpg","type":"image\/jpeg"}],"twitter_card":"summary_large_image","twitter_misc":{"Arvioitu lukuaika":"2 minuuttia"},"schema":{"@context":"https:\/\/schema.org","@graph":[{"@type":"WebPage","@id":"https:\/\/www.bergmanlabora.se\/fi\/tuote\/marzhauser\/","url":"https:\/\/www.bergmanlabora.se\/fi\/tuote\/marzhauser\/","name":"Leverant\u00f6r M\u00e4rzh\u00e4user - BergmanLabora","isPartOf":{"@id":"https:\/\/www.bergmanlabora.se\/fi\/#website"},"primaryImageOfPage":{"@id":"https:\/\/www.bergmanlabora.se\/fi\/tuote\/marzhauser\/#primaryimage"},"image":{"@id":"https:\/\/www.bergmanlabora.se\/fi\/tuote\/marzhauser\/#primaryimage"},"thumbnailUrl":"https:\/\/www.bergmanlabora.se\/wp-content\/uploads\/2021\/04\/MIK68_1.jpg","datePublished":"2021-04-27T08:44:46+00:00","dateModified":"2025-05-08T09:22:19+00:00","breadcrumb":{"@id":"https:\/\/www.bergmanlabora.se\/fi\/tuote\/marzhauser\/#breadcrumb"},"inLanguage":"fi","potentialAction":[{"@type":"ReadAction","target":["https:\/\/www.bergmanlabora.se\/fi\/tuote\/marzhauser\/"]}]},{"@type":"ImageObject","inLanguage":"fi","@id":"https:\/\/www.bergmanlabora.se\/fi\/tuote\/marzhauser\/#primaryimage","url":"https:\/\/www.bergmanlabora.se\/wp-content\/uploads\/2021\/04\/MIK68_1.jpg","contentUrl":"https:\/\/www.bergmanlabora.se\/wp-content\/uploads\/2021\/04\/MIK68_1.jpg","width":800,"height":800,"caption":"Mikroskoptillbeh\u00f6r mikropositioneringssystem fr\u00e5n M\u00e4rzh\u00e4user"},{"@type":"BreadcrumbList","@id":"https:\/\/www.bergmanlabora.se\/fi\/tuote\/marzhauser\/#breadcrumb","itemListElement":[{"@type":"ListItem","position":1,"name":"Helma","item":"https:\/\/www.bergmanlabora.se\/fi\/maailman-johtavat-laboratoriolaitteet-biotieteille-ja-teollisuudelle\/"},{"@type":"ListItem","position":2,"name":"Webbutik","item":"https:\/\/www.bergmanlabora.se\/webbutik\/"},{"@type":"ListItem","position":3,"name":"Leverant\u00f6r M\u00e4rzh\u00e4user"}]},{"@type":"WebSite","@id":"https:\/\/www.bergmanlabora.se\/fi\/#website","url":"https:\/\/www.bergmanlabora.se\/fi\/","name":"BergmanLabora","description":"En av Sveriges ledande leverant\u00f6rer till den svenska laboratoriemarknaden","potentialAction":[{"@type":"SearchAction","target":{"@type":"EntryPoint","urlTemplate":"https:\/\/www.bergmanlabora.se\/fi\/?s={search_term_string}"},"query-input":{"@type":"PropertyValueSpecification","valueRequired":true,"valueName":"search_term_string"}}],"inLanguage":"fi"}]}},"_links":{"self":[{"href":"https:\/\/www.bergmanlabora.se\/fi\/wp-json\/wp\/v2\/product\/712","targetHints":{"allow":["GET"]}}],"collection":[{"href":"https:\/\/www.bergmanlabora.se\/fi\/wp-json\/wp\/v2\/product"}],"about":[{"href":"https:\/\/www.bergmanlabora.se\/fi\/wp-json\/wp\/v2\/types\/product"}],"wp:featuredmedia":[{"embeddable":true,"href":"https:\/\/www.bergmanlabora.se\/fi\/wp-json\/wp\/v2\/media\/2036"}],"wp:attachment":[{"href":"https:\/\/www.bergmanlabora.se\/fi\/wp-json\/wp\/v2\/media?parent=712"}],"wp:term":[{"taxonomy":"product_brand","embeddable":true,"href":"https:\/\/www.bergmanlabora.se\/fi\/wp-json\/wp\/v2\/product_brand?post=712"},{"taxonomy":"product_cat","embeddable":true,"href":"https:\/\/www.bergmanlabora.se\/fi\/wp-json\/wp\/v2\/product_cat?post=712"},{"taxonomy":"product_tag","embeddable":true,"href":"https:\/\/www.bergmanlabora.se\/fi\/wp-json\/wp\/v2\/product_tag?post=712"}],"curies":[{"name":"wp","href":"https:\/\/api.w.org\/{rel}","templated":true}]}}