{"id":704,"date":"2021-04-27T10:44:44","date_gmt":"2021-04-27T08:44:44","guid":{"rendered":"https:\/\/www.stage.bergmanlabora.se\/produkt\/nis-elements-ai\/"},"modified":"2023-06-19T16:36:06","modified_gmt":"2023-06-19T14:36:06","slug":"nikon-nis-elements-ai","status":"publish","type":"product","link":"https:\/\/www.bergmanlabora.se\/fi\/tuote\/nikon-nis-elements-ai\/","title":{"rendered":"Nikon NIS-Elements AI"},"content":{"rendered":"<p>Artificiell intelligens (AI) och Deep Learning g\u00f6r till synes om\u00f6jliga uppgifter l\u00e4tta att utf\u00f6ra. Fr\u00e5n att \u00f6ka kontrast och tydlighet i din bild, till att f\u00f6rb\u00e4ttra signal-till-brus-f\u00f6rh\u00e5llandet, eller f\u00f6r att segmentera kontrastl\u00f6sa objekt som tidigare var n\u00e4stan om\u00f6jliga att segmentera, NIS ai modulen g\u00f6r detta enkelt utan partiskhet fr\u00e5n anv\u00e4ndaren.<\/p>\n<h3>Skr\u00e4ddarsydda l\u00f6sningar f\u00f6r visualisering och analys<\/h3>\n<p>NIS-Elements NIS.ai best\u00e5r av flera funktioner som g\u00f6r det m\u00f6jligt att genomf\u00f6ra f\u00f6r er applikation skr\u00e4ddarsydda l\u00f6sningar f\u00f6r visualisering och analys. NIS ai tr\u00e4nas p\u00e5 era egna prover, under era speciella f\u00f6ruts\u00e4ttningar och detta beh\u00f6ver endast g\u00f6ras en g\u00e5ng. En tr\u00e4nad ai kan \u00e5teranv\u00e4ndas g\u00e5ng p\u00e5 g\u00e5ng, under experimentet eller n\u00e4r bildtagningen \u00e4r klar.<\/p>\n<p><strong>Clarify.ai tar bort osk\u00e4rpa i fluorescens bilder\u00a0<\/strong><\/p>\n<p>Modulen \u00e4r redan tr\u00e4nad f\u00f6r att k\u00e4nna igen fluorescenssignaler fr\u00e5n plan utanf\u00f6r fokus. Den tar bort dessa komponenter fr\u00e5n bilden automatiskt och l\u00e4mnar de fokuserade strukturerna. D\u00e4rmed s\u00e5 \u00f6kar klarheten och sk\u00e4rpan i bilden. Clarify ai kan anv\u00e4ndas p\u00e5 alla widefield 2D- eller 3D-bilder, kameror, detektorer eller f\u00f6rstoringar, utan behov tr\u00e4ning. Clarify ai \u00e4r en del av modulen 2D-Deconvolution.<\/p>\n<p><a href=\"https:\/\/www.bergmanlabora.se\/wp-content\/uploads\/2021\/04\/MIK59-1-clarify-ai.jpg\"><img decoding=\"async\" class=\"alignnone size-full wp-image-1857 lazyload\" data-src=\"https:\/\/www.bergmanlabora.se\/wp-content\/uploads\/2021\/04\/MIK59-1-clarify-ai.jpg\" alt=\"\" width=\"800\" height=\"600\" data-srcset=\"https:\/\/www.bergmanlabora.se\/wp-content\/uploads\/2021\/04\/MIK59-1-clarify-ai-200x150.jpg 200w, https:\/\/www.bergmanlabora.se\/wp-content\/uploads\/2021\/04\/MIK59-1-clarify-ai-300x225.jpg 300w, https:\/\/www.bergmanlabora.se\/wp-content\/uploads\/2021\/04\/MIK59-1-clarify-ai-400x300.jpg 400w, https:\/\/www.bergmanlabora.se\/wp-content\/uploads\/2021\/04\/MIK59-1-clarify-ai-500x375.jpg 500w, https:\/\/www.bergmanlabora.se\/wp-content\/uploads\/2021\/04\/MIK59-1-clarify-ai-600x450.jpg 600w, https:\/\/www.bergmanlabora.se\/wp-content\/uploads\/2021\/04\/MIK59-1-clarify-ai-700x525.jpg 700w, https:\/\/www.bergmanlabora.se\/wp-content\/uploads\/2021\/04\/MIK59-1-clarify-ai-768x576.jpg 768w, https:\/\/www.bergmanlabora.se\/wp-content\/uploads\/2021\/04\/MIK59-1-clarify-ai.jpg 800w\" data-sizes=\"(max-width: 800px) 100vw, 800px\" src=\"data:image\/svg+xml;base64,PHN2ZyB3aWR0aD0iMSIgaGVpZ2h0PSIxIiB4bWxucz0iaHR0cDovL3d3dy53My5vcmcvMjAwMC9zdmciPjwvc3ZnPg==\" style=\"--smush-placeholder-width: 800px; --smush-placeholder-aspect-ratio: 800\/600;\" \/><\/a><\/p>\n<p><strong>Denoise ai. tar bort brus i bilden<\/strong><\/p>\n<p>Denna ai \u00e4r inkluderad i NIS-Elements AR och \u00e4r redan tr\u00e4nad. Alla kameror och detektorer genererar brus, s\u00e5 kallat shot noise. Om man har en svag fluorescerande signal och m\u00e5ste \u00f6ka exponeringstiden s\u00e5 \u00f6kar man ocks\u00e5 delen brus, m\u00e5nga g\u00e5nger s\u00e5 mycket att den svaga signalen f\u00f6rsvinner i bruset. Denoise ai \u00e4r tr\u00e4nad p\u00e5 att k\u00e4nna igen och ta bort shot noise, medan signalen beh\u00e5lls. D\u00e4rmed s\u00e5 f\u00e5r man en bild med tydlig och klar fluorescence signal med j\u00e4mn bakgrund. Denoise ai \u00e4r redan tr\u00e4nad ock kan appliceras p\u00e5 alla typer av fluorescerande bilder, p\u00e5 live-bilden eller p\u00e5 redan tagna bilder.<\/p>\n<p><strong>Enhance ai f\u00f6rst\u00e4rker fluorescerande signaler\u00a0<\/strong><\/p>\n<p>Vissa fluorescerande prover uttrycker en mycket l\u00e5g signal som kan vara sv\u00e5r att visualisera eller segmentera. Att \u00f6ka laser intensitet eller exponeringstid \u00e4r inte alltid ett alternativ eftersom m\u00e5nga prover \u00e4r k\u00e4nsliga f\u00f6r att uts\u00e4ttas f\u00f6r starkt ljus. F\u00f6r levande celler s\u00e5 m\u00e5ste ocks\u00e5 exponeringen f\u00f6r ljus g\u00f6ras s\u00e5 kort som m\u00f6jligt.<\/p>\n<p>Enhance.ai tr\u00e4nas p\u00e5 era prover som de ska se ut n\u00e4r de \u00e4r korrekt exponerande, det vill s\u00e4ga med en stark signal. Vid bildtagning med kort exponeringstid s\u00e5 \u00e5terst\u00e4ller den signal styrkan som den skulle ha sett ut vid den korrekta exponeringen. D\u00e4rmed s\u00e5 kan man \u00e4nd\u00e5 f\u00e5 tillr\u00e4ckligt stark signal f\u00f6r att g\u00e5 vidare med segmentering och analys, trots att laserintensitet och exponeringstid h\u00e5lls kort. Den tr\u00e4nade Enhance ai kan \u00e5teranv\u00e4ndas under experiment eller p\u00e5 redan tagna bildsekvenser. Enhance ai \u00e4r en del av modulen NIS ai.<\/p>\n<p><a href=\"https:\/\/www.bergmanlabora.se\/wp-content\/uploads\/2021\/04\/MIK59-2-Enhance-ai.jpg\"><img decoding=\"async\" class=\"alignnone size-full wp-image-1858 lazyload\" data-src=\"https:\/\/www.bergmanlabora.se\/wp-content\/uploads\/2021\/04\/MIK59-2-Enhance-ai.jpg\" alt=\"\" width=\"800\" height=\"600\" data-srcset=\"https:\/\/www.bergmanlabora.se\/wp-content\/uploads\/2021\/04\/MIK59-2-Enhance-ai-200x150.jpg 200w, https:\/\/www.bergmanlabora.se\/wp-content\/uploads\/2021\/04\/MIK59-2-Enhance-ai-300x225.jpg 300w, https:\/\/www.bergmanlabora.se\/wp-content\/uploads\/2021\/04\/MIK59-2-Enhance-ai-400x300.jpg 400w, https:\/\/www.bergmanlabora.se\/wp-content\/uploads\/2021\/04\/MIK59-2-Enhance-ai-500x375.jpg 500w, https:\/\/www.bergmanlabora.se\/wp-content\/uploads\/2021\/04\/MIK59-2-Enhance-ai-600x450.jpg 600w, https:\/\/www.bergmanlabora.se\/wp-content\/uploads\/2021\/04\/MIK59-2-Enhance-ai-700x525.jpg 700w, https:\/\/www.bergmanlabora.se\/wp-content\/uploads\/2021\/04\/MIK59-2-Enhance-ai-768x576.jpg 768w, https:\/\/www.bergmanlabora.se\/wp-content\/uploads\/2021\/04\/MIK59-2-Enhance-ai.jpg 800w\" data-sizes=\"(max-width: 800px) 100vw, 800px\" src=\"data:image\/svg+xml;base64,PHN2ZyB3aWR0aD0iMSIgaGVpZ2h0PSIxIiB4bWxucz0iaHR0cDovL3d3dy53My5vcmcvMjAwMC9zdmciPjwvc3ZnPg==\" style=\"--smush-placeholder-width: 800px; --smush-placeholder-aspect-ratio: 800\/600;\" \/><\/a><\/p>\n<p><strong>Convert.ai f\u00f6r segmentering och analys av of\u00e4rgade celler <\/strong><\/p>\n<p>Genom att j\u00e4mf\u00f6ra m\u00f6nster som finns i tv\u00e5 olika bildkanaler, till exempel en bildserie med fluorescerande mark\u00f6r, och samma bildserie utan fluorescerande mark\u00f6r, kan Convert.ai tr\u00e4nas f\u00f6r att m\u00e4rka in den fluorescerande kanalen \u00e4ven om mark\u00f6ren saknas i ditt preparat. Detta kan till exempel anv\u00e4ndas f\u00f6r att r\u00e4kna celler utan k\u00e4rninf\u00e4rgning; Convert ai tr\u00e4nas med en bildserie d\u00e4r den ena kanalen \u00e4r DAPI inf\u00e4rgning f\u00f6r cellk\u00e4rna och den andra kanalen \u00e4r DIC. Convert ai l\u00e4r sej m\u00f6nstret att alla celler ocks\u00e5 ska ha en k\u00e4rninf\u00e4rgning, och den kanalen l\u00e4ggs till i ditt experiment. Eftersom k\u00e4rnan nu \u00e4r synlig s\u00e5 beh\u00f6vs inte den fluorescerande mark\u00f6ren l\u00e4ngre utan dessa celler kan segmenters p\u00e5 enbart DIC kanalen. Detta inneb\u00e4r att helt of\u00e4rgade celler kan segmenteras och r\u00e4knas utan att de uts\u00e4tts f\u00f6r skadlig illuminering av UV. Convert ai kan tr\u00e4nas p\u00e5 alla typer av fluorescerande m\u00f6nster.Convert ai \u00e4r en del av modulen NIS-Elements ai.<\/p>\n<p><a href=\"https:\/\/www.bergmanlabora.se\/wp-content\/uploads\/2021\/04\/MIK59-3-Convert-ai.jpg\"><img decoding=\"async\" class=\"alignnone size-full wp-image-1859 lazyload\" data-src=\"https:\/\/www.bergmanlabora.se\/wp-content\/uploads\/2021\/04\/MIK59-3-Convert-ai.jpg\" alt=\"\" width=\"800\" height=\"600\" data-srcset=\"https:\/\/www.bergmanlabora.se\/wp-content\/uploads\/2021\/04\/MIK59-3-Convert-ai-200x150.jpg 200w, https:\/\/www.bergmanlabora.se\/wp-content\/uploads\/2021\/04\/MIK59-3-Convert-ai-300x225.jpg 300w, https:\/\/www.bergmanlabora.se\/wp-content\/uploads\/2021\/04\/MIK59-3-Convert-ai-400x300.jpg 400w, https:\/\/www.bergmanlabora.se\/wp-content\/uploads\/2021\/04\/MIK59-3-Convert-ai-500x375.jpg 500w, https:\/\/www.bergmanlabora.se\/wp-content\/uploads\/2021\/04\/MIK59-3-Convert-ai-600x450.jpg 600w, https:\/\/www.bergmanlabora.se\/wp-content\/uploads\/2021\/04\/MIK59-3-Convert-ai-700x525.jpg 700w, https:\/\/www.bergmanlabora.se\/wp-content\/uploads\/2021\/04\/MIK59-3-Convert-ai-768x576.jpg 768w, https:\/\/www.bergmanlabora.se\/wp-content\/uploads\/2021\/04\/MIK59-3-Convert-ai.jpg 800w\" data-sizes=\"(max-width: 800px) 100vw, 800px\" src=\"data:image\/svg+xml;base64,PHN2ZyB3aWR0aD0iMSIgaGVpZ2h0PSIxIiB4bWxucz0iaHR0cDovL3d3dy53My5vcmcvMjAwMC9zdmciPjwvc3ZnPg==\" style=\"--smush-placeholder-width: 800px; --smush-placeholder-aspect-ratio: 800\/600;\" \/><\/a><\/p>\n<p><strong>Segment ai f\u00f6r automatisk segmentering av sv\u00e5ra objekt<\/strong><\/p>\n<p>Vissa bilder \u00e4r n\u00e4stan om\u00f6jliga att segmentera baserat p\u00e5 intensitetsv\u00e4rden. Det kan vara objekt utan kontrast, objekt som uppvisar m\u00e5nga olika intensitets niv\u00e5er, eller objekt med stor morfologisk variation. Segment ai kan tr\u00e4nas genom manuell tr\u00f6skling samt klassificering av de strukturer som \u00e4r intressanta. Genom att manuellt v\u00e4lja objekt av intresse och tr\u00e4na Segment ai p\u00e5 dessa s\u00e5 kan den l\u00e4ra sig strukturerna, hiitta dem p\u00e5 liknande bilder, samt till\u00e4mpa segmentering p\u00e5 objekten. Segment ai kr\u00e4ver en manuell segmentation\/urval f\u00f6rsta g\u00e5ngen men kan sedan anv\u00e4ndas om och om igen p\u00e5 liknande preparat. Segment ai \u00e4r en del av modulen NIS-Elements ai.<\/p>\n<p><a href=\"https:\/\/www.bergmanlabora.se\/wp-content\/uploads\/2021\/04\/MIK59-4-Segment-ai.jpg\"><img decoding=\"async\" class=\"alignnone size-full wp-image-1860 lazyload\" data-src=\"https:\/\/www.bergmanlabora.se\/wp-content\/uploads\/2021\/04\/MIK59-4-Segment-ai.jpg\" alt=\"\" width=\"800\" height=\"600\" data-srcset=\"https:\/\/www.bergmanlabora.se\/wp-content\/uploads\/2021\/04\/MIK59-4-Segment-ai-200x150.jpg 200w, https:\/\/www.bergmanlabora.se\/wp-content\/uploads\/2021\/04\/MIK59-4-Segment-ai-300x225.jpg 300w, https:\/\/www.bergmanlabora.se\/wp-content\/uploads\/2021\/04\/MIK59-4-Segment-ai-400x300.jpg 400w, https:\/\/www.bergmanlabora.se\/wp-content\/uploads\/2021\/04\/MIK59-4-Segment-ai-500x375.jpg 500w, https:\/\/www.bergmanlabora.se\/wp-content\/uploads\/2021\/04\/MIK59-4-Segment-ai-600x450.jpg 600w, https:\/\/www.bergmanlabora.se\/wp-content\/uploads\/2021\/04\/MIK59-4-Segment-ai-700x525.jpg 700w, https:\/\/www.bergmanlabora.se\/wp-content\/uploads\/2021\/04\/MIK59-4-Segment-ai-768x576.jpg 768w, https:\/\/www.bergmanlabora.se\/wp-content\/uploads\/2021\/04\/MIK59-4-Segment-ai.jpg 800w\" data-sizes=\"(max-width: 800px) 100vw, 800px\" src=\"data:image\/svg+xml;base64,PHN2ZyB3aWR0aD0iMSIgaGVpZ2h0PSIxIiB4bWxucz0iaHR0cDovL3d3dy53My5vcmcvMjAwMC9zdmciPjwvc3ZnPg==\" style=\"--smush-placeholder-width: 800px; --smush-placeholder-aspect-ratio: 800\/600;\" \/><\/a><\/p>\n<p>&nbsp;<\/p>\n<h3>Kontakta produktspecialist:<\/h3>\n<table class=\"kontaktpersoner\">\n<tbody>\n<tr>\n<td><img decoding=\"async\" class=\"alignnone size-full wp-image-947 lazyload\" data-src=\"https:\/\/www.bergmanlabora.se\/wp-content\/uploads\/2021\/05\/Catherine.png\" alt=\"\" width=\"200\" height=\"200\" src=\"data:image\/svg+xml;base64,PHN2ZyB3aWR0aD0iMSIgaGVpZ2h0PSIxIiB4bWxucz0iaHR0cDovL3d3dy53My5vcmcvMjAwMC9zdmciPjwvc3ZnPg==\" style=\"--smush-placeholder-width: 200px; --smush-placeholder-aspect-ratio: 200\/200;\" \/><\/p>\n<p><strong>Catherine Kitts<\/strong><br \/>\ncatherine.kitts@bergmanlabora.se<br \/>\nTel: 031-788 18 94<\/td>\n<td><img decoding=\"async\" class=\"alignnone size-full wp-image-943 lazyload\" data-src=\"https:\/\/www.bergmanlabora.se\/wp-content\/uploads\/2021\/05\/Marie.png\" alt=\"\" width=\"200\" height=\"200\" src=\"data:image\/svg+xml;base64,PHN2ZyB3aWR0aD0iMSIgaGVpZ2h0PSIxIiB4bWxucz0iaHR0cDovL3d3dy53My5vcmcvMjAwMC9zdmciPjwvc3ZnPg==\" style=\"--smush-placeholder-width: 200px; --smush-placeholder-aspect-ratio: 200\/200;\" \/><\/p>\n<p><strong>Marie Andersson<\/strong><br \/>\nmarie.andersson@bergmanlabora.se<br \/>\nTel: 08-625 18 07<\/td>\n<\/tr>\n<\/tbody>\n<\/table>\n","protected":false},"excerpt":{"rendered":"<p>Artificiell intelligens (AI) g\u00f6r till synes om\u00f6jliga uppgifter m\u00f6jliga. Bildanalys som tidigare var sv\u00e5r, eller om\u00f6jlig, kan nu automatiseras med NIS-Elements ai.<\/p>\n","protected":false},"featured_media":1856,"template":"","meta":[],"product_brand":[],"product_cat":[136,135,20,19,38],"product_tag":[],"class_list":{"0":"post-704","1":"product","2":"type-product","3":"status-publish","4":"has-post-thumbnail","6":"product_cat-industri-materialanalys","7":"product_cat-lifescience-kliniska-applikationer","8":"product_cat-mikroskopi","9":"product_cat-nikon","10":"product_cat-programvara","12":"first","13":"instock","14":"shipping-taxable","15":"purchasable","16":"product-type-simple"},"yoast_head":"<!-- This site is optimized with the Yoast SEO plugin v27.2 - https:\/\/yoast.com\/product\/yoast-seo-wordpress\/ -->\n<title>Nikon NIS-Elements AI - BergmanLabora<\/title>\n<meta name=\"robots\" content=\"index, follow, max-snippet:-1, max-image-preview:large, max-video-preview:-1\" \/>\n<link rel=\"canonical\" href=\"https:\/\/www.bergmanlabora.se\/fi\/tuote\/nikon-nis-elements-ai\/\" \/>\n<meta property=\"og:locale\" content=\"fi_FI\" \/>\n<meta property=\"og:type\" content=\"article\" \/>\n<meta property=\"og:title\" content=\"Nikon NIS-Elements AI - BergmanLabora\" \/>\n<meta property=\"og:description\" content=\"Artificiell intelligens (AI) g\u00f6r till synes om\u00f6jliga uppgifter m\u00f6jliga. Bildanalys som tidigare var sv\u00e5r, eller om\u00f6jlig, kan nu automatiseras med NIS-Elements ai.\" \/>\n<meta property=\"og:url\" content=\"https:\/\/www.bergmanlabora.se\/fi\/tuote\/nikon-nis-elements-ai\/\" \/>\n<meta property=\"og:site_name\" content=\"BergmanLabora\" \/>\n<meta property=\"article:publisher\" content=\"https:\/\/www.facebook.com\/bergmanlabora\/\" \/>\n<meta property=\"article:modified_time\" content=\"2023-06-19T14:36:06+00:00\" \/>\n<meta property=\"og:image\" content=\"https:\/\/www.bergmanlabora.se\/wp-content\/uploads\/2021\/04\/MIK59_1.jpg\" \/>\n\t<meta property=\"og:image:width\" content=\"800\" \/>\n\t<meta property=\"og:image:height\" content=\"800\" \/>\n\t<meta property=\"og:image:type\" content=\"image\/jpeg\" \/>\n<meta name=\"twitter:card\" content=\"summary_large_image\" \/>\n<meta name=\"twitter:label1\" content=\"Arvioitu lukuaika\" \/>\n\t<meta name=\"twitter:data1\" content=\"4 minuuttia\" \/>\n<script type=\"application\/ld+json\" class=\"yoast-schema-graph\">{\"@context\":\"https:\/\/schema.org\",\"@graph\":[{\"@type\":\"WebPage\",\"@id\":\"https:\/\/www.bergmanlabora.se\/fi\/tuote\/nikon-nis-elements-ai\/\",\"url\":\"https:\/\/www.bergmanlabora.se\/fi\/tuote\/nikon-nis-elements-ai\/\",\"name\":\"Nikon NIS-Elements AI - BergmanLabora\",\"isPartOf\":{\"@id\":\"https:\/\/www.bergmanlabora.se\/fi\/#website\"},\"primaryImageOfPage\":{\"@id\":\"https:\/\/www.bergmanlabora.se\/fi\/tuote\/nikon-nis-elements-ai\/#primaryimage\"},\"image\":{\"@id\":\"https:\/\/www.bergmanlabora.se\/fi\/tuote\/nikon-nis-elements-ai\/#primaryimage\"},\"thumbnailUrl\":\"https:\/\/www.bergmanlabora.se\/wp-content\/uploads\/2021\/04\/MIK59_1.jpg\",\"datePublished\":\"2021-04-27T08:44:44+00:00\",\"dateModified\":\"2023-06-19T14:36:06+00:00\",\"breadcrumb\":{\"@id\":\"https:\/\/www.bergmanlabora.se\/fi\/tuote\/nikon-nis-elements-ai\/#breadcrumb\"},\"inLanguage\":\"fi\",\"potentialAction\":[{\"@type\":\"ReadAction\",\"target\":[\"https:\/\/www.bergmanlabora.se\/fi\/tuote\/nikon-nis-elements-ai\/\"]}]},{\"@type\":\"ImageObject\",\"inLanguage\":\"fi\",\"@id\":\"https:\/\/www.bergmanlabora.se\/fi\/tuote\/nikon-nis-elements-ai\/#primaryimage\",\"url\":\"https:\/\/www.bergmanlabora.se\/wp-content\/uploads\/2021\/04\/MIK59_1.jpg\",\"contentUrl\":\"https:\/\/www.bergmanlabora.se\/wp-content\/uploads\/2021\/04\/MIK59_1.jpg\",\"width\":800,\"height\":800,\"caption\":\"Mikroskopi programvara Nikon NIS-Elements AI\"},{\"@type\":\"BreadcrumbList\",\"@id\":\"https:\/\/www.bergmanlabora.se\/fi\/tuote\/nikon-nis-elements-ai\/#breadcrumb\",\"itemListElement\":[{\"@type\":\"ListItem\",\"position\":1,\"name\":\"Helma\",\"item\":\"https:\/\/www.bergmanlabora.se\/fi\/maailman-johtavat-laboratoriolaitteet-biotieteille-ja-teollisuudelle\/\"},{\"@type\":\"ListItem\",\"position\":2,\"name\":\"Webbutik\",\"item\":\"https:\/\/www.bergmanlabora.se\/webbutik\/\"},{\"@type\":\"ListItem\",\"position\":3,\"name\":\"Nikon NIS-Elements AI\"}]},{\"@type\":\"WebSite\",\"@id\":\"https:\/\/www.bergmanlabora.se\/fi\/#website\",\"url\":\"https:\/\/www.bergmanlabora.se\/fi\/\",\"name\":\"BergmanLabora\",\"description\":\"En av Sveriges ledande leverant\u00f6rer till den svenska laboratoriemarknaden\",\"potentialAction\":[{\"@type\":\"SearchAction\",\"target\":{\"@type\":\"EntryPoint\",\"urlTemplate\":\"https:\/\/www.bergmanlabora.se\/fi\/?s={search_term_string}\"},\"query-input\":{\"@type\":\"PropertyValueSpecification\",\"valueRequired\":true,\"valueName\":\"search_term_string\"}}],\"inLanguage\":\"fi\"}]}<\/script>\n<!-- \/ Yoast SEO plugin. -->","yoast_head_json":{"title":"Nikon NIS-Elements AI - BergmanLabora","robots":{"index":"index","follow":"follow","max-snippet":"max-snippet:-1","max-image-preview":"max-image-preview:large","max-video-preview":"max-video-preview:-1"},"canonical":"https:\/\/www.bergmanlabora.se\/fi\/tuote\/nikon-nis-elements-ai\/","og_locale":"fi_FI","og_type":"article","og_title":"Nikon NIS-Elements AI - BergmanLabora","og_description":"Artificiell intelligens (AI) g\u00f6r till synes om\u00f6jliga uppgifter m\u00f6jliga. Bildanalys som tidigare var sv\u00e5r, eller om\u00f6jlig, kan nu automatiseras med NIS-Elements ai.","og_url":"https:\/\/www.bergmanlabora.se\/fi\/tuote\/nikon-nis-elements-ai\/","og_site_name":"BergmanLabora","article_publisher":"https:\/\/www.facebook.com\/bergmanlabora\/","article_modified_time":"2023-06-19T14:36:06+00:00","og_image":[{"width":800,"height":800,"url":"https:\/\/www.bergmanlabora.se\/wp-content\/uploads\/2021\/04\/MIK59_1.jpg","type":"image\/jpeg"}],"twitter_card":"summary_large_image","twitter_misc":{"Arvioitu lukuaika":"4 minuuttia"},"schema":{"@context":"https:\/\/schema.org","@graph":[{"@type":"WebPage","@id":"https:\/\/www.bergmanlabora.se\/fi\/tuote\/nikon-nis-elements-ai\/","url":"https:\/\/www.bergmanlabora.se\/fi\/tuote\/nikon-nis-elements-ai\/","name":"Nikon NIS-Elements AI - BergmanLabora","isPartOf":{"@id":"https:\/\/www.bergmanlabora.se\/fi\/#website"},"primaryImageOfPage":{"@id":"https:\/\/www.bergmanlabora.se\/fi\/tuote\/nikon-nis-elements-ai\/#primaryimage"},"image":{"@id":"https:\/\/www.bergmanlabora.se\/fi\/tuote\/nikon-nis-elements-ai\/#primaryimage"},"thumbnailUrl":"https:\/\/www.bergmanlabora.se\/wp-content\/uploads\/2021\/04\/MIK59_1.jpg","datePublished":"2021-04-27T08:44:44+00:00","dateModified":"2023-06-19T14:36:06+00:00","breadcrumb":{"@id":"https:\/\/www.bergmanlabora.se\/fi\/tuote\/nikon-nis-elements-ai\/#breadcrumb"},"inLanguage":"fi","potentialAction":[{"@type":"ReadAction","target":["https:\/\/www.bergmanlabora.se\/fi\/tuote\/nikon-nis-elements-ai\/"]}]},{"@type":"ImageObject","inLanguage":"fi","@id":"https:\/\/www.bergmanlabora.se\/fi\/tuote\/nikon-nis-elements-ai\/#primaryimage","url":"https:\/\/www.bergmanlabora.se\/wp-content\/uploads\/2021\/04\/MIK59_1.jpg","contentUrl":"https:\/\/www.bergmanlabora.se\/wp-content\/uploads\/2021\/04\/MIK59_1.jpg","width":800,"height":800,"caption":"Mikroskopi programvara Nikon NIS-Elements AI"},{"@type":"BreadcrumbList","@id":"https:\/\/www.bergmanlabora.se\/fi\/tuote\/nikon-nis-elements-ai\/#breadcrumb","itemListElement":[{"@type":"ListItem","position":1,"name":"Helma","item":"https:\/\/www.bergmanlabora.se\/fi\/maailman-johtavat-laboratoriolaitteet-biotieteille-ja-teollisuudelle\/"},{"@type":"ListItem","position":2,"name":"Webbutik","item":"https:\/\/www.bergmanlabora.se\/webbutik\/"},{"@type":"ListItem","position":3,"name":"Nikon NIS-Elements AI"}]},{"@type":"WebSite","@id":"https:\/\/www.bergmanlabora.se\/fi\/#website","url":"https:\/\/www.bergmanlabora.se\/fi\/","name":"BergmanLabora","description":"En av Sveriges ledande leverant\u00f6rer till den svenska laboratoriemarknaden","potentialAction":[{"@type":"SearchAction","target":{"@type":"EntryPoint","urlTemplate":"https:\/\/www.bergmanlabora.se\/fi\/?s={search_term_string}"},"query-input":{"@type":"PropertyValueSpecification","valueRequired":true,"valueName":"search_term_string"}}],"inLanguage":"fi"}]}},"_links":{"self":[{"href":"https:\/\/www.bergmanlabora.se\/fi\/wp-json\/wp\/v2\/product\/704","targetHints":{"allow":["GET"]}}],"collection":[{"href":"https:\/\/www.bergmanlabora.se\/fi\/wp-json\/wp\/v2\/product"}],"about":[{"href":"https:\/\/www.bergmanlabora.se\/fi\/wp-json\/wp\/v2\/types\/product"}],"wp:featuredmedia":[{"embeddable":true,"href":"https:\/\/www.bergmanlabora.se\/fi\/wp-json\/wp\/v2\/media\/1856"}],"wp:attachment":[{"href":"https:\/\/www.bergmanlabora.se\/fi\/wp-json\/wp\/v2\/media?parent=704"}],"wp:term":[{"taxonomy":"product_brand","embeddable":true,"href":"https:\/\/www.bergmanlabora.se\/fi\/wp-json\/wp\/v2\/product_brand?post=704"},{"taxonomy":"product_cat","embeddable":true,"href":"https:\/\/www.bergmanlabora.se\/fi\/wp-json\/wp\/v2\/product_cat?post=704"},{"taxonomy":"product_tag","embeddable":true,"href":"https:\/\/www.bergmanlabora.se\/fi\/wp-json\/wp\/v2\/product_tag?post=704"}],"curies":[{"name":"wp","href":"https:\/\/api.w.org\/{rel}","templated":true}]}}