{"id":695,"date":"2021-04-27T10:44:43","date_gmt":"2021-04-27T08:44:43","guid":{"rendered":"https:\/\/www.stage.bergmanlabora.se\/produkt\/nikon-ds-qi2\/"},"modified":"2023-11-09T10:04:04","modified_gmt":"2023-11-09T09:04:04","slug":"nikon-ds-50","status":"publish","type":"product","link":"https:\/\/www.bergmanlabora.se\/fi\/tuote\/nikon-ds-50\/","title":{"rendered":"Nikon Digital Sight 50M"},"content":{"rendered":"<h3>Ultra-h\u00f6guppl\u00f6st monokromkamera - Nikon Digital Sight 50M<\/h3>\n<p>Nikons nya monokroma mikroskopkamera \u00e4r utvecklad f\u00f6r att optimera b\u00e5de synf\u00e4lt samt uppl\u00f6sning. F\u00f6rutom att den ger ett synf\u00e4lt p\u00e5 25 mm p\u00e5 Nikons inverterade mikroskop Ti2 s\u00e5 har kameran 2.5 g\u00e5nger h\u00f6gre uppl\u00f6sning \u00e4n tidigare modeller. Det g\u00f6r den effektiv f\u00f6r screening av stora volymer prover i l\u00e5g f\u00f6rstoring utan att man missar sm\u00e5 strukturer.<\/p>\n<h3>H\u00f6guppl\u00f6sta bilder \u00e4ven i l\u00e5ga f\u00f6rstoringar<\/h3>\n<p>DS-50M har en uppl\u00f6sning p\u00e5 60 megapixel (9552 x 6336 pixlar), och med 3,76 \u00b5m pixelstorlek s\u00e5 \u00e4r det en optimal kamera f\u00f6r att detektera fina strukturer med fluorescens \u00e4ven i l\u00e5ga f\u00f6rstoringar. Det faktiska synf\u00e4ltet med ett 2X objektiv \u00e4r 7 mm vilket inneb\u00e4r att en brunn i en 96-h\u00e5ls platta kan rymmas i en enda bild.<\/p>\n<h3>K\u00e4nslighet f\u00f6r svag fluoresens<\/h3>\n<p>Kameran har QE p\u00e5 85% och l\u00e5gt read noise (6 e-) med tillr\u00e4cklig k\u00e4nslighet f\u00f6r att kunna anv\u00e4ndas ocks\u00e5 vid svagare fluorescens. Den h\u00f6ga k\u00e4nsligheten och det dynamiska omf\u00e5nget p\u00e5 14-bitar g\u00f6r den till ett utm\u00e4rkt verktyg f\u00f6r bildanalyser i fluorescens n\u00e4r b\u00e5de k\u00e4nslighet och h\u00f6g throughput \u00e4r viktigt.<\/p>\n<h3>Bildhastighet f\u00f6r snabba event<\/h3>\n<p>DS-50M kan n\u00e5 framerates p\u00e5 upp till 6 bilder i sekunden i full uppl\u00f6sning. Ifall snabbare framerates beh\u00f6vs kan detta uppn\u00e5s genom binning samt genom att minska det dynamiska omf\u00e5nget. Till exempel kan man n\u00e5 en framerate p\u00e5 225 bilder i sekunden i 8-bitar, med 3 x 3 binning samt en ROI p\u00e5 640 x 480 pixlar.<\/p>\n<h3>Kontroll med NIS-Elements<\/h3>\n<p>Kameran kopplas med USB3,2 till dator och kontrolleras genom programvaran NIS-Elements.<\/p>\n<h3>Kontakta produktspecialist:<\/h3>\n<table class=\"kontaktpersoner\">\n<tbody>\n<tr>\n<td><img decoding=\"async\" class=\"alignnone size-full wp-image-947 lazyload\" data-src=\"https:\/\/www.bergmanlabora.se\/wp-content\/uploads\/2021\/05\/Torgeir.png\" alt=\"\" width=\"200\" height=\"200\" src=\"data:image\/svg+xml;base64,PHN2ZyB3aWR0aD0iMSIgaGVpZ2h0PSIxIiB4bWxucz0iaHR0cDovL3d3dy53My5vcmcvMjAwMC9zdmciPjwvc3ZnPg==\" style=\"--smush-placeholder-width: 200px; --smush-placeholder-aspect-ratio: 200\/200;\" \/><\/p>\n<p><strong>Torgeir Dahlen<\/strong><br \/>\ntorgeir.dahlen@bergmanlabora.se<br \/>\nTel: 08-625 18 01<\/td>\n<td><img decoding=\"async\" class=\"alignnone size-full wp-image-943 lazyload\" data-src=\"https:\/\/www.bergmanlabora.se\/wp-content\/uploads\/2021\/05\/Johan.png\" alt=\"\" width=\"200\" height=\"200\" src=\"data:image\/svg+xml;base64,PHN2ZyB3aWR0aD0iMSIgaGVpZ2h0PSIxIiB4bWxucz0iaHR0cDovL3d3dy53My5vcmcvMjAwMC9zdmciPjwvc3ZnPg==\" style=\"--smush-placeholder-width: 200px; --smush-placeholder-aspect-ratio: 200\/200;\" \/><\/p>\n<p><strong>Johan Sternemalm<\/strong><br \/>\njohan.sternemalm@bergmanlabora.se<br \/>\nTel: 031-10 54 40<\/td>\n<\/tr>\n<\/tbody>\n<\/table>\n","protected":false},"excerpt":{"rendered":"<p>Ultra-h\u00f6guppl\u00f6st monokromkamera med stort synf\u00e4lt \u2013 DS-50M fr\u00e5n Nikon<\/p>\n","protected":false},"featured_media":4972,"template":"","meta":[],"product_brand":[],"product_cat":[136,37,135,20,19],"product_tag":[],"class_list":{"0":"post-695","1":"product","2":"type-product","3":"status-publish","4":"has-post-thumbnail","6":"product_cat-industri-materialanalys","7":"product_cat-kameror","8":"product_cat-lifescience-kliniska-applikationer","9":"product_cat-mikroskopi","10":"product_cat-nikon","12":"first","13":"instock","14":"shipping-taxable","15":"purchasable","16":"product-type-simple"},"yoast_head":"<!-- This site is optimized with the Yoast SEO plugin v27.2 - https:\/\/yoast.com\/product\/yoast-seo-wordpress\/ -->\n<title>Nikon Digital Sight 50M - BergmanLabora<\/title>\n<meta name=\"robots\" content=\"index, follow, max-snippet:-1, max-image-preview:large, max-video-preview:-1\" \/>\n<link rel=\"canonical\" href=\"https:\/\/www.bergmanlabora.se\/fi\/tuote\/nikon-ds-50\/\" \/>\n<meta property=\"og:locale\" content=\"fi_FI\" \/>\n<meta property=\"og:type\" content=\"article\" \/>\n<meta property=\"og:title\" content=\"Nikon Digital Sight 50M - BergmanLabora\" \/>\n<meta property=\"og:description\" content=\"Ultra-h\u00f6guppl\u00f6st monokromkamera med stort synf\u00e4lt \u2013 DS-50M fr\u00e5n Nikon\" \/>\n<meta property=\"og:url\" content=\"https:\/\/www.bergmanlabora.se\/fi\/tuote\/nikon-ds-50\/\" \/>\n<meta property=\"og:site_name\" content=\"BergmanLabora\" \/>\n<meta property=\"article:publisher\" content=\"https:\/\/www.facebook.com\/bergmanlabora\/\" \/>\n<meta property=\"article:modified_time\" content=\"2023-11-09T09:04:04+00:00\" \/>\n<meta property=\"og:image\" content=\"https:\/\/www.bergmanlabora.se\/wp-content\/uploads\/2021\/04\/MIK50_1-1.jpg\" \/>\n\t<meta property=\"og:image:width\" content=\"800\" \/>\n\t<meta property=\"og:image:height\" content=\"800\" \/>\n\t<meta property=\"og:image:type\" content=\"image\/jpeg\" \/>\n<meta name=\"twitter:card\" content=\"summary_large_image\" \/>\n<meta name=\"twitter:label1\" content=\"Arvioitu lukuaika\" \/>\n\t<meta name=\"twitter:data1\" content=\"2 minuuttia\" \/>\n<script type=\"application\/ld+json\" class=\"yoast-schema-graph\">{\"@context\":\"https:\/\/schema.org\",\"@graph\":[{\"@type\":\"WebPage\",\"@id\":\"https:\/\/www.bergmanlabora.se\/fi\/tuote\/nikon-ds-50\/\",\"url\":\"https:\/\/www.bergmanlabora.se\/fi\/tuote\/nikon-ds-50\/\",\"name\":\"Nikon Digital Sight 50M - BergmanLabora\",\"isPartOf\":{\"@id\":\"https:\/\/www.bergmanlabora.se\/fi\/#website\"},\"primaryImageOfPage\":{\"@id\":\"https:\/\/www.bergmanlabora.se\/fi\/tuote\/nikon-ds-50\/#primaryimage\"},\"image\":{\"@id\":\"https:\/\/www.bergmanlabora.se\/fi\/tuote\/nikon-ds-50\/#primaryimage\"},\"thumbnailUrl\":\"https:\/\/www.bergmanlabora.se\/wp-content\/uploads\/2021\/04\/MIK50_1-1.jpg\",\"datePublished\":\"2021-04-27T08:44:43+00:00\",\"dateModified\":\"2023-11-09T09:04:04+00:00\",\"breadcrumb\":{\"@id\":\"https:\/\/www.bergmanlabora.se\/fi\/tuote\/nikon-ds-50\/#breadcrumb\"},\"inLanguage\":\"fi\",\"potentialAction\":[{\"@type\":\"ReadAction\",\"target\":[\"https:\/\/www.bergmanlabora.se\/fi\/tuote\/nikon-ds-50\/\"]}]},{\"@type\":\"ImageObject\",\"inLanguage\":\"fi\",\"@id\":\"https:\/\/www.bergmanlabora.se\/fi\/tuote\/nikon-ds-50\/#primaryimage\",\"url\":\"https:\/\/www.bergmanlabora.se\/wp-content\/uploads\/2021\/04\/MIK50_1-1.jpg\",\"contentUrl\":\"https:\/\/www.bergmanlabora.se\/wp-content\/uploads\/2021\/04\/MIK50_1-1.jpg\",\"width\":800,\"height\":800,\"caption\":\"Kamera mikroskopi Nikon DS-Qi2\"},{\"@type\":\"BreadcrumbList\",\"@id\":\"https:\/\/www.bergmanlabora.se\/fi\/tuote\/nikon-ds-50\/#breadcrumb\",\"itemListElement\":[{\"@type\":\"ListItem\",\"position\":1,\"name\":\"Helma\",\"item\":\"https:\/\/www.bergmanlabora.se\/fi\/maailman-johtavat-laboratoriolaitteet-biotieteille-ja-teollisuudelle\/\"},{\"@type\":\"ListItem\",\"position\":2,\"name\":\"Webbutik\",\"item\":\"https:\/\/www.bergmanlabora.se\/webbutik\/\"},{\"@type\":\"ListItem\",\"position\":3,\"name\":\"Nikon Digital Sight 50M\"}]},{\"@type\":\"WebSite\",\"@id\":\"https:\/\/www.bergmanlabora.se\/fi\/#website\",\"url\":\"https:\/\/www.bergmanlabora.se\/fi\/\",\"name\":\"BergmanLabora\",\"description\":\"En av Sveriges ledande leverant\u00f6rer till den svenska laboratoriemarknaden\",\"potentialAction\":[{\"@type\":\"SearchAction\",\"target\":{\"@type\":\"EntryPoint\",\"urlTemplate\":\"https:\/\/www.bergmanlabora.se\/fi\/?s={search_term_string}\"},\"query-input\":{\"@type\":\"PropertyValueSpecification\",\"valueRequired\":true,\"valueName\":\"search_term_string\"}}],\"inLanguage\":\"fi\"}]}<\/script>\n<!-- \/ Yoast SEO plugin. -->","yoast_head_json":{"title":"Nikon Digital Sight 50M - BergmanLabora","robots":{"index":"index","follow":"follow","max-snippet":"max-snippet:-1","max-image-preview":"max-image-preview:large","max-video-preview":"max-video-preview:-1"},"canonical":"https:\/\/www.bergmanlabora.se\/fi\/tuote\/nikon-ds-50\/","og_locale":"fi_FI","og_type":"article","og_title":"Nikon Digital Sight 50M - BergmanLabora","og_description":"Ultra-h\u00f6guppl\u00f6st monokromkamera med stort synf\u00e4lt \u2013 DS-50M fr\u00e5n Nikon","og_url":"https:\/\/www.bergmanlabora.se\/fi\/tuote\/nikon-ds-50\/","og_site_name":"BergmanLabora","article_publisher":"https:\/\/www.facebook.com\/bergmanlabora\/","article_modified_time":"2023-11-09T09:04:04+00:00","og_image":[{"width":800,"height":800,"url":"https:\/\/www.bergmanlabora.se\/wp-content\/uploads\/2021\/04\/MIK50_1-1.jpg","type":"image\/jpeg"}],"twitter_card":"summary_large_image","twitter_misc":{"Arvioitu lukuaika":"2 minuuttia"},"schema":{"@context":"https:\/\/schema.org","@graph":[{"@type":"WebPage","@id":"https:\/\/www.bergmanlabora.se\/fi\/tuote\/nikon-ds-50\/","url":"https:\/\/www.bergmanlabora.se\/fi\/tuote\/nikon-ds-50\/","name":"Nikon Digital Sight 50M - BergmanLabora","isPartOf":{"@id":"https:\/\/www.bergmanlabora.se\/fi\/#website"},"primaryImageOfPage":{"@id":"https:\/\/www.bergmanlabora.se\/fi\/tuote\/nikon-ds-50\/#primaryimage"},"image":{"@id":"https:\/\/www.bergmanlabora.se\/fi\/tuote\/nikon-ds-50\/#primaryimage"},"thumbnailUrl":"https:\/\/www.bergmanlabora.se\/wp-content\/uploads\/2021\/04\/MIK50_1-1.jpg","datePublished":"2021-04-27T08:44:43+00:00","dateModified":"2023-11-09T09:04:04+00:00","breadcrumb":{"@id":"https:\/\/www.bergmanlabora.se\/fi\/tuote\/nikon-ds-50\/#breadcrumb"},"inLanguage":"fi","potentialAction":[{"@type":"ReadAction","target":["https:\/\/www.bergmanlabora.se\/fi\/tuote\/nikon-ds-50\/"]}]},{"@type":"ImageObject","inLanguage":"fi","@id":"https:\/\/www.bergmanlabora.se\/fi\/tuote\/nikon-ds-50\/#primaryimage","url":"https:\/\/www.bergmanlabora.se\/wp-content\/uploads\/2021\/04\/MIK50_1-1.jpg","contentUrl":"https:\/\/www.bergmanlabora.se\/wp-content\/uploads\/2021\/04\/MIK50_1-1.jpg","width":800,"height":800,"caption":"Kamera mikroskopi Nikon DS-Qi2"},{"@type":"BreadcrumbList","@id":"https:\/\/www.bergmanlabora.se\/fi\/tuote\/nikon-ds-50\/#breadcrumb","itemListElement":[{"@type":"ListItem","position":1,"name":"Helma","item":"https:\/\/www.bergmanlabora.se\/fi\/maailman-johtavat-laboratoriolaitteet-biotieteille-ja-teollisuudelle\/"},{"@type":"ListItem","position":2,"name":"Webbutik","item":"https:\/\/www.bergmanlabora.se\/webbutik\/"},{"@type":"ListItem","position":3,"name":"Nikon Digital Sight 50M"}]},{"@type":"WebSite","@id":"https:\/\/www.bergmanlabora.se\/fi\/#website","url":"https:\/\/www.bergmanlabora.se\/fi\/","name":"BergmanLabora","description":"En av Sveriges ledande leverant\u00f6rer till den svenska laboratoriemarknaden","potentialAction":[{"@type":"SearchAction","target":{"@type":"EntryPoint","urlTemplate":"https:\/\/www.bergmanlabora.se\/fi\/?s={search_term_string}"},"query-input":{"@type":"PropertyValueSpecification","valueRequired":true,"valueName":"search_term_string"}}],"inLanguage":"fi"}]}},"_links":{"self":[{"href":"https:\/\/www.bergmanlabora.se\/fi\/wp-json\/wp\/v2\/product\/695","targetHints":{"allow":["GET"]}}],"collection":[{"href":"https:\/\/www.bergmanlabora.se\/fi\/wp-json\/wp\/v2\/product"}],"about":[{"href":"https:\/\/www.bergmanlabora.se\/fi\/wp-json\/wp\/v2\/types\/product"}],"wp:featuredmedia":[{"embeddable":true,"href":"https:\/\/www.bergmanlabora.se\/fi\/wp-json\/wp\/v2\/media\/4972"}],"wp:attachment":[{"href":"https:\/\/www.bergmanlabora.se\/fi\/wp-json\/wp\/v2\/media?parent=695"}],"wp:term":[{"taxonomy":"product_brand","embeddable":true,"href":"https:\/\/www.bergmanlabora.se\/fi\/wp-json\/wp\/v2\/product_brand?post=695"},{"taxonomy":"product_cat","embeddable":true,"href":"https:\/\/www.bergmanlabora.se\/fi\/wp-json\/wp\/v2\/product_cat?post=695"},{"taxonomy":"product_tag","embeddable":true,"href":"https:\/\/www.bergmanlabora.se\/fi\/wp-json\/wp\/v2\/product_tag?post=695"}],"curies":[{"name":"wp","href":"https:\/\/api.w.org\/{rel}","templated":true}]}}