{"id":685,"date":"2021-04-27T10:44:42","date_gmt":"2021-04-27T08:44:42","guid":{"rendered":"https:\/\/www.stage.bergmanlabora.se\/produkt\/coolled-pe-800\/"},"modified":"2023-06-19T16:30:57","modified_gmt":"2023-06-19T14:30:57","slug":"coolled-pe-800","status":"publish","type":"product","link":"https:\/\/www.bergmanlabora.se\/fi\/tuote\/coolled-pe-800\/","title":{"rendered":"CoolLED pE-800"},"content":{"rendered":"<p>pE-800 \u00e4r en LED-fluorescensbelysning d\u00e4r man snabbt kan v\u00e4xla mellan 8 olika v\u00e5gl\u00e4ngder. Den anv\u00e4nder sig av senaste LED-teknologier som levererar h\u00f6g intensitet \u00f6ver hela spektrumet 365nm \u2013 740nm.<\/p>\n<p>pE-800 styrs fr\u00e5n PC antingen fr\u00e5n medf\u00f6ljande LightBrige programvaran eller andra programvaror s\u00e5som NIS-Elements eller \u00b5Manager. Perfekt f\u00f6r att minimera fototoxicitet och blekning av fluorokromer. Med dubbel-\/trippelfilter i mikroskopet erh\u00e5lls m\u00f6jligheten att inom 1ms v\u00e4xla mellan excitationsv\u00e5gl\u00e4ngderna. Perfekt f\u00f6r optogenetik, elektrofysiologi eller timelapse fluorescensapplikationer utan behov av externa filterhjul.<\/p>\n<p>pE-800 kan kontrolleras fr\u00e5n mjukvaran NIS Elements via USB eller TTL.<\/p>\n<h3>LED-belysningsenhet pE-800 erbjuder:<\/h3>\n<ul>\n<li>8 olika v\u00e5gl\u00e4ngder (365 eller 400, 435, 470, 500, 550, 580, 635 och 740)<\/li>\n<li>Brett spektrum - t\u00e4cker UV (DAPI) till NIR (Cy7)<\/li>\n<li>Utrymme f\u00f6r excitationsfilter<\/li>\n<li>Kontroll via mjukvara<\/li>\n<\/ul>\n<p><strong>Enkel att anv\u00e4nda<\/strong><br \/>\nKopplas enkelt direkt till mikroskopet via en ljusledare<br \/>\nOmedelbar p\u00e5\/av-funktion \u2013 Ingen uppv\u00e4rmning eller avkylning kr\u00e4vs<br \/>\nStabil och repeterbar \u2013 p\u00e5litliga och konsekventa resultat<br \/>\nExakt intensitetskontroll av valt v\u00e5gl\u00e4ngdsomr\u00e5de i 1% steg (0-100%) \u2013 inga ND-filter kr\u00e4vs<br \/>\nUtm\u00e4rkt ljusspridning \u00f6ver synf\u00e4ltet \u2013 stabil och underh\u00e5llsfri<br \/>\nL\u00e5ng livstid \u2013 f\u00f6rv\u00e4ntas \u00f6verstiga 25 000 timmar i driftstid<br \/>\nInga lampbyten eller f\u00f6rbrukningsvaror<\/p>\n<p>&nbsp;<\/p>\n<h3>Kontakta produktspecialist:<\/h3>\n<table class=\"kontaktpersoner\">\n<tbody>\n<tr>\n<td><img decoding=\"async\" class=\"alignnone size-full wp-image-947 lazyload\" data-src=\"https:\/\/www.bergmanlabora.se\/wp-content\/uploads\/2021\/05\/Torgeir.png\" alt=\"\" width=\"200\" height=\"200\" src=\"data:image\/svg+xml;base64,PHN2ZyB3aWR0aD0iMSIgaGVpZ2h0PSIxIiB4bWxucz0iaHR0cDovL3d3dy53My5vcmcvMjAwMC9zdmciPjwvc3ZnPg==\" style=\"--smush-placeholder-width: 200px; --smush-placeholder-aspect-ratio: 200\/200;\" \/><\/p>\n<p><strong>Torgeir Dahlen<\/strong><br \/>\ntorgeir.dahlen@bergmanlabora.se<br \/>\nTel: 08-625 18 01<\/td>\n<td><img decoding=\"async\" class=\"alignnone size-full wp-image-943 lazyload\" data-src=\"https:\/\/www.bergmanlabora.se\/wp-content\/uploads\/2021\/05\/Johan.png\" alt=\"\" width=\"200\" height=\"200\" src=\"data:image\/svg+xml;base64,PHN2ZyB3aWR0aD0iMSIgaGVpZ2h0PSIxIiB4bWxucz0iaHR0cDovL3d3dy53My5vcmcvMjAwMC9zdmciPjwvc3ZnPg==\" style=\"--smush-placeholder-width: 200px; --smush-placeholder-aspect-ratio: 200\/200;\" \/><\/p>\n<p><strong>Johan Sternemalm<\/strong><br \/>\njohan.sternemalm@bergmanlabora.se<br \/>\nTel: 031-10 54 40<\/td>\n<\/tr>\n<\/tbody>\n<\/table>\n","protected":false},"excerpt":{"rendered":"<p>8-kanals LED-belysning f\u00f6r fluorescensmikroskopi (med excitation 365-740nm) fr\u00e5n DAPI till Cy7<\/p>\n","protected":false},"featured_media":1703,"template":"","meta":[],"product_brand":[],"product_cat":[75,36,135,20],"product_tag":[],"class_list":{"0":"post-685","1":"product","2":"type-product","3":"status-publish","4":"has-post-thumbnail","6":"product_cat-coolled","7":"product_cat-fluorescensbelysning","8":"product_cat-lifescience-kliniska-applikationer","9":"product_cat-mikroskopi","11":"first","12":"instock","13":"shipping-taxable","14":"purchasable","15":"product-type-simple"},"yoast_head":"<!-- This site is optimized with the Yoast SEO plugin v27.2 - https:\/\/yoast.com\/product\/yoast-seo-wordpress\/ -->\n<title>CoolLED pE-800 - BergmanLabora<\/title>\n<meta name=\"robots\" content=\"index, follow, max-snippet:-1, max-image-preview:large, max-video-preview:-1\" \/>\n<link rel=\"canonical\" href=\"https:\/\/www.bergmanlabora.se\/fi\/tuote\/coolled-pe-800\/\" \/>\n<meta property=\"og:locale\" content=\"fi_FI\" \/>\n<meta property=\"og:type\" content=\"article\" \/>\n<meta property=\"og:title\" content=\"CoolLED pE-800 - BergmanLabora\" \/>\n<meta property=\"og:description\" content=\"8-kanals LED-belysning f\u00f6r fluorescensmikroskopi (med excitation 365-740nm) fr\u00e5n DAPI till Cy7\" \/>\n<meta property=\"og:url\" content=\"https:\/\/www.bergmanlabora.se\/fi\/tuote\/coolled-pe-800\/\" \/>\n<meta property=\"og:site_name\" content=\"BergmanLabora\" \/>\n<meta property=\"article:publisher\" content=\"https:\/\/www.facebook.com\/bergmanlabora\/\" \/>\n<meta property=\"article:modified_time\" content=\"2023-06-19T14:30:57+00:00\" \/>\n<meta property=\"og:image\" content=\"https:\/\/www.bergmanlabora.se\/wp-content\/uploads\/2021\/04\/MIK41_1.jpg\" \/>\n\t<meta property=\"og:image:width\" content=\"800\" \/>\n\t<meta property=\"og:image:height\" content=\"800\" \/>\n\t<meta property=\"og:image:type\" content=\"image\/jpeg\" \/>\n<meta name=\"twitter:card\" content=\"summary_large_image\" \/>\n<meta name=\"twitter:label1\" content=\"Arvioitu lukuaika\" \/>\n\t<meta name=\"twitter:data1\" content=\"1 minuutti\" \/>\n<script type=\"application\/ld+json\" class=\"yoast-schema-graph\">{\"@context\":\"https:\/\/schema.org\",\"@graph\":[{\"@type\":\"WebPage\",\"@id\":\"https:\/\/www.bergmanlabora.se\/fi\/tuote\/coolled-pe-800\/\",\"url\":\"https:\/\/www.bergmanlabora.se\/fi\/tuote\/coolled-pe-800\/\",\"name\":\"CoolLED pE-800 - BergmanLabora\",\"isPartOf\":{\"@id\":\"https:\/\/www.bergmanlabora.se\/fi\/#website\"},\"primaryImageOfPage\":{\"@id\":\"https:\/\/www.bergmanlabora.se\/fi\/tuote\/coolled-pe-800\/#primaryimage\"},\"image\":{\"@id\":\"https:\/\/www.bergmanlabora.se\/fi\/tuote\/coolled-pe-800\/#primaryimage\"},\"thumbnailUrl\":\"https:\/\/www.bergmanlabora.se\/wp-content\/uploads\/2021\/04\/MIK41_1.jpg\",\"datePublished\":\"2021-04-27T08:44:42+00:00\",\"dateModified\":\"2023-06-19T14:30:57+00:00\",\"breadcrumb\":{\"@id\":\"https:\/\/www.bergmanlabora.se\/fi\/tuote\/coolled-pe-800\/#breadcrumb\"},\"inLanguage\":\"fi\",\"potentialAction\":[{\"@type\":\"ReadAction\",\"target\":[\"https:\/\/www.bergmanlabora.se\/fi\/tuote\/coolled-pe-800\/\"]}]},{\"@type\":\"ImageObject\",\"inLanguage\":\"fi\",\"@id\":\"https:\/\/www.bergmanlabora.se\/fi\/tuote\/coolled-pe-800\/#primaryimage\",\"url\":\"https:\/\/www.bergmanlabora.se\/wp-content\/uploads\/2021\/04\/MIK41_1.jpg\",\"contentUrl\":\"https:\/\/www.bergmanlabora.se\/wp-content\/uploads\/2021\/04\/MIK41_1.jpg\",\"width\":800,\"height\":800,\"caption\":\"Mikroskopi fluorescensbelysning CoolLED pE-800\"},{\"@type\":\"BreadcrumbList\",\"@id\":\"https:\/\/www.bergmanlabora.se\/fi\/tuote\/coolled-pe-800\/#breadcrumb\",\"itemListElement\":[{\"@type\":\"ListItem\",\"position\":1,\"name\":\"Helma\",\"item\":\"https:\/\/www.bergmanlabora.se\/fi\/maailman-johtavat-laboratoriolaitteet-biotieteille-ja-teollisuudelle\/\"},{\"@type\":\"ListItem\",\"position\":2,\"name\":\"Webbutik\",\"item\":\"https:\/\/www.bergmanlabora.se\/webbutik\/\"},{\"@type\":\"ListItem\",\"position\":3,\"name\":\"CoolLED pE-800\"}]},{\"@type\":\"WebSite\",\"@id\":\"https:\/\/www.bergmanlabora.se\/fi\/#website\",\"url\":\"https:\/\/www.bergmanlabora.se\/fi\/\",\"name\":\"BergmanLabora\",\"description\":\"En av Sveriges ledande leverant\u00f6rer till den svenska laboratoriemarknaden\",\"potentialAction\":[{\"@type\":\"SearchAction\",\"target\":{\"@type\":\"EntryPoint\",\"urlTemplate\":\"https:\/\/www.bergmanlabora.se\/fi\/?s={search_term_string}\"},\"query-input\":{\"@type\":\"PropertyValueSpecification\",\"valueRequired\":true,\"valueName\":\"search_term_string\"}}],\"inLanguage\":\"fi\"}]}<\/script>\n<!-- \/ Yoast SEO plugin. -->","yoast_head_json":{"title":"CoolLED pE-800 - BergmanLabora","robots":{"index":"index","follow":"follow","max-snippet":"max-snippet:-1","max-image-preview":"max-image-preview:large","max-video-preview":"max-video-preview:-1"},"canonical":"https:\/\/www.bergmanlabora.se\/fi\/tuote\/coolled-pe-800\/","og_locale":"fi_FI","og_type":"article","og_title":"CoolLED pE-800 - BergmanLabora","og_description":"8-kanals LED-belysning f\u00f6r fluorescensmikroskopi (med excitation 365-740nm) fr\u00e5n DAPI till Cy7","og_url":"https:\/\/www.bergmanlabora.se\/fi\/tuote\/coolled-pe-800\/","og_site_name":"BergmanLabora","article_publisher":"https:\/\/www.facebook.com\/bergmanlabora\/","article_modified_time":"2023-06-19T14:30:57+00:00","og_image":[{"width":800,"height":800,"url":"https:\/\/www.bergmanlabora.se\/wp-content\/uploads\/2021\/04\/MIK41_1.jpg","type":"image\/jpeg"}],"twitter_card":"summary_large_image","twitter_misc":{"Arvioitu lukuaika":"1 minuutti"},"schema":{"@context":"https:\/\/schema.org","@graph":[{"@type":"WebPage","@id":"https:\/\/www.bergmanlabora.se\/fi\/tuote\/coolled-pe-800\/","url":"https:\/\/www.bergmanlabora.se\/fi\/tuote\/coolled-pe-800\/","name":"CoolLED pE-800 - BergmanLabora","isPartOf":{"@id":"https:\/\/www.bergmanlabora.se\/fi\/#website"},"primaryImageOfPage":{"@id":"https:\/\/www.bergmanlabora.se\/fi\/tuote\/coolled-pe-800\/#primaryimage"},"image":{"@id":"https:\/\/www.bergmanlabora.se\/fi\/tuote\/coolled-pe-800\/#primaryimage"},"thumbnailUrl":"https:\/\/www.bergmanlabora.se\/wp-content\/uploads\/2021\/04\/MIK41_1.jpg","datePublished":"2021-04-27T08:44:42+00:00","dateModified":"2023-06-19T14:30:57+00:00","breadcrumb":{"@id":"https:\/\/www.bergmanlabora.se\/fi\/tuote\/coolled-pe-800\/#breadcrumb"},"inLanguage":"fi","potentialAction":[{"@type":"ReadAction","target":["https:\/\/www.bergmanlabora.se\/fi\/tuote\/coolled-pe-800\/"]}]},{"@type":"ImageObject","inLanguage":"fi","@id":"https:\/\/www.bergmanlabora.se\/fi\/tuote\/coolled-pe-800\/#primaryimage","url":"https:\/\/www.bergmanlabora.se\/wp-content\/uploads\/2021\/04\/MIK41_1.jpg","contentUrl":"https:\/\/www.bergmanlabora.se\/wp-content\/uploads\/2021\/04\/MIK41_1.jpg","width":800,"height":800,"caption":"Mikroskopi fluorescensbelysning CoolLED pE-800"},{"@type":"BreadcrumbList","@id":"https:\/\/www.bergmanlabora.se\/fi\/tuote\/coolled-pe-800\/#breadcrumb","itemListElement":[{"@type":"ListItem","position":1,"name":"Helma","item":"https:\/\/www.bergmanlabora.se\/fi\/maailman-johtavat-laboratoriolaitteet-biotieteille-ja-teollisuudelle\/"},{"@type":"ListItem","position":2,"name":"Webbutik","item":"https:\/\/www.bergmanlabora.se\/webbutik\/"},{"@type":"ListItem","position":3,"name":"CoolLED pE-800"}]},{"@type":"WebSite","@id":"https:\/\/www.bergmanlabora.se\/fi\/#website","url":"https:\/\/www.bergmanlabora.se\/fi\/","name":"BergmanLabora","description":"En av Sveriges ledande leverant\u00f6rer till den svenska laboratoriemarknaden","potentialAction":[{"@type":"SearchAction","target":{"@type":"EntryPoint","urlTemplate":"https:\/\/www.bergmanlabora.se\/fi\/?s={search_term_string}"},"query-input":{"@type":"PropertyValueSpecification","valueRequired":true,"valueName":"search_term_string"}}],"inLanguage":"fi"}]}},"_links":{"self":[{"href":"https:\/\/www.bergmanlabora.se\/fi\/wp-json\/wp\/v2\/product\/685","targetHints":{"allow":["GET"]}}],"collection":[{"href":"https:\/\/www.bergmanlabora.se\/fi\/wp-json\/wp\/v2\/product"}],"about":[{"href":"https:\/\/www.bergmanlabora.se\/fi\/wp-json\/wp\/v2\/types\/product"}],"wp:featuredmedia":[{"embeddable":true,"href":"https:\/\/www.bergmanlabora.se\/fi\/wp-json\/wp\/v2\/media\/1703"}],"wp:attachment":[{"href":"https:\/\/www.bergmanlabora.se\/fi\/wp-json\/wp\/v2\/media?parent=685"}],"wp:term":[{"taxonomy":"product_brand","embeddable":true,"href":"https:\/\/www.bergmanlabora.se\/fi\/wp-json\/wp\/v2\/product_brand?post=685"},{"taxonomy":"product_cat","embeddable":true,"href":"https:\/\/www.bergmanlabora.se\/fi\/wp-json\/wp\/v2\/product_cat?post=685"},{"taxonomy":"product_tag","embeddable":true,"href":"https:\/\/www.bergmanlabora.se\/fi\/wp-json\/wp\/v2\/product_tag?post=685"}],"curies":[{"name":"wp","href":"https:\/\/api.w.org\/{rel}","templated":true}]}}