{"id":683,"date":"2021-04-27T10:44:42","date_gmt":"2021-04-27T08:44:42","guid":{"rendered":"https:\/\/www.stage.bergmanlabora.se\/produkt\/coolled-pe-100\/"},"modified":"2023-06-19T16:30:58","modified_gmt":"2023-06-19T14:30:58","slug":"coolled-pe-100","status":"publish","type":"product","link":"https:\/\/www.bergmanlabora.se\/fi\/tuote\/coolled-pe-100\/","title":{"rendered":"CoolLED pE-100"},"content":{"rendered":"<p>pE-100 \u00e4r en fluorescens LED-belysning utvecklad f\u00f6r applikationer som kr\u00e4ver endast en excitationsv\u00e5gl\u00e4ngd. Den ers\u00e4tter den traditionella kvicksilverlampan och \u00e4r perfekt f\u00f6r kliniska till\u00e4mpningar s\u00e5 som rutinm\u00e4ssig screening, men \u00e4ven f\u00f6r forskningsapplikationer som kr\u00e4ver exakt intensitetkontroll. Den t\u00e4nds och sl\u00e4cks som en vanlig lampa och kr\u00e4ver ingen uppv\u00e4rmning eller avkylning. Med sina 25 000 brinntimmar \u00e4r den ett mycket prisv\u00e4rt och stabilt alternativ till en kvicksilverlampa. Du kan v\u00e4lja mellan 20 olika LED-v\u00e5gl\u00e4ngder, fr\u00e5n n\u00e4ra UV, 365 nm, till n\u00e4ra IR, 770 nm. Systemet best\u00e5r av en pE-100 LED-ljusk\u00e4lla, kontrollenhet och str\u00f6mf\u00f6rs\u00f6rjning.<\/p>\n<p><a href=\"https:\/\/www.bergmanlabora.se\/wp-content\/uploads\/2021\/04\/MIK39_2.jpg\"><img decoding=\"async\" class=\"alignnone wp-image-1697 size-full lazyload\" data-src=\"https:\/\/www.bergmanlabora.se\/wp-content\/uploads\/2021\/04\/MIK39_2.jpg\" alt=\"\" width=\"800\" height=\"351\" data-srcset=\"https:\/\/www.bergmanlabora.se\/wp-content\/uploads\/2021\/04\/MIK39_2-200x88.jpg 200w, https:\/\/www.bergmanlabora.se\/wp-content\/uploads\/2021\/04\/MIK39_2-300x132.jpg 300w, https:\/\/www.bergmanlabora.se\/wp-content\/uploads\/2021\/04\/MIK39_2-400x176.jpg 400w, https:\/\/www.bergmanlabora.se\/wp-content\/uploads\/2021\/04\/MIK39_2-500x219.jpg 500w, https:\/\/www.bergmanlabora.se\/wp-content\/uploads\/2021\/04\/MIK39_2-600x263.jpg 600w, https:\/\/www.bergmanlabora.se\/wp-content\/uploads\/2021\/04\/MIK39_2-700x307.jpg 700w, https:\/\/www.bergmanlabora.se\/wp-content\/uploads\/2021\/04\/MIK39_2-768x337.jpg 768w, https:\/\/www.bergmanlabora.se\/wp-content\/uploads\/2021\/04\/MIK39_2.jpg 800w\" data-sizes=\"(max-width: 800px) 100vw, 800px\" src=\"data:image\/svg+xml;base64,PHN2ZyB3aWR0aD0iMSIgaGVpZ2h0PSIxIiB4bWxucz0iaHR0cDovL3d3dy53My5vcmcvMjAwMC9zdmciPjwvc3ZnPg==\" style=\"--smush-placeholder-width: 800px; --smush-placeholder-aspect-ratio: 800\/351;\" \/><\/a><\/p>\n<h3>Tre olika standardutf\u00f6randen:<\/h3>\n<p><strong>Direktkopplad<\/strong><br \/>\nAnsluts till mikroskopet via en adapter som passar just ditt mikroskop. Det finns adaptrar f\u00f6r b\u00e5de nya och \u00e4ldre modeller. En enkel justering ger optimal ljusspridning \u00f6ver hela synf\u00e4ltet.<\/p>\n<p><strong>Ljusledare<\/strong><br \/>\nOm inte direktkoppling \u00e4r m\u00f6jlig kan pE-100 anslutas via en ljusledare (Liquid Light Guide) som \u00e4r 3mm i diameter. \u00c4ven h\u00e4r finns adaptrar f\u00f6r de allra flesta mikroskopmodeller.<\/p>\n<p><strong>Optisk fiber<\/strong><br \/>\npE-100 har designats f\u00f6r att \u00e4ven kunna kopplas till en multimode fiber (SMA-koppling). pE-100-F erbjuder \u00e4ven utrymme f\u00f6r exempelvis ett excitationsfilter innan ljuset leds in i fibern.<\/p>\n<p>&nbsp;<\/p>\n<h3>Kontakta produktspecialist:<\/h3>\n<table class=\"kontaktpersoner\">\n<tbody>\n<tr>\n<td><img decoding=\"async\" class=\"alignnone size-full wp-image-947 lazyload\" data-src=\"https:\/\/www.bergmanlabora.se\/wp-content\/uploads\/2021\/05\/Torgeir.png\" alt=\"\" width=\"200\" height=\"200\" src=\"data:image\/svg+xml;base64,PHN2ZyB3aWR0aD0iMSIgaGVpZ2h0PSIxIiB4bWxucz0iaHR0cDovL3d3dy53My5vcmcvMjAwMC9zdmciPjwvc3ZnPg==\" style=\"--smush-placeholder-width: 200px; --smush-placeholder-aspect-ratio: 200\/200;\" \/><\/p>\n<p><strong>Torgeir Dahlen<\/strong><br \/>\ntorgeir.dahlen@bergmanlabora.se<br \/>\nTel: 08-625 18 01<\/td>\n<td><img decoding=\"async\" class=\"alignnone size-full wp-image-943 lazyload\" data-src=\"https:\/\/www.bergmanlabora.se\/wp-content\/uploads\/2021\/05\/Johan.png\" alt=\"\" width=\"200\" height=\"200\" src=\"data:image\/svg+xml;base64,PHN2ZyB3aWR0aD0iMSIgaGVpZ2h0PSIxIiB4bWxucz0iaHR0cDovL3d3dy53My5vcmcvMjAwMC9zdmciPjwvc3ZnPg==\" style=\"--smush-placeholder-width: 200px; --smush-placeholder-aspect-ratio: 200\/200;\" \/><\/p>\n<p><strong>Johan Sternemalm<\/strong><br \/>\njohan.sternemalm@bergmanlabora.se<br \/>\nTel: 031-10 54 40<\/td>\n<\/tr>\n<\/tbody>\n<\/table>\n","protected":false},"excerpt":{"rendered":"<p>LED-belysning f\u00f6r fluorescensmikroskopi med en v\u00e5gl\u00e4ngd<\/p>\n","protected":false},"featured_media":1696,"template":"","meta":[],"product_brand":[],"product_cat":[75,36,135,20],"product_tag":[],"class_list":{"0":"post-683","1":"product","2":"type-product","3":"status-publish","4":"has-post-thumbnail","6":"product_cat-coolled","7":"product_cat-fluorescensbelysning","8":"product_cat-lifescience-kliniska-applikationer","9":"product_cat-mikroskopi","11":"first","12":"instock","13":"shipping-taxable","14":"purchasable","15":"product-type-simple"},"yoast_head":"<!-- This site is optimized with the Yoast SEO plugin v27.2 - https:\/\/yoast.com\/product\/yoast-seo-wordpress\/ -->\n<title>CoolLED pE-100 - BergmanLabora<\/title>\n<meta name=\"robots\" content=\"index, follow, max-snippet:-1, max-image-preview:large, max-video-preview:-1\" \/>\n<link rel=\"canonical\" href=\"https:\/\/www.bergmanlabora.se\/fi\/tuote\/coolled-pe-100\/\" \/>\n<meta property=\"og:locale\" content=\"fi_FI\" \/>\n<meta property=\"og:type\" content=\"article\" \/>\n<meta property=\"og:title\" content=\"CoolLED pE-100 - BergmanLabora\" \/>\n<meta property=\"og:description\" content=\"LED-belysning f\u00f6r fluorescensmikroskopi med en v\u00e5gl\u00e4ngd\" \/>\n<meta property=\"og:url\" content=\"https:\/\/www.bergmanlabora.se\/fi\/tuote\/coolled-pe-100\/\" \/>\n<meta property=\"og:site_name\" content=\"BergmanLabora\" \/>\n<meta property=\"article:publisher\" content=\"https:\/\/www.facebook.com\/bergmanlabora\/\" \/>\n<meta property=\"article:modified_time\" content=\"2023-06-19T14:30:58+00:00\" \/>\n<meta property=\"og:image\" content=\"https:\/\/www.bergmanlabora.se\/wp-content\/uploads\/2021\/04\/MIK39_1.jpg\" \/>\n\t<meta property=\"og:image:width\" content=\"800\" \/>\n\t<meta property=\"og:image:height\" content=\"800\" \/>\n\t<meta property=\"og:image:type\" content=\"image\/jpeg\" \/>\n<meta name=\"twitter:card\" content=\"summary_large_image\" \/>\n<meta name=\"twitter:label1\" content=\"Arvioitu lukuaika\" \/>\n\t<meta name=\"twitter:data1\" content=\"1 minuutti\" \/>\n<script type=\"application\/ld+json\" class=\"yoast-schema-graph\">{\"@context\":\"https:\/\/schema.org\",\"@graph\":[{\"@type\":\"WebPage\",\"@id\":\"https:\/\/www.bergmanlabora.se\/fi\/tuote\/coolled-pe-100\/\",\"url\":\"https:\/\/www.bergmanlabora.se\/fi\/tuote\/coolled-pe-100\/\",\"name\":\"CoolLED pE-100 - BergmanLabora\",\"isPartOf\":{\"@id\":\"https:\/\/www.bergmanlabora.se\/fi\/#website\"},\"primaryImageOfPage\":{\"@id\":\"https:\/\/www.bergmanlabora.se\/fi\/tuote\/coolled-pe-100\/#primaryimage\"},\"image\":{\"@id\":\"https:\/\/www.bergmanlabora.se\/fi\/tuote\/coolled-pe-100\/#primaryimage\"},\"thumbnailUrl\":\"https:\/\/www.bergmanlabora.se\/wp-content\/uploads\/2021\/04\/MIK39_1.jpg\",\"datePublished\":\"2021-04-27T08:44:42+00:00\",\"dateModified\":\"2023-06-19T14:30:58+00:00\",\"breadcrumb\":{\"@id\":\"https:\/\/www.bergmanlabora.se\/fi\/tuote\/coolled-pe-100\/#breadcrumb\"},\"inLanguage\":\"fi\",\"potentialAction\":[{\"@type\":\"ReadAction\",\"target\":[\"https:\/\/www.bergmanlabora.se\/fi\/tuote\/coolled-pe-100\/\"]}]},{\"@type\":\"ImageObject\",\"inLanguage\":\"fi\",\"@id\":\"https:\/\/www.bergmanlabora.se\/fi\/tuote\/coolled-pe-100\/#primaryimage\",\"url\":\"https:\/\/www.bergmanlabora.se\/wp-content\/uploads\/2021\/04\/MIK39_1.jpg\",\"contentUrl\":\"https:\/\/www.bergmanlabora.se\/wp-content\/uploads\/2021\/04\/MIK39_1.jpg\",\"width\":800,\"height\":800,\"caption\":\"CoolLED pE-100 Mikroskopi fluorescensbelysning\"},{\"@type\":\"BreadcrumbList\",\"@id\":\"https:\/\/www.bergmanlabora.se\/fi\/tuote\/coolled-pe-100\/#breadcrumb\",\"itemListElement\":[{\"@type\":\"ListItem\",\"position\":1,\"name\":\"Helma\",\"item\":\"https:\/\/www.bergmanlabora.se\/fi\/maailman-johtavat-laboratoriolaitteet-biotieteille-ja-teollisuudelle\/\"},{\"@type\":\"ListItem\",\"position\":2,\"name\":\"Webbutik\",\"item\":\"https:\/\/www.bergmanlabora.se\/webbutik\/\"},{\"@type\":\"ListItem\",\"position\":3,\"name\":\"CoolLED pE-100\"}]},{\"@type\":\"WebSite\",\"@id\":\"https:\/\/www.bergmanlabora.se\/fi\/#website\",\"url\":\"https:\/\/www.bergmanlabora.se\/fi\/\",\"name\":\"BergmanLabora\",\"description\":\"En av Sveriges ledande leverant\u00f6rer till den svenska laboratoriemarknaden\",\"potentialAction\":[{\"@type\":\"SearchAction\",\"target\":{\"@type\":\"EntryPoint\",\"urlTemplate\":\"https:\/\/www.bergmanlabora.se\/fi\/?s={search_term_string}\"},\"query-input\":{\"@type\":\"PropertyValueSpecification\",\"valueRequired\":true,\"valueName\":\"search_term_string\"}}],\"inLanguage\":\"fi\"}]}<\/script>\n<!-- \/ Yoast SEO plugin. -->","yoast_head_json":{"title":"CoolLED pE-100 - BergmanLabora","robots":{"index":"index","follow":"follow","max-snippet":"max-snippet:-1","max-image-preview":"max-image-preview:large","max-video-preview":"max-video-preview:-1"},"canonical":"https:\/\/www.bergmanlabora.se\/fi\/tuote\/coolled-pe-100\/","og_locale":"fi_FI","og_type":"article","og_title":"CoolLED pE-100 - BergmanLabora","og_description":"LED-belysning f\u00f6r fluorescensmikroskopi med en v\u00e5gl\u00e4ngd","og_url":"https:\/\/www.bergmanlabora.se\/fi\/tuote\/coolled-pe-100\/","og_site_name":"BergmanLabora","article_publisher":"https:\/\/www.facebook.com\/bergmanlabora\/","article_modified_time":"2023-06-19T14:30:58+00:00","og_image":[{"width":800,"height":800,"url":"https:\/\/www.bergmanlabora.se\/wp-content\/uploads\/2021\/04\/MIK39_1.jpg","type":"image\/jpeg"}],"twitter_card":"summary_large_image","twitter_misc":{"Arvioitu lukuaika":"1 minuutti"},"schema":{"@context":"https:\/\/schema.org","@graph":[{"@type":"WebPage","@id":"https:\/\/www.bergmanlabora.se\/fi\/tuote\/coolled-pe-100\/","url":"https:\/\/www.bergmanlabora.se\/fi\/tuote\/coolled-pe-100\/","name":"CoolLED pE-100 - BergmanLabora","isPartOf":{"@id":"https:\/\/www.bergmanlabora.se\/fi\/#website"},"primaryImageOfPage":{"@id":"https:\/\/www.bergmanlabora.se\/fi\/tuote\/coolled-pe-100\/#primaryimage"},"image":{"@id":"https:\/\/www.bergmanlabora.se\/fi\/tuote\/coolled-pe-100\/#primaryimage"},"thumbnailUrl":"https:\/\/www.bergmanlabora.se\/wp-content\/uploads\/2021\/04\/MIK39_1.jpg","datePublished":"2021-04-27T08:44:42+00:00","dateModified":"2023-06-19T14:30:58+00:00","breadcrumb":{"@id":"https:\/\/www.bergmanlabora.se\/fi\/tuote\/coolled-pe-100\/#breadcrumb"},"inLanguage":"fi","potentialAction":[{"@type":"ReadAction","target":["https:\/\/www.bergmanlabora.se\/fi\/tuote\/coolled-pe-100\/"]}]},{"@type":"ImageObject","inLanguage":"fi","@id":"https:\/\/www.bergmanlabora.se\/fi\/tuote\/coolled-pe-100\/#primaryimage","url":"https:\/\/www.bergmanlabora.se\/wp-content\/uploads\/2021\/04\/MIK39_1.jpg","contentUrl":"https:\/\/www.bergmanlabora.se\/wp-content\/uploads\/2021\/04\/MIK39_1.jpg","width":800,"height":800,"caption":"CoolLED pE-100 Mikroskopi fluorescensbelysning"},{"@type":"BreadcrumbList","@id":"https:\/\/www.bergmanlabora.se\/fi\/tuote\/coolled-pe-100\/#breadcrumb","itemListElement":[{"@type":"ListItem","position":1,"name":"Helma","item":"https:\/\/www.bergmanlabora.se\/fi\/maailman-johtavat-laboratoriolaitteet-biotieteille-ja-teollisuudelle\/"},{"@type":"ListItem","position":2,"name":"Webbutik","item":"https:\/\/www.bergmanlabora.se\/webbutik\/"},{"@type":"ListItem","position":3,"name":"CoolLED pE-100"}]},{"@type":"WebSite","@id":"https:\/\/www.bergmanlabora.se\/fi\/#website","url":"https:\/\/www.bergmanlabora.se\/fi\/","name":"BergmanLabora","description":"En av Sveriges ledande leverant\u00f6rer till den svenska laboratoriemarknaden","potentialAction":[{"@type":"SearchAction","target":{"@type":"EntryPoint","urlTemplate":"https:\/\/www.bergmanlabora.se\/fi\/?s={search_term_string}"},"query-input":{"@type":"PropertyValueSpecification","valueRequired":true,"valueName":"search_term_string"}}],"inLanguage":"fi"}]}},"_links":{"self":[{"href":"https:\/\/www.bergmanlabora.se\/fi\/wp-json\/wp\/v2\/product\/683","targetHints":{"allow":["GET"]}}],"collection":[{"href":"https:\/\/www.bergmanlabora.se\/fi\/wp-json\/wp\/v2\/product"}],"about":[{"href":"https:\/\/www.bergmanlabora.se\/fi\/wp-json\/wp\/v2\/types\/product"}],"wp:featuredmedia":[{"embeddable":true,"href":"https:\/\/www.bergmanlabora.se\/fi\/wp-json\/wp\/v2\/media\/1696"}],"wp:attachment":[{"href":"https:\/\/www.bergmanlabora.se\/fi\/wp-json\/wp\/v2\/media?parent=683"}],"wp:term":[{"taxonomy":"product_brand","embeddable":true,"href":"https:\/\/www.bergmanlabora.se\/fi\/wp-json\/wp\/v2\/product_brand?post=683"},{"taxonomy":"product_cat","embeddable":true,"href":"https:\/\/www.bergmanlabora.se\/fi\/wp-json\/wp\/v2\/product_cat?post=683"},{"taxonomy":"product_tag","embeddable":true,"href":"https:\/\/www.bergmanlabora.se\/fi\/wp-json\/wp\/v2\/product_tag?post=683"}],"curies":[{"name":"wp","href":"https:\/\/api.w.org\/{rel}","templated":true}]}}