{"id":682,"date":"2021-04-27T10:44:42","date_gmt":"2021-04-27T08:44:42","guid":{"rendered":"https:\/\/www.stage.bergmanlabora.se\/produkt\/nikon-matmikroskop-mm200-400-800\/"},"modified":"2024-10-14T11:38:48","modified_gmt":"2024-10-14T09:38:48","slug":"nikon-matmikroskop-mm200-400-800","status":"publish","type":"product","link":"https:\/\/www.bergmanlabora.se\/fi\/tuote\/nikon-matmikroskop-mm200-400-800\/","title":{"rendered":"Nikon M\u00e4tmikroskop MM200\/-400\/-800"},"content":{"rendered":"<p>Den kompakta, men \u00e4nd\u00e5 stabila modellen MM-200 kan utrustas med ett m\u00e4tbord med X\/Y-slagl\u00e4ngd 50 x 50 mm och utrymme f\u00f6r prover upp till 110 mm h\u00f6ga. Med sitt monokul\u00e4ra m\u00e4thuvud och 1X, 3X, 5X eller 10X objektiv erbjuds noggranna och tillf\u00f6rlitliga m\u00e4tningar.<\/p>\n<h3>MM-400<\/h3>\n<p>MM-400 ut\u00f6kar m\u00e4tytan upp till 150 x 100 mm med provh\u00f6jd upp till 150 mm och provvikt upp till 15 kg. H\u00e4r kan ni v\u00e4lja mellan monokul\u00e4rt eller binokul\u00e4rt m\u00e4thuvud och Universalmodellen kan \u00e4ven utrustas med en objektivrevolver med plats f\u00f6r upp till 6 st objektiv. M\u00e4tning i Z-led \u00e4r ocks\u00e5 m\u00f6jligt.<\/p>\n<h3>MM-800<\/h3>\n<p>MM-800 \u00e4r st\u00f6rsta modellen och erbjuder m\u00e4tbord med X\/Y-slagl\u00e4ngd upp till 300 x 200 mm, provh\u00f6jd 200 mm och provvikt 20 kg. Binokul\u00e4rt eller trinokul\u00e4rt m\u00e4thuvud som \u00e4ven h\u00e4r kan utrustas med upp till 6 st objektiv beroende p\u00e5 modellvariant. Motoriserad Z-leds m\u00e4tning, focusing aid, integrerad Z-skala och olika belysningsm\u00f6jligheter.<\/p>\n<p>Alla mikroskop kan utrustas med kamera f\u00f6r m\u00e4tning och dokumentation.<\/p>\n<h3>Kontakta produktspecialist:<\/h3>\n<table class=\"kontaktpersoner\">\n<tbody>\n<tr>\n<td><img decoding=\"async\" class=\"alignnone size-full wp-image-947 lazyload\" data-src=\"https:\/\/www.bergmanlabora.se\/wp-content\/uploads\/2021\/05\/Torgeir.png\" alt=\"\" width=\"200\" height=\"200\" src=\"data:image\/svg+xml;base64,PHN2ZyB3aWR0aD0iMSIgaGVpZ2h0PSIxIiB4bWxucz0iaHR0cDovL3d3dy53My5vcmcvMjAwMC9zdmciPjwvc3ZnPg==\" style=\"--smush-placeholder-width: 200px; --smush-placeholder-aspect-ratio: 200\/200;\" \/><\/p>\n<p><strong>Torgeir Dahlen<\/strong><br \/>\ntorgeir.dahlen@bergmanlabora.se<br \/>\nTel: 08-625 18 01<\/td>\n<td><img decoding=\"async\" class=\"alignnone size-full wp-image-943 lazyload\" data-src=\"https:\/\/www.bergmanlabora.se\/wp-content\/uploads\/2021\/05\/Johan.png\" alt=\"\" width=\"200\" height=\"200\" src=\"data:image\/svg+xml;base64,PHN2ZyB3aWR0aD0iMSIgaGVpZ2h0PSIxIiB4bWxucz0iaHR0cDovL3d3dy53My5vcmcvMjAwMC9zdmciPjwvc3ZnPg==\" style=\"--smush-placeholder-width: 200px; --smush-placeholder-aspect-ratio: 200\/200;\" \/><\/p>\n<p><strong>Johan Sternemalm<\/strong><br \/>\njohan.sternemalm@bergmanlabora.se<br \/>\nTel: 031-10 54 40<\/td>\n<\/tr>\n<\/tbody>\n<\/table>\n","protected":false},"excerpt":{"rendered":"<p>MM200\/400\/800 \u00e4r en serie stabila och p\u00e5litliga m\u00e4tmikroskop utvecklade f\u00f6r industriell m\u00e4tning, antingen med eller utan programvara. \u00c4r ett sj\u00e4lvklart val vid behov av den b\u00e4sta m\u00e4ts\u00e4kerheten vid industriella applikationer.<\/p>\n","protected":false},"featured_media":1794,"template":"","meta":[],"product_brand":[],"product_cat":[136,35,20,19],"product_tag":[],"class_list":{"0":"post-682","1":"product","2":"type-product","3":"status-publish","4":"has-post-thumbnail","6":"product_cat-industri-materialanalys","7":"product_cat-matinstrument","8":"product_cat-mikroskopi","9":"product_cat-nikon","11":"first","12":"instock","13":"shipping-taxable","14":"purchasable","15":"product-type-simple"},"yoast_head":"<!-- This site is optimized with the Yoast SEO plugin v27.2 - https:\/\/yoast.com\/product\/yoast-seo-wordpress\/ -->\n<title>Nikon M\u00e4tmikroskop MM200\/-400\/-800 - BergmanLabora<\/title>\n<meta name=\"robots\" content=\"index, follow, max-snippet:-1, max-image-preview:large, max-video-preview:-1\" \/>\n<link rel=\"canonical\" href=\"https:\/\/www.bergmanlabora.se\/fi\/tuote\/nikon-matmikroskop-mm200-400-800\/\" \/>\n<meta property=\"og:locale\" content=\"fi_FI\" \/>\n<meta property=\"og:type\" content=\"article\" \/>\n<meta property=\"og:title\" content=\"Nikon M\u00e4tmikroskop MM200\/-400\/-800 - BergmanLabora\" \/>\n<meta property=\"og:description\" content=\"MM200\/400\/800 \u00e4r en serie stabila och p\u00e5litliga m\u00e4tmikroskop utvecklade f\u00f6r industriell m\u00e4tning, antingen med eller utan programvara. \u00c4r ett sj\u00e4lvklart val vid behov av den b\u00e4sta m\u00e4ts\u00e4kerheten vid industriella applikationer.\" \/>\n<meta property=\"og:url\" content=\"https:\/\/www.bergmanlabora.se\/fi\/tuote\/nikon-matmikroskop-mm200-400-800\/\" \/>\n<meta property=\"og:site_name\" content=\"BergmanLabora\" \/>\n<meta property=\"article:publisher\" content=\"https:\/\/www.facebook.com\/bergmanlabora\/\" \/>\n<meta property=\"article:modified_time\" content=\"2024-10-14T09:38:48+00:00\" \/>\n<meta property=\"og:image\" content=\"https:\/\/www.bergmanlabora.se\/wp-content\/uploads\/2021\/04\/MIK38_1.jpg\" \/>\n\t<meta property=\"og:image:width\" content=\"800\" \/>\n\t<meta property=\"og:image:height\" content=\"800\" \/>\n\t<meta property=\"og:image:type\" content=\"image\/jpeg\" \/>\n<meta name=\"twitter:card\" content=\"summary_large_image\" \/>\n<meta name=\"twitter:label1\" content=\"Arvioitu lukuaika\" \/>\n\t<meta name=\"twitter:data1\" content=\"1 minuutti\" \/>\n<script type=\"application\/ld+json\" class=\"yoast-schema-graph\">{\"@context\":\"https:\/\/schema.org\",\"@graph\":[{\"@type\":\"WebPage\",\"@id\":\"https:\/\/www.bergmanlabora.se\/fi\/tuote\/nikon-matmikroskop-mm200-400-800\/\",\"url\":\"https:\/\/www.bergmanlabora.se\/fi\/tuote\/nikon-matmikroskop-mm200-400-800\/\",\"name\":\"Nikon M\u00e4tmikroskop MM200\/-400\/-800 - BergmanLabora\",\"isPartOf\":{\"@id\":\"https:\/\/www.bergmanlabora.se\/fi\/#website\"},\"primaryImageOfPage\":{\"@id\":\"https:\/\/www.bergmanlabora.se\/fi\/tuote\/nikon-matmikroskop-mm200-400-800\/#primaryimage\"},\"image\":{\"@id\":\"https:\/\/www.bergmanlabora.se\/fi\/tuote\/nikon-matmikroskop-mm200-400-800\/#primaryimage\"},\"thumbnailUrl\":\"https:\/\/www.bergmanlabora.se\/wp-content\/uploads\/2021\/04\/MIK38_1.jpg\",\"datePublished\":\"2021-04-27T08:44:42+00:00\",\"dateModified\":\"2024-10-14T09:38:48+00:00\",\"breadcrumb\":{\"@id\":\"https:\/\/www.bergmanlabora.se\/fi\/tuote\/nikon-matmikroskop-mm200-400-800\/#breadcrumb\"},\"inLanguage\":\"fi\",\"potentialAction\":[{\"@type\":\"ReadAction\",\"target\":[\"https:\/\/www.bergmanlabora.se\/fi\/tuote\/nikon-matmikroskop-mm200-400-800\/\"]}]},{\"@type\":\"ImageObject\",\"inLanguage\":\"fi\",\"@id\":\"https:\/\/www.bergmanlabora.se\/fi\/tuote\/nikon-matmikroskop-mm200-400-800\/#primaryimage\",\"url\":\"https:\/\/www.bergmanlabora.se\/wp-content\/uploads\/2021\/04\/MIK38_1.jpg\",\"contentUrl\":\"https:\/\/www.bergmanlabora.se\/wp-content\/uploads\/2021\/04\/MIK38_1.jpg\",\"width\":800,\"height\":800,\"caption\":\"Mikroskop f\u00f6r optisk m\u00e4tning Nikon M\u00e4tmikroskop MM200\/-400\/-800\"},{\"@type\":\"BreadcrumbList\",\"@id\":\"https:\/\/www.bergmanlabora.se\/fi\/tuote\/nikon-matmikroskop-mm200-400-800\/#breadcrumb\",\"itemListElement\":[{\"@type\":\"ListItem\",\"position\":1,\"name\":\"Helma\",\"item\":\"https:\/\/www.bergmanlabora.se\/fi\/maailman-johtavat-laboratoriolaitteet-biotieteille-ja-teollisuudelle\/\"},{\"@type\":\"ListItem\",\"position\":2,\"name\":\"Webbutik\",\"item\":\"https:\/\/www.bergmanlabora.se\/webbutik\/\"},{\"@type\":\"ListItem\",\"position\":3,\"name\":\"Nikon M\u00e4tmikroskop MM200\/-400\/-800\"}]},{\"@type\":\"WebSite\",\"@id\":\"https:\/\/www.bergmanlabora.se\/fi\/#website\",\"url\":\"https:\/\/www.bergmanlabora.se\/fi\/\",\"name\":\"BergmanLabora\",\"description\":\"En av Sveriges ledande leverant\u00f6rer till den svenska laboratoriemarknaden\",\"potentialAction\":[{\"@type\":\"SearchAction\",\"target\":{\"@type\":\"EntryPoint\",\"urlTemplate\":\"https:\/\/www.bergmanlabora.se\/fi\/?s={search_term_string}\"},\"query-input\":{\"@type\":\"PropertyValueSpecification\",\"valueRequired\":true,\"valueName\":\"search_term_string\"}}],\"inLanguage\":\"fi\"}]}<\/script>\n<!-- \/ Yoast SEO plugin. -->","yoast_head_json":{"title":"Nikon M\u00e4tmikroskop MM200\/-400\/-800 - BergmanLabora","robots":{"index":"index","follow":"follow","max-snippet":"max-snippet:-1","max-image-preview":"max-image-preview:large","max-video-preview":"max-video-preview:-1"},"canonical":"https:\/\/www.bergmanlabora.se\/fi\/tuote\/nikon-matmikroskop-mm200-400-800\/","og_locale":"fi_FI","og_type":"article","og_title":"Nikon M\u00e4tmikroskop MM200\/-400\/-800 - BergmanLabora","og_description":"MM200\/400\/800 \u00e4r en serie stabila och p\u00e5litliga m\u00e4tmikroskop utvecklade f\u00f6r industriell m\u00e4tning, antingen med eller utan programvara. \u00c4r ett sj\u00e4lvklart val vid behov av den b\u00e4sta m\u00e4ts\u00e4kerheten vid industriella applikationer.","og_url":"https:\/\/www.bergmanlabora.se\/fi\/tuote\/nikon-matmikroskop-mm200-400-800\/","og_site_name":"BergmanLabora","article_publisher":"https:\/\/www.facebook.com\/bergmanlabora\/","article_modified_time":"2024-10-14T09:38:48+00:00","og_image":[{"width":800,"height":800,"url":"https:\/\/www.bergmanlabora.se\/wp-content\/uploads\/2021\/04\/MIK38_1.jpg","type":"image\/jpeg"}],"twitter_card":"summary_large_image","twitter_misc":{"Arvioitu lukuaika":"1 minuutti"},"schema":{"@context":"https:\/\/schema.org","@graph":[{"@type":"WebPage","@id":"https:\/\/www.bergmanlabora.se\/fi\/tuote\/nikon-matmikroskop-mm200-400-800\/","url":"https:\/\/www.bergmanlabora.se\/fi\/tuote\/nikon-matmikroskop-mm200-400-800\/","name":"Nikon M\u00e4tmikroskop MM200\/-400\/-800 - BergmanLabora","isPartOf":{"@id":"https:\/\/www.bergmanlabora.se\/fi\/#website"},"primaryImageOfPage":{"@id":"https:\/\/www.bergmanlabora.se\/fi\/tuote\/nikon-matmikroskop-mm200-400-800\/#primaryimage"},"image":{"@id":"https:\/\/www.bergmanlabora.se\/fi\/tuote\/nikon-matmikroskop-mm200-400-800\/#primaryimage"},"thumbnailUrl":"https:\/\/www.bergmanlabora.se\/wp-content\/uploads\/2021\/04\/MIK38_1.jpg","datePublished":"2021-04-27T08:44:42+00:00","dateModified":"2024-10-14T09:38:48+00:00","breadcrumb":{"@id":"https:\/\/www.bergmanlabora.se\/fi\/tuote\/nikon-matmikroskop-mm200-400-800\/#breadcrumb"},"inLanguage":"fi","potentialAction":[{"@type":"ReadAction","target":["https:\/\/www.bergmanlabora.se\/fi\/tuote\/nikon-matmikroskop-mm200-400-800\/"]}]},{"@type":"ImageObject","inLanguage":"fi","@id":"https:\/\/www.bergmanlabora.se\/fi\/tuote\/nikon-matmikroskop-mm200-400-800\/#primaryimage","url":"https:\/\/www.bergmanlabora.se\/wp-content\/uploads\/2021\/04\/MIK38_1.jpg","contentUrl":"https:\/\/www.bergmanlabora.se\/wp-content\/uploads\/2021\/04\/MIK38_1.jpg","width":800,"height":800,"caption":"Mikroskop f\u00f6r optisk m\u00e4tning Nikon M\u00e4tmikroskop MM200\/-400\/-800"},{"@type":"BreadcrumbList","@id":"https:\/\/www.bergmanlabora.se\/fi\/tuote\/nikon-matmikroskop-mm200-400-800\/#breadcrumb","itemListElement":[{"@type":"ListItem","position":1,"name":"Helma","item":"https:\/\/www.bergmanlabora.se\/fi\/maailman-johtavat-laboratoriolaitteet-biotieteille-ja-teollisuudelle\/"},{"@type":"ListItem","position":2,"name":"Webbutik","item":"https:\/\/www.bergmanlabora.se\/webbutik\/"},{"@type":"ListItem","position":3,"name":"Nikon M\u00e4tmikroskop MM200\/-400\/-800"}]},{"@type":"WebSite","@id":"https:\/\/www.bergmanlabora.se\/fi\/#website","url":"https:\/\/www.bergmanlabora.se\/fi\/","name":"BergmanLabora","description":"En av Sveriges ledande leverant\u00f6rer till den svenska laboratoriemarknaden","potentialAction":[{"@type":"SearchAction","target":{"@type":"EntryPoint","urlTemplate":"https:\/\/www.bergmanlabora.se\/fi\/?s={search_term_string}"},"query-input":{"@type":"PropertyValueSpecification","valueRequired":true,"valueName":"search_term_string"}}],"inLanguage":"fi"}]}},"_links":{"self":[{"href":"https:\/\/www.bergmanlabora.se\/fi\/wp-json\/wp\/v2\/product\/682","targetHints":{"allow":["GET"]}}],"collection":[{"href":"https:\/\/www.bergmanlabora.se\/fi\/wp-json\/wp\/v2\/product"}],"about":[{"href":"https:\/\/www.bergmanlabora.se\/fi\/wp-json\/wp\/v2\/types\/product"}],"wp:featuredmedia":[{"embeddable":true,"href":"https:\/\/www.bergmanlabora.se\/fi\/wp-json\/wp\/v2\/media\/1794"}],"wp:attachment":[{"href":"https:\/\/www.bergmanlabora.se\/fi\/wp-json\/wp\/v2\/media?parent=682"}],"wp:term":[{"taxonomy":"product_brand","embeddable":true,"href":"https:\/\/www.bergmanlabora.se\/fi\/wp-json\/wp\/v2\/product_brand?post=682"},{"taxonomy":"product_cat","embeddable":true,"href":"https:\/\/www.bergmanlabora.se\/fi\/wp-json\/wp\/v2\/product_cat?post=682"},{"taxonomy":"product_tag","embeddable":true,"href":"https:\/\/www.bergmanlabora.se\/fi\/wp-json\/wp\/v2\/product_tag?post=682"}],"curies":[{"name":"wp","href":"https:\/\/api.w.org\/{rel}","templated":true}]}}