{"id":680,"date":"2021-04-27T10:44:41","date_gmt":"2021-04-27T08:44:41","guid":{"rendered":"https:\/\/www.stage.bergmanlabora.se\/produkt\/nikon-eclipse-lv100n-pol\/"},"modified":"2023-06-19T16:29:47","modified_gmt":"2023-06-19T14:29:47","slug":"nikon-eclipse-lv100n-pol","status":"publish","type":"product","link":"https:\/\/www.bergmanlabora.se\/fi\/tuote\/nikon-eclipse-lv100n-pol\/","title":{"rendered":"Nikon Eclipse LV100N Pol"},"content":{"rendered":"<p>Nikon LV100 Pol erbjuder avancerad polarisationsmikroskopi med b\u00e5de diaskopisk (genomfallande) och episkopisk (p\u00e5fallande) belysning. V\u00e4lj mellan traditionell halogenbelysning eller nyutvecklad LED-belysning med l\u00e4gre str\u00f6mf\u00f6rbrukning och naturligare f\u00e4rg\u00e5tergivning. Oavsett erh\u00e5lls h\u00f6guppl\u00f6sta och kontrastrika bilder med CFI60 polarisationsobjektiv. Dessa finns b\u00e5de f\u00f6r transparanta preparat med ett 0.17 mm t\u00e4ckglas eller f\u00f6r att titta direkt p\u00e5 en yta med reflekterat ljus.<\/p>\n<p>I traditionell genomfallande belysning l\u00e5ter man ljuset passera en lins som kollimerar \u2013 parallellriktar - ljuset fram\u00e5t och upp\u00e5t mot kondensorn och preparatet. V\u00e5ra \u00f6gon uppfattar detta som ett j\u00e4mnt och fint ljus \u00f6ver ytan, men en digitalkamera \u00e4r mycket k\u00e4nsligare och dess sensor f\u00e5ngar oj\u00e4mnheter i belysningen som resulterar i en bild som kan vara ljusare i den centrala delen \u00e4n i periferin.<\/p>\n<h3>Fasettlins<\/h3>\n<p>F\u00f6r att motverka detta anv\u00e4nder Nikon en s k \u201dflye-eye\u201d lins (fasettlins) som sprider ljuset \u00e4n j\u00e4mnare \u00f6ver synf\u00e4ltet s\u00e5 inte ens den digitala kameran kan uppfatta n\u00e5gon oj\u00e4mnhet i ljuss\u00e4ttningen.<br \/>\nFokuseringen har f\u00f6rb\u00e4ttrats till 30 mm slagl\u00e4ngd, vilket underl\u00e4ttar observation av st\u00f6rre prover.<\/p>\n<p>Med en graderad polarisator f\u00f6r den genomfallande belysningen (\u00e4ven f\u00f6r den p\u00e5fallande belysningen om den valts till) och en roterbar analysator under okulartuben \u00e4r det enkelt att justera b\u00e5da f\u00f6r att se de \u00f6nskade skiftningarna i preparatet. Det finns \u00e4ven utrymme f\u00f6r olika kompensatorer om du vill g\u00f6ra detaljerade retardationsm\u00e4tningar.<\/p>\n<p>V\u00e4ljer du en trinokul\u00e4r okulartub kan du ansluta en kamera f\u00f6r snabb bilddokumentation.<\/p>\n<h3>Kontakta produktspecialist:<\/h3>\n<table class=\"kontaktpersoner\">\n<tbody>\n<tr>\n<td><img decoding=\"async\" class=\"alignnone size-full wp-image-947 lazyload\" data-src=\"https:\/\/www.bergmanlabora.se\/wp-content\/uploads\/2021\/05\/Torgeir.png\" alt=\"\" width=\"200\" height=\"200\" src=\"data:image\/svg+xml;base64,PHN2ZyB3aWR0aD0iMSIgaGVpZ2h0PSIxIiB4bWxucz0iaHR0cDovL3d3dy53My5vcmcvMjAwMC9zdmciPjwvc3ZnPg==\" style=\"--smush-placeholder-width: 200px; --smush-placeholder-aspect-ratio: 200\/200;\" \/><\/p>\n<p><strong>Torgeir Dahlen<\/strong><br \/>\ntorgeir.dahlen@bergmanlabora.se<br \/>\nTel: 08-625 18 01<\/td>\n<td><img decoding=\"async\" class=\"alignnone size-full wp-image-943 lazyload\" data-src=\"https:\/\/www.bergmanlabora.se\/wp-content\/uploads\/2021\/05\/Johan.png\" alt=\"\" width=\"200\" height=\"200\" src=\"data:image\/svg+xml;base64,PHN2ZyB3aWR0aD0iMSIgaGVpZ2h0PSIxIiB4bWxucz0iaHR0cDovL3d3dy53My5vcmcvMjAwMC9zdmciPjwvc3ZnPg==\" style=\"--smush-placeholder-width: 200px; --smush-placeholder-aspect-ratio: 200\/200;\" \/><\/p>\n<p><strong>Johan Sternemalm<\/strong><br \/>\njohan.sternemalm@bergmanlabora.se<br \/>\nTel: 031-10 54 40<\/td>\n<\/tr>\n<\/tbody>\n<\/table>\n","protected":false},"excerpt":{"rendered":"<p>Nikon Eclipse LV100N Pol \u00e4r den st\u00f6rsta modellen bland Nikons polarisationsmikroskop. Det \u00e4r en mycket robust och stabil modell och levereras med ett stort roterbart preparatbord med h\u00f6gsta precision med klick-stopp varje 45\u00b0. En 5-h\u00e5ls objektivrevolver med centrerbara objektivpositioner s\u00e4kerst\u00e4ller att preparatet kan roteras exakt runt sin egen axel.<\/p>\n","protected":false},"featured_media":1782,"template":"","meta":[],"product_brand":[],"product_cat":[136,135,20,19,34],"product_tag":[],"class_list":{"0":"post-680","1":"product","2":"type-product","3":"status-publish","4":"has-post-thumbnail","6":"product_cat-industri-materialanalys","7":"product_cat-lifescience-kliniska-applikationer","8":"product_cat-mikroskopi","9":"product_cat-nikon","10":"product_cat-polarisationsmikroskop","12":"first","13":"instock","14":"shipping-taxable","15":"purchasable","16":"product-type-simple"},"yoast_head":"<!-- This site is optimized with the Yoast SEO plugin v27.2 - https:\/\/yoast.com\/product\/yoast-seo-wordpress\/ -->\n<title>Nikon Eclipse LV100N Pol - BergmanLabora<\/title>\n<meta name=\"robots\" content=\"index, follow, max-snippet:-1, max-image-preview:large, max-video-preview:-1\" \/>\n<link rel=\"canonical\" href=\"https:\/\/www.bergmanlabora.se\/fi\/tuote\/nikon-eclipse-lv100n-pol\/\" \/>\n<meta property=\"og:locale\" content=\"fi_FI\" \/>\n<meta property=\"og:type\" content=\"article\" \/>\n<meta property=\"og:title\" content=\"Nikon Eclipse LV100N Pol - BergmanLabora\" \/>\n<meta property=\"og:description\" content=\"Nikon Eclipse LV100N Pol \u00e4r den st\u00f6rsta modellen bland Nikons polarisationsmikroskop. Det \u00e4r en mycket robust och stabil modell och levereras med ett stort roterbart preparatbord med h\u00f6gsta precision med klick-stopp varje 45\u00b0. En 5-h\u00e5ls objektivrevolver med centrerbara objektivpositioner s\u00e4kerst\u00e4ller att preparatet kan roteras exakt runt sin egen axel.\" \/>\n<meta property=\"og:url\" content=\"https:\/\/www.bergmanlabora.se\/fi\/tuote\/nikon-eclipse-lv100n-pol\/\" \/>\n<meta property=\"og:site_name\" content=\"BergmanLabora\" \/>\n<meta property=\"article:publisher\" content=\"https:\/\/www.facebook.com\/bergmanlabora\/\" \/>\n<meta property=\"article:modified_time\" content=\"2023-06-19T14:29:47+00:00\" \/>\n<meta property=\"og:image\" content=\"https:\/\/www.bergmanlabora.se\/wp-content\/uploads\/2021\/04\/MIK36_1a.jpg\" \/>\n\t<meta property=\"og:image:width\" content=\"800\" \/>\n\t<meta property=\"og:image:height\" content=\"800\" \/>\n\t<meta property=\"og:image:type\" content=\"image\/jpeg\" \/>\n<meta name=\"twitter:card\" content=\"summary_large_image\" \/>\n<meta name=\"twitter:label1\" content=\"Arvioitu lukuaika\" \/>\n\t<meta name=\"twitter:data1\" content=\"1 minuutti\" \/>\n<script type=\"application\/ld+json\" class=\"yoast-schema-graph\">{\"@context\":\"https:\/\/schema.org\",\"@graph\":[{\"@type\":\"WebPage\",\"@id\":\"https:\/\/www.bergmanlabora.se\/fi\/tuote\/nikon-eclipse-lv100n-pol\/\",\"url\":\"https:\/\/www.bergmanlabora.se\/fi\/tuote\/nikon-eclipse-lv100n-pol\/\",\"name\":\"Nikon Eclipse LV100N Pol - BergmanLabora\",\"isPartOf\":{\"@id\":\"https:\/\/www.bergmanlabora.se\/fi\/#website\"},\"primaryImageOfPage\":{\"@id\":\"https:\/\/www.bergmanlabora.se\/fi\/tuote\/nikon-eclipse-lv100n-pol\/#primaryimage\"},\"image\":{\"@id\":\"https:\/\/www.bergmanlabora.se\/fi\/tuote\/nikon-eclipse-lv100n-pol\/#primaryimage\"},\"thumbnailUrl\":\"https:\/\/www.bergmanlabora.se\/wp-content\/uploads\/2021\/04\/MIK36_1a.jpg\",\"datePublished\":\"2021-04-27T08:44:41+00:00\",\"dateModified\":\"2023-06-19T14:29:47+00:00\",\"breadcrumb\":{\"@id\":\"https:\/\/www.bergmanlabora.se\/fi\/tuote\/nikon-eclipse-lv100n-pol\/#breadcrumb\"},\"inLanguage\":\"fi\",\"potentialAction\":[{\"@type\":\"ReadAction\",\"target\":[\"https:\/\/www.bergmanlabora.se\/fi\/tuote\/nikon-eclipse-lv100n-pol\/\"]}]},{\"@type\":\"ImageObject\",\"inLanguage\":\"fi\",\"@id\":\"https:\/\/www.bergmanlabora.se\/fi\/tuote\/nikon-eclipse-lv100n-pol\/#primaryimage\",\"url\":\"https:\/\/www.bergmanlabora.se\/wp-content\/uploads\/2021\/04\/MIK36_1a.jpg\",\"contentUrl\":\"https:\/\/www.bergmanlabora.se\/wp-content\/uploads\/2021\/04\/MIK36_1a.jpg\",\"width\":800,\"height\":800,\"caption\":\"Polarisation mikroskop Nikon Eclipse LV100N Pol\"},{\"@type\":\"BreadcrumbList\",\"@id\":\"https:\/\/www.bergmanlabora.se\/fi\/tuote\/nikon-eclipse-lv100n-pol\/#breadcrumb\",\"itemListElement\":[{\"@type\":\"ListItem\",\"position\":1,\"name\":\"Helma\",\"item\":\"https:\/\/www.bergmanlabora.se\/fi\/maailman-johtavat-laboratoriolaitteet-biotieteille-ja-teollisuudelle\/\"},{\"@type\":\"ListItem\",\"position\":2,\"name\":\"Webbutik\",\"item\":\"https:\/\/www.bergmanlabora.se\/webbutik\/\"},{\"@type\":\"ListItem\",\"position\":3,\"name\":\"Nikon Eclipse LV100N Pol\"}]},{\"@type\":\"WebSite\",\"@id\":\"https:\/\/www.bergmanlabora.se\/fi\/#website\",\"url\":\"https:\/\/www.bergmanlabora.se\/fi\/\",\"name\":\"BergmanLabora\",\"description\":\"En av Sveriges ledande leverant\u00f6rer till den svenska laboratoriemarknaden\",\"potentialAction\":[{\"@type\":\"SearchAction\",\"target\":{\"@type\":\"EntryPoint\",\"urlTemplate\":\"https:\/\/www.bergmanlabora.se\/fi\/?s={search_term_string}\"},\"query-input\":{\"@type\":\"PropertyValueSpecification\",\"valueRequired\":true,\"valueName\":\"search_term_string\"}}],\"inLanguage\":\"fi\"}]}<\/script>\n<!-- \/ Yoast SEO plugin. -->","yoast_head_json":{"title":"Nikon Eclipse LV100N Pol - BergmanLabora","robots":{"index":"index","follow":"follow","max-snippet":"max-snippet:-1","max-image-preview":"max-image-preview:large","max-video-preview":"max-video-preview:-1"},"canonical":"https:\/\/www.bergmanlabora.se\/fi\/tuote\/nikon-eclipse-lv100n-pol\/","og_locale":"fi_FI","og_type":"article","og_title":"Nikon Eclipse LV100N Pol - BergmanLabora","og_description":"Nikon Eclipse LV100N Pol \u00e4r den st\u00f6rsta modellen bland Nikons polarisationsmikroskop. Det \u00e4r en mycket robust och stabil modell och levereras med ett stort roterbart preparatbord med h\u00f6gsta precision med klick-stopp varje 45\u00b0. En 5-h\u00e5ls objektivrevolver med centrerbara objektivpositioner s\u00e4kerst\u00e4ller att preparatet kan roteras exakt runt sin egen axel.","og_url":"https:\/\/www.bergmanlabora.se\/fi\/tuote\/nikon-eclipse-lv100n-pol\/","og_site_name":"BergmanLabora","article_publisher":"https:\/\/www.facebook.com\/bergmanlabora\/","article_modified_time":"2023-06-19T14:29:47+00:00","og_image":[{"width":800,"height":800,"url":"https:\/\/www.bergmanlabora.se\/wp-content\/uploads\/2021\/04\/MIK36_1a.jpg","type":"image\/jpeg"}],"twitter_card":"summary_large_image","twitter_misc":{"Arvioitu lukuaika":"1 minuutti"},"schema":{"@context":"https:\/\/schema.org","@graph":[{"@type":"WebPage","@id":"https:\/\/www.bergmanlabora.se\/fi\/tuote\/nikon-eclipse-lv100n-pol\/","url":"https:\/\/www.bergmanlabora.se\/fi\/tuote\/nikon-eclipse-lv100n-pol\/","name":"Nikon Eclipse LV100N Pol - BergmanLabora","isPartOf":{"@id":"https:\/\/www.bergmanlabora.se\/fi\/#website"},"primaryImageOfPage":{"@id":"https:\/\/www.bergmanlabora.se\/fi\/tuote\/nikon-eclipse-lv100n-pol\/#primaryimage"},"image":{"@id":"https:\/\/www.bergmanlabora.se\/fi\/tuote\/nikon-eclipse-lv100n-pol\/#primaryimage"},"thumbnailUrl":"https:\/\/www.bergmanlabora.se\/wp-content\/uploads\/2021\/04\/MIK36_1a.jpg","datePublished":"2021-04-27T08:44:41+00:00","dateModified":"2023-06-19T14:29:47+00:00","breadcrumb":{"@id":"https:\/\/www.bergmanlabora.se\/fi\/tuote\/nikon-eclipse-lv100n-pol\/#breadcrumb"},"inLanguage":"fi","potentialAction":[{"@type":"ReadAction","target":["https:\/\/www.bergmanlabora.se\/fi\/tuote\/nikon-eclipse-lv100n-pol\/"]}]},{"@type":"ImageObject","inLanguage":"fi","@id":"https:\/\/www.bergmanlabora.se\/fi\/tuote\/nikon-eclipse-lv100n-pol\/#primaryimage","url":"https:\/\/www.bergmanlabora.se\/wp-content\/uploads\/2021\/04\/MIK36_1a.jpg","contentUrl":"https:\/\/www.bergmanlabora.se\/wp-content\/uploads\/2021\/04\/MIK36_1a.jpg","width":800,"height":800,"caption":"Polarisation mikroskop Nikon Eclipse LV100N Pol"},{"@type":"BreadcrumbList","@id":"https:\/\/www.bergmanlabora.se\/fi\/tuote\/nikon-eclipse-lv100n-pol\/#breadcrumb","itemListElement":[{"@type":"ListItem","position":1,"name":"Helma","item":"https:\/\/www.bergmanlabora.se\/fi\/maailman-johtavat-laboratoriolaitteet-biotieteille-ja-teollisuudelle\/"},{"@type":"ListItem","position":2,"name":"Webbutik","item":"https:\/\/www.bergmanlabora.se\/webbutik\/"},{"@type":"ListItem","position":3,"name":"Nikon Eclipse LV100N Pol"}]},{"@type":"WebSite","@id":"https:\/\/www.bergmanlabora.se\/fi\/#website","url":"https:\/\/www.bergmanlabora.se\/fi\/","name":"BergmanLabora","description":"En av Sveriges ledande leverant\u00f6rer till den svenska laboratoriemarknaden","potentialAction":[{"@type":"SearchAction","target":{"@type":"EntryPoint","urlTemplate":"https:\/\/www.bergmanlabora.se\/fi\/?s={search_term_string}"},"query-input":{"@type":"PropertyValueSpecification","valueRequired":true,"valueName":"search_term_string"}}],"inLanguage":"fi"}]}},"_links":{"self":[{"href":"https:\/\/www.bergmanlabora.se\/fi\/wp-json\/wp\/v2\/product\/680","targetHints":{"allow":["GET"]}}],"collection":[{"href":"https:\/\/www.bergmanlabora.se\/fi\/wp-json\/wp\/v2\/product"}],"about":[{"href":"https:\/\/www.bergmanlabora.se\/fi\/wp-json\/wp\/v2\/types\/product"}],"wp:featuredmedia":[{"embeddable":true,"href":"https:\/\/www.bergmanlabora.se\/fi\/wp-json\/wp\/v2\/media\/1782"}],"wp:attachment":[{"href":"https:\/\/www.bergmanlabora.se\/fi\/wp-json\/wp\/v2\/media?parent=680"}],"wp:term":[{"taxonomy":"product_brand","embeddable":true,"href":"https:\/\/www.bergmanlabora.se\/fi\/wp-json\/wp\/v2\/product_brand?post=680"},{"taxonomy":"product_cat","embeddable":true,"href":"https:\/\/www.bergmanlabora.se\/fi\/wp-json\/wp\/v2\/product_cat?post=680"},{"taxonomy":"product_tag","embeddable":true,"href":"https:\/\/www.bergmanlabora.se\/fi\/wp-json\/wp\/v2\/product_tag?post=680"}],"curies":[{"name":"wp","href":"https:\/\/api.w.org\/{rel}","templated":true}]}}