{"id":679,"date":"2021-04-27T10:44:41","date_gmt":"2021-04-27T08:44:41","guid":{"rendered":"https:\/\/www.stage.bergmanlabora.se\/produkt\/nikon-eclipse-ci-pol\/"},"modified":"2023-06-19T16:29:47","modified_gmt":"2023-06-19T14:29:47","slug":"nikon-eclipse-ci-pol","status":"publish","type":"product","link":"https:\/\/www.bergmanlabora.se\/fi\/tuote\/nikon-eclipse-ci-pol\/","title":{"rendered":"Nikon Eclipse Ci Pol"},"content":{"rendered":"<p>Nikon Eclipse CiPol har ett roterbart preparatbord med h\u00f6g precision och en 5-h\u00e5ls objektivrevolver med centrerbara objektivpositioner. Med sin ergonomiska design \u00e4r det ett anv\u00e4ndarv\u00e4nligt mikroskop som kan erbjuda b\u00e5de genomfallande och p\u00e5fallande ljus.<\/p>\n<h3>Genomfallande och p\u00e5fallande ljus<\/h3>\n<p>Med en polarisator f\u00f6r den genomfallande belysningen (\u00e4ven f\u00f6r den p\u00e5fallande belysningen om den valts till) och en roterbar analysator under okulartuben \u00e4r det enkelt att justera b\u00e5da f\u00f6r att se de \u00f6nskade skiftningarna i preparatet. Det finns \u00e4ven utrymme f\u00f6r olika kompensatorer om du vill g\u00f6ra detaljerade retardationsm\u00e4tningar.<\/p>\n<p>V\u00e4ljer du en trinokul\u00e4r okulartub kan du ansluta en kamera f\u00f6r snabb bilddokumentation.<\/p>\n<p>&nbsp;<\/p>\n<h3>Kontakta produktspecialist:<\/h3>\n<table class=\"kontaktpersoner\">\n<tbody>\n<tr>\n<td><img decoding=\"async\" class=\"alignnone size-full wp-image-947 lazyload\" data-src=\"https:\/\/www.bergmanlabora.se\/wp-content\/uploads\/2021\/05\/Torgeir.png\" alt=\"\" width=\"200\" height=\"200\" src=\"data:image\/svg+xml;base64,PHN2ZyB3aWR0aD0iMSIgaGVpZ2h0PSIxIiB4bWxucz0iaHR0cDovL3d3dy53My5vcmcvMjAwMC9zdmciPjwvc3ZnPg==\" style=\"--smush-placeholder-width: 200px; --smush-placeholder-aspect-ratio: 200\/200;\" \/><\/p>\n<p><strong>Torgeir Dahlen<\/strong><br \/>\ntorgeir.dahlen@bergmanlabora.se<br \/>\nTel: 08-625 18 01<\/td>\n<td><img decoding=\"async\" class=\"alignnone size-full wp-image-943 lazyload\" data-src=\"https:\/\/www.bergmanlabora.se\/wp-content\/uploads\/2021\/05\/Johan.png\" alt=\"\" width=\"200\" height=\"200\" src=\"data:image\/svg+xml;base64,PHN2ZyB3aWR0aD0iMSIgaGVpZ2h0PSIxIiB4bWxucz0iaHR0cDovL3d3dy53My5vcmcvMjAwMC9zdmciPjwvc3ZnPg==\" style=\"--smush-placeholder-width: 200px; --smush-placeholder-aspect-ratio: 200\/200;\" \/><\/p>\n<p><strong>Johan Sternemalm<\/strong><br \/>\njohan.sternemalm@bergmanlabora.se<br \/>\nTel: 031-10 54 40<\/td>\n<\/tr>\n<\/tbody>\n<\/table>\n","protected":false},"excerpt":{"rendered":"<p>Nikon Eclipse Ci-Pol \u00e4r ett flexibelt och robust polarisationsmikroskop utformat f\u00f6r god ergonomi och anv\u00e4ndarv\u00e4nlighet. Med Nikons CFI60 Infinity optik erbjuder det mycket god optisk prestanda och plats f\u00f6r 5 st centrerbara objektivpositioner. Det senare s\u00e4kerst\u00e4ller att preparatet alltid hamnar i centrum av bilden n\u00e4r preparatet roteras.<\/p>\n","protected":false},"featured_media":1779,"template":"","meta":[],"product_brand":[],"product_cat":[136,135,20,19,34],"product_tag":[],"class_list":{"0":"post-679","1":"product","2":"type-product","3":"status-publish","4":"has-post-thumbnail","6":"product_cat-industri-materialanalys","7":"product_cat-lifescience-kliniska-applikationer","8":"product_cat-mikroskopi","9":"product_cat-nikon","10":"product_cat-polarisationsmikroskop","12":"first","13":"instock","14":"shipping-taxable","15":"purchasable","16":"product-type-simple"},"yoast_head":"<!-- This site is optimized with the Yoast SEO plugin v27.2 - https:\/\/yoast.com\/product\/yoast-seo-wordpress\/ -->\n<title>Nikon Eclipse Ci Pol - BergmanLabora<\/title>\n<meta name=\"robots\" content=\"index, follow, max-snippet:-1, max-image-preview:large, max-video-preview:-1\" \/>\n<link rel=\"canonical\" href=\"https:\/\/www.bergmanlabora.se\/fi\/tuote\/nikon-eclipse-ci-pol\/\" \/>\n<meta property=\"og:locale\" content=\"fi_FI\" \/>\n<meta property=\"og:type\" content=\"article\" \/>\n<meta property=\"og:title\" content=\"Nikon Eclipse Ci Pol - BergmanLabora\" \/>\n<meta property=\"og:description\" content=\"Nikon Eclipse Ci-Pol \u00e4r ett flexibelt och robust polarisationsmikroskop utformat f\u00f6r god ergonomi och anv\u00e4ndarv\u00e4nlighet. Med Nikons CFI60 Infinity optik erbjuder det mycket god optisk prestanda och plats f\u00f6r 5 st centrerbara objektivpositioner. Det senare s\u00e4kerst\u00e4ller att preparatet alltid hamnar i centrum av bilden n\u00e4r preparatet roteras.\" \/>\n<meta property=\"og:url\" content=\"https:\/\/www.bergmanlabora.se\/fi\/tuote\/nikon-eclipse-ci-pol\/\" \/>\n<meta property=\"og:site_name\" content=\"BergmanLabora\" \/>\n<meta property=\"article:publisher\" content=\"https:\/\/www.facebook.com\/bergmanlabora\/\" \/>\n<meta property=\"article:modified_time\" content=\"2023-06-19T14:29:47+00:00\" \/>\n<meta property=\"og:image\" content=\"https:\/\/www.bergmanlabora.se\/wp-content\/uploads\/2021\/04\/MIK35_1.jpg\" \/>\n\t<meta property=\"og:image:width\" content=\"800\" \/>\n\t<meta property=\"og:image:height\" content=\"800\" \/>\n\t<meta property=\"og:image:type\" content=\"image\/jpeg\" \/>\n<meta name=\"twitter:card\" content=\"summary_large_image\" \/>\n<meta name=\"twitter:label1\" content=\"Arvioitu lukuaika\" \/>\n\t<meta name=\"twitter:data1\" content=\"1 minuutti\" \/>\n<script type=\"application\/ld+json\" class=\"yoast-schema-graph\">{\"@context\":\"https:\/\/schema.org\",\"@graph\":[{\"@type\":\"WebPage\",\"@id\":\"https:\/\/www.bergmanlabora.se\/fi\/tuote\/nikon-eclipse-ci-pol\/\",\"url\":\"https:\/\/www.bergmanlabora.se\/fi\/tuote\/nikon-eclipse-ci-pol\/\",\"name\":\"Nikon Eclipse Ci Pol - BergmanLabora\",\"isPartOf\":{\"@id\":\"https:\/\/www.bergmanlabora.se\/fi\/#website\"},\"primaryImageOfPage\":{\"@id\":\"https:\/\/www.bergmanlabora.se\/fi\/tuote\/nikon-eclipse-ci-pol\/#primaryimage\"},\"image\":{\"@id\":\"https:\/\/www.bergmanlabora.se\/fi\/tuote\/nikon-eclipse-ci-pol\/#primaryimage\"},\"thumbnailUrl\":\"https:\/\/www.bergmanlabora.se\/wp-content\/uploads\/2021\/04\/MIK35_1.jpg\",\"datePublished\":\"2021-04-27T08:44:41+00:00\",\"dateModified\":\"2023-06-19T14:29:47+00:00\",\"breadcrumb\":{\"@id\":\"https:\/\/www.bergmanlabora.se\/fi\/tuote\/nikon-eclipse-ci-pol\/#breadcrumb\"},\"inLanguage\":\"fi\",\"potentialAction\":[{\"@type\":\"ReadAction\",\"target\":[\"https:\/\/www.bergmanlabora.se\/fi\/tuote\/nikon-eclipse-ci-pol\/\"]}]},{\"@type\":\"ImageObject\",\"inLanguage\":\"fi\",\"@id\":\"https:\/\/www.bergmanlabora.se\/fi\/tuote\/nikon-eclipse-ci-pol\/#primaryimage\",\"url\":\"https:\/\/www.bergmanlabora.se\/wp-content\/uploads\/2021\/04\/MIK35_1.jpg\",\"contentUrl\":\"https:\/\/www.bergmanlabora.se\/wp-content\/uploads\/2021\/04\/MIK35_1.jpg\",\"width\":800,\"height\":800,\"caption\":\"Polarisation mikroskop Nikon Eclipse Ci Pol\"},{\"@type\":\"BreadcrumbList\",\"@id\":\"https:\/\/www.bergmanlabora.se\/fi\/tuote\/nikon-eclipse-ci-pol\/#breadcrumb\",\"itemListElement\":[{\"@type\":\"ListItem\",\"position\":1,\"name\":\"Helma\",\"item\":\"https:\/\/www.bergmanlabora.se\/fi\/maailman-johtavat-laboratoriolaitteet-biotieteille-ja-teollisuudelle\/\"},{\"@type\":\"ListItem\",\"position\":2,\"name\":\"Webbutik\",\"item\":\"https:\/\/www.bergmanlabora.se\/webbutik\/\"},{\"@type\":\"ListItem\",\"position\":3,\"name\":\"Nikon Eclipse Ci Pol\"}]},{\"@type\":\"WebSite\",\"@id\":\"https:\/\/www.bergmanlabora.se\/fi\/#website\",\"url\":\"https:\/\/www.bergmanlabora.se\/fi\/\",\"name\":\"BergmanLabora\",\"description\":\"En av Sveriges ledande leverant\u00f6rer till den svenska laboratoriemarknaden\",\"potentialAction\":[{\"@type\":\"SearchAction\",\"target\":{\"@type\":\"EntryPoint\",\"urlTemplate\":\"https:\/\/www.bergmanlabora.se\/fi\/?s={search_term_string}\"},\"query-input\":{\"@type\":\"PropertyValueSpecification\",\"valueRequired\":true,\"valueName\":\"search_term_string\"}}],\"inLanguage\":\"fi\"}]}<\/script>\n<!-- \/ Yoast SEO plugin. -->","yoast_head_json":{"title":"Nikon Eclipse Ci Pol - BergmanLabora","robots":{"index":"index","follow":"follow","max-snippet":"max-snippet:-1","max-image-preview":"max-image-preview:large","max-video-preview":"max-video-preview:-1"},"canonical":"https:\/\/www.bergmanlabora.se\/fi\/tuote\/nikon-eclipse-ci-pol\/","og_locale":"fi_FI","og_type":"article","og_title":"Nikon Eclipse Ci Pol - BergmanLabora","og_description":"Nikon Eclipse Ci-Pol \u00e4r ett flexibelt och robust polarisationsmikroskop utformat f\u00f6r god ergonomi och anv\u00e4ndarv\u00e4nlighet. Med Nikons CFI60 Infinity optik erbjuder det mycket god optisk prestanda och plats f\u00f6r 5 st centrerbara objektivpositioner. Det senare s\u00e4kerst\u00e4ller att preparatet alltid hamnar i centrum av bilden n\u00e4r preparatet roteras.","og_url":"https:\/\/www.bergmanlabora.se\/fi\/tuote\/nikon-eclipse-ci-pol\/","og_site_name":"BergmanLabora","article_publisher":"https:\/\/www.facebook.com\/bergmanlabora\/","article_modified_time":"2023-06-19T14:29:47+00:00","og_image":[{"width":800,"height":800,"url":"https:\/\/www.bergmanlabora.se\/wp-content\/uploads\/2021\/04\/MIK35_1.jpg","type":"image\/jpeg"}],"twitter_card":"summary_large_image","twitter_misc":{"Arvioitu lukuaika":"1 minuutti"},"schema":{"@context":"https:\/\/schema.org","@graph":[{"@type":"WebPage","@id":"https:\/\/www.bergmanlabora.se\/fi\/tuote\/nikon-eclipse-ci-pol\/","url":"https:\/\/www.bergmanlabora.se\/fi\/tuote\/nikon-eclipse-ci-pol\/","name":"Nikon Eclipse Ci Pol - BergmanLabora","isPartOf":{"@id":"https:\/\/www.bergmanlabora.se\/fi\/#website"},"primaryImageOfPage":{"@id":"https:\/\/www.bergmanlabora.se\/fi\/tuote\/nikon-eclipse-ci-pol\/#primaryimage"},"image":{"@id":"https:\/\/www.bergmanlabora.se\/fi\/tuote\/nikon-eclipse-ci-pol\/#primaryimage"},"thumbnailUrl":"https:\/\/www.bergmanlabora.se\/wp-content\/uploads\/2021\/04\/MIK35_1.jpg","datePublished":"2021-04-27T08:44:41+00:00","dateModified":"2023-06-19T14:29:47+00:00","breadcrumb":{"@id":"https:\/\/www.bergmanlabora.se\/fi\/tuote\/nikon-eclipse-ci-pol\/#breadcrumb"},"inLanguage":"fi","potentialAction":[{"@type":"ReadAction","target":["https:\/\/www.bergmanlabora.se\/fi\/tuote\/nikon-eclipse-ci-pol\/"]}]},{"@type":"ImageObject","inLanguage":"fi","@id":"https:\/\/www.bergmanlabora.se\/fi\/tuote\/nikon-eclipse-ci-pol\/#primaryimage","url":"https:\/\/www.bergmanlabora.se\/wp-content\/uploads\/2021\/04\/MIK35_1.jpg","contentUrl":"https:\/\/www.bergmanlabora.se\/wp-content\/uploads\/2021\/04\/MIK35_1.jpg","width":800,"height":800,"caption":"Polarisation mikroskop Nikon Eclipse Ci Pol"},{"@type":"BreadcrumbList","@id":"https:\/\/www.bergmanlabora.se\/fi\/tuote\/nikon-eclipse-ci-pol\/#breadcrumb","itemListElement":[{"@type":"ListItem","position":1,"name":"Helma","item":"https:\/\/www.bergmanlabora.se\/fi\/maailman-johtavat-laboratoriolaitteet-biotieteille-ja-teollisuudelle\/"},{"@type":"ListItem","position":2,"name":"Webbutik","item":"https:\/\/www.bergmanlabora.se\/webbutik\/"},{"@type":"ListItem","position":3,"name":"Nikon Eclipse Ci Pol"}]},{"@type":"WebSite","@id":"https:\/\/www.bergmanlabora.se\/fi\/#website","url":"https:\/\/www.bergmanlabora.se\/fi\/","name":"BergmanLabora","description":"En av Sveriges ledande leverant\u00f6rer till den svenska laboratoriemarknaden","potentialAction":[{"@type":"SearchAction","target":{"@type":"EntryPoint","urlTemplate":"https:\/\/www.bergmanlabora.se\/fi\/?s={search_term_string}"},"query-input":{"@type":"PropertyValueSpecification","valueRequired":true,"valueName":"search_term_string"}}],"inLanguage":"fi"}]}},"_links":{"self":[{"href":"https:\/\/www.bergmanlabora.se\/fi\/wp-json\/wp\/v2\/product\/679","targetHints":{"allow":["GET"]}}],"collection":[{"href":"https:\/\/www.bergmanlabora.se\/fi\/wp-json\/wp\/v2\/product"}],"about":[{"href":"https:\/\/www.bergmanlabora.se\/fi\/wp-json\/wp\/v2\/types\/product"}],"wp:featuredmedia":[{"embeddable":true,"href":"https:\/\/www.bergmanlabora.se\/fi\/wp-json\/wp\/v2\/media\/1779"}],"wp:attachment":[{"href":"https:\/\/www.bergmanlabora.se\/fi\/wp-json\/wp\/v2\/media?parent=679"}],"wp:term":[{"taxonomy":"product_brand","embeddable":true,"href":"https:\/\/www.bergmanlabora.se\/fi\/wp-json\/wp\/v2\/product_brand?post=679"},{"taxonomy":"product_cat","embeddable":true,"href":"https:\/\/www.bergmanlabora.se\/fi\/wp-json\/wp\/v2\/product_cat?post=679"},{"taxonomy":"product_tag","embeddable":true,"href":"https:\/\/www.bergmanlabora.se\/fi\/wp-json\/wp\/v2\/product_tag?post=679"}],"curies":[{"name":"wp","href":"https:\/\/api.w.org\/{rel}","templated":true}]}}