{"id":668,"date":"2021-04-27T10:44:39","date_gmt":"2021-04-27T08:44:39","guid":{"rendered":"https:\/\/www.stage.bergmanlabora.se\/produkt\/nikon-eclipse-ni\/"},"modified":"2023-06-19T16:28:09","modified_gmt":"2023-06-19T14:28:09","slug":"nikon-eclipse-ni","status":"publish","type":"product","link":"https:\/\/www.bergmanlabora.se\/fi\/tuote\/nikon-eclipse-ni\/","title":{"rendered":"Nikon Eclipse Ni"},"content":{"rendered":"<h3>Forskningsmikroskop f\u00f6r de stora uppt\u00e4ckterna<\/h3>\n<p>Ni-serien \u00e4r utvecklad med flexibilitet och utbyggbarhet i \u00e5tanke. Ett r\u00e4ttv\u00e4nt mikroskop som kan utrustas med flera olika kontrastmetoder som exempelvis faskontrast, DIC, polarisation och fluorescens. Allt integrerat i ett enda system. Passar s\u00e5v\u00e4l f\u00f6r klinisk diagnostik som avancerad biomedicinsk forskning. Kombinera motoriserade komponenter med det manuella mikroskopet Ni-U eller v\u00e4lj Ni-E f\u00f6r att bygga en komplett motoriserad dokumentationsplattform. Med tillbeh\u00f6r som konfokal eller andra avancerade fluorescensbaserade tekniker blir det ett forskningsmikroskop f\u00f6r de stora uppt\u00e4ckterna.<\/p>\n<p>&nbsp;<\/p>\n<h3>Kontakta produktspecialist:<\/h3>\n<table class=\"kontaktpersoner\">\n<tbody>\n<tr>\n<td><img decoding=\"async\" class=\"alignnone size-full wp-image-947 lazyload\" data-src=\"https:\/\/www.bergmanlabora.se\/wp-content\/uploads\/2021\/05\/Torgeir.png\" alt=\"\" width=\"200\" height=\"200\" src=\"data:image\/svg+xml;base64,PHN2ZyB3aWR0aD0iMSIgaGVpZ2h0PSIxIiB4bWxucz0iaHR0cDovL3d3dy53My5vcmcvMjAwMC9zdmciPjwvc3ZnPg==\" style=\"--smush-placeholder-width: 200px; --smush-placeholder-aspect-ratio: 200\/200;\" \/><\/p>\n<p><strong>Torgeir Dahlen<\/strong><br \/>\ntorgeir.dahlen@bergmanlabora.se<br \/>\nTel: 08-625 18 01<\/td>\n<td><img decoding=\"async\" class=\"alignnone size-full wp-image-943 lazyload\" data-src=\"https:\/\/www.bergmanlabora.se\/wp-content\/uploads\/2021\/05\/Johan.png\" alt=\"\" width=\"200\" height=\"200\" src=\"data:image\/svg+xml;base64,PHN2ZyB3aWR0aD0iMSIgaGVpZ2h0PSIxIiB4bWxucz0iaHR0cDovL3d3dy53My5vcmcvMjAwMC9zdmciPjwvc3ZnPg==\" style=\"--smush-placeholder-width: 200px; --smush-placeholder-aspect-ratio: 200\/200;\" \/><\/p>\n<p><strong>Johan Sternemalm<\/strong><br \/>\njohan.sternemalm@bergmanlabora.se<br \/>\nTel: 031-10 54 40<\/td>\n<\/tr>\n<\/tbody>\n<\/table>\n","protected":false},"excerpt":{"rendered":"<p>Nikon Eclipse Ni-serien \u00e4r ett mikroskop f\u00f6r den som st\u00e4ller h\u00f6ga krav p\u00e5 stabilitet och flexibilitet. Den mest utbyggbara modellen, men som \u00e4nd\u00e5 kan utrustas med motoriserade tillbeh\u00f6r (Ni-U). Ni-E \u00e4r ett fullt motoriserat mikroskop som ger anv\u00e4ndaren m\u00f6jlighet att kontrollera mikroskopet fr\u00e5n mjukvara NIS Elements.<\/p>\n","protected":false},"featured_media":1670,"template":"","meta":[],"product_brand":[],"product_cat":[135,20,19,32],"product_tag":[],"class_list":{"0":"post-668","1":"product","2":"type-product","3":"status-publish","4":"has-post-thumbnail","6":"product_cat-lifescience-kliniska-applikationer","7":"product_cat-mikroskopi","8":"product_cat-nikon","9":"product_cat-rattvant-mikroskop","11":"first","12":"instock","13":"shipping-taxable","14":"purchasable","15":"product-type-simple"},"yoast_head":"<!-- This site is optimized with the Yoast SEO plugin v27.2 - https:\/\/yoast.com\/product\/yoast-seo-wordpress\/ -->\n<title>Nikon Eclipse Ni - BergmanLabora<\/title>\n<meta name=\"robots\" content=\"index, follow, max-snippet:-1, max-image-preview:large, max-video-preview:-1\" \/>\n<link rel=\"canonical\" href=\"https:\/\/www.bergmanlabora.se\/fi\/tuote\/nikon-eclipse-ni\/\" \/>\n<meta property=\"og:locale\" content=\"fi_FI\" \/>\n<meta property=\"og:type\" content=\"article\" \/>\n<meta property=\"og:title\" content=\"Nikon Eclipse Ni - BergmanLabora\" \/>\n<meta property=\"og:description\" content=\"Nikon Eclipse Ni-serien \u00e4r ett mikroskop f\u00f6r den som st\u00e4ller h\u00f6ga krav p\u00e5 stabilitet och flexibilitet. Den mest utbyggbara modellen, men som \u00e4nd\u00e5 kan utrustas med motoriserade tillbeh\u00f6r (Ni-U). Ni-E \u00e4r ett fullt motoriserat mikroskop som ger anv\u00e4ndaren m\u00f6jlighet att kontrollera mikroskopet fr\u00e5n mjukvara NIS Elements.\" \/>\n<meta property=\"og:url\" content=\"https:\/\/www.bergmanlabora.se\/fi\/tuote\/nikon-eclipse-ni\/\" \/>\n<meta property=\"og:site_name\" content=\"BergmanLabora\" \/>\n<meta property=\"article:publisher\" content=\"https:\/\/www.facebook.com\/bergmanlabora\/\" \/>\n<meta property=\"article:modified_time\" content=\"2023-06-19T14:28:09+00:00\" \/>\n<meta property=\"og:image\" content=\"https:\/\/www.bergmanlabora.se\/wp-content\/uploads\/2021\/04\/MIK24_1.jpg\" \/>\n\t<meta property=\"og:image:width\" content=\"800\" \/>\n\t<meta property=\"og:image:height\" content=\"800\" \/>\n\t<meta property=\"og:image:type\" content=\"image\/jpeg\" \/>\n<meta name=\"twitter:card\" content=\"summary_large_image\" \/>\n<meta name=\"twitter:label1\" content=\"Arvioitu lukuaika\" \/>\n\t<meta name=\"twitter:data1\" content=\"1 minuutti\" \/>\n<script type=\"application\/ld+json\" class=\"yoast-schema-graph\">{\"@context\":\"https:\/\/schema.org\",\"@graph\":[{\"@type\":\"WebPage\",\"@id\":\"https:\/\/www.bergmanlabora.se\/fi\/tuote\/nikon-eclipse-ni\/\",\"url\":\"https:\/\/www.bergmanlabora.se\/fi\/tuote\/nikon-eclipse-ni\/\",\"name\":\"Nikon Eclipse Ni - BergmanLabora\",\"isPartOf\":{\"@id\":\"https:\/\/www.bergmanlabora.se\/fi\/#website\"},\"primaryImageOfPage\":{\"@id\":\"https:\/\/www.bergmanlabora.se\/fi\/tuote\/nikon-eclipse-ni\/#primaryimage\"},\"image\":{\"@id\":\"https:\/\/www.bergmanlabora.se\/fi\/tuote\/nikon-eclipse-ni\/#primaryimage\"},\"thumbnailUrl\":\"https:\/\/www.bergmanlabora.se\/wp-content\/uploads\/2021\/04\/MIK24_1.jpg\",\"datePublished\":\"2021-04-27T08:44:39+00:00\",\"dateModified\":\"2023-06-19T14:28:09+00:00\",\"breadcrumb\":{\"@id\":\"https:\/\/www.bergmanlabora.se\/fi\/tuote\/nikon-eclipse-ni\/#breadcrumb\"},\"inLanguage\":\"fi\",\"potentialAction\":[{\"@type\":\"ReadAction\",\"target\":[\"https:\/\/www.bergmanlabora.se\/fi\/tuote\/nikon-eclipse-ni\/\"]}]},{\"@type\":\"ImageObject\",\"inLanguage\":\"fi\",\"@id\":\"https:\/\/www.bergmanlabora.se\/fi\/tuote\/nikon-eclipse-ni\/#primaryimage\",\"url\":\"https:\/\/www.bergmanlabora.se\/wp-content\/uploads\/2021\/04\/MIK24_1.jpg\",\"contentUrl\":\"https:\/\/www.bergmanlabora.se\/wp-content\/uploads\/2021\/04\/MIK24_1.jpg\",\"width\":800,\"height\":800,\"caption\":\"R\u00e4ttv\u00e4nt mikroskop Nikon Eclipse Ni\"},{\"@type\":\"BreadcrumbList\",\"@id\":\"https:\/\/www.bergmanlabora.se\/fi\/tuote\/nikon-eclipse-ni\/#breadcrumb\",\"itemListElement\":[{\"@type\":\"ListItem\",\"position\":1,\"name\":\"Helma\",\"item\":\"https:\/\/www.bergmanlabora.se\/fi\/maailman-johtavat-laboratoriolaitteet-biotieteille-ja-teollisuudelle\/\"},{\"@type\":\"ListItem\",\"position\":2,\"name\":\"Webbutik\",\"item\":\"https:\/\/www.bergmanlabora.se\/webbutik\/\"},{\"@type\":\"ListItem\",\"position\":3,\"name\":\"Nikon Eclipse Ni\"}]},{\"@type\":\"WebSite\",\"@id\":\"https:\/\/www.bergmanlabora.se\/fi\/#website\",\"url\":\"https:\/\/www.bergmanlabora.se\/fi\/\",\"name\":\"BergmanLabora\",\"description\":\"En av Sveriges ledande leverant\u00f6rer till den svenska laboratoriemarknaden\",\"potentialAction\":[{\"@type\":\"SearchAction\",\"target\":{\"@type\":\"EntryPoint\",\"urlTemplate\":\"https:\/\/www.bergmanlabora.se\/fi\/?s={search_term_string}\"},\"query-input\":{\"@type\":\"PropertyValueSpecification\",\"valueRequired\":true,\"valueName\":\"search_term_string\"}}],\"inLanguage\":\"fi\"}]}<\/script>\n<!-- \/ Yoast SEO plugin. -->","yoast_head_json":{"title":"Nikon Eclipse Ni - BergmanLabora","robots":{"index":"index","follow":"follow","max-snippet":"max-snippet:-1","max-image-preview":"max-image-preview:large","max-video-preview":"max-video-preview:-1"},"canonical":"https:\/\/www.bergmanlabora.se\/fi\/tuote\/nikon-eclipse-ni\/","og_locale":"fi_FI","og_type":"article","og_title":"Nikon Eclipse Ni - BergmanLabora","og_description":"Nikon Eclipse Ni-serien \u00e4r ett mikroskop f\u00f6r den som st\u00e4ller h\u00f6ga krav p\u00e5 stabilitet och flexibilitet. Den mest utbyggbara modellen, men som \u00e4nd\u00e5 kan utrustas med motoriserade tillbeh\u00f6r (Ni-U). Ni-E \u00e4r ett fullt motoriserat mikroskop som ger anv\u00e4ndaren m\u00f6jlighet att kontrollera mikroskopet fr\u00e5n mjukvara NIS Elements.","og_url":"https:\/\/www.bergmanlabora.se\/fi\/tuote\/nikon-eclipse-ni\/","og_site_name":"BergmanLabora","article_publisher":"https:\/\/www.facebook.com\/bergmanlabora\/","article_modified_time":"2023-06-19T14:28:09+00:00","og_image":[{"width":800,"height":800,"url":"https:\/\/www.bergmanlabora.se\/wp-content\/uploads\/2021\/04\/MIK24_1.jpg","type":"image\/jpeg"}],"twitter_card":"summary_large_image","twitter_misc":{"Arvioitu lukuaika":"1 minuutti"},"schema":{"@context":"https:\/\/schema.org","@graph":[{"@type":"WebPage","@id":"https:\/\/www.bergmanlabora.se\/fi\/tuote\/nikon-eclipse-ni\/","url":"https:\/\/www.bergmanlabora.se\/fi\/tuote\/nikon-eclipse-ni\/","name":"Nikon Eclipse Ni - BergmanLabora","isPartOf":{"@id":"https:\/\/www.bergmanlabora.se\/fi\/#website"},"primaryImageOfPage":{"@id":"https:\/\/www.bergmanlabora.se\/fi\/tuote\/nikon-eclipse-ni\/#primaryimage"},"image":{"@id":"https:\/\/www.bergmanlabora.se\/fi\/tuote\/nikon-eclipse-ni\/#primaryimage"},"thumbnailUrl":"https:\/\/www.bergmanlabora.se\/wp-content\/uploads\/2021\/04\/MIK24_1.jpg","datePublished":"2021-04-27T08:44:39+00:00","dateModified":"2023-06-19T14:28:09+00:00","breadcrumb":{"@id":"https:\/\/www.bergmanlabora.se\/fi\/tuote\/nikon-eclipse-ni\/#breadcrumb"},"inLanguage":"fi","potentialAction":[{"@type":"ReadAction","target":["https:\/\/www.bergmanlabora.se\/fi\/tuote\/nikon-eclipse-ni\/"]}]},{"@type":"ImageObject","inLanguage":"fi","@id":"https:\/\/www.bergmanlabora.se\/fi\/tuote\/nikon-eclipse-ni\/#primaryimage","url":"https:\/\/www.bergmanlabora.se\/wp-content\/uploads\/2021\/04\/MIK24_1.jpg","contentUrl":"https:\/\/www.bergmanlabora.se\/wp-content\/uploads\/2021\/04\/MIK24_1.jpg","width":800,"height":800,"caption":"R\u00e4ttv\u00e4nt mikroskop Nikon Eclipse Ni"},{"@type":"BreadcrumbList","@id":"https:\/\/www.bergmanlabora.se\/fi\/tuote\/nikon-eclipse-ni\/#breadcrumb","itemListElement":[{"@type":"ListItem","position":1,"name":"Helma","item":"https:\/\/www.bergmanlabora.se\/fi\/maailman-johtavat-laboratoriolaitteet-biotieteille-ja-teollisuudelle\/"},{"@type":"ListItem","position":2,"name":"Webbutik","item":"https:\/\/www.bergmanlabora.se\/webbutik\/"},{"@type":"ListItem","position":3,"name":"Nikon Eclipse Ni"}]},{"@type":"WebSite","@id":"https:\/\/www.bergmanlabora.se\/fi\/#website","url":"https:\/\/www.bergmanlabora.se\/fi\/","name":"BergmanLabora","description":"En av Sveriges ledande leverant\u00f6rer till den svenska laboratoriemarknaden","potentialAction":[{"@type":"SearchAction","target":{"@type":"EntryPoint","urlTemplate":"https:\/\/www.bergmanlabora.se\/fi\/?s={search_term_string}"},"query-input":{"@type":"PropertyValueSpecification","valueRequired":true,"valueName":"search_term_string"}}],"inLanguage":"fi"}]}},"_links":{"self":[{"href":"https:\/\/www.bergmanlabora.se\/fi\/wp-json\/wp\/v2\/product\/668","targetHints":{"allow":["GET"]}}],"collection":[{"href":"https:\/\/www.bergmanlabora.se\/fi\/wp-json\/wp\/v2\/product"}],"about":[{"href":"https:\/\/www.bergmanlabora.se\/fi\/wp-json\/wp\/v2\/types\/product"}],"wp:featuredmedia":[{"embeddable":true,"href":"https:\/\/www.bergmanlabora.se\/fi\/wp-json\/wp\/v2\/media\/1670"}],"wp:attachment":[{"href":"https:\/\/www.bergmanlabora.se\/fi\/wp-json\/wp\/v2\/media?parent=668"}],"wp:term":[{"taxonomy":"product_brand","embeddable":true,"href":"https:\/\/www.bergmanlabora.se\/fi\/wp-json\/wp\/v2\/product_brand?post=668"},{"taxonomy":"product_cat","embeddable":true,"href":"https:\/\/www.bergmanlabora.se\/fi\/wp-json\/wp\/v2\/product_cat?post=668"},{"taxonomy":"product_tag","embeddable":true,"href":"https:\/\/www.bergmanlabora.se\/fi\/wp-json\/wp\/v2\/product_tag?post=668"}],"curies":[{"name":"wp","href":"https:\/\/api.w.org\/{rel}","templated":true}]}}