{"id":667,"date":"2021-04-27T10:44:39","date_gmt":"2021-04-27T08:44:39","guid":{"rendered":"https:\/\/www.stage.bergmanlabora.se\/produkt\/nikon-eclipse-ci\/"},"modified":"2024-04-10T17:54:44","modified_gmt":"2024-04-10T15:54:44","slug":"nikon-eclipse-ci","status":"publish","type":"product","link":"https:\/\/www.bergmanlabora.se\/fi\/tuote\/nikon-eclipse-ci\/","title":{"rendered":"Nikon Eclipse Ci"},"content":{"rendered":"<h3>Stabilt och robust rutinmikroskop<\/h3>\n<p>Nikon Eclipse Ci \u00e4r ett mycket stabilt och robust rutinmikroskop som kommer vara labbets mest uppskattade \u201darbetsh\u00e4st\u201d genom m\u00e5nga \u00e5r. Med LED-belysning, plats f\u00f6r 6 objektiv och med fler \u00e4n 120 objektiv att v\u00e4lja mellan bland Nikons CFI60 optik anv\u00e4nds Ci modellerna b\u00e5de f\u00f6r ljusf\u00e4lt, m\u00f6rkf\u00e4lt, faskontrast, polarisation och fluorescens.<\/p>\n<p>Modellen Ci-E erbjuder motoriserad objektivv\u00e4xling som styrs via ergonomiskt placerade knappar vid fokusvreden. H\u00e4nderna vilar p\u00e5 bordet hela tiden och beh\u00f6ver bara flyttas vid byte av preparatglas. Objektivv\u00e4xlingen kan \u00e4ven g\u00f6ras via den medf\u00f6ljande kontrollenheten om s\u00e5 f\u00f6redras. V\u00e4ljer man den motoriserade kondensorn till Ci-E kommer topplinsen att automatiskt v\u00e4xla mellan in- och utf\u00e4lld beroende p\u00e5 vald objektivf\u00f6rstoring. Oavsett erh\u00e5lls den senaste valda ljusintensiteten fr\u00e5n LED-belysningen f\u00f6r varje objektiv vilket ger maximal bekv\u00e4mlighet.<\/p>\n<p>Ci-L och -E inneh\u00e5ller en h\u00f6gintensiv LED-belysning med \u201ddagsljus\u201d f\u00e4rgtemperatur, vilket inneb\u00e4r minimal \u00f6gonanstr\u00e4ngning f\u00f6r anv\u00e4ndare som spenderar m\u00e5nga timmar vid mikroskopet. LED-belysningen inneb\u00e4r ocks\u00e5 en mycket l\u00e5g str\u00f6mf\u00f6rbrukning och eliminerar f\u00e4rgtemperaturf\u00f6r\u00e4ndringar som uppst\u00e5r med halogenljusk\u00e4llor.<\/p>\n<p>Modellen Ci-L har uppgraderats till Ci-L plus och levereras med en 6-h\u00e5ls objektivrevolver med plats f\u00f6r<br \/>\nanalysator. Vid objektivv\u00e4xling memoreras ljusintensiteten f\u00f6r varje objektiv - LIM (Light Intensity Managment system) - vilket ger ett smidigt handhavande n\u00e4r man byter mellan de olika f\u00f6rstoringarna. Man kan \u00e4ven aktivera ett ECO-mode som automatiskt st\u00e4nger av ljuset efter vald tidsperiod. Mikroskopet har en inbyggd display som visar vald f\u00f6rstoring samt information om LIM- och ECO-mode \u00e4r aktiverade<\/p>\n<p>Ci-mikroskopen \u00e4r designade f\u00f6r att erbjuda en mycket god ergonomi. Genom att placera h\u00f6ger och v\u00e4nster fokusvred mittemot varandra samtidigt som preparatbordets X\/Y-vred hamnar i linje med fokusvreden, erh\u00e5lls en grundf\u00f6ruts\u00e4ttning f\u00f6r att minimera anstr\u00e4ngning p\u00e5 rygg, axlar och nacke. H\u00e4nderna hamnar d\u00e5 i linje med varandra och du som anv\u00e4ndare kan sitta rakt och avsp\u00e4nt. L\u00e5t h\u00e4nderna vila p\u00e5 b\u00e4nkskivan och st\u00e4ll in den vinklingsbara ergonomituben s\u00e5 den passar just dig. Vid behov kan mellanstycken anv\u00e4ndas som g\u00f6r att okularen hamnar i r\u00e4tt h\u00f6jd.<\/p>\n<p>&nbsp;<\/p>\n<h3>Kontakta produktspecialist:<\/h3>\n<table class=\"kontaktpersoner\">\n<tbody>\n<tr>\n<td><img decoding=\"async\" class=\"alignnone size-full wp-image-947 lazyload\" data-src=\"https:\/\/www.bergmanlabora.se\/wp-content\/uploads\/2021\/05\/Torgeir.png\" alt=\"\" width=\"200\" height=\"200\" src=\"data:image\/svg+xml;base64,PHN2ZyB3aWR0aD0iMSIgaGVpZ2h0PSIxIiB4bWxucz0iaHR0cDovL3d3dy53My5vcmcvMjAwMC9zdmciPjwvc3ZnPg==\" style=\"--smush-placeholder-width: 200px; --smush-placeholder-aspect-ratio: 200\/200;\" \/><\/p>\n<p><strong>Torgeir Dahlen<\/strong><br \/>\ntorgeir.dahlen@bergmanlabora.se<br \/>\nTel: 08-625 18 01<\/td>\n<td><img decoding=\"async\" class=\"alignnone size-full wp-image-943 lazyload\" data-src=\"https:\/\/www.bergmanlabora.se\/wp-content\/uploads\/2021\/05\/Johan.png\" alt=\"\" width=\"200\" height=\"200\" src=\"data:image\/svg+xml;base64,PHN2ZyB3aWR0aD0iMSIgaGVpZ2h0PSIxIiB4bWxucz0iaHR0cDovL3d3dy53My5vcmcvMjAwMC9zdmciPjwvc3ZnPg==\" style=\"--smush-placeholder-width: 200px; --smush-placeholder-aspect-ratio: 200\/200;\" \/><\/p>\n<p><strong>Johan Sternemalm<\/strong><br \/>\njohan.sternemalm@bergmanlabora.se<br \/>\nTel: 031-10 54 40<\/td>\n<\/tr>\n<\/tbody>\n<\/table>\n","protected":false},"excerpt":{"rendered":"<p>Nikon Eclipse Ci \u00e4r &#8221;arbetsh\u00e4sten&#8221; p\u00e5 laboratoriet. Ett r\u00e4ttv\u00e4nt och flexibelt mikroskop utformat f\u00f6r optimal ergonomi och l\u00e5nga arbetspass.<\/p>\n","protected":false},"featured_media":3659,"template":"","meta":[],"product_brand":[],"product_cat":[135,20,19,32],"product_tag":[157],"class_list":{"0":"post-667","1":"product","2":"type-product","3":"status-publish","4":"has-post-thumbnail","6":"product_cat-lifescience-kliniska-applikationer","7":"product_cat-mikroskopi","8":"product_cat-nikon","9":"product_cat-rattvant-mikroskop","10":"product_tag-patologi","12":"first","13":"instock","14":"shipping-taxable","15":"purchasable","16":"product-type-simple"},"yoast_head":"<!-- This site is optimized with the Yoast SEO plugin v27.2 - https:\/\/yoast.com\/product\/yoast-seo-wordpress\/ -->\n<title>Nikon Eclipse Ci - BergmanLabora<\/title>\n<meta name=\"robots\" content=\"index, follow, max-snippet:-1, max-image-preview:large, max-video-preview:-1\" \/>\n<link rel=\"canonical\" href=\"https:\/\/www.bergmanlabora.se\/fi\/tuote\/nikon-eclipse-ci\/\" \/>\n<meta property=\"og:locale\" content=\"fi_FI\" \/>\n<meta property=\"og:type\" content=\"article\" \/>\n<meta property=\"og:title\" content=\"Nikon Eclipse Ci - BergmanLabora\" \/>\n<meta property=\"og:description\" content=\"Nikon Eclipse Ci \u00e4r &quot;arbetsh\u00e4sten&quot; p\u00e5 laboratoriet. Ett r\u00e4ttv\u00e4nt och flexibelt mikroskop utformat f\u00f6r optimal ergonomi och l\u00e5nga arbetspass.\" \/>\n<meta property=\"og:url\" content=\"https:\/\/www.bergmanlabora.se\/fi\/tuote\/nikon-eclipse-ci\/\" \/>\n<meta property=\"og:site_name\" content=\"BergmanLabora\" \/>\n<meta property=\"article:publisher\" content=\"https:\/\/www.facebook.com\/bergmanlabora\/\" \/>\n<meta property=\"article:modified_time\" content=\"2024-04-10T15:54:44+00:00\" \/>\n<meta property=\"og:image\" content=\"https:\/\/www.bergmanlabora.se\/wp-content\/uploads\/2021\/11\/Nikon_Ci-L_plus_L_handle_yellow-min.jpg\" \/>\n\t<meta property=\"og:image:width\" content=\"800\" \/>\n\t<meta property=\"og:image:height\" content=\"800\" \/>\n\t<meta property=\"og:image:type\" content=\"image\/jpeg\" \/>\n<meta name=\"twitter:card\" content=\"summary_large_image\" \/>\n<meta name=\"twitter:label1\" content=\"Arvioitu lukuaika\" \/>\n\t<meta name=\"twitter:data1\" content=\"2 minuuttia\" \/>\n<script type=\"application\/ld+json\" class=\"yoast-schema-graph\">{\"@context\":\"https:\/\/schema.org\",\"@graph\":[{\"@type\":\"WebPage\",\"@id\":\"https:\/\/www.bergmanlabora.se\/fi\/tuote\/nikon-eclipse-ci\/\",\"url\":\"https:\/\/www.bergmanlabora.se\/fi\/tuote\/nikon-eclipse-ci\/\",\"name\":\"Nikon Eclipse Ci - BergmanLabora\",\"isPartOf\":{\"@id\":\"https:\/\/www.bergmanlabora.se\/fi\/#website\"},\"primaryImageOfPage\":{\"@id\":\"https:\/\/www.bergmanlabora.se\/fi\/tuote\/nikon-eclipse-ci\/#primaryimage\"},\"image\":{\"@id\":\"https:\/\/www.bergmanlabora.se\/fi\/tuote\/nikon-eclipse-ci\/#primaryimage\"},\"thumbnailUrl\":\"https:\/\/www.bergmanlabora.se\/wp-content\/uploads\/2021\/11\/Nikon_Ci-L_plus_L_handle_yellow-min.jpg\",\"datePublished\":\"2021-04-27T08:44:39+00:00\",\"dateModified\":\"2024-04-10T15:54:44+00:00\",\"breadcrumb\":{\"@id\":\"https:\/\/www.bergmanlabora.se\/fi\/tuote\/nikon-eclipse-ci\/#breadcrumb\"},\"inLanguage\":\"fi\",\"potentialAction\":[{\"@type\":\"ReadAction\",\"target\":[\"https:\/\/www.bergmanlabora.se\/fi\/tuote\/nikon-eclipse-ci\/\"]}]},{\"@type\":\"ImageObject\",\"inLanguage\":\"fi\",\"@id\":\"https:\/\/www.bergmanlabora.se\/fi\/tuote\/nikon-eclipse-ci\/#primaryimage\",\"url\":\"https:\/\/www.bergmanlabora.se\/wp-content\/uploads\/2021\/11\/Nikon_Ci-L_plus_L_handle_yellow-min.jpg\",\"contentUrl\":\"https:\/\/www.bergmanlabora.se\/wp-content\/uploads\/2021\/11\/Nikon_Ci-L_plus_L_handle_yellow-min.jpg\",\"width\":800,\"height\":800,\"caption\":\"Nikon Eclipse Ci-L plus L handle yellow\"},{\"@type\":\"BreadcrumbList\",\"@id\":\"https:\/\/www.bergmanlabora.se\/fi\/tuote\/nikon-eclipse-ci\/#breadcrumb\",\"itemListElement\":[{\"@type\":\"ListItem\",\"position\":1,\"name\":\"Helma\",\"item\":\"https:\/\/www.bergmanlabora.se\/fi\/maailman-johtavat-laboratoriolaitteet-biotieteille-ja-teollisuudelle\/\"},{\"@type\":\"ListItem\",\"position\":2,\"name\":\"Webbutik\",\"item\":\"https:\/\/www.bergmanlabora.se\/webbutik\/\"},{\"@type\":\"ListItem\",\"position\":3,\"name\":\"Nikon Eclipse Ci\"}]},{\"@type\":\"WebSite\",\"@id\":\"https:\/\/www.bergmanlabora.se\/fi\/#website\",\"url\":\"https:\/\/www.bergmanlabora.se\/fi\/\",\"name\":\"BergmanLabora\",\"description\":\"En av Sveriges ledande leverant\u00f6rer till den svenska laboratoriemarknaden\",\"potentialAction\":[{\"@type\":\"SearchAction\",\"target\":{\"@type\":\"EntryPoint\",\"urlTemplate\":\"https:\/\/www.bergmanlabora.se\/fi\/?s={search_term_string}\"},\"query-input\":{\"@type\":\"PropertyValueSpecification\",\"valueRequired\":true,\"valueName\":\"search_term_string\"}}],\"inLanguage\":\"fi\"}]}<\/script>\n<!-- \/ Yoast SEO plugin. -->","yoast_head_json":{"title":"Nikon Eclipse Ci - BergmanLabora","robots":{"index":"index","follow":"follow","max-snippet":"max-snippet:-1","max-image-preview":"max-image-preview:large","max-video-preview":"max-video-preview:-1"},"canonical":"https:\/\/www.bergmanlabora.se\/fi\/tuote\/nikon-eclipse-ci\/","og_locale":"fi_FI","og_type":"article","og_title":"Nikon Eclipse Ci - BergmanLabora","og_description":"Nikon Eclipse Ci \u00e4r \"arbetsh\u00e4sten\" p\u00e5 laboratoriet. Ett r\u00e4ttv\u00e4nt och flexibelt mikroskop utformat f\u00f6r optimal ergonomi och l\u00e5nga arbetspass.","og_url":"https:\/\/www.bergmanlabora.se\/fi\/tuote\/nikon-eclipse-ci\/","og_site_name":"BergmanLabora","article_publisher":"https:\/\/www.facebook.com\/bergmanlabora\/","article_modified_time":"2024-04-10T15:54:44+00:00","og_image":[{"width":800,"height":800,"url":"https:\/\/www.bergmanlabora.se\/wp-content\/uploads\/2021\/11\/Nikon_Ci-L_plus_L_handle_yellow-min.jpg","type":"image\/jpeg"}],"twitter_card":"summary_large_image","twitter_misc":{"Arvioitu lukuaika":"2 minuuttia"},"schema":{"@context":"https:\/\/schema.org","@graph":[{"@type":"WebPage","@id":"https:\/\/www.bergmanlabora.se\/fi\/tuote\/nikon-eclipse-ci\/","url":"https:\/\/www.bergmanlabora.se\/fi\/tuote\/nikon-eclipse-ci\/","name":"Nikon Eclipse Ci - BergmanLabora","isPartOf":{"@id":"https:\/\/www.bergmanlabora.se\/fi\/#website"},"primaryImageOfPage":{"@id":"https:\/\/www.bergmanlabora.se\/fi\/tuote\/nikon-eclipse-ci\/#primaryimage"},"image":{"@id":"https:\/\/www.bergmanlabora.se\/fi\/tuote\/nikon-eclipse-ci\/#primaryimage"},"thumbnailUrl":"https:\/\/www.bergmanlabora.se\/wp-content\/uploads\/2021\/11\/Nikon_Ci-L_plus_L_handle_yellow-min.jpg","datePublished":"2021-04-27T08:44:39+00:00","dateModified":"2024-04-10T15:54:44+00:00","breadcrumb":{"@id":"https:\/\/www.bergmanlabora.se\/fi\/tuote\/nikon-eclipse-ci\/#breadcrumb"},"inLanguage":"fi","potentialAction":[{"@type":"ReadAction","target":["https:\/\/www.bergmanlabora.se\/fi\/tuote\/nikon-eclipse-ci\/"]}]},{"@type":"ImageObject","inLanguage":"fi","@id":"https:\/\/www.bergmanlabora.se\/fi\/tuote\/nikon-eclipse-ci\/#primaryimage","url":"https:\/\/www.bergmanlabora.se\/wp-content\/uploads\/2021\/11\/Nikon_Ci-L_plus_L_handle_yellow-min.jpg","contentUrl":"https:\/\/www.bergmanlabora.se\/wp-content\/uploads\/2021\/11\/Nikon_Ci-L_plus_L_handle_yellow-min.jpg","width":800,"height":800,"caption":"Nikon Eclipse Ci-L plus L handle yellow"},{"@type":"BreadcrumbList","@id":"https:\/\/www.bergmanlabora.se\/fi\/tuote\/nikon-eclipse-ci\/#breadcrumb","itemListElement":[{"@type":"ListItem","position":1,"name":"Helma","item":"https:\/\/www.bergmanlabora.se\/fi\/maailman-johtavat-laboratoriolaitteet-biotieteille-ja-teollisuudelle\/"},{"@type":"ListItem","position":2,"name":"Webbutik","item":"https:\/\/www.bergmanlabora.se\/webbutik\/"},{"@type":"ListItem","position":3,"name":"Nikon Eclipse Ci"}]},{"@type":"WebSite","@id":"https:\/\/www.bergmanlabora.se\/fi\/#website","url":"https:\/\/www.bergmanlabora.se\/fi\/","name":"BergmanLabora","description":"En av Sveriges ledande leverant\u00f6rer till den svenska laboratoriemarknaden","potentialAction":[{"@type":"SearchAction","target":{"@type":"EntryPoint","urlTemplate":"https:\/\/www.bergmanlabora.se\/fi\/?s={search_term_string}"},"query-input":{"@type":"PropertyValueSpecification","valueRequired":true,"valueName":"search_term_string"}}],"inLanguage":"fi"}]}},"_links":{"self":[{"href":"https:\/\/www.bergmanlabora.se\/fi\/wp-json\/wp\/v2\/product\/667","targetHints":{"allow":["GET"]}}],"collection":[{"href":"https:\/\/www.bergmanlabora.se\/fi\/wp-json\/wp\/v2\/product"}],"about":[{"href":"https:\/\/www.bergmanlabora.se\/fi\/wp-json\/wp\/v2\/types\/product"}],"wp:featuredmedia":[{"embeddable":true,"href":"https:\/\/www.bergmanlabora.se\/fi\/wp-json\/wp\/v2\/media\/3659"}],"wp:attachment":[{"href":"https:\/\/www.bergmanlabora.se\/fi\/wp-json\/wp\/v2\/media?parent=667"}],"wp:term":[{"taxonomy":"product_brand","embeddable":true,"href":"https:\/\/www.bergmanlabora.se\/fi\/wp-json\/wp\/v2\/product_brand?post=667"},{"taxonomy":"product_cat","embeddable":true,"href":"https:\/\/www.bergmanlabora.se\/fi\/wp-json\/wp\/v2\/product_cat?post=667"},{"taxonomy":"product_tag","embeddable":true,"href":"https:\/\/www.bergmanlabora.se\/fi\/wp-json\/wp\/v2\/product_tag?post=667"}],"curies":[{"name":"wp","href":"https:\/\/api.w.org\/{rel}","templated":true}]}}