{"id":663,"date":"2021-04-27T10:44:38","date_gmt":"2021-04-27T08:44:38","guid":{"rendered":"https:\/\/www.stage.bergmanlabora.se\/produkt\/nikon-eclipse-ma100n\/"},"modified":"2023-10-13T12:34:04","modified_gmt":"2023-10-13T10:34:04","slug":"nikon-eclipse-ma100n","status":"publish","type":"product","link":"https:\/\/www.bergmanlabora.se\/fi\/tuote\/nikon-eclipse-ma100n\/","title":{"rendered":"Nikon Eclipse MA100N"},"content":{"rendered":"<h3>Kompakt inverterat mikroskop<\/h3>\n<p>MA100N \u00e4r ett kompakt inverterat mikroskop designat f\u00f6r ljusf\u00e4lt och enklare polarisation applikationer.<\/p>\n<p>Applikationer:<\/p>\n<ul>\n<li>Mettalurgi, metall tillverkning<\/li>\n<li>Gjutj\u00e4rn nodularitet och flinganalys, Korn-storleksanalys<\/li>\n<li>Ytanalyser<\/li>\n<li>Antenn och teleskopoptik<\/li>\n<li>Telekom och elektronik<\/li>\n<li>Mobiltelefoner och klockor<\/li>\n<\/ul>\n<p>&nbsp;<\/p>\n<h3>F\u00f6rdelar med Nikon Eclipse MA100N<\/h3>\n<p>MA100N har en h\u00f6gintensiv LED ljusk\u00e4lla som j\u00e4mf\u00f6rt med en konveniunell halogen lampa enbart f\u00f6rbrukar ca 1\/3 del av el och har en livsl\u00e4ngd som \u00e4r ca 30 g\u00e5nger l\u00e4ngre. Den ger stabila provf\u00f6rh\u00e5llande med en uniforn f\u00e4rg temperatur \u00e4ven i olika ljus intensitet. MA100N \u00e4r designad f\u00f6r LED belysning vilket gjort att fottavtrycket \u00e4r mindre \u00e4n f\u00f6r en konventionell halogen modell. Nikon har ocks\u00e5 utvecklat en nytt rektangul\u00e4rt bord s\u00e4rskillt f\u00f6r MA100N som ger anv\u00e4ndaren fantastisk kontroll och uth\u00e5llighet f\u00f6r observation av tunga prover.<\/p>\n<p>&nbsp;<\/p>\n<h3>Kontakta produktspecialist:<\/h3>\n<table class=\"kontaktpersoner\">\n<tbody>\n<tr>\n<td><img decoding=\"async\" class=\"alignnone size-full wp-image-947 lazyload\" data-src=\"https:\/\/www.bergmanlabora.se\/wp-content\/uploads\/2021\/05\/Torgeir.png\" alt=\"\" width=\"200\" height=\"200\" src=\"data:image\/svg+xml;base64,PHN2ZyB3aWR0aD0iMSIgaGVpZ2h0PSIxIiB4bWxucz0iaHR0cDovL3d3dy53My5vcmcvMjAwMC9zdmciPjwvc3ZnPg==\" style=\"--smush-placeholder-width: 200px; --smush-placeholder-aspect-ratio: 200\/200;\" \/><\/p>\n<p><strong>Torgeir Dahlen<\/strong><br \/>\ntorgeir.dahlen@bergmanlabora.se<br \/>\nTel: 08-625 18 01<\/td>\n<td><img decoding=\"async\" class=\"alignnone size-full wp-image-943 lazyload\" data-src=\"https:\/\/www.bergmanlabora.se\/wp-content\/uploads\/2021\/05\/Johan.png\" alt=\"\" width=\"200\" height=\"200\" src=\"data:image\/svg+xml;base64,PHN2ZyB3aWR0aD0iMSIgaGVpZ2h0PSIxIiB4bWxucz0iaHR0cDovL3d3dy53My5vcmcvMjAwMC9zdmciPjwvc3ZnPg==\" style=\"--smush-placeholder-width: 200px; --smush-placeholder-aspect-ratio: 200\/200;\" \/><\/p>\n<p><strong>Johan Sternemalm<\/strong><br \/>\njohan.sternemalm@bergmanlabora.se<br \/>\nTel: 031-10 54 40<\/td>\n<\/tr>\n<\/tbody>\n<\/table>\n","protected":false},"excerpt":{"rendered":"<p>Nikon Eclips MA100N \u00e4r en anv\u00e4ndarv\u00e4nligt, inveterat mikroskop f\u00f6r industriella\/material applikationer med \u00f6verl\u00e4gsen bildkvalitet, ett litet kostnadseffektivt fotavtryck.<\/p>\n","protected":false},"featured_media":1331,"template":"","meta":[],"product_brand":[],"product_cat":[136,21,135,20,19],"product_tag":[142],"class_list":{"0":"post-663","1":"product","2":"type-product","3":"status-publish","4":"has-post-thumbnail","6":"product_cat-industri-materialanalys","7":"product_cat-inverterat-mikroskop","8":"product_cat-lifescience-kliniska-applikationer","9":"product_cat-mikroskopi","10":"product_cat-nikon","11":"product_tag-elmia","13":"first","14":"instock","15":"shipping-taxable","16":"purchasable","17":"product-type-simple"},"yoast_head":"<!-- This site is optimized with the Yoast SEO plugin v27.2 - https:\/\/yoast.com\/product\/yoast-seo-wordpress\/ -->\n<title>Nikon Eclipse MA100N - BergmanLabora<\/title>\n<meta name=\"robots\" content=\"index, follow, max-snippet:-1, max-image-preview:large, max-video-preview:-1\" \/>\n<link rel=\"canonical\" href=\"https:\/\/www.bergmanlabora.se\/fi\/tuote\/nikon-eclipse-ma100n\/\" \/>\n<meta property=\"og:locale\" content=\"fi_FI\" \/>\n<meta property=\"og:type\" content=\"article\" \/>\n<meta property=\"og:title\" content=\"Nikon Eclipse MA100N - BergmanLabora\" \/>\n<meta property=\"og:description\" content=\"Nikon Eclips MA100N \u00e4r en anv\u00e4ndarv\u00e4nligt, inveterat mikroskop f\u00f6r industriella\/material applikationer med \u00f6verl\u00e4gsen bildkvalitet, ett litet kostnadseffektivt fotavtryck.\" \/>\n<meta property=\"og:url\" content=\"https:\/\/www.bergmanlabora.se\/fi\/tuote\/nikon-eclipse-ma100n\/\" \/>\n<meta property=\"og:site_name\" content=\"BergmanLabora\" \/>\n<meta property=\"article:publisher\" content=\"https:\/\/www.facebook.com\/bergmanlabora\/\" \/>\n<meta property=\"article:modified_time\" content=\"2023-10-13T10:34:04+00:00\" \/>\n<meta property=\"og:image\" content=\"https:\/\/www.bergmanlabora.se\/wp-content\/uploads\/2021\/04\/MIK19_1.jpg\" \/>\n\t<meta property=\"og:image:width\" content=\"800\" \/>\n\t<meta property=\"og:image:height\" content=\"800\" \/>\n\t<meta property=\"og:image:type\" content=\"image\/jpeg\" \/>\n<meta name=\"twitter:card\" content=\"summary_large_image\" \/>\n<meta name=\"twitter:label1\" content=\"Arvioitu lukuaika\" \/>\n\t<meta name=\"twitter:data1\" content=\"1 minuutti\" \/>\n<script type=\"application\/ld+json\" class=\"yoast-schema-graph\">{\"@context\":\"https:\/\/schema.org\",\"@graph\":[{\"@type\":\"WebPage\",\"@id\":\"https:\/\/www.bergmanlabora.se\/fi\/tuote\/nikon-eclipse-ma100n\/\",\"url\":\"https:\/\/www.bergmanlabora.se\/fi\/tuote\/nikon-eclipse-ma100n\/\",\"name\":\"Nikon Eclipse MA100N - BergmanLabora\",\"isPartOf\":{\"@id\":\"https:\/\/www.bergmanlabora.se\/fi\/#website\"},\"primaryImageOfPage\":{\"@id\":\"https:\/\/www.bergmanlabora.se\/fi\/tuote\/nikon-eclipse-ma100n\/#primaryimage\"},\"image\":{\"@id\":\"https:\/\/www.bergmanlabora.se\/fi\/tuote\/nikon-eclipse-ma100n\/#primaryimage\"},\"thumbnailUrl\":\"https:\/\/www.bergmanlabora.se\/wp-content\/uploads\/2021\/04\/MIK19_1.jpg\",\"datePublished\":\"2021-04-27T08:44:38+00:00\",\"dateModified\":\"2023-10-13T10:34:04+00:00\",\"breadcrumb\":{\"@id\":\"https:\/\/www.bergmanlabora.se\/fi\/tuote\/nikon-eclipse-ma100n\/#breadcrumb\"},\"inLanguage\":\"fi\",\"potentialAction\":[{\"@type\":\"ReadAction\",\"target\":[\"https:\/\/www.bergmanlabora.se\/fi\/tuote\/nikon-eclipse-ma100n\/\"]}]},{\"@type\":\"ImageObject\",\"inLanguage\":\"fi\",\"@id\":\"https:\/\/www.bergmanlabora.se\/fi\/tuote\/nikon-eclipse-ma100n\/#primaryimage\",\"url\":\"https:\/\/www.bergmanlabora.se\/wp-content\/uploads\/2021\/04\/MIK19_1.jpg\",\"contentUrl\":\"https:\/\/www.bergmanlabora.se\/wp-content\/uploads\/2021\/04\/MIK19_1.jpg\",\"width\":800,\"height\":800,\"caption\":\"Inverterat mikroskop Nikon Eclipse MA100N\"},{\"@type\":\"BreadcrumbList\",\"@id\":\"https:\/\/www.bergmanlabora.se\/fi\/tuote\/nikon-eclipse-ma100n\/#breadcrumb\",\"itemListElement\":[{\"@type\":\"ListItem\",\"position\":1,\"name\":\"Helma\",\"item\":\"https:\/\/www.bergmanlabora.se\/fi\/maailman-johtavat-laboratoriolaitteet-biotieteille-ja-teollisuudelle\/\"},{\"@type\":\"ListItem\",\"position\":2,\"name\":\"Webbutik\",\"item\":\"https:\/\/www.bergmanlabora.se\/webbutik\/\"},{\"@type\":\"ListItem\",\"position\":3,\"name\":\"Nikon Eclipse MA100N\"}]},{\"@type\":\"WebSite\",\"@id\":\"https:\/\/www.bergmanlabora.se\/fi\/#website\",\"url\":\"https:\/\/www.bergmanlabora.se\/fi\/\",\"name\":\"BergmanLabora\",\"description\":\"En av Sveriges ledande leverant\u00f6rer till den svenska laboratoriemarknaden\",\"potentialAction\":[{\"@type\":\"SearchAction\",\"target\":{\"@type\":\"EntryPoint\",\"urlTemplate\":\"https:\/\/www.bergmanlabora.se\/fi\/?s={search_term_string}\"},\"query-input\":{\"@type\":\"PropertyValueSpecification\",\"valueRequired\":true,\"valueName\":\"search_term_string\"}}],\"inLanguage\":\"fi\"}]}<\/script>\n<!-- \/ Yoast SEO plugin. -->","yoast_head_json":{"title":"Nikon Eclipse MA100N - BergmanLabora","robots":{"index":"index","follow":"follow","max-snippet":"max-snippet:-1","max-image-preview":"max-image-preview:large","max-video-preview":"max-video-preview:-1"},"canonical":"https:\/\/www.bergmanlabora.se\/fi\/tuote\/nikon-eclipse-ma100n\/","og_locale":"fi_FI","og_type":"article","og_title":"Nikon Eclipse MA100N - BergmanLabora","og_description":"Nikon Eclips MA100N \u00e4r en anv\u00e4ndarv\u00e4nligt, inveterat mikroskop f\u00f6r industriella\/material applikationer med \u00f6verl\u00e4gsen bildkvalitet, ett litet kostnadseffektivt fotavtryck.","og_url":"https:\/\/www.bergmanlabora.se\/fi\/tuote\/nikon-eclipse-ma100n\/","og_site_name":"BergmanLabora","article_publisher":"https:\/\/www.facebook.com\/bergmanlabora\/","article_modified_time":"2023-10-13T10:34:04+00:00","og_image":[{"width":800,"height":800,"url":"https:\/\/www.bergmanlabora.se\/wp-content\/uploads\/2021\/04\/MIK19_1.jpg","type":"image\/jpeg"}],"twitter_card":"summary_large_image","twitter_misc":{"Arvioitu lukuaika":"1 minuutti"},"schema":{"@context":"https:\/\/schema.org","@graph":[{"@type":"WebPage","@id":"https:\/\/www.bergmanlabora.se\/fi\/tuote\/nikon-eclipse-ma100n\/","url":"https:\/\/www.bergmanlabora.se\/fi\/tuote\/nikon-eclipse-ma100n\/","name":"Nikon Eclipse MA100N - BergmanLabora","isPartOf":{"@id":"https:\/\/www.bergmanlabora.se\/fi\/#website"},"primaryImageOfPage":{"@id":"https:\/\/www.bergmanlabora.se\/fi\/tuote\/nikon-eclipse-ma100n\/#primaryimage"},"image":{"@id":"https:\/\/www.bergmanlabora.se\/fi\/tuote\/nikon-eclipse-ma100n\/#primaryimage"},"thumbnailUrl":"https:\/\/www.bergmanlabora.se\/wp-content\/uploads\/2021\/04\/MIK19_1.jpg","datePublished":"2021-04-27T08:44:38+00:00","dateModified":"2023-10-13T10:34:04+00:00","breadcrumb":{"@id":"https:\/\/www.bergmanlabora.se\/fi\/tuote\/nikon-eclipse-ma100n\/#breadcrumb"},"inLanguage":"fi","potentialAction":[{"@type":"ReadAction","target":["https:\/\/www.bergmanlabora.se\/fi\/tuote\/nikon-eclipse-ma100n\/"]}]},{"@type":"ImageObject","inLanguage":"fi","@id":"https:\/\/www.bergmanlabora.se\/fi\/tuote\/nikon-eclipse-ma100n\/#primaryimage","url":"https:\/\/www.bergmanlabora.se\/wp-content\/uploads\/2021\/04\/MIK19_1.jpg","contentUrl":"https:\/\/www.bergmanlabora.se\/wp-content\/uploads\/2021\/04\/MIK19_1.jpg","width":800,"height":800,"caption":"Inverterat mikroskop Nikon Eclipse MA100N"},{"@type":"BreadcrumbList","@id":"https:\/\/www.bergmanlabora.se\/fi\/tuote\/nikon-eclipse-ma100n\/#breadcrumb","itemListElement":[{"@type":"ListItem","position":1,"name":"Helma","item":"https:\/\/www.bergmanlabora.se\/fi\/maailman-johtavat-laboratoriolaitteet-biotieteille-ja-teollisuudelle\/"},{"@type":"ListItem","position":2,"name":"Webbutik","item":"https:\/\/www.bergmanlabora.se\/webbutik\/"},{"@type":"ListItem","position":3,"name":"Nikon Eclipse MA100N"}]},{"@type":"WebSite","@id":"https:\/\/www.bergmanlabora.se\/fi\/#website","url":"https:\/\/www.bergmanlabora.se\/fi\/","name":"BergmanLabora","description":"En av Sveriges ledande leverant\u00f6rer till den svenska laboratoriemarknaden","potentialAction":[{"@type":"SearchAction","target":{"@type":"EntryPoint","urlTemplate":"https:\/\/www.bergmanlabora.se\/fi\/?s={search_term_string}"},"query-input":{"@type":"PropertyValueSpecification","valueRequired":true,"valueName":"search_term_string"}}],"inLanguage":"fi"}]}},"_links":{"self":[{"href":"https:\/\/www.bergmanlabora.se\/fi\/wp-json\/wp\/v2\/product\/663","targetHints":{"allow":["GET"]}}],"collection":[{"href":"https:\/\/www.bergmanlabora.se\/fi\/wp-json\/wp\/v2\/product"}],"about":[{"href":"https:\/\/www.bergmanlabora.se\/fi\/wp-json\/wp\/v2\/types\/product"}],"wp:featuredmedia":[{"embeddable":true,"href":"https:\/\/www.bergmanlabora.se\/fi\/wp-json\/wp\/v2\/media\/1331"}],"wp:attachment":[{"href":"https:\/\/www.bergmanlabora.se\/fi\/wp-json\/wp\/v2\/media?parent=663"}],"wp:term":[{"taxonomy":"product_brand","embeddable":true,"href":"https:\/\/www.bergmanlabora.se\/fi\/wp-json\/wp\/v2\/product_brand?post=663"},{"taxonomy":"product_cat","embeddable":true,"href":"https:\/\/www.bergmanlabora.se\/fi\/wp-json\/wp\/v2\/product_cat?post=663"},{"taxonomy":"product_tag","embeddable":true,"href":"https:\/\/www.bergmanlabora.se\/fi\/wp-json\/wp\/v2\/product_tag?post=663"}],"curies":[{"name":"wp","href":"https:\/\/api.w.org\/{rel}","templated":true}]}}