{"id":654,"date":"2021-04-27T10:44:37","date_gmt":"2021-04-27T08:44:37","guid":{"rendered":"https:\/\/www.stage.bergmanlabora.se\/produkt\/csu-w1-sora\/"},"modified":"2023-06-19T16:17:36","modified_gmt":"2023-06-19T14:17:36","slug":"nikon-csu-w1-sora","status":"publish","type":"product","link":"https:\/\/www.bergmanlabora.se\/fi\/tuote\/nikon-csu-w1-sora\/","title":{"rendered":"Nikon CSU-W1 SoRa"},"content":{"rendered":"<h3>Flexibla och kraftfulla konfokaler<\/h3>\n<p>CSU-serien fr\u00e5n Yokogawa Life Sciences, \u00e4r flexibla och kraftfulla Spinning Disk konfokaler. Tekniken \u00e4r ideal f\u00f6r levande celler och organismer eftersom cellerna inte uts\u00e4tts f\u00f6r h\u00f6gt excitations ljus, samt att snabbheten g\u00f6r att \u00e4ven dynamiska processer i levande celler kan avbildas. CSU-W1 har ett stort synf\u00e4lt, ca 4 x st\u00f6rre \u00e4n X1 modellen. Detta g\u00f6r den till ett mycket bra val om man vill scanna stora preparat. Det stora synf\u00e4ltet \u00e4r v\u00e4l anpassat f\u00f6r anv\u00e4ndning av CMOS kameror med stor sensor.<\/p>\n<p>Designen av pinhole\/disk \u00e4r ocks\u00e5 optimerad f\u00f6r att reducera crosstalk. W1 modellen \u00e4r d\u00e4rf\u00f6r ett mycket bra val f\u00f6r tjocka preparat, till exempel organoider. W1 \u00e4r liksom X1 modellen mycket anpassningsbar; val av olika diskar, kameror samt excitationsv\u00e5gl\u00e4ngder g\u00f6r att den kan anpassas att passa m\u00e5nga applikationer.Till exempel s\u00e5 kan W1 konfigureras f\u00f6r tv\u00e5 kameror.<\/p>\n<h3>Uppgradera din Spinning Disk<\/h3>\n<p>Du kan uppgradera din Spinning Disk till Super Resolution CSU-W1 SoRa; Super Resolution genom Optical Re-Assignment f\u00f6r XY uppl\u00f6sning till 120nm. W1 kan uppgraderas till ett superresolutions system som ger upp till 2X b\u00e4ttre uppl\u00f6sning (med dekonvolution) samtidigt som du beh\u00e5ller konfokaliteten. Systemet har d\u00e5 en extra disk med mikrolinser framf\u00f6r pinhole, samt en enhet med f\u00f6rstoringslinser. Allt \u00e4r motoriserat och du kan enkelt byta mellan superresolution\/konfokal eller enbart konfokal i mjukvaran. Detta inneb\u00e4r att CSU-W1 SoRa \u00e4r ett konfokalt spinning disk system samt konfokalt superresolutionssystem i ett. Alla CSU systemen \u00e4r integrerade med Nikons mikroskopplattformar och mjukvara.<\/p>\n<p>&nbsp;<\/p>\n<h3>Kontakta produktspecialist:<\/h3>\n<table class=\"kontaktpersoner\">\n<tbody>\n<tr>\n<td><img decoding=\"async\" class=\"alignnone size-full wp-image-947 lazyload\" data-src=\"https:\/\/www.bergmanlabora.se\/wp-content\/uploads\/2021\/05\/Catherine.png\" alt=\"\" width=\"200\" height=\"200\" src=\"data:image\/svg+xml;base64,PHN2ZyB3aWR0aD0iMSIgaGVpZ2h0PSIxIiB4bWxucz0iaHR0cDovL3d3dy53My5vcmcvMjAwMC9zdmciPjwvc3ZnPg==\" style=\"--smush-placeholder-width: 200px; --smush-placeholder-aspect-ratio: 200\/200;\" \/><\/p>\n<p><strong>Catherine Kitts<\/strong><br \/>\ncatherine.kitts@bergmanlabora.se<br \/>\nTel: 031-788 18 94<\/td>\n<td><img decoding=\"async\" class=\"alignnone size-full wp-image-943 lazyload\" data-src=\"https:\/\/www.bergmanlabora.se\/wp-content\/uploads\/2021\/05\/Marie.png\" alt=\"\" width=\"200\" height=\"200\" src=\"data:image\/svg+xml;base64,PHN2ZyB3aWR0aD0iMSIgaGVpZ2h0PSIxIiB4bWxucz0iaHR0cDovL3d3dy53My5vcmcvMjAwMC9zdmciPjwvc3ZnPg==\" style=\"--smush-placeholder-width: 200px; --smush-placeholder-aspect-ratio: 200\/200;\" \/><\/p>\n<p><strong>Marie Andersson<\/strong><br \/>\nmarie.andersson@bergmanlabora.se<br \/>\nTel: 08-625 18 07<\/td>\n<\/tr>\n<\/tbody>\n<\/table>\n","protected":false},"excerpt":{"rendered":"<p>Konfokal och superresolution. Idealt f\u00f6r levande celler och organismer d\u00e5 de inte uts\u00e4tts f\u00f6r starkt excitationsljus och hastigheten till\u00e5ter dynamiska processer att avbildas. Med ett stort synf\u00e4lt anv\u00e4nds modellen till scanning av stora preparat. Pinhole\/disk \u00e4r optimerad f\u00f6r att reducera crosstalk, vilket m\u00f6jligg\u00f6r analys av tjocka preparat, till exempel organoider.<\/p>\n","protected":false},"featured_media":1297,"template":"","meta":[],"product_brand":[],"product_cat":[29,135,20,19],"product_tag":[],"class_list":{"0":"post-654","1":"product","2":"type-product","3":"status-publish","4":"has-post-thumbnail","6":"product_cat-konfokal","7":"product_cat-lifescience-kliniska-applikationer","8":"product_cat-mikroskopi","9":"product_cat-nikon","11":"first","12":"instock","13":"shipping-taxable","14":"purchasable","15":"product-type-simple"},"yoast_head":"<!-- This site is optimized with the Yoast SEO plugin v27.2 - https:\/\/yoast.com\/product\/yoast-seo-wordpress\/ -->\n<title>Nikon CSU-W1 SoRa - BergmanLabora<\/title>\n<meta name=\"robots\" content=\"index, follow, max-snippet:-1, max-image-preview:large, max-video-preview:-1\" \/>\n<link rel=\"canonical\" href=\"https:\/\/www.bergmanlabora.se\/fi\/tuote\/nikon-csu-w1-sora\/\" \/>\n<meta property=\"og:locale\" content=\"fi_FI\" \/>\n<meta property=\"og:type\" content=\"article\" \/>\n<meta property=\"og:title\" content=\"Nikon CSU-W1 SoRa - BergmanLabora\" \/>\n<meta property=\"og:description\" content=\"Konfokal och superresolution. Idealt f\u00f6r levande celler och organismer d\u00e5 de inte uts\u00e4tts f\u00f6r starkt excitationsljus och hastigheten till\u00e5ter dynamiska processer att avbildas. Med ett stort synf\u00e4lt anv\u00e4nds modellen till scanning av stora preparat. Pinhole\/disk \u00e4r optimerad f\u00f6r att reducera crosstalk, vilket m\u00f6jligg\u00f6r analys av tjocka preparat, till exempel organoider.\" \/>\n<meta property=\"og:url\" content=\"https:\/\/www.bergmanlabora.se\/fi\/tuote\/nikon-csu-w1-sora\/\" \/>\n<meta property=\"og:site_name\" content=\"BergmanLabora\" \/>\n<meta property=\"article:publisher\" content=\"https:\/\/www.facebook.com\/bergmanlabora\/\" \/>\n<meta property=\"article:modified_time\" content=\"2023-06-19T14:17:36+00:00\" \/>\n<meta property=\"og:image\" content=\"https:\/\/www.bergmanlabora.se\/wp-content\/uploads\/2021\/04\/MIK10_1.jpg\" \/>\n\t<meta property=\"og:image:width\" content=\"800\" \/>\n\t<meta property=\"og:image:height\" content=\"800\" \/>\n\t<meta property=\"og:image:type\" content=\"image\/jpeg\" \/>\n<meta name=\"twitter:card\" content=\"summary_large_image\" \/>\n<meta name=\"twitter:label1\" content=\"Arvioitu lukuaika\" \/>\n\t<meta name=\"twitter:data1\" content=\"1 minuutti\" \/>\n<script type=\"application\/ld+json\" class=\"yoast-schema-graph\">{\"@context\":\"https:\/\/schema.org\",\"@graph\":[{\"@type\":\"WebPage\",\"@id\":\"https:\/\/www.bergmanlabora.se\/fi\/tuote\/nikon-csu-w1-sora\/\",\"url\":\"https:\/\/www.bergmanlabora.se\/fi\/tuote\/nikon-csu-w1-sora\/\",\"name\":\"Nikon CSU-W1 SoRa - BergmanLabora\",\"isPartOf\":{\"@id\":\"https:\/\/www.bergmanlabora.se\/fi\/#website\"},\"primaryImageOfPage\":{\"@id\":\"https:\/\/www.bergmanlabora.se\/fi\/tuote\/nikon-csu-w1-sora\/#primaryimage\"},\"image\":{\"@id\":\"https:\/\/www.bergmanlabora.se\/fi\/tuote\/nikon-csu-w1-sora\/#primaryimage\"},\"thumbnailUrl\":\"https:\/\/www.bergmanlabora.se\/wp-content\/uploads\/2021\/04\/MIK10_1.jpg\",\"datePublished\":\"2021-04-27T08:44:37+00:00\",\"dateModified\":\"2023-06-19T14:17:36+00:00\",\"breadcrumb\":{\"@id\":\"https:\/\/www.bergmanlabora.se\/fi\/tuote\/nikon-csu-w1-sora\/#breadcrumb\"},\"inLanguage\":\"fi\",\"potentialAction\":[{\"@type\":\"ReadAction\",\"target\":[\"https:\/\/www.bergmanlabora.se\/fi\/tuote\/nikon-csu-w1-sora\/\"]}]},{\"@type\":\"ImageObject\",\"inLanguage\":\"fi\",\"@id\":\"https:\/\/www.bergmanlabora.se\/fi\/tuote\/nikon-csu-w1-sora\/#primaryimage\",\"url\":\"https:\/\/www.bergmanlabora.se\/wp-content\/uploads\/2021\/04\/MIK10_1.jpg\",\"contentUrl\":\"https:\/\/www.bergmanlabora.se\/wp-content\/uploads\/2021\/04\/MIK10_1.jpg\",\"width\":800,\"height\":800,\"caption\":\"Nikon CSU-W1 SoRa Konfokal mikroskop\"},{\"@type\":\"BreadcrumbList\",\"@id\":\"https:\/\/www.bergmanlabora.se\/fi\/tuote\/nikon-csu-w1-sora\/#breadcrumb\",\"itemListElement\":[{\"@type\":\"ListItem\",\"position\":1,\"name\":\"Helma\",\"item\":\"https:\/\/www.bergmanlabora.se\/fi\/maailman-johtavat-laboratoriolaitteet-biotieteille-ja-teollisuudelle\/\"},{\"@type\":\"ListItem\",\"position\":2,\"name\":\"Webbutik\",\"item\":\"https:\/\/www.bergmanlabora.se\/webbutik\/\"},{\"@type\":\"ListItem\",\"position\":3,\"name\":\"Nikon CSU-W1 SoRa\"}]},{\"@type\":\"WebSite\",\"@id\":\"https:\/\/www.bergmanlabora.se\/fi\/#website\",\"url\":\"https:\/\/www.bergmanlabora.se\/fi\/\",\"name\":\"BergmanLabora\",\"description\":\"En av Sveriges ledande leverant\u00f6rer till den svenska laboratoriemarknaden\",\"potentialAction\":[{\"@type\":\"SearchAction\",\"target\":{\"@type\":\"EntryPoint\",\"urlTemplate\":\"https:\/\/www.bergmanlabora.se\/fi\/?s={search_term_string}\"},\"query-input\":{\"@type\":\"PropertyValueSpecification\",\"valueRequired\":true,\"valueName\":\"search_term_string\"}}],\"inLanguage\":\"fi\"}]}<\/script>\n<!-- \/ Yoast SEO plugin. -->","yoast_head_json":{"title":"Nikon CSU-W1 SoRa - BergmanLabora","robots":{"index":"index","follow":"follow","max-snippet":"max-snippet:-1","max-image-preview":"max-image-preview:large","max-video-preview":"max-video-preview:-1"},"canonical":"https:\/\/www.bergmanlabora.se\/fi\/tuote\/nikon-csu-w1-sora\/","og_locale":"fi_FI","og_type":"article","og_title":"Nikon CSU-W1 SoRa - BergmanLabora","og_description":"Konfokal och superresolution. Idealt f\u00f6r levande celler och organismer d\u00e5 de inte uts\u00e4tts f\u00f6r starkt excitationsljus och hastigheten till\u00e5ter dynamiska processer att avbildas. Med ett stort synf\u00e4lt anv\u00e4nds modellen till scanning av stora preparat. Pinhole\/disk \u00e4r optimerad f\u00f6r att reducera crosstalk, vilket m\u00f6jligg\u00f6r analys av tjocka preparat, till exempel organoider.","og_url":"https:\/\/www.bergmanlabora.se\/fi\/tuote\/nikon-csu-w1-sora\/","og_site_name":"BergmanLabora","article_publisher":"https:\/\/www.facebook.com\/bergmanlabora\/","article_modified_time":"2023-06-19T14:17:36+00:00","og_image":[{"width":800,"height":800,"url":"https:\/\/www.bergmanlabora.se\/wp-content\/uploads\/2021\/04\/MIK10_1.jpg","type":"image\/jpeg"}],"twitter_card":"summary_large_image","twitter_misc":{"Arvioitu lukuaika":"1 minuutti"},"schema":{"@context":"https:\/\/schema.org","@graph":[{"@type":"WebPage","@id":"https:\/\/www.bergmanlabora.se\/fi\/tuote\/nikon-csu-w1-sora\/","url":"https:\/\/www.bergmanlabora.se\/fi\/tuote\/nikon-csu-w1-sora\/","name":"Nikon CSU-W1 SoRa - BergmanLabora","isPartOf":{"@id":"https:\/\/www.bergmanlabora.se\/fi\/#website"},"primaryImageOfPage":{"@id":"https:\/\/www.bergmanlabora.se\/fi\/tuote\/nikon-csu-w1-sora\/#primaryimage"},"image":{"@id":"https:\/\/www.bergmanlabora.se\/fi\/tuote\/nikon-csu-w1-sora\/#primaryimage"},"thumbnailUrl":"https:\/\/www.bergmanlabora.se\/wp-content\/uploads\/2021\/04\/MIK10_1.jpg","datePublished":"2021-04-27T08:44:37+00:00","dateModified":"2023-06-19T14:17:36+00:00","breadcrumb":{"@id":"https:\/\/www.bergmanlabora.se\/fi\/tuote\/nikon-csu-w1-sora\/#breadcrumb"},"inLanguage":"fi","potentialAction":[{"@type":"ReadAction","target":["https:\/\/www.bergmanlabora.se\/fi\/tuote\/nikon-csu-w1-sora\/"]}]},{"@type":"ImageObject","inLanguage":"fi","@id":"https:\/\/www.bergmanlabora.se\/fi\/tuote\/nikon-csu-w1-sora\/#primaryimage","url":"https:\/\/www.bergmanlabora.se\/wp-content\/uploads\/2021\/04\/MIK10_1.jpg","contentUrl":"https:\/\/www.bergmanlabora.se\/wp-content\/uploads\/2021\/04\/MIK10_1.jpg","width":800,"height":800,"caption":"Nikon CSU-W1 SoRa Konfokal mikroskop"},{"@type":"BreadcrumbList","@id":"https:\/\/www.bergmanlabora.se\/fi\/tuote\/nikon-csu-w1-sora\/#breadcrumb","itemListElement":[{"@type":"ListItem","position":1,"name":"Helma","item":"https:\/\/www.bergmanlabora.se\/fi\/maailman-johtavat-laboratoriolaitteet-biotieteille-ja-teollisuudelle\/"},{"@type":"ListItem","position":2,"name":"Webbutik","item":"https:\/\/www.bergmanlabora.se\/webbutik\/"},{"@type":"ListItem","position":3,"name":"Nikon CSU-W1 SoRa"}]},{"@type":"WebSite","@id":"https:\/\/www.bergmanlabora.se\/fi\/#website","url":"https:\/\/www.bergmanlabora.se\/fi\/","name":"BergmanLabora","description":"En av Sveriges ledande leverant\u00f6rer till den svenska laboratoriemarknaden","potentialAction":[{"@type":"SearchAction","target":{"@type":"EntryPoint","urlTemplate":"https:\/\/www.bergmanlabora.se\/fi\/?s={search_term_string}"},"query-input":{"@type":"PropertyValueSpecification","valueRequired":true,"valueName":"search_term_string"}}],"inLanguage":"fi"}]}},"_links":{"self":[{"href":"https:\/\/www.bergmanlabora.se\/fi\/wp-json\/wp\/v2\/product\/654","targetHints":{"allow":["GET"]}}],"collection":[{"href":"https:\/\/www.bergmanlabora.se\/fi\/wp-json\/wp\/v2\/product"}],"about":[{"href":"https:\/\/www.bergmanlabora.se\/fi\/wp-json\/wp\/v2\/types\/product"}],"wp:featuredmedia":[{"embeddable":true,"href":"https:\/\/www.bergmanlabora.se\/fi\/wp-json\/wp\/v2\/media\/1297"}],"wp:attachment":[{"href":"https:\/\/www.bergmanlabora.se\/fi\/wp-json\/wp\/v2\/media?parent=654"}],"wp:term":[{"taxonomy":"product_brand","embeddable":true,"href":"https:\/\/www.bergmanlabora.se\/fi\/wp-json\/wp\/v2\/product_brand?post=654"},{"taxonomy":"product_cat","embeddable":true,"href":"https:\/\/www.bergmanlabora.se\/fi\/wp-json\/wp\/v2\/product_cat?post=654"},{"taxonomy":"product_tag","embeddable":true,"href":"https:\/\/www.bergmanlabora.se\/fi\/wp-json\/wp\/v2\/product_tag?post=654"}],"curies":[{"name":"wp","href":"https:\/\/api.w.org\/{rel}","templated":true}]}}