{"id":650,"date":"2021-04-27T10:44:36","date_gmt":"2021-04-27T08:44:36","guid":{"rendered":"https:\/\/www.stage.bergmanlabora.se\/produkt\/nikon-ax-axr\/"},"modified":"2025-04-28T12:28:03","modified_gmt":"2025-04-28T10:28:03","slug":"nikon-ax-axr","status":"publish","type":"product","link":"https:\/\/www.bergmanlabora.se\/fi\/tuote\/nikon-ax-axr\/","title":{"rendered":"Nikon AX \/ AX R med NSPARC"},"content":{"rendered":"<h3>H\u00f6g uppl\u00f6sning och stort synf\u00e4lt i samma system<\/h3>\n<p>Nikon \u00e4r v\u00e4rldens marknadsledande tillverkare av konfokal mikroskop som kombinerar h\u00f6g uppl\u00f6sning med ett stort synf\u00e4lt. Med Nikon AX och AX R konfokalsystem kan man ta bilder med upp till 8192 x 8192 pixlar samt ha ett synf\u00e4lt p\u00e5 25 mm b\u00e5de med Ti2 inverterat mikroskop och de r\u00e4ttv\u00e4nda mikroskopen Ni och FN1. Detta m\u00f6jligg\u00f6r att man kan se till exempel hela mushj\u00e4rnor eller hela Drosophila embryos i ett enda synf\u00e4lt med l\u00e5g f\u00f6rstoring och \u00e4nd\u00e5 ha tillr\u00e4cklig uppl\u00f6sning f\u00f6r att ocks\u00e5 se sm\u00e5 detaljer. Det stora synf\u00e4ltet bidrar ocks\u00e5 till att snabba p\u00e5 bildanalys eftersom mer data kan samlas in i ett enda synf\u00e4lt.<\/p>\n<h3>Snabbhet och h\u00f6g uppl\u00f6sning f\u00f6r dynamiska event<\/h3>\n<p>Nikon\u2019s AXR system har en innovativ hybrid scanner som har en snabb galvanometerscanner samt en ultrasnabb resonantscanner. Hybridscannern ger dej m\u00f6jlighet att v\u00e4xla mellan en framerate p\u00e5 upp till 30 bilder i sekunden i uppl\u00f6sning 2048 x 2048 pixlar f\u00f6r att f\u00f6lja dynamiska event i levande celler samt om behovet finns, v\u00e4xla till h\u00f6gre uppl\u00f6sning med galvanoscannern. V\u00e4xlingen mellan resonantscannern och galvanoscannern g\u00f6rs genom ett enkelt klick i mjukvaran.<\/p>\n<h3>Detektorer f\u00f6r h\u00f6g k\u00e4nslighet och spektral flexibilitet<\/h3>\n<p>Nikons detektorer DUX-VB och DUX-ST kan utrustas med 2 eller 4 GaAsP eller High QE PMT detektorer. Detektorerna kan vara filterl\u00f6sa f\u00f6r fri spektral justerbarhet eller med filter p\u00e5 upp till 24 kanaler. Detektorerna kan kombineras f\u00f6r att ge b\u00e5de spektral specificitet och valfrihet.<\/p>\n<h3>Nikon NSPARC - Revolutionerande teknik f\u00f6r f\u00f6rb\u00e4ttrad uppl\u00f6sning och bildkvalitet<\/h3>\n<p>Nikons senaste teknik, Nikon Spatial Array Confocal (NSPARC) \u00e4r en detektor som har utvecklats f\u00f6r att ytterligare tillf\u00f6ra h\u00f6gre uppl\u00f6sning och k\u00e4nslighet f\u00f6r anv\u00e4ndare av AX och AX R. NSPARC inneh\u00e5ller en array best\u00e5ende av 25 stycken superk\u00e4nsliga detektorer. Varje enskild detektor f\u00e5r tv\u00e5-dimensionell information fr\u00e5n varje scannad punkt till skillnad fr\u00e5n en standarddetektor som f\u00e5r information fr\u00e5n enbart en pixel. Denna metod f\u00f6r bildscanning, som kallas Image Scanning Microscopy (ISM), ger h\u00f6gre k\u00e4nslighet och f\u00f6rb\u00e4ttrar signal-brusf\u00f6rh\u00e5llandet vilket inneb\u00e4r att du kan minska laserintensiteten.<\/p>\n<p>Dessutom s\u00e5 ger tekniken en f\u00f6rb\u00e4ttrad uppl\u00f6sning p\u00e5 upp till 80-100 nm lateralt och 300 nm axiellt s\u00e5 att \u00e4ven sm\u00e5 detaljer som inte kan ses med en standarddetektor blir synliga. Denna nya detektor kan anv\u00e4ndas som ensam detektor, men den kan ocks\u00e5 kombineras med DUX-VB eller DUX-ST f\u00f6r st\u00f6rsta flexibilitet. Det \u00e4r ocks\u00e5 m\u00f6jligt att uppgradera befintliga AX\/AXR konfokaler med NSPARC.<\/p>\n<div class=\"video-shortcode\"><iframe class=\"fusion-hidden\" data-privacy-type=\"youtube\" src=\"\" title=\"Nikon NSPARC\" width=\"1200\" height=\"675\" data-privacy-src=\"https:\/\/www.youtube.com\/embed\/QMGZSu58WlY?feature=oembed\" frameborder=\"0\" allow=\"accelerometer; autoplay; clipboard-write; encrypted-media; gyroscope; picture-in-picture; web-share\" allowfullscreen><\/iframe><\/p>\n<div class=\"fusion-privacy-placeholder\" style=\"width:1200px; height:675px;\" data-privacy-type=\"youtube\">\n<div class=\"fusion-privacy-placeholder-content\">\n<div class=\"fusion-privacy-label\">For privacy reasons YouTube needs your permission to be loaded. For more details, please see our <a class=\"privacy-policy-link\" href=\"https:\/\/www.bergmanlabora.se\/integritetspolicy\/\" rel=\"privacy-policy\">Integritetspolicy<\/a>.<\/div>\n<p><button data-privacy-type=\"youtube\" class=\"fusion-button button-default fusion-button-default-size button fusion-privacy-consent\">I Accept<\/button><\/div>\n<\/div>\n<\/div>\n<p>&nbsp;<\/p>\n<h3>F\u00f6renkla med nya AI-verktyg<\/h3>\n<p>AX\/AXR\u2019s mjukvara f\u00f6r kontroll \u00e4r anv\u00e4ndarv\u00e4nligt. Det enda du som anv\u00e4ndare beh\u00f6ver g\u00f6ra \u00e4r att best\u00e4mma vilka fluorochromer som skall anv\u00e4ndas sedan l\u00e5ta AI s\u00e4tta niv\u00e5erna p\u00e5 lasrar och detektorer f\u00f6r b\u00e4sta m\u00f6jliga bildkvalit\u00e9. Detta kan ytterligare kombineras med NIS.ai som har flera verktyg f\u00f6r automatisk bildf\u00f6rb\u00e4ttring och tr\u00f6skling f\u00f6r bildanalys.<\/p>\n<h3>AX och AX R konfokalmikroskop kan kombineras med andra mikroskopitekniker<\/h3>\n<p>AX\/AXR kan kombineras med andra mikroskopitekniker som SIM, TIRF, Spinning Disk, FLIM och FRAP. V\u00e5r mjukvara NIS-Elements \u00e4r flexibel och kan ocks\u00e5 konfigureras f\u00f6r att styra andra h\u00e5rdvaror, s\u00e5som pumpar och mikromanipulatorer f\u00f6r att skapa mer komplexa experimentdesigner.<\/p>\n<div class=\"video-shortcode\"><iframe class=\"fusion-hidden\" data-privacy-type=\"youtube\" src=\"\" title=\"Nikon NSPARC\" width=\"1200\" height=\"675\" data-privacy-src=\"https:\/\/www.youtube.com\/embed\/VXbn1oWgzu0?feature=oembed\" frameborder=\"0\" allow=\"accelerometer; autoplay; clipboard-write; encrypted-media; gyroscope; picture-in-picture; web-share\" allowfullscreen><\/iframe><\/p>\n<div class=\"fusion-privacy-placeholder\" style=\"width:1200px; height:675px;\" data-privacy-type=\"youtube\">\n<div class=\"fusion-privacy-placeholder-content\">\n<div class=\"fusion-privacy-label\">For privacy reasons YouTube needs your permission to be loaded. For more details, please see our <a class=\"privacy-policy-link\" href=\"https:\/\/www.bergmanlabora.se\/integritetspolicy\/\" rel=\"privacy-policy\">Integritetspolicy<\/a>.<\/div>\n<p><button data-privacy-type=\"youtube\" class=\"fusion-button button-default fusion-button-default-size button fusion-privacy-consent\">I Accept<\/button><\/div>\n<\/div>\n<\/div>\n<p>&nbsp;<\/p>\n<h3>Kontakta produktspecialist:<\/h3>\n<table class=\"kontaktpersoner\">\n<tbody>\n<tr>\n<td><img decoding=\"async\" class=\"alignnone size-full wp-image-947 lazyload\" data-src=\"https:\/\/www.bergmanlabora.se\/wp-content\/uploads\/2021\/05\/Catherine.png\" alt=\"\" width=\"200\" height=\"200\" src=\"data:image\/svg+xml;base64,PHN2ZyB3aWR0aD0iMSIgaGVpZ2h0PSIxIiB4bWxucz0iaHR0cDovL3d3dy53My5vcmcvMjAwMC9zdmciPjwvc3ZnPg==\" style=\"--smush-placeholder-width: 200px; --smush-placeholder-aspect-ratio: 200\/200;\" \/><\/p>\n<p><strong>Catherine Kitts<\/strong><br \/>\ncatherine.kitts@bergmanlabora.se<br \/>\nTel: 031-788 18 94<\/td>\n<td><img decoding=\"async\" class=\"alignnone size-full wp-image-943 lazyload\" data-src=\"https:\/\/www.bergmanlabora.se\/wp-content\/uploads\/2021\/05\/Marie.png\" alt=\"\" width=\"200\" height=\"200\" src=\"data:image\/svg+xml;base64,PHN2ZyB3aWR0aD0iMSIgaGVpZ2h0PSIxIiB4bWxucz0iaHR0cDovL3d3dy53My5vcmcvMjAwMC9zdmciPjwvc3ZnPg==\" style=\"--smush-placeholder-width: 200px; --smush-placeholder-aspect-ratio: 200\/200;\" \/><\/p>\n<p><strong>Marie Andersson<\/strong><br \/>\nmarie.andersson@bergmanlabora.se<br \/>\nTel: 08-625 18 07<\/td>\n<\/tr>\n<\/tbody>\n<\/table>\n","protected":false},"excerpt":{"rendered":"<p>Marknadsledande 25-mm synf\u00e4lt, 8k x 8k uppl\u00f6sning och 30 bilder i sekund (2048 x 512) k\u00e4nnatekna Nikons 10e generations (Point Scanning) konfokal. Leverera mer data snabbare helt enkelt!<\/p>\n","protected":false},"featured_media":1286,"template":"","meta":[],"product_brand":[],"product_cat":[29,135,20,19],"product_tag":[109],"class_list":{"0":"post-650","1":"product","2":"type-product","3":"status-publish","4":"has-post-thumbnail","6":"product_cat-konfokal","7":"product_cat-lifescience-kliniska-applikationer","8":"product_cat-mikroskopi","9":"product_cat-nikon","10":"product_tag-featured","12":"first","13":"instock","14":"shipping-taxable","15":"purchasable","16":"product-type-simple"},"yoast_head":"<!-- This site is optimized with the Yoast SEO plugin v27.2 - https:\/\/yoast.com\/product\/yoast-seo-wordpress\/ -->\n<title>Nikon AX \/ AX R med NSPARC - BergmanLabora<\/title>\n<meta name=\"robots\" content=\"index, follow, max-snippet:-1, max-image-preview:large, max-video-preview:-1\" \/>\n<link rel=\"canonical\" href=\"https:\/\/www.bergmanlabora.se\/fi\/tuote\/nikon-ax-axr\/\" \/>\n<meta property=\"og:locale\" content=\"fi_FI\" \/>\n<meta property=\"og:type\" content=\"article\" \/>\n<meta property=\"og:title\" content=\"Nikon AX \/ AX R med NSPARC - BergmanLabora\" \/>\n<meta property=\"og:description\" content=\"Marknadsledande 25-mm synf\u00e4lt, 8k x 8k uppl\u00f6sning och 30 bilder i sekund (2048 x 512) k\u00e4nnatekna Nikons 10e generations (Point Scanning) konfokal. Leverera mer data snabbare helt enkelt!\" \/>\n<meta property=\"og:url\" content=\"https:\/\/www.bergmanlabora.se\/fi\/tuote\/nikon-ax-axr\/\" \/>\n<meta property=\"og:site_name\" content=\"BergmanLabora\" \/>\n<meta property=\"article:publisher\" content=\"https:\/\/www.facebook.com\/bergmanlabora\/\" \/>\n<meta property=\"article:modified_time\" content=\"2025-04-28T10:28:03+00:00\" \/>\n<meta property=\"og:image\" content=\"https:\/\/www.bergmanlabora.se\/wp-content\/uploads\/2021\/04\/MIK05_1.jpg\" \/>\n\t<meta property=\"og:image:width\" content=\"800\" \/>\n\t<meta property=\"og:image:height\" content=\"800\" \/>\n\t<meta property=\"og:image:type\" content=\"image\/jpeg\" \/>\n<meta name=\"twitter:card\" content=\"summary_large_image\" \/>\n<meta name=\"twitter:label1\" content=\"Arvioitu lukuaika\" \/>\n\t<meta name=\"twitter:data1\" content=\"4 minuuttia\" \/>\n<script type=\"application\/ld+json\" class=\"yoast-schema-graph\">{\"@context\":\"https:\/\/schema.org\",\"@graph\":[{\"@type\":\"WebPage\",\"@id\":\"https:\/\/www.bergmanlabora.se\/fi\/tuote\/nikon-ax-axr\/\",\"url\":\"https:\/\/www.bergmanlabora.se\/fi\/tuote\/nikon-ax-axr\/\",\"name\":\"Nikon AX \/ AX R med NSPARC - BergmanLabora\",\"isPartOf\":{\"@id\":\"https:\/\/www.bergmanlabora.se\/fi\/#website\"},\"primaryImageOfPage\":{\"@id\":\"https:\/\/www.bergmanlabora.se\/fi\/tuote\/nikon-ax-axr\/#primaryimage\"},\"image\":{\"@id\":\"https:\/\/www.bergmanlabora.se\/fi\/tuote\/nikon-ax-axr\/#primaryimage\"},\"thumbnailUrl\":\"https:\/\/www.bergmanlabora.se\/wp-content\/uploads\/2021\/04\/MIK05_1.jpg\",\"datePublished\":\"2021-04-27T08:44:36+00:00\",\"dateModified\":\"2025-04-28T10:28:03+00:00\",\"breadcrumb\":{\"@id\":\"https:\/\/www.bergmanlabora.se\/fi\/tuote\/nikon-ax-axr\/#breadcrumb\"},\"inLanguage\":\"fi\",\"potentialAction\":[{\"@type\":\"ReadAction\",\"target\":[\"https:\/\/www.bergmanlabora.se\/fi\/tuote\/nikon-ax-axr\/\"]}]},{\"@type\":\"ImageObject\",\"inLanguage\":\"fi\",\"@id\":\"https:\/\/www.bergmanlabora.se\/fi\/tuote\/nikon-ax-axr\/#primaryimage\",\"url\":\"https:\/\/www.bergmanlabora.se\/wp-content\/uploads\/2021\/04\/MIK05_1.jpg\",\"contentUrl\":\"https:\/\/www.bergmanlabora.se\/wp-content\/uploads\/2021\/04\/MIK05_1.jpg\",\"width\":800,\"height\":800,\"caption\":\"Mikroskop konfokal Nikon AX\/AXR\"},{\"@type\":\"BreadcrumbList\",\"@id\":\"https:\/\/www.bergmanlabora.se\/fi\/tuote\/nikon-ax-axr\/#breadcrumb\",\"itemListElement\":[{\"@type\":\"ListItem\",\"position\":1,\"name\":\"Helma\",\"item\":\"https:\/\/www.bergmanlabora.se\/fi\/maailman-johtavat-laboratoriolaitteet-biotieteille-ja-teollisuudelle\/\"},{\"@type\":\"ListItem\",\"position\":2,\"name\":\"Webbutik\",\"item\":\"https:\/\/www.bergmanlabora.se\/webbutik\/\"},{\"@type\":\"ListItem\",\"position\":3,\"name\":\"Nikon AX \/ AX R med NSPARC\"}]},{\"@type\":\"WebSite\",\"@id\":\"https:\/\/www.bergmanlabora.se\/fi\/#website\",\"url\":\"https:\/\/www.bergmanlabora.se\/fi\/\",\"name\":\"BergmanLabora\",\"description\":\"En av Sveriges ledande leverant\u00f6rer till den svenska laboratoriemarknaden\",\"potentialAction\":[{\"@type\":\"SearchAction\",\"target\":{\"@type\":\"EntryPoint\",\"urlTemplate\":\"https:\/\/www.bergmanlabora.se\/fi\/?s={search_term_string}\"},\"query-input\":{\"@type\":\"PropertyValueSpecification\",\"valueRequired\":true,\"valueName\":\"search_term_string\"}}],\"inLanguage\":\"fi\"}]}<\/script>\n<!-- \/ Yoast SEO plugin. -->","yoast_head_json":{"title":"Nikon AX \/ AX R med NSPARC - BergmanLabora","robots":{"index":"index","follow":"follow","max-snippet":"max-snippet:-1","max-image-preview":"max-image-preview:large","max-video-preview":"max-video-preview:-1"},"canonical":"https:\/\/www.bergmanlabora.se\/fi\/tuote\/nikon-ax-axr\/","og_locale":"fi_FI","og_type":"article","og_title":"Nikon AX \/ AX R med NSPARC - BergmanLabora","og_description":"Marknadsledande 25-mm synf\u00e4lt, 8k x 8k uppl\u00f6sning och 30 bilder i sekund (2048 x 512) k\u00e4nnatekna Nikons 10e generations (Point Scanning) konfokal. Leverera mer data snabbare helt enkelt!","og_url":"https:\/\/www.bergmanlabora.se\/fi\/tuote\/nikon-ax-axr\/","og_site_name":"BergmanLabora","article_publisher":"https:\/\/www.facebook.com\/bergmanlabora\/","article_modified_time":"2025-04-28T10:28:03+00:00","og_image":[{"width":800,"height":800,"url":"https:\/\/www.bergmanlabora.se\/wp-content\/uploads\/2021\/04\/MIK05_1.jpg","type":"image\/jpeg"}],"twitter_card":"summary_large_image","twitter_misc":{"Arvioitu lukuaika":"4 minuuttia"},"schema":{"@context":"https:\/\/schema.org","@graph":[{"@type":"WebPage","@id":"https:\/\/www.bergmanlabora.se\/fi\/tuote\/nikon-ax-axr\/","url":"https:\/\/www.bergmanlabora.se\/fi\/tuote\/nikon-ax-axr\/","name":"Nikon AX \/ AX R med NSPARC - BergmanLabora","isPartOf":{"@id":"https:\/\/www.bergmanlabora.se\/fi\/#website"},"primaryImageOfPage":{"@id":"https:\/\/www.bergmanlabora.se\/fi\/tuote\/nikon-ax-axr\/#primaryimage"},"image":{"@id":"https:\/\/www.bergmanlabora.se\/fi\/tuote\/nikon-ax-axr\/#primaryimage"},"thumbnailUrl":"https:\/\/www.bergmanlabora.se\/wp-content\/uploads\/2021\/04\/MIK05_1.jpg","datePublished":"2021-04-27T08:44:36+00:00","dateModified":"2025-04-28T10:28:03+00:00","breadcrumb":{"@id":"https:\/\/www.bergmanlabora.se\/fi\/tuote\/nikon-ax-axr\/#breadcrumb"},"inLanguage":"fi","potentialAction":[{"@type":"ReadAction","target":["https:\/\/www.bergmanlabora.se\/fi\/tuote\/nikon-ax-axr\/"]}]},{"@type":"ImageObject","inLanguage":"fi","@id":"https:\/\/www.bergmanlabora.se\/fi\/tuote\/nikon-ax-axr\/#primaryimage","url":"https:\/\/www.bergmanlabora.se\/wp-content\/uploads\/2021\/04\/MIK05_1.jpg","contentUrl":"https:\/\/www.bergmanlabora.se\/wp-content\/uploads\/2021\/04\/MIK05_1.jpg","width":800,"height":800,"caption":"Mikroskop konfokal Nikon AX\/AXR"},{"@type":"BreadcrumbList","@id":"https:\/\/www.bergmanlabora.se\/fi\/tuote\/nikon-ax-axr\/#breadcrumb","itemListElement":[{"@type":"ListItem","position":1,"name":"Helma","item":"https:\/\/www.bergmanlabora.se\/fi\/maailman-johtavat-laboratoriolaitteet-biotieteille-ja-teollisuudelle\/"},{"@type":"ListItem","position":2,"name":"Webbutik","item":"https:\/\/www.bergmanlabora.se\/webbutik\/"},{"@type":"ListItem","position":3,"name":"Nikon AX \/ AX R med NSPARC"}]},{"@type":"WebSite","@id":"https:\/\/www.bergmanlabora.se\/fi\/#website","url":"https:\/\/www.bergmanlabora.se\/fi\/","name":"BergmanLabora","description":"En av Sveriges ledande leverant\u00f6rer till den svenska laboratoriemarknaden","potentialAction":[{"@type":"SearchAction","target":{"@type":"EntryPoint","urlTemplate":"https:\/\/www.bergmanlabora.se\/fi\/?s={search_term_string}"},"query-input":{"@type":"PropertyValueSpecification","valueRequired":true,"valueName":"search_term_string"}}],"inLanguage":"fi"}]}},"_links":{"self":[{"href":"https:\/\/www.bergmanlabora.se\/fi\/wp-json\/wp\/v2\/product\/650","targetHints":{"allow":["GET"]}}],"collection":[{"href":"https:\/\/www.bergmanlabora.se\/fi\/wp-json\/wp\/v2\/product"}],"about":[{"href":"https:\/\/www.bergmanlabora.se\/fi\/wp-json\/wp\/v2\/types\/product"}],"wp:featuredmedia":[{"embeddable":true,"href":"https:\/\/www.bergmanlabora.se\/fi\/wp-json\/wp\/v2\/media\/1286"}],"wp:attachment":[{"href":"https:\/\/www.bergmanlabora.se\/fi\/wp-json\/wp\/v2\/media?parent=650"}],"wp:term":[{"taxonomy":"product_brand","embeddable":true,"href":"https:\/\/www.bergmanlabora.se\/fi\/wp-json\/wp\/v2\/product_brand?post=650"},{"taxonomy":"product_cat","embeddable":true,"href":"https:\/\/www.bergmanlabora.se\/fi\/wp-json\/wp\/v2\/product_cat?post=650"},{"taxonomy":"product_tag","embeddable":true,"href":"https:\/\/www.bergmanlabora.se\/fi\/wp-json\/wp\/v2\/product_tag?post=650"}],"curies":[{"name":"wp","href":"https:\/\/api.w.org\/{rel}","templated":true}]}}