{"id":6182,"date":"2024-02-29T16:15:56","date_gmt":"2024-02-29T15:15:56","guid":{"rendered":"https:\/\/www.bergmanlabora.se\/?post_type=product&#038;p=6182"},"modified":"2024-02-29T16:22:05","modified_gmt":"2024-02-29T15:22:05","slug":"teledyne-princeton-instruments-proem","status":"publish","type":"product","link":"https:\/\/www.bergmanlabora.se\/fi\/tuote\/teledyne-princeton-instruments-proem\/","title":{"rendered":"Teledyne Princeton Instruments ProEM"},"content":{"rendered":"<p>Med ProEM EMCCD-kameror har Teledyne Princeton Instruments utvecklat en plattform som leverera h\u00f6gsta k\u00e4nslighet och linj\u00e4ritet, allt f\u00f6r att ge de mest p\u00e5litliga resultaten \u00e4ven under extremt l\u00e5gt foton antal och \u00f6ver l\u00e5nga exponeringstider.<\/p>\n<p>Teledyne Princeton Instruments ProEM HS med 10 \u00b5m, 13 \u00b5m eller 16 \u00b5m pixlar - f\u00f6r alla applikationer som kr\u00e4ver single-foton k\u00e4nslighet s\u00e5som: Single molecule detection, spektroskopi, kemiluminescens, astronomi, adaptivoptik, hyperspektral imaging, fosfor imaging och tomografi<\/p>\n<ul>\n<li>Single Foton k\u00e4nslighet<\/li>\n<li>eXcelon\u00ae3 bakbelyst EMCCD sensor med &gt;95% QE<\/li>\n<li>Unik vakuumteknologi och djup kylning ner till -90\u00b0C<\/li>\n<li>Ultrah\u00f6ghastighetsavl\u00e4sning och spektrakinetik<\/li>\n<li>eXcelon\u00ae3 teknologi f\u00f6r h\u00f6gsta k\u00e4nslighet, fringe suppression och hastighet<\/li>\n<li>Inbyggt OptiCAL referensljusk\u00e4lla f\u00f6r enkel gain kalibrering som s\u00e4kerst\u00e4ller konsekvent prestanda under kamerans livsl\u00e4ngd<\/li>\n<li>AR, UV, nIR och BBAR standardbel\u00e4ggningar, kundanpassat bel\u00e4ggningar efter behov<\/li>\n<li>PICAM och PVCAM SDK, LightField\u00ae, LabVIEW\u2122, m.fl. kompatibel<\/li>\n<\/ul>\n<h3>Kontakta produktspecialist:<\/h3>\n<table class=\"kontaktpersoner\">\n<tbody>\n<tr>\n<td><img decoding=\"async\" class=\"alignnone size-full wp-image-947 lazyload\" data-src=\"https:\/\/www.bergmanlabora.se\/wp-content\/uploads\/2021\/05\/Catherine.png\" alt=\"\" width=\"200\" height=\"200\" src=\"data:image\/svg+xml;base64,PHN2ZyB3aWR0aD0iMSIgaGVpZ2h0PSIxIiB4bWxucz0iaHR0cDovL3d3dy53My5vcmcvMjAwMC9zdmciPjwvc3ZnPg==\" style=\"--smush-placeholder-width: 200px; --smush-placeholder-aspect-ratio: 200\/200;\" \/><\/p>\n<p><strong>Catherine Kitts<\/strong><br \/>\ncatherine.kitts@bergmanlabora.se<br \/>\nTel: 031-788 18 94<\/td>\n<td><img decoding=\"async\" class=\"alignnone size-full wp-image-943 lazyload\" data-src=\"https:\/\/www.bergmanlabora.se\/wp-content\/uploads\/2021\/05\/Oliver.png\" alt=\"\" width=\"200\" height=\"200\" src=\"data:image\/svg+xml;base64,PHN2ZyB3aWR0aD0iMSIgaGVpZ2h0PSIxIiB4bWxucz0iaHR0cDovL3d3dy53My5vcmcvMjAwMC9zdmciPjwvc3ZnPg==\" style=\"--smush-placeholder-width: 200px; --smush-placeholder-aspect-ratio: 200\/200;\" \/><\/p>\n<p><strong>Oliver Garner<\/strong><br \/>\noliver.garner@bergmanlabora.se<br \/>\nTel: 08-625 18 02<\/td>\n<\/tr>\n<\/tbody>\n<\/table>\n","protected":false},"excerpt":{"rendered":"<p>Ultra-k\u00e4nsliga Electron Multiplying (EM) CCD monokromkameror<\/p>\n","protected":false},"featured_media":6184,"template":"","meta":[],"product_brand":[],"product_cat":[136,37,135,20,152,155],"product_tag":[],"class_list":{"0":"post-6182","1":"product","2":"type-product","3":"status-publish","4":"has-post-thumbnail","6":"product_cat-industri-materialanalys","7":"product_cat-kameror","8":"product_cat-lifescience-kliniska-applikationer","9":"product_cat-mikroskopi","10":"product_cat-spektroskopi-kameror","11":"product_cat-teledyne-princeton-instruments","13":"first","14":"instock","15":"shipping-taxable","16":"purchasable","17":"product-type-simple"},"yoast_head":"<!-- This site is optimized with the Yoast SEO plugin v27.2 - https:\/\/yoast.com\/product\/yoast-seo-wordpress\/ -->\n<title>Teledyne Princeton Instruments ProEM - BergmanLabora<\/title>\n<meta name=\"description\" content=\"Teledyne Princeton Instruments ProEM EMCCD-kameror levererar de mest p\u00e5litliga resultaten \u00e4ven under extremt l\u00e5gt foton antal.\" \/>\n<meta name=\"robots\" content=\"index, follow, max-snippet:-1, max-image-preview:large, max-video-preview:-1\" \/>\n<link rel=\"canonical\" href=\"https:\/\/www.bergmanlabora.se\/fi\/tuote\/teledyne-princeton-instruments-proem\/\" \/>\n<meta property=\"og:locale\" content=\"fi_FI\" \/>\n<meta property=\"og:type\" content=\"article\" \/>\n<meta property=\"og:title\" content=\"Teledyne Princeton Instruments ProEM - BergmanLabora\" \/>\n<meta property=\"og:description\" content=\"Teledyne Princeton Instruments ProEM EMCCD-kameror levererar de mest p\u00e5litliga resultaten \u00e4ven under extremt l\u00e5gt foton antal.\" \/>\n<meta property=\"og:url\" content=\"https:\/\/www.bergmanlabora.se\/fi\/tuote\/teledyne-princeton-instruments-proem\/\" \/>\n<meta property=\"og:site_name\" content=\"BergmanLabora\" \/>\n<meta property=\"article:publisher\" content=\"https:\/\/www.facebook.com\/bergmanlabora\/\" \/>\n<meta property=\"article:modified_time\" content=\"2024-02-29T15:22:05+00:00\" \/>\n<meta property=\"og:image\" content=\"https:\/\/www.bergmanlabora.se\/wp-content\/uploads\/2024\/02\/Teledyne-Princeton-Instruments-ProEM.webp\" \/>\n\t<meta property=\"og:image:width\" content=\"800\" \/>\n\t<meta property=\"og:image:height\" content=\"800\" \/>\n\t<meta property=\"og:image:type\" content=\"image\/webp\" \/>\n<meta name=\"twitter:card\" content=\"summary_large_image\" \/>\n<meta name=\"twitter:label1\" content=\"Arvioitu lukuaika\" \/>\n\t<meta name=\"twitter:data1\" content=\"2 minuuttia\" \/>\n<script type=\"application\/ld+json\" class=\"yoast-schema-graph\">{\"@context\":\"https:\/\/schema.org\",\"@graph\":[{\"@type\":\"WebPage\",\"@id\":\"https:\/\/www.bergmanlabora.se\/fi\/tuote\/teledyne-princeton-instruments-proem\/\",\"url\":\"https:\/\/www.bergmanlabora.se\/fi\/tuote\/teledyne-princeton-instruments-proem\/\",\"name\":\"Teledyne Princeton Instruments ProEM - BergmanLabora\",\"isPartOf\":{\"@id\":\"https:\/\/www.bergmanlabora.se\/fi\/#website\"},\"primaryImageOfPage\":{\"@id\":\"https:\/\/www.bergmanlabora.se\/fi\/tuote\/teledyne-princeton-instruments-proem\/#primaryimage\"},\"image\":{\"@id\":\"https:\/\/www.bergmanlabora.se\/fi\/tuote\/teledyne-princeton-instruments-proem\/#primaryimage\"},\"thumbnailUrl\":\"https:\/\/www.bergmanlabora.se\/wp-content\/uploads\/2024\/02\/Teledyne-Princeton-Instruments-ProEM.webp\",\"datePublished\":\"2024-02-29T15:15:56+00:00\",\"dateModified\":\"2024-02-29T15:22:05+00:00\",\"description\":\"Teledyne Princeton Instruments ProEM EMCCD-kameror levererar de mest p\u00e5litliga resultaten \u00e4ven under extremt l\u00e5gt foton antal.\",\"breadcrumb\":{\"@id\":\"https:\/\/www.bergmanlabora.se\/fi\/tuote\/teledyne-princeton-instruments-proem\/#breadcrumb\"},\"inLanguage\":\"fi\",\"potentialAction\":[{\"@type\":\"ReadAction\",\"target\":[\"https:\/\/www.bergmanlabora.se\/fi\/tuote\/teledyne-princeton-instruments-proem\/\"]}]},{\"@type\":\"ImageObject\",\"inLanguage\":\"fi\",\"@id\":\"https:\/\/www.bergmanlabora.se\/fi\/tuote\/teledyne-princeton-instruments-proem\/#primaryimage\",\"url\":\"https:\/\/www.bergmanlabora.se\/wp-content\/uploads\/2024\/02\/Teledyne-Princeton-Instruments-ProEM.webp\",\"contentUrl\":\"https:\/\/www.bergmanlabora.se\/wp-content\/uploads\/2024\/02\/Teledyne-Princeton-Instruments-ProEM.webp\",\"width\":800,\"height\":800,\"caption\":\"Teledyne Princeton Instruments ProEM\"},{\"@type\":\"BreadcrumbList\",\"@id\":\"https:\/\/www.bergmanlabora.se\/fi\/tuote\/teledyne-princeton-instruments-proem\/#breadcrumb\",\"itemListElement\":[{\"@type\":\"ListItem\",\"position\":1,\"name\":\"Helma\",\"item\":\"https:\/\/www.bergmanlabora.se\/fi\/maailman-johtavat-laboratoriolaitteet-biotieteille-ja-teollisuudelle\/\"},{\"@type\":\"ListItem\",\"position\":2,\"name\":\"Webbutik\",\"item\":\"https:\/\/www.bergmanlabora.se\/webbutik\/\"},{\"@type\":\"ListItem\",\"position\":3,\"name\":\"Teledyne Princeton Instruments ProEM\"}]},{\"@type\":\"WebSite\",\"@id\":\"https:\/\/www.bergmanlabora.se\/fi\/#website\",\"url\":\"https:\/\/www.bergmanlabora.se\/fi\/\",\"name\":\"BergmanLabora\",\"description\":\"En av Sveriges ledande leverant\u00f6rer till den svenska laboratoriemarknaden\",\"potentialAction\":[{\"@type\":\"SearchAction\",\"target\":{\"@type\":\"EntryPoint\",\"urlTemplate\":\"https:\/\/www.bergmanlabora.se\/fi\/?s={search_term_string}\"},\"query-input\":{\"@type\":\"PropertyValueSpecification\",\"valueRequired\":true,\"valueName\":\"search_term_string\"}}],\"inLanguage\":\"fi\"}]}<\/script>\n<!-- \/ Yoast SEO plugin. -->","yoast_head_json":{"title":"Teledyne Princeton Instruments ProEM - BergmanLabora","description":"Teledyne Princeton Instruments ProEM EMCCD-kameror levererar de mest p\u00e5litliga resultaten \u00e4ven under extremt l\u00e5gt foton antal.","robots":{"index":"index","follow":"follow","max-snippet":"max-snippet:-1","max-image-preview":"max-image-preview:large","max-video-preview":"max-video-preview:-1"},"canonical":"https:\/\/www.bergmanlabora.se\/fi\/tuote\/teledyne-princeton-instruments-proem\/","og_locale":"fi_FI","og_type":"article","og_title":"Teledyne Princeton Instruments ProEM - BergmanLabora","og_description":"Teledyne Princeton Instruments ProEM EMCCD-kameror levererar de mest p\u00e5litliga resultaten \u00e4ven under extremt l\u00e5gt foton antal.","og_url":"https:\/\/www.bergmanlabora.se\/fi\/tuote\/teledyne-princeton-instruments-proem\/","og_site_name":"BergmanLabora","article_publisher":"https:\/\/www.facebook.com\/bergmanlabora\/","article_modified_time":"2024-02-29T15:22:05+00:00","og_image":[{"width":800,"height":800,"url":"https:\/\/www.bergmanlabora.se\/wp-content\/uploads\/2024\/02\/Teledyne-Princeton-Instruments-ProEM.webp","type":"image\/webp"}],"twitter_card":"summary_large_image","twitter_misc":{"Arvioitu lukuaika":"2 minuuttia"},"schema":{"@context":"https:\/\/schema.org","@graph":[{"@type":"WebPage","@id":"https:\/\/www.bergmanlabora.se\/fi\/tuote\/teledyne-princeton-instruments-proem\/","url":"https:\/\/www.bergmanlabora.se\/fi\/tuote\/teledyne-princeton-instruments-proem\/","name":"Teledyne Princeton Instruments ProEM - BergmanLabora","isPartOf":{"@id":"https:\/\/www.bergmanlabora.se\/fi\/#website"},"primaryImageOfPage":{"@id":"https:\/\/www.bergmanlabora.se\/fi\/tuote\/teledyne-princeton-instruments-proem\/#primaryimage"},"image":{"@id":"https:\/\/www.bergmanlabora.se\/fi\/tuote\/teledyne-princeton-instruments-proem\/#primaryimage"},"thumbnailUrl":"https:\/\/www.bergmanlabora.se\/wp-content\/uploads\/2024\/02\/Teledyne-Princeton-Instruments-ProEM.webp","datePublished":"2024-02-29T15:15:56+00:00","dateModified":"2024-02-29T15:22:05+00:00","description":"Teledyne Princeton Instruments ProEM EMCCD-kameror levererar de mest p\u00e5litliga resultaten \u00e4ven under extremt l\u00e5gt foton antal.","breadcrumb":{"@id":"https:\/\/www.bergmanlabora.se\/fi\/tuote\/teledyne-princeton-instruments-proem\/#breadcrumb"},"inLanguage":"fi","potentialAction":[{"@type":"ReadAction","target":["https:\/\/www.bergmanlabora.se\/fi\/tuote\/teledyne-princeton-instruments-proem\/"]}]},{"@type":"ImageObject","inLanguage":"fi","@id":"https:\/\/www.bergmanlabora.se\/fi\/tuote\/teledyne-princeton-instruments-proem\/#primaryimage","url":"https:\/\/www.bergmanlabora.se\/wp-content\/uploads\/2024\/02\/Teledyne-Princeton-Instruments-ProEM.webp","contentUrl":"https:\/\/www.bergmanlabora.se\/wp-content\/uploads\/2024\/02\/Teledyne-Princeton-Instruments-ProEM.webp","width":800,"height":800,"caption":"Teledyne Princeton Instruments ProEM"},{"@type":"BreadcrumbList","@id":"https:\/\/www.bergmanlabora.se\/fi\/tuote\/teledyne-princeton-instruments-proem\/#breadcrumb","itemListElement":[{"@type":"ListItem","position":1,"name":"Helma","item":"https:\/\/www.bergmanlabora.se\/fi\/maailman-johtavat-laboratoriolaitteet-biotieteille-ja-teollisuudelle\/"},{"@type":"ListItem","position":2,"name":"Webbutik","item":"https:\/\/www.bergmanlabora.se\/webbutik\/"},{"@type":"ListItem","position":3,"name":"Teledyne Princeton Instruments ProEM"}]},{"@type":"WebSite","@id":"https:\/\/www.bergmanlabora.se\/fi\/#website","url":"https:\/\/www.bergmanlabora.se\/fi\/","name":"BergmanLabora","description":"En av Sveriges ledande leverant\u00f6rer till den svenska laboratoriemarknaden","potentialAction":[{"@type":"SearchAction","target":{"@type":"EntryPoint","urlTemplate":"https:\/\/www.bergmanlabora.se\/fi\/?s={search_term_string}"},"query-input":{"@type":"PropertyValueSpecification","valueRequired":true,"valueName":"search_term_string"}}],"inLanguage":"fi"}]}},"_links":{"self":[{"href":"https:\/\/www.bergmanlabora.se\/fi\/wp-json\/wp\/v2\/product\/6182","targetHints":{"allow":["GET"]}}],"collection":[{"href":"https:\/\/www.bergmanlabora.se\/fi\/wp-json\/wp\/v2\/product"}],"about":[{"href":"https:\/\/www.bergmanlabora.se\/fi\/wp-json\/wp\/v2\/types\/product"}],"wp:featuredmedia":[{"embeddable":true,"href":"https:\/\/www.bergmanlabora.se\/fi\/wp-json\/wp\/v2\/media\/6184"}],"wp:attachment":[{"href":"https:\/\/www.bergmanlabora.se\/fi\/wp-json\/wp\/v2\/media?parent=6182"}],"wp:term":[{"taxonomy":"product_brand","embeddable":true,"href":"https:\/\/www.bergmanlabora.se\/fi\/wp-json\/wp\/v2\/product_brand?post=6182"},{"taxonomy":"product_cat","embeddable":true,"href":"https:\/\/www.bergmanlabora.se\/fi\/wp-json\/wp\/v2\/product_cat?post=6182"},{"taxonomy":"product_tag","embeddable":true,"href":"https:\/\/www.bergmanlabora.se\/fi\/wp-json\/wp\/v2\/product_tag?post=6182"}],"curies":[{"name":"wp","href":"https:\/\/api.w.org\/{rel}","templated":true}]}}