{"id":6042,"date":"2024-01-21T20:56:29","date_gmt":"2024-01-21T19:56:29","guid":{"rendered":"https:\/\/www.bergmanlabora.se\/?post_type=product&#038;p=6042"},"modified":"2024-02-26T09:22:35","modified_gmt":"2024-02-26T08:22:35","slug":"nikon-eclipse-ui","status":"publish","type":"product","link":"https:\/\/www.bergmanlabora.se\/fi\/tuote\/nikon-eclipse-ui\/","title":{"rendered":"Nikon Eclipse Ui"},"content":{"rendered":"<h3>IVDR certifierat digitalt mikroskop f\u00f6r diagnostik<\/h3>\n<p>Eclipse Ui \u00e4r ett komplett, motoriserat ljusf\u00e4ltsmikroskop med 4X, 10X, 20X och 40X Plan Fluor objektiv och inneh\u00e5ller \u00e4ven en 13,8Mp kamera samt dator med programvara. Eclipse Ui ger h\u00f6gkvalitativa bilder som kan delas med andra i realtid. Det intuitiva anv\u00e4ndargr\u00e4nssnittet g\u00f6r det till ett idealiskt val f\u00f6r alla kliniker, fr\u00e5n erfarna patologer till nyb\u00f6rjare. Eftersom Eclipse Ui \u00e4r IVDR-certifierat* kan bilder anv\u00e4ndas f\u00f6r diagnos av medicinsk personal.<br \/>\n*I EU och l\u00e4nder d\u00e4r IVDR \u00e4r till\u00e4mpat. F\u00f6r andra l\u00e4nder, f\u00f6lj de lokala f\u00f6reskrifterna.<\/p>\n<h3>Enkel att anv\u00e4nda med automatiserade funktioner<\/h3>\n<p>ECLIPSE Ui \u00e4r ett helt digitalt r\u00e4ttv\u00e4nt mikroskop som har utformats specifikt med kliniska arbetsfl\u00f6den i \u00e5tanke. Mikroskopet \u00e4r helt motoriserat med integrerad kamera och programvara och det enkla anv\u00e4ndargr\u00e4nssnittet g\u00f6r att du kan fokusera p\u00e5 dina v\u00e4vnadssnitt utan att beh\u00f6va g\u00f6ra inst\u00e4llningar av kamera och mikroskop.<\/p>\n<p>Det enda du beh\u00f6ver g\u00f6ra \u00e4r att ladda ditt glas (standard 76 x 26 objektglas med 0,17 mm t\u00e4ckglas), trycka p\u00e5 en knapp, och inom n\u00e5gra sekunder s\u00e5 har du en \u00f6versiktsbild av preparatet. En streckkodsl\u00e4sare l\u00e4ser automatiskt av informationen p\u00e5 glaset. Funktioner som autofokus och scanning av glaset i l\u00e5g f\u00f6rstoring \u00e4r helt automatiska och beh\u00f6ver inte justeras f\u00f6r hand. I \u00f6versiktbilden kan du sedan navigera till de omr\u00e5den du vill titta p\u00e5 i h\u00f6gre f\u00f6rstoring. Man flyttar enkelt till positioner av intresse genom att klicka i \u00f6versiktsbilden med musen.<\/p>\n<p>Den motoriserade fokuseringsfunktionen kan ocks\u00e5 anv\u00e4ndas f\u00f6r att g\u00f6ra s\u00e5 kallade Z-stackar - bilder p\u00e5 olika fokusdjup, f\u00f6r tjocka prover. Med ett digitalt mikroskop s\u00e5 anv\u00e4nder man inte okularen, i st\u00e4llet s\u00e5 tittar du p\u00e5 en h\u00f6guppl\u00f6st 24-tums sk\u00e4rmbild. Du beh\u00f6ver inte l\u00e4ngre sitta i timmar och titta genom mikroskopets okular. Dessutom s\u00e5 kan bilden ocks\u00e5 delas i realtid f\u00f6r diskussioner, undervisning, samt diagnostik.<\/p>\n<p><iframe class=\"fusion-hidden\" data-privacy-type=\"youtube\" src=\"\" title=\"YouTube video player\" data-privacy-src=\"https:\/\/www.youtube.com\/embed\/fztBMYr6M38?si=39AU3DX4JX7MTey_\" width=\"860\" height=\"480\" frameborder=\"0\" allowfullscreen=\"allowfullscreen\"><\/iframe><div class=\"fusion-privacy-placeholder\" style=\"width:860px; height:480px;\" data-privacy-type=\"youtube\"><div class=\"fusion-privacy-placeholder-content\"><div class=\"fusion-privacy-label\">For privacy reasons YouTube needs your permission to be loaded. For more details, please see our <a class=\"privacy-policy-link\" href=\"https:\/\/www.bergmanlabora.se\/integritetspolicy\/\" rel=\"privacy-policy\">Integritetspolicy<\/a>.<\/div><button data-privacy-type=\"youtube\" class=\"fusion-button button-default fusion-button-default-size button fusion-privacy-consent\">I Accept<\/button><\/div><\/div><\/p>\n<h3>Utm\u00e4rkt bildkvalit\u00e9<\/h3>\n<p>Nikon \u00e4r k\u00e4nda f\u00f6r att leverera h\u00f6g bildkvalit\u00e9 med sina kameror och sin optik. Eclipse Ui har en 13,8Mp CMOS f\u00e4rgkamera som har en mycket bra f\u00e4rg\u00e5tergivning. Mikroskopet levereras ocks\u00e5 med fyra Plan Fluor objektiv som ger h\u00f6g uppl\u00f6sning och kontrast i bilderna. F\u00f6rstoringar fr\u00e5n 4x till 40x ger er m\u00f6jlighet att v\u00e4xla mellan en \u00f6versiktsbild och en h\u00f6guppl\u00f6st studie av intressanta omr\u00e5den med ett klick. Nikon\u2019s Plan Fluor objektiv i kombination med kamerans h\u00f6ga uppl\u00f6sning g\u00f6r att det aldrig har varit enklare att visa\/dela bilder av h\u00f6g kvalitet.<\/p>\n<h3>Nikon Ui kan kontrolleras p\u00e5 distans<\/h3>\n<p>Att f\u00e5 en andra (eller tredje) \u00e5sikt om ett prov \u00e4r mycket enkelt. Alla funktioner av UI kan fj\u00e4rrstyras, till exempel n\u00e4r data m\u00e5ste delas eller f\u00f6r sessioner d\u00e4r n\u00e5gon annan m\u00e5ste konsulteras. Detta g\u00f6rs via en s\u00e4ker, dedikerad molntj\u00e4nst. F\u00f6r detta s\u00e5 beh\u00f6vs det inte n\u00e5got gr\u00e4nssnitt fr\u00e5n tredje part, det r\u00e4cker med att ha internettillg\u00e5ng. Observera att fj\u00e4rrstyrning kr\u00e4ver att instrumentet registreras och att en systemadministrat\u00f6r utses.<\/p>\n<p>&nbsp;<\/p>\n<h3>Kontakta produktspecialist:<\/h3>\n<p>&nbsp;<\/p>\n<table class=\"kontaktpersoner\">\n<tbody>\n<tr>\n<td><img decoding=\"async\" class=\"alignnone size-full wp-image-947 lazyload\" data-src=\"https:\/\/www.bergmanlabora.se\/wp-content\/uploads\/2021\/05\/Torgeir.png\" alt=\"\" width=\"200\" height=\"200\" src=\"data:image\/svg+xml;base64,PHN2ZyB3aWR0aD0iMSIgaGVpZ2h0PSIxIiB4bWxucz0iaHR0cDovL3d3dy53My5vcmcvMjAwMC9zdmciPjwvc3ZnPg==\" style=\"--smush-placeholder-width: 200px; --smush-placeholder-aspect-ratio: 200\/200;\" \/><\/p>\n<p><strong>Torgeir Dahlen<\/strong><br \/>\ntorgeir.dahlen@bergmanlabora.se<br \/>\nTel: 08-625 18 01<\/td>\n<td><img decoding=\"async\" class=\"alignnone size-full wp-image-943 lazyload\" data-src=\"https:\/\/www.bergmanlabora.se\/wp-content\/uploads\/2021\/05\/Johan.png\" alt=\"\" width=\"200\" height=\"200\" src=\"data:image\/svg+xml;base64,PHN2ZyB3aWR0aD0iMSIgaGVpZ2h0PSIxIiB4bWxucz0iaHR0cDovL3d3dy53My5vcmcvMjAwMC9zdmciPjwvc3ZnPg==\" style=\"--smush-placeholder-width: 200px; --smush-placeholder-aspect-ratio: 200\/200;\" \/><\/p>\n<p><strong>Johan Sternemalm<\/strong><br \/>\njohan.sternemalm@bergmanlabora.se<br \/>\nTel: 031-10 54 40<\/td>\n<\/tr>\n<\/tbody>\n<\/table>\n","protected":false},"excerpt":{"rendered":"<p>Digitalt mikroskop f\u00f6r klinisk patologi. Nikons nya digitala uppr\u00e4tta mikroskop ECLIPSE Ui \u00e4r ett komplett system f\u00f6r digital klinisk patologi och diagnostik.<\/p>\n","protected":false},"featured_media":6043,"template":"","meta":[],"product_brand":[],"product_cat":[135,20,19,32],"product_tag":[],"class_list":{"0":"post-6042","1":"product","2":"type-product","3":"status-publish","4":"has-post-thumbnail","6":"product_cat-lifescience-kliniska-applikationer","7":"product_cat-mikroskopi","8":"product_cat-nikon","9":"product_cat-rattvant-mikroskop","11":"first","12":"instock","13":"shipping-taxable","14":"purchasable","15":"product-type-simple"},"yoast_head":"<!-- This site is optimized with the Yoast SEO plugin v27.2 - https:\/\/yoast.com\/product\/yoast-seo-wordpress\/ -->\n<title>Nikon Eclipse Ui - BergmanLabora<\/title>\n<meta name=\"description\" content=\"Nikon ECLIPSE Ui \u00e4r ett helt digitalt mikroskop som har utformats specifikt med kliniska arbetsfl\u00f6den i \u00e5tanke, bl.a. klinisk patologi och diagnostik.\" \/>\n<meta name=\"robots\" content=\"index, follow, max-snippet:-1, max-image-preview:large, max-video-preview:-1\" \/>\n<link rel=\"canonical\" href=\"https:\/\/www.bergmanlabora.se\/fi\/tuote\/nikon-eclipse-ui\/\" \/>\n<meta property=\"og:locale\" content=\"fi_FI\" \/>\n<meta property=\"og:type\" content=\"article\" \/>\n<meta property=\"og:title\" content=\"Nikon Eclipse Ui - BergmanLabora\" \/>\n<meta property=\"og:description\" content=\"Nikon ECLIPSE Ui \u00e4r ett helt digitalt mikroskop som har utformats specifikt med kliniska arbetsfl\u00f6den i \u00e5tanke, bl.a. klinisk patologi och diagnostik.\" \/>\n<meta property=\"og:url\" content=\"https:\/\/www.bergmanlabora.se\/fi\/tuote\/nikon-eclipse-ui\/\" \/>\n<meta property=\"og:site_name\" content=\"BergmanLabora\" \/>\n<meta property=\"article:publisher\" content=\"https:\/\/www.facebook.com\/bergmanlabora\/\" \/>\n<meta property=\"article:modified_time\" content=\"2024-02-26T08:22:35+00:00\" \/>\n<meta property=\"og:image\" content=\"https:\/\/www.bergmanlabora.se\/wp-content\/uploads\/2024\/01\/MIK14_1.jpg\" \/>\n\t<meta property=\"og:image:width\" content=\"800\" \/>\n\t<meta property=\"og:image:height\" content=\"800\" \/>\n\t<meta property=\"og:image:type\" content=\"image\/jpeg\" \/>\n<meta name=\"twitter:card\" content=\"summary_large_image\" \/>\n<meta name=\"twitter:label1\" content=\"Arvioitu lukuaika\" \/>\n\t<meta name=\"twitter:data1\" content=\"4 minuuttia\" \/>\n<script type=\"application\/ld+json\" class=\"yoast-schema-graph\">{\"@context\":\"https:\/\/schema.org\",\"@graph\":[{\"@type\":\"WebPage\",\"@id\":\"https:\/\/www.bergmanlabora.se\/fi\/tuote\/nikon-eclipse-ui\/\",\"url\":\"https:\/\/www.bergmanlabora.se\/fi\/tuote\/nikon-eclipse-ui\/\",\"name\":\"Nikon Eclipse Ui - BergmanLabora\",\"isPartOf\":{\"@id\":\"https:\/\/www.bergmanlabora.se\/fi\/#website\"},\"primaryImageOfPage\":{\"@id\":\"https:\/\/www.bergmanlabora.se\/fi\/tuote\/nikon-eclipse-ui\/#primaryimage\"},\"image\":{\"@id\":\"https:\/\/www.bergmanlabora.se\/fi\/tuote\/nikon-eclipse-ui\/#primaryimage\"},\"thumbnailUrl\":\"https:\/\/www.bergmanlabora.se\/wp-content\/uploads\/2024\/01\/MIK14_1.jpg\",\"datePublished\":\"2024-01-21T19:56:29+00:00\",\"dateModified\":\"2024-02-26T08:22:35+00:00\",\"description\":\"Nikon ECLIPSE Ui \u00e4r ett helt digitalt mikroskop som har utformats specifikt med kliniska arbetsfl\u00f6den i \u00e5tanke, bl.a. klinisk patologi och diagnostik.\",\"breadcrumb\":{\"@id\":\"https:\/\/www.bergmanlabora.se\/fi\/tuote\/nikon-eclipse-ui\/#breadcrumb\"},\"inLanguage\":\"fi\",\"potentialAction\":[{\"@type\":\"ReadAction\",\"target\":[\"https:\/\/www.bergmanlabora.se\/fi\/tuote\/nikon-eclipse-ui\/\"]}]},{\"@type\":\"ImageObject\",\"inLanguage\":\"fi\",\"@id\":\"https:\/\/www.bergmanlabora.se\/fi\/tuote\/nikon-eclipse-ui\/#primaryimage\",\"url\":\"https:\/\/www.bergmanlabora.se\/wp-content\/uploads\/2024\/01\/MIK14_1.jpg\",\"contentUrl\":\"https:\/\/www.bergmanlabora.se\/wp-content\/uploads\/2024\/01\/MIK14_1.jpg\",\"width\":800,\"height\":800,\"caption\":\"Nikon Eclipse Ui\"},{\"@type\":\"BreadcrumbList\",\"@id\":\"https:\/\/www.bergmanlabora.se\/fi\/tuote\/nikon-eclipse-ui\/#breadcrumb\",\"itemListElement\":[{\"@type\":\"ListItem\",\"position\":1,\"name\":\"Helma\",\"item\":\"https:\/\/www.bergmanlabora.se\/fi\/maailman-johtavat-laboratoriolaitteet-biotieteille-ja-teollisuudelle\/\"},{\"@type\":\"ListItem\",\"position\":2,\"name\":\"Webbutik\",\"item\":\"https:\/\/www.bergmanlabora.se\/webbutik\/\"},{\"@type\":\"ListItem\",\"position\":3,\"name\":\"Nikon Eclipse Ui\"}]},{\"@type\":\"WebSite\",\"@id\":\"https:\/\/www.bergmanlabora.se\/fi\/#website\",\"url\":\"https:\/\/www.bergmanlabora.se\/fi\/\",\"name\":\"BergmanLabora\",\"description\":\"En av Sveriges ledande leverant\u00f6rer till den svenska laboratoriemarknaden\",\"potentialAction\":[{\"@type\":\"SearchAction\",\"target\":{\"@type\":\"EntryPoint\",\"urlTemplate\":\"https:\/\/www.bergmanlabora.se\/fi\/?s={search_term_string}\"},\"query-input\":{\"@type\":\"PropertyValueSpecification\",\"valueRequired\":true,\"valueName\":\"search_term_string\"}}],\"inLanguage\":\"fi\"}]}<\/script>\n<!-- \/ Yoast SEO plugin. -->","yoast_head_json":{"title":"Nikon Eclipse Ui - BergmanLabora","description":"Nikon ECLIPSE Ui \u00e4r ett helt digitalt mikroskop som har utformats specifikt med kliniska arbetsfl\u00f6den i \u00e5tanke, bl.a. klinisk patologi och diagnostik.","robots":{"index":"index","follow":"follow","max-snippet":"max-snippet:-1","max-image-preview":"max-image-preview:large","max-video-preview":"max-video-preview:-1"},"canonical":"https:\/\/www.bergmanlabora.se\/fi\/tuote\/nikon-eclipse-ui\/","og_locale":"fi_FI","og_type":"article","og_title":"Nikon Eclipse Ui - BergmanLabora","og_description":"Nikon ECLIPSE Ui \u00e4r ett helt digitalt mikroskop som har utformats specifikt med kliniska arbetsfl\u00f6den i \u00e5tanke, bl.a. klinisk patologi och diagnostik.","og_url":"https:\/\/www.bergmanlabora.se\/fi\/tuote\/nikon-eclipse-ui\/","og_site_name":"BergmanLabora","article_publisher":"https:\/\/www.facebook.com\/bergmanlabora\/","article_modified_time":"2024-02-26T08:22:35+00:00","og_image":[{"width":800,"height":800,"url":"https:\/\/www.bergmanlabora.se\/wp-content\/uploads\/2024\/01\/MIK14_1.jpg","type":"image\/jpeg"}],"twitter_card":"summary_large_image","twitter_misc":{"Arvioitu lukuaika":"4 minuuttia"},"schema":{"@context":"https:\/\/schema.org","@graph":[{"@type":"WebPage","@id":"https:\/\/www.bergmanlabora.se\/fi\/tuote\/nikon-eclipse-ui\/","url":"https:\/\/www.bergmanlabora.se\/fi\/tuote\/nikon-eclipse-ui\/","name":"Nikon Eclipse Ui - BergmanLabora","isPartOf":{"@id":"https:\/\/www.bergmanlabora.se\/fi\/#website"},"primaryImageOfPage":{"@id":"https:\/\/www.bergmanlabora.se\/fi\/tuote\/nikon-eclipse-ui\/#primaryimage"},"image":{"@id":"https:\/\/www.bergmanlabora.se\/fi\/tuote\/nikon-eclipse-ui\/#primaryimage"},"thumbnailUrl":"https:\/\/www.bergmanlabora.se\/wp-content\/uploads\/2024\/01\/MIK14_1.jpg","datePublished":"2024-01-21T19:56:29+00:00","dateModified":"2024-02-26T08:22:35+00:00","description":"Nikon ECLIPSE Ui \u00e4r ett helt digitalt mikroskop som har utformats specifikt med kliniska arbetsfl\u00f6den i \u00e5tanke, bl.a. klinisk patologi och diagnostik.","breadcrumb":{"@id":"https:\/\/www.bergmanlabora.se\/fi\/tuote\/nikon-eclipse-ui\/#breadcrumb"},"inLanguage":"fi","potentialAction":[{"@type":"ReadAction","target":["https:\/\/www.bergmanlabora.se\/fi\/tuote\/nikon-eclipse-ui\/"]}]},{"@type":"ImageObject","inLanguage":"fi","@id":"https:\/\/www.bergmanlabora.se\/fi\/tuote\/nikon-eclipse-ui\/#primaryimage","url":"https:\/\/www.bergmanlabora.se\/wp-content\/uploads\/2024\/01\/MIK14_1.jpg","contentUrl":"https:\/\/www.bergmanlabora.se\/wp-content\/uploads\/2024\/01\/MIK14_1.jpg","width":800,"height":800,"caption":"Nikon Eclipse Ui"},{"@type":"BreadcrumbList","@id":"https:\/\/www.bergmanlabora.se\/fi\/tuote\/nikon-eclipse-ui\/#breadcrumb","itemListElement":[{"@type":"ListItem","position":1,"name":"Helma","item":"https:\/\/www.bergmanlabora.se\/fi\/maailman-johtavat-laboratoriolaitteet-biotieteille-ja-teollisuudelle\/"},{"@type":"ListItem","position":2,"name":"Webbutik","item":"https:\/\/www.bergmanlabora.se\/webbutik\/"},{"@type":"ListItem","position":3,"name":"Nikon Eclipse Ui"}]},{"@type":"WebSite","@id":"https:\/\/www.bergmanlabora.se\/fi\/#website","url":"https:\/\/www.bergmanlabora.se\/fi\/","name":"BergmanLabora","description":"En av Sveriges ledande leverant\u00f6rer till den svenska laboratoriemarknaden","potentialAction":[{"@type":"SearchAction","target":{"@type":"EntryPoint","urlTemplate":"https:\/\/www.bergmanlabora.se\/fi\/?s={search_term_string}"},"query-input":{"@type":"PropertyValueSpecification","valueRequired":true,"valueName":"search_term_string"}}],"inLanguage":"fi"}]}},"_links":{"self":[{"href":"https:\/\/www.bergmanlabora.se\/fi\/wp-json\/wp\/v2\/product\/6042","targetHints":{"allow":["GET"]}}],"collection":[{"href":"https:\/\/www.bergmanlabora.se\/fi\/wp-json\/wp\/v2\/product"}],"about":[{"href":"https:\/\/www.bergmanlabora.se\/fi\/wp-json\/wp\/v2\/types\/product"}],"wp:featuredmedia":[{"embeddable":true,"href":"https:\/\/www.bergmanlabora.se\/fi\/wp-json\/wp\/v2\/media\/6043"}],"wp:attachment":[{"href":"https:\/\/www.bergmanlabora.se\/fi\/wp-json\/wp\/v2\/media?parent=6042"}],"wp:term":[{"taxonomy":"product_brand","embeddable":true,"href":"https:\/\/www.bergmanlabora.se\/fi\/wp-json\/wp\/v2\/product_brand?post=6042"},{"taxonomy":"product_cat","embeddable":true,"href":"https:\/\/www.bergmanlabora.se\/fi\/wp-json\/wp\/v2\/product_cat?post=6042"},{"taxonomy":"product_tag","embeddable":true,"href":"https:\/\/www.bergmanlabora.se\/fi\/wp-json\/wp\/v2\/product_tag?post=6042"}],"curies":[{"name":"wp","href":"https:\/\/api.w.org\/{rel}","templated":true}]}}