{"id":6028,"date":"2024-01-30T10:33:44","date_gmt":"2024-01-30T09:33:44","guid":{"rendered":"https:\/\/www.bergmanlabora.se\/?post_type=product&#038;p=6028"},"modified":"2024-01-30T10:33:45","modified_gmt":"2024-01-30T09:33:45","slug":"shimadzu-tillbehor","status":"publish","type":"product","link":"https:\/\/www.bergmanlabora.se\/fi\/tuote\/shimadzu-tillbehor\/","title":{"rendered":"Shimadzu tillbeh\u00f6r"},"content":{"rendered":"<p>M\u00e4ngden tillbeh\u00f6r, grepp och fixturer \u00e4r n\u00e4stan o\u00e4ndlig. Vissa grepp \u00e4r av universell typ medan andra \u00e4r direkt anpassade f\u00f6r en viss applikation. Det finns m\u00e5nga tester som \u00e4r styrda av en standard och \u00e4ven h\u00e4r kan vi erbjuda anpassade utf\u00f6randen. Fr\u00e5ga oss g\u00e4rna om ytterligare info om din unika applikation. Vidare kan vi erbjuda en m\u00e4ngd olika utf\u00f6randen g\u00e4llande extensometrar anpassade f\u00f6r aktuell produkt, b\u00e5de s\u00e5dan som f\u00e4sts p\u00e5 provet eller video\/kamera utf\u00f6rande.<\/p>\n","protected":false},"excerpt":{"rendered":"<p>F\u00f6r att anpassa respektive testutrustning till aktuell applikation och\/eller teststandard har vi en stor m\u00e4ngd olika grepp, fixturer och hj\u00e4lpmedel. Vidare olika former av extensometers, klimatkammare mm.<\/p>\n","protected":false},"featured_media":6072,"template":"","meta":[],"product_brand":[],"product_cat":[136,145,150,149],"product_tag":[],"class_list":{"0":"post-6028","1":"product","2":"type-product","3":"status-publish","4":"has-post-thumbnail","6":"product_cat-industri-materialanalys","7":"product_cat-material-och-produktprovning","8":"product_cat-shimadzu","9":"product_cat-tillbehor","11":"first","12":"instock","13":"shipping-taxable","14":"purchasable","15":"product-type-simple"},"yoast_head":"<!-- This site is optimized with the Yoast SEO plugin v27.2 - https:\/\/yoast.com\/product\/yoast-seo-wordpress\/ -->\n<title>Shimadzu tillbeh\u00f6r<\/title>\n<meta name=\"description\" content=\"F\u00f6r att anpassa respektive testutrustning till aktuell applikation och\/eller teststandard har vi en stor m\u00e4ngd olika grepp, fixturer och hj\u00e4lpmedel.\" \/>\n<meta name=\"robots\" content=\"index, follow, max-snippet:-1, max-image-preview:large, max-video-preview:-1\" \/>\n<link rel=\"canonical\" href=\"https:\/\/www.bergmanlabora.se\/fi\/tuote\/shimadzu-tillbehor\/\" \/>\n<meta property=\"og:locale\" content=\"fi_FI\" \/>\n<meta property=\"og:type\" content=\"article\" \/>\n<meta property=\"og:title\" content=\"Shimadzu tillbeh\u00f6r\" \/>\n<meta property=\"og:description\" content=\"F\u00f6r att anpassa respektive testutrustning till aktuell applikation och\/eller teststandard har vi en stor m\u00e4ngd olika grepp, fixturer och hj\u00e4lpmedel.\" \/>\n<meta property=\"og:url\" content=\"https:\/\/www.bergmanlabora.se\/fi\/tuote\/shimadzu-tillbehor\/\" \/>\n<meta property=\"og:site_name\" content=\"BergmanLabora\" \/>\n<meta property=\"article:publisher\" content=\"https:\/\/www.facebook.com\/bergmanlabora\/\" \/>\n<meta property=\"article:modified_time\" content=\"2024-01-30T09:33:45+00:00\" \/>\n<meta property=\"og:image\" content=\"https:\/\/www.bergmanlabora.se\/wp-content\/uploads\/2024\/01\/shimadzu-tillbehor.webp\" \/>\n\t<meta property=\"og:image:width\" content=\"800\" \/>\n\t<meta property=\"og:image:height\" content=\"800\" \/>\n\t<meta property=\"og:image:type\" content=\"image\/webp\" \/>\n<meta name=\"twitter:card\" content=\"summary_large_image\" \/>\n<meta name=\"twitter:label1\" content=\"Arvioitu lukuaika\" \/>\n\t<meta name=\"twitter:data1\" content=\"1 minuutti\" \/>\n<script type=\"application\/ld+json\" class=\"yoast-schema-graph\">{\"@context\":\"https:\/\/schema.org\",\"@graph\":[{\"@type\":\"WebPage\",\"@id\":\"https:\/\/www.bergmanlabora.se\/fi\/tuote\/shimadzu-tillbehor\/\",\"url\":\"https:\/\/www.bergmanlabora.se\/fi\/tuote\/shimadzu-tillbehor\/\",\"name\":\"Shimadzu tillbeh\u00f6r\",\"isPartOf\":{\"@id\":\"https:\/\/www.bergmanlabora.se\/fi\/#website\"},\"primaryImageOfPage\":{\"@id\":\"https:\/\/www.bergmanlabora.se\/fi\/tuote\/shimadzu-tillbehor\/#primaryimage\"},\"image\":{\"@id\":\"https:\/\/www.bergmanlabora.se\/fi\/tuote\/shimadzu-tillbehor\/#primaryimage\"},\"thumbnailUrl\":\"https:\/\/www.bergmanlabora.se\/wp-content\/uploads\/2024\/01\/shimadzu-tillbehor.webp\",\"datePublished\":\"2024-01-30T09:33:44+00:00\",\"dateModified\":\"2024-01-30T09:33:45+00:00\",\"description\":\"F\u00f6r att anpassa respektive testutrustning till aktuell applikation och\/eller teststandard har vi en stor m\u00e4ngd olika grepp, fixturer och hj\u00e4lpmedel.\",\"breadcrumb\":{\"@id\":\"https:\/\/www.bergmanlabora.se\/fi\/tuote\/shimadzu-tillbehor\/#breadcrumb\"},\"inLanguage\":\"fi\",\"potentialAction\":[{\"@type\":\"ReadAction\",\"target\":[\"https:\/\/www.bergmanlabora.se\/fi\/tuote\/shimadzu-tillbehor\/\"]}]},{\"@type\":\"ImageObject\",\"inLanguage\":\"fi\",\"@id\":\"https:\/\/www.bergmanlabora.se\/fi\/tuote\/shimadzu-tillbehor\/#primaryimage\",\"url\":\"https:\/\/www.bergmanlabora.se\/wp-content\/uploads\/2024\/01\/shimadzu-tillbehor.webp\",\"contentUrl\":\"https:\/\/www.bergmanlabora.se\/wp-content\/uploads\/2024\/01\/shimadzu-tillbehor.webp\",\"width\":800,\"height\":800,\"caption\":\"Shimadzu tillbeh\u00f6r\"},{\"@type\":\"BreadcrumbList\",\"@id\":\"https:\/\/www.bergmanlabora.se\/fi\/tuote\/shimadzu-tillbehor\/#breadcrumb\",\"itemListElement\":[{\"@type\":\"ListItem\",\"position\":1,\"name\":\"Helma\",\"item\":\"https:\/\/www.bergmanlabora.se\/fi\/maailman-johtavat-laboratoriolaitteet-biotieteille-ja-teollisuudelle\/\"},{\"@type\":\"ListItem\",\"position\":2,\"name\":\"Webbutik\",\"item\":\"https:\/\/www.bergmanlabora.se\/webbutik\/\"},{\"@type\":\"ListItem\",\"position\":3,\"name\":\"Shimadzu tillbeh\u00f6r\"}]},{\"@type\":\"WebSite\",\"@id\":\"https:\/\/www.bergmanlabora.se\/fi\/#website\",\"url\":\"https:\/\/www.bergmanlabora.se\/fi\/\",\"name\":\"BergmanLabora\",\"description\":\"En av Sveriges ledande leverant\u00f6rer till den svenska laboratoriemarknaden\",\"potentialAction\":[{\"@type\":\"SearchAction\",\"target\":{\"@type\":\"EntryPoint\",\"urlTemplate\":\"https:\/\/www.bergmanlabora.se\/fi\/?s={search_term_string}\"},\"query-input\":{\"@type\":\"PropertyValueSpecification\",\"valueRequired\":true,\"valueName\":\"search_term_string\"}}],\"inLanguage\":\"fi\"}]}<\/script>\n<!-- \/ Yoast SEO plugin. -->","yoast_head_json":{"title":"Shimadzu tillbeh\u00f6r","description":"F\u00f6r att anpassa respektive testutrustning till aktuell applikation och\/eller teststandard har vi en stor m\u00e4ngd olika grepp, fixturer och hj\u00e4lpmedel.","robots":{"index":"index","follow":"follow","max-snippet":"max-snippet:-1","max-image-preview":"max-image-preview:large","max-video-preview":"max-video-preview:-1"},"canonical":"https:\/\/www.bergmanlabora.se\/fi\/tuote\/shimadzu-tillbehor\/","og_locale":"fi_FI","og_type":"article","og_title":"Shimadzu tillbeh\u00f6r","og_description":"F\u00f6r att anpassa respektive testutrustning till aktuell applikation och\/eller teststandard har vi en stor m\u00e4ngd olika grepp, fixturer och hj\u00e4lpmedel.","og_url":"https:\/\/www.bergmanlabora.se\/fi\/tuote\/shimadzu-tillbehor\/","og_site_name":"BergmanLabora","article_publisher":"https:\/\/www.facebook.com\/bergmanlabora\/","article_modified_time":"2024-01-30T09:33:45+00:00","og_image":[{"width":800,"height":800,"url":"https:\/\/www.bergmanlabora.se\/wp-content\/uploads\/2024\/01\/shimadzu-tillbehor.webp","type":"image\/webp"}],"twitter_card":"summary_large_image","twitter_misc":{"Arvioitu lukuaika":"1 minuutti"},"schema":{"@context":"https:\/\/schema.org","@graph":[{"@type":"WebPage","@id":"https:\/\/www.bergmanlabora.se\/fi\/tuote\/shimadzu-tillbehor\/","url":"https:\/\/www.bergmanlabora.se\/fi\/tuote\/shimadzu-tillbehor\/","name":"Shimadzu tillbeh\u00f6r","isPartOf":{"@id":"https:\/\/www.bergmanlabora.se\/fi\/#website"},"primaryImageOfPage":{"@id":"https:\/\/www.bergmanlabora.se\/fi\/tuote\/shimadzu-tillbehor\/#primaryimage"},"image":{"@id":"https:\/\/www.bergmanlabora.se\/fi\/tuote\/shimadzu-tillbehor\/#primaryimage"},"thumbnailUrl":"https:\/\/www.bergmanlabora.se\/wp-content\/uploads\/2024\/01\/shimadzu-tillbehor.webp","datePublished":"2024-01-30T09:33:44+00:00","dateModified":"2024-01-30T09:33:45+00:00","description":"F\u00f6r att anpassa respektive testutrustning till aktuell applikation och\/eller teststandard har vi en stor m\u00e4ngd olika grepp, fixturer och hj\u00e4lpmedel.","breadcrumb":{"@id":"https:\/\/www.bergmanlabora.se\/fi\/tuote\/shimadzu-tillbehor\/#breadcrumb"},"inLanguage":"fi","potentialAction":[{"@type":"ReadAction","target":["https:\/\/www.bergmanlabora.se\/fi\/tuote\/shimadzu-tillbehor\/"]}]},{"@type":"ImageObject","inLanguage":"fi","@id":"https:\/\/www.bergmanlabora.se\/fi\/tuote\/shimadzu-tillbehor\/#primaryimage","url":"https:\/\/www.bergmanlabora.se\/wp-content\/uploads\/2024\/01\/shimadzu-tillbehor.webp","contentUrl":"https:\/\/www.bergmanlabora.se\/wp-content\/uploads\/2024\/01\/shimadzu-tillbehor.webp","width":800,"height":800,"caption":"Shimadzu tillbeh\u00f6r"},{"@type":"BreadcrumbList","@id":"https:\/\/www.bergmanlabora.se\/fi\/tuote\/shimadzu-tillbehor\/#breadcrumb","itemListElement":[{"@type":"ListItem","position":1,"name":"Helma","item":"https:\/\/www.bergmanlabora.se\/fi\/maailman-johtavat-laboratoriolaitteet-biotieteille-ja-teollisuudelle\/"},{"@type":"ListItem","position":2,"name":"Webbutik","item":"https:\/\/www.bergmanlabora.se\/webbutik\/"},{"@type":"ListItem","position":3,"name":"Shimadzu tillbeh\u00f6r"}]},{"@type":"WebSite","@id":"https:\/\/www.bergmanlabora.se\/fi\/#website","url":"https:\/\/www.bergmanlabora.se\/fi\/","name":"BergmanLabora","description":"En av Sveriges ledande leverant\u00f6rer till den svenska laboratoriemarknaden","potentialAction":[{"@type":"SearchAction","target":{"@type":"EntryPoint","urlTemplate":"https:\/\/www.bergmanlabora.se\/fi\/?s={search_term_string}"},"query-input":{"@type":"PropertyValueSpecification","valueRequired":true,"valueName":"search_term_string"}}],"inLanguage":"fi"}]}},"_links":{"self":[{"href":"https:\/\/www.bergmanlabora.se\/fi\/wp-json\/wp\/v2\/product\/6028","targetHints":{"allow":["GET"]}}],"collection":[{"href":"https:\/\/www.bergmanlabora.se\/fi\/wp-json\/wp\/v2\/product"}],"about":[{"href":"https:\/\/www.bergmanlabora.se\/fi\/wp-json\/wp\/v2\/types\/product"}],"wp:featuredmedia":[{"embeddable":true,"href":"https:\/\/www.bergmanlabora.se\/fi\/wp-json\/wp\/v2\/media\/6072"}],"wp:attachment":[{"href":"https:\/\/www.bergmanlabora.se\/fi\/wp-json\/wp\/v2\/media?parent=6028"}],"wp:term":[{"taxonomy":"product_brand","embeddable":true,"href":"https:\/\/www.bergmanlabora.se\/fi\/wp-json\/wp\/v2\/product_brand?post=6028"},{"taxonomy":"product_cat","embeddable":true,"href":"https:\/\/www.bergmanlabora.se\/fi\/wp-json\/wp\/v2\/product_cat?post=6028"},{"taxonomy":"product_tag","embeddable":true,"href":"https:\/\/www.bergmanlabora.se\/fi\/wp-json\/wp\/v2\/product_tag?post=6028"}],"curies":[{"name":"wp","href":"https:\/\/api.w.org\/{rel}","templated":true}]}}