{"id":5795,"date":"2023-10-23T15:58:29","date_gmt":"2023-10-23T13:58:29","guid":{"rendered":"https:\/\/www.bergmanlabora.se\/?post_type=product&#038;p=5795"},"modified":"2025-04-28T10:51:22","modified_gmt":"2025-04-28T08:51:22","slug":"sensapex","status":"publish","type":"product","link":"https:\/\/www.bergmanlabora.se\/fi\/tuote\/sensapex\/","title":{"rendered":"Sensapex"},"content":{"rendered":"<p><a href=\"https:\/\/www.bergmanlabora.se\/wp-content\/uploads\/2023\/10\/Sensapex_logo.png\"><img decoding=\"async\" class=\"alignnone wp-image-5912 lazyload\" data-src=\"https:\/\/www.bergmanlabora.se\/wp-content\/uploads\/2023\/10\/Sensapex_logo.png\" alt=\"Sensapex logo\" width=\"175\" height=\"37\" data-srcset=\"https:\/\/www.bergmanlabora.se\/wp-content\/uploads\/2023\/10\/Sensapex_logo-200x42.png 200w, https:\/\/www.bergmanlabora.se\/wp-content\/uploads\/2023\/10\/Sensapex_logo-300x63.png 300w, https:\/\/www.bergmanlabora.se\/wp-content\/uploads\/2023\/10\/Sensapex_logo-400x85.png 400w, https:\/\/www.bergmanlabora.se\/wp-content\/uploads\/2023\/10\/Sensapex_logo.png 407w\" data-sizes=\"(max-width: 175px) 100vw, 175px\" src=\"data:image\/svg+xml;base64,PHN2ZyB3aWR0aD0iMSIgaGVpZ2h0PSIxIiB4bWxucz0iaHR0cDovL3d3dy53My5vcmcvMjAwMC9zdmciPjwvc3ZnPg==\" style=\"--smush-placeholder-width: 175px; --smush-placeholder-aspect-ratio: 175\/37;\" \/>\u00a0 \u00a0 \u00a0 \u00a0 \u00a0 <\/a><a href=\"https:\/\/www.bergmanlabora.se\/wp-content\/uploads\/2023\/10\/sensapex-zero-drift.png\"><img decoding=\"async\" class=\"alignnone wp-image-5914 lazyload\" data-src=\"https:\/\/www.bergmanlabora.se\/wp-content\/uploads\/2023\/10\/sensapex-zero-drift.png\" alt=\"Sensapex zero drift \" width=\"184\" height=\"28\" data-srcset=\"https:\/\/www.bergmanlabora.se\/wp-content\/uploads\/2023\/10\/sensapex-zero-drift-200x30.png 200w, https:\/\/www.bergmanlabora.se\/wp-content\/uploads\/2023\/10\/sensapex-zero-drift-300x46.png 300w, https:\/\/www.bergmanlabora.se\/wp-content\/uploads\/2023\/10\/sensapex-zero-drift-400x61.png 400w, https:\/\/www.bergmanlabora.se\/wp-content\/uploads\/2023\/10\/sensapex-zero-drift-500x76.png 500w, https:\/\/www.bergmanlabora.se\/wp-content\/uploads\/2023\/10\/sensapex-zero-drift.png 600w\" data-sizes=\"(max-width: 184px) 100vw, 184px\" src=\"data:image\/svg+xml;base64,PHN2ZyB3aWR0aD0iMSIgaGVpZ2h0PSIxIiB4bWxucz0iaHR0cDovL3d3dy53My5vcmcvMjAwMC9zdmciPjwvc3ZnPg==\" style=\"--smush-placeholder-width: 184px; --smush-placeholder-aspect-ratio: 184\/28;\" \/><\/a><\/p>\n<p><span data-contrast=\"none\">Tillverkare av innovativa motoriserade mikromanipulatorer, motoriserad mikroskop, samt tillbeh\u00f6r (stor-formats XY-bord, m.fl.), f\u00f6r exempelvis elektrofysiologi.<\/span><span data-ccp-props=\"{&quot;201341983&quot;:0,&quot;335559739&quot;:300,&quot;335559740&quot;:240}\">\u00a0<\/span><span data-ccp-props=\"{&quot;201341983&quot;:0,&quot;335559739&quot;:300,&quot;335559740&quot;:240}\">\u00a0<\/span><\/p>\n<p><span data-contrast=\"none\">Sensapex erbjuder ultra-stabila mikromanipulatorer och automatiserade mikroskopplattformar f\u00f6r elektrofysiologi och imaging. Deras integrerade och closed-loop kontrollerade mikroskop ger h\u00f6gsta noggrannhet och objektiv positionering. Medan deras unika automatiska pipettreng\u00f6ringsprodukter \u00f6kar genomstr\u00f6mningen genom att till\u00e5ta omedelbar \u00e5teranv\u00e4ndning av samma pipett.<\/span><span data-ccp-props=\"{&quot;201341983&quot;:0,&quot;335559739&quot;:300,&quot;335559740&quot;:240}\">\u00a0<\/span><\/p>\n<p><a href=\"https:\/\/www.bergmanlabora.se\/wp-content\/uploads\/2023\/10\/Sensapex-produkter.png\"><img decoding=\"async\" class=\"alignnone size-full wp-image-5880 lazyload\" data-src=\"https:\/\/www.bergmanlabora.se\/wp-content\/uploads\/2023\/10\/Sensapex-produkter.png\" alt=\"Sensapex\" width=\"1200\" height=\"718\" data-srcset=\"https:\/\/www.bergmanlabora.se\/wp-content\/uploads\/2023\/10\/Sensapex-produkter-200x120.png 200w, https:\/\/www.bergmanlabora.se\/wp-content\/uploads\/2023\/10\/Sensapex-produkter-300x180.png 300w, https:\/\/www.bergmanlabora.se\/wp-content\/uploads\/2023\/10\/Sensapex-produkter-400x239.png 400w, https:\/\/www.bergmanlabora.se\/wp-content\/uploads\/2023\/10\/Sensapex-produkter-500x299.png 500w, https:\/\/www.bergmanlabora.se\/wp-content\/uploads\/2023\/10\/Sensapex-produkter-600x359.png 600w, https:\/\/www.bergmanlabora.se\/wp-content\/uploads\/2023\/10\/Sensapex-produkter-700x419.png 700w, https:\/\/www.bergmanlabora.se\/wp-content\/uploads\/2023\/10\/Sensapex-produkter-768x460.png 768w, https:\/\/www.bergmanlabora.se\/wp-content\/uploads\/2023\/10\/Sensapex-produkter-800x479.png 800w, https:\/\/www.bergmanlabora.se\/wp-content\/uploads\/2023\/10\/Sensapex-produkter-1024x613.png 1024w, https:\/\/www.bergmanlabora.se\/wp-content\/uploads\/2023\/10\/Sensapex-produkter.png 1200w\" data-sizes=\"(max-width: 1200px) 100vw, 1200px\" src=\"data:image\/svg+xml;base64,PHN2ZyB3aWR0aD0iMSIgaGVpZ2h0PSIxIiB4bWxucz0iaHR0cDovL3d3dy53My5vcmcvMjAwMC9zdmciPjwvc3ZnPg==\" style=\"--smush-placeholder-width: 1200px; --smush-placeholder-aspect-ratio: 1200\/718;\" \/><\/a><\/p>\n<p><span data-contrast=\"none\">Alla Sensapex-produkter \u00e4r baserade p\u00e5 deras egen patenterade teknologi. Sensapex designar och tillverkar alla produkter internt i Oulu i Finland. Och har blivit en tung leverant\u00f6r inom just elektrofysiologi applikationer.<\/span><span data-ccp-props=\"{&quot;201341983&quot;:0,&quot;335559739&quot;:300,&quot;335559740&quot;:240}\">\u00a0<\/span><\/p>\n<p>&nbsp;<\/p>\n<div class=\"video-shortcode\"><iframe class=\"fusion-hidden\" data-privacy-type=\"youtube\" src=\"\" title=\"Sensapex uMs Microscope\" width=\"1200\" height=\"675\" data-privacy-src=\"https:\/\/www.youtube.com\/embed\/-7a8O3pL9ls?start=22&#038;feature=oembed\" frameborder=\"0\" allow=\"accelerometer; autoplay; clipboard-write; encrypted-media; gyroscope; picture-in-picture; web-share\" allowfullscreen><\/iframe><\/p>\n<div class=\"fusion-privacy-placeholder\" style=\"width:1200px; height:675px;\" data-privacy-type=\"youtube\">\n<div class=\"fusion-privacy-placeholder-content\">\n<div class=\"fusion-privacy-label\">For privacy reasons YouTube needs your permission to be loaded. For more details, please see our <a class=\"privacy-policy-link\" href=\"https:\/\/www.bergmanlabora.se\/integritetspolicy\/\" rel=\"privacy-policy\">Integritetspolicy<\/a>.<\/div>\n<p><button data-privacy-type=\"youtube\" class=\"fusion-button button-default fusion-button-default-size button fusion-privacy-consent\">I Accept<\/button><\/div>\n<\/div>\n<\/div>\n<h3>BergmanLabora \u00e4r \u00e5terf\u00f6rs\u00e4ljare av Sensapex i Sverige med fokus p\u00e5:<\/h3>\n<ul>\n<li data-leveltext=\"\uf0b7\" data-font=\"Symbol\" data-listid=\"1\" data-list-defn-props=\"{&quot;335552541&quot;:1,&quot;335559684&quot;:-2,&quot;335559685&quot;:720,&quot;335559991&quot;:360,&quot;469769226&quot;:&quot;Symbol&quot;,&quot;469769242&quot;:[8226],&quot;469777803&quot;:&quot;left&quot;,&quot;469777804&quot;:&quot;\uf0b7&quot;,&quot;469777815&quot;:&quot;multilevel&quot;}\" aria-setsize=\"-1\" data-aria-posinset=\"1\" data-aria-level=\"1\"><span data-contrast=\"none\">Motoriserad mikromanipulatorer till t.ex. elektrofysiologi-lab<\/span><span data-ccp-props=\"{&quot;134233117&quot;:true,&quot;134233118&quot;:true,&quot;201341983&quot;:0,&quot;335559739&quot;:160,&quot;335559740&quot;:240}\">\u00a0<\/span><\/li>\n<li data-leveltext=\"\uf0b7\" data-font=\"Symbol\" data-listid=\"1\" data-list-defn-props=\"{&quot;335552541&quot;:1,&quot;335559684&quot;:-2,&quot;335559685&quot;:720,&quot;335559991&quot;:360,&quot;469769226&quot;:&quot;Symbol&quot;,&quot;469769242&quot;:[8226],&quot;469777803&quot;:&quot;left&quot;,&quot;469777804&quot;:&quot;\uf0b7&quot;,&quot;469777815&quot;:&quot;multilevel&quot;}\" aria-setsize=\"-1\" data-aria-posinset=\"2\" data-aria-level=\"1\"><span data-contrast=\"none\">Motoriserad mikroskopplattformar (kontrollerad av Nikon NIS-Elements programvara)<\/span><span data-ccp-props=\"{&quot;134233117&quot;:true,&quot;134233118&quot;:true,&quot;201341983&quot;:0,&quot;335559739&quot;:160,&quot;335559740&quot;:240}\">\u00a0<\/span><\/li>\n<li data-leveltext=\"\uf0b7\" data-font=\"Symbol\" data-listid=\"1\" data-list-defn-props=\"{&quot;335552541&quot;:1,&quot;335559684&quot;:-2,&quot;335559685&quot;:720,&quot;335559991&quot;:360,&quot;469769226&quot;:&quot;Symbol&quot;,&quot;469769242&quot;:[8226],&quot;469777803&quot;:&quot;left&quot;,&quot;469777804&quot;:&quot;\uf0b7&quot;,&quot;469777815&quot;:&quot;multilevel&quot;}\" aria-setsize=\"-1\" data-aria-posinset=\"3\" data-aria-level=\"1\"><span data-contrast=\"none\">Mikroskoptillbeh\u00f6r (stor-formats XY-bord, m.fl.)<\/span><span data-ccp-props=\"{&quot;134233117&quot;:true,&quot;134233118&quot;:true,&quot;201341983&quot;:0,&quot;335559739&quot;:160,&quot;335559740&quot;:240}\">\u00a0<\/span><\/li>\n<\/ul>\n","protected":false},"excerpt":{"rendered":"<p>Tillverkare av innovativa motoriserade mikromanipulatorer, motoriserad mikroskop, samt tillbeh\u00f6r (stor-formats XY-bord, m.fl.), f\u00f6r exempelvis elektrofysiologi.<\/p>\n","protected":false},"featured_media":5911,"template":"","meta":[],"product_brand":[],"product_cat":[135,20,143,41],"product_tag":[],"class_list":{"0":"post-5795","1":"product","2":"type-product","3":"status-publish","4":"has-post-thumbnail","6":"product_cat-lifescience-kliniska-applikationer","7":"product_cat-mikroskopi","8":"product_cat-sensapex","9":"product_cat-tillbehor-mikroskopi","11":"first","12":"instock","13":"shipping-taxable","14":"purchasable","15":"product-type-simple"},"yoast_head":"<!-- This site is optimized with the Yoast SEO plugin v27.2 - https:\/\/yoast.com\/product\/yoast-seo-wordpress\/ -->\n<title>Sensapex - BergmanLabora<\/title>\n<meta name=\"description\" content=\"Tillverkare av innovativa motoriserade mikromanipulatorer, motoriserad mikroskop, samt tillbeh\u00f6r (stor-formats XY-bord, m.fl.)\" \/>\n<meta name=\"robots\" content=\"index, follow, max-snippet:-1, max-image-preview:large, max-video-preview:-1\" \/>\n<link rel=\"canonical\" href=\"https:\/\/www.bergmanlabora.se\/fi\/tuote\/sensapex\/\" \/>\n<meta property=\"og:locale\" content=\"fi_FI\" \/>\n<meta property=\"og:type\" content=\"article\" \/>\n<meta property=\"og:title\" content=\"Sensapex - BergmanLabora\" \/>\n<meta property=\"og:description\" content=\"Tillverkare av innovativa motoriserade mikromanipulatorer, motoriserad mikroskop, samt tillbeh\u00f6r (stor-formats XY-bord, m.fl.)\" \/>\n<meta property=\"og:url\" content=\"https:\/\/www.bergmanlabora.se\/fi\/tuote\/sensapex\/\" \/>\n<meta property=\"og:site_name\" content=\"BergmanLabora\" \/>\n<meta property=\"article:publisher\" content=\"https:\/\/www.facebook.com\/bergmanlabora\/\" \/>\n<meta property=\"article:modified_time\" content=\"2025-04-28T08:51:22+00:00\" \/>\n<meta property=\"og:image\" content=\"https:\/\/www.bergmanlabora.se\/wp-content\/uploads\/2023\/10\/Sensapex_MIK85_1.webp\" \/>\n\t<meta property=\"og:image:width\" content=\"800\" \/>\n\t<meta property=\"og:image:height\" content=\"800\" \/>\n\t<meta property=\"og:image:type\" content=\"image\/webp\" \/>\n<meta name=\"twitter:card\" content=\"summary_large_image\" \/>\n<meta name=\"twitter:label1\" content=\"Arvioitu lukuaika\" \/>\n\t<meta name=\"twitter:data1\" content=\"2 minuuttia\" \/>\n<script type=\"application\/ld+json\" class=\"yoast-schema-graph\">{\"@context\":\"https:\/\/schema.org\",\"@graph\":[{\"@type\":\"WebPage\",\"@id\":\"https:\/\/www.bergmanlabora.se\/fi\/tuote\/sensapex\/\",\"url\":\"https:\/\/www.bergmanlabora.se\/fi\/tuote\/sensapex\/\",\"name\":\"Sensapex - BergmanLabora\",\"isPartOf\":{\"@id\":\"https:\/\/www.bergmanlabora.se\/fi\/#website\"},\"primaryImageOfPage\":{\"@id\":\"https:\/\/www.bergmanlabora.se\/fi\/tuote\/sensapex\/#primaryimage\"},\"image\":{\"@id\":\"https:\/\/www.bergmanlabora.se\/fi\/tuote\/sensapex\/#primaryimage\"},\"thumbnailUrl\":\"https:\/\/www.bergmanlabora.se\/wp-content\/uploads\/2023\/10\/Sensapex_MIK85_1.webp\",\"datePublished\":\"2023-10-23T13:58:29+00:00\",\"dateModified\":\"2025-04-28T08:51:22+00:00\",\"description\":\"Tillverkare av innovativa motoriserade mikromanipulatorer, motoriserad mikroskop, samt tillbeh\u00f6r (stor-formats XY-bord, m.fl.)\",\"breadcrumb\":{\"@id\":\"https:\/\/www.bergmanlabora.se\/fi\/tuote\/sensapex\/#breadcrumb\"},\"inLanguage\":\"fi\",\"potentialAction\":[{\"@type\":\"ReadAction\",\"target\":[\"https:\/\/www.bergmanlabora.se\/fi\/tuote\/sensapex\/\"]}]},{\"@type\":\"ImageObject\",\"inLanguage\":\"fi\",\"@id\":\"https:\/\/www.bergmanlabora.se\/fi\/tuote\/sensapex\/#primaryimage\",\"url\":\"https:\/\/www.bergmanlabora.se\/wp-content\/uploads\/2023\/10\/Sensapex_MIK85_1.webp\",\"contentUrl\":\"https:\/\/www.bergmanlabora.se\/wp-content\/uploads\/2023\/10\/Sensapex_MIK85_1.webp\",\"width\":800,\"height\":800,\"caption\":\"Sensapex\"},{\"@type\":\"BreadcrumbList\",\"@id\":\"https:\/\/www.bergmanlabora.se\/fi\/tuote\/sensapex\/#breadcrumb\",\"itemListElement\":[{\"@type\":\"ListItem\",\"position\":1,\"name\":\"Helma\",\"item\":\"https:\/\/www.bergmanlabora.se\/fi\/maailman-johtavat-laboratoriolaitteet-biotieteille-ja-teollisuudelle\/\"},{\"@type\":\"ListItem\",\"position\":2,\"name\":\"Webbutik\",\"item\":\"https:\/\/www.bergmanlabora.se\/webbutik\/\"},{\"@type\":\"ListItem\",\"position\":3,\"name\":\"Sensapex\"}]},{\"@type\":\"WebSite\",\"@id\":\"https:\/\/www.bergmanlabora.se\/fi\/#website\",\"url\":\"https:\/\/www.bergmanlabora.se\/fi\/\",\"name\":\"BergmanLabora\",\"description\":\"En av Sveriges ledande leverant\u00f6rer till den svenska laboratoriemarknaden\",\"potentialAction\":[{\"@type\":\"SearchAction\",\"target\":{\"@type\":\"EntryPoint\",\"urlTemplate\":\"https:\/\/www.bergmanlabora.se\/fi\/?s={search_term_string}\"},\"query-input\":{\"@type\":\"PropertyValueSpecification\",\"valueRequired\":true,\"valueName\":\"search_term_string\"}}],\"inLanguage\":\"fi\"}]}<\/script>\n<!-- \/ Yoast SEO plugin. -->","yoast_head_json":{"title":"Sensapex - BergmanLabora","description":"Tillverkare av innovativa motoriserade mikromanipulatorer, motoriserad mikroskop, samt tillbeh\u00f6r (stor-formats XY-bord, m.fl.)","robots":{"index":"index","follow":"follow","max-snippet":"max-snippet:-1","max-image-preview":"max-image-preview:large","max-video-preview":"max-video-preview:-1"},"canonical":"https:\/\/www.bergmanlabora.se\/fi\/tuote\/sensapex\/","og_locale":"fi_FI","og_type":"article","og_title":"Sensapex - BergmanLabora","og_description":"Tillverkare av innovativa motoriserade mikromanipulatorer, motoriserad mikroskop, samt tillbeh\u00f6r (stor-formats XY-bord, m.fl.)","og_url":"https:\/\/www.bergmanlabora.se\/fi\/tuote\/sensapex\/","og_site_name":"BergmanLabora","article_publisher":"https:\/\/www.facebook.com\/bergmanlabora\/","article_modified_time":"2025-04-28T08:51:22+00:00","og_image":[{"width":800,"height":800,"url":"https:\/\/www.bergmanlabora.se\/wp-content\/uploads\/2023\/10\/Sensapex_MIK85_1.webp","type":"image\/webp"}],"twitter_card":"summary_large_image","twitter_misc":{"Arvioitu lukuaika":"2 minuuttia"},"schema":{"@context":"https:\/\/schema.org","@graph":[{"@type":"WebPage","@id":"https:\/\/www.bergmanlabora.se\/fi\/tuote\/sensapex\/","url":"https:\/\/www.bergmanlabora.se\/fi\/tuote\/sensapex\/","name":"Sensapex - BergmanLabora","isPartOf":{"@id":"https:\/\/www.bergmanlabora.se\/fi\/#website"},"primaryImageOfPage":{"@id":"https:\/\/www.bergmanlabora.se\/fi\/tuote\/sensapex\/#primaryimage"},"image":{"@id":"https:\/\/www.bergmanlabora.se\/fi\/tuote\/sensapex\/#primaryimage"},"thumbnailUrl":"https:\/\/www.bergmanlabora.se\/wp-content\/uploads\/2023\/10\/Sensapex_MIK85_1.webp","datePublished":"2023-10-23T13:58:29+00:00","dateModified":"2025-04-28T08:51:22+00:00","description":"Tillverkare av innovativa motoriserade mikromanipulatorer, motoriserad mikroskop, samt tillbeh\u00f6r (stor-formats XY-bord, m.fl.)","breadcrumb":{"@id":"https:\/\/www.bergmanlabora.se\/fi\/tuote\/sensapex\/#breadcrumb"},"inLanguage":"fi","potentialAction":[{"@type":"ReadAction","target":["https:\/\/www.bergmanlabora.se\/fi\/tuote\/sensapex\/"]}]},{"@type":"ImageObject","inLanguage":"fi","@id":"https:\/\/www.bergmanlabora.se\/fi\/tuote\/sensapex\/#primaryimage","url":"https:\/\/www.bergmanlabora.se\/wp-content\/uploads\/2023\/10\/Sensapex_MIK85_1.webp","contentUrl":"https:\/\/www.bergmanlabora.se\/wp-content\/uploads\/2023\/10\/Sensapex_MIK85_1.webp","width":800,"height":800,"caption":"Sensapex"},{"@type":"BreadcrumbList","@id":"https:\/\/www.bergmanlabora.se\/fi\/tuote\/sensapex\/#breadcrumb","itemListElement":[{"@type":"ListItem","position":1,"name":"Helma","item":"https:\/\/www.bergmanlabora.se\/fi\/maailman-johtavat-laboratoriolaitteet-biotieteille-ja-teollisuudelle\/"},{"@type":"ListItem","position":2,"name":"Webbutik","item":"https:\/\/www.bergmanlabora.se\/webbutik\/"},{"@type":"ListItem","position":3,"name":"Sensapex"}]},{"@type":"WebSite","@id":"https:\/\/www.bergmanlabora.se\/fi\/#website","url":"https:\/\/www.bergmanlabora.se\/fi\/","name":"BergmanLabora","description":"En av Sveriges ledande leverant\u00f6rer till den svenska laboratoriemarknaden","potentialAction":[{"@type":"SearchAction","target":{"@type":"EntryPoint","urlTemplate":"https:\/\/www.bergmanlabora.se\/fi\/?s={search_term_string}"},"query-input":{"@type":"PropertyValueSpecification","valueRequired":true,"valueName":"search_term_string"}}],"inLanguage":"fi"}]}},"_links":{"self":[{"href":"https:\/\/www.bergmanlabora.se\/fi\/wp-json\/wp\/v2\/product\/5795","targetHints":{"allow":["GET"]}}],"collection":[{"href":"https:\/\/www.bergmanlabora.se\/fi\/wp-json\/wp\/v2\/product"}],"about":[{"href":"https:\/\/www.bergmanlabora.se\/fi\/wp-json\/wp\/v2\/types\/product"}],"wp:featuredmedia":[{"embeddable":true,"href":"https:\/\/www.bergmanlabora.se\/fi\/wp-json\/wp\/v2\/media\/5911"}],"wp:attachment":[{"href":"https:\/\/www.bergmanlabora.se\/fi\/wp-json\/wp\/v2\/media?parent=5795"}],"wp:term":[{"taxonomy":"product_brand","embeddable":true,"href":"https:\/\/www.bergmanlabora.se\/fi\/wp-json\/wp\/v2\/product_brand?post=5795"},{"taxonomy":"product_cat","embeddable":true,"href":"https:\/\/www.bergmanlabora.se\/fi\/wp-json\/wp\/v2\/product_cat?post=5795"},{"taxonomy":"product_tag","embeddable":true,"href":"https:\/\/www.bergmanlabora.se\/fi\/wp-json\/wp\/v2\/product_tag?post=5795"}],"curies":[{"name":"wp","href":"https:\/\/api.w.org\/{rel}","templated":true}]}}