{"id":5618,"date":"2023-09-19T10:20:16","date_gmt":"2023-09-19T08:20:16","guid":{"rendered":"https:\/\/www.bergmanlabora.se\/?post_type=product&#038;p=5618"},"modified":"2025-05-08T11:07:01","modified_gmt":"2025-05-08T09:07:01","slug":"dragprovare","status":"publish","type":"product","link":"https:\/\/www.bergmanlabora.se\/fi\/tuote\/dragprovare\/","title":{"rendered":"Dragprovare fr\u00e5n Shimadzu"},"content":{"rendered":"<p>I kombination med Shimadzus utbud av tillbeh\u00f6r, inklusive grepp, extensometrar och jiggar, och den valfria Windows\u00ae-kompatibla Trapezium-mjukvaran, som ger en f\u00f6renklad anv\u00e4ndarhantering med Wizards och branschens fr\u00e4msta navigationssystem, kan Shimadzu ge dig en l\u00f6sning f\u00f6r all typ av provning.<\/p>\n<p>V\u00e5r avancerade teknologi, som inkluderar precision, elektronik, kontroll, optik, sensorer och informationshantering, \u00e4r centralt placerad i dessa test- och inspektionsmaskiner, vilket resulterar i ett utv\u00e4rderingssystem som \u00e4r perfekt anpassat f\u00f6r \u00e4ndam\u00e5let inom dragprovning och materialprovning. Lita p\u00e5 Shimadzu f\u00f6r att leverera h\u00f6gkvalitativa l\u00f6sningar som s\u00e4tter din provningsprocess i framkant.<\/p>\n<p>&nbsp;<\/p>\n<p><a href=\"https:\/\/www.bergmanlabora.se\/wp-content\/uploads\/2023\/09\/Dragprovare-Schimadzu.jpg\"><img decoding=\"async\" class=\"alignnone size-full wp-image-5620 lazyload\" data-src=\"https:\/\/www.bergmanlabora.se\/wp-content\/uploads\/2023\/09\/Dragprovare-Schimadzu.jpg\" alt=\"Dragprovare\" width=\"1200\" height=\"514\" data-srcset=\"https:\/\/www.bergmanlabora.se\/wp-content\/uploads\/2023\/09\/Dragprovare-Schimadzu-200x86.jpg 200w, https:\/\/www.bergmanlabora.se\/wp-content\/uploads\/2023\/09\/Dragprovare-Schimadzu-300x129.jpg 300w, https:\/\/www.bergmanlabora.se\/wp-content\/uploads\/2023\/09\/Dragprovare-Schimadzu-400x171.jpg 400w, https:\/\/www.bergmanlabora.se\/wp-content\/uploads\/2023\/09\/Dragprovare-Schimadzu-500x214.jpg 500w, https:\/\/www.bergmanlabora.se\/wp-content\/uploads\/2023\/09\/Dragprovare-Schimadzu-600x257.jpg 600w, https:\/\/www.bergmanlabora.se\/wp-content\/uploads\/2023\/09\/Dragprovare-Schimadzu-700x300.jpg 700w, https:\/\/www.bergmanlabora.se\/wp-content\/uploads\/2023\/09\/Dragprovare-Schimadzu-768x329.jpg 768w, https:\/\/www.bergmanlabora.se\/wp-content\/uploads\/2023\/09\/Dragprovare-Schimadzu-800x343.jpg 800w, https:\/\/www.bergmanlabora.se\/wp-content\/uploads\/2023\/09\/Dragprovare-Schimadzu-1024x439.jpg 1024w, https:\/\/www.bergmanlabora.se\/wp-content\/uploads\/2023\/09\/Dragprovare-Schimadzu.jpg 1200w\" data-sizes=\"(max-width: 1200px) 100vw, 1200px\" src=\"data:image\/svg+xml;base64,PHN2ZyB3aWR0aD0iMSIgaGVpZ2h0PSIxIiB4bWxucz0iaHR0cDovL3d3dy53My5vcmcvMjAwMC9zdmciPjwvc3ZnPg==\" style=\"--smush-placeholder-width: 1200px; --smush-placeholder-aspect-ratio: 1200\/514;\" \/><\/a><\/p>\n<h3><\/h3>\n<h3>Vad \u00e4r en dragprovare?<\/h3>\n<p>En dragprovare \u00e4r en h\u00f6gteknologisk testutrustning som anv\u00e4nds inom materialvetenskap och ingenj\u00f6rsvetenskap f\u00f6r att m\u00e4ta och utv\u00e4rdera de mekaniska egenskaperna hos olika material. Denna avancerade apparatur \u00e4r utformad f\u00f6r att utf\u00f6ra dragprovning, en testmetod d\u00e4r ett material uts\u00e4tts f\u00f6r en kontrollerad dragkraft f\u00f6r att analysera dess respons p\u00e5 p\u00e5frestningen.<\/p>\n<p>Dragprovare \u00e4r kritiska inom en m\u00e4ngd olika industrier, inklusive tillverkning, bygg- och konstruktionssektorn, flyg- och rymdindustrin samt fordonsindustrin. Deras huvudsakliga syfte \u00e4r att s\u00e4kerst\u00e4lla att material och komponenter uppfyller n\u00f6dv\u00e4ndiga prestandakrav och kvalitetsstandarder.<\/p>\n<p>Dessa avancerade maskiner \u00e4r utrustade med avancerade teknologiska komponenter, inklusive precisionssensorer, elektronik, styrningssystem och optik, som m\u00f6jligg\u00f6r noggranna m\u00e4tningar och analys av materialets dragstyrka, deformationsegenskaper och beteende vid brott. Informationen som genereras av en dragprovare \u00e4r avg\u00f6rande f\u00f6r att optimera material och produkter, vilket i sin tur bidrar till att f\u00f6rb\u00e4ttra s\u00e4kerhet och tillf\u00f6rlitlighet i olika till\u00e4mpningar.<\/p>\n<p>&nbsp;<\/p>\n<div class=\"video-shortcode\"><iframe class=\"fusion-hidden\" data-privacy-type=\"youtube\" src=\"\" title=\"AGX-V2 Series AUTOGRAPH Precision Universal Tester\" width=\"1200\" height=\"675\" data-privacy-src=\"https:\/\/www.youtube.com\/embed\/Yo_mCEOPNco?feature=oembed\" frameborder=\"0\" allow=\"accelerometer; autoplay; clipboard-write; encrypted-media; gyroscope; picture-in-picture; web-share\" allowfullscreen><\/iframe><\/p>\n<div class=\"fusion-privacy-placeholder\" style=\"width:1200px; height:675px;\" data-privacy-type=\"youtube\">\n<div class=\"fusion-privacy-placeholder-content\">\n<div class=\"fusion-privacy-label\">For privacy reasons YouTube needs your permission to be loaded. For more details, please see our <a class=\"privacy-policy-link\" href=\"https:\/\/www.bergmanlabora.se\/integritetspolicy\/\" rel=\"privacy-policy\">Integritetspolicy<\/a>.<\/div>\n<p><button data-privacy-type=\"youtube\" class=\"fusion-button button-default fusion-button-default-size button fusion-privacy-consent\">I Accept<\/button><\/div>\n<\/div>\n<\/div>\n","protected":false},"excerpt":{"rendered":"<p>Vi erbjuder ett urval av f\u00f6rstklassiga dragprovare fr\u00e5n Shimatzu som uppfyller alla produktion- och FoU-krav i utvecklingen av s\u00e4krare material och h\u00f6gkvalitativa produkter. V\u00e5r line-up inkluderar tre distinkta modeller av universal dragprovare: AG-X plus-serien, AGS-X-serien och EZ-testserien. Kontakta oss f\u00f6r mer information och offert.<\/p>\n[fusion_button link=\"\/kontakta-oss\/\" title=\"\" target=\"_self\" link_attributes=\"\" alignment_medium=\"\" alignment_small=\"\" alignment=\"\" modal=\"\" hide_on_mobile=\"small-visibility,medium-visibility,large-visibility\" sticky_display=\"normal,sticky\" class=\"\" id=\"\" color=\"default\" button_gradient_top_color_hover=\"\" hue=\"\" saturation=\"\" lightness=\"\" alpha=\"\" button_gradient_top_color=\"\" button_gradient_bottom_color_hover=\"\" button_gradient_bottom_color=\"\" gradient_start_position=\"\" gradient_end_position=\"\" gradient_type=\"\" radial_direction=\"\" linear_angle=\"180\" accent_hover_color=\"\" accent_color=\"\" type=\"\" bevel_color=\"\" bevel_color_hover=\"\" border_top=\"\" border_right=\"\" border_bottom=\"\" border_left=\"\" border_radius_top_left=\"\" border_radius_top_right=\"\" border_radius_bottom_right=\"\" border_radius_bottom_left=\"\" border_hover_color=\"\" border_color=\"\" size=\"\" padding_top=\"\" padding_right=\"\" padding_bottom=\"\" padding_left=\"\" fusion_font_family_button_font=\"\" fusion_font_variant_button_font=\"\" font_size=\"\" line_height=\"\" letter_spacing=\"\" text_transform=\"\" stretch=\"default\" margin_top=\"\" margin_right=\"\" margin_bottom=\"\" margin_left=\"\" icon=\"\" icon_position=\"left\" icon_divider=\"no\" hover_transition=\"none\" animation_type=\"\" animation_direction=\"left\" animation_color=\"\" animation_speed=\"0.3\" animation_delay=\"0\" animation_offset=\"\"]Kontakta oss[\/fusion_button]\n","protected":false},"featured_media":5619,"template":"","meta":[],"product_brand":[],"product_cat":[140,136],"product_tag":[],"class_list":{"0":"post-5618","1":"product","2":"type-product","3":"status-publish","4":"has-post-thumbnail","6":"product_cat-dragprovare","7":"product_cat-industri-materialanalys","9":"first","10":"instock","11":"shipping-taxable","12":"product-type-simple"},"yoast_head":"<!-- This site is optimized with the Yoast SEO plugin v27.2 - https:\/\/yoast.com\/product\/yoast-seo-wordpress\/ -->\n<title>Dragprovare fr\u00e5n Shimadzu - BergmanLabora<\/title>\n<meta name=\"description\" content=\"Vi erbjuder f\u00f6rstklassiga dragprovare fr\u00e5n Shimatzu som uppfyller alla produktion- och FoU-krav i utvecklingen av s\u00e4krare material och produkter.\" \/>\n<meta name=\"robots\" content=\"index, follow, max-snippet:-1, max-image-preview:large, max-video-preview:-1\" \/>\n<link rel=\"canonical\" href=\"https:\/\/www.bergmanlabora.se\/fi\/tuote\/dragprovare\/\" \/>\n<meta property=\"og:locale\" content=\"fi_FI\" \/>\n<meta property=\"og:type\" content=\"article\" \/>\n<meta property=\"og:title\" content=\"Dragprovare fr\u00e5n Shimadzu - BergmanLabora\" \/>\n<meta property=\"og:description\" content=\"Vi erbjuder f\u00f6rstklassiga dragprovare fr\u00e5n Shimatzu som uppfyller alla produktion- och FoU-krav i utvecklingen av s\u00e4krare material och produkter.\" \/>\n<meta property=\"og:url\" content=\"https:\/\/www.bergmanlabora.se\/fi\/tuote\/dragprovare\/\" \/>\n<meta property=\"og:site_name\" content=\"BergmanLabora\" \/>\n<meta property=\"article:publisher\" content=\"https:\/\/www.facebook.com\/bergmanlabora\/\" \/>\n<meta property=\"article:modified_time\" content=\"2025-05-08T09:07:01+00:00\" \/>\n<meta property=\"og:image\" content=\"https:\/\/www.bergmanlabora.se\/wp-content\/uploads\/2023\/09\/dragprovare-Shimadzu.webp\" \/>\n\t<meta property=\"og:image:width\" content=\"700\" \/>\n\t<meta property=\"og:image:height\" content=\"700\" \/>\n\t<meta property=\"og:image:type\" content=\"image\/webp\" \/>\n<meta name=\"twitter:card\" content=\"summary_large_image\" \/>\n<meta name=\"twitter:label1\" content=\"Arvioitu lukuaika\" \/>\n\t<meta name=\"twitter:data1\" content=\"2 minuuttia\" \/>\n<script type=\"application\/ld+json\" class=\"yoast-schema-graph\">{\"@context\":\"https:\/\/schema.org\",\"@graph\":[{\"@type\":\"WebPage\",\"@id\":\"https:\/\/www.bergmanlabora.se\/fi\/tuote\/dragprovare\/\",\"url\":\"https:\/\/www.bergmanlabora.se\/fi\/tuote\/dragprovare\/\",\"name\":\"Dragprovare fr\u00e5n Shimadzu - BergmanLabora\",\"isPartOf\":{\"@id\":\"https:\/\/www.bergmanlabora.se\/fi\/#website\"},\"primaryImageOfPage\":{\"@id\":\"https:\/\/www.bergmanlabora.se\/fi\/tuote\/dragprovare\/#primaryimage\"},\"image\":{\"@id\":\"https:\/\/www.bergmanlabora.se\/fi\/tuote\/dragprovare\/#primaryimage\"},\"thumbnailUrl\":\"https:\/\/www.bergmanlabora.se\/wp-content\/uploads\/2023\/09\/dragprovare-Shimadzu.webp\",\"datePublished\":\"2023-09-19T08:20:16+00:00\",\"dateModified\":\"2025-05-08T09:07:01+00:00\",\"description\":\"Vi erbjuder f\u00f6rstklassiga dragprovare fr\u00e5n Shimatzu som uppfyller alla produktion- och FoU-krav i utvecklingen av s\u00e4krare material och produkter.\",\"breadcrumb\":{\"@id\":\"https:\/\/www.bergmanlabora.se\/fi\/tuote\/dragprovare\/#breadcrumb\"},\"inLanguage\":\"fi\",\"potentialAction\":[{\"@type\":\"ReadAction\",\"target\":[\"https:\/\/www.bergmanlabora.se\/fi\/tuote\/dragprovare\/\"]}]},{\"@type\":\"ImageObject\",\"inLanguage\":\"fi\",\"@id\":\"https:\/\/www.bergmanlabora.se\/fi\/tuote\/dragprovare\/#primaryimage\",\"url\":\"https:\/\/www.bergmanlabora.se\/wp-content\/uploads\/2023\/09\/dragprovare-Shimadzu.webp\",\"contentUrl\":\"https:\/\/www.bergmanlabora.se\/wp-content\/uploads\/2023\/09\/dragprovare-Shimadzu.webp\",\"width\":700,\"height\":700,\"caption\":\"Dragprovare\"},{\"@type\":\"BreadcrumbList\",\"@id\":\"https:\/\/www.bergmanlabora.se\/fi\/tuote\/dragprovare\/#breadcrumb\",\"itemListElement\":[{\"@type\":\"ListItem\",\"position\":1,\"name\":\"Helma\",\"item\":\"https:\/\/www.bergmanlabora.se\/fi\/maailman-johtavat-laboratoriolaitteet-biotieteille-ja-teollisuudelle\/\"},{\"@type\":\"ListItem\",\"position\":2,\"name\":\"Webbutik\",\"item\":\"https:\/\/www.bergmanlabora.se\/webbutik\/\"},{\"@type\":\"ListItem\",\"position\":3,\"name\":\"Dragprovare fr\u00e5n Shimadzu\"}]},{\"@type\":\"WebSite\",\"@id\":\"https:\/\/www.bergmanlabora.se\/fi\/#website\",\"url\":\"https:\/\/www.bergmanlabora.se\/fi\/\",\"name\":\"BergmanLabora\",\"description\":\"En av Sveriges ledande leverant\u00f6rer till den svenska laboratoriemarknaden\",\"potentialAction\":[{\"@type\":\"SearchAction\",\"target\":{\"@type\":\"EntryPoint\",\"urlTemplate\":\"https:\/\/www.bergmanlabora.se\/fi\/?s={search_term_string}\"},\"query-input\":{\"@type\":\"PropertyValueSpecification\",\"valueRequired\":true,\"valueName\":\"search_term_string\"}}],\"inLanguage\":\"fi\"}]}<\/script>\n<!-- \/ Yoast SEO plugin. -->","yoast_head_json":{"title":"Dragprovare fr\u00e5n Shimadzu - BergmanLabora","description":"Vi erbjuder f\u00f6rstklassiga dragprovare fr\u00e5n Shimatzu som uppfyller alla produktion- och FoU-krav i utvecklingen av s\u00e4krare material och produkter.","robots":{"index":"index","follow":"follow","max-snippet":"max-snippet:-1","max-image-preview":"max-image-preview:large","max-video-preview":"max-video-preview:-1"},"canonical":"https:\/\/www.bergmanlabora.se\/fi\/tuote\/dragprovare\/","og_locale":"fi_FI","og_type":"article","og_title":"Dragprovare fr\u00e5n Shimadzu - BergmanLabora","og_description":"Vi erbjuder f\u00f6rstklassiga dragprovare fr\u00e5n Shimatzu som uppfyller alla produktion- och FoU-krav i utvecklingen av s\u00e4krare material och produkter.","og_url":"https:\/\/www.bergmanlabora.se\/fi\/tuote\/dragprovare\/","og_site_name":"BergmanLabora","article_publisher":"https:\/\/www.facebook.com\/bergmanlabora\/","article_modified_time":"2025-05-08T09:07:01+00:00","og_image":[{"width":700,"height":700,"url":"https:\/\/www.bergmanlabora.se\/wp-content\/uploads\/2023\/09\/dragprovare-Shimadzu.webp","type":"image\/webp"}],"twitter_card":"summary_large_image","twitter_misc":{"Arvioitu lukuaika":"2 minuuttia"},"schema":{"@context":"https:\/\/schema.org","@graph":[{"@type":"WebPage","@id":"https:\/\/www.bergmanlabora.se\/fi\/tuote\/dragprovare\/","url":"https:\/\/www.bergmanlabora.se\/fi\/tuote\/dragprovare\/","name":"Dragprovare fr\u00e5n Shimadzu - BergmanLabora","isPartOf":{"@id":"https:\/\/www.bergmanlabora.se\/fi\/#website"},"primaryImageOfPage":{"@id":"https:\/\/www.bergmanlabora.se\/fi\/tuote\/dragprovare\/#primaryimage"},"image":{"@id":"https:\/\/www.bergmanlabora.se\/fi\/tuote\/dragprovare\/#primaryimage"},"thumbnailUrl":"https:\/\/www.bergmanlabora.se\/wp-content\/uploads\/2023\/09\/dragprovare-Shimadzu.webp","datePublished":"2023-09-19T08:20:16+00:00","dateModified":"2025-05-08T09:07:01+00:00","description":"Vi erbjuder f\u00f6rstklassiga dragprovare fr\u00e5n Shimatzu som uppfyller alla produktion- och FoU-krav i utvecklingen av s\u00e4krare material och produkter.","breadcrumb":{"@id":"https:\/\/www.bergmanlabora.se\/fi\/tuote\/dragprovare\/#breadcrumb"},"inLanguage":"fi","potentialAction":[{"@type":"ReadAction","target":["https:\/\/www.bergmanlabora.se\/fi\/tuote\/dragprovare\/"]}]},{"@type":"ImageObject","inLanguage":"fi","@id":"https:\/\/www.bergmanlabora.se\/fi\/tuote\/dragprovare\/#primaryimage","url":"https:\/\/www.bergmanlabora.se\/wp-content\/uploads\/2023\/09\/dragprovare-Shimadzu.webp","contentUrl":"https:\/\/www.bergmanlabora.se\/wp-content\/uploads\/2023\/09\/dragprovare-Shimadzu.webp","width":700,"height":700,"caption":"Dragprovare"},{"@type":"BreadcrumbList","@id":"https:\/\/www.bergmanlabora.se\/fi\/tuote\/dragprovare\/#breadcrumb","itemListElement":[{"@type":"ListItem","position":1,"name":"Helma","item":"https:\/\/www.bergmanlabora.se\/fi\/maailman-johtavat-laboratoriolaitteet-biotieteille-ja-teollisuudelle\/"},{"@type":"ListItem","position":2,"name":"Webbutik","item":"https:\/\/www.bergmanlabora.se\/webbutik\/"},{"@type":"ListItem","position":3,"name":"Dragprovare fr\u00e5n Shimadzu"}]},{"@type":"WebSite","@id":"https:\/\/www.bergmanlabora.se\/fi\/#website","url":"https:\/\/www.bergmanlabora.se\/fi\/","name":"BergmanLabora","description":"En av Sveriges ledande leverant\u00f6rer till den svenska laboratoriemarknaden","potentialAction":[{"@type":"SearchAction","target":{"@type":"EntryPoint","urlTemplate":"https:\/\/www.bergmanlabora.se\/fi\/?s={search_term_string}"},"query-input":{"@type":"PropertyValueSpecification","valueRequired":true,"valueName":"search_term_string"}}],"inLanguage":"fi"}]}},"_links":{"self":[{"href":"https:\/\/www.bergmanlabora.se\/fi\/wp-json\/wp\/v2\/product\/5618","targetHints":{"allow":["GET"]}}],"collection":[{"href":"https:\/\/www.bergmanlabora.se\/fi\/wp-json\/wp\/v2\/product"}],"about":[{"href":"https:\/\/www.bergmanlabora.se\/fi\/wp-json\/wp\/v2\/types\/product"}],"wp:featuredmedia":[{"embeddable":true,"href":"https:\/\/www.bergmanlabora.se\/fi\/wp-json\/wp\/v2\/media\/5619"}],"wp:attachment":[{"href":"https:\/\/www.bergmanlabora.se\/fi\/wp-json\/wp\/v2\/media?parent=5618"}],"wp:term":[{"taxonomy":"product_brand","embeddable":true,"href":"https:\/\/www.bergmanlabora.se\/fi\/wp-json\/wp\/v2\/product_brand?post=5618"},{"taxonomy":"product_cat","embeddable":true,"href":"https:\/\/www.bergmanlabora.se\/fi\/wp-json\/wp\/v2\/product_cat?post=5618"},{"taxonomy":"product_tag","embeddable":true,"href":"https:\/\/www.bergmanlabora.se\/fi\/wp-json\/wp\/v2\/product_tag?post=5618"}],"curies":[{"name":"wp","href":"https:\/\/api.w.org\/{rel}","templated":true}]}}