{"id":4563,"date":"2022-12-16T11:53:21","date_gmt":"2022-12-16T10:53:21","guid":{"rendered":"https:\/\/www.stage.bergmanlabora.se\/?post_type=product&#038;p=4563"},"modified":"2023-06-19T17:56:15","modified_gmt":"2023-06-19T15:56:15","slug":"qatm-qness-250-750-3000-a-a-evo","status":"publish","type":"product","link":"https:\/\/www.bergmanlabora.se\/fi\/tuote\/qatm-qness-250-750-3000-a-a-evo\/","title":{"rendered":"QATM QNESS 250 \/ 750 \/ 3000 A\/A+ EVO"},"content":{"rendered":"<p>P\u00e5 grund av de helautomatiserade 3-axliga kontrollproverna med olika testh\u00f6jder kan testas. Prover kan kl\u00e4mmas s\u00e4kert med upp till 3.200 kg av den kraftfulla asynkrona motorn p\u00e5 Z-axeln.<\/p>\n<p><strong>Produktf\u00f6rdelar<\/strong><\/p>\n<ul>\n<li>Mycket exakt kontroll av testhuvud med asynkron motor<\/li>\n<li>Automatisk utveckling av XYZ-test f\u00f6r olika provh\u00f6jder<\/li>\n<li>B\u00e4nksk\u00e5p och s\u00e4kerhet helt integrerade i maskindesign<\/li>\n<li>Maximal sp\u00e4nns\u00e4kerhet p\u00e5 grund av fixering eller sv\u00e4ngbar nedh\u00e5llare<\/li>\n<li>Utm\u00e4rkt bildkvalitet<\/li>\n<li>Qpix Control2-programvara med intuitiva 3D-kontrollelement<\/li>\n<li>Endast variant A +: Exempel p\u00e5 bildkamera med automatisk bildinsamling<\/li>\n<\/ul>\n","protected":false},"excerpt":{"rendered":"<p>A- och A + -modellerna i Qness 250\/750\/3000 EVO-h\u00e5rdhetsprovarserien \u00e4r toppen av automatiserad h\u00e5rdhetsprovning.<\/p>\n","protected":false},"featured_media":4728,"template":"","meta":[],"product_brand":[],"product_cat":[125,136,128,133],"product_tag":[],"class_list":{"0":"post-4563","1":"product","2":"type-product","3":"status-publish","4":"has-post-thumbnail","6":"product_cat-hardhetsmatare","7":"product_cat-industri-materialanalys","8":"product_cat-makrohardhetstestare","9":"product_cat-qatm","11":"first","12":"instock","13":"shipping-taxable","14":"purchasable","15":"product-type-simple"},"yoast_head":"<!-- This site is optimized with the Yoast SEO plugin v27.2 - https:\/\/yoast.com\/product\/yoast-seo-wordpress\/ -->\n<title>QATM QNESS 250 \/ 750 \/ 3000 A\/A+ EVO - BergmanLabora<\/title>\n<meta name=\"robots\" content=\"index, follow, max-snippet:-1, max-image-preview:large, max-video-preview:-1\" \/>\n<link rel=\"canonical\" href=\"https:\/\/www.bergmanlabora.se\/fi\/tuote\/qatm-qness-250-750-3000-a-a-evo\/\" \/>\n<meta property=\"og:locale\" content=\"fi_FI\" \/>\n<meta property=\"og:type\" content=\"article\" \/>\n<meta property=\"og:title\" content=\"QATM QNESS 250 \/ 750 \/ 3000 A\/A+ EVO - BergmanLabora\" \/>\n<meta property=\"og:description\" content=\"A- och A + -modellerna i Qness 250\/750\/3000 EVO-h\u00e5rdhetsprovarserien \u00e4r toppen av automatiserad h\u00e5rdhetsprovning.\" \/>\n<meta property=\"og:url\" content=\"https:\/\/www.bergmanlabora.se\/fi\/tuote\/qatm-qness-250-750-3000-a-a-evo\/\" \/>\n<meta property=\"og:site_name\" content=\"BergmanLabora\" \/>\n<meta property=\"article:publisher\" content=\"https:\/\/www.facebook.com\/bergmanlabora\/\" \/>\n<meta property=\"article:modified_time\" content=\"2023-06-19T15:56:15+00:00\" \/>\n<meta property=\"og:image\" content=\"https:\/\/www.bergmanlabora.se\/wp-content\/uploads\/2022\/12\/QAT51.webp\" \/>\n\t<meta property=\"og:image:width\" content=\"600\" \/>\n\t<meta property=\"og:image:height\" content=\"600\" \/>\n\t<meta property=\"og:image:type\" content=\"image\/webp\" \/>\n<meta name=\"twitter:card\" content=\"summary_large_image\" \/>\n<meta name=\"twitter:label1\" content=\"Arvioitu lukuaika\" \/>\n\t<meta name=\"twitter:data1\" content=\"1 minuutti\" \/>\n<script type=\"application\/ld+json\" class=\"yoast-schema-graph\">{\"@context\":\"https:\/\/schema.org\",\"@graph\":[{\"@type\":\"WebPage\",\"@id\":\"https:\/\/www.bergmanlabora.se\/fi\/tuote\/qatm-qness-250-750-3000-a-a-evo\/\",\"url\":\"https:\/\/www.bergmanlabora.se\/fi\/tuote\/qatm-qness-250-750-3000-a-a-evo\/\",\"name\":\"QATM QNESS 250 \/ 750 \/ 3000 A\/A+ EVO - BergmanLabora\",\"isPartOf\":{\"@id\":\"https:\/\/www.bergmanlabora.se\/fi\/#website\"},\"primaryImageOfPage\":{\"@id\":\"https:\/\/www.bergmanlabora.se\/fi\/tuote\/qatm-qness-250-750-3000-a-a-evo\/#primaryimage\"},\"image\":{\"@id\":\"https:\/\/www.bergmanlabora.se\/fi\/tuote\/qatm-qness-250-750-3000-a-a-evo\/#primaryimage\"},\"thumbnailUrl\":\"https:\/\/www.bergmanlabora.se\/wp-content\/uploads\/2022\/12\/QAT51.webp\",\"datePublished\":\"2022-12-16T10:53:21+00:00\",\"dateModified\":\"2023-06-19T15:56:15+00:00\",\"breadcrumb\":{\"@id\":\"https:\/\/www.bergmanlabora.se\/fi\/tuote\/qatm-qness-250-750-3000-a-a-evo\/#breadcrumb\"},\"inLanguage\":\"fi\",\"potentialAction\":[{\"@type\":\"ReadAction\",\"target\":[\"https:\/\/www.bergmanlabora.se\/fi\/tuote\/qatm-qness-250-750-3000-a-a-evo\/\"]}]},{\"@type\":\"ImageObject\",\"inLanguage\":\"fi\",\"@id\":\"https:\/\/www.bergmanlabora.se\/fi\/tuote\/qatm-qness-250-750-3000-a-a-evo\/#primaryimage\",\"url\":\"https:\/\/www.bergmanlabora.se\/wp-content\/uploads\/2022\/12\/QAT51.webp\",\"contentUrl\":\"https:\/\/www.bergmanlabora.se\/wp-content\/uploads\/2022\/12\/QAT51.webp\",\"width\":600,\"height\":600,\"caption\":\"QNESS 250 \/ Q750 \/ Q3000 A\/A+ EVO\"},{\"@type\":\"BreadcrumbList\",\"@id\":\"https:\/\/www.bergmanlabora.se\/fi\/tuote\/qatm-qness-250-750-3000-a-a-evo\/#breadcrumb\",\"itemListElement\":[{\"@type\":\"ListItem\",\"position\":1,\"name\":\"Helma\",\"item\":\"https:\/\/www.bergmanlabora.se\/fi\/maailman-johtavat-laboratoriolaitteet-biotieteille-ja-teollisuudelle\/\"},{\"@type\":\"ListItem\",\"position\":2,\"name\":\"Webbutik\",\"item\":\"https:\/\/www.bergmanlabora.se\/webbutik\/\"},{\"@type\":\"ListItem\",\"position\":3,\"name\":\"QATM QNESS 250 \/ 750 \/ 3000 A\/A+ EVO\"}]},{\"@type\":\"WebSite\",\"@id\":\"https:\/\/www.bergmanlabora.se\/fi\/#website\",\"url\":\"https:\/\/www.bergmanlabora.se\/fi\/\",\"name\":\"BergmanLabora\",\"description\":\"En av Sveriges ledande leverant\u00f6rer till den svenska laboratoriemarknaden\",\"potentialAction\":[{\"@type\":\"SearchAction\",\"target\":{\"@type\":\"EntryPoint\",\"urlTemplate\":\"https:\/\/www.bergmanlabora.se\/fi\/?s={search_term_string}\"},\"query-input\":{\"@type\":\"PropertyValueSpecification\",\"valueRequired\":true,\"valueName\":\"search_term_string\"}}],\"inLanguage\":\"fi\"}]}<\/script>\n<!-- \/ Yoast SEO plugin. -->","yoast_head_json":{"title":"QATM QNESS 250 \/ 750 \/ 3000 A\/A+ EVO - BergmanLabora","robots":{"index":"index","follow":"follow","max-snippet":"max-snippet:-1","max-image-preview":"max-image-preview:large","max-video-preview":"max-video-preview:-1"},"canonical":"https:\/\/www.bergmanlabora.se\/fi\/tuote\/qatm-qness-250-750-3000-a-a-evo\/","og_locale":"fi_FI","og_type":"article","og_title":"QATM QNESS 250 \/ 750 \/ 3000 A\/A+ EVO - BergmanLabora","og_description":"A- och A + -modellerna i Qness 250\/750\/3000 EVO-h\u00e5rdhetsprovarserien \u00e4r toppen av automatiserad h\u00e5rdhetsprovning.","og_url":"https:\/\/www.bergmanlabora.se\/fi\/tuote\/qatm-qness-250-750-3000-a-a-evo\/","og_site_name":"BergmanLabora","article_publisher":"https:\/\/www.facebook.com\/bergmanlabora\/","article_modified_time":"2023-06-19T15:56:15+00:00","og_image":[{"width":600,"height":600,"url":"https:\/\/www.bergmanlabora.se\/wp-content\/uploads\/2022\/12\/QAT51.webp","type":"image\/webp"}],"twitter_card":"summary_large_image","twitter_misc":{"Arvioitu lukuaika":"1 minuutti"},"schema":{"@context":"https:\/\/schema.org","@graph":[{"@type":"WebPage","@id":"https:\/\/www.bergmanlabora.se\/fi\/tuote\/qatm-qness-250-750-3000-a-a-evo\/","url":"https:\/\/www.bergmanlabora.se\/fi\/tuote\/qatm-qness-250-750-3000-a-a-evo\/","name":"QATM QNESS 250 \/ 750 \/ 3000 A\/A+ EVO - BergmanLabora","isPartOf":{"@id":"https:\/\/www.bergmanlabora.se\/fi\/#website"},"primaryImageOfPage":{"@id":"https:\/\/www.bergmanlabora.se\/fi\/tuote\/qatm-qness-250-750-3000-a-a-evo\/#primaryimage"},"image":{"@id":"https:\/\/www.bergmanlabora.se\/fi\/tuote\/qatm-qness-250-750-3000-a-a-evo\/#primaryimage"},"thumbnailUrl":"https:\/\/www.bergmanlabora.se\/wp-content\/uploads\/2022\/12\/QAT51.webp","datePublished":"2022-12-16T10:53:21+00:00","dateModified":"2023-06-19T15:56:15+00:00","breadcrumb":{"@id":"https:\/\/www.bergmanlabora.se\/fi\/tuote\/qatm-qness-250-750-3000-a-a-evo\/#breadcrumb"},"inLanguage":"fi","potentialAction":[{"@type":"ReadAction","target":["https:\/\/www.bergmanlabora.se\/fi\/tuote\/qatm-qness-250-750-3000-a-a-evo\/"]}]},{"@type":"ImageObject","inLanguage":"fi","@id":"https:\/\/www.bergmanlabora.se\/fi\/tuote\/qatm-qness-250-750-3000-a-a-evo\/#primaryimage","url":"https:\/\/www.bergmanlabora.se\/wp-content\/uploads\/2022\/12\/QAT51.webp","contentUrl":"https:\/\/www.bergmanlabora.se\/wp-content\/uploads\/2022\/12\/QAT51.webp","width":600,"height":600,"caption":"QNESS 250 \/ Q750 \/ Q3000 A\/A+ EVO"},{"@type":"BreadcrumbList","@id":"https:\/\/www.bergmanlabora.se\/fi\/tuote\/qatm-qness-250-750-3000-a-a-evo\/#breadcrumb","itemListElement":[{"@type":"ListItem","position":1,"name":"Helma","item":"https:\/\/www.bergmanlabora.se\/fi\/maailman-johtavat-laboratoriolaitteet-biotieteille-ja-teollisuudelle\/"},{"@type":"ListItem","position":2,"name":"Webbutik","item":"https:\/\/www.bergmanlabora.se\/webbutik\/"},{"@type":"ListItem","position":3,"name":"QATM QNESS 250 \/ 750 \/ 3000 A\/A+ EVO"}]},{"@type":"WebSite","@id":"https:\/\/www.bergmanlabora.se\/fi\/#website","url":"https:\/\/www.bergmanlabora.se\/fi\/","name":"BergmanLabora","description":"En av Sveriges ledande leverant\u00f6rer till den svenska laboratoriemarknaden","potentialAction":[{"@type":"SearchAction","target":{"@type":"EntryPoint","urlTemplate":"https:\/\/www.bergmanlabora.se\/fi\/?s={search_term_string}"},"query-input":{"@type":"PropertyValueSpecification","valueRequired":true,"valueName":"search_term_string"}}],"inLanguage":"fi"}]}},"_links":{"self":[{"href":"https:\/\/www.bergmanlabora.se\/fi\/wp-json\/wp\/v2\/product\/4563","targetHints":{"allow":["GET"]}}],"collection":[{"href":"https:\/\/www.bergmanlabora.se\/fi\/wp-json\/wp\/v2\/product"}],"about":[{"href":"https:\/\/www.bergmanlabora.se\/fi\/wp-json\/wp\/v2\/types\/product"}],"wp:featuredmedia":[{"embeddable":true,"href":"https:\/\/www.bergmanlabora.se\/fi\/wp-json\/wp\/v2\/media\/4728"}],"wp:attachment":[{"href":"https:\/\/www.bergmanlabora.se\/fi\/wp-json\/wp\/v2\/media?parent=4563"}],"wp:term":[{"taxonomy":"product_brand","embeddable":true,"href":"https:\/\/www.bergmanlabora.se\/fi\/wp-json\/wp\/v2\/product_brand?post=4563"},{"taxonomy":"product_cat","embeddable":true,"href":"https:\/\/www.bergmanlabora.se\/fi\/wp-json\/wp\/v2\/product_cat?post=4563"},{"taxonomy":"product_tag","embeddable":true,"href":"https:\/\/www.bergmanlabora.se\/fi\/wp-json\/wp\/v2\/product_tag?post=4563"}],"curies":[{"name":"wp","href":"https:\/\/api.w.org\/{rel}","templated":true}]}}