{"id":4562,"date":"2022-12-16T11:53:21","date_gmt":"2022-12-16T10:53:21","guid":{"rendered":"https:\/\/www.stage.bergmanlabora.se\/?post_type=product&#038;p=4562"},"modified":"2023-06-19T17:56:15","modified_gmt":"2023-06-19T15:56:15","slug":"qatm-qness-250-750-ca-ca-evo","status":"publish","type":"product","link":"https:\/\/www.bergmanlabora.se\/fi\/tuote\/qatm-qness-250-750-ca-ca-evo\/","title":{"rendered":"QATM QNESS 250 \/ 750 CA \/ CA+ EVO"},"content":{"rendered":"<p>F\u00f6r helautomatiserade seriella och linj\u00e4ra h\u00e5rdhetsprov p\u00e5 delar av samma testh\u00f6jd. Olika konfigurationsm\u00f6jligheter som verktygsv\u00e4xlare med 8 l\u00e4gen lyfter termen \u201dkundspecifik\u201d till n\u00e4sta niv\u00e5<\/p>\n<p><strong>Produktf\u00f6rdelar<\/strong><\/p>\n<ul>\n<li>Karakt\u00e4ristisk \u201dC\u201d -formad maskinram<\/li>\n<li>Manuell h\u00f6jdjustering via spelfri rullager-spindel<\/li>\n<li>Full automatisering med h\u00f6gprecis XY-bild<\/li>\n<li>F\u00f6r applikationer med j\u00e4mn provh\u00f6jd<\/li>\n<li>Utm\u00e4rkt bildkvalitet<\/li>\n<li>Qpix Control2-programvara med intuitiva 3D-kontrollelement<\/li>\n<li>Endast variant CA +: Exempel p\u00e5 bildkamera med automatisk bildinsamling<\/li>\n<\/ul>\n","protected":false},"excerpt":{"rendered":"<p>CA- och CA + -versionerna av Qness 250\/750 EVO-h\u00e5rdhetsprovningsserien kombinerar det bepr\u00f6vade konceptet med en \u201dC\u201d -formad maskinram med exakta automatiseringselement.<\/p>\n","protected":false},"featured_media":4726,"template":"","meta":[],"product_brand":[],"product_cat":[125,136,128,133],"product_tag":[],"class_list":{"0":"post-4562","1":"product","2":"type-product","3":"status-publish","4":"has-post-thumbnail","6":"product_cat-hardhetsmatare","7":"product_cat-industri-materialanalys","8":"product_cat-makrohardhetstestare","9":"product_cat-qatm","11":"first","12":"instock","13":"shipping-taxable","14":"purchasable","15":"product-type-simple"},"yoast_head":"<!-- This site is optimized with the Yoast SEO plugin v27.2 - https:\/\/yoast.com\/product\/yoast-seo-wordpress\/ -->\n<title>QATM QNESS 250 \/ 750 CA \/ CA+ EVO - BergmanLabora<\/title>\n<meta name=\"robots\" content=\"index, follow, max-snippet:-1, max-image-preview:large, max-video-preview:-1\" \/>\n<link rel=\"canonical\" href=\"https:\/\/www.bergmanlabora.se\/fi\/tuote\/qatm-qness-250-750-ca-ca-evo\/\" \/>\n<meta property=\"og:locale\" content=\"fi_FI\" \/>\n<meta property=\"og:type\" content=\"article\" \/>\n<meta property=\"og:title\" content=\"QATM QNESS 250 \/ 750 CA \/ CA+ EVO - BergmanLabora\" \/>\n<meta property=\"og:description\" content=\"CA- och CA + -versionerna av Qness 250\/750 EVO-h\u00e5rdhetsprovningsserien kombinerar det bepr\u00f6vade konceptet med en \u201dC\u201d -formad maskinram med exakta automatiseringselement.\" \/>\n<meta property=\"og:url\" content=\"https:\/\/www.bergmanlabora.se\/fi\/tuote\/qatm-qness-250-750-ca-ca-evo\/\" \/>\n<meta property=\"og:site_name\" content=\"BergmanLabora\" \/>\n<meta property=\"article:publisher\" content=\"https:\/\/www.facebook.com\/bergmanlabora\/\" \/>\n<meta property=\"article:modified_time\" content=\"2023-06-19T15:56:15+00:00\" \/>\n<meta property=\"og:image\" content=\"https:\/\/www.bergmanlabora.se\/wp-content\/uploads\/2022\/12\/QAT50.webp\" \/>\n\t<meta property=\"og:image:width\" content=\"600\" \/>\n\t<meta property=\"og:image:height\" content=\"600\" \/>\n\t<meta property=\"og:image:type\" content=\"image\/webp\" \/>\n<meta name=\"twitter:card\" content=\"summary_large_image\" \/>\n<meta name=\"twitter:label1\" content=\"Arvioitu lukuaika\" \/>\n\t<meta name=\"twitter:data1\" content=\"1 minuutti\" \/>\n<script type=\"application\/ld+json\" class=\"yoast-schema-graph\">{\"@context\":\"https:\/\/schema.org\",\"@graph\":[{\"@type\":\"WebPage\",\"@id\":\"https:\/\/www.bergmanlabora.se\/fi\/tuote\/qatm-qness-250-750-ca-ca-evo\/\",\"url\":\"https:\/\/www.bergmanlabora.se\/fi\/tuote\/qatm-qness-250-750-ca-ca-evo\/\",\"name\":\"QATM QNESS 250 \/ 750 CA \/ CA+ EVO - BergmanLabora\",\"isPartOf\":{\"@id\":\"https:\/\/www.bergmanlabora.se\/fi\/#website\"},\"primaryImageOfPage\":{\"@id\":\"https:\/\/www.bergmanlabora.se\/fi\/tuote\/qatm-qness-250-750-ca-ca-evo\/#primaryimage\"},\"image\":{\"@id\":\"https:\/\/www.bergmanlabora.se\/fi\/tuote\/qatm-qness-250-750-ca-ca-evo\/#primaryimage\"},\"thumbnailUrl\":\"https:\/\/www.bergmanlabora.se\/wp-content\/uploads\/2022\/12\/QAT50.webp\",\"datePublished\":\"2022-12-16T10:53:21+00:00\",\"dateModified\":\"2023-06-19T15:56:15+00:00\",\"breadcrumb\":{\"@id\":\"https:\/\/www.bergmanlabora.se\/fi\/tuote\/qatm-qness-250-750-ca-ca-evo\/#breadcrumb\"},\"inLanguage\":\"fi\",\"potentialAction\":[{\"@type\":\"ReadAction\",\"target\":[\"https:\/\/www.bergmanlabora.se\/fi\/tuote\/qatm-qness-250-750-ca-ca-evo\/\"]}]},{\"@type\":\"ImageObject\",\"inLanguage\":\"fi\",\"@id\":\"https:\/\/www.bergmanlabora.se\/fi\/tuote\/qatm-qness-250-750-ca-ca-evo\/#primaryimage\",\"url\":\"https:\/\/www.bergmanlabora.se\/wp-content\/uploads\/2022\/12\/QAT50.webp\",\"contentUrl\":\"https:\/\/www.bergmanlabora.se\/wp-content\/uploads\/2022\/12\/QAT50.webp\",\"width\":600,\"height\":600,\"caption\":\"QNESS 250 \/ 750 CA\/CA+ EVO\"},{\"@type\":\"BreadcrumbList\",\"@id\":\"https:\/\/www.bergmanlabora.se\/fi\/tuote\/qatm-qness-250-750-ca-ca-evo\/#breadcrumb\",\"itemListElement\":[{\"@type\":\"ListItem\",\"position\":1,\"name\":\"Helma\",\"item\":\"https:\/\/www.bergmanlabora.se\/fi\/maailman-johtavat-laboratoriolaitteet-biotieteille-ja-teollisuudelle\/\"},{\"@type\":\"ListItem\",\"position\":2,\"name\":\"Webbutik\",\"item\":\"https:\/\/www.bergmanlabora.se\/webbutik\/\"},{\"@type\":\"ListItem\",\"position\":3,\"name\":\"QATM QNESS 250 \/ 750 CA \/ CA+ EVO\"}]},{\"@type\":\"WebSite\",\"@id\":\"https:\/\/www.bergmanlabora.se\/fi\/#website\",\"url\":\"https:\/\/www.bergmanlabora.se\/fi\/\",\"name\":\"BergmanLabora\",\"description\":\"En av Sveriges ledande leverant\u00f6rer till den svenska laboratoriemarknaden\",\"potentialAction\":[{\"@type\":\"SearchAction\",\"target\":{\"@type\":\"EntryPoint\",\"urlTemplate\":\"https:\/\/www.bergmanlabora.se\/fi\/?s={search_term_string}\"},\"query-input\":{\"@type\":\"PropertyValueSpecification\",\"valueRequired\":true,\"valueName\":\"search_term_string\"}}],\"inLanguage\":\"fi\"}]}<\/script>\n<!-- \/ Yoast SEO plugin. -->","yoast_head_json":{"title":"QATM QNESS 250 \/ 750 CA \/ CA+ EVO - BergmanLabora","robots":{"index":"index","follow":"follow","max-snippet":"max-snippet:-1","max-image-preview":"max-image-preview:large","max-video-preview":"max-video-preview:-1"},"canonical":"https:\/\/www.bergmanlabora.se\/fi\/tuote\/qatm-qness-250-750-ca-ca-evo\/","og_locale":"fi_FI","og_type":"article","og_title":"QATM QNESS 250 \/ 750 CA \/ CA+ EVO - BergmanLabora","og_description":"CA- och CA + -versionerna av Qness 250\/750 EVO-h\u00e5rdhetsprovningsserien kombinerar det bepr\u00f6vade konceptet med en \u201dC\u201d -formad maskinram med exakta automatiseringselement.","og_url":"https:\/\/www.bergmanlabora.se\/fi\/tuote\/qatm-qness-250-750-ca-ca-evo\/","og_site_name":"BergmanLabora","article_publisher":"https:\/\/www.facebook.com\/bergmanlabora\/","article_modified_time":"2023-06-19T15:56:15+00:00","og_image":[{"width":600,"height":600,"url":"https:\/\/www.bergmanlabora.se\/wp-content\/uploads\/2022\/12\/QAT50.webp","type":"image\/webp"}],"twitter_card":"summary_large_image","twitter_misc":{"Arvioitu lukuaika":"1 minuutti"},"schema":{"@context":"https:\/\/schema.org","@graph":[{"@type":"WebPage","@id":"https:\/\/www.bergmanlabora.se\/fi\/tuote\/qatm-qness-250-750-ca-ca-evo\/","url":"https:\/\/www.bergmanlabora.se\/fi\/tuote\/qatm-qness-250-750-ca-ca-evo\/","name":"QATM QNESS 250 \/ 750 CA \/ CA+ EVO - BergmanLabora","isPartOf":{"@id":"https:\/\/www.bergmanlabora.se\/fi\/#website"},"primaryImageOfPage":{"@id":"https:\/\/www.bergmanlabora.se\/fi\/tuote\/qatm-qness-250-750-ca-ca-evo\/#primaryimage"},"image":{"@id":"https:\/\/www.bergmanlabora.se\/fi\/tuote\/qatm-qness-250-750-ca-ca-evo\/#primaryimage"},"thumbnailUrl":"https:\/\/www.bergmanlabora.se\/wp-content\/uploads\/2022\/12\/QAT50.webp","datePublished":"2022-12-16T10:53:21+00:00","dateModified":"2023-06-19T15:56:15+00:00","breadcrumb":{"@id":"https:\/\/www.bergmanlabora.se\/fi\/tuote\/qatm-qness-250-750-ca-ca-evo\/#breadcrumb"},"inLanguage":"fi","potentialAction":[{"@type":"ReadAction","target":["https:\/\/www.bergmanlabora.se\/fi\/tuote\/qatm-qness-250-750-ca-ca-evo\/"]}]},{"@type":"ImageObject","inLanguage":"fi","@id":"https:\/\/www.bergmanlabora.se\/fi\/tuote\/qatm-qness-250-750-ca-ca-evo\/#primaryimage","url":"https:\/\/www.bergmanlabora.se\/wp-content\/uploads\/2022\/12\/QAT50.webp","contentUrl":"https:\/\/www.bergmanlabora.se\/wp-content\/uploads\/2022\/12\/QAT50.webp","width":600,"height":600,"caption":"QNESS 250 \/ 750 CA\/CA+ EVO"},{"@type":"BreadcrumbList","@id":"https:\/\/www.bergmanlabora.se\/fi\/tuote\/qatm-qness-250-750-ca-ca-evo\/#breadcrumb","itemListElement":[{"@type":"ListItem","position":1,"name":"Helma","item":"https:\/\/www.bergmanlabora.se\/fi\/maailman-johtavat-laboratoriolaitteet-biotieteille-ja-teollisuudelle\/"},{"@type":"ListItem","position":2,"name":"Webbutik","item":"https:\/\/www.bergmanlabora.se\/webbutik\/"},{"@type":"ListItem","position":3,"name":"QATM QNESS 250 \/ 750 CA \/ CA+ EVO"}]},{"@type":"WebSite","@id":"https:\/\/www.bergmanlabora.se\/fi\/#website","url":"https:\/\/www.bergmanlabora.se\/fi\/","name":"BergmanLabora","description":"En av Sveriges ledande leverant\u00f6rer till den svenska laboratoriemarknaden","potentialAction":[{"@type":"SearchAction","target":{"@type":"EntryPoint","urlTemplate":"https:\/\/www.bergmanlabora.se\/fi\/?s={search_term_string}"},"query-input":{"@type":"PropertyValueSpecification","valueRequired":true,"valueName":"search_term_string"}}],"inLanguage":"fi"}]}},"_links":{"self":[{"href":"https:\/\/www.bergmanlabora.se\/fi\/wp-json\/wp\/v2\/product\/4562","targetHints":{"allow":["GET"]}}],"collection":[{"href":"https:\/\/www.bergmanlabora.se\/fi\/wp-json\/wp\/v2\/product"}],"about":[{"href":"https:\/\/www.bergmanlabora.se\/fi\/wp-json\/wp\/v2\/types\/product"}],"wp:featuredmedia":[{"embeddable":true,"href":"https:\/\/www.bergmanlabora.se\/fi\/wp-json\/wp\/v2\/media\/4726"}],"wp:attachment":[{"href":"https:\/\/www.bergmanlabora.se\/fi\/wp-json\/wp\/v2\/media?parent=4562"}],"wp:term":[{"taxonomy":"product_brand","embeddable":true,"href":"https:\/\/www.bergmanlabora.se\/fi\/wp-json\/wp\/v2\/product_brand?post=4562"},{"taxonomy":"product_cat","embeddable":true,"href":"https:\/\/www.bergmanlabora.se\/fi\/wp-json\/wp\/v2\/product_cat?post=4562"},{"taxonomy":"product_tag","embeddable":true,"href":"https:\/\/www.bergmanlabora.se\/fi\/wp-json\/wp\/v2\/product_tag?post=4562"}],"curies":[{"name":"wp","href":"https:\/\/api.w.org\/{rel}","templated":true}]}}