{"id":4560,"date":"2022-12-16T11:53:20","date_gmt":"2022-12-16T10:53:20","guid":{"rendered":"https:\/\/www.stage.bergmanlabora.se\/?post_type=product&#038;p=4560"},"modified":"2023-06-19T17:56:15","modified_gmt":"2023-06-19T15:56:15","slug":"qatm-qness-250-750-3000-m-evo","status":"publish","type":"product","link":"https:\/\/www.bergmanlabora.se\/fi\/tuote\/qatm-qness-250-750-3000-m-evo\/","title":{"rendered":"QATM QNESS 250 \/ 750 \/ 3000 M EVO"},"content":{"rendered":"<p>Testhuvudet flyttas manuellt genom att vrida p\u00e5 handratten p\u00e5 maskinens framsida.<\/p>\n<p>Testhuvudets lager \u00e4r konstruerat f\u00f6r s\u00e4rskilt j\u00e4mn g\u00e5ng och till\u00e5ter drift med minimal anstr\u00e4ngning. Den maximala testh\u00f6jden \u00e4r 510 mm.<\/p>\n<ul>\n<li>SWIVEL-ACTIVE MASKINBORD<br \/>\nUnik anv\u00e4ndarv\u00e4nlighet f\u00f6r stora, obekv\u00e4mt formade formade och formade komponenter och arbetsstycken. Arbetsbordet, som tillval med M- och E-versionerna, kan lutas upp till 5\u00b0 \u2013 inklusive inbyggda grepp \u2013 ingen extra fastsp\u00e4nning av arbetsstycket beh\u00f6vs!<\/li>\n<li>F\u00d6RSTORAD TESTH\u00d6JD<br \/>\nOm testrummets h\u00f6jd p\u00e5 510 mm fortfarande inte r\u00e4cker till s\u00e4rskilt stora, skrymmande eller sv\u00e5rkl\u00e4mda f\u00f6rem\u00e5l, kan QATM p\u00e5 beg\u00e4ran tillhandah\u00e5lla en \u00e4nnu h\u00f6gre maskinram. Den robusta st\u00e5lramen kan tillverkas i kundanpassade dimensioner.<\/li>\n<li>VRIDANDE NERH\u00c5LLARE<br \/>\nInga l\u00e5nga verktygsv\u00e4xlingar f\u00f6r otillg\u00e4ngliga testpositioner. Nerh\u00e5llaren kan sv\u00e4ngas in och ut genom manuell eller motoriserad kontroll, efter behov. Dessutom kan sp\u00e4nnelementen enkelt \u00e4ndras och anpassas f\u00f6r att passa dina komponenter.<\/li>\n<li>UTM\u00c4RKT BILDKVALITET<br \/>\nAlla de nya enheterna delar ett universellt mikroskopsystem som t\u00e4cker alla n\u00f6dv\u00e4ndiga visuella intervall mellan 0,1 mm och 8 mm i maximal klarhet och kontrast. QATM-systemet garanterar j\u00e4mn belysning \u00f6ver hela bilden, oavsett f\u00f6rstoringsgrad, och utan m\u00f6rka kanter.<\/li>\n<li>MINSKADE CYKELTIDER<br \/>\nDen nya EVO-produktlinjen garanterar optimerade testparametrar, en snabbare Windows 10-dator, mycket kortare autofokustider, betydligt snabbare reglering av ljusstyrka och bildutv\u00e4rdering, vilket allt bidrar till mycket snabbare cykelavslutningstider i vardagliga h\u00e5rdhetstestning \u2013 med \u00e4nnu tystare driftljud.<\/li>\n<li>XLED BRINELL EVALUATION LENSES<br \/>\nXLED-belysningsmoduler revolutionerar analysen av Brinell-f\u00f6rdjupningar. S\u00e4rskilt mjuka Brinell-f\u00f6rdjupningar kan ge oprecisa m\u00e4tresultat. XLED-linser garanterar exakta och repeterbara m\u00e4tningar, oavsett materialtyp och h\u00e5rdhet, tack vare direkt och vidstr\u00e4ckt belysning.<\/li>\n<li>ETHERNET INDUSTRIKAMEROR<br \/>\nH\u00f6gkvalitativa CMOS 5-megapixelkameror med Ethernet-data\u00f6verf\u00f6ring definierar den nuvarande industriella standarden. Dessutom kan PC:n och h\u00e5rdhetsm\u00e4taren fj\u00e4rrinstalleras p\u00e5 stora avst\u00e5nd fr\u00e5n varandra. Detta \u00e4r idealiskt i tillverkningsmilj\u00f6er d\u00e4r styrinfrastrukturen \u00e4r installerad i externa kopplingssk\u00e5p.<\/li>\n<li>FRITT JUSTERBAR FUNKTIONSDISPLAY<br \/>\nDen 12-tums platta peksk\u00e4rmen kan h\u00f6jas, s\u00e4nkas och lutas smidigt via kulleder f\u00f6r ergonomiskt optimerad anv\u00e4ndning. Modern multi-touch-funktion f\u00f6r enkel zoomning och enkel menynavigering. En tydlig \u00f6versikt \u00f6ver alla de viktigaste funktionerna p\u00e5 en sk\u00e4rm garanterar anv\u00e4ndarv\u00e4nlighet och, viktigast av allt, s\u00e4kerst\u00e4ller att testresultaten \u00e4r tydligt prioriterade.<\/li>\n<li>DATAADMINISTRATION<br \/>\nM\u00e5nga statistiska funktioner: stapeldiagram, linjediagram, histogram<br \/>\nExportera testresultat som XML- eller CSV-fil<br \/>\nDetaljerad normerad information p\u00e5 varje indrag<br \/>\nTestrapport som Excel, Word, PDF eller direktutskrift<br \/>\nAutomatiska export- och raderingsfunktioner f\u00f6r seriell drift<\/li>\n<\/ul>\n<p><strong>PROGRAMVARA QPIX T2<\/strong><br \/>\nEnkel operation<br \/>\nHelautomatisk bildanalys via ringljus i ljus- eller m\u00f6rkf\u00e4ltsprocess<br \/>\nSnabb autofokus<br \/>\nManuell efterm\u00e4tning m\u00f6jlig<\/p>\n","protected":false},"excerpt":{"rendered":"<p>Det fasta komponentst\u00f6det och den extra stora testbordsytan i &#8221;M&#8221;-versionen till\u00e5ter h\u00e5rdhetstestning av \u00e4ven de st\u00f6rsta komponenterna.<\/p>\n","protected":false},"featured_media":4723,"template":"","meta":[],"product_brand":[],"product_cat":[125,136,128],"product_tag":[],"class_list":{"0":"post-4560","1":"product","2":"type-product","3":"status-publish","4":"has-post-thumbnail","6":"product_cat-hardhetsmatare","7":"product_cat-industri-materialanalys","8":"product_cat-makrohardhetstestare","10":"first","11":"instock","12":"shipping-taxable","13":"purchasable","14":"product-type-simple"},"yoast_head":"<!-- This site is optimized with the Yoast SEO plugin v27.2 - https:\/\/yoast.com\/product\/yoast-seo-wordpress\/ -->\n<title>QATM QNESS 250 \/ 750 \/ 3000 M EVO - BergmanLabora<\/title>\n<meta name=\"robots\" content=\"index, follow, max-snippet:-1, max-image-preview:large, max-video-preview:-1\" \/>\n<link rel=\"canonical\" href=\"https:\/\/www.bergmanlabora.se\/fi\/tuote\/qatm-qness-250-750-3000-m-evo\/\" \/>\n<meta property=\"og:locale\" content=\"fi_FI\" \/>\n<meta property=\"og:type\" content=\"article\" \/>\n<meta property=\"og:title\" content=\"QATM QNESS 250 \/ 750 \/ 3000 M EVO - BergmanLabora\" \/>\n<meta property=\"og:description\" content=\"Det fasta komponentst\u00f6det och den extra stora testbordsytan i &quot;M&quot;-versionen till\u00e5ter h\u00e5rdhetstestning av \u00e4ven de st\u00f6rsta komponenterna.\" \/>\n<meta property=\"og:url\" content=\"https:\/\/www.bergmanlabora.se\/fi\/tuote\/qatm-qness-250-750-3000-m-evo\/\" \/>\n<meta property=\"og:site_name\" content=\"BergmanLabora\" \/>\n<meta property=\"article:publisher\" content=\"https:\/\/www.facebook.com\/bergmanlabora\/\" \/>\n<meta property=\"article:modified_time\" content=\"2023-06-19T15:56:15+00:00\" \/>\n<meta property=\"og:image\" content=\"https:\/\/www.bergmanlabora.se\/wp-content\/uploads\/2022\/12\/QAT48.webp\" \/>\n\t<meta property=\"og:image:width\" content=\"600\" \/>\n\t<meta property=\"og:image:height\" content=\"600\" \/>\n\t<meta property=\"og:image:type\" content=\"image\/webp\" \/>\n<meta name=\"twitter:card\" content=\"summary_large_image\" \/>\n<meta name=\"twitter:label1\" content=\"Arvioitu lukuaika\" \/>\n\t<meta name=\"twitter:data1\" content=\"2 minuuttia\" \/>\n<script type=\"application\/ld+json\" class=\"yoast-schema-graph\">{\"@context\":\"https:\/\/schema.org\",\"@graph\":[{\"@type\":\"WebPage\",\"@id\":\"https:\/\/www.bergmanlabora.se\/fi\/tuote\/qatm-qness-250-750-3000-m-evo\/\",\"url\":\"https:\/\/www.bergmanlabora.se\/fi\/tuote\/qatm-qness-250-750-3000-m-evo\/\",\"name\":\"QATM QNESS 250 \/ 750 \/ 3000 M EVO - BergmanLabora\",\"isPartOf\":{\"@id\":\"https:\/\/www.bergmanlabora.se\/fi\/#website\"},\"primaryImageOfPage\":{\"@id\":\"https:\/\/www.bergmanlabora.se\/fi\/tuote\/qatm-qness-250-750-3000-m-evo\/#primaryimage\"},\"image\":{\"@id\":\"https:\/\/www.bergmanlabora.se\/fi\/tuote\/qatm-qness-250-750-3000-m-evo\/#primaryimage\"},\"thumbnailUrl\":\"https:\/\/www.bergmanlabora.se\/wp-content\/uploads\/2022\/12\/QAT48.webp\",\"datePublished\":\"2022-12-16T10:53:20+00:00\",\"dateModified\":\"2023-06-19T15:56:15+00:00\",\"breadcrumb\":{\"@id\":\"https:\/\/www.bergmanlabora.se\/fi\/tuote\/qatm-qness-250-750-3000-m-evo\/#breadcrumb\"},\"inLanguage\":\"fi\",\"potentialAction\":[{\"@type\":\"ReadAction\",\"target\":[\"https:\/\/www.bergmanlabora.se\/fi\/tuote\/qatm-qness-250-750-3000-m-evo\/\"]}]},{\"@type\":\"ImageObject\",\"inLanguage\":\"fi\",\"@id\":\"https:\/\/www.bergmanlabora.se\/fi\/tuote\/qatm-qness-250-750-3000-m-evo\/#primaryimage\",\"url\":\"https:\/\/www.bergmanlabora.se\/wp-content\/uploads\/2022\/12\/QAT48.webp\",\"contentUrl\":\"https:\/\/www.bergmanlabora.se\/wp-content\/uploads\/2022\/12\/QAT48.webp\",\"width\":600,\"height\":600,\"caption\":\"QATM QNESS 250 \/ 750 \/ 3000 M EVO\"},{\"@type\":\"BreadcrumbList\",\"@id\":\"https:\/\/www.bergmanlabora.se\/fi\/tuote\/qatm-qness-250-750-3000-m-evo\/#breadcrumb\",\"itemListElement\":[{\"@type\":\"ListItem\",\"position\":1,\"name\":\"Helma\",\"item\":\"https:\/\/www.bergmanlabora.se\/fi\/maailman-johtavat-laboratoriolaitteet-biotieteille-ja-teollisuudelle\/\"},{\"@type\":\"ListItem\",\"position\":2,\"name\":\"Webbutik\",\"item\":\"https:\/\/www.bergmanlabora.se\/webbutik\/\"},{\"@type\":\"ListItem\",\"position\":3,\"name\":\"QATM QNESS 250 \/ 750 \/ 3000 M EVO\"}]},{\"@type\":\"WebSite\",\"@id\":\"https:\/\/www.bergmanlabora.se\/fi\/#website\",\"url\":\"https:\/\/www.bergmanlabora.se\/fi\/\",\"name\":\"BergmanLabora\",\"description\":\"En av Sveriges ledande leverant\u00f6rer till den svenska laboratoriemarknaden\",\"potentialAction\":[{\"@type\":\"SearchAction\",\"target\":{\"@type\":\"EntryPoint\",\"urlTemplate\":\"https:\/\/www.bergmanlabora.se\/fi\/?s={search_term_string}\"},\"query-input\":{\"@type\":\"PropertyValueSpecification\",\"valueRequired\":true,\"valueName\":\"search_term_string\"}}],\"inLanguage\":\"fi\"}]}<\/script>\n<!-- \/ Yoast SEO plugin. -->","yoast_head_json":{"title":"QATM QNESS 250 \/ 750 \/ 3000 M EVO - BergmanLabora","robots":{"index":"index","follow":"follow","max-snippet":"max-snippet:-1","max-image-preview":"max-image-preview:large","max-video-preview":"max-video-preview:-1"},"canonical":"https:\/\/www.bergmanlabora.se\/fi\/tuote\/qatm-qness-250-750-3000-m-evo\/","og_locale":"fi_FI","og_type":"article","og_title":"QATM QNESS 250 \/ 750 \/ 3000 M EVO - BergmanLabora","og_description":"Det fasta komponentst\u00f6det och den extra stora testbordsytan i \"M\"-versionen till\u00e5ter h\u00e5rdhetstestning av \u00e4ven de st\u00f6rsta komponenterna.","og_url":"https:\/\/www.bergmanlabora.se\/fi\/tuote\/qatm-qness-250-750-3000-m-evo\/","og_site_name":"BergmanLabora","article_publisher":"https:\/\/www.facebook.com\/bergmanlabora\/","article_modified_time":"2023-06-19T15:56:15+00:00","og_image":[{"width":600,"height":600,"url":"https:\/\/www.bergmanlabora.se\/wp-content\/uploads\/2022\/12\/QAT48.webp","type":"image\/webp"}],"twitter_card":"summary_large_image","twitter_misc":{"Arvioitu lukuaika":"2 minuuttia"},"schema":{"@context":"https:\/\/schema.org","@graph":[{"@type":"WebPage","@id":"https:\/\/www.bergmanlabora.se\/fi\/tuote\/qatm-qness-250-750-3000-m-evo\/","url":"https:\/\/www.bergmanlabora.se\/fi\/tuote\/qatm-qness-250-750-3000-m-evo\/","name":"QATM QNESS 250 \/ 750 \/ 3000 M EVO - BergmanLabora","isPartOf":{"@id":"https:\/\/www.bergmanlabora.se\/fi\/#website"},"primaryImageOfPage":{"@id":"https:\/\/www.bergmanlabora.se\/fi\/tuote\/qatm-qness-250-750-3000-m-evo\/#primaryimage"},"image":{"@id":"https:\/\/www.bergmanlabora.se\/fi\/tuote\/qatm-qness-250-750-3000-m-evo\/#primaryimage"},"thumbnailUrl":"https:\/\/www.bergmanlabora.se\/wp-content\/uploads\/2022\/12\/QAT48.webp","datePublished":"2022-12-16T10:53:20+00:00","dateModified":"2023-06-19T15:56:15+00:00","breadcrumb":{"@id":"https:\/\/www.bergmanlabora.se\/fi\/tuote\/qatm-qness-250-750-3000-m-evo\/#breadcrumb"},"inLanguage":"fi","potentialAction":[{"@type":"ReadAction","target":["https:\/\/www.bergmanlabora.se\/fi\/tuote\/qatm-qness-250-750-3000-m-evo\/"]}]},{"@type":"ImageObject","inLanguage":"fi","@id":"https:\/\/www.bergmanlabora.se\/fi\/tuote\/qatm-qness-250-750-3000-m-evo\/#primaryimage","url":"https:\/\/www.bergmanlabora.se\/wp-content\/uploads\/2022\/12\/QAT48.webp","contentUrl":"https:\/\/www.bergmanlabora.se\/wp-content\/uploads\/2022\/12\/QAT48.webp","width":600,"height":600,"caption":"QATM QNESS 250 \/ 750 \/ 3000 M EVO"},{"@type":"BreadcrumbList","@id":"https:\/\/www.bergmanlabora.se\/fi\/tuote\/qatm-qness-250-750-3000-m-evo\/#breadcrumb","itemListElement":[{"@type":"ListItem","position":1,"name":"Helma","item":"https:\/\/www.bergmanlabora.se\/fi\/maailman-johtavat-laboratoriolaitteet-biotieteille-ja-teollisuudelle\/"},{"@type":"ListItem","position":2,"name":"Webbutik","item":"https:\/\/www.bergmanlabora.se\/webbutik\/"},{"@type":"ListItem","position":3,"name":"QATM QNESS 250 \/ 750 \/ 3000 M EVO"}]},{"@type":"WebSite","@id":"https:\/\/www.bergmanlabora.se\/fi\/#website","url":"https:\/\/www.bergmanlabora.se\/fi\/","name":"BergmanLabora","description":"En av Sveriges ledande leverant\u00f6rer till den svenska laboratoriemarknaden","potentialAction":[{"@type":"SearchAction","target":{"@type":"EntryPoint","urlTemplate":"https:\/\/www.bergmanlabora.se\/fi\/?s={search_term_string}"},"query-input":{"@type":"PropertyValueSpecification","valueRequired":true,"valueName":"search_term_string"}}],"inLanguage":"fi"}]}},"_links":{"self":[{"href":"https:\/\/www.bergmanlabora.se\/fi\/wp-json\/wp\/v2\/product\/4560","targetHints":{"allow":["GET"]}}],"collection":[{"href":"https:\/\/www.bergmanlabora.se\/fi\/wp-json\/wp\/v2\/product"}],"about":[{"href":"https:\/\/www.bergmanlabora.se\/fi\/wp-json\/wp\/v2\/types\/product"}],"wp:featuredmedia":[{"embeddable":true,"href":"https:\/\/www.bergmanlabora.se\/fi\/wp-json\/wp\/v2\/media\/4723"}],"wp:attachment":[{"href":"https:\/\/www.bergmanlabora.se\/fi\/wp-json\/wp\/v2\/media?parent=4560"}],"wp:term":[{"taxonomy":"product_brand","embeddable":true,"href":"https:\/\/www.bergmanlabora.se\/fi\/wp-json\/wp\/v2\/product_brand?post=4560"},{"taxonomy":"product_cat","embeddable":true,"href":"https:\/\/www.bergmanlabora.se\/fi\/wp-json\/wp\/v2\/product_cat?post=4560"},{"taxonomy":"product_tag","embeddable":true,"href":"https:\/\/www.bergmanlabora.se\/fi\/wp-json\/wp\/v2\/product_tag?post=4560"}],"curies":[{"name":"wp","href":"https:\/\/api.w.org\/{rel}","templated":true}]}}