{"id":4550,"date":"2022-12-16T11:53:16","date_gmt":"2022-12-16T10:53:16","guid":{"rendered":"https:\/\/www.stage.bergmanlabora.se\/?post_type=product&#038;p=4550"},"modified":"2023-06-19T17:55:00","modified_gmt":"2023-06-19T15:55:00","slug":"qatm-qetch-100-m","status":"publish","type":"product","link":"https:\/\/www.bergmanlabora.se\/fi\/tuote\/qatm-qetch-100-m\/","title":{"rendered":"QATM QETCH 100 M"},"content":{"rendered":"<p>Den enkla driften i samband med dess h\u00f6ga funktionalitet \u00e4r makal\u00f6s. Det epoxibelagda aluminiumh\u00f6ljet uppfyller h\u00f6gsta krav p\u00e5 funktionalitet, stabilitet och design. Alla k\u00e4nsliga delar \u00e4r v\u00e4l skyddade f\u00f6r transport och lokal drift. F\u00f6r maximal komfort \u00e4r den utrustad med handtag och b\u00e4rrem.<\/p>\n<p><strong>PRODUKTF\u00d6RDELAR<\/strong><\/p>\n<ul>\n<li>B\u00e4rbar enhet f\u00f6r elektrolytisk polering och etsning<\/li>\n<li>Helautomatisk programk\u00f6rning styrd av mikroprocessor<\/li>\n<li>Oberoende av str\u00f6mf\u00f6rs\u00f6rjning genom att anv\u00e4nda Li-Ion lagringsbatteri<\/li>\n<li>Handtag med integrerad polerenhet, Start\/Stopp funktion<\/li>\n<li>Handtag med flerf\u00e4rgad LED f\u00f6r att visa aktuellt driftl\u00e4ge<\/li>\n<li>Man\u00f6verpanel med tydlig LCD-display f\u00f6r alla viktiga drifttillst\u00e5nd<\/li>\n<li>Justerbar sp\u00e4nning och str\u00f6m, justerbar drifttid<\/li>\n<\/ul>\n","protected":false},"excerpt":{"rendered":"<p>Qetch 100 M \u00e4r en mobil batterilevererad elektrolytisk polermaskin och etsare. Genom sin kompakta och robusta konstruktion \u00e4r den idealisk f\u00f6r anv\u00e4ndning utanf\u00f6r labbet.<\/p>\n","protected":false},"featured_media":4717,"template":"","meta":[],"product_brand":[],"product_cat":[136,120,133,123],"product_tag":[],"class_list":{"0":"post-4550","1":"product","2":"type-product","3":"status-publish","4":"has-post-thumbnail","6":"product_cat-industri-materialanalys","7":"product_cat-metallografi","8":"product_cat-qatm","9":"product_cat-slipning-poleringsmaskiner","11":"first","12":"instock","13":"shipping-taxable","14":"purchasable","15":"product-type-simple"},"yoast_head":"<!-- This site is optimized with the Yoast SEO plugin v27.2 - https:\/\/yoast.com\/product\/yoast-seo-wordpress\/ -->\n<title>QATM QETCH 100 M - BergmanLabora<\/title>\n<meta name=\"robots\" content=\"index, follow, max-snippet:-1, max-image-preview:large, max-video-preview:-1\" \/>\n<link rel=\"canonical\" href=\"https:\/\/www.bergmanlabora.se\/fi\/tuote\/qatm-qetch-100-m\/\" \/>\n<meta property=\"og:locale\" content=\"fi_FI\" \/>\n<meta property=\"og:type\" content=\"article\" \/>\n<meta property=\"og:title\" content=\"QATM QETCH 100 M - BergmanLabora\" \/>\n<meta property=\"og:description\" content=\"Qetch 100 M \u00e4r en mobil batterilevererad elektrolytisk polermaskin och etsare. Genom sin kompakta och robusta konstruktion \u00e4r den idealisk f\u00f6r anv\u00e4ndning utanf\u00f6r labbet.\" \/>\n<meta property=\"og:url\" content=\"https:\/\/www.bergmanlabora.se\/fi\/tuote\/qatm-qetch-100-m\/\" \/>\n<meta property=\"og:site_name\" content=\"BergmanLabora\" \/>\n<meta property=\"article:publisher\" content=\"https:\/\/www.facebook.com\/bergmanlabora\/\" \/>\n<meta property=\"article:modified_time\" content=\"2023-06-19T15:55:00+00:00\" \/>\n<meta property=\"og:image\" content=\"https:\/\/www.bergmanlabora.se\/wp-content\/uploads\/2022\/12\/QATM-QETCH-100-M.webp\" \/>\n\t<meta property=\"og:image:width\" content=\"600\" \/>\n\t<meta property=\"og:image:height\" content=\"600\" \/>\n\t<meta property=\"og:image:type\" content=\"image\/webp\" \/>\n<meta name=\"twitter:card\" content=\"summary_large_image\" \/>\n<meta name=\"twitter:label1\" content=\"Arvioitu lukuaika\" \/>\n\t<meta name=\"twitter:data1\" content=\"1 minuutti\" \/>\n<script type=\"application\/ld+json\" class=\"yoast-schema-graph\">{\"@context\":\"https:\/\/schema.org\",\"@graph\":[{\"@type\":\"WebPage\",\"@id\":\"https:\/\/www.bergmanlabora.se\/fi\/tuote\/qatm-qetch-100-m\/\",\"url\":\"https:\/\/www.bergmanlabora.se\/fi\/tuote\/qatm-qetch-100-m\/\",\"name\":\"QATM QETCH 100 M - BergmanLabora\",\"isPartOf\":{\"@id\":\"https:\/\/www.bergmanlabora.se\/fi\/#website\"},\"primaryImageOfPage\":{\"@id\":\"https:\/\/www.bergmanlabora.se\/fi\/tuote\/qatm-qetch-100-m\/#primaryimage\"},\"image\":{\"@id\":\"https:\/\/www.bergmanlabora.se\/fi\/tuote\/qatm-qetch-100-m\/#primaryimage\"},\"thumbnailUrl\":\"https:\/\/www.bergmanlabora.se\/wp-content\/uploads\/2022\/12\/QATM-QETCH-100-M.webp\",\"datePublished\":\"2022-12-16T10:53:16+00:00\",\"dateModified\":\"2023-06-19T15:55:00+00:00\",\"breadcrumb\":{\"@id\":\"https:\/\/www.bergmanlabora.se\/fi\/tuote\/qatm-qetch-100-m\/#breadcrumb\"},\"inLanguage\":\"fi\",\"potentialAction\":[{\"@type\":\"ReadAction\",\"target\":[\"https:\/\/www.bergmanlabora.se\/fi\/tuote\/qatm-qetch-100-m\/\"]}]},{\"@type\":\"ImageObject\",\"inLanguage\":\"fi\",\"@id\":\"https:\/\/www.bergmanlabora.se\/fi\/tuote\/qatm-qetch-100-m\/#primaryimage\",\"url\":\"https:\/\/www.bergmanlabora.se\/wp-content\/uploads\/2022\/12\/QATM-QETCH-100-M.webp\",\"contentUrl\":\"https:\/\/www.bergmanlabora.se\/wp-content\/uploads\/2022\/12\/QATM-QETCH-100-M.webp\",\"width\":600,\"height\":600,\"caption\":\"QATM QETCH 100 M\"},{\"@type\":\"BreadcrumbList\",\"@id\":\"https:\/\/www.bergmanlabora.se\/fi\/tuote\/qatm-qetch-100-m\/#breadcrumb\",\"itemListElement\":[{\"@type\":\"ListItem\",\"position\":1,\"name\":\"Helma\",\"item\":\"https:\/\/www.bergmanlabora.se\/fi\/maailman-johtavat-laboratoriolaitteet-biotieteille-ja-teollisuudelle\/\"},{\"@type\":\"ListItem\",\"position\":2,\"name\":\"Webbutik\",\"item\":\"https:\/\/www.bergmanlabora.se\/webbutik\/\"},{\"@type\":\"ListItem\",\"position\":3,\"name\":\"QATM QETCH 100 M\"}]},{\"@type\":\"WebSite\",\"@id\":\"https:\/\/www.bergmanlabora.se\/fi\/#website\",\"url\":\"https:\/\/www.bergmanlabora.se\/fi\/\",\"name\":\"BergmanLabora\",\"description\":\"En av Sveriges ledande leverant\u00f6rer till den svenska laboratoriemarknaden\",\"potentialAction\":[{\"@type\":\"SearchAction\",\"target\":{\"@type\":\"EntryPoint\",\"urlTemplate\":\"https:\/\/www.bergmanlabora.se\/fi\/?s={search_term_string}\"},\"query-input\":{\"@type\":\"PropertyValueSpecification\",\"valueRequired\":true,\"valueName\":\"search_term_string\"}}],\"inLanguage\":\"fi\"}]}<\/script>\n<!-- \/ Yoast SEO plugin. -->","yoast_head_json":{"title":"QATM QETCH 100 M - BergmanLabora","robots":{"index":"index","follow":"follow","max-snippet":"max-snippet:-1","max-image-preview":"max-image-preview:large","max-video-preview":"max-video-preview:-1"},"canonical":"https:\/\/www.bergmanlabora.se\/fi\/tuote\/qatm-qetch-100-m\/","og_locale":"fi_FI","og_type":"article","og_title":"QATM QETCH 100 M - BergmanLabora","og_description":"Qetch 100 M \u00e4r en mobil batterilevererad elektrolytisk polermaskin och etsare. Genom sin kompakta och robusta konstruktion \u00e4r den idealisk f\u00f6r anv\u00e4ndning utanf\u00f6r labbet.","og_url":"https:\/\/www.bergmanlabora.se\/fi\/tuote\/qatm-qetch-100-m\/","og_site_name":"BergmanLabora","article_publisher":"https:\/\/www.facebook.com\/bergmanlabora\/","article_modified_time":"2023-06-19T15:55:00+00:00","og_image":[{"width":600,"height":600,"url":"https:\/\/www.bergmanlabora.se\/wp-content\/uploads\/2022\/12\/QATM-QETCH-100-M.webp","type":"image\/webp"}],"twitter_card":"summary_large_image","twitter_misc":{"Arvioitu lukuaika":"1 minuutti"},"schema":{"@context":"https:\/\/schema.org","@graph":[{"@type":"WebPage","@id":"https:\/\/www.bergmanlabora.se\/fi\/tuote\/qatm-qetch-100-m\/","url":"https:\/\/www.bergmanlabora.se\/fi\/tuote\/qatm-qetch-100-m\/","name":"QATM QETCH 100 M - BergmanLabora","isPartOf":{"@id":"https:\/\/www.bergmanlabora.se\/fi\/#website"},"primaryImageOfPage":{"@id":"https:\/\/www.bergmanlabora.se\/fi\/tuote\/qatm-qetch-100-m\/#primaryimage"},"image":{"@id":"https:\/\/www.bergmanlabora.se\/fi\/tuote\/qatm-qetch-100-m\/#primaryimage"},"thumbnailUrl":"https:\/\/www.bergmanlabora.se\/wp-content\/uploads\/2022\/12\/QATM-QETCH-100-M.webp","datePublished":"2022-12-16T10:53:16+00:00","dateModified":"2023-06-19T15:55:00+00:00","breadcrumb":{"@id":"https:\/\/www.bergmanlabora.se\/fi\/tuote\/qatm-qetch-100-m\/#breadcrumb"},"inLanguage":"fi","potentialAction":[{"@type":"ReadAction","target":["https:\/\/www.bergmanlabora.se\/fi\/tuote\/qatm-qetch-100-m\/"]}]},{"@type":"ImageObject","inLanguage":"fi","@id":"https:\/\/www.bergmanlabora.se\/fi\/tuote\/qatm-qetch-100-m\/#primaryimage","url":"https:\/\/www.bergmanlabora.se\/wp-content\/uploads\/2022\/12\/QATM-QETCH-100-M.webp","contentUrl":"https:\/\/www.bergmanlabora.se\/wp-content\/uploads\/2022\/12\/QATM-QETCH-100-M.webp","width":600,"height":600,"caption":"QATM QETCH 100 M"},{"@type":"BreadcrumbList","@id":"https:\/\/www.bergmanlabora.se\/fi\/tuote\/qatm-qetch-100-m\/#breadcrumb","itemListElement":[{"@type":"ListItem","position":1,"name":"Helma","item":"https:\/\/www.bergmanlabora.se\/fi\/maailman-johtavat-laboratoriolaitteet-biotieteille-ja-teollisuudelle\/"},{"@type":"ListItem","position":2,"name":"Webbutik","item":"https:\/\/www.bergmanlabora.se\/webbutik\/"},{"@type":"ListItem","position":3,"name":"QATM QETCH 100 M"}]},{"@type":"WebSite","@id":"https:\/\/www.bergmanlabora.se\/fi\/#website","url":"https:\/\/www.bergmanlabora.se\/fi\/","name":"BergmanLabora","description":"En av Sveriges ledande leverant\u00f6rer till den svenska laboratoriemarknaden","potentialAction":[{"@type":"SearchAction","target":{"@type":"EntryPoint","urlTemplate":"https:\/\/www.bergmanlabora.se\/fi\/?s={search_term_string}"},"query-input":{"@type":"PropertyValueSpecification","valueRequired":true,"valueName":"search_term_string"}}],"inLanguage":"fi"}]}},"_links":{"self":[{"href":"https:\/\/www.bergmanlabora.se\/fi\/wp-json\/wp\/v2\/product\/4550","targetHints":{"allow":["GET"]}}],"collection":[{"href":"https:\/\/www.bergmanlabora.se\/fi\/wp-json\/wp\/v2\/product"}],"about":[{"href":"https:\/\/www.bergmanlabora.se\/fi\/wp-json\/wp\/v2\/types\/product"}],"wp:featuredmedia":[{"embeddable":true,"href":"https:\/\/www.bergmanlabora.se\/fi\/wp-json\/wp\/v2\/media\/4717"}],"wp:attachment":[{"href":"https:\/\/www.bergmanlabora.se\/fi\/wp-json\/wp\/v2\/media?parent=4550"}],"wp:term":[{"taxonomy":"product_brand","embeddable":true,"href":"https:\/\/www.bergmanlabora.se\/fi\/wp-json\/wp\/v2\/product_brand?post=4550"},{"taxonomy":"product_cat","embeddable":true,"href":"https:\/\/www.bergmanlabora.se\/fi\/wp-json\/wp\/v2\/product_cat?post=4550"},{"taxonomy":"product_tag","embeddable":true,"href":"https:\/\/www.bergmanlabora.se\/fi\/wp-json\/wp\/v2\/product_tag?post=4550"}],"curies":[{"name":"wp","href":"https:\/\/api.w.org\/{rel}","templated":true}]}}