{"id":4546,"date":"2022-12-16T11:53:16","date_gmt":"2022-12-16T10:53:16","guid":{"rendered":"https:\/\/www.stage.bergmanlabora.se\/?post_type=product&#038;p=4546"},"modified":"2023-06-19T17:55:00","modified_gmt":"2023-06-19T15:55:00","slug":"qatm-saphir-550-rubin-520-1w","status":"publish","type":"product","link":"https:\/\/www.bergmanlabora.se\/fi\/tuote\/qatm-saphir-550-rubin-520-1w\/","title":{"rendered":"QATM SAPHIR 550 \/ RUBIN 520 1W"},"content":{"rendered":"<p>Huvudet RUBIN 520 \u00e4r utrustat med en automatisk skyddsk\u00e5pa och s\u00e4tter en ny standard f\u00f6r drifts\u00e4kerhet. Enkelt och centralt tryck, minnesfunktion, integrerat doseringssystem, materialm\u00e4tning \u00e4r bara n\u00e5gra av m\u00f6jligheterna.<\/p>\n<p>Motordriven h\u00f6jdinst\u00e4llning med pneumatisk kl\u00e4mning och alla egenskaper hos basenheten Saphir 350 uppfyller de h\u00f6gsta kraven. Demonteringsh\u00f6jden kan f\u00f6rbest\u00e4mas med 0,01 mm noggrannhet. M\u00e4tningen avl\u00e4gsnat material sker automatiskt. Efter att ha n\u00e5tt det f\u00f6rinst\u00e4llda v\u00e4rdet st\u00e4ngs maskinen av.<\/p>\n<p><strong>PRODUKTF\u00d6RDELAR<\/strong><\/p>\n<ul>\n<li>Enkel slipmaskin \/ polermaskin med Rubin 520<\/li>\n<li>Enkelt och centralt tryck<\/li>\n<li>Arbetshjulets och poleringshuvudets variabla hastighet<\/li>\n<li>Elektronisk kontroll med peksk\u00e4rm<\/li>\n<li>Programmerbart minne<\/li>\n<li>Poleringshuvud medurs \/ moturs rotation<\/li>\n<li>Minnesfunktion f\u00f6r sido- och h\u00f6jdjustering<\/li>\n<li>Automatisk frontk\u00e5pa f\u00f6r s\u00e4kerhet<\/li>\n<\/ul>\n","protected":false},"excerpt":{"rendered":"<p>B\u00c4LTSLIPMASKIN<br \/>\nSAPHIR 550 med RUBIN 520 \u00e4r en enkelslipmaskin och polermaskin av den senaste generationen med ett innovativt slip- och poleringshuvud f\u00f6r arbetshjul \u00d8 250-300 mm.<\/p>\n","protected":false},"featured_media":4713,"template":"","meta":[],"product_brand":[],"product_cat":[136,120,133,123],"product_tag":[],"class_list":{"0":"post-4546","1":"product","2":"type-product","3":"status-publish","4":"has-post-thumbnail","6":"product_cat-industri-materialanalys","7":"product_cat-metallografi","8":"product_cat-qatm","9":"product_cat-slipning-poleringsmaskiner","11":"first","12":"instock","13":"shipping-taxable","14":"purchasable","15":"product-type-simple"},"yoast_head":"<!-- This site is optimized with the Yoast SEO plugin v27.2 - https:\/\/yoast.com\/product\/yoast-seo-wordpress\/ -->\n<title>QATM SAPHIR 550 \/ RUBIN 520 1W - BergmanLabora<\/title>\n<meta name=\"robots\" content=\"index, follow, max-snippet:-1, max-image-preview:large, max-video-preview:-1\" \/>\n<link rel=\"canonical\" href=\"https:\/\/www.bergmanlabora.se\/fi\/tuote\/qatm-saphir-550-rubin-520-1w\/\" \/>\n<meta property=\"og:locale\" content=\"fi_FI\" \/>\n<meta property=\"og:type\" content=\"article\" \/>\n<meta property=\"og:title\" content=\"QATM SAPHIR 550 \/ RUBIN 520 1W - BergmanLabora\" \/>\n<meta property=\"og:description\" content=\"B\u00c4LTSLIPMASKIN SAPHIR 550 med RUBIN 520 \u00e4r en enkelslipmaskin och polermaskin av den senaste generationen med ett innovativt slip- och poleringshuvud f\u00f6r arbetshjul \u00d8 250-300 mm.\" \/>\n<meta property=\"og:url\" content=\"https:\/\/www.bergmanlabora.se\/fi\/tuote\/qatm-saphir-550-rubin-520-1w\/\" \/>\n<meta property=\"og:site_name\" content=\"BergmanLabora\" \/>\n<meta property=\"article:publisher\" content=\"https:\/\/www.facebook.com\/bergmanlabora\/\" \/>\n<meta property=\"article:modified_time\" content=\"2023-06-19T15:55:00+00:00\" \/>\n<meta property=\"og:image\" content=\"https:\/\/www.bergmanlabora.se\/wp-content\/uploads\/2022\/12\/1200x850px-vorlage-saphir-550-rubin-520-1-kopiera.webp\" \/>\n\t<meta property=\"og:image:width\" content=\"600\" \/>\n\t<meta property=\"og:image:height\" content=\"600\" \/>\n\t<meta property=\"og:image:type\" content=\"image\/webp\" \/>\n<meta name=\"twitter:card\" content=\"summary_large_image\" \/>\n<meta name=\"twitter:label1\" content=\"Arvioitu lukuaika\" \/>\n\t<meta name=\"twitter:data1\" content=\"1 minuutti\" \/>\n<script type=\"application\/ld+json\" class=\"yoast-schema-graph\">{\"@context\":\"https:\/\/schema.org\",\"@graph\":[{\"@type\":\"WebPage\",\"@id\":\"https:\/\/www.bergmanlabora.se\/fi\/tuote\/qatm-saphir-550-rubin-520-1w\/\",\"url\":\"https:\/\/www.bergmanlabora.se\/fi\/tuote\/qatm-saphir-550-rubin-520-1w\/\",\"name\":\"QATM SAPHIR 550 \/ RUBIN 520 1W - BergmanLabora\",\"isPartOf\":{\"@id\":\"https:\/\/www.bergmanlabora.se\/fi\/#website\"},\"primaryImageOfPage\":{\"@id\":\"https:\/\/www.bergmanlabora.se\/fi\/tuote\/qatm-saphir-550-rubin-520-1w\/#primaryimage\"},\"image\":{\"@id\":\"https:\/\/www.bergmanlabora.se\/fi\/tuote\/qatm-saphir-550-rubin-520-1w\/#primaryimage\"},\"thumbnailUrl\":\"https:\/\/www.bergmanlabora.se\/wp-content\/uploads\/2022\/12\/1200x850px-vorlage-saphir-550-rubin-520-1-kopiera.webp\",\"datePublished\":\"2022-12-16T10:53:16+00:00\",\"dateModified\":\"2023-06-19T15:55:00+00:00\",\"breadcrumb\":{\"@id\":\"https:\/\/www.bergmanlabora.se\/fi\/tuote\/qatm-saphir-550-rubin-520-1w\/#breadcrumb\"},\"inLanguage\":\"fi\",\"potentialAction\":[{\"@type\":\"ReadAction\",\"target\":[\"https:\/\/www.bergmanlabora.se\/fi\/tuote\/qatm-saphir-550-rubin-520-1w\/\"]}]},{\"@type\":\"ImageObject\",\"inLanguage\":\"fi\",\"@id\":\"https:\/\/www.bergmanlabora.se\/fi\/tuote\/qatm-saphir-550-rubin-520-1w\/#primaryimage\",\"url\":\"https:\/\/www.bergmanlabora.se\/wp-content\/uploads\/2022\/12\/1200x850px-vorlage-saphir-550-rubin-520-1-kopiera.webp\",\"contentUrl\":\"https:\/\/www.bergmanlabora.se\/wp-content\/uploads\/2022\/12\/1200x850px-vorlage-saphir-550-rubin-520-1-kopiera.webp\",\"width\":600,\"height\":600,\"caption\":\"QATM SAPHIR 550 \/ RUBIN 520 1W\"},{\"@type\":\"BreadcrumbList\",\"@id\":\"https:\/\/www.bergmanlabora.se\/fi\/tuote\/qatm-saphir-550-rubin-520-1w\/#breadcrumb\",\"itemListElement\":[{\"@type\":\"ListItem\",\"position\":1,\"name\":\"Helma\",\"item\":\"https:\/\/www.bergmanlabora.se\/fi\/maailman-johtavat-laboratoriolaitteet-biotieteille-ja-teollisuudelle\/\"},{\"@type\":\"ListItem\",\"position\":2,\"name\":\"Webbutik\",\"item\":\"https:\/\/www.bergmanlabora.se\/webbutik\/\"},{\"@type\":\"ListItem\",\"position\":3,\"name\":\"QATM SAPHIR 550 \/ RUBIN 520 1W\"}]},{\"@type\":\"WebSite\",\"@id\":\"https:\/\/www.bergmanlabora.se\/fi\/#website\",\"url\":\"https:\/\/www.bergmanlabora.se\/fi\/\",\"name\":\"BergmanLabora\",\"description\":\"En av Sveriges ledande leverant\u00f6rer till den svenska laboratoriemarknaden\",\"potentialAction\":[{\"@type\":\"SearchAction\",\"target\":{\"@type\":\"EntryPoint\",\"urlTemplate\":\"https:\/\/www.bergmanlabora.se\/fi\/?s={search_term_string}\"},\"query-input\":{\"@type\":\"PropertyValueSpecification\",\"valueRequired\":true,\"valueName\":\"search_term_string\"}}],\"inLanguage\":\"fi\"}]}<\/script>\n<!-- \/ Yoast SEO plugin. -->","yoast_head_json":{"title":"QATM SAPHIR 550 \/ RUBIN 520 1W - BergmanLabora","robots":{"index":"index","follow":"follow","max-snippet":"max-snippet:-1","max-image-preview":"max-image-preview:large","max-video-preview":"max-video-preview:-1"},"canonical":"https:\/\/www.bergmanlabora.se\/fi\/tuote\/qatm-saphir-550-rubin-520-1w\/","og_locale":"fi_FI","og_type":"article","og_title":"QATM SAPHIR 550 \/ RUBIN 520 1W - BergmanLabora","og_description":"B\u00c4LTSLIPMASKIN SAPHIR 550 med RUBIN 520 \u00e4r en enkelslipmaskin och polermaskin av den senaste generationen med ett innovativt slip- och poleringshuvud f\u00f6r arbetshjul \u00d8 250-300 mm.","og_url":"https:\/\/www.bergmanlabora.se\/fi\/tuote\/qatm-saphir-550-rubin-520-1w\/","og_site_name":"BergmanLabora","article_publisher":"https:\/\/www.facebook.com\/bergmanlabora\/","article_modified_time":"2023-06-19T15:55:00+00:00","og_image":[{"width":600,"height":600,"url":"https:\/\/www.bergmanlabora.se\/wp-content\/uploads\/2022\/12\/1200x850px-vorlage-saphir-550-rubin-520-1-kopiera.webp","type":"image\/webp"}],"twitter_card":"summary_large_image","twitter_misc":{"Arvioitu lukuaika":"1 minuutti"},"schema":{"@context":"https:\/\/schema.org","@graph":[{"@type":"WebPage","@id":"https:\/\/www.bergmanlabora.se\/fi\/tuote\/qatm-saphir-550-rubin-520-1w\/","url":"https:\/\/www.bergmanlabora.se\/fi\/tuote\/qatm-saphir-550-rubin-520-1w\/","name":"QATM SAPHIR 550 \/ RUBIN 520 1W - BergmanLabora","isPartOf":{"@id":"https:\/\/www.bergmanlabora.se\/fi\/#website"},"primaryImageOfPage":{"@id":"https:\/\/www.bergmanlabora.se\/fi\/tuote\/qatm-saphir-550-rubin-520-1w\/#primaryimage"},"image":{"@id":"https:\/\/www.bergmanlabora.se\/fi\/tuote\/qatm-saphir-550-rubin-520-1w\/#primaryimage"},"thumbnailUrl":"https:\/\/www.bergmanlabora.se\/wp-content\/uploads\/2022\/12\/1200x850px-vorlage-saphir-550-rubin-520-1-kopiera.webp","datePublished":"2022-12-16T10:53:16+00:00","dateModified":"2023-06-19T15:55:00+00:00","breadcrumb":{"@id":"https:\/\/www.bergmanlabora.se\/fi\/tuote\/qatm-saphir-550-rubin-520-1w\/#breadcrumb"},"inLanguage":"fi","potentialAction":[{"@type":"ReadAction","target":["https:\/\/www.bergmanlabora.se\/fi\/tuote\/qatm-saphir-550-rubin-520-1w\/"]}]},{"@type":"ImageObject","inLanguage":"fi","@id":"https:\/\/www.bergmanlabora.se\/fi\/tuote\/qatm-saphir-550-rubin-520-1w\/#primaryimage","url":"https:\/\/www.bergmanlabora.se\/wp-content\/uploads\/2022\/12\/1200x850px-vorlage-saphir-550-rubin-520-1-kopiera.webp","contentUrl":"https:\/\/www.bergmanlabora.se\/wp-content\/uploads\/2022\/12\/1200x850px-vorlage-saphir-550-rubin-520-1-kopiera.webp","width":600,"height":600,"caption":"QATM SAPHIR 550 \/ RUBIN 520 1W"},{"@type":"BreadcrumbList","@id":"https:\/\/www.bergmanlabora.se\/fi\/tuote\/qatm-saphir-550-rubin-520-1w\/#breadcrumb","itemListElement":[{"@type":"ListItem","position":1,"name":"Helma","item":"https:\/\/www.bergmanlabora.se\/fi\/maailman-johtavat-laboratoriolaitteet-biotieteille-ja-teollisuudelle\/"},{"@type":"ListItem","position":2,"name":"Webbutik","item":"https:\/\/www.bergmanlabora.se\/webbutik\/"},{"@type":"ListItem","position":3,"name":"QATM SAPHIR 550 \/ RUBIN 520 1W"}]},{"@type":"WebSite","@id":"https:\/\/www.bergmanlabora.se\/fi\/#website","url":"https:\/\/www.bergmanlabora.se\/fi\/","name":"BergmanLabora","description":"En av Sveriges ledande leverant\u00f6rer till den svenska laboratoriemarknaden","potentialAction":[{"@type":"SearchAction","target":{"@type":"EntryPoint","urlTemplate":"https:\/\/www.bergmanlabora.se\/fi\/?s={search_term_string}"},"query-input":{"@type":"PropertyValueSpecification","valueRequired":true,"valueName":"search_term_string"}}],"inLanguage":"fi"}]}},"_links":{"self":[{"href":"https:\/\/www.bergmanlabora.se\/fi\/wp-json\/wp\/v2\/product\/4546","targetHints":{"allow":["GET"]}}],"collection":[{"href":"https:\/\/www.bergmanlabora.se\/fi\/wp-json\/wp\/v2\/product"}],"about":[{"href":"https:\/\/www.bergmanlabora.se\/fi\/wp-json\/wp\/v2\/types\/product"}],"wp:featuredmedia":[{"embeddable":true,"href":"https:\/\/www.bergmanlabora.se\/fi\/wp-json\/wp\/v2\/media\/4713"}],"wp:attachment":[{"href":"https:\/\/www.bergmanlabora.se\/fi\/wp-json\/wp\/v2\/media?parent=4546"}],"wp:term":[{"taxonomy":"product_brand","embeddable":true,"href":"https:\/\/www.bergmanlabora.se\/fi\/wp-json\/wp\/v2\/product_brand?post=4546"},{"taxonomy":"product_cat","embeddable":true,"href":"https:\/\/www.bergmanlabora.se\/fi\/wp-json\/wp\/v2\/product_cat?post=4546"},{"taxonomy":"product_tag","embeddable":true,"href":"https:\/\/www.bergmanlabora.se\/fi\/wp-json\/wp\/v2\/product_tag?post=4546"}],"curies":[{"name":"wp","href":"https:\/\/api.w.org\/{rel}","templated":true}]}}