{"id":4545,"date":"2022-12-16T11:53:16","date_gmt":"2022-12-16T10:53:16","guid":{"rendered":"https:\/\/www.stage.bergmanlabora.se\/?post_type=product&#038;p=4545"},"modified":"2023-06-19T17:55:00","modified_gmt":"2023-06-19T15:55:00","slug":"qatm-qpol-vibro","status":"publish","type":"product","link":"https:\/\/www.bergmanlabora.se\/fi\/tuote\/qatm-qpol-vibro\/","title":{"rendered":"QATM QPOL VIBRO"},"content":{"rendered":"<p>P\u00e5 grund av den mycket skonsamma borttagningen av material \u00e4r den anv\u00e4ndbar speciellt f\u00f6r mjuka och sega material, som titan-aluminium, ren koppar och kopparlegeringar, aluminiumlegeringar, mjukt st\u00e5l och nickelbaserade legeringar.<br \/>\nMed en diameter p\u00e5 \u00d8=308 mm ger den stora sk\u00e5len tillr\u00e4ckligt med utrymme f\u00f6r polering av en komplett provh\u00e5llare, stora exemplar eller f\u00f6r samtidig polering av upp till 21 monterade exemplar. Sk\u00e5len \u00e4r utrustad med ett dubbelt magnetsystem. Det g\u00f6r det m\u00f6jligt att fixa, ta bort och reng\u00f6ra b\u00e5de sk\u00e5len eller putsduken mycket snabbt, utan n\u00e5gra verktyg eller andra f\u00e4sten. Polerdukar l\u00e4mpade f\u00f6r magnetiska system med en diameter p\u00e5 300 mm eller 305 mm (12\u201d) kan anv\u00e4ndas.<br \/>\nAnv\u00e4ndargr\u00e4nssnittet \u00e4r mycket intuitivt och erbjuder m\u00e5nga funktioner som st\u00f6djer operat\u00f6ren.<br \/>\nBeroende p\u00e5 massan av de insatta proverna v\u00e4ljer den automatiska frekvenskontrollen den optimala vibrationsfrekvensen i omr\u00e5det fr\u00e5n 60 till 120Hz. Manuell justering \u00e4r d\u00e4rf\u00f6r inte n\u00f6dv\u00e4ndig.<br \/>\nEftersom n\u00e4stan obest\u00e4md poleringstid kan v\u00e4ljas \u00e4r Qpol Vibro utrustad med QATM Surface-Guard. Det motarbetar kristallisation eller korrosion av den polerade ytan i fr\u00e5nvaro av operat\u00f6ren efter att ett f\u00f6rberedelserecept har avslutats.<br \/>\nF\u00f6rinstallerade beredningsmetoder och f\u00f6rbrukningsmaterial kan v\u00e4ljas f\u00f6r olika material<br \/>\nEn f\u00f6rinstallerad lista med f\u00f6rbrukningsvaror kan redigeras och ut\u00f6kas efter dina behov<br \/>\nUpp till 200 beredningsmetoder kan sparas<\/p>\n<p>F\u00f6r att uppn\u00e5 b\u00e4sta arbetsf\u00f6rh\u00e5llanden \u00e4r Qpol vibro utrustad med en utluftskontakt, som kan anslutas till ett externt utluftssystem. Baserat p\u00e5 den vibrationsabsorberande konstruktionen ger Qpol Vibro en l\u00e5g ljudniv\u00e5.<\/p>\n<p><strong>PRODUKTF\u00d6RDELAR<\/strong><\/p>\n<ul>\n<li>Snabbt utbytbar polersk\u00e5l med magnetsystem<\/li>\n<li>Surface-Guard: minskar kristallisation och korrosion av provytan<\/li>\n<li>Automatisk frekvensstyrning fr\u00e5n 60-120 Hz, t.ex. f\u00f6r massvariation<\/li>\n<li>Intuitivt anv\u00e4ndargr\u00e4nssnitt och peksk\u00e4rm<\/li>\n<li>F\u00f6rinstallerade beredningsmetoder och f\u00f6rbrukningsmateriallista<\/li>\n<li>L\u00e5gbrusdrift, n\u00e4stan obest\u00e4md poleringstid utan \u00f6vervakning<\/li>\n<li>Avgasanslutningsplugg (avgasanslutning f\u00f6r \u00f6kad anv\u00e4ndarv\u00e4nlighet och s\u00e4kerhet)<\/li>\n<li>Upp till 200 anpassade beredningsmetoder kan sparas<\/li>\n<\/ul>\n","protected":false},"excerpt":{"rendered":"<p>Den vibrerande poleranordningen Qpol Vibro \u00e4r designad f\u00f6r att f\u00f6rbereda provytor praktiskt taget utan deformation. Denna beredningsmetod \u00e4r speciellt l\u00e4mpad f\u00f6r EBSD (electron backscatter diffraction), nano intryckning med AFM (atomic force microscopy) eller mikroh\u00e5rdhetstestning.<\/p>\n","protected":false},"featured_media":4711,"template":"","meta":[],"product_brand":[],"product_cat":[136,120,133,123],"product_tag":[],"class_list":{"0":"post-4545","1":"product","2":"type-product","3":"status-publish","4":"has-post-thumbnail","6":"product_cat-industri-materialanalys","7":"product_cat-metallografi","8":"product_cat-qatm","9":"product_cat-slipning-poleringsmaskiner","11":"first","12":"instock","13":"shipping-taxable","14":"purchasable","15":"product-type-simple"},"yoast_head":"<!-- This site is optimized with the Yoast SEO plugin v27.2 - https:\/\/yoast.com\/product\/yoast-seo-wordpress\/ -->\n<title>QATM QPOL VIBRO - BergmanLabora<\/title>\n<meta name=\"robots\" content=\"index, follow, max-snippet:-1, max-image-preview:large, max-video-preview:-1\" \/>\n<link rel=\"canonical\" href=\"https:\/\/www.bergmanlabora.se\/fi\/tuote\/qatm-qpol-vibro\/\" \/>\n<meta property=\"og:locale\" content=\"fi_FI\" \/>\n<meta property=\"og:type\" content=\"article\" \/>\n<meta property=\"og:title\" content=\"QATM QPOL VIBRO - BergmanLabora\" \/>\n<meta property=\"og:description\" content=\"Den vibrerande poleranordningen Qpol Vibro \u00e4r designad f\u00f6r att f\u00f6rbereda provytor praktiskt taget utan deformation. Denna beredningsmetod \u00e4r speciellt l\u00e4mpad f\u00f6r EBSD (electron backscatter diffraction), nano intryckning med AFM (atomic force microscopy) eller mikroh\u00e5rdhetstestning.\" \/>\n<meta property=\"og:url\" content=\"https:\/\/www.bergmanlabora.se\/fi\/tuote\/qatm-qpol-vibro\/\" \/>\n<meta property=\"og:site_name\" content=\"BergmanLabora\" \/>\n<meta property=\"article:publisher\" content=\"https:\/\/www.facebook.com\/bergmanlabora\/\" \/>\n<meta property=\"article:modified_time\" content=\"2023-06-19T15:55:00+00:00\" \/>\n<meta property=\"og:image\" content=\"https:\/\/www.bergmanlabora.se\/wp-content\/uploads\/2022\/12\/QATM-QPOL-VIBRO.webp\" \/>\n\t<meta property=\"og:image:width\" content=\"600\" \/>\n\t<meta property=\"og:image:height\" content=\"600\" \/>\n\t<meta property=\"og:image:type\" content=\"image\/webp\" \/>\n<meta name=\"twitter:card\" content=\"summary_large_image\" \/>\n<meta name=\"twitter:label1\" content=\"Arvioitu lukuaika\" \/>\n\t<meta name=\"twitter:data1\" content=\"2 minuuttia\" \/>\n<script type=\"application\/ld+json\" class=\"yoast-schema-graph\">{\"@context\":\"https:\/\/schema.org\",\"@graph\":[{\"@type\":\"WebPage\",\"@id\":\"https:\/\/www.bergmanlabora.se\/fi\/tuote\/qatm-qpol-vibro\/\",\"url\":\"https:\/\/www.bergmanlabora.se\/fi\/tuote\/qatm-qpol-vibro\/\",\"name\":\"QATM QPOL VIBRO - BergmanLabora\",\"isPartOf\":{\"@id\":\"https:\/\/www.bergmanlabora.se\/fi\/#website\"},\"primaryImageOfPage\":{\"@id\":\"https:\/\/www.bergmanlabora.se\/fi\/tuote\/qatm-qpol-vibro\/#primaryimage\"},\"image\":{\"@id\":\"https:\/\/www.bergmanlabora.se\/fi\/tuote\/qatm-qpol-vibro\/#primaryimage\"},\"thumbnailUrl\":\"https:\/\/www.bergmanlabora.se\/wp-content\/uploads\/2022\/12\/QATM-QPOL-VIBRO.webp\",\"datePublished\":\"2022-12-16T10:53:16+00:00\",\"dateModified\":\"2023-06-19T15:55:00+00:00\",\"breadcrumb\":{\"@id\":\"https:\/\/www.bergmanlabora.se\/fi\/tuote\/qatm-qpol-vibro\/#breadcrumb\"},\"inLanguage\":\"fi\",\"potentialAction\":[{\"@type\":\"ReadAction\",\"target\":[\"https:\/\/www.bergmanlabora.se\/fi\/tuote\/qatm-qpol-vibro\/\"]}]},{\"@type\":\"ImageObject\",\"inLanguage\":\"fi\",\"@id\":\"https:\/\/www.bergmanlabora.se\/fi\/tuote\/qatm-qpol-vibro\/#primaryimage\",\"url\":\"https:\/\/www.bergmanlabora.se\/wp-content\/uploads\/2022\/12\/QATM-QPOL-VIBRO.webp\",\"contentUrl\":\"https:\/\/www.bergmanlabora.se\/wp-content\/uploads\/2022\/12\/QATM-QPOL-VIBRO.webp\",\"width\":600,\"height\":600,\"caption\":\"QATM QPOL VIBRO\"},{\"@type\":\"BreadcrumbList\",\"@id\":\"https:\/\/www.bergmanlabora.se\/fi\/tuote\/qatm-qpol-vibro\/#breadcrumb\",\"itemListElement\":[{\"@type\":\"ListItem\",\"position\":1,\"name\":\"Helma\",\"item\":\"https:\/\/www.bergmanlabora.se\/fi\/maailman-johtavat-laboratoriolaitteet-biotieteille-ja-teollisuudelle\/\"},{\"@type\":\"ListItem\",\"position\":2,\"name\":\"Webbutik\",\"item\":\"https:\/\/www.bergmanlabora.se\/webbutik\/\"},{\"@type\":\"ListItem\",\"position\":3,\"name\":\"QATM QPOL VIBRO\"}]},{\"@type\":\"WebSite\",\"@id\":\"https:\/\/www.bergmanlabora.se\/fi\/#website\",\"url\":\"https:\/\/www.bergmanlabora.se\/fi\/\",\"name\":\"BergmanLabora\",\"description\":\"En av Sveriges ledande leverant\u00f6rer till den svenska laboratoriemarknaden\",\"potentialAction\":[{\"@type\":\"SearchAction\",\"target\":{\"@type\":\"EntryPoint\",\"urlTemplate\":\"https:\/\/www.bergmanlabora.se\/fi\/?s={search_term_string}\"},\"query-input\":{\"@type\":\"PropertyValueSpecification\",\"valueRequired\":true,\"valueName\":\"search_term_string\"}}],\"inLanguage\":\"fi\"}]}<\/script>\n<!-- \/ Yoast SEO plugin. -->","yoast_head_json":{"title":"QATM QPOL VIBRO - BergmanLabora","robots":{"index":"index","follow":"follow","max-snippet":"max-snippet:-1","max-image-preview":"max-image-preview:large","max-video-preview":"max-video-preview:-1"},"canonical":"https:\/\/www.bergmanlabora.se\/fi\/tuote\/qatm-qpol-vibro\/","og_locale":"fi_FI","og_type":"article","og_title":"QATM QPOL VIBRO - BergmanLabora","og_description":"Den vibrerande poleranordningen Qpol Vibro \u00e4r designad f\u00f6r att f\u00f6rbereda provytor praktiskt taget utan deformation. Denna beredningsmetod \u00e4r speciellt l\u00e4mpad f\u00f6r EBSD (electron backscatter diffraction), nano intryckning med AFM (atomic force microscopy) eller mikroh\u00e5rdhetstestning.","og_url":"https:\/\/www.bergmanlabora.se\/fi\/tuote\/qatm-qpol-vibro\/","og_site_name":"BergmanLabora","article_publisher":"https:\/\/www.facebook.com\/bergmanlabora\/","article_modified_time":"2023-06-19T15:55:00+00:00","og_image":[{"width":600,"height":600,"url":"https:\/\/www.bergmanlabora.se\/wp-content\/uploads\/2022\/12\/QATM-QPOL-VIBRO.webp","type":"image\/webp"}],"twitter_card":"summary_large_image","twitter_misc":{"Arvioitu lukuaika":"2 minuuttia"},"schema":{"@context":"https:\/\/schema.org","@graph":[{"@type":"WebPage","@id":"https:\/\/www.bergmanlabora.se\/fi\/tuote\/qatm-qpol-vibro\/","url":"https:\/\/www.bergmanlabora.se\/fi\/tuote\/qatm-qpol-vibro\/","name":"QATM QPOL VIBRO - BergmanLabora","isPartOf":{"@id":"https:\/\/www.bergmanlabora.se\/fi\/#website"},"primaryImageOfPage":{"@id":"https:\/\/www.bergmanlabora.se\/fi\/tuote\/qatm-qpol-vibro\/#primaryimage"},"image":{"@id":"https:\/\/www.bergmanlabora.se\/fi\/tuote\/qatm-qpol-vibro\/#primaryimage"},"thumbnailUrl":"https:\/\/www.bergmanlabora.se\/wp-content\/uploads\/2022\/12\/QATM-QPOL-VIBRO.webp","datePublished":"2022-12-16T10:53:16+00:00","dateModified":"2023-06-19T15:55:00+00:00","breadcrumb":{"@id":"https:\/\/www.bergmanlabora.se\/fi\/tuote\/qatm-qpol-vibro\/#breadcrumb"},"inLanguage":"fi","potentialAction":[{"@type":"ReadAction","target":["https:\/\/www.bergmanlabora.se\/fi\/tuote\/qatm-qpol-vibro\/"]}]},{"@type":"ImageObject","inLanguage":"fi","@id":"https:\/\/www.bergmanlabora.se\/fi\/tuote\/qatm-qpol-vibro\/#primaryimage","url":"https:\/\/www.bergmanlabora.se\/wp-content\/uploads\/2022\/12\/QATM-QPOL-VIBRO.webp","contentUrl":"https:\/\/www.bergmanlabora.se\/wp-content\/uploads\/2022\/12\/QATM-QPOL-VIBRO.webp","width":600,"height":600,"caption":"QATM QPOL VIBRO"},{"@type":"BreadcrumbList","@id":"https:\/\/www.bergmanlabora.se\/fi\/tuote\/qatm-qpol-vibro\/#breadcrumb","itemListElement":[{"@type":"ListItem","position":1,"name":"Helma","item":"https:\/\/www.bergmanlabora.se\/fi\/maailman-johtavat-laboratoriolaitteet-biotieteille-ja-teollisuudelle\/"},{"@type":"ListItem","position":2,"name":"Webbutik","item":"https:\/\/www.bergmanlabora.se\/webbutik\/"},{"@type":"ListItem","position":3,"name":"QATM QPOL VIBRO"}]},{"@type":"WebSite","@id":"https:\/\/www.bergmanlabora.se\/fi\/#website","url":"https:\/\/www.bergmanlabora.se\/fi\/","name":"BergmanLabora","description":"En av Sveriges ledande leverant\u00f6rer till den svenska laboratoriemarknaden","potentialAction":[{"@type":"SearchAction","target":{"@type":"EntryPoint","urlTemplate":"https:\/\/www.bergmanlabora.se\/fi\/?s={search_term_string}"},"query-input":{"@type":"PropertyValueSpecification","valueRequired":true,"valueName":"search_term_string"}}],"inLanguage":"fi"}]}},"_links":{"self":[{"href":"https:\/\/www.bergmanlabora.se\/fi\/wp-json\/wp\/v2\/product\/4545","targetHints":{"allow":["GET"]}}],"collection":[{"href":"https:\/\/www.bergmanlabora.se\/fi\/wp-json\/wp\/v2\/product"}],"about":[{"href":"https:\/\/www.bergmanlabora.se\/fi\/wp-json\/wp\/v2\/types\/product"}],"wp:featuredmedia":[{"embeddable":true,"href":"https:\/\/www.bergmanlabora.se\/fi\/wp-json\/wp\/v2\/media\/4711"}],"wp:attachment":[{"href":"https:\/\/www.bergmanlabora.se\/fi\/wp-json\/wp\/v2\/media?parent=4545"}],"wp:term":[{"taxonomy":"product_brand","embeddable":true,"href":"https:\/\/www.bergmanlabora.se\/fi\/wp-json\/wp\/v2\/product_brand?post=4545"},{"taxonomy":"product_cat","embeddable":true,"href":"https:\/\/www.bergmanlabora.se\/fi\/wp-json\/wp\/v2\/product_cat?post=4545"},{"taxonomy":"product_tag","embeddable":true,"href":"https:\/\/www.bergmanlabora.se\/fi\/wp-json\/wp\/v2\/product_tag?post=4545"}],"curies":[{"name":"wp","href":"https:\/\/api.w.org\/{rel}","templated":true}]}}