{"id":4534,"date":"2022-12-16T11:53:14","date_gmt":"2022-12-16T10:53:14","guid":{"rendered":"https:\/\/www.stage.bergmanlabora.se\/?post_type=product&#038;p=4534"},"modified":"2023-06-19T17:55:02","modified_gmt":"2023-06-19T15:55:02","slug":"qatm-qgrind-xl","status":"publish","type":"product","link":"https:\/\/www.bergmanlabora.se\/fi\/tuote\/qatm-qgrind-xl\/","title":{"rendered":"QATM QGRIND XL"},"content":{"rendered":"<p>ForceControl-funktionen s\u00e4kerst\u00e4ller reproducerbara slipresultat med de integrerade elektroniska m\u00e4tsystemen. Genom att v\u00e4lja och kombinera olika slipl\u00e4gen uppn\u00e5s b\u00e5de maximal materialavl\u00e4gsningshastighet (grovbearbetning) och utm\u00e4rkta provytor (finbearbetning). Med mjukvarufunktionen SmartGrind kan malningsprocessen kontinuerligt \u00f6vervakas och g\u00f6ras s\u00e4rskilt effektiv genom helautomatisk best\u00e4mning av beredningsintervall. Integrationen av en reng\u00f6ringsstation och det intuitiva mjukvarugr\u00e4nssnittet s\u00e4tter nya standarder f\u00f6r bekv\u00e4mlighet och anv\u00e4ndarv\u00e4nlighet.<\/p>\n<p><strong>PRODUKTF\u00d6RDELAR<\/strong><\/p>\n<ul>\n<li>Robust design och kraftfull drivning f\u00f6r mycket snabba beredningsresultat - \u00e4ven f\u00f6r h\u00f6g produktionstakt<\/li>\n<li>Exakta och reproducerbara resultat tack vare elektroniskt kraftm\u00e4tningssystem och automatisk borttagningsm\u00e4tning<\/li>\n<li>Automatisk diamantputsning och valfri reng\u00f6ringsstation<\/li>\n<li>Intuitivt anv\u00e4ndargr\u00e4nssnitt<\/li>\n<\/ul>\n","protected":false},"excerpt":{"rendered":"<p>Den s\u00e4rskilt robusta och kraftfulla designen hos Qgrind XL planslipmaskin m\u00f6jligg\u00f6r maximal materialavl\u00e4gsning med h\u00f6g precision.<\/p>\n","protected":false},"featured_media":4697,"template":"","meta":[],"product_brand":[],"product_cat":[136,120,133,123],"product_tag":[],"class_list":{"0":"post-4534","1":"product","2":"type-product","3":"status-publish","4":"has-post-thumbnail","6":"product_cat-industri-materialanalys","7":"product_cat-metallografi","8":"product_cat-qatm","9":"product_cat-slipning-poleringsmaskiner","11":"first","12":"instock","13":"shipping-taxable","14":"purchasable","15":"product-type-simple"},"yoast_head":"<!-- This site is optimized with the Yoast SEO plugin v27.2 - https:\/\/yoast.com\/product\/yoast-seo-wordpress\/ -->\n<title>QATM QGRIND XL - BergmanLabora<\/title>\n<meta name=\"robots\" content=\"index, follow, max-snippet:-1, max-image-preview:large, max-video-preview:-1\" \/>\n<link rel=\"canonical\" href=\"https:\/\/www.bergmanlabora.se\/fi\/tuote\/qatm-qgrind-xl\/\" \/>\n<meta property=\"og:locale\" content=\"fi_FI\" \/>\n<meta property=\"og:type\" content=\"article\" \/>\n<meta property=\"og:title\" content=\"QATM QGRIND XL - BergmanLabora\" \/>\n<meta property=\"og:description\" content=\"Den s\u00e4rskilt robusta och kraftfulla designen hos Qgrind XL planslipmaskin m\u00f6jligg\u00f6r maximal materialavl\u00e4gsning med h\u00f6g precision.\" \/>\n<meta property=\"og:url\" content=\"https:\/\/www.bergmanlabora.se\/fi\/tuote\/qatm-qgrind-xl\/\" \/>\n<meta property=\"og:site_name\" content=\"BergmanLabora\" \/>\n<meta property=\"article:publisher\" content=\"https:\/\/www.facebook.com\/bergmanlabora\/\" \/>\n<meta property=\"article:modified_time\" content=\"2023-06-19T15:55:02+00:00\" \/>\n<meta property=\"og:image\" content=\"https:\/\/www.bergmanlabora.se\/wp-content\/uploads\/2022\/12\/QGRIND-XL.webp\" \/>\n\t<meta property=\"og:image:width\" content=\"600\" \/>\n\t<meta property=\"og:image:height\" content=\"600\" \/>\n\t<meta property=\"og:image:type\" content=\"image\/webp\" \/>\n<meta name=\"twitter:card\" content=\"summary_large_image\" \/>\n<meta name=\"twitter:label1\" content=\"Arvioitu lukuaika\" \/>\n\t<meta name=\"twitter:data1\" content=\"1 minuutti\" \/>\n<script type=\"application\/ld+json\" class=\"yoast-schema-graph\">{\"@context\":\"https:\/\/schema.org\",\"@graph\":[{\"@type\":\"WebPage\",\"@id\":\"https:\/\/www.bergmanlabora.se\/fi\/tuote\/qatm-qgrind-xl\/\",\"url\":\"https:\/\/www.bergmanlabora.se\/fi\/tuote\/qatm-qgrind-xl\/\",\"name\":\"QATM QGRIND XL - BergmanLabora\",\"isPartOf\":{\"@id\":\"https:\/\/www.bergmanlabora.se\/fi\/#website\"},\"primaryImageOfPage\":{\"@id\":\"https:\/\/www.bergmanlabora.se\/fi\/tuote\/qatm-qgrind-xl\/#primaryimage\"},\"image\":{\"@id\":\"https:\/\/www.bergmanlabora.se\/fi\/tuote\/qatm-qgrind-xl\/#primaryimage\"},\"thumbnailUrl\":\"https:\/\/www.bergmanlabora.se\/wp-content\/uploads\/2022\/12\/QGRIND-XL.webp\",\"datePublished\":\"2022-12-16T10:53:14+00:00\",\"dateModified\":\"2023-06-19T15:55:02+00:00\",\"breadcrumb\":{\"@id\":\"https:\/\/www.bergmanlabora.se\/fi\/tuote\/qatm-qgrind-xl\/#breadcrumb\"},\"inLanguage\":\"fi\",\"potentialAction\":[{\"@type\":\"ReadAction\",\"target\":[\"https:\/\/www.bergmanlabora.se\/fi\/tuote\/qatm-qgrind-xl\/\"]}]},{\"@type\":\"ImageObject\",\"inLanguage\":\"fi\",\"@id\":\"https:\/\/www.bergmanlabora.se\/fi\/tuote\/qatm-qgrind-xl\/#primaryimage\",\"url\":\"https:\/\/www.bergmanlabora.se\/wp-content\/uploads\/2022\/12\/QGRIND-XL.webp\",\"contentUrl\":\"https:\/\/www.bergmanlabora.se\/wp-content\/uploads\/2022\/12\/QGRIND-XL.webp\",\"width\":600,\"height\":600,\"caption\":\"QGRIND XL\"},{\"@type\":\"BreadcrumbList\",\"@id\":\"https:\/\/www.bergmanlabora.se\/fi\/tuote\/qatm-qgrind-xl\/#breadcrumb\",\"itemListElement\":[{\"@type\":\"ListItem\",\"position\":1,\"name\":\"Helma\",\"item\":\"https:\/\/www.bergmanlabora.se\/fi\/maailman-johtavat-laboratoriolaitteet-biotieteille-ja-teollisuudelle\/\"},{\"@type\":\"ListItem\",\"position\":2,\"name\":\"Webbutik\",\"item\":\"https:\/\/www.bergmanlabora.se\/webbutik\/\"},{\"@type\":\"ListItem\",\"position\":3,\"name\":\"QATM QGRIND XL\"}]},{\"@type\":\"WebSite\",\"@id\":\"https:\/\/www.bergmanlabora.se\/fi\/#website\",\"url\":\"https:\/\/www.bergmanlabora.se\/fi\/\",\"name\":\"BergmanLabora\",\"description\":\"En av Sveriges ledande leverant\u00f6rer till den svenska laboratoriemarknaden\",\"potentialAction\":[{\"@type\":\"SearchAction\",\"target\":{\"@type\":\"EntryPoint\",\"urlTemplate\":\"https:\/\/www.bergmanlabora.se\/fi\/?s={search_term_string}\"},\"query-input\":{\"@type\":\"PropertyValueSpecification\",\"valueRequired\":true,\"valueName\":\"search_term_string\"}}],\"inLanguage\":\"fi\"}]}<\/script>\n<!-- \/ Yoast SEO plugin. -->","yoast_head_json":{"title":"QATM QGRIND XL - BergmanLabora","robots":{"index":"index","follow":"follow","max-snippet":"max-snippet:-1","max-image-preview":"max-image-preview:large","max-video-preview":"max-video-preview:-1"},"canonical":"https:\/\/www.bergmanlabora.se\/fi\/tuote\/qatm-qgrind-xl\/","og_locale":"fi_FI","og_type":"article","og_title":"QATM QGRIND XL - BergmanLabora","og_description":"Den s\u00e4rskilt robusta och kraftfulla designen hos Qgrind XL planslipmaskin m\u00f6jligg\u00f6r maximal materialavl\u00e4gsning med h\u00f6g precision.","og_url":"https:\/\/www.bergmanlabora.se\/fi\/tuote\/qatm-qgrind-xl\/","og_site_name":"BergmanLabora","article_publisher":"https:\/\/www.facebook.com\/bergmanlabora\/","article_modified_time":"2023-06-19T15:55:02+00:00","og_image":[{"width":600,"height":600,"url":"https:\/\/www.bergmanlabora.se\/wp-content\/uploads\/2022\/12\/QGRIND-XL.webp","type":"image\/webp"}],"twitter_card":"summary_large_image","twitter_misc":{"Arvioitu lukuaika":"1 minuutti"},"schema":{"@context":"https:\/\/schema.org","@graph":[{"@type":"WebPage","@id":"https:\/\/www.bergmanlabora.se\/fi\/tuote\/qatm-qgrind-xl\/","url":"https:\/\/www.bergmanlabora.se\/fi\/tuote\/qatm-qgrind-xl\/","name":"QATM QGRIND XL - BergmanLabora","isPartOf":{"@id":"https:\/\/www.bergmanlabora.se\/fi\/#website"},"primaryImageOfPage":{"@id":"https:\/\/www.bergmanlabora.se\/fi\/tuote\/qatm-qgrind-xl\/#primaryimage"},"image":{"@id":"https:\/\/www.bergmanlabora.se\/fi\/tuote\/qatm-qgrind-xl\/#primaryimage"},"thumbnailUrl":"https:\/\/www.bergmanlabora.se\/wp-content\/uploads\/2022\/12\/QGRIND-XL.webp","datePublished":"2022-12-16T10:53:14+00:00","dateModified":"2023-06-19T15:55:02+00:00","breadcrumb":{"@id":"https:\/\/www.bergmanlabora.se\/fi\/tuote\/qatm-qgrind-xl\/#breadcrumb"},"inLanguage":"fi","potentialAction":[{"@type":"ReadAction","target":["https:\/\/www.bergmanlabora.se\/fi\/tuote\/qatm-qgrind-xl\/"]}]},{"@type":"ImageObject","inLanguage":"fi","@id":"https:\/\/www.bergmanlabora.se\/fi\/tuote\/qatm-qgrind-xl\/#primaryimage","url":"https:\/\/www.bergmanlabora.se\/wp-content\/uploads\/2022\/12\/QGRIND-XL.webp","contentUrl":"https:\/\/www.bergmanlabora.se\/wp-content\/uploads\/2022\/12\/QGRIND-XL.webp","width":600,"height":600,"caption":"QGRIND XL"},{"@type":"BreadcrumbList","@id":"https:\/\/www.bergmanlabora.se\/fi\/tuote\/qatm-qgrind-xl\/#breadcrumb","itemListElement":[{"@type":"ListItem","position":1,"name":"Helma","item":"https:\/\/www.bergmanlabora.se\/fi\/maailman-johtavat-laboratoriolaitteet-biotieteille-ja-teollisuudelle\/"},{"@type":"ListItem","position":2,"name":"Webbutik","item":"https:\/\/www.bergmanlabora.se\/webbutik\/"},{"@type":"ListItem","position":3,"name":"QATM QGRIND XL"}]},{"@type":"WebSite","@id":"https:\/\/www.bergmanlabora.se\/fi\/#website","url":"https:\/\/www.bergmanlabora.se\/fi\/","name":"BergmanLabora","description":"En av Sveriges ledande leverant\u00f6rer till den svenska laboratoriemarknaden","potentialAction":[{"@type":"SearchAction","target":{"@type":"EntryPoint","urlTemplate":"https:\/\/www.bergmanlabora.se\/fi\/?s={search_term_string}"},"query-input":{"@type":"PropertyValueSpecification","valueRequired":true,"valueName":"search_term_string"}}],"inLanguage":"fi"}]}},"_links":{"self":[{"href":"https:\/\/www.bergmanlabora.se\/fi\/wp-json\/wp\/v2\/product\/4534","targetHints":{"allow":["GET"]}}],"collection":[{"href":"https:\/\/www.bergmanlabora.se\/fi\/wp-json\/wp\/v2\/product"}],"about":[{"href":"https:\/\/www.bergmanlabora.se\/fi\/wp-json\/wp\/v2\/types\/product"}],"wp:featuredmedia":[{"embeddable":true,"href":"https:\/\/www.bergmanlabora.se\/fi\/wp-json\/wp\/v2\/media\/4697"}],"wp:attachment":[{"href":"https:\/\/www.bergmanlabora.se\/fi\/wp-json\/wp\/v2\/media?parent=4534"}],"wp:term":[{"taxonomy":"product_brand","embeddable":true,"href":"https:\/\/www.bergmanlabora.se\/fi\/wp-json\/wp\/v2\/product_brand?post=4534"},{"taxonomy":"product_cat","embeddable":true,"href":"https:\/\/www.bergmanlabora.se\/fi\/wp-json\/wp\/v2\/product_cat?post=4534"},{"taxonomy":"product_tag","embeddable":true,"href":"https:\/\/www.bergmanlabora.se\/fi\/wp-json\/wp\/v2\/product_tag?post=4534"}],"curies":[{"name":"wp","href":"https:\/\/api.w.org\/{rel}","templated":true}]}}