{"id":4527,"date":"2022-12-16T11:53:10","date_gmt":"2022-12-16T10:53:10","guid":{"rendered":"https:\/\/www.stage.bergmanlabora.se\/?post_type=product&#038;p=4527"},"modified":"2023-06-19T17:55:26","modified_gmt":"2023-06-19T15:55:26","slug":"qatm-brilliant-230","status":"publish","type":"product","link":"https:\/\/www.bergmanlabora.se\/fi\/tuote\/qatm-brilliant-230\/","title":{"rendered":"QATM Brilliant 230"},"content":{"rendered":"<p><strong>PRODUKTF\u00d6RDELAR<\/strong><\/p>\n<ul>\n<li>Exakt manuell vertikal r\u00f6relse<\/li>\n<li>Stor sk\u00e4rkammare<\/li>\n<li>\u00d6ppning p\u00e5 v\u00e4nster och h\u00f6ger sida f\u00f6r kontinuerliga l\u00e5nga material<\/li>\n<li>Stort bord, individuellt justerbart i x-riktning<\/li>\n<li>Skjutd\u00f6rr och sidod\u00f6rr f\u00f6r \u00f6verl\u00e4gsen tillg\u00e4nglighet<\/li>\n<li>Anv\u00e4ndarv\u00e4nlig<\/li>\n<li>S\u00e4kerhetsstandard med d\u00f6rrl\u00e5sningssystem<\/li>\n<li>Fl\u00e4ns med keramiskt skydd<\/li>\n<li>Enkel mutter<\/li>\n<li>Sk\u00e4rkammarbelysning med LED-flexljus<\/li>\n<li>Stort utbud av olika sp\u00e4nnverktyg och system tillg\u00e4ngliga<\/li>\n<li>Massiv aluminiumkonstruktion, pulverlackerad<\/li>\n<\/ul>\n","protected":false},"excerpt":{"rendered":"<p>B\u00c4NKPLACERAD KAPMASKIN<br \/>\nBRILLANT 230 \u00e4r en v\u00e5t slipmaskin med fin dynamisk, manuell hjulr\u00f6relse i prover upp till \u00d8 110 mm. Den rymliga sk\u00e4rkammaren m\u00f6jligg\u00f6r olika kl\u00e4mvariationer. Sk\u00e4rmaskinens solida aluminiumdesign har \u00f6ppningar p\u00e5 h\u00f6ger och v\u00e4nster sida f\u00f6r kapning av kontinuerliga l\u00e5nga delar.<\/p>\n","protected":false},"featured_media":4689,"template":"","meta":[],"product_brand":[],"product_cat":[136,121,120,133],"product_tag":[],"class_list":{"0":"post-4527","1":"product","2":"type-product","3":"status-publish","4":"has-post-thumbnail","6":"product_cat-industri-materialanalys","7":"product_cat-kapmaskiner","8":"product_cat-metallografi","9":"product_cat-qatm","11":"first","12":"instock","13":"shipping-taxable","14":"purchasable","15":"product-type-simple"},"yoast_head":"<!-- This site is optimized with the Yoast SEO plugin v27.2 - https:\/\/yoast.com\/product\/yoast-seo-wordpress\/ -->\n<title>QATM Brilliant 230 - BergmanLabora<\/title>\n<meta name=\"robots\" content=\"index, follow, max-snippet:-1, max-image-preview:large, max-video-preview:-1\" \/>\n<link rel=\"canonical\" href=\"https:\/\/www.bergmanlabora.se\/fi\/tuote\/qatm-brilliant-230\/\" \/>\n<meta property=\"og:locale\" content=\"fi_FI\" \/>\n<meta property=\"og:type\" content=\"article\" \/>\n<meta property=\"og:title\" content=\"QATM Brilliant 230 - BergmanLabora\" \/>\n<meta property=\"og:description\" content=\"B\u00c4NKPLACERAD KAPMASKIN BRILLANT 230 \u00e4r en v\u00e5t slipmaskin med fin dynamisk, manuell hjulr\u00f6relse i prover upp till \u00d8 110 mm. Den rymliga sk\u00e4rkammaren m\u00f6jligg\u00f6r olika kl\u00e4mvariationer. Sk\u00e4rmaskinens solida aluminiumdesign har \u00f6ppningar p\u00e5 h\u00f6ger och v\u00e4nster sida f\u00f6r kapning av kontinuerliga l\u00e5nga delar.\" \/>\n<meta property=\"og:url\" content=\"https:\/\/www.bergmanlabora.se\/fi\/tuote\/qatm-brilliant-230\/\" \/>\n<meta property=\"og:site_name\" content=\"BergmanLabora\" \/>\n<meta property=\"article:publisher\" content=\"https:\/\/www.facebook.com\/bergmanlabora\/\" \/>\n<meta property=\"article:modified_time\" content=\"2023-06-19T15:55:26+00:00\" \/>\n<meta property=\"og:image\" content=\"https:\/\/www.bergmanlabora.se\/wp-content\/uploads\/2022\/12\/brilliant-230.webp\" \/>\n\t<meta property=\"og:image:width\" content=\"600\" \/>\n\t<meta property=\"og:image:height\" content=\"600\" \/>\n\t<meta property=\"og:image:type\" content=\"image\/webp\" \/>\n<meta name=\"twitter:card\" content=\"summary_large_image\" \/>\n<meta name=\"twitter:label1\" content=\"Arvioitu lukuaika\" \/>\n\t<meta name=\"twitter:data1\" content=\"1 minuutti\" \/>\n<script type=\"application\/ld+json\" class=\"yoast-schema-graph\">{\"@context\":\"https:\/\/schema.org\",\"@graph\":[{\"@type\":\"WebPage\",\"@id\":\"https:\/\/www.bergmanlabora.se\/fi\/tuote\/qatm-brilliant-230\/\",\"url\":\"https:\/\/www.bergmanlabora.se\/fi\/tuote\/qatm-brilliant-230\/\",\"name\":\"QATM Brilliant 230 - BergmanLabora\",\"isPartOf\":{\"@id\":\"https:\/\/www.bergmanlabora.se\/fi\/#website\"},\"primaryImageOfPage\":{\"@id\":\"https:\/\/www.bergmanlabora.se\/fi\/tuote\/qatm-brilliant-230\/#primaryimage\"},\"image\":{\"@id\":\"https:\/\/www.bergmanlabora.se\/fi\/tuote\/qatm-brilliant-230\/#primaryimage\"},\"thumbnailUrl\":\"https:\/\/www.bergmanlabora.se\/wp-content\/uploads\/2022\/12\/brilliant-230.webp\",\"datePublished\":\"2022-12-16T10:53:10+00:00\",\"dateModified\":\"2023-06-19T15:55:26+00:00\",\"breadcrumb\":{\"@id\":\"https:\/\/www.bergmanlabora.se\/fi\/tuote\/qatm-brilliant-230\/#breadcrumb\"},\"inLanguage\":\"fi\",\"potentialAction\":[{\"@type\":\"ReadAction\",\"target\":[\"https:\/\/www.bergmanlabora.se\/fi\/tuote\/qatm-brilliant-230\/\"]}]},{\"@type\":\"ImageObject\",\"inLanguage\":\"fi\",\"@id\":\"https:\/\/www.bergmanlabora.se\/fi\/tuote\/qatm-brilliant-230\/#primaryimage\",\"url\":\"https:\/\/www.bergmanlabora.se\/wp-content\/uploads\/2022\/12\/brilliant-230.webp\",\"contentUrl\":\"https:\/\/www.bergmanlabora.se\/wp-content\/uploads\/2022\/12\/brilliant-230.webp\",\"width\":600,\"height\":600,\"caption\":\"brilliant 230\"},{\"@type\":\"BreadcrumbList\",\"@id\":\"https:\/\/www.bergmanlabora.se\/fi\/tuote\/qatm-brilliant-230\/#breadcrumb\",\"itemListElement\":[{\"@type\":\"ListItem\",\"position\":1,\"name\":\"Helma\",\"item\":\"https:\/\/www.bergmanlabora.se\/fi\/maailman-johtavat-laboratoriolaitteet-biotieteille-ja-teollisuudelle\/\"},{\"@type\":\"ListItem\",\"position\":2,\"name\":\"Webbutik\",\"item\":\"https:\/\/www.bergmanlabora.se\/webbutik\/\"},{\"@type\":\"ListItem\",\"position\":3,\"name\":\"QATM Brilliant 230\"}]},{\"@type\":\"WebSite\",\"@id\":\"https:\/\/www.bergmanlabora.se\/fi\/#website\",\"url\":\"https:\/\/www.bergmanlabora.se\/fi\/\",\"name\":\"BergmanLabora\",\"description\":\"En av Sveriges ledande leverant\u00f6rer till den svenska laboratoriemarknaden\",\"potentialAction\":[{\"@type\":\"SearchAction\",\"target\":{\"@type\":\"EntryPoint\",\"urlTemplate\":\"https:\/\/www.bergmanlabora.se\/fi\/?s={search_term_string}\"},\"query-input\":{\"@type\":\"PropertyValueSpecification\",\"valueRequired\":true,\"valueName\":\"search_term_string\"}}],\"inLanguage\":\"fi\"}]}<\/script>\n<!-- \/ Yoast SEO plugin. -->","yoast_head_json":{"title":"QATM Brilliant 230 - BergmanLabora","robots":{"index":"index","follow":"follow","max-snippet":"max-snippet:-1","max-image-preview":"max-image-preview:large","max-video-preview":"max-video-preview:-1"},"canonical":"https:\/\/www.bergmanlabora.se\/fi\/tuote\/qatm-brilliant-230\/","og_locale":"fi_FI","og_type":"article","og_title":"QATM Brilliant 230 - BergmanLabora","og_description":"B\u00c4NKPLACERAD KAPMASKIN BRILLANT 230 \u00e4r en v\u00e5t slipmaskin med fin dynamisk, manuell hjulr\u00f6relse i prover upp till \u00d8 110 mm. Den rymliga sk\u00e4rkammaren m\u00f6jligg\u00f6r olika kl\u00e4mvariationer. Sk\u00e4rmaskinens solida aluminiumdesign har \u00f6ppningar p\u00e5 h\u00f6ger och v\u00e4nster sida f\u00f6r kapning av kontinuerliga l\u00e5nga delar.","og_url":"https:\/\/www.bergmanlabora.se\/fi\/tuote\/qatm-brilliant-230\/","og_site_name":"BergmanLabora","article_publisher":"https:\/\/www.facebook.com\/bergmanlabora\/","article_modified_time":"2023-06-19T15:55:26+00:00","og_image":[{"width":600,"height":600,"url":"https:\/\/www.bergmanlabora.se\/wp-content\/uploads\/2022\/12\/brilliant-230.webp","type":"image\/webp"}],"twitter_card":"summary_large_image","twitter_misc":{"Arvioitu lukuaika":"1 minuutti"},"schema":{"@context":"https:\/\/schema.org","@graph":[{"@type":"WebPage","@id":"https:\/\/www.bergmanlabora.se\/fi\/tuote\/qatm-brilliant-230\/","url":"https:\/\/www.bergmanlabora.se\/fi\/tuote\/qatm-brilliant-230\/","name":"QATM Brilliant 230 - BergmanLabora","isPartOf":{"@id":"https:\/\/www.bergmanlabora.se\/fi\/#website"},"primaryImageOfPage":{"@id":"https:\/\/www.bergmanlabora.se\/fi\/tuote\/qatm-brilliant-230\/#primaryimage"},"image":{"@id":"https:\/\/www.bergmanlabora.se\/fi\/tuote\/qatm-brilliant-230\/#primaryimage"},"thumbnailUrl":"https:\/\/www.bergmanlabora.se\/wp-content\/uploads\/2022\/12\/brilliant-230.webp","datePublished":"2022-12-16T10:53:10+00:00","dateModified":"2023-06-19T15:55:26+00:00","breadcrumb":{"@id":"https:\/\/www.bergmanlabora.se\/fi\/tuote\/qatm-brilliant-230\/#breadcrumb"},"inLanguage":"fi","potentialAction":[{"@type":"ReadAction","target":["https:\/\/www.bergmanlabora.se\/fi\/tuote\/qatm-brilliant-230\/"]}]},{"@type":"ImageObject","inLanguage":"fi","@id":"https:\/\/www.bergmanlabora.se\/fi\/tuote\/qatm-brilliant-230\/#primaryimage","url":"https:\/\/www.bergmanlabora.se\/wp-content\/uploads\/2022\/12\/brilliant-230.webp","contentUrl":"https:\/\/www.bergmanlabora.se\/wp-content\/uploads\/2022\/12\/brilliant-230.webp","width":600,"height":600,"caption":"brilliant 230"},{"@type":"BreadcrumbList","@id":"https:\/\/www.bergmanlabora.se\/fi\/tuote\/qatm-brilliant-230\/#breadcrumb","itemListElement":[{"@type":"ListItem","position":1,"name":"Helma","item":"https:\/\/www.bergmanlabora.se\/fi\/maailman-johtavat-laboratoriolaitteet-biotieteille-ja-teollisuudelle\/"},{"@type":"ListItem","position":2,"name":"Webbutik","item":"https:\/\/www.bergmanlabora.se\/webbutik\/"},{"@type":"ListItem","position":3,"name":"QATM Brilliant 230"}]},{"@type":"WebSite","@id":"https:\/\/www.bergmanlabora.se\/fi\/#website","url":"https:\/\/www.bergmanlabora.se\/fi\/","name":"BergmanLabora","description":"En av Sveriges ledande leverant\u00f6rer till den svenska laboratoriemarknaden","potentialAction":[{"@type":"SearchAction","target":{"@type":"EntryPoint","urlTemplate":"https:\/\/www.bergmanlabora.se\/fi\/?s={search_term_string}"},"query-input":{"@type":"PropertyValueSpecification","valueRequired":true,"valueName":"search_term_string"}}],"inLanguage":"fi"}]}},"_links":{"self":[{"href":"https:\/\/www.bergmanlabora.se\/fi\/wp-json\/wp\/v2\/product\/4527","targetHints":{"allow":["GET"]}}],"collection":[{"href":"https:\/\/www.bergmanlabora.se\/fi\/wp-json\/wp\/v2\/product"}],"about":[{"href":"https:\/\/www.bergmanlabora.se\/fi\/wp-json\/wp\/v2\/types\/product"}],"wp:featuredmedia":[{"embeddable":true,"href":"https:\/\/www.bergmanlabora.se\/fi\/wp-json\/wp\/v2\/media\/4689"}],"wp:attachment":[{"href":"https:\/\/www.bergmanlabora.se\/fi\/wp-json\/wp\/v2\/media?parent=4527"}],"wp:term":[{"taxonomy":"product_brand","embeddable":true,"href":"https:\/\/www.bergmanlabora.se\/fi\/wp-json\/wp\/v2\/product_brand?post=4527"},{"taxonomy":"product_cat","embeddable":true,"href":"https:\/\/www.bergmanlabora.se\/fi\/wp-json\/wp\/v2\/product_cat?post=4527"},{"taxonomy":"product_tag","embeddable":true,"href":"https:\/\/www.bergmanlabora.se\/fi\/wp-json\/wp\/v2\/product_tag?post=4527"}],"curies":[{"name":"wp","href":"https:\/\/api.w.org\/{rel}","templated":true}]}}