{"id":4506,"date":"2022-12-16T11:53:05","date_gmt":"2022-12-16T10:53:05","guid":{"rendered":"https:\/\/www.stage.bergmanlabora.se\/?post_type=product&#038;p=4506"},"modified":"2023-10-13T12:35:44","modified_gmt":"2023-10-13T10:35:44","slug":"qatm-qpress-50","status":"publish","type":"product","link":"https:\/\/www.bergmanlabora.se\/fi\/tuote\/qatm-qpress-50\/","title":{"rendered":"QATM QPRESS 50"},"content":{"rendered":"<p>Basenheten i provprepareringsmaskinen inneh\u00e5ller kontrollgr\u00e4nssnitt och en formenhet.<\/p>\n<p><strong>Den finns i 2 versioner:<\/strong><\/p>\n<ul>\n<li>Opress 50-2: kan utrustas med ytterligare en provprepareringsstation (totalt upp till 2)<\/li>\n<li>Opress 50-4: kan utrustas med upp till tre extra provprepareringsstationer (totalt upp till 4)<\/li>\n<\/ul>\n<h3>Flexibel och snabb<\/h3>\n<p>Provprepareringsstationerna \u00e4r separerade fr\u00e5n basenheten och kan l\u00e4ggas till senare. S\u00e5ledes \u00e4r det m\u00f6jligt att generera prover med upp till 2 (Opress 50-2) respektive 4 (Opress 50-4) olika diametrar samtidigt i en enhet, vilket g\u00f6r metallografisk provberedning flexibel och snabb. Diametern p\u00e5 provprepareringsstationen - var och en med eller utan avfasning - kan v\u00e4ljas mellan 25,2 mm, 30 mm, 1\u00bc&#8221; (~32 mm), 1\u00bd&#8221; (~38 mm), 40 mm och 50 mm.<\/p>\n<h3>Dust Guard dammsugaren<\/h3>\n<p>Den integrerade dammsugaren Dust Guard skyddar operat\u00f6ren fr\u00e5n att andas in fint damm, som frig\u00f6rs n\u00e4r formen fylls med monteringsmaterial. Den externa dammsugaren styrs via basenhetens kontrollgr\u00e4nssnitt.<\/p>\n<h3>7&#8243; peksk\u00e4rm med f\u00f6rinstallerade och egna program<\/h3>\n<p>Den intuitiva mjukvaran styrs via en 7&#8243; peksk\u00e4rm och har f\u00f6rinstallerade monteringsmetoder och f\u00f6rbrukningsmaterial, plus m\u00f6jligheten att lagra mer \u00e4n 200 anv\u00e4ndardefinierade program f\u00f6r en rad metallografiska beredningsprocesser. Olika anv\u00e4ndarkonton med olika \u00e5tkomstr\u00e4ttigheter kan skapas f\u00f6r att st\u00e4lla in anv\u00e4ndarbegr\u00e4nsningar, definiera underh\u00e5llsuppgifter och justera monteringsparametrar. Operat\u00f6ren kan utrustas med olika \u00e5tkomstniv\u00e5er, t.ex. f\u00f6r att redigera parametrar och definiera anpassade underh\u00e5llsuppgifter samt kylningsl\u00e4gen vid behov. Administrat\u00f6rskontot av provprepareringsmaskinen kan l\u00e5sa parametrar individuellt f\u00f6r varje anv\u00e4ndare.<\/p>\n<h3>Energieffektiv temperaturkontroll och integrerad smutsf\u00e4lla<\/h3>\n<p>Qpress 50 \u00e4r designad f\u00f6r snabb montering. Den har en justerbar f\u00f6rv\u00e4rmningsfunktion, som avsev\u00e4rt f\u00f6rb\u00e4ttrar maskinens provkapacitet. Monteringscylinderns innovativa design garanterar en mycket exakt och energieffektiv temperaturkontroll under beredningsprocessen.<\/p>\n<p>Det bepr\u00f6vade enhandsf\u00f6rslutningssystemet har optimerats och transporterar \u00f6verfl\u00f6digt monteringsmaterial in i en integrerad smutsf\u00e4lla n\u00e4r formen \u00e4r st\u00e4ngd. Damm avl\u00e4gsnas genom sugmunstycket vid p\u00e5fyllning. Formens st\u00e4ngning kan h\u00f6jas f\u00f6r enkel reng\u00f6ring av den \u00f6vre kolven. Inga verktyg beh\u00f6vs f\u00f6r att ta bort f\u00f6rslutningsenheten. Sensorer s\u00e4kerst\u00e4ller att en monteringsprocess endast kan startas om formen har st\u00e4ngts ordentligt.<\/p>\n<h3>Minimal str\u00f6mf\u00f6rbrukning<\/h3>\n<p>Den moderna designen av det pulverlackerade st\u00e5lh\u00f6ljet, f\u00f6rutom anv\u00e4ndningen av h\u00f6gkvalitativa komponenter, g\u00f6r Qpress 50 till en robust enhet med ett litet fotavtryck. Minimal str\u00f6mf\u00f6rbrukning och m\u00e5nga konfigurationsalternativ s\u00e4kerst\u00e4ller imponerande effektivitet under metallografisk provberedning.<\/p>\n<h3>Produktf\u00f6rdelar<\/h3>\n<ul>\n<li>Modul\u00e4r varm provprepareringsmaskin<\/li>\n<li>Qpress 50-2: basenhet utbyggbar med 1 extra provprepareringsenhet<\/li>\n<li>Qpress 50-4: basenhet utbyggbar med upp till 3 extra provprepareringsenheter<\/li>\n<li>Snabb montering med l\u00e5g str\u00f6mf\u00f6rbrukning<\/li>\n<li>Bepr\u00f6vat enhandsst\u00e4ngningssystem med integrerad smutsf\u00e4lla och sugmunstycke<\/li>\n<li>Dust Guard: avl\u00e4gsnande av fint damm under fyllning av m\u00f6gel med ansluten dammsugare<\/li>\n<li>7&#8243; peksk\u00e4rm med innovativ kontrollmjukvara<\/li>\n<li>H\u00f6g flexibilitet tack vare f\u00f6rv\u00e4rmningsfunktion, kyll\u00e4gen, underh\u00e5llsuppgifter och funktioner f\u00f6r anv\u00e4ndarkontohantering<\/li>\n<\/ul>\n","protected":false},"excerpt":{"rendered":"<p>Provprepareringsmaskinen Qpress 50 \u00e4r en modul\u00e4r maskin som anv\u00e4nds inom metallografi f\u00f6r snabb, samtidig och oberoende montering av olika materialografiska prover.<\/p>\n","protected":false},"featured_media":4605,"template":"","meta":[],"product_brand":[],"product_cat":[136,122,120,133,18],"product_tag":[142],"class_list":{"0":"post-4506","1":"product","2":"type-product","3":"status-publish","4":"has-post-thumbnail","6":"product_cat-industri-materialanalys","7":"product_cat-ingjutningspressar","8":"product_cat-metallografi","9":"product_cat-qatm","10":"product_cat-varumarke","11":"product_tag-elmia","13":"first","14":"instock","15":"shipping-taxable","16":"purchasable","17":"product-type-simple"},"yoast_head":"<!-- This site is optimized with the Yoast SEO plugin v27.2 - https:\/\/yoast.com\/product\/yoast-seo-wordpress\/ -->\n<title>QATM QPRESS 50 - BergmanLabora<\/title>\n<meta name=\"robots\" content=\"index, follow, max-snippet:-1, max-image-preview:large, max-video-preview:-1\" \/>\n<link rel=\"canonical\" href=\"https:\/\/www.bergmanlabora.se\/fi\/tuote\/qatm-qpress-50\/\" \/>\n<meta property=\"og:locale\" content=\"fi_FI\" \/>\n<meta property=\"og:type\" content=\"article\" \/>\n<meta property=\"og:title\" content=\"QATM QPRESS 50 - BergmanLabora\" \/>\n<meta property=\"og:description\" content=\"Provprepareringsmaskinen Qpress 50 \u00e4r en modul\u00e4r maskin som anv\u00e4nds inom metallografi f\u00f6r snabb, samtidig och oberoende montering av olika materialografiska prover.\" \/>\n<meta property=\"og:url\" content=\"https:\/\/www.bergmanlabora.se\/fi\/tuote\/qatm-qpress-50\/\" \/>\n<meta property=\"og:site_name\" content=\"BergmanLabora\" \/>\n<meta property=\"article:publisher\" content=\"https:\/\/www.facebook.com\/bergmanlabora\/\" \/>\n<meta property=\"article:modified_time\" content=\"2023-10-13T10:35:44+00:00\" \/>\n<meta property=\"og:image\" content=\"https:\/\/www.bergmanlabora.se\/wp-content\/uploads\/2022\/12\/QATM-Qpress-50.webp\" \/>\n\t<meta property=\"og:image:width\" content=\"500\" \/>\n\t<meta property=\"og:image:height\" content=\"500\" \/>\n\t<meta property=\"og:image:type\" content=\"image\/webp\" \/>\n<meta name=\"twitter:card\" content=\"summary_large_image\" \/>\n<meta name=\"twitter:label1\" content=\"Arvioitu lukuaika\" \/>\n\t<meta name=\"twitter:data1\" content=\"3 minuuttia\" \/>\n<script type=\"application\/ld+json\" class=\"yoast-schema-graph\">{\"@context\":\"https:\/\/schema.org\",\"@graph\":[{\"@type\":\"WebPage\",\"@id\":\"https:\/\/www.bergmanlabora.se\/fi\/tuote\/qatm-qpress-50\/\",\"url\":\"https:\/\/www.bergmanlabora.se\/fi\/tuote\/qatm-qpress-50\/\",\"name\":\"QATM QPRESS 50 - BergmanLabora\",\"isPartOf\":{\"@id\":\"https:\/\/www.bergmanlabora.se\/fi\/#website\"},\"primaryImageOfPage\":{\"@id\":\"https:\/\/www.bergmanlabora.se\/fi\/tuote\/qatm-qpress-50\/#primaryimage\"},\"image\":{\"@id\":\"https:\/\/www.bergmanlabora.se\/fi\/tuote\/qatm-qpress-50\/#primaryimage\"},\"thumbnailUrl\":\"https:\/\/www.bergmanlabora.se\/wp-content\/uploads\/2022\/12\/QATM-Qpress-50.webp\",\"datePublished\":\"2022-12-16T10:53:05+00:00\",\"dateModified\":\"2023-10-13T10:35:44+00:00\",\"breadcrumb\":{\"@id\":\"https:\/\/www.bergmanlabora.se\/fi\/tuote\/qatm-qpress-50\/#breadcrumb\"},\"inLanguage\":\"fi\",\"potentialAction\":[{\"@type\":\"ReadAction\",\"target\":[\"https:\/\/www.bergmanlabora.se\/fi\/tuote\/qatm-qpress-50\/\"]}]},{\"@type\":\"ImageObject\",\"inLanguage\":\"fi\",\"@id\":\"https:\/\/www.bergmanlabora.se\/fi\/tuote\/qatm-qpress-50\/#primaryimage\",\"url\":\"https:\/\/www.bergmanlabora.se\/wp-content\/uploads\/2022\/12\/QATM-Qpress-50.webp\",\"contentUrl\":\"https:\/\/www.bergmanlabora.se\/wp-content\/uploads\/2022\/12\/QATM-Qpress-50.webp\",\"width\":500,\"height\":500,\"caption\":\"QATM Qpress 50 Metallografi Ingjutningspressar\"},{\"@type\":\"BreadcrumbList\",\"@id\":\"https:\/\/www.bergmanlabora.se\/fi\/tuote\/qatm-qpress-50\/#breadcrumb\",\"itemListElement\":[{\"@type\":\"ListItem\",\"position\":1,\"name\":\"Helma\",\"item\":\"https:\/\/www.bergmanlabora.se\/fi\/maailman-johtavat-laboratoriolaitteet-biotieteille-ja-teollisuudelle\/\"},{\"@type\":\"ListItem\",\"position\":2,\"name\":\"Webbutik\",\"item\":\"https:\/\/www.bergmanlabora.se\/webbutik\/\"},{\"@type\":\"ListItem\",\"position\":3,\"name\":\"QATM QPRESS 50\"}]},{\"@type\":\"WebSite\",\"@id\":\"https:\/\/www.bergmanlabora.se\/fi\/#website\",\"url\":\"https:\/\/www.bergmanlabora.se\/fi\/\",\"name\":\"BergmanLabora\",\"description\":\"En av Sveriges ledande leverant\u00f6rer till den svenska laboratoriemarknaden\",\"potentialAction\":[{\"@type\":\"SearchAction\",\"target\":{\"@type\":\"EntryPoint\",\"urlTemplate\":\"https:\/\/www.bergmanlabora.se\/fi\/?s={search_term_string}\"},\"query-input\":{\"@type\":\"PropertyValueSpecification\",\"valueRequired\":true,\"valueName\":\"search_term_string\"}}],\"inLanguage\":\"fi\"}]}<\/script>\n<!-- \/ Yoast SEO plugin. -->","yoast_head_json":{"title":"QATM QPRESS 50 - BergmanLabora","robots":{"index":"index","follow":"follow","max-snippet":"max-snippet:-1","max-image-preview":"max-image-preview:large","max-video-preview":"max-video-preview:-1"},"canonical":"https:\/\/www.bergmanlabora.se\/fi\/tuote\/qatm-qpress-50\/","og_locale":"fi_FI","og_type":"article","og_title":"QATM QPRESS 50 - BergmanLabora","og_description":"Provprepareringsmaskinen Qpress 50 \u00e4r en modul\u00e4r maskin som anv\u00e4nds inom metallografi f\u00f6r snabb, samtidig och oberoende montering av olika materialografiska prover.","og_url":"https:\/\/www.bergmanlabora.se\/fi\/tuote\/qatm-qpress-50\/","og_site_name":"BergmanLabora","article_publisher":"https:\/\/www.facebook.com\/bergmanlabora\/","article_modified_time":"2023-10-13T10:35:44+00:00","og_image":[{"width":500,"height":500,"url":"https:\/\/www.bergmanlabora.se\/wp-content\/uploads\/2022\/12\/QATM-Qpress-50.webp","type":"image\/webp"}],"twitter_card":"summary_large_image","twitter_misc":{"Arvioitu lukuaika":"3 minuuttia"},"schema":{"@context":"https:\/\/schema.org","@graph":[{"@type":"WebPage","@id":"https:\/\/www.bergmanlabora.se\/fi\/tuote\/qatm-qpress-50\/","url":"https:\/\/www.bergmanlabora.se\/fi\/tuote\/qatm-qpress-50\/","name":"QATM QPRESS 50 - BergmanLabora","isPartOf":{"@id":"https:\/\/www.bergmanlabora.se\/fi\/#website"},"primaryImageOfPage":{"@id":"https:\/\/www.bergmanlabora.se\/fi\/tuote\/qatm-qpress-50\/#primaryimage"},"image":{"@id":"https:\/\/www.bergmanlabora.se\/fi\/tuote\/qatm-qpress-50\/#primaryimage"},"thumbnailUrl":"https:\/\/www.bergmanlabora.se\/wp-content\/uploads\/2022\/12\/QATM-Qpress-50.webp","datePublished":"2022-12-16T10:53:05+00:00","dateModified":"2023-10-13T10:35:44+00:00","breadcrumb":{"@id":"https:\/\/www.bergmanlabora.se\/fi\/tuote\/qatm-qpress-50\/#breadcrumb"},"inLanguage":"fi","potentialAction":[{"@type":"ReadAction","target":["https:\/\/www.bergmanlabora.se\/fi\/tuote\/qatm-qpress-50\/"]}]},{"@type":"ImageObject","inLanguage":"fi","@id":"https:\/\/www.bergmanlabora.se\/fi\/tuote\/qatm-qpress-50\/#primaryimage","url":"https:\/\/www.bergmanlabora.se\/wp-content\/uploads\/2022\/12\/QATM-Qpress-50.webp","contentUrl":"https:\/\/www.bergmanlabora.se\/wp-content\/uploads\/2022\/12\/QATM-Qpress-50.webp","width":500,"height":500,"caption":"QATM Qpress 50 Metallografi Ingjutningspressar"},{"@type":"BreadcrumbList","@id":"https:\/\/www.bergmanlabora.se\/fi\/tuote\/qatm-qpress-50\/#breadcrumb","itemListElement":[{"@type":"ListItem","position":1,"name":"Helma","item":"https:\/\/www.bergmanlabora.se\/fi\/maailman-johtavat-laboratoriolaitteet-biotieteille-ja-teollisuudelle\/"},{"@type":"ListItem","position":2,"name":"Webbutik","item":"https:\/\/www.bergmanlabora.se\/webbutik\/"},{"@type":"ListItem","position":3,"name":"QATM QPRESS 50"}]},{"@type":"WebSite","@id":"https:\/\/www.bergmanlabora.se\/fi\/#website","url":"https:\/\/www.bergmanlabora.se\/fi\/","name":"BergmanLabora","description":"En av Sveriges ledande leverant\u00f6rer till den svenska laboratoriemarknaden","potentialAction":[{"@type":"SearchAction","target":{"@type":"EntryPoint","urlTemplate":"https:\/\/www.bergmanlabora.se\/fi\/?s={search_term_string}"},"query-input":{"@type":"PropertyValueSpecification","valueRequired":true,"valueName":"search_term_string"}}],"inLanguage":"fi"}]}},"_links":{"self":[{"href":"https:\/\/www.bergmanlabora.se\/fi\/wp-json\/wp\/v2\/product\/4506","targetHints":{"allow":["GET"]}}],"collection":[{"href":"https:\/\/www.bergmanlabora.se\/fi\/wp-json\/wp\/v2\/product"}],"about":[{"href":"https:\/\/www.bergmanlabora.se\/fi\/wp-json\/wp\/v2\/types\/product"}],"wp:featuredmedia":[{"embeddable":true,"href":"https:\/\/www.bergmanlabora.se\/fi\/wp-json\/wp\/v2\/media\/4605"}],"wp:attachment":[{"href":"https:\/\/www.bergmanlabora.se\/fi\/wp-json\/wp\/v2\/media?parent=4506"}],"wp:term":[{"taxonomy":"product_brand","embeddable":true,"href":"https:\/\/www.bergmanlabora.se\/fi\/wp-json\/wp\/v2\/product_brand?post=4506"},{"taxonomy":"product_cat","embeddable":true,"href":"https:\/\/www.bergmanlabora.se\/fi\/wp-json\/wp\/v2\/product_cat?post=4506"},{"taxonomy":"product_tag","embeddable":true,"href":"https:\/\/www.bergmanlabora.se\/fi\/wp-json\/wp\/v2\/product_tag?post=4506"}],"curies":[{"name":"wp","href":"https:\/\/api.w.org\/{rel}","templated":true}]}}