{"id":4505,"date":"2022-12-16T11:53:04","date_gmt":"2022-12-16T10:53:04","guid":{"rendered":"https:\/\/www.stage.bergmanlabora.se\/?post_type=product&#038;p=4505"},"modified":"2025-04-14T15:44:22","modified_gmt":"2025-04-14T13:44:22","slug":"qatm-qness-60-a-evo","status":"publish","type":"product","link":"https:\/\/www.bergmanlabora.se\/fi\/tuote\/qatm-qness-60-a-evo\/","title":{"rendered":"QATM QNESS 60 A+ EVO"},"content":{"rendered":"<p>QATM Qness 60 EVO-serien tar test av mikroh\u00e5rdhet till en helt ny niv\u00e5: avancerade laboratorieutrustning av den senaste generationen kombinerar det b\u00e4sta fr\u00e5n tv\u00e5 v\u00e4rldar \u2013 h\u00e5rdhetsprovning och mikroskopi utan kompromisser och med maximal driftskomfort. Det revolutionerande optiska systemet med f\u00e4rgkamera ger reproducerbara och tillf\u00f6rlitliga resultat varje g\u00e5ng.<\/p>\n<p>Den innovativa modellen \u201dA\u201d lovar perfekt automatisering och levereras med en h\u00f6gprecisions positioneringskontroll f\u00f6r alla tre axelsystem. Flexibla XYZ-framsteg f\u00f6r tusentals analyspunkter m\u00f6jligg\u00f6r exceptionellt h\u00f6g samlingsfl\u00f6de utan operat\u00f6rsinblandning.<\/p>\n<p>\u201dA +\u201d -modellen \u00e4r dessutom utrustad med en provkamera.<\/p>\n<p><strong>PRODUKTF\u00d6RDELAR<\/strong><\/p>\n<ul>\n<li>Brett testkraftsomr\u00e5de (0,25 g \u2013 62,5 kg)<\/li>\n<li>ASTM + DAkkS-certifierad Vickers testdiamant ing\u00e5r<\/li>\n<li>Dynamiskt testtorn med verktygsv\u00e4xlare med 8 l\u00e4gen<\/li>\n<li>Vit LED-lampa med motoriserad bl\u00e4ndar\u00f6ppning<\/li>\n<li>Qpix Control2-programvara med intuitiva 3D-kontrollelement<\/li>\n<li>Modulaktivering av INSPECT-mikroskopfunktioner<\/li>\n<li>Helautomatiserade, obemannade test- och analyscykler<\/li>\n<li>XYZ-axelkontroll med direkt optiskt v\u00e4gm\u00e4tningssystem (uppl\u00f6sning 0,5 \u00b5m)<\/li>\n<li>Endast variant A +: Exempel p\u00e5 bildkamera med automatisk bildinsamling (49 x 37 mm)<\/li>\n<\/ul>\n","protected":false},"excerpt":{"rendered":"<p>MIKROH\u00c5RDHETSPROVARE - Motoriserad XYZ<\/p>\n","protected":false},"featured_media":4580,"template":"","meta":[],"product_brand":[],"product_cat":[125,136,126,133,18],"product_tag":[],"class_list":{"0":"post-4505","1":"product","2":"type-product","3":"status-publish","4":"has-post-thumbnail","6":"product_cat-hardhetsmatare","7":"product_cat-industri-materialanalys","8":"product_cat-mikrohardhetstestare","9":"product_cat-qatm","10":"product_cat-varumarke","12":"first","13":"instock","14":"shipping-taxable","15":"purchasable","16":"product-type-simple"},"yoast_head":"<!-- This site is optimized with the Yoast SEO plugin v27.2 - https:\/\/yoast.com\/product\/yoast-seo-wordpress\/ -->\n<title>QATM QNESS 60 A+ EVO - BergmanLabora<\/title>\n<meta name=\"robots\" content=\"index, follow, max-snippet:-1, max-image-preview:large, max-video-preview:-1\" \/>\n<link rel=\"canonical\" href=\"https:\/\/www.bergmanlabora.se\/fi\/tuote\/qatm-qness-60-a-evo\/\" \/>\n<meta property=\"og:locale\" content=\"fi_FI\" \/>\n<meta property=\"og:type\" content=\"article\" \/>\n<meta property=\"og:title\" content=\"QATM QNESS 60 A+ EVO - BergmanLabora\" \/>\n<meta property=\"og:description\" content=\"MIKROH\u00c5RDHETSPROVARE - Motoriserad XYZ\" \/>\n<meta property=\"og:url\" content=\"https:\/\/www.bergmanlabora.se\/fi\/tuote\/qatm-qness-60-a-evo\/\" \/>\n<meta property=\"og:site_name\" content=\"BergmanLabora\" \/>\n<meta property=\"article:publisher\" content=\"https:\/\/www.facebook.com\/bergmanlabora\/\" \/>\n<meta property=\"article:modified_time\" content=\"2025-04-14T13:44:22+00:00\" \/>\n<meta property=\"og:image\" content=\"https:\/\/www.bergmanlabora.se\/wp-content\/uploads\/2022\/12\/Qness-60-A-plus-EVO-scaled-1.webp\" \/>\n\t<meta property=\"og:image:width\" content=\"800\" \/>\n\t<meta property=\"og:image:height\" content=\"800\" \/>\n\t<meta property=\"og:image:type\" content=\"image\/webp\" \/>\n<meta name=\"twitter:card\" content=\"summary_large_image\" \/>\n<meta name=\"twitter:label1\" content=\"Arvioitu lukuaika\" \/>\n\t<meta name=\"twitter:data1\" content=\"1 minuutti\" \/>\n<script type=\"application\/ld+json\" class=\"yoast-schema-graph\">{\"@context\":\"https:\/\/schema.org\",\"@graph\":[{\"@type\":\"WebPage\",\"@id\":\"https:\/\/www.bergmanlabora.se\/fi\/tuote\/qatm-qness-60-a-evo\/\",\"url\":\"https:\/\/www.bergmanlabora.se\/fi\/tuote\/qatm-qness-60-a-evo\/\",\"name\":\"QATM QNESS 60 A+ EVO - BergmanLabora\",\"isPartOf\":{\"@id\":\"https:\/\/www.bergmanlabora.se\/fi\/#website\"},\"primaryImageOfPage\":{\"@id\":\"https:\/\/www.bergmanlabora.se\/fi\/tuote\/qatm-qness-60-a-evo\/#primaryimage\"},\"image\":{\"@id\":\"https:\/\/www.bergmanlabora.se\/fi\/tuote\/qatm-qness-60-a-evo\/#primaryimage\"},\"thumbnailUrl\":\"https:\/\/www.bergmanlabora.se\/wp-content\/uploads\/2022\/12\/Qness-60-A-plus-EVO-scaled-1.webp\",\"datePublished\":\"2022-12-16T10:53:04+00:00\",\"dateModified\":\"2025-04-14T13:44:22+00:00\",\"breadcrumb\":{\"@id\":\"https:\/\/www.bergmanlabora.se\/fi\/tuote\/qatm-qness-60-a-evo\/#breadcrumb\"},\"inLanguage\":\"fi\",\"potentialAction\":[{\"@type\":\"ReadAction\",\"target\":[\"https:\/\/www.bergmanlabora.se\/fi\/tuote\/qatm-qness-60-a-evo\/\"]}]},{\"@type\":\"ImageObject\",\"inLanguage\":\"fi\",\"@id\":\"https:\/\/www.bergmanlabora.se\/fi\/tuote\/qatm-qness-60-a-evo\/#primaryimage\",\"url\":\"https:\/\/www.bergmanlabora.se\/wp-content\/uploads\/2022\/12\/Qness-60-A-plus-EVO-scaled-1.webp\",\"contentUrl\":\"https:\/\/www.bergmanlabora.se\/wp-content\/uploads\/2022\/12\/Qness-60-A-plus-EVO-scaled-1.webp\",\"width\":800,\"height\":800,\"caption\":\"QATM Qness 60 A plus EVO\"},{\"@type\":\"BreadcrumbList\",\"@id\":\"https:\/\/www.bergmanlabora.se\/fi\/tuote\/qatm-qness-60-a-evo\/#breadcrumb\",\"itemListElement\":[{\"@type\":\"ListItem\",\"position\":1,\"name\":\"Helma\",\"item\":\"https:\/\/www.bergmanlabora.se\/fi\/maailman-johtavat-laboratoriolaitteet-biotieteille-ja-teollisuudelle\/\"},{\"@type\":\"ListItem\",\"position\":2,\"name\":\"Webbutik\",\"item\":\"https:\/\/www.bergmanlabora.se\/webbutik\/\"},{\"@type\":\"ListItem\",\"position\":3,\"name\":\"QATM QNESS 60 A+ EVO\"}]},{\"@type\":\"WebSite\",\"@id\":\"https:\/\/www.bergmanlabora.se\/fi\/#website\",\"url\":\"https:\/\/www.bergmanlabora.se\/fi\/\",\"name\":\"BergmanLabora\",\"description\":\"En av Sveriges ledande leverant\u00f6rer till den svenska laboratoriemarknaden\",\"potentialAction\":[{\"@type\":\"SearchAction\",\"target\":{\"@type\":\"EntryPoint\",\"urlTemplate\":\"https:\/\/www.bergmanlabora.se\/fi\/?s={search_term_string}\"},\"query-input\":{\"@type\":\"PropertyValueSpecification\",\"valueRequired\":true,\"valueName\":\"search_term_string\"}}],\"inLanguage\":\"fi\"}]}<\/script>\n<!-- \/ Yoast SEO plugin. -->","yoast_head_json":{"title":"QATM QNESS 60 A+ EVO - BergmanLabora","robots":{"index":"index","follow":"follow","max-snippet":"max-snippet:-1","max-image-preview":"max-image-preview:large","max-video-preview":"max-video-preview:-1"},"canonical":"https:\/\/www.bergmanlabora.se\/fi\/tuote\/qatm-qness-60-a-evo\/","og_locale":"fi_FI","og_type":"article","og_title":"QATM QNESS 60 A+ EVO - BergmanLabora","og_description":"MIKROH\u00c5RDHETSPROVARE - Motoriserad XYZ","og_url":"https:\/\/www.bergmanlabora.se\/fi\/tuote\/qatm-qness-60-a-evo\/","og_site_name":"BergmanLabora","article_publisher":"https:\/\/www.facebook.com\/bergmanlabora\/","article_modified_time":"2025-04-14T13:44:22+00:00","og_image":[{"width":800,"height":800,"url":"https:\/\/www.bergmanlabora.se\/wp-content\/uploads\/2022\/12\/Qness-60-A-plus-EVO-scaled-1.webp","type":"image\/webp"}],"twitter_card":"summary_large_image","twitter_misc":{"Arvioitu lukuaika":"1 minuutti"},"schema":{"@context":"https:\/\/schema.org","@graph":[{"@type":"WebPage","@id":"https:\/\/www.bergmanlabora.se\/fi\/tuote\/qatm-qness-60-a-evo\/","url":"https:\/\/www.bergmanlabora.se\/fi\/tuote\/qatm-qness-60-a-evo\/","name":"QATM QNESS 60 A+ EVO - BergmanLabora","isPartOf":{"@id":"https:\/\/www.bergmanlabora.se\/fi\/#website"},"primaryImageOfPage":{"@id":"https:\/\/www.bergmanlabora.se\/fi\/tuote\/qatm-qness-60-a-evo\/#primaryimage"},"image":{"@id":"https:\/\/www.bergmanlabora.se\/fi\/tuote\/qatm-qness-60-a-evo\/#primaryimage"},"thumbnailUrl":"https:\/\/www.bergmanlabora.se\/wp-content\/uploads\/2022\/12\/Qness-60-A-plus-EVO-scaled-1.webp","datePublished":"2022-12-16T10:53:04+00:00","dateModified":"2025-04-14T13:44:22+00:00","breadcrumb":{"@id":"https:\/\/www.bergmanlabora.se\/fi\/tuote\/qatm-qness-60-a-evo\/#breadcrumb"},"inLanguage":"fi","potentialAction":[{"@type":"ReadAction","target":["https:\/\/www.bergmanlabora.se\/fi\/tuote\/qatm-qness-60-a-evo\/"]}]},{"@type":"ImageObject","inLanguage":"fi","@id":"https:\/\/www.bergmanlabora.se\/fi\/tuote\/qatm-qness-60-a-evo\/#primaryimage","url":"https:\/\/www.bergmanlabora.se\/wp-content\/uploads\/2022\/12\/Qness-60-A-plus-EVO-scaled-1.webp","contentUrl":"https:\/\/www.bergmanlabora.se\/wp-content\/uploads\/2022\/12\/Qness-60-A-plus-EVO-scaled-1.webp","width":800,"height":800,"caption":"QATM Qness 60 A plus EVO"},{"@type":"BreadcrumbList","@id":"https:\/\/www.bergmanlabora.se\/fi\/tuote\/qatm-qness-60-a-evo\/#breadcrumb","itemListElement":[{"@type":"ListItem","position":1,"name":"Helma","item":"https:\/\/www.bergmanlabora.se\/fi\/maailman-johtavat-laboratoriolaitteet-biotieteille-ja-teollisuudelle\/"},{"@type":"ListItem","position":2,"name":"Webbutik","item":"https:\/\/www.bergmanlabora.se\/webbutik\/"},{"@type":"ListItem","position":3,"name":"QATM QNESS 60 A+ EVO"}]},{"@type":"WebSite","@id":"https:\/\/www.bergmanlabora.se\/fi\/#website","url":"https:\/\/www.bergmanlabora.se\/fi\/","name":"BergmanLabora","description":"En av Sveriges ledande leverant\u00f6rer till den svenska laboratoriemarknaden","potentialAction":[{"@type":"SearchAction","target":{"@type":"EntryPoint","urlTemplate":"https:\/\/www.bergmanlabora.se\/fi\/?s={search_term_string}"},"query-input":{"@type":"PropertyValueSpecification","valueRequired":true,"valueName":"search_term_string"}}],"inLanguage":"fi"}]}},"_links":{"self":[{"href":"https:\/\/www.bergmanlabora.se\/fi\/wp-json\/wp\/v2\/product\/4505","targetHints":{"allow":["GET"]}}],"collection":[{"href":"https:\/\/www.bergmanlabora.se\/fi\/wp-json\/wp\/v2\/product"}],"about":[{"href":"https:\/\/www.bergmanlabora.se\/fi\/wp-json\/wp\/v2\/types\/product"}],"wp:featuredmedia":[{"embeddable":true,"href":"https:\/\/www.bergmanlabora.se\/fi\/wp-json\/wp\/v2\/media\/4580"}],"wp:attachment":[{"href":"https:\/\/www.bergmanlabora.se\/fi\/wp-json\/wp\/v2\/media?parent=4505"}],"wp:term":[{"taxonomy":"product_brand","embeddable":true,"href":"https:\/\/www.bergmanlabora.se\/fi\/wp-json\/wp\/v2\/product_brand?post=4505"},{"taxonomy":"product_cat","embeddable":true,"href":"https:\/\/www.bergmanlabora.se\/fi\/wp-json\/wp\/v2\/product_cat?post=4505"},{"taxonomy":"product_tag","embeddable":true,"href":"https:\/\/www.bergmanlabora.se\/fi\/wp-json\/wp\/v2\/product_tag?post=4505"}],"curies":[{"name":"wp","href":"https:\/\/api.w.org\/{rel}","templated":true}]}}