{"id":4503,"date":"2022-12-16T11:53:04","date_gmt":"2022-12-16T10:53:04","guid":{"rendered":"https:\/\/www.stage.bergmanlabora.se\/?post_type=product&#038;p=4503"},"modified":"2023-06-19T17:54:18","modified_gmt":"2023-06-19T15:54:18","slug":"eltra-tga-thermostep-ml","status":"publish","type":"product","link":"https:\/\/www.bergmanlabora.se\/fi\/tuote\/eltra-tga-thermostep-ml\/","title":{"rendered":"Eltra TGA THERMOSTEP ML"},"content":{"rendered":"<p>ELTRAs TGA Thermostep ML \u00e4r en termogravimetrisk analysator som best\u00e4mmer olika parametrar som fukt, flyktiga \u00e4mnen och aska vid anv\u00e4ndardefinierade temperaturer och atmosf\u00e4rer i en enda analys.<\/p>\n","protected":false},"excerpt":{"rendered":"<p>Termogravimetri \u00e4r en standardmetod f\u00f6r att analysera organiska, oorganiska och syntetiska material. Termogravimetrisk analys betyder i allm\u00e4nhet m\u00e4tningen av viktminskningen under en anv\u00e4ndardefinierad temperatur eller uppv\u00e4rmningsprocess.<\/p>\n","protected":false},"featured_media":4583,"template":"","meta":[],"product_brand":[],"product_cat":[114,132,136,117,18],"product_tag":[],"class_list":{"0":"post-4503","1":"product","2":"type-product","3":"status-publish","4":"has-post-thumbnail","6":"product_cat-elementaranalys","7":"product_cat-eltra","8":"product_cat-industri-materialanalys","9":"product_cat-termogravimetri","10":"product_cat-varumarke","12":"first","13":"instock","14":"shipping-taxable","15":"purchasable","16":"product-type-simple"},"yoast_head":"<!-- This site is optimized with the Yoast SEO plugin v27.2 - https:\/\/yoast.com\/product\/yoast-seo-wordpress\/ -->\n<title>Eltra TGA THERMOSTEP ML - BergmanLabora<\/title>\n<meta name=\"robots\" content=\"index, follow, max-snippet:-1, max-image-preview:large, max-video-preview:-1\" \/>\n<link rel=\"canonical\" href=\"https:\/\/www.bergmanlabora.se\/fi\/tuote\/eltra-tga-thermostep-ml\/\" \/>\n<meta property=\"og:locale\" content=\"fi_FI\" \/>\n<meta property=\"og:type\" content=\"article\" \/>\n<meta property=\"og:title\" content=\"Eltra TGA THERMOSTEP ML - BergmanLabora\" \/>\n<meta property=\"og:description\" content=\"Termogravimetri \u00e4r en standardmetod f\u00f6r att analysera organiska, oorganiska och syntetiska material. Termogravimetrisk analys betyder i allm\u00e4nhet m\u00e4tningen av viktminskningen under en anv\u00e4ndardefinierad temperatur eller uppv\u00e4rmningsprocess.\" \/>\n<meta property=\"og:url\" content=\"https:\/\/www.bergmanlabora.se\/fi\/tuote\/eltra-tga-thermostep-ml\/\" \/>\n<meta property=\"og:site_name\" content=\"BergmanLabora\" \/>\n<meta property=\"article:publisher\" content=\"https:\/\/www.facebook.com\/bergmanlabora\/\" \/>\n<meta property=\"article:modified_time\" content=\"2023-06-19T15:54:18+00:00\" \/>\n<meta property=\"og:image\" content=\"https:\/\/www.bergmanlabora.se\/wp-content\/uploads\/2022\/12\/THERMOGRAVIMETRIK.webp\" \/>\n\t<meta property=\"og:image:width\" content=\"600\" \/>\n\t<meta property=\"og:image:height\" content=\"600\" \/>\n\t<meta property=\"og:image:type\" content=\"image\/webp\" \/>\n<meta name=\"twitter:card\" content=\"summary_large_image\" \/>\n<meta name=\"twitter:label1\" content=\"Arvioitu lukuaika\" \/>\n\t<meta name=\"twitter:data1\" content=\"1 minuutti\" \/>\n<script type=\"application\/ld+json\" class=\"yoast-schema-graph\">{\"@context\":\"https:\/\/schema.org\",\"@graph\":[{\"@type\":\"WebPage\",\"@id\":\"https:\/\/www.bergmanlabora.se\/fi\/tuote\/eltra-tga-thermostep-ml\/\",\"url\":\"https:\/\/www.bergmanlabora.se\/fi\/tuote\/eltra-tga-thermostep-ml\/\",\"name\":\"Eltra TGA THERMOSTEP ML - BergmanLabora\",\"isPartOf\":{\"@id\":\"https:\/\/www.bergmanlabora.se\/fi\/#website\"},\"primaryImageOfPage\":{\"@id\":\"https:\/\/www.bergmanlabora.se\/fi\/tuote\/eltra-tga-thermostep-ml\/#primaryimage\"},\"image\":{\"@id\":\"https:\/\/www.bergmanlabora.se\/fi\/tuote\/eltra-tga-thermostep-ml\/#primaryimage\"},\"thumbnailUrl\":\"https:\/\/www.bergmanlabora.se\/wp-content\/uploads\/2022\/12\/THERMOGRAVIMETRIK.webp\",\"datePublished\":\"2022-12-16T10:53:04+00:00\",\"dateModified\":\"2023-06-19T15:54:18+00:00\",\"breadcrumb\":{\"@id\":\"https:\/\/www.bergmanlabora.se\/fi\/tuote\/eltra-tga-thermostep-ml\/#breadcrumb\"},\"inLanguage\":\"fi\",\"potentialAction\":[{\"@type\":\"ReadAction\",\"target\":[\"https:\/\/www.bergmanlabora.se\/fi\/tuote\/eltra-tga-thermostep-ml\/\"]}]},{\"@type\":\"ImageObject\",\"inLanguage\":\"fi\",\"@id\":\"https:\/\/www.bergmanlabora.se\/fi\/tuote\/eltra-tga-thermostep-ml\/#primaryimage\",\"url\":\"https:\/\/www.bergmanlabora.se\/wp-content\/uploads\/2022\/12\/THERMOGRAVIMETRIK.webp\",\"contentUrl\":\"https:\/\/www.bergmanlabora.se\/wp-content\/uploads\/2022\/12\/THERMOGRAVIMETRIK.webp\",\"width\":600,\"height\":600,\"caption\":\"THERMOGRAVIMETRIC ANALYZER\"},{\"@type\":\"BreadcrumbList\",\"@id\":\"https:\/\/www.bergmanlabora.se\/fi\/tuote\/eltra-tga-thermostep-ml\/#breadcrumb\",\"itemListElement\":[{\"@type\":\"ListItem\",\"position\":1,\"name\":\"Helma\",\"item\":\"https:\/\/www.bergmanlabora.se\/fi\/maailman-johtavat-laboratoriolaitteet-biotieteille-ja-teollisuudelle\/\"},{\"@type\":\"ListItem\",\"position\":2,\"name\":\"Webbutik\",\"item\":\"https:\/\/www.bergmanlabora.se\/webbutik\/\"},{\"@type\":\"ListItem\",\"position\":3,\"name\":\"Eltra TGA THERMOSTEP ML\"}]},{\"@type\":\"WebSite\",\"@id\":\"https:\/\/www.bergmanlabora.se\/fi\/#website\",\"url\":\"https:\/\/www.bergmanlabora.se\/fi\/\",\"name\":\"BergmanLabora\",\"description\":\"En av Sveriges ledande leverant\u00f6rer till den svenska laboratoriemarknaden\",\"potentialAction\":[{\"@type\":\"SearchAction\",\"target\":{\"@type\":\"EntryPoint\",\"urlTemplate\":\"https:\/\/www.bergmanlabora.se\/fi\/?s={search_term_string}\"},\"query-input\":{\"@type\":\"PropertyValueSpecification\",\"valueRequired\":true,\"valueName\":\"search_term_string\"}}],\"inLanguage\":\"fi\"}]}<\/script>\n<!-- \/ Yoast SEO plugin. -->","yoast_head_json":{"title":"Eltra TGA THERMOSTEP ML - BergmanLabora","robots":{"index":"index","follow":"follow","max-snippet":"max-snippet:-1","max-image-preview":"max-image-preview:large","max-video-preview":"max-video-preview:-1"},"canonical":"https:\/\/www.bergmanlabora.se\/fi\/tuote\/eltra-tga-thermostep-ml\/","og_locale":"fi_FI","og_type":"article","og_title":"Eltra TGA THERMOSTEP ML - BergmanLabora","og_description":"Termogravimetri \u00e4r en standardmetod f\u00f6r att analysera organiska, oorganiska och syntetiska material. Termogravimetrisk analys betyder i allm\u00e4nhet m\u00e4tningen av viktminskningen under en anv\u00e4ndardefinierad temperatur eller uppv\u00e4rmningsprocess.","og_url":"https:\/\/www.bergmanlabora.se\/fi\/tuote\/eltra-tga-thermostep-ml\/","og_site_name":"BergmanLabora","article_publisher":"https:\/\/www.facebook.com\/bergmanlabora\/","article_modified_time":"2023-06-19T15:54:18+00:00","og_image":[{"width":600,"height":600,"url":"https:\/\/www.bergmanlabora.se\/wp-content\/uploads\/2022\/12\/THERMOGRAVIMETRIK.webp","type":"image\/webp"}],"twitter_card":"summary_large_image","twitter_misc":{"Arvioitu lukuaika":"1 minuutti"},"schema":{"@context":"https:\/\/schema.org","@graph":[{"@type":"WebPage","@id":"https:\/\/www.bergmanlabora.se\/fi\/tuote\/eltra-tga-thermostep-ml\/","url":"https:\/\/www.bergmanlabora.se\/fi\/tuote\/eltra-tga-thermostep-ml\/","name":"Eltra TGA THERMOSTEP ML - BergmanLabora","isPartOf":{"@id":"https:\/\/www.bergmanlabora.se\/fi\/#website"},"primaryImageOfPage":{"@id":"https:\/\/www.bergmanlabora.se\/fi\/tuote\/eltra-tga-thermostep-ml\/#primaryimage"},"image":{"@id":"https:\/\/www.bergmanlabora.se\/fi\/tuote\/eltra-tga-thermostep-ml\/#primaryimage"},"thumbnailUrl":"https:\/\/www.bergmanlabora.se\/wp-content\/uploads\/2022\/12\/THERMOGRAVIMETRIK.webp","datePublished":"2022-12-16T10:53:04+00:00","dateModified":"2023-06-19T15:54:18+00:00","breadcrumb":{"@id":"https:\/\/www.bergmanlabora.se\/fi\/tuote\/eltra-tga-thermostep-ml\/#breadcrumb"},"inLanguage":"fi","potentialAction":[{"@type":"ReadAction","target":["https:\/\/www.bergmanlabora.se\/fi\/tuote\/eltra-tga-thermostep-ml\/"]}]},{"@type":"ImageObject","inLanguage":"fi","@id":"https:\/\/www.bergmanlabora.se\/fi\/tuote\/eltra-tga-thermostep-ml\/#primaryimage","url":"https:\/\/www.bergmanlabora.se\/wp-content\/uploads\/2022\/12\/THERMOGRAVIMETRIK.webp","contentUrl":"https:\/\/www.bergmanlabora.se\/wp-content\/uploads\/2022\/12\/THERMOGRAVIMETRIK.webp","width":600,"height":600,"caption":"THERMOGRAVIMETRIC ANALYZER"},{"@type":"BreadcrumbList","@id":"https:\/\/www.bergmanlabora.se\/fi\/tuote\/eltra-tga-thermostep-ml\/#breadcrumb","itemListElement":[{"@type":"ListItem","position":1,"name":"Helma","item":"https:\/\/www.bergmanlabora.se\/fi\/maailman-johtavat-laboratoriolaitteet-biotieteille-ja-teollisuudelle\/"},{"@type":"ListItem","position":2,"name":"Webbutik","item":"https:\/\/www.bergmanlabora.se\/webbutik\/"},{"@type":"ListItem","position":3,"name":"Eltra TGA THERMOSTEP ML"}]},{"@type":"WebSite","@id":"https:\/\/www.bergmanlabora.se\/fi\/#website","url":"https:\/\/www.bergmanlabora.se\/fi\/","name":"BergmanLabora","description":"En av Sveriges ledande leverant\u00f6rer till den svenska laboratoriemarknaden","potentialAction":[{"@type":"SearchAction","target":{"@type":"EntryPoint","urlTemplate":"https:\/\/www.bergmanlabora.se\/fi\/?s={search_term_string}"},"query-input":{"@type":"PropertyValueSpecification","valueRequired":true,"valueName":"search_term_string"}}],"inLanguage":"fi"}]}},"_links":{"self":[{"href":"https:\/\/www.bergmanlabora.se\/fi\/wp-json\/wp\/v2\/product\/4503","targetHints":{"allow":["GET"]}}],"collection":[{"href":"https:\/\/www.bergmanlabora.se\/fi\/wp-json\/wp\/v2\/product"}],"about":[{"href":"https:\/\/www.bergmanlabora.se\/fi\/wp-json\/wp\/v2\/types\/product"}],"wp:featuredmedia":[{"embeddable":true,"href":"https:\/\/www.bergmanlabora.se\/fi\/wp-json\/wp\/v2\/media\/4583"}],"wp:attachment":[{"href":"https:\/\/www.bergmanlabora.se\/fi\/wp-json\/wp\/v2\/media?parent=4503"}],"wp:term":[{"taxonomy":"product_brand","embeddable":true,"href":"https:\/\/www.bergmanlabora.se\/fi\/wp-json\/wp\/v2\/product_brand?post=4503"},{"taxonomy":"product_cat","embeddable":true,"href":"https:\/\/www.bergmanlabora.se\/fi\/wp-json\/wp\/v2\/product_cat?post=4503"},{"taxonomy":"product_tag","embeddable":true,"href":"https:\/\/www.bergmanlabora.se\/fi\/wp-json\/wp\/v2\/product_tag?post=4503"}],"curies":[{"name":"wp","href":"https:\/\/api.w.org\/{rel}","templated":true}]}}