{"id":4501,"date":"2022-12-16T11:53:04","date_gmt":"2022-12-16T10:53:04","guid":{"rendered":"https:\/\/www.stage.bergmanlabora.se\/?post_type=product&#038;p=4501"},"modified":"2023-06-19T17:54:18","modified_gmt":"2023-06-19T15:54:18","slug":"eltra-elementrac-cs%e2%80%91r","status":"publish","type":"product","link":"https:\/\/www.bergmanlabora.se\/fi\/tuote\/eltra-elementrac-cs%e2%80%91r\/","title":{"rendered":"Eltra ELEMENTRAC CS-r"},"content":{"rendered":"<p>ELEMENTRAC CS-r m\u00e4ter grund\u00e4mnena kol och svavel genom f\u00f6rbr\u00e4nning av provet i en syrestr\u00f6m och efterf\u00f6ljande m\u00e4tning av f\u00f6rbr\u00e4nningsgaserna CO2, SO2 och H2O i selektiva infrar\u00f6da celler. En h\u00f6g prov vikt p\u00e5 upp till 500 mg s\u00e4kerst\u00e4ller utm\u00e4rkt reproducerbarhet av resultaten, \u00e4ven f\u00f6r heterogena prover.<\/p>\n","protected":false},"excerpt":{"rendered":"<p>F\u00f6r s\u00e4ker, exakt och p\u00e5litlig elementaranalys av kol (C) och svavel (S) i \u00f6verv\u00e4gande organiska material som jord, avfall, tr\u00e4, olja, kol och koks.<\/p>\n","protected":false},"featured_media":4614,"template":"","meta":[],"product_brand":[],"product_cat":[115,114,132,136,18],"product_tag":[],"class_list":{"0":"post-4501","1":"product","2":"type-product","3":"status-publish","4":"has-post-thumbnail","6":"product_cat-c-h-s","7":"product_cat-elementaranalys","8":"product_cat-eltra","9":"product_cat-industri-materialanalys","10":"product_cat-varumarke","12":"first","13":"instock","14":"shipping-taxable","15":"purchasable","16":"product-type-simple"},"yoast_head":"<!-- This site is optimized with the Yoast SEO plugin v27.2 - https:\/\/yoast.com\/product\/yoast-seo-wordpress\/ -->\n<title>Eltra ELEMENTRAC CS-r - BergmanLabora<\/title>\n<meta name=\"robots\" content=\"index, follow, max-snippet:-1, max-image-preview:large, max-video-preview:-1\" \/>\n<link rel=\"canonical\" href=\"https:\/\/www.bergmanlabora.se\/fi\/tuote\/eltra-elementrac-cs%e2%80%91r\/\" \/>\n<meta property=\"og:locale\" content=\"fi_FI\" \/>\n<meta property=\"og:type\" content=\"article\" \/>\n<meta property=\"og:title\" content=\"Eltra ELEMENTRAC CS-r - BergmanLabora\" \/>\n<meta property=\"og:description\" content=\"F\u00f6r s\u00e4ker, exakt och p\u00e5litlig elementaranalys av kol (C) och svavel (S) i \u00f6verv\u00e4gande organiska material som jord, avfall, tr\u00e4, olja, kol och koks.\" \/>\n<meta property=\"og:url\" content=\"https:\/\/www.bergmanlabora.se\/fi\/tuote\/eltra-elementrac-cs%e2%80%91r\/\" \/>\n<meta property=\"og:site_name\" content=\"BergmanLabora\" \/>\n<meta property=\"article:publisher\" content=\"https:\/\/www.facebook.com\/bergmanlabora\/\" \/>\n<meta property=\"article:modified_time\" content=\"2023-06-19T15:54:18+00:00\" \/>\n<meta property=\"og:image\" content=\"https:\/\/www.bergmanlabora.se\/wp-content\/uploads\/2022\/12\/ELEMENTRAC-CS\u2011r.webp\" \/>\n\t<meta property=\"og:image:width\" content=\"1000\" \/>\n\t<meta property=\"og:image:height\" content=\"1000\" \/>\n\t<meta property=\"og:image:type\" content=\"image\/webp\" \/>\n<meta name=\"twitter:card\" content=\"summary_large_image\" \/>\n<meta name=\"twitter:label1\" content=\"Arvioitu lukuaika\" \/>\n\t<meta name=\"twitter:data1\" content=\"1 minuutti\" \/>\n<script type=\"application\/ld+json\" class=\"yoast-schema-graph\">{\"@context\":\"https:\/\/schema.org\",\"@graph\":[{\"@type\":\"WebPage\",\"@id\":\"https:\/\/www.bergmanlabora.se\/fi\/tuote\/eltra-elementrac-cs%e2%80%91r\/\",\"url\":\"https:\/\/www.bergmanlabora.se\/fi\/tuote\/eltra-elementrac-cs%e2%80%91r\/\",\"name\":\"Eltra ELEMENTRAC CS-r - BergmanLabora\",\"isPartOf\":{\"@id\":\"https:\/\/www.bergmanlabora.se\/fi\/#website\"},\"primaryImageOfPage\":{\"@id\":\"https:\/\/www.bergmanlabora.se\/fi\/tuote\/eltra-elementrac-cs%e2%80%91r\/#primaryimage\"},\"image\":{\"@id\":\"https:\/\/www.bergmanlabora.se\/fi\/tuote\/eltra-elementrac-cs%e2%80%91r\/#primaryimage\"},\"thumbnailUrl\":\"https:\/\/www.bergmanlabora.se\/wp-content\/uploads\/2022\/12\/ELEMENTRAC-CS\u2011r.webp\",\"datePublished\":\"2022-12-16T10:53:04+00:00\",\"dateModified\":\"2023-06-19T15:54:18+00:00\",\"breadcrumb\":{\"@id\":\"https:\/\/www.bergmanlabora.se\/fi\/tuote\/eltra-elementrac-cs%e2%80%91r\/#breadcrumb\"},\"inLanguage\":\"fi\",\"potentialAction\":[{\"@type\":\"ReadAction\",\"target\":[\"https:\/\/www.bergmanlabora.se\/fi\/tuote\/eltra-elementrac-cs%e2%80%91r\/\"]}]},{\"@type\":\"ImageObject\",\"inLanguage\":\"fi\",\"@id\":\"https:\/\/www.bergmanlabora.se\/fi\/tuote\/eltra-elementrac-cs%e2%80%91r\/#primaryimage\",\"url\":\"https:\/\/www.bergmanlabora.se\/wp-content\/uploads\/2022\/12\/ELEMENTRAC-CS\u2011r.webp\",\"contentUrl\":\"https:\/\/www.bergmanlabora.se\/wp-content\/uploads\/2022\/12\/ELEMENTRAC-CS\u2011r.webp\",\"width\":1000,\"height\":1000,\"caption\":\"ELEMENTRAC CS\u2011r\"},{\"@type\":\"BreadcrumbList\",\"@id\":\"https:\/\/www.bergmanlabora.se\/fi\/tuote\/eltra-elementrac-cs%e2%80%91r\/#breadcrumb\",\"itemListElement\":[{\"@type\":\"ListItem\",\"position\":1,\"name\":\"Helma\",\"item\":\"https:\/\/www.bergmanlabora.se\/fi\/maailman-johtavat-laboratoriolaitteet-biotieteille-ja-teollisuudelle\/\"},{\"@type\":\"ListItem\",\"position\":2,\"name\":\"Webbutik\",\"item\":\"https:\/\/www.bergmanlabora.se\/webbutik\/\"},{\"@type\":\"ListItem\",\"position\":3,\"name\":\"Eltra ELEMENTRAC CS-r\"}]},{\"@type\":\"WebSite\",\"@id\":\"https:\/\/www.bergmanlabora.se\/fi\/#website\",\"url\":\"https:\/\/www.bergmanlabora.se\/fi\/\",\"name\":\"BergmanLabora\",\"description\":\"En av Sveriges ledande leverant\u00f6rer till den svenska laboratoriemarknaden\",\"potentialAction\":[{\"@type\":\"SearchAction\",\"target\":{\"@type\":\"EntryPoint\",\"urlTemplate\":\"https:\/\/www.bergmanlabora.se\/fi\/?s={search_term_string}\"},\"query-input\":{\"@type\":\"PropertyValueSpecification\",\"valueRequired\":true,\"valueName\":\"search_term_string\"}}],\"inLanguage\":\"fi\"}]}<\/script>\n<!-- \/ Yoast SEO plugin. -->","yoast_head_json":{"title":"Eltra ELEMENTRAC CS-r - BergmanLabora","robots":{"index":"index","follow":"follow","max-snippet":"max-snippet:-1","max-image-preview":"max-image-preview:large","max-video-preview":"max-video-preview:-1"},"canonical":"https:\/\/www.bergmanlabora.se\/fi\/tuote\/eltra-elementrac-cs%e2%80%91r\/","og_locale":"fi_FI","og_type":"article","og_title":"Eltra ELEMENTRAC CS-r - BergmanLabora","og_description":"F\u00f6r s\u00e4ker, exakt och p\u00e5litlig elementaranalys av kol (C) och svavel (S) i \u00f6verv\u00e4gande organiska material som jord, avfall, tr\u00e4, olja, kol och koks.","og_url":"https:\/\/www.bergmanlabora.se\/fi\/tuote\/eltra-elementrac-cs%e2%80%91r\/","og_site_name":"BergmanLabora","article_publisher":"https:\/\/www.facebook.com\/bergmanlabora\/","article_modified_time":"2023-06-19T15:54:18+00:00","og_image":[{"width":1000,"height":1000,"url":"https:\/\/www.bergmanlabora.se\/wp-content\/uploads\/2022\/12\/ELEMENTRAC-CS\u2011r.webp","type":"image\/webp"}],"twitter_card":"summary_large_image","twitter_misc":{"Arvioitu lukuaika":"1 minuutti"},"schema":{"@context":"https:\/\/schema.org","@graph":[{"@type":"WebPage","@id":"https:\/\/www.bergmanlabora.se\/fi\/tuote\/eltra-elementrac-cs%e2%80%91r\/","url":"https:\/\/www.bergmanlabora.se\/fi\/tuote\/eltra-elementrac-cs%e2%80%91r\/","name":"Eltra ELEMENTRAC CS-r - BergmanLabora","isPartOf":{"@id":"https:\/\/www.bergmanlabora.se\/fi\/#website"},"primaryImageOfPage":{"@id":"https:\/\/www.bergmanlabora.se\/fi\/tuote\/eltra-elementrac-cs%e2%80%91r\/#primaryimage"},"image":{"@id":"https:\/\/www.bergmanlabora.se\/fi\/tuote\/eltra-elementrac-cs%e2%80%91r\/#primaryimage"},"thumbnailUrl":"https:\/\/www.bergmanlabora.se\/wp-content\/uploads\/2022\/12\/ELEMENTRAC-CS\u2011r.webp","datePublished":"2022-12-16T10:53:04+00:00","dateModified":"2023-06-19T15:54:18+00:00","breadcrumb":{"@id":"https:\/\/www.bergmanlabora.se\/fi\/tuote\/eltra-elementrac-cs%e2%80%91r\/#breadcrumb"},"inLanguage":"fi","potentialAction":[{"@type":"ReadAction","target":["https:\/\/www.bergmanlabora.se\/fi\/tuote\/eltra-elementrac-cs%e2%80%91r\/"]}]},{"@type":"ImageObject","inLanguage":"fi","@id":"https:\/\/www.bergmanlabora.se\/fi\/tuote\/eltra-elementrac-cs%e2%80%91r\/#primaryimage","url":"https:\/\/www.bergmanlabora.se\/wp-content\/uploads\/2022\/12\/ELEMENTRAC-CS\u2011r.webp","contentUrl":"https:\/\/www.bergmanlabora.se\/wp-content\/uploads\/2022\/12\/ELEMENTRAC-CS\u2011r.webp","width":1000,"height":1000,"caption":"ELEMENTRAC CS\u2011r"},{"@type":"BreadcrumbList","@id":"https:\/\/www.bergmanlabora.se\/fi\/tuote\/eltra-elementrac-cs%e2%80%91r\/#breadcrumb","itemListElement":[{"@type":"ListItem","position":1,"name":"Helma","item":"https:\/\/www.bergmanlabora.se\/fi\/maailman-johtavat-laboratoriolaitteet-biotieteille-ja-teollisuudelle\/"},{"@type":"ListItem","position":2,"name":"Webbutik","item":"https:\/\/www.bergmanlabora.se\/webbutik\/"},{"@type":"ListItem","position":3,"name":"Eltra ELEMENTRAC CS-r"}]},{"@type":"WebSite","@id":"https:\/\/www.bergmanlabora.se\/fi\/#website","url":"https:\/\/www.bergmanlabora.se\/fi\/","name":"BergmanLabora","description":"En av Sveriges ledande leverant\u00f6rer till den svenska laboratoriemarknaden","potentialAction":[{"@type":"SearchAction","target":{"@type":"EntryPoint","urlTemplate":"https:\/\/www.bergmanlabora.se\/fi\/?s={search_term_string}"},"query-input":{"@type":"PropertyValueSpecification","valueRequired":true,"valueName":"search_term_string"}}],"inLanguage":"fi"}]}},"_links":{"self":[{"href":"https:\/\/www.bergmanlabora.se\/fi\/wp-json\/wp\/v2\/product\/4501","targetHints":{"allow":["GET"]}}],"collection":[{"href":"https:\/\/www.bergmanlabora.se\/fi\/wp-json\/wp\/v2\/product"}],"about":[{"href":"https:\/\/www.bergmanlabora.se\/fi\/wp-json\/wp\/v2\/types\/product"}],"wp:featuredmedia":[{"embeddable":true,"href":"https:\/\/www.bergmanlabora.se\/fi\/wp-json\/wp\/v2\/media\/4614"}],"wp:attachment":[{"href":"https:\/\/www.bergmanlabora.se\/fi\/wp-json\/wp\/v2\/media?parent=4501"}],"wp:term":[{"taxonomy":"product_brand","embeddable":true,"href":"https:\/\/www.bergmanlabora.se\/fi\/wp-json\/wp\/v2\/product_brand?post=4501"},{"taxonomy":"product_cat","embeddable":true,"href":"https:\/\/www.bergmanlabora.se\/fi\/wp-json\/wp\/v2\/product_cat?post=4501"},{"taxonomy":"product_tag","embeddable":true,"href":"https:\/\/www.bergmanlabora.se\/fi\/wp-json\/wp\/v2\/product_tag?post=4501"}],"curies":[{"name":"wp","href":"https:\/\/api.w.org\/{rel}","templated":true}]}}