{"id":4500,"date":"2022-12-16T11:53:04","date_gmt":"2022-12-16T10:53:04","guid":{"rendered":"https:\/\/www.stage.bergmanlabora.se\/?post_type=product&#038;p=4500"},"modified":"2023-06-19T17:54:19","modified_gmt":"2023-06-19T15:54:19","slug":"eltra-elementrac-cs%e2%80%91i","status":"publish","type":"product","link":"https:\/\/www.bergmanlabora.se\/fi\/tuote\/eltra-elementrac-cs%e2%80%91i\/","title":{"rendered":"Eltra ELEMENTRAC CS-i"},"content":{"rendered":"<p>ELEMENTRAC CS-i \u00e4r en enelementsanalysator f\u00f6r analys av kol eller svavel, eller i en konfiguration med m\u00e4tning av b\u00e5de kol och svavel.<\/p>\n<p>Den anv\u00e4nder upp till 4 IR-celler som kan konfigureras enligt krav. Ju l\u00e4ngre kyvetten \u00e4r, desto k\u00e4nsligare \u00e4r den f\u00f6r l\u00e5ga koncentrationer som 10 ppm. Kortare kyvetter till\u00e5ter \u00e4ven m\u00e4tning i det l\u00e5ga ppm-omr\u00e5det, dock med \u00f6kande standardavvikelse f\u00f6r de uppm\u00e4tta v\u00e4rdena. F\u00f6r optimal analys av l\u00e5ga och h\u00f6ga koncentrationer b\u00f6r en konfiguration av tv\u00e5 IR-celler f\u00f6r ett element v\u00e4ljas. Den senaste detektorteknologin till\u00e5ter avancerade konfigurationer f\u00f6r att p\u00e5 ett tillf\u00f6rlitligt s\u00e4tt t\u00e4cka m\u00e4tomr\u00e5det fr\u00e5n 0,6 ppm till mer \u00e4n 6 % f\u00f6r en provvikt p\u00e5 1000 mg. Valfria guldkyvetter ger h\u00f6gre tillf\u00f6rlitlighet f\u00f6r elementaranalys av halogenerade prover. F\u00f6r mer tillf\u00f6rlitlig analys av material med h\u00f6g svavelhalt kan CS-i utrustas med mer robusta IR-celler f\u00f6r att ut\u00f6ka m\u00e4tomr\u00e5det och f\u00f6rb\u00e4ttra reproducerbarheten av resultaten. Det \u00e4r ocks\u00e5 m\u00f6jligt att utrusta CS-i med en halogenf\u00e4lla. Ett annat alternativ \u00e4r en speciell konfiguration f\u00f6r att m\u00e4ta cement.<\/p>\n<p>Upp till fyra mycket k\u00e4nsliga infrar\u00f6da celler (IR) g\u00f6r att analysatorn kan best\u00e4mma b\u00e5de h\u00f6ga och l\u00e5ga kol- och svavelkoncentrationer i endast en m\u00e4tning. M\u00e4tomr\u00e5det f\u00f6r varje cell kan anpassas till anv\u00e4ndarens specifika krav f\u00f6r att s\u00e4kerst\u00e4lla optimala m\u00e4tf\u00f6rh\u00e5llanden f\u00f6r varje applikation.<\/p>\n<p>Analysatorn levereras med den nya omfattande och praktiska ELEMENTS-programvaran, som inneh\u00e5ller statistik, grupperingar, rapporter, diagnosverktyg och m\u00e5nga ytterligare funktioner f\u00f6r ELEMENTRAC-analysatorer.<\/p>\n","protected":false},"excerpt":{"rendered":"<p>ELEMENTRAC CS-i m\u00e4ter kol- och svavelkoncentrationen i \u00f6verv\u00e4gande oorganiska prover genom f\u00f6rbr\u00e4nning i en induktionsugn och den efterf\u00f6ljande analysen av de gasformiga f\u00f6rbr\u00e4nningsprodukterna koldioxid och svaveldioxid.<\/p>\n","protected":false},"featured_media":4591,"template":"","meta":[],"product_brand":[],"product_cat":[115,114,132,136,18],"product_tag":[],"class_list":{"0":"post-4500","1":"product","2":"type-product","3":"status-publish","4":"has-post-thumbnail","6":"product_cat-c-h-s","7":"product_cat-elementaranalys","8":"product_cat-eltra","9":"product_cat-industri-materialanalys","10":"product_cat-varumarke","12":"first","13":"instock","14":"shipping-taxable","15":"purchasable","16":"product-type-simple"},"yoast_head":"<!-- This site is optimized with the Yoast SEO plugin v27.2 - https:\/\/yoast.com\/product\/yoast-seo-wordpress\/ -->\n<title>Eltra ELEMENTRAC CS-i - BergmanLabora<\/title>\n<meta name=\"robots\" content=\"index, follow, max-snippet:-1, max-image-preview:large, max-video-preview:-1\" \/>\n<link rel=\"canonical\" href=\"https:\/\/www.bergmanlabora.se\/fi\/tuote\/eltra-elementrac-cs%e2%80%91i\/\" \/>\n<meta property=\"og:locale\" content=\"fi_FI\" \/>\n<meta property=\"og:type\" content=\"article\" \/>\n<meta property=\"og:title\" content=\"Eltra ELEMENTRAC CS-i - BergmanLabora\" \/>\n<meta property=\"og:description\" content=\"ELEMENTRAC CS-i m\u00e4ter kol- och svavelkoncentrationen i \u00f6verv\u00e4gande oorganiska prover genom f\u00f6rbr\u00e4nning i en induktionsugn och den efterf\u00f6ljande analysen av de gasformiga f\u00f6rbr\u00e4nningsprodukterna koldioxid och svaveldioxid.\" \/>\n<meta property=\"og:url\" content=\"https:\/\/www.bergmanlabora.se\/fi\/tuote\/eltra-elementrac-cs%e2%80%91i\/\" \/>\n<meta property=\"og:site_name\" content=\"BergmanLabora\" \/>\n<meta property=\"article:publisher\" content=\"https:\/\/www.facebook.com\/bergmanlabora\/\" \/>\n<meta property=\"article:modified_time\" content=\"2023-06-19T15:54:19+00:00\" \/>\n<meta property=\"og:image\" content=\"https:\/\/www.bergmanlabora.se\/wp-content\/uploads\/2022\/12\/carbon-sulfur-analyzer-elementrac-cs8209i.webp\" \/>\n\t<meta property=\"og:image:width\" content=\"560\" \/>\n\t<meta property=\"og:image:height\" content=\"560\" \/>\n\t<meta property=\"og:image:type\" content=\"image\/webp\" \/>\n<meta name=\"twitter:card\" content=\"summary_large_image\" \/>\n<meta name=\"twitter:label1\" content=\"Arvioitu lukuaika\" \/>\n\t<meta name=\"twitter:data1\" content=\"2 minuuttia\" \/>\n<script type=\"application\/ld+json\" class=\"yoast-schema-graph\">{\"@context\":\"https:\/\/schema.org\",\"@graph\":[{\"@type\":\"WebPage\",\"@id\":\"https:\/\/www.bergmanlabora.se\/fi\/tuote\/eltra-elementrac-cs%e2%80%91i\/\",\"url\":\"https:\/\/www.bergmanlabora.se\/fi\/tuote\/eltra-elementrac-cs%e2%80%91i\/\",\"name\":\"Eltra ELEMENTRAC CS-i - BergmanLabora\",\"isPartOf\":{\"@id\":\"https:\/\/www.bergmanlabora.se\/fi\/#website\"},\"primaryImageOfPage\":{\"@id\":\"https:\/\/www.bergmanlabora.se\/fi\/tuote\/eltra-elementrac-cs%e2%80%91i\/#primaryimage\"},\"image\":{\"@id\":\"https:\/\/www.bergmanlabora.se\/fi\/tuote\/eltra-elementrac-cs%e2%80%91i\/#primaryimage\"},\"thumbnailUrl\":\"https:\/\/www.bergmanlabora.se\/wp-content\/uploads\/2022\/12\/carbon-sulfur-analyzer-elementrac-cs8209i.webp\",\"datePublished\":\"2022-12-16T10:53:04+00:00\",\"dateModified\":\"2023-06-19T15:54:19+00:00\",\"breadcrumb\":{\"@id\":\"https:\/\/www.bergmanlabora.se\/fi\/tuote\/eltra-elementrac-cs%e2%80%91i\/#breadcrumb\"},\"inLanguage\":\"fi\",\"potentialAction\":[{\"@type\":\"ReadAction\",\"target\":[\"https:\/\/www.bergmanlabora.se\/fi\/tuote\/eltra-elementrac-cs%e2%80%91i\/\"]}]},{\"@type\":\"ImageObject\",\"inLanguage\":\"fi\",\"@id\":\"https:\/\/www.bergmanlabora.se\/fi\/tuote\/eltra-elementrac-cs%e2%80%91i\/#primaryimage\",\"url\":\"https:\/\/www.bergmanlabora.se\/wp-content\/uploads\/2022\/12\/carbon-sulfur-analyzer-elementrac-cs8209i.webp\",\"contentUrl\":\"https:\/\/www.bergmanlabora.se\/wp-content\/uploads\/2022\/12\/carbon-sulfur-analyzer-elementrac-cs8209i.webp\",\"width\":560,\"height\":560,\"caption\":\"ELEMENTRAC CS-I carbon sulfur analyzer-elementrac cs8209i\"},{\"@type\":\"BreadcrumbList\",\"@id\":\"https:\/\/www.bergmanlabora.se\/fi\/tuote\/eltra-elementrac-cs%e2%80%91i\/#breadcrumb\",\"itemListElement\":[{\"@type\":\"ListItem\",\"position\":1,\"name\":\"Helma\",\"item\":\"https:\/\/www.bergmanlabora.se\/fi\/maailman-johtavat-laboratoriolaitteet-biotieteille-ja-teollisuudelle\/\"},{\"@type\":\"ListItem\",\"position\":2,\"name\":\"Webbutik\",\"item\":\"https:\/\/www.bergmanlabora.se\/webbutik\/\"},{\"@type\":\"ListItem\",\"position\":3,\"name\":\"Eltra ELEMENTRAC CS-i\"}]},{\"@type\":\"WebSite\",\"@id\":\"https:\/\/www.bergmanlabora.se\/fi\/#website\",\"url\":\"https:\/\/www.bergmanlabora.se\/fi\/\",\"name\":\"BergmanLabora\",\"description\":\"En av Sveriges ledande leverant\u00f6rer till den svenska laboratoriemarknaden\",\"potentialAction\":[{\"@type\":\"SearchAction\",\"target\":{\"@type\":\"EntryPoint\",\"urlTemplate\":\"https:\/\/www.bergmanlabora.se\/fi\/?s={search_term_string}\"},\"query-input\":{\"@type\":\"PropertyValueSpecification\",\"valueRequired\":true,\"valueName\":\"search_term_string\"}}],\"inLanguage\":\"fi\"}]}<\/script>\n<!-- \/ Yoast SEO plugin. -->","yoast_head_json":{"title":"Eltra ELEMENTRAC CS-i - BergmanLabora","robots":{"index":"index","follow":"follow","max-snippet":"max-snippet:-1","max-image-preview":"max-image-preview:large","max-video-preview":"max-video-preview:-1"},"canonical":"https:\/\/www.bergmanlabora.se\/fi\/tuote\/eltra-elementrac-cs%e2%80%91i\/","og_locale":"fi_FI","og_type":"article","og_title":"Eltra ELEMENTRAC CS-i - BergmanLabora","og_description":"ELEMENTRAC CS-i m\u00e4ter kol- och svavelkoncentrationen i \u00f6verv\u00e4gande oorganiska prover genom f\u00f6rbr\u00e4nning i en induktionsugn och den efterf\u00f6ljande analysen av de gasformiga f\u00f6rbr\u00e4nningsprodukterna koldioxid och svaveldioxid.","og_url":"https:\/\/www.bergmanlabora.se\/fi\/tuote\/eltra-elementrac-cs%e2%80%91i\/","og_site_name":"BergmanLabora","article_publisher":"https:\/\/www.facebook.com\/bergmanlabora\/","article_modified_time":"2023-06-19T15:54:19+00:00","og_image":[{"width":560,"height":560,"url":"https:\/\/www.bergmanlabora.se\/wp-content\/uploads\/2022\/12\/carbon-sulfur-analyzer-elementrac-cs8209i.webp","type":"image\/webp"}],"twitter_card":"summary_large_image","twitter_misc":{"Arvioitu lukuaika":"2 minuuttia"},"schema":{"@context":"https:\/\/schema.org","@graph":[{"@type":"WebPage","@id":"https:\/\/www.bergmanlabora.se\/fi\/tuote\/eltra-elementrac-cs%e2%80%91i\/","url":"https:\/\/www.bergmanlabora.se\/fi\/tuote\/eltra-elementrac-cs%e2%80%91i\/","name":"Eltra ELEMENTRAC CS-i - BergmanLabora","isPartOf":{"@id":"https:\/\/www.bergmanlabora.se\/fi\/#website"},"primaryImageOfPage":{"@id":"https:\/\/www.bergmanlabora.se\/fi\/tuote\/eltra-elementrac-cs%e2%80%91i\/#primaryimage"},"image":{"@id":"https:\/\/www.bergmanlabora.se\/fi\/tuote\/eltra-elementrac-cs%e2%80%91i\/#primaryimage"},"thumbnailUrl":"https:\/\/www.bergmanlabora.se\/wp-content\/uploads\/2022\/12\/carbon-sulfur-analyzer-elementrac-cs8209i.webp","datePublished":"2022-12-16T10:53:04+00:00","dateModified":"2023-06-19T15:54:19+00:00","breadcrumb":{"@id":"https:\/\/www.bergmanlabora.se\/fi\/tuote\/eltra-elementrac-cs%e2%80%91i\/#breadcrumb"},"inLanguage":"fi","potentialAction":[{"@type":"ReadAction","target":["https:\/\/www.bergmanlabora.se\/fi\/tuote\/eltra-elementrac-cs%e2%80%91i\/"]}]},{"@type":"ImageObject","inLanguage":"fi","@id":"https:\/\/www.bergmanlabora.se\/fi\/tuote\/eltra-elementrac-cs%e2%80%91i\/#primaryimage","url":"https:\/\/www.bergmanlabora.se\/wp-content\/uploads\/2022\/12\/carbon-sulfur-analyzer-elementrac-cs8209i.webp","contentUrl":"https:\/\/www.bergmanlabora.se\/wp-content\/uploads\/2022\/12\/carbon-sulfur-analyzer-elementrac-cs8209i.webp","width":560,"height":560,"caption":"ELEMENTRAC CS-I carbon sulfur analyzer-elementrac cs8209i"},{"@type":"BreadcrumbList","@id":"https:\/\/www.bergmanlabora.se\/fi\/tuote\/eltra-elementrac-cs%e2%80%91i\/#breadcrumb","itemListElement":[{"@type":"ListItem","position":1,"name":"Helma","item":"https:\/\/www.bergmanlabora.se\/fi\/maailman-johtavat-laboratoriolaitteet-biotieteille-ja-teollisuudelle\/"},{"@type":"ListItem","position":2,"name":"Webbutik","item":"https:\/\/www.bergmanlabora.se\/webbutik\/"},{"@type":"ListItem","position":3,"name":"Eltra ELEMENTRAC CS-i"}]},{"@type":"WebSite","@id":"https:\/\/www.bergmanlabora.se\/fi\/#website","url":"https:\/\/www.bergmanlabora.se\/fi\/","name":"BergmanLabora","description":"En av Sveriges ledande leverant\u00f6rer till den svenska laboratoriemarknaden","potentialAction":[{"@type":"SearchAction","target":{"@type":"EntryPoint","urlTemplate":"https:\/\/www.bergmanlabora.se\/fi\/?s={search_term_string}"},"query-input":{"@type":"PropertyValueSpecification","valueRequired":true,"valueName":"search_term_string"}}],"inLanguage":"fi"}]}},"_links":{"self":[{"href":"https:\/\/www.bergmanlabora.se\/fi\/wp-json\/wp\/v2\/product\/4500","targetHints":{"allow":["GET"]}}],"collection":[{"href":"https:\/\/www.bergmanlabora.se\/fi\/wp-json\/wp\/v2\/product"}],"about":[{"href":"https:\/\/www.bergmanlabora.se\/fi\/wp-json\/wp\/v2\/types\/product"}],"wp:featuredmedia":[{"embeddable":true,"href":"https:\/\/www.bergmanlabora.se\/fi\/wp-json\/wp\/v2\/media\/4591"}],"wp:attachment":[{"href":"https:\/\/www.bergmanlabora.se\/fi\/wp-json\/wp\/v2\/media?parent=4500"}],"wp:term":[{"taxonomy":"product_brand","embeddable":true,"href":"https:\/\/www.bergmanlabora.se\/fi\/wp-json\/wp\/v2\/product_brand?post=4500"},{"taxonomy":"product_cat","embeddable":true,"href":"https:\/\/www.bergmanlabora.se\/fi\/wp-json\/wp\/v2\/product_cat?post=4500"},{"taxonomy":"product_tag","embeddable":true,"href":"https:\/\/www.bergmanlabora.se\/fi\/wp-json\/wp\/v2\/product_tag?post=4500"}],"curies":[{"name":"wp","href":"https:\/\/api.w.org\/{rel}","templated":true}]}}