{"id":4497,"date":"2022-12-16T11:53:03","date_gmt":"2022-12-16T10:53:03","guid":{"rendered":"https:\/\/www.stage.bergmanlabora.se\/?post_type=product&#038;p=4497"},"modified":"2023-06-19T17:54:19","modified_gmt":"2023-06-19T15:54:19","slug":"eltra-elementrac-cs-d","status":"publish","type":"product","link":"https:\/\/www.bergmanlabora.se\/fi\/tuote\/eltra-elementrac-cs-d\/","title":{"rendered":"Eltra ELEMENTRAC CS-d"},"content":{"rendered":"<p>Att genomf\u00f6ra en analys med Eltra ELEMENTRAC CS-d \u00e4r b\u00e5de enkelt och bekv\u00e4mt samt kr\u00e4ver bara n\u00e5gra f\u00e5 steg f\u00f6r genomf\u00f6rande. Den typiska provvikten f\u00f6r kol\/svavelanalys \u00e4r cirka 50 till 1000 mg. Detta \u00e4r tillr\u00e4ckligt f\u00f6r att tillf\u00f6rlitligt detektera koncentrationer fr\u00e5n 1 ppm till 100 %. F\u00f6re f\u00f6rbr\u00e4nningsprocessen \u00e4r det n\u00f6dv\u00e4ndigt att extrahera ett prov fr\u00e5n den initiala m\u00e4ngden som kan variera kraftigt beroende p\u00e5 materialet. Internationella standarder som DIN EN ISO 14284 (Sampling av st\u00e5l och j\u00e4rn) ger en viss orientering.<\/p>\n","protected":false},"excerpt":{"rendered":"<p>ELTRAs ELEMENTRAC CS-d \u00e4r den enda analysatorn p\u00e5 marknaden f\u00f6r best\u00e4mning av kol och svavel i s\u00e5v\u00e4l organiska som oorganiska prover. F\u00f6r detta \u00e4ndam\u00e5l \u00e4r ELEMENTRAC CS-d utrustad med b\u00e5de en induktions- och en motst\u00e5ndsugn (ELTRA Dual Furnace Technology), som t\u00e4cker hela utbudet av kol- och svavelanalys.<\/p>\n","protected":false},"featured_media":4575,"template":"","meta":[],"product_brand":[],"product_cat":[115,114,132,136,18],"product_tag":[],"class_list":{"0":"post-4497","1":"product","2":"type-product","3":"status-publish","4":"has-post-thumbnail","6":"product_cat-c-h-s","7":"product_cat-elementaranalys","8":"product_cat-eltra","9":"product_cat-industri-materialanalys","10":"product_cat-varumarke","12":"first","13":"instock","14":"shipping-taxable","15":"purchasable","16":"product-type-simple"},"yoast_head":"<!-- This site is optimized with the Yoast SEO plugin v27.2 - https:\/\/yoast.com\/product\/yoast-seo-wordpress\/ -->\n<title>Eltra ELEMENTRAC CS-d - BergmanLabora<\/title>\n<meta name=\"robots\" content=\"index, follow, max-snippet:-1, max-image-preview:large, max-video-preview:-1\" \/>\n<link rel=\"canonical\" href=\"https:\/\/www.bergmanlabora.se\/fi\/tuote\/eltra-elementrac-cs-d\/\" \/>\n<meta property=\"og:locale\" content=\"fi_FI\" \/>\n<meta property=\"og:type\" content=\"article\" \/>\n<meta property=\"og:title\" content=\"Eltra ELEMENTRAC CS-d - BergmanLabora\" \/>\n<meta property=\"og:description\" content=\"ELTRAs ELEMENTRAC CS-d \u00e4r den enda analysatorn p\u00e5 marknaden f\u00f6r best\u00e4mning av kol och svavel i s\u00e5v\u00e4l organiska som oorganiska prover. F\u00f6r detta \u00e4ndam\u00e5l \u00e4r ELEMENTRAC CS-d utrustad med b\u00e5de en induktions- och en motst\u00e5ndsugn (ELTRA Dual Furnace Technology), som t\u00e4cker hela utbudet av kol- och svavelanalys.\" \/>\n<meta property=\"og:url\" content=\"https:\/\/www.bergmanlabora.se\/fi\/tuote\/eltra-elementrac-cs-d\/\" \/>\n<meta property=\"og:site_name\" content=\"BergmanLabora\" \/>\n<meta property=\"article:publisher\" content=\"https:\/\/www.facebook.com\/bergmanlabora\/\" \/>\n<meta property=\"article:modified_time\" content=\"2023-06-19T15:54:19+00:00\" \/>\n<meta property=\"og:image\" content=\"https:\/\/www.bergmanlabora.se\/wp-content\/uploads\/2022\/12\/carbon-sulfur-analyzer-elementrac-cs8209d.jpg\" \/>\n\t<meta property=\"og:image:width\" content=\"560\" \/>\n\t<meta property=\"og:image:height\" content=\"560\" \/>\n\t<meta property=\"og:image:type\" content=\"image\/jpeg\" \/>\n<meta name=\"twitter:card\" content=\"summary_large_image\" \/>\n<meta name=\"twitter:label1\" content=\"Arvioitu lukuaika\" \/>\n\t<meta name=\"twitter:data1\" content=\"1 minuutti\" \/>\n<script type=\"application\/ld+json\" class=\"yoast-schema-graph\">{\"@context\":\"https:\/\/schema.org\",\"@graph\":[{\"@type\":\"WebPage\",\"@id\":\"https:\/\/www.bergmanlabora.se\/fi\/tuote\/eltra-elementrac-cs-d\/\",\"url\":\"https:\/\/www.bergmanlabora.se\/fi\/tuote\/eltra-elementrac-cs-d\/\",\"name\":\"Eltra ELEMENTRAC CS-d - BergmanLabora\",\"isPartOf\":{\"@id\":\"https:\/\/www.bergmanlabora.se\/fi\/#website\"},\"primaryImageOfPage\":{\"@id\":\"https:\/\/www.bergmanlabora.se\/fi\/tuote\/eltra-elementrac-cs-d\/#primaryimage\"},\"image\":{\"@id\":\"https:\/\/www.bergmanlabora.se\/fi\/tuote\/eltra-elementrac-cs-d\/#primaryimage\"},\"thumbnailUrl\":\"https:\/\/www.bergmanlabora.se\/wp-content\/uploads\/2022\/12\/carbon-sulfur-analyzer-elementrac-cs8209d.jpg\",\"datePublished\":\"2022-12-16T10:53:03+00:00\",\"dateModified\":\"2023-06-19T15:54:19+00:00\",\"breadcrumb\":{\"@id\":\"https:\/\/www.bergmanlabora.se\/fi\/tuote\/eltra-elementrac-cs-d\/#breadcrumb\"},\"inLanguage\":\"fi\",\"potentialAction\":[{\"@type\":\"ReadAction\",\"target\":[\"https:\/\/www.bergmanlabora.se\/fi\/tuote\/eltra-elementrac-cs-d\/\"]}]},{\"@type\":\"ImageObject\",\"inLanguage\":\"fi\",\"@id\":\"https:\/\/www.bergmanlabora.se\/fi\/tuote\/eltra-elementrac-cs-d\/#primaryimage\",\"url\":\"https:\/\/www.bergmanlabora.se\/wp-content\/uploads\/2022\/12\/carbon-sulfur-analyzer-elementrac-cs8209d.jpg\",\"contentUrl\":\"https:\/\/www.bergmanlabora.se\/wp-content\/uploads\/2022\/12\/carbon-sulfur-analyzer-elementrac-cs8209d.jpg\",\"width\":560,\"height\":560,\"caption\":\"carbon sulfur analyzer elementrac cs8209d\"},{\"@type\":\"BreadcrumbList\",\"@id\":\"https:\/\/www.bergmanlabora.se\/fi\/tuote\/eltra-elementrac-cs-d\/#breadcrumb\",\"itemListElement\":[{\"@type\":\"ListItem\",\"position\":1,\"name\":\"Helma\",\"item\":\"https:\/\/www.bergmanlabora.se\/fi\/maailman-johtavat-laboratoriolaitteet-biotieteille-ja-teollisuudelle\/\"},{\"@type\":\"ListItem\",\"position\":2,\"name\":\"Webbutik\",\"item\":\"https:\/\/www.bergmanlabora.se\/webbutik\/\"},{\"@type\":\"ListItem\",\"position\":3,\"name\":\"Eltra ELEMENTRAC CS-d\"}]},{\"@type\":\"WebSite\",\"@id\":\"https:\/\/www.bergmanlabora.se\/fi\/#website\",\"url\":\"https:\/\/www.bergmanlabora.se\/fi\/\",\"name\":\"BergmanLabora\",\"description\":\"En av Sveriges ledande leverant\u00f6rer till den svenska laboratoriemarknaden\",\"potentialAction\":[{\"@type\":\"SearchAction\",\"target\":{\"@type\":\"EntryPoint\",\"urlTemplate\":\"https:\/\/www.bergmanlabora.se\/fi\/?s={search_term_string}\"},\"query-input\":{\"@type\":\"PropertyValueSpecification\",\"valueRequired\":true,\"valueName\":\"search_term_string\"}}],\"inLanguage\":\"fi\"}]}<\/script>\n<!-- \/ Yoast SEO plugin. -->","yoast_head_json":{"title":"Eltra ELEMENTRAC CS-d - BergmanLabora","robots":{"index":"index","follow":"follow","max-snippet":"max-snippet:-1","max-image-preview":"max-image-preview:large","max-video-preview":"max-video-preview:-1"},"canonical":"https:\/\/www.bergmanlabora.se\/fi\/tuote\/eltra-elementrac-cs-d\/","og_locale":"fi_FI","og_type":"article","og_title":"Eltra ELEMENTRAC CS-d - BergmanLabora","og_description":"ELTRAs ELEMENTRAC CS-d \u00e4r den enda analysatorn p\u00e5 marknaden f\u00f6r best\u00e4mning av kol och svavel i s\u00e5v\u00e4l organiska som oorganiska prover. F\u00f6r detta \u00e4ndam\u00e5l \u00e4r ELEMENTRAC CS-d utrustad med b\u00e5de en induktions- och en motst\u00e5ndsugn (ELTRA Dual Furnace Technology), som t\u00e4cker hela utbudet av kol- och svavelanalys.","og_url":"https:\/\/www.bergmanlabora.se\/fi\/tuote\/eltra-elementrac-cs-d\/","og_site_name":"BergmanLabora","article_publisher":"https:\/\/www.facebook.com\/bergmanlabora\/","article_modified_time":"2023-06-19T15:54:19+00:00","og_image":[{"width":560,"height":560,"url":"https:\/\/www.bergmanlabora.se\/wp-content\/uploads\/2022\/12\/carbon-sulfur-analyzer-elementrac-cs8209d.jpg","type":"image\/jpeg"}],"twitter_card":"summary_large_image","twitter_misc":{"Arvioitu lukuaika":"1 minuutti"},"schema":{"@context":"https:\/\/schema.org","@graph":[{"@type":"WebPage","@id":"https:\/\/www.bergmanlabora.se\/fi\/tuote\/eltra-elementrac-cs-d\/","url":"https:\/\/www.bergmanlabora.se\/fi\/tuote\/eltra-elementrac-cs-d\/","name":"Eltra ELEMENTRAC CS-d - BergmanLabora","isPartOf":{"@id":"https:\/\/www.bergmanlabora.se\/fi\/#website"},"primaryImageOfPage":{"@id":"https:\/\/www.bergmanlabora.se\/fi\/tuote\/eltra-elementrac-cs-d\/#primaryimage"},"image":{"@id":"https:\/\/www.bergmanlabora.se\/fi\/tuote\/eltra-elementrac-cs-d\/#primaryimage"},"thumbnailUrl":"https:\/\/www.bergmanlabora.se\/wp-content\/uploads\/2022\/12\/carbon-sulfur-analyzer-elementrac-cs8209d.jpg","datePublished":"2022-12-16T10:53:03+00:00","dateModified":"2023-06-19T15:54:19+00:00","breadcrumb":{"@id":"https:\/\/www.bergmanlabora.se\/fi\/tuote\/eltra-elementrac-cs-d\/#breadcrumb"},"inLanguage":"fi","potentialAction":[{"@type":"ReadAction","target":["https:\/\/www.bergmanlabora.se\/fi\/tuote\/eltra-elementrac-cs-d\/"]}]},{"@type":"ImageObject","inLanguage":"fi","@id":"https:\/\/www.bergmanlabora.se\/fi\/tuote\/eltra-elementrac-cs-d\/#primaryimage","url":"https:\/\/www.bergmanlabora.se\/wp-content\/uploads\/2022\/12\/carbon-sulfur-analyzer-elementrac-cs8209d.jpg","contentUrl":"https:\/\/www.bergmanlabora.se\/wp-content\/uploads\/2022\/12\/carbon-sulfur-analyzer-elementrac-cs8209d.jpg","width":560,"height":560,"caption":"carbon sulfur analyzer elementrac cs8209d"},{"@type":"BreadcrumbList","@id":"https:\/\/www.bergmanlabora.se\/fi\/tuote\/eltra-elementrac-cs-d\/#breadcrumb","itemListElement":[{"@type":"ListItem","position":1,"name":"Helma","item":"https:\/\/www.bergmanlabora.se\/fi\/maailman-johtavat-laboratoriolaitteet-biotieteille-ja-teollisuudelle\/"},{"@type":"ListItem","position":2,"name":"Webbutik","item":"https:\/\/www.bergmanlabora.se\/webbutik\/"},{"@type":"ListItem","position":3,"name":"Eltra ELEMENTRAC CS-d"}]},{"@type":"WebSite","@id":"https:\/\/www.bergmanlabora.se\/fi\/#website","url":"https:\/\/www.bergmanlabora.se\/fi\/","name":"BergmanLabora","description":"En av Sveriges ledande leverant\u00f6rer till den svenska laboratoriemarknaden","potentialAction":[{"@type":"SearchAction","target":{"@type":"EntryPoint","urlTemplate":"https:\/\/www.bergmanlabora.se\/fi\/?s={search_term_string}"},"query-input":{"@type":"PropertyValueSpecification","valueRequired":true,"valueName":"search_term_string"}}],"inLanguage":"fi"}]}},"_links":{"self":[{"href":"https:\/\/www.bergmanlabora.se\/fi\/wp-json\/wp\/v2\/product\/4497","targetHints":{"allow":["GET"]}}],"collection":[{"href":"https:\/\/www.bergmanlabora.se\/fi\/wp-json\/wp\/v2\/product"}],"about":[{"href":"https:\/\/www.bergmanlabora.se\/fi\/wp-json\/wp\/v2\/types\/product"}],"wp:featuredmedia":[{"embeddable":true,"href":"https:\/\/www.bergmanlabora.se\/fi\/wp-json\/wp\/v2\/media\/4575"}],"wp:attachment":[{"href":"https:\/\/www.bergmanlabora.se\/fi\/wp-json\/wp\/v2\/media?parent=4497"}],"wp:term":[{"taxonomy":"product_brand","embeddable":true,"href":"https:\/\/www.bergmanlabora.se\/fi\/wp-json\/wp\/v2\/product_brand?post=4497"},{"taxonomy":"product_cat","embeddable":true,"href":"https:\/\/www.bergmanlabora.se\/fi\/wp-json\/wp\/v2\/product_cat?post=4497"},{"taxonomy":"product_tag","embeddable":true,"href":"https:\/\/www.bergmanlabora.se\/fi\/wp-json\/wp\/v2\/product_tag?post=4497"}],"curies":[{"name":"wp","href":"https:\/\/api.w.org\/{rel}","templated":true}]}}