{"id":4496,"date":"2022-12-16T11:53:03","date_gmt":"2022-12-16T10:53:03","guid":{"rendered":"https:\/\/www.stage.bergmanlabora.se\/?post_type=product&#038;p=4496"},"modified":"2025-04-28T12:41:00","modified_gmt":"2025-04-28T10:41:00","slug":"eltra-forbrukningsvaror","status":"publish","type":"product","link":"https:\/\/www.bergmanlabora.se\/fi\/tuote\/eltra-forbrukningsvaror\/","title":{"rendered":"Eltra F\u00f6rbrukningsvaror"},"content":{"rendered":"<p>ELTRA erbjuder ett brett utbud av h\u00f6gkvalitativa f\u00f6rbrukningsvaror f\u00f6r elementanalysatorer. ELTRAs f\u00f6rbrukningsvaror \u00e4r inte bara l\u00e4mpliga f\u00f6r deras egna analysatorer, utan \u00e4ven f\u00f6r andra tillverkares.<\/p>\n","protected":false},"excerpt":{"rendered":"<p>ELTRA erbjuder ett brett utbud av h\u00f6gkvalitativa f\u00f6rbrukningsvaror f\u00f6r elementanalysatorer. ELTRAs f\u00f6rbrukningsvaror \u00e4r inte bara l\u00e4mpliga f\u00f6r v\u00e5ra deras analysatorer, utan \u00e4ven f\u00f6r andra tillverkares.<\/p>\n","protected":false},"featured_media":4577,"template":"","meta":[],"product_brand":[],"product_cat":[114,132,118,297,136,18],"product_tag":[],"class_list":{"0":"post-4496","1":"product","2":"type-product","3":"status-publish","4":"has-post-thumbnail","6":"product_cat-elementaranalys","7":"product_cat-eltra","8":"product_cat-forbrukningsvaror-elementaranalys","9":"product_cat-forbrukningsvaror-industri","10":"product_cat-industri-materialanalys","11":"product_cat-varumarke","13":"first","14":"instock","15":"shipping-taxable","16":"purchasable","17":"product-type-simple"},"yoast_head":"<!-- This site is optimized with the Yoast SEO plugin v27.2 - https:\/\/yoast.com\/product\/yoast-seo-wordpress\/ -->\n<title>Eltra F\u00f6rbrukningsvaror - BergmanLabora<\/title>\n<meta name=\"description\" content=\"ELTRA erbjuder ett brett utbud av h\u00f6gkvalitativa f\u00f6rbrukningsvaror f\u00f6r elementanalysatorer.\" \/>\n<meta name=\"robots\" content=\"index, follow, max-snippet:-1, max-image-preview:large, max-video-preview:-1\" \/>\n<link rel=\"canonical\" href=\"https:\/\/www.bergmanlabora.se\/fi\/tuote\/eltra-forbrukningsvaror\/\" \/>\n<meta property=\"og:locale\" content=\"fi_FI\" \/>\n<meta property=\"og:type\" content=\"article\" \/>\n<meta property=\"og:title\" content=\"Eltra F\u00f6rbrukningsvaror - BergmanLabora\" \/>\n<meta property=\"og:description\" content=\"ELTRA erbjuder ett brett utbud av h\u00f6gkvalitativa f\u00f6rbrukningsvaror f\u00f6r elementanalysatorer.\" \/>\n<meta property=\"og:url\" content=\"https:\/\/www.bergmanlabora.se\/fi\/tuote\/eltra-forbrukningsvaror\/\" \/>\n<meta property=\"og:site_name\" content=\"BergmanLabora\" \/>\n<meta property=\"article:publisher\" content=\"https:\/\/www.facebook.com\/bergmanlabora\/\" \/>\n<meta property=\"article:modified_time\" content=\"2025-04-28T10:41:00+00:00\" \/>\n<meta property=\"og:image\" content=\"https:\/\/www.bergmanlabora.se\/wp-content\/uploads\/2022\/12\/llproductnamee-zz06-llproductsconsumablesherosupplement.webp\" \/>\n\t<meta property=\"og:image:width\" content=\"500\" \/>\n\t<meta property=\"og:image:height\" content=\"500\" \/>\n\t<meta property=\"og:image:type\" content=\"image\/webp\" \/>\n<meta name=\"twitter:card\" content=\"summary_large_image\" \/>\n<meta name=\"twitter:label1\" content=\"Arvioitu lukuaika\" \/>\n\t<meta name=\"twitter:data1\" content=\"1 minuutti\" \/>\n<script type=\"application\/ld+json\" class=\"yoast-schema-graph\">{\"@context\":\"https:\/\/schema.org\",\"@graph\":[{\"@type\":\"WebPage\",\"@id\":\"https:\/\/www.bergmanlabora.se\/fi\/tuote\/eltra-forbrukningsvaror\/\",\"url\":\"https:\/\/www.bergmanlabora.se\/fi\/tuote\/eltra-forbrukningsvaror\/\",\"name\":\"Eltra F\u00f6rbrukningsvaror - BergmanLabora\",\"isPartOf\":{\"@id\":\"https:\/\/www.bergmanlabora.se\/fi\/#website\"},\"primaryImageOfPage\":{\"@id\":\"https:\/\/www.bergmanlabora.se\/fi\/tuote\/eltra-forbrukningsvaror\/#primaryimage\"},\"image\":{\"@id\":\"https:\/\/www.bergmanlabora.se\/fi\/tuote\/eltra-forbrukningsvaror\/#primaryimage\"},\"thumbnailUrl\":\"https:\/\/www.bergmanlabora.se\/wp-content\/uploads\/2022\/12\/llproductnamee-zz06-llproductsconsumablesherosupplement.webp\",\"datePublished\":\"2022-12-16T10:53:03+00:00\",\"dateModified\":\"2025-04-28T10:41:00+00:00\",\"description\":\"ELTRA erbjuder ett brett utbud av h\u00f6gkvalitativa f\u00f6rbrukningsvaror f\u00f6r elementanalysatorer.\",\"breadcrumb\":{\"@id\":\"https:\/\/www.bergmanlabora.se\/fi\/tuote\/eltra-forbrukningsvaror\/#breadcrumb\"},\"inLanguage\":\"fi\",\"potentialAction\":[{\"@type\":\"ReadAction\",\"target\":[\"https:\/\/www.bergmanlabora.se\/fi\/tuote\/eltra-forbrukningsvaror\/\"]}]},{\"@type\":\"ImageObject\",\"inLanguage\":\"fi\",\"@id\":\"https:\/\/www.bergmanlabora.se\/fi\/tuote\/eltra-forbrukningsvaror\/#primaryimage\",\"url\":\"https:\/\/www.bergmanlabora.se\/wp-content\/uploads\/2022\/12\/llproductnamee-zz06-llproductsconsumablesherosupplement.webp\",\"contentUrl\":\"https:\/\/www.bergmanlabora.se\/wp-content\/uploads\/2022\/12\/llproductnamee-zz06-llproductsconsumablesherosupplement.webp\",\"width\":500,\"height\":500,\"caption\":\"Eltra consumables\"},{\"@type\":\"BreadcrumbList\",\"@id\":\"https:\/\/www.bergmanlabora.se\/fi\/tuote\/eltra-forbrukningsvaror\/#breadcrumb\",\"itemListElement\":[{\"@type\":\"ListItem\",\"position\":1,\"name\":\"Helma\",\"item\":\"https:\/\/www.bergmanlabora.se\/fi\/maailman-johtavat-laboratoriolaitteet-biotieteille-ja-teollisuudelle\/\"},{\"@type\":\"ListItem\",\"position\":2,\"name\":\"Webbutik\",\"item\":\"https:\/\/www.bergmanlabora.se\/webbutik\/\"},{\"@type\":\"ListItem\",\"position\":3,\"name\":\"Eltra F\u00f6rbrukningsvaror\"}]},{\"@type\":\"WebSite\",\"@id\":\"https:\/\/www.bergmanlabora.se\/fi\/#website\",\"url\":\"https:\/\/www.bergmanlabora.se\/fi\/\",\"name\":\"BergmanLabora\",\"description\":\"En av Sveriges ledande leverant\u00f6rer till den svenska laboratoriemarknaden\",\"potentialAction\":[{\"@type\":\"SearchAction\",\"target\":{\"@type\":\"EntryPoint\",\"urlTemplate\":\"https:\/\/www.bergmanlabora.se\/fi\/?s={search_term_string}\"},\"query-input\":{\"@type\":\"PropertyValueSpecification\",\"valueRequired\":true,\"valueName\":\"search_term_string\"}}],\"inLanguage\":\"fi\"}]}<\/script>\n<!-- \/ Yoast SEO plugin. -->","yoast_head_json":{"title":"Eltra F\u00f6rbrukningsvaror - BergmanLabora","description":"ELTRA erbjuder ett brett utbud av h\u00f6gkvalitativa f\u00f6rbrukningsvaror f\u00f6r elementanalysatorer.","robots":{"index":"index","follow":"follow","max-snippet":"max-snippet:-1","max-image-preview":"max-image-preview:large","max-video-preview":"max-video-preview:-1"},"canonical":"https:\/\/www.bergmanlabora.se\/fi\/tuote\/eltra-forbrukningsvaror\/","og_locale":"fi_FI","og_type":"article","og_title":"Eltra F\u00f6rbrukningsvaror - BergmanLabora","og_description":"ELTRA erbjuder ett brett utbud av h\u00f6gkvalitativa f\u00f6rbrukningsvaror f\u00f6r elementanalysatorer.","og_url":"https:\/\/www.bergmanlabora.se\/fi\/tuote\/eltra-forbrukningsvaror\/","og_site_name":"BergmanLabora","article_publisher":"https:\/\/www.facebook.com\/bergmanlabora\/","article_modified_time":"2025-04-28T10:41:00+00:00","og_image":[{"width":500,"height":500,"url":"https:\/\/www.bergmanlabora.se\/wp-content\/uploads\/2022\/12\/llproductnamee-zz06-llproductsconsumablesherosupplement.webp","type":"image\/webp"}],"twitter_card":"summary_large_image","twitter_misc":{"Arvioitu lukuaika":"1 minuutti"},"schema":{"@context":"https:\/\/schema.org","@graph":[{"@type":"WebPage","@id":"https:\/\/www.bergmanlabora.se\/fi\/tuote\/eltra-forbrukningsvaror\/","url":"https:\/\/www.bergmanlabora.se\/fi\/tuote\/eltra-forbrukningsvaror\/","name":"Eltra F\u00f6rbrukningsvaror - BergmanLabora","isPartOf":{"@id":"https:\/\/www.bergmanlabora.se\/fi\/#website"},"primaryImageOfPage":{"@id":"https:\/\/www.bergmanlabora.se\/fi\/tuote\/eltra-forbrukningsvaror\/#primaryimage"},"image":{"@id":"https:\/\/www.bergmanlabora.se\/fi\/tuote\/eltra-forbrukningsvaror\/#primaryimage"},"thumbnailUrl":"https:\/\/www.bergmanlabora.se\/wp-content\/uploads\/2022\/12\/llproductnamee-zz06-llproductsconsumablesherosupplement.webp","datePublished":"2022-12-16T10:53:03+00:00","dateModified":"2025-04-28T10:41:00+00:00","description":"ELTRA erbjuder ett brett utbud av h\u00f6gkvalitativa f\u00f6rbrukningsvaror f\u00f6r elementanalysatorer.","breadcrumb":{"@id":"https:\/\/www.bergmanlabora.se\/fi\/tuote\/eltra-forbrukningsvaror\/#breadcrumb"},"inLanguage":"fi","potentialAction":[{"@type":"ReadAction","target":["https:\/\/www.bergmanlabora.se\/fi\/tuote\/eltra-forbrukningsvaror\/"]}]},{"@type":"ImageObject","inLanguage":"fi","@id":"https:\/\/www.bergmanlabora.se\/fi\/tuote\/eltra-forbrukningsvaror\/#primaryimage","url":"https:\/\/www.bergmanlabora.se\/wp-content\/uploads\/2022\/12\/llproductnamee-zz06-llproductsconsumablesherosupplement.webp","contentUrl":"https:\/\/www.bergmanlabora.se\/wp-content\/uploads\/2022\/12\/llproductnamee-zz06-llproductsconsumablesherosupplement.webp","width":500,"height":500,"caption":"Eltra consumables"},{"@type":"BreadcrumbList","@id":"https:\/\/www.bergmanlabora.se\/fi\/tuote\/eltra-forbrukningsvaror\/#breadcrumb","itemListElement":[{"@type":"ListItem","position":1,"name":"Helma","item":"https:\/\/www.bergmanlabora.se\/fi\/maailman-johtavat-laboratoriolaitteet-biotieteille-ja-teollisuudelle\/"},{"@type":"ListItem","position":2,"name":"Webbutik","item":"https:\/\/www.bergmanlabora.se\/webbutik\/"},{"@type":"ListItem","position":3,"name":"Eltra F\u00f6rbrukningsvaror"}]},{"@type":"WebSite","@id":"https:\/\/www.bergmanlabora.se\/fi\/#website","url":"https:\/\/www.bergmanlabora.se\/fi\/","name":"BergmanLabora","description":"En av Sveriges ledande leverant\u00f6rer till den svenska laboratoriemarknaden","potentialAction":[{"@type":"SearchAction","target":{"@type":"EntryPoint","urlTemplate":"https:\/\/www.bergmanlabora.se\/fi\/?s={search_term_string}"},"query-input":{"@type":"PropertyValueSpecification","valueRequired":true,"valueName":"search_term_string"}}],"inLanguage":"fi"}]}},"_links":{"self":[{"href":"https:\/\/www.bergmanlabora.se\/fi\/wp-json\/wp\/v2\/product\/4496","targetHints":{"allow":["GET"]}}],"collection":[{"href":"https:\/\/www.bergmanlabora.se\/fi\/wp-json\/wp\/v2\/product"}],"about":[{"href":"https:\/\/www.bergmanlabora.se\/fi\/wp-json\/wp\/v2\/types\/product"}],"wp:featuredmedia":[{"embeddable":true,"href":"https:\/\/www.bergmanlabora.se\/fi\/wp-json\/wp\/v2\/media\/4577"}],"wp:attachment":[{"href":"https:\/\/www.bergmanlabora.se\/fi\/wp-json\/wp\/v2\/media?parent=4496"}],"wp:term":[{"taxonomy":"product_brand","embeddable":true,"href":"https:\/\/www.bergmanlabora.se\/fi\/wp-json\/wp\/v2\/product_brand?post=4496"},{"taxonomy":"product_cat","embeddable":true,"href":"https:\/\/www.bergmanlabora.se\/fi\/wp-json\/wp\/v2\/product_cat?post=4496"},{"taxonomy":"product_tag","embeddable":true,"href":"https:\/\/www.bergmanlabora.se\/fi\/wp-json\/wp\/v2\/product_tag?post=4496"}],"curies":[{"name":"wp","href":"https:\/\/api.w.org\/{rel}","templated":true}]}}