{"id":3752,"date":"2022-02-15T16:02:48","date_gmt":"2022-02-15T15:02:48","guid":{"rendered":"https:\/\/www.stage.bergmanlabora.se\/?post_type=product&#038;p=3752"},"modified":"2024-01-21T20:06:12","modified_gmt":"2024-01-21T19:06:12","slug":"nikon-nis-elements-l","status":"publish","type":"product","link":"https:\/\/www.bergmanlabora.se\/fi\/tuote\/nikon-nis-elements-l\/","title":{"rendered":"Nikon NIS-Elements L"},"content":{"rendered":"<h3>Mikroskopibilder utan dator och avancerad programvara<\/h3>\n<p>NIS-Elements L \u00e4r en surfplattabaserad programvara\/styrenhet f\u00f6r Nikon\u2019s kameror Digital Sight 10, Digital Sight 1000 och DS-Fi3. Du kan enkelt visa bilder och styra inst\u00e4llningarna f\u00f6r kameran utan att beh\u00f6va dator och avancerad programvara. Denna surfplatta kommer f\u00f6rinstallerad med NIS-L och \u00e4r enkel att koppla upp mot din Nikon kamera.<\/p>\n<h3>Enkel att anv\u00e4nda<\/h3>\n<p>Enkla menyer och intuitiva ikoner f\u00f6r funktioner som bildtagning, sparande av bilder och visning av bilder g\u00f6r att man inte beh\u00f6ver l\u00e4gga tid p\u00e5 att l\u00e4ra sig en avancerad mjukvara utan man kan fokusera p\u00e5 att jobba med sina bilder. Du styr alla kamerainst\u00e4llningar manuellt eller med autoexponering och bilderna sparas automatiskt i din folder. Surfplattan har peksk\u00e4rmsfunktionalitet vilket ger snabb och enkel kontroll.<\/p>\n<h3>M\u00e5nga verktyg f\u00f6r visning, m\u00e4tning och kommentarer<\/h3>\n<p>NIS-L har m\u00e5nga funktioner f\u00f6r visning samt enkla m\u00e4t- och annoteringsverktyg. Du kan dela sk\u00e4rmen f\u00f6r att visa en livebild p\u00e5 v\u00e4nster sida av sk\u00e4rmen f\u00f6r j\u00e4mf\u00f6relse med en sparad bild p\u00e5 h\u00f6gra sidan. Eller s\u00e5 kan bilden visas upp i helsk\u00e4rm. NIS-L st\u00f6der livebilder, stillbilder, samt videoupptagning vilket ger flexibilitet. Du kommer ocks\u00e5 att se metadata som kamerainformation, kalibrering samt histogram. Det \u00e4r ocks\u00e5 m\u00f6jligt att g\u00f6ra enkla m\u00e4tningar i bilden, l\u00e4gga p\u00e5 skalor, samt l\u00e4gga till figurer och text p\u00e5 bilden.<\/p>\n<h3>Streaming funktion f\u00f6r undervisning<\/h3>\n<p>NIS-Elements L-sk\u00e4rmen kan enkelt kopplas upp mot andra datorer och mobila enheter som finns i samma n\u00e4tverk. Du kan enkelt dela med dig av vad du ser genom mikroskopet med till exempel alla elever i klassrummet.<\/p>\n<h3>Kontakta produktspecialist:<\/h3>\n<table class=\"kontaktpersoner\">\n<tbody>\n<tr>\n<td><img decoding=\"async\" class=\"alignnone size-full wp-image-947 lazyload\" data-src=\"https:\/\/www.bergmanlabora.se\/wp-content\/uploads\/2021\/05\/Torgeir.png\" alt=\"\" width=\"200\" height=\"200\" src=\"data:image\/svg+xml;base64,PHN2ZyB3aWR0aD0iMSIgaGVpZ2h0PSIxIiB4bWxucz0iaHR0cDovL3d3dy53My5vcmcvMjAwMC9zdmciPjwvc3ZnPg==\" style=\"--smush-placeholder-width: 200px; --smush-placeholder-aspect-ratio: 200\/200;\" \/><\/p>\n<p><strong>Torgeir Dahlen<\/strong><br \/>\ntorgeir.dahlen@bergmanlabora.se<br \/>\nTel: 08-625 18 01<\/td>\n<td><img decoding=\"async\" class=\"alignnone size-full wp-image-943 lazyload\" data-src=\"https:\/\/www.bergmanlabora.se\/wp-content\/uploads\/2021\/05\/Johan.png\" alt=\"\" width=\"200\" height=\"200\" src=\"data:image\/svg+xml;base64,PHN2ZyB3aWR0aD0iMSIgaGVpZ2h0PSIxIiB4bWxucz0iaHR0cDovL3d3dy53My5vcmcvMjAwMC9zdmciPjwvc3ZnPg==\" style=\"--smush-placeholder-width: 200px; --smush-placeholder-aspect-ratio: 200\/200;\" \/><\/p>\n<p><strong>Johan Sternemalm<\/strong><br \/>\njohan.sternemalm@bergmanlabora.se<br \/>\nTel: 031-10 54 40<\/td>\n<\/tr>\n<\/tbody>\n<\/table>\n","protected":false},"excerpt":{"rendered":"<p>Surfplattabaserad programvara f\u00f6r visning av bilder samt bildtagning med Nikon\u2019s mikroskopikameror<\/p>\n","protected":false},"featured_media":6031,"template":"","meta":[],"product_brand":[],"product_cat":[136,135,20,19,38,18],"product_tag":[],"class_list":{"0":"post-3752","1":"product","2":"type-product","3":"status-publish","4":"has-post-thumbnail","6":"product_cat-industri-materialanalys","7":"product_cat-lifescience-kliniska-applikationer","8":"product_cat-mikroskopi","9":"product_cat-nikon","10":"product_cat-programvara","11":"product_cat-varumarke","13":"first","14":"instock","15":"shipping-taxable","16":"purchasable","17":"product-type-simple"},"yoast_head":"<!-- This site is optimized with the Yoast SEO plugin v27.2 - https:\/\/yoast.com\/product\/yoast-seo-wordpress\/ -->\n<title>Nikon NIS-Elements L - BergmanLabora<\/title>\n<meta name=\"description\" content=\"NIS-Elements L \u00e4r en surfplattabaserad programvara\/styrenhet f\u00f6r Nikon\u2019s kameror Digital Sight 10, Digital Sight 1000 och DS-Fi3.\" \/>\n<meta name=\"robots\" content=\"index, follow, max-snippet:-1, max-image-preview:large, max-video-preview:-1\" \/>\n<link rel=\"canonical\" href=\"https:\/\/www.bergmanlabora.se\/fi\/tuote\/nikon-nis-elements-l\/\" \/>\n<meta property=\"og:locale\" content=\"fi_FI\" \/>\n<meta property=\"og:type\" content=\"article\" \/>\n<meta property=\"og:title\" content=\"Nikon NIS-Elements L - BergmanLabora\" \/>\n<meta property=\"og:description\" content=\"NIS-Elements L \u00e4r en surfplattabaserad programvara\/styrenhet f\u00f6r Nikon\u2019s kameror Digital Sight 10, Digital Sight 1000 och DS-Fi3.\" \/>\n<meta property=\"og:url\" content=\"https:\/\/www.bergmanlabora.se\/fi\/tuote\/nikon-nis-elements-l\/\" \/>\n<meta property=\"og:site_name\" content=\"BergmanLabora\" \/>\n<meta property=\"article:publisher\" content=\"https:\/\/www.facebook.com\/bergmanlabora\/\" \/>\n<meta property=\"article:modified_time\" content=\"2024-01-21T19:06:12+00:00\" \/>\n<meta property=\"og:image\" content=\"https:\/\/www.bergmanlabora.se\/wp-content\/uploads\/2022\/02\/MIK54_1-.webp\" \/>\n\t<meta property=\"og:image:width\" content=\"800\" \/>\n\t<meta property=\"og:image:height\" content=\"800\" \/>\n\t<meta property=\"og:image:type\" content=\"image\/webp\" \/>\n<meta name=\"twitter:card\" content=\"summary_large_image\" \/>\n<meta name=\"twitter:label1\" content=\"Arvioitu lukuaika\" \/>\n\t<meta name=\"twitter:data1\" content=\"2 minuuttia\" \/>\n<script type=\"application\/ld+json\" class=\"yoast-schema-graph\">{\"@context\":\"https:\/\/schema.org\",\"@graph\":[{\"@type\":\"WebPage\",\"@id\":\"https:\/\/www.bergmanlabora.se\/fi\/tuote\/nikon-nis-elements-l\/\",\"url\":\"https:\/\/www.bergmanlabora.se\/fi\/tuote\/nikon-nis-elements-l\/\",\"name\":\"Nikon NIS-Elements L - BergmanLabora\",\"isPartOf\":{\"@id\":\"https:\/\/www.bergmanlabora.se\/fi\/#website\"},\"primaryImageOfPage\":{\"@id\":\"https:\/\/www.bergmanlabora.se\/fi\/tuote\/nikon-nis-elements-l\/#primaryimage\"},\"image\":{\"@id\":\"https:\/\/www.bergmanlabora.se\/fi\/tuote\/nikon-nis-elements-l\/#primaryimage\"},\"thumbnailUrl\":\"https:\/\/www.bergmanlabora.se\/wp-content\/uploads\/2022\/02\/MIK54_1-.webp\",\"datePublished\":\"2022-02-15T15:02:48+00:00\",\"dateModified\":\"2024-01-21T19:06:12+00:00\",\"description\":\"NIS-Elements L \u00e4r en surfplattabaserad programvara\/styrenhet f\u00f6r Nikon\u2019s kameror Digital Sight 10, Digital Sight 1000 och DS-Fi3.\",\"breadcrumb\":{\"@id\":\"https:\/\/www.bergmanlabora.se\/fi\/tuote\/nikon-nis-elements-l\/#breadcrumb\"},\"inLanguage\":\"fi\",\"potentialAction\":[{\"@type\":\"ReadAction\",\"target\":[\"https:\/\/www.bergmanlabora.se\/fi\/tuote\/nikon-nis-elements-l\/\"]}]},{\"@type\":\"ImageObject\",\"inLanguage\":\"fi\",\"@id\":\"https:\/\/www.bergmanlabora.se\/fi\/tuote\/nikon-nis-elements-l\/#primaryimage\",\"url\":\"https:\/\/www.bergmanlabora.se\/wp-content\/uploads\/2022\/02\/MIK54_1-.webp\",\"contentUrl\":\"https:\/\/www.bergmanlabora.se\/wp-content\/uploads\/2022\/02\/MIK54_1-.webp\",\"width\":800,\"height\":800,\"caption\":\"Nikon NIS-Elements L\"},{\"@type\":\"BreadcrumbList\",\"@id\":\"https:\/\/www.bergmanlabora.se\/fi\/tuote\/nikon-nis-elements-l\/#breadcrumb\",\"itemListElement\":[{\"@type\":\"ListItem\",\"position\":1,\"name\":\"Helma\",\"item\":\"https:\/\/www.bergmanlabora.se\/fi\/maailman-johtavat-laboratoriolaitteet-biotieteille-ja-teollisuudelle\/\"},{\"@type\":\"ListItem\",\"position\":2,\"name\":\"Webbutik\",\"item\":\"https:\/\/www.bergmanlabora.se\/webbutik\/\"},{\"@type\":\"ListItem\",\"position\":3,\"name\":\"Nikon NIS-Elements L\"}]},{\"@type\":\"WebSite\",\"@id\":\"https:\/\/www.bergmanlabora.se\/fi\/#website\",\"url\":\"https:\/\/www.bergmanlabora.se\/fi\/\",\"name\":\"BergmanLabora\",\"description\":\"En av Sveriges ledande leverant\u00f6rer till den svenska laboratoriemarknaden\",\"potentialAction\":[{\"@type\":\"SearchAction\",\"target\":{\"@type\":\"EntryPoint\",\"urlTemplate\":\"https:\/\/www.bergmanlabora.se\/fi\/?s={search_term_string}\"},\"query-input\":{\"@type\":\"PropertyValueSpecification\",\"valueRequired\":true,\"valueName\":\"search_term_string\"}}],\"inLanguage\":\"fi\"}]}<\/script>\n<!-- \/ Yoast SEO plugin. -->","yoast_head_json":{"title":"Nikon NIS-Elements L - BergmanLabora","description":"NIS-Elements L \u00e4r en surfplattabaserad programvara\/styrenhet f\u00f6r Nikon\u2019s kameror Digital Sight 10, Digital Sight 1000 och DS-Fi3.","robots":{"index":"index","follow":"follow","max-snippet":"max-snippet:-1","max-image-preview":"max-image-preview:large","max-video-preview":"max-video-preview:-1"},"canonical":"https:\/\/www.bergmanlabora.se\/fi\/tuote\/nikon-nis-elements-l\/","og_locale":"fi_FI","og_type":"article","og_title":"Nikon NIS-Elements L - BergmanLabora","og_description":"NIS-Elements L \u00e4r en surfplattabaserad programvara\/styrenhet f\u00f6r Nikon\u2019s kameror Digital Sight 10, Digital Sight 1000 och DS-Fi3.","og_url":"https:\/\/www.bergmanlabora.se\/fi\/tuote\/nikon-nis-elements-l\/","og_site_name":"BergmanLabora","article_publisher":"https:\/\/www.facebook.com\/bergmanlabora\/","article_modified_time":"2024-01-21T19:06:12+00:00","og_image":[{"width":800,"height":800,"url":"https:\/\/www.bergmanlabora.se\/wp-content\/uploads\/2022\/02\/MIK54_1-.webp","type":"image\/webp"}],"twitter_card":"summary_large_image","twitter_misc":{"Arvioitu lukuaika":"2 minuuttia"},"schema":{"@context":"https:\/\/schema.org","@graph":[{"@type":"WebPage","@id":"https:\/\/www.bergmanlabora.se\/fi\/tuote\/nikon-nis-elements-l\/","url":"https:\/\/www.bergmanlabora.se\/fi\/tuote\/nikon-nis-elements-l\/","name":"Nikon NIS-Elements L - BergmanLabora","isPartOf":{"@id":"https:\/\/www.bergmanlabora.se\/fi\/#website"},"primaryImageOfPage":{"@id":"https:\/\/www.bergmanlabora.se\/fi\/tuote\/nikon-nis-elements-l\/#primaryimage"},"image":{"@id":"https:\/\/www.bergmanlabora.se\/fi\/tuote\/nikon-nis-elements-l\/#primaryimage"},"thumbnailUrl":"https:\/\/www.bergmanlabora.se\/wp-content\/uploads\/2022\/02\/MIK54_1-.webp","datePublished":"2022-02-15T15:02:48+00:00","dateModified":"2024-01-21T19:06:12+00:00","description":"NIS-Elements L \u00e4r en surfplattabaserad programvara\/styrenhet f\u00f6r Nikon\u2019s kameror Digital Sight 10, Digital Sight 1000 och DS-Fi3.","breadcrumb":{"@id":"https:\/\/www.bergmanlabora.se\/fi\/tuote\/nikon-nis-elements-l\/#breadcrumb"},"inLanguage":"fi","potentialAction":[{"@type":"ReadAction","target":["https:\/\/www.bergmanlabora.se\/fi\/tuote\/nikon-nis-elements-l\/"]}]},{"@type":"ImageObject","inLanguage":"fi","@id":"https:\/\/www.bergmanlabora.se\/fi\/tuote\/nikon-nis-elements-l\/#primaryimage","url":"https:\/\/www.bergmanlabora.se\/wp-content\/uploads\/2022\/02\/MIK54_1-.webp","contentUrl":"https:\/\/www.bergmanlabora.se\/wp-content\/uploads\/2022\/02\/MIK54_1-.webp","width":800,"height":800,"caption":"Nikon NIS-Elements L"},{"@type":"BreadcrumbList","@id":"https:\/\/www.bergmanlabora.se\/fi\/tuote\/nikon-nis-elements-l\/#breadcrumb","itemListElement":[{"@type":"ListItem","position":1,"name":"Helma","item":"https:\/\/www.bergmanlabora.se\/fi\/maailman-johtavat-laboratoriolaitteet-biotieteille-ja-teollisuudelle\/"},{"@type":"ListItem","position":2,"name":"Webbutik","item":"https:\/\/www.bergmanlabora.se\/webbutik\/"},{"@type":"ListItem","position":3,"name":"Nikon NIS-Elements L"}]},{"@type":"WebSite","@id":"https:\/\/www.bergmanlabora.se\/fi\/#website","url":"https:\/\/www.bergmanlabora.se\/fi\/","name":"BergmanLabora","description":"En av Sveriges ledande leverant\u00f6rer till den svenska laboratoriemarknaden","potentialAction":[{"@type":"SearchAction","target":{"@type":"EntryPoint","urlTemplate":"https:\/\/www.bergmanlabora.se\/fi\/?s={search_term_string}"},"query-input":{"@type":"PropertyValueSpecification","valueRequired":true,"valueName":"search_term_string"}}],"inLanguage":"fi"}]}},"_links":{"self":[{"href":"https:\/\/www.bergmanlabora.se\/fi\/wp-json\/wp\/v2\/product\/3752","targetHints":{"allow":["GET"]}}],"collection":[{"href":"https:\/\/www.bergmanlabora.se\/fi\/wp-json\/wp\/v2\/product"}],"about":[{"href":"https:\/\/www.bergmanlabora.se\/fi\/wp-json\/wp\/v2\/types\/product"}],"wp:featuredmedia":[{"embeddable":true,"href":"https:\/\/www.bergmanlabora.se\/fi\/wp-json\/wp\/v2\/media\/6031"}],"wp:attachment":[{"href":"https:\/\/www.bergmanlabora.se\/fi\/wp-json\/wp\/v2\/media?parent=3752"}],"wp:term":[{"taxonomy":"product_brand","embeddable":true,"href":"https:\/\/www.bergmanlabora.se\/fi\/wp-json\/wp\/v2\/product_brand?post=3752"},{"taxonomy":"product_cat","embeddable":true,"href":"https:\/\/www.bergmanlabora.se\/fi\/wp-json\/wp\/v2\/product_cat?post=3752"},{"taxonomy":"product_tag","embeddable":true,"href":"https:\/\/www.bergmanlabora.se\/fi\/wp-json\/wp\/v2\/product_tag?post=3752"}],"curies":[{"name":"wp","href":"https:\/\/api.w.org\/{rel}","templated":true}]}}