{"id":3745,"date":"2022-02-15T08:51:08","date_gmt":"2022-02-15T07:51:08","guid":{"rendered":"https:\/\/www.stage.bergmanlabora.se\/?post_type=product&#038;p=3745"},"modified":"2023-11-15T16:06:50","modified_gmt":"2023-11-15T15:06:50","slug":"paketpris-nikon-eclipse-ma100n-inkl-wifi-kamera","status":"publish","type":"product","link":"https:\/\/www.bergmanlabora.se\/fi\/tuote\/paketpris-nikon-eclipse-ma100n-inkl-wifi-kamera\/","title":{"rendered":"Paketpris Nikon Eclipse MA100N inkl. WiFi kamera"},"content":{"rendered":"<h2>Kompakt inverterat mikroskop med wifi-kamera<\/h2>\n<p>Det inverterade rutinmaterialmikroskopet Nikon MA100N har f\u00e5tt en specialdesignad 12Mp wifi-kamera som ger m\u00f6jlighet att ta bilder direkt via telefon eller surfplatta. Kameran kan ocks\u00e5 kopplas direkt till en HDMI-sk\u00e4rm, men kan \u00e4ven kopplas till PC via USB f\u00f6r bildtagning via medf\u00f6ljande mjukvara. En mycket smidig l\u00f6sning f\u00f6r rutin materiallabbet som snabbt vill dokumentera olika material och detaljer som svetsar, mm.<\/p>\n<h3>I paketet ing\u00e5r:<\/h3>\n<ul>\n<li><strong>Inverterat materialmikroskop MA100N<\/strong>, 220\/240V kompakt och stabilt inverterat mikroskop f\u00f6r ljusf\u00e4lt och<br \/>\npolarisation, inbyggd LED-belysning, framflyttade och l\u00e5gt placerade fokuseringsvred f\u00f6r god ergonomi,<br \/>\n5-h\u00e5ls objektivrevolver, binokul\u00e4r tub f\u00f6rberett f\u00f6r fotoutg\u00e5ng, levereras med dammskydd.<\/li>\n<li><strong>N\u00e4tkabel<\/strong><\/li>\n<li><strong>C-W Okular 10X B<\/strong> (2 st \u00e1) fokuserbara med utskruvbar retikelh\u00e5llare, synf\u00e4lt 22 mm.<\/li>\n<li><strong>MA-SP-N Objektbord<\/strong>, fast, inkluderar 2 st il\u00e4ggsskivor i akrylplast<\/li>\n<li><strong>T1-SM Objektf\u00f6rare<\/strong> med X\/Y drev, plats f\u00f6r h\u00e5llare\/il\u00e4ggsskivor f\u00f6r olika typer av prover. Objektf\u00f6raren kan avl\u00e4gsnas f\u00f6r ren bordsyta.<\/li>\n<li><strong>MA-SH1-N Preparath\u00e5llare<\/strong>, passar objektf\u00f6rare MFC35004<\/li>\n<li><strong>MA-SH2-N Preparath\u00e5llare<\/strong>, passar objektf\u00f6rare MFC35004<\/li>\n<li><strong>MA11-P\/A Simple Polarizing Set<\/strong><\/li>\n<li><strong>Objektiv MTI LE Plan Epi 5X<\/strong> (NA\/WD : 0.10\/31mm)<\/li>\n<li><strong>Objektiv MTI LE Plan Epi 10X<\/strong> (NA\/WD : 0.25\/13mm)<\/li>\n<li><strong>Objektiv MTI LE Plan Epi 20X<\/strong> (NA\/WD : 0.40\/3.6mm)<\/li>\n<li><strong>Objektiv MTI LE Plan Epi 50X<\/strong> (NA\/WD : 0.75\/0.50mm)<\/li>\n<li><strong>WiFi kamera 12Mpix<\/strong> inbyggt i 50\/50 kamerautg\u00e5ng passande Nikon Ts2\/MA100N, 4000 x 3000 pixlar, chipstorlek 1\/2.3&#8243;, kopplas till extern HDMI-sk\u00e4rm eller till app i telefon\/surfplatta via kamerans inbyggda 5GHz WiFi (IEEE 802.11ac), kan \u00e4ven kopplas till PC via USB och kontrolleras fr\u00e5n mjukvara<\/li>\n<\/ul>\n<p>&nbsp;<\/p>\n<h3>Kontakta produktspecialist:<\/h3>\n<table class=\"kontaktpersoner\">\n<tbody>\n<tr>\n<td><img decoding=\"async\" class=\"alignnone size-full wp-image-947 lazyload\" data-src=\"https:\/\/www.bergmanlabora.se\/wp-content\/uploads\/2021\/05\/Torgeir.png\" alt=\"\" width=\"200\" height=\"200\" src=\"data:image\/svg+xml;base64,PHN2ZyB3aWR0aD0iMSIgaGVpZ2h0PSIxIiB4bWxucz0iaHR0cDovL3d3dy53My5vcmcvMjAwMC9zdmciPjwvc3ZnPg==\" style=\"--smush-placeholder-width: 200px; --smush-placeholder-aspect-ratio: 200\/200;\" \/><\/p>\n<p><strong>Torgeir Dahlen<\/strong><br \/>\ntorgeir.dahlen@bergmanlabora.se<br \/>\nTel: 08-625 18 01<\/td>\n<td><img decoding=\"async\" class=\"alignnone size-full wp-image-943 lazyload\" data-src=\"https:\/\/www.bergmanlabora.se\/wp-content\/uploads\/2021\/05\/Johan.png\" alt=\"\" width=\"200\" height=\"200\" src=\"data:image\/svg+xml;base64,PHN2ZyB3aWR0aD0iMSIgaGVpZ2h0PSIxIiB4bWxucz0iaHR0cDovL3d3dy53My5vcmcvMjAwMC9zdmciPjwvc3ZnPg==\" style=\"--smush-placeholder-width: 200px; --smush-placeholder-aspect-ratio: 200\/200;\" \/><\/p>\n<p><strong>Johan Sternemalm<\/strong><br \/>\njohan.sternemalm@bergmanlabora.se<br \/>\nTel: 031-10 54 40<\/td>\n<\/tr>\n<\/tbody>\n<\/table>\n","protected":false},"excerpt":{"rendered":"<p>Nikon Eclipse MA100N \u00e4r ett anv\u00e4ndarv\u00e4nligt, inverterat mikroskop f\u00f6r industriella\/material applikationer med \u00f6verl\u00e4gsen bildkvalitet, ett litet kostnadseffektivt fotavtryck. I detta paket ing\u00e5r \u00e4ven en specialdesignad 12Mp wifi-kamera.<\/p>\n","protected":false},"featured_media":1331,"template":"","meta":[],"product_brand":[],"product_cat":[21,20],"product_tag":[],"class_list":{"0":"post-3745","1":"product","2":"type-product","3":"status-publish","4":"has-post-thumbnail","6":"product_cat-inverterat-mikroskop","7":"product_cat-mikroskopi","9":"first","10":"instock","11":"shipping-taxable","12":"purchasable","13":"product-type-simple"},"yoast_head":"<!-- This site is optimized with the Yoast SEO plugin v27.2 - https:\/\/yoast.com\/product\/yoast-seo-wordpress\/ -->\n<title>Nikon Eclipse MA100N inkl. WiFi kamera<\/title>\n<meta name=\"description\" content=\"Det inverterade rutinmaterialmikroskopet Nikon MA100N har f\u00e5tt en specialdesignad 12Mp wifi-kamera som ger m\u00f6jlighet att ta bilder direkt via telefon eller surfplatta.\" \/>\n<meta name=\"robots\" content=\"index, follow, max-snippet:-1, max-image-preview:large, max-video-preview:-1\" \/>\n<link rel=\"canonical\" href=\"https:\/\/www.bergmanlabora.se\/fi\/tuote\/paketpris-nikon-eclipse-ma100n-inkl-wifi-kamera\/\" \/>\n<meta property=\"og:locale\" content=\"fi_FI\" \/>\n<meta property=\"og:type\" content=\"article\" \/>\n<meta property=\"og:title\" content=\"Nikon Eclipse MA100N inkl. WiFi kamera\" \/>\n<meta property=\"og:description\" content=\"Det inverterade rutinmaterialmikroskopet Nikon MA100N har f\u00e5tt en specialdesignad 12Mp wifi-kamera som ger m\u00f6jlighet att ta bilder direkt via telefon eller surfplatta.\" \/>\n<meta property=\"og:url\" content=\"https:\/\/www.bergmanlabora.se\/fi\/tuote\/paketpris-nikon-eclipse-ma100n-inkl-wifi-kamera\/\" \/>\n<meta property=\"og:site_name\" content=\"BergmanLabora\" \/>\n<meta property=\"article:publisher\" content=\"https:\/\/www.facebook.com\/bergmanlabora\/\" \/>\n<meta property=\"article:modified_time\" content=\"2023-11-15T15:06:50+00:00\" \/>\n<meta property=\"og:image\" content=\"https:\/\/www.bergmanlabora.se\/wp-content\/uploads\/2021\/04\/MIK19_1.jpg\" \/>\n\t<meta property=\"og:image:width\" content=\"800\" \/>\n\t<meta property=\"og:image:height\" content=\"800\" \/>\n\t<meta property=\"og:image:type\" content=\"image\/jpeg\" \/>\n<meta name=\"twitter:card\" content=\"summary_large_image\" \/>\n<meta name=\"twitter:label1\" content=\"Arvioitu lukuaika\" \/>\n\t<meta name=\"twitter:data1\" content=\"2 minuuttia\" \/>\n<script type=\"application\/ld+json\" class=\"yoast-schema-graph\">{\"@context\":\"https:\/\/schema.org\",\"@graph\":[{\"@type\":\"WebPage\",\"@id\":\"https:\/\/www.bergmanlabora.se\/fi\/tuote\/paketpris-nikon-eclipse-ma100n-inkl-wifi-kamera\/\",\"url\":\"https:\/\/www.bergmanlabora.se\/fi\/tuote\/paketpris-nikon-eclipse-ma100n-inkl-wifi-kamera\/\",\"name\":\"Nikon Eclipse MA100N inkl. WiFi kamera\",\"isPartOf\":{\"@id\":\"https:\/\/www.bergmanlabora.se\/fi\/#website\"},\"primaryImageOfPage\":{\"@id\":\"https:\/\/www.bergmanlabora.se\/fi\/tuote\/paketpris-nikon-eclipse-ma100n-inkl-wifi-kamera\/#primaryimage\"},\"image\":{\"@id\":\"https:\/\/www.bergmanlabora.se\/fi\/tuote\/paketpris-nikon-eclipse-ma100n-inkl-wifi-kamera\/#primaryimage\"},\"thumbnailUrl\":\"https:\/\/www.bergmanlabora.se\/wp-content\/uploads\/2021\/04\/MIK19_1.jpg\",\"datePublished\":\"2022-02-15T07:51:08+00:00\",\"dateModified\":\"2023-11-15T15:06:50+00:00\",\"description\":\"Det inverterade rutinmaterialmikroskopet Nikon MA100N har f\u00e5tt en specialdesignad 12Mp wifi-kamera som ger m\u00f6jlighet att ta bilder direkt via telefon eller surfplatta.\",\"breadcrumb\":{\"@id\":\"https:\/\/www.bergmanlabora.se\/fi\/tuote\/paketpris-nikon-eclipse-ma100n-inkl-wifi-kamera\/#breadcrumb\"},\"inLanguage\":\"fi\",\"potentialAction\":[{\"@type\":\"ReadAction\",\"target\":[\"https:\/\/www.bergmanlabora.se\/fi\/tuote\/paketpris-nikon-eclipse-ma100n-inkl-wifi-kamera\/\"]}]},{\"@type\":\"ImageObject\",\"inLanguage\":\"fi\",\"@id\":\"https:\/\/www.bergmanlabora.se\/fi\/tuote\/paketpris-nikon-eclipse-ma100n-inkl-wifi-kamera\/#primaryimage\",\"url\":\"https:\/\/www.bergmanlabora.se\/wp-content\/uploads\/2021\/04\/MIK19_1.jpg\",\"contentUrl\":\"https:\/\/www.bergmanlabora.se\/wp-content\/uploads\/2021\/04\/MIK19_1.jpg\",\"width\":800,\"height\":800,\"caption\":\"Inverterat mikroskop Nikon Eclipse MA100N\"},{\"@type\":\"BreadcrumbList\",\"@id\":\"https:\/\/www.bergmanlabora.se\/fi\/tuote\/paketpris-nikon-eclipse-ma100n-inkl-wifi-kamera\/#breadcrumb\",\"itemListElement\":[{\"@type\":\"ListItem\",\"position\":1,\"name\":\"Helma\",\"item\":\"https:\/\/www.bergmanlabora.se\/fi\/maailman-johtavat-laboratoriolaitteet-biotieteille-ja-teollisuudelle\/\"},{\"@type\":\"ListItem\",\"position\":2,\"name\":\"Webbutik\",\"item\":\"https:\/\/www.bergmanlabora.se\/webbutik\/\"},{\"@type\":\"ListItem\",\"position\":3,\"name\":\"Paketpris Nikon Eclipse MA100N inkl. WiFi kamera\"}]},{\"@type\":\"WebSite\",\"@id\":\"https:\/\/www.bergmanlabora.se\/fi\/#website\",\"url\":\"https:\/\/www.bergmanlabora.se\/fi\/\",\"name\":\"BergmanLabora\",\"description\":\"En av Sveriges ledande leverant\u00f6rer till den svenska laboratoriemarknaden\",\"potentialAction\":[{\"@type\":\"SearchAction\",\"target\":{\"@type\":\"EntryPoint\",\"urlTemplate\":\"https:\/\/www.bergmanlabora.se\/fi\/?s={search_term_string}\"},\"query-input\":{\"@type\":\"PropertyValueSpecification\",\"valueRequired\":true,\"valueName\":\"search_term_string\"}}],\"inLanguage\":\"fi\"}]}<\/script>\n<!-- \/ Yoast SEO plugin. -->","yoast_head_json":{"title":"Nikon Eclipse MA100N inkl. WiFi kamera","description":"Det inverterade rutinmaterialmikroskopet Nikon MA100N har f\u00e5tt en specialdesignad 12Mp wifi-kamera som ger m\u00f6jlighet att ta bilder direkt via telefon eller surfplatta.","robots":{"index":"index","follow":"follow","max-snippet":"max-snippet:-1","max-image-preview":"max-image-preview:large","max-video-preview":"max-video-preview:-1"},"canonical":"https:\/\/www.bergmanlabora.se\/fi\/tuote\/paketpris-nikon-eclipse-ma100n-inkl-wifi-kamera\/","og_locale":"fi_FI","og_type":"article","og_title":"Nikon Eclipse MA100N inkl. WiFi kamera","og_description":"Det inverterade rutinmaterialmikroskopet Nikon MA100N har f\u00e5tt en specialdesignad 12Mp wifi-kamera som ger m\u00f6jlighet att ta bilder direkt via telefon eller surfplatta.","og_url":"https:\/\/www.bergmanlabora.se\/fi\/tuote\/paketpris-nikon-eclipse-ma100n-inkl-wifi-kamera\/","og_site_name":"BergmanLabora","article_publisher":"https:\/\/www.facebook.com\/bergmanlabora\/","article_modified_time":"2023-11-15T15:06:50+00:00","og_image":[{"width":800,"height":800,"url":"https:\/\/www.bergmanlabora.se\/wp-content\/uploads\/2021\/04\/MIK19_1.jpg","type":"image\/jpeg"}],"twitter_card":"summary_large_image","twitter_misc":{"Arvioitu lukuaika":"2 minuuttia"},"schema":{"@context":"https:\/\/schema.org","@graph":[{"@type":"WebPage","@id":"https:\/\/www.bergmanlabora.se\/fi\/tuote\/paketpris-nikon-eclipse-ma100n-inkl-wifi-kamera\/","url":"https:\/\/www.bergmanlabora.se\/fi\/tuote\/paketpris-nikon-eclipse-ma100n-inkl-wifi-kamera\/","name":"Nikon Eclipse MA100N inkl. WiFi kamera","isPartOf":{"@id":"https:\/\/www.bergmanlabora.se\/fi\/#website"},"primaryImageOfPage":{"@id":"https:\/\/www.bergmanlabora.se\/fi\/tuote\/paketpris-nikon-eclipse-ma100n-inkl-wifi-kamera\/#primaryimage"},"image":{"@id":"https:\/\/www.bergmanlabora.se\/fi\/tuote\/paketpris-nikon-eclipse-ma100n-inkl-wifi-kamera\/#primaryimage"},"thumbnailUrl":"https:\/\/www.bergmanlabora.se\/wp-content\/uploads\/2021\/04\/MIK19_1.jpg","datePublished":"2022-02-15T07:51:08+00:00","dateModified":"2023-11-15T15:06:50+00:00","description":"Det inverterade rutinmaterialmikroskopet Nikon MA100N har f\u00e5tt en specialdesignad 12Mp wifi-kamera som ger m\u00f6jlighet att ta bilder direkt via telefon eller surfplatta.","breadcrumb":{"@id":"https:\/\/www.bergmanlabora.se\/fi\/tuote\/paketpris-nikon-eclipse-ma100n-inkl-wifi-kamera\/#breadcrumb"},"inLanguage":"fi","potentialAction":[{"@type":"ReadAction","target":["https:\/\/www.bergmanlabora.se\/fi\/tuote\/paketpris-nikon-eclipse-ma100n-inkl-wifi-kamera\/"]}]},{"@type":"ImageObject","inLanguage":"fi","@id":"https:\/\/www.bergmanlabora.se\/fi\/tuote\/paketpris-nikon-eclipse-ma100n-inkl-wifi-kamera\/#primaryimage","url":"https:\/\/www.bergmanlabora.se\/wp-content\/uploads\/2021\/04\/MIK19_1.jpg","contentUrl":"https:\/\/www.bergmanlabora.se\/wp-content\/uploads\/2021\/04\/MIK19_1.jpg","width":800,"height":800,"caption":"Inverterat mikroskop Nikon Eclipse MA100N"},{"@type":"BreadcrumbList","@id":"https:\/\/www.bergmanlabora.se\/fi\/tuote\/paketpris-nikon-eclipse-ma100n-inkl-wifi-kamera\/#breadcrumb","itemListElement":[{"@type":"ListItem","position":1,"name":"Helma","item":"https:\/\/www.bergmanlabora.se\/fi\/maailman-johtavat-laboratoriolaitteet-biotieteille-ja-teollisuudelle\/"},{"@type":"ListItem","position":2,"name":"Webbutik","item":"https:\/\/www.bergmanlabora.se\/webbutik\/"},{"@type":"ListItem","position":3,"name":"Paketpris Nikon Eclipse MA100N inkl. WiFi kamera"}]},{"@type":"WebSite","@id":"https:\/\/www.bergmanlabora.se\/fi\/#website","url":"https:\/\/www.bergmanlabora.se\/fi\/","name":"BergmanLabora","description":"En av Sveriges ledande leverant\u00f6rer till den svenska laboratoriemarknaden","potentialAction":[{"@type":"SearchAction","target":{"@type":"EntryPoint","urlTemplate":"https:\/\/www.bergmanlabora.se\/fi\/?s={search_term_string}"},"query-input":{"@type":"PropertyValueSpecification","valueRequired":true,"valueName":"search_term_string"}}],"inLanguage":"fi"}]}},"_links":{"self":[{"href":"https:\/\/www.bergmanlabora.se\/fi\/wp-json\/wp\/v2\/product\/3745","targetHints":{"allow":["GET"]}}],"collection":[{"href":"https:\/\/www.bergmanlabora.se\/fi\/wp-json\/wp\/v2\/product"}],"about":[{"href":"https:\/\/www.bergmanlabora.se\/fi\/wp-json\/wp\/v2\/types\/product"}],"wp:featuredmedia":[{"embeddable":true,"href":"https:\/\/www.bergmanlabora.se\/fi\/wp-json\/wp\/v2\/media\/1331"}],"wp:attachment":[{"href":"https:\/\/www.bergmanlabora.se\/fi\/wp-json\/wp\/v2\/media?parent=3745"}],"wp:term":[{"taxonomy":"product_brand","embeddable":true,"href":"https:\/\/www.bergmanlabora.se\/fi\/wp-json\/wp\/v2\/product_brand?post=3745"},{"taxonomy":"product_cat","embeddable":true,"href":"https:\/\/www.bergmanlabora.se\/fi\/wp-json\/wp\/v2\/product_cat?post=3745"},{"taxonomy":"product_tag","embeddable":true,"href":"https:\/\/www.bergmanlabora.se\/fi\/wp-json\/wp\/v2\/product_tag?post=3745"}],"curies":[{"name":"wp","href":"https:\/\/api.w.org\/{rel}","templated":true}]}}