{"id":3652,"date":"2021-11-17T21:39:48","date_gmt":"2021-11-17T20:39:48","guid":{"rendered":"https:\/\/www.stage.bergmanlabora.se\/?post_type=product&#038;p=3652"},"modified":"2023-11-15T16:07:31","modified_gmt":"2023-11-15T15:07:31","slug":"paketpris-nikon-eclipse-ts2-med-wifi-kamera","status":"publish","type":"product","link":"https:\/\/www.bergmanlabora.se\/fi\/tuote\/paketpris-nikon-eclipse-ts2-med-wifi-kamera\/","title":{"rendered":"Paketpris Nikon Eclipse Ts2 med wifi kamera"},"content":{"rendered":"<p>Det inverterade rutinmikroskopet Nikon Ts2 har f\u00e5tt en specialdesignad 12Mp wifi-kamera som ger m\u00f6jlighet att ta bilder direkt via telefon eller surfplatta. Kameran kan ocks\u00e5 kopplas direkt till en HDMI-sk\u00e4rm, men kan \u00e4ven kopplas till PC via USB f\u00f6r bildtagning via medf\u00f6ljande mjukvara. En mycket smidig l\u00f6sning f\u00f6r rutinlabbet som snabbt vill dokumentera vad som h\u00e4nder med sina celler.<\/p>\n<h3>I paketet ing\u00e5r:<\/h3>\n<ul>\n<li><strong>Inverterat mikroskopstativ Nikon Eclipse Ts2<\/strong>, ett stabilt, robust och flexibelt rutinmikroskop med inbyggd transformator, genomfallande LED belysning, ELWD kondensor med N.A. 0,30 och arbetsavst\u00e5nd 75 mm, objektbord med l\u00e5g h\u00f6jd och framflyttade, l\u00e5gt placerade fokuseringsvred f\u00f6r god ergonomi, 5-h\u00e5ls objektivrevolver, binokul\u00e4r tub, str\u00e5ldelarprisma 100% \/ 100%, kan utrustas med kamera genom separat adapter samt tillbeh\u00f6r f\u00f6r nyutvecklade kontrastmetoden &#8221;Emboss contrast&#8221;, levereras med dammskydd.<\/li>\n<li><strong>N\u00e4tkabel<\/strong><\/li>\n<li><strong>T1-SNCP Fasslid<\/strong>, f\u00f6rcentrerad f\u00f6r faskontrast PhL, Ph1 + tom position<\/li>\n<li><strong>TS2-W10X Okular<\/strong> 10X (2 st \u00e1) fokuserbara med utskruvbar retikelh\u00e5llare, synf\u00e4lt 22 mm.<\/li>\n<li><strong>Objektiv CFI Akromat Planf\u00e4lt 4X<\/strong> N.A. 0.10, W.D. 30.0 mm<\/li>\n<li><strong>Objektiv CFI Akromat ADL 10X<\/strong> N.A. 0.25, W.D. 6.2 mm, Ph1, t\u00e4ckglaskorrektion 1.2 mm<\/li>\n<li><strong>Objektiv CFI Akromat LWD ADL 20X<\/strong> F N.A. 0.40, W.D. 3.1 mm, Ph1, t\u00e4ckglaskorrektion 1.2 mm<\/li>\n<li><strong>Objektiv CFI Akromat LWD ADL 40<\/strong>X F N.A. 0.55, W.D. 2.1 mm, Ph1, t\u00e4ckglaskorrektion 1.2 mm<\/li>\n<li><strong>WiFi kamera <\/strong>12Mpix inbyggt i 50\/50 kamerautg\u00e5ng passande Nikon Ts2\/MA100N 4000 x 3000 pixlar, chipstorlek 1\/2.3&#8243;, kopplas till extern HDMI-sk\u00e4rm eller till app i telefon\/surfplatta via kamerans inbyggda 5GHz WiFi (IEEE 802.11ac), kan \u00e4ven kopplas till PC via USB och kontrolleras fr\u00e5n mjukvara<\/li>\n<\/ul>\n<p>&nbsp;<\/p>\n<p>&nbsp;<\/p>\n<h3>Kontakta produktspecialist:<\/h3>\n<table class=\"kontaktpersoner\">\n<tbody>\n<tr>\n<td><img decoding=\"async\" class=\"alignnone size-full wp-image-947 lazyload\" data-src=\"https:\/\/www.bergmanlabora.se\/wp-content\/uploads\/2021\/05\/Torgeir.png\" alt=\"\" width=\"200\" height=\"200\" src=\"data:image\/svg+xml;base64,PHN2ZyB3aWR0aD0iMSIgaGVpZ2h0PSIxIiB4bWxucz0iaHR0cDovL3d3dy53My5vcmcvMjAwMC9zdmciPjwvc3ZnPg==\" style=\"--smush-placeholder-width: 200px; --smush-placeholder-aspect-ratio: 200\/200;\" \/><\/p>\n<p><strong>Torgeir Dahlen<\/strong><br \/>\ntorgeir.dahlen@bergmanlabora.se<br \/>\nTel: 08-625 18 01<\/td>\n<td><img decoding=\"async\" class=\"alignnone size-full wp-image-943 lazyload\" data-src=\"https:\/\/www.bergmanlabora.se\/wp-content\/uploads\/2021\/05\/Johan.png\" alt=\"\" width=\"200\" height=\"200\" src=\"data:image\/svg+xml;base64,PHN2ZyB3aWR0aD0iMSIgaGVpZ2h0PSIxIiB4bWxucz0iaHR0cDovL3d3dy53My5vcmcvMjAwMC9zdmciPjwvc3ZnPg==\" style=\"--smush-placeholder-width: 200px; --smush-placeholder-aspect-ratio: 200\/200;\" \/><\/p>\n<p><strong>Johan Sternemalm<\/strong><br \/>\njohan.sternemalm@bergmanlabora.se<br \/>\nTel: 031-10 54 40<\/td>\n<\/tr>\n<\/tbody>\n<\/table>\n","protected":false},"excerpt":{"rendered":"<p>Paketerbjudande med det inverterade rutinmikroskopet Nikon Eclipse Ts2 och en specialdesignad 12MP wifi-kamera som ger m\u00f6jlighet att ta bilder direkt via telefon eller surfplatta.<\/p>\n","protected":false},"featured_media":1312,"template":"","meta":[],"product_brand":[],"product_cat":[21,20],"product_tag":[],"class_list":{"0":"post-3652","1":"product","2":"type-product","3":"status-publish","4":"has-post-thumbnail","6":"product_cat-inverterat-mikroskop","7":"product_cat-mikroskopi","9":"first","10":"instock","11":"shipping-taxable","12":"purchasable","13":"product-type-simple"},"yoast_head":"<!-- This site is optimized with the Yoast SEO plugin v27.2 - https:\/\/yoast.com\/product\/yoast-seo-wordpress\/ -->\n<title>Paketpris Nikon Eclipse Ts2 med wifi kamera - BergmanLabora<\/title>\n<meta name=\"robots\" content=\"index, follow, max-snippet:-1, max-image-preview:large, max-video-preview:-1\" \/>\n<link rel=\"canonical\" href=\"https:\/\/www.bergmanlabora.se\/fi\/tuote\/paketpris-nikon-eclipse-ts2-med-wifi-kamera\/\" \/>\n<meta property=\"og:locale\" content=\"fi_FI\" \/>\n<meta property=\"og:type\" content=\"article\" \/>\n<meta property=\"og:title\" content=\"Paketpris Nikon Eclipse Ts2 med wifi kamera - BergmanLabora\" \/>\n<meta property=\"og:description\" content=\"Paketerbjudande med det inverterade rutinmikroskopet Nikon Eclipse Ts2 och en specialdesignad 12MP wifi-kamera som ger m\u00f6jlighet att ta bilder direkt via telefon eller surfplatta.\" \/>\n<meta property=\"og:url\" content=\"https:\/\/www.bergmanlabora.se\/fi\/tuote\/paketpris-nikon-eclipse-ts2-med-wifi-kamera\/\" \/>\n<meta property=\"og:site_name\" content=\"BergmanLabora\" \/>\n<meta property=\"article:publisher\" content=\"https:\/\/www.facebook.com\/bergmanlabora\/\" \/>\n<meta property=\"article:modified_time\" content=\"2023-11-15T15:07:31+00:00\" \/>\n<meta property=\"og:image\" content=\"https:\/\/www.bergmanlabora.se\/wp-content\/uploads\/2021\/04\/MIK16_1.jpg\" \/>\n\t<meta property=\"og:image:width\" content=\"800\" \/>\n\t<meta property=\"og:image:height\" content=\"800\" \/>\n\t<meta property=\"og:image:type\" content=\"image\/jpeg\" \/>\n<meta name=\"twitter:card\" content=\"summary_large_image\" \/>\n<meta name=\"twitter:label1\" content=\"Arvioitu lukuaika\" \/>\n\t<meta name=\"twitter:data1\" content=\"2 minuuttia\" \/>\n<script type=\"application\/ld+json\" class=\"yoast-schema-graph\">{\"@context\":\"https:\/\/schema.org\",\"@graph\":[{\"@type\":\"WebPage\",\"@id\":\"https:\/\/www.bergmanlabora.se\/fi\/tuote\/paketpris-nikon-eclipse-ts2-med-wifi-kamera\/\",\"url\":\"https:\/\/www.bergmanlabora.se\/fi\/tuote\/paketpris-nikon-eclipse-ts2-med-wifi-kamera\/\",\"name\":\"Paketpris Nikon Eclipse Ts2 med wifi kamera - BergmanLabora\",\"isPartOf\":{\"@id\":\"https:\/\/www.bergmanlabora.se\/fi\/#website\"},\"primaryImageOfPage\":{\"@id\":\"https:\/\/www.bergmanlabora.se\/fi\/tuote\/paketpris-nikon-eclipse-ts2-med-wifi-kamera\/#primaryimage\"},\"image\":{\"@id\":\"https:\/\/www.bergmanlabora.se\/fi\/tuote\/paketpris-nikon-eclipse-ts2-med-wifi-kamera\/#primaryimage\"},\"thumbnailUrl\":\"https:\/\/www.bergmanlabora.se\/wp-content\/uploads\/2021\/04\/MIK16_1.jpg\",\"datePublished\":\"2021-11-17T20:39:48+00:00\",\"dateModified\":\"2023-11-15T15:07:31+00:00\",\"breadcrumb\":{\"@id\":\"https:\/\/www.bergmanlabora.se\/fi\/tuote\/paketpris-nikon-eclipse-ts2-med-wifi-kamera\/#breadcrumb\"},\"inLanguage\":\"fi\",\"potentialAction\":[{\"@type\":\"ReadAction\",\"target\":[\"https:\/\/www.bergmanlabora.se\/fi\/tuote\/paketpris-nikon-eclipse-ts2-med-wifi-kamera\/\"]}]},{\"@type\":\"ImageObject\",\"inLanguage\":\"fi\",\"@id\":\"https:\/\/www.bergmanlabora.se\/fi\/tuote\/paketpris-nikon-eclipse-ts2-med-wifi-kamera\/#primaryimage\",\"url\":\"https:\/\/www.bergmanlabora.se\/wp-content\/uploads\/2021\/04\/MIK16_1.jpg\",\"contentUrl\":\"https:\/\/www.bergmanlabora.se\/wp-content\/uploads\/2021\/04\/MIK16_1.jpg\",\"width\":800,\"height\":800,\"caption\":\"Inverterat mikroskop Nikon Eclipse Ts2\/Ts2-FL\"},{\"@type\":\"BreadcrumbList\",\"@id\":\"https:\/\/www.bergmanlabora.se\/fi\/tuote\/paketpris-nikon-eclipse-ts2-med-wifi-kamera\/#breadcrumb\",\"itemListElement\":[{\"@type\":\"ListItem\",\"position\":1,\"name\":\"Helma\",\"item\":\"https:\/\/www.bergmanlabora.se\/fi\/maailman-johtavat-laboratoriolaitteet-biotieteille-ja-teollisuudelle\/\"},{\"@type\":\"ListItem\",\"position\":2,\"name\":\"Webbutik\",\"item\":\"https:\/\/www.bergmanlabora.se\/webbutik\/\"},{\"@type\":\"ListItem\",\"position\":3,\"name\":\"Paketpris Nikon Eclipse Ts2 med wifi kamera\"}]},{\"@type\":\"WebSite\",\"@id\":\"https:\/\/www.bergmanlabora.se\/fi\/#website\",\"url\":\"https:\/\/www.bergmanlabora.se\/fi\/\",\"name\":\"BergmanLabora\",\"description\":\"En av Sveriges ledande leverant\u00f6rer till den svenska laboratoriemarknaden\",\"potentialAction\":[{\"@type\":\"SearchAction\",\"target\":{\"@type\":\"EntryPoint\",\"urlTemplate\":\"https:\/\/www.bergmanlabora.se\/fi\/?s={search_term_string}\"},\"query-input\":{\"@type\":\"PropertyValueSpecification\",\"valueRequired\":true,\"valueName\":\"search_term_string\"}}],\"inLanguage\":\"fi\"}]}<\/script>\n<!-- \/ Yoast SEO plugin. -->","yoast_head_json":{"title":"Paketpris Nikon Eclipse Ts2 med wifi kamera - BergmanLabora","robots":{"index":"index","follow":"follow","max-snippet":"max-snippet:-1","max-image-preview":"max-image-preview:large","max-video-preview":"max-video-preview:-1"},"canonical":"https:\/\/www.bergmanlabora.se\/fi\/tuote\/paketpris-nikon-eclipse-ts2-med-wifi-kamera\/","og_locale":"fi_FI","og_type":"article","og_title":"Paketpris Nikon Eclipse Ts2 med wifi kamera - BergmanLabora","og_description":"Paketerbjudande med det inverterade rutinmikroskopet Nikon Eclipse Ts2 och en specialdesignad 12MP wifi-kamera som ger m\u00f6jlighet att ta bilder direkt via telefon eller surfplatta.","og_url":"https:\/\/www.bergmanlabora.se\/fi\/tuote\/paketpris-nikon-eclipse-ts2-med-wifi-kamera\/","og_site_name":"BergmanLabora","article_publisher":"https:\/\/www.facebook.com\/bergmanlabora\/","article_modified_time":"2023-11-15T15:07:31+00:00","og_image":[{"width":800,"height":800,"url":"https:\/\/www.bergmanlabora.se\/wp-content\/uploads\/2021\/04\/MIK16_1.jpg","type":"image\/jpeg"}],"twitter_card":"summary_large_image","twitter_misc":{"Arvioitu lukuaika":"2 minuuttia"},"schema":{"@context":"https:\/\/schema.org","@graph":[{"@type":"WebPage","@id":"https:\/\/www.bergmanlabora.se\/fi\/tuote\/paketpris-nikon-eclipse-ts2-med-wifi-kamera\/","url":"https:\/\/www.bergmanlabora.se\/fi\/tuote\/paketpris-nikon-eclipse-ts2-med-wifi-kamera\/","name":"Paketpris Nikon Eclipse Ts2 med wifi kamera - BergmanLabora","isPartOf":{"@id":"https:\/\/www.bergmanlabora.se\/fi\/#website"},"primaryImageOfPage":{"@id":"https:\/\/www.bergmanlabora.se\/fi\/tuote\/paketpris-nikon-eclipse-ts2-med-wifi-kamera\/#primaryimage"},"image":{"@id":"https:\/\/www.bergmanlabora.se\/fi\/tuote\/paketpris-nikon-eclipse-ts2-med-wifi-kamera\/#primaryimage"},"thumbnailUrl":"https:\/\/www.bergmanlabora.se\/wp-content\/uploads\/2021\/04\/MIK16_1.jpg","datePublished":"2021-11-17T20:39:48+00:00","dateModified":"2023-11-15T15:07:31+00:00","breadcrumb":{"@id":"https:\/\/www.bergmanlabora.se\/fi\/tuote\/paketpris-nikon-eclipse-ts2-med-wifi-kamera\/#breadcrumb"},"inLanguage":"fi","potentialAction":[{"@type":"ReadAction","target":["https:\/\/www.bergmanlabora.se\/fi\/tuote\/paketpris-nikon-eclipse-ts2-med-wifi-kamera\/"]}]},{"@type":"ImageObject","inLanguage":"fi","@id":"https:\/\/www.bergmanlabora.se\/fi\/tuote\/paketpris-nikon-eclipse-ts2-med-wifi-kamera\/#primaryimage","url":"https:\/\/www.bergmanlabora.se\/wp-content\/uploads\/2021\/04\/MIK16_1.jpg","contentUrl":"https:\/\/www.bergmanlabora.se\/wp-content\/uploads\/2021\/04\/MIK16_1.jpg","width":800,"height":800,"caption":"Inverterat mikroskop Nikon Eclipse Ts2\/Ts2-FL"},{"@type":"BreadcrumbList","@id":"https:\/\/www.bergmanlabora.se\/fi\/tuote\/paketpris-nikon-eclipse-ts2-med-wifi-kamera\/#breadcrumb","itemListElement":[{"@type":"ListItem","position":1,"name":"Helma","item":"https:\/\/www.bergmanlabora.se\/fi\/maailman-johtavat-laboratoriolaitteet-biotieteille-ja-teollisuudelle\/"},{"@type":"ListItem","position":2,"name":"Webbutik","item":"https:\/\/www.bergmanlabora.se\/webbutik\/"},{"@type":"ListItem","position":3,"name":"Paketpris Nikon Eclipse Ts2 med wifi kamera"}]},{"@type":"WebSite","@id":"https:\/\/www.bergmanlabora.se\/fi\/#website","url":"https:\/\/www.bergmanlabora.se\/fi\/","name":"BergmanLabora","description":"En av Sveriges ledande leverant\u00f6rer till den svenska laboratoriemarknaden","potentialAction":[{"@type":"SearchAction","target":{"@type":"EntryPoint","urlTemplate":"https:\/\/www.bergmanlabora.se\/fi\/?s={search_term_string}"},"query-input":{"@type":"PropertyValueSpecification","valueRequired":true,"valueName":"search_term_string"}}],"inLanguage":"fi"}]}},"_links":{"self":[{"href":"https:\/\/www.bergmanlabora.se\/fi\/wp-json\/wp\/v2\/product\/3652","targetHints":{"allow":["GET"]}}],"collection":[{"href":"https:\/\/www.bergmanlabora.se\/fi\/wp-json\/wp\/v2\/product"}],"about":[{"href":"https:\/\/www.bergmanlabora.se\/fi\/wp-json\/wp\/v2\/types\/product"}],"wp:featuredmedia":[{"embeddable":true,"href":"https:\/\/www.bergmanlabora.se\/fi\/wp-json\/wp\/v2\/media\/1312"}],"wp:attachment":[{"href":"https:\/\/www.bergmanlabora.se\/fi\/wp-json\/wp\/v2\/media?parent=3652"}],"wp:term":[{"taxonomy":"product_brand","embeddable":true,"href":"https:\/\/www.bergmanlabora.se\/fi\/wp-json\/wp\/v2\/product_brand?post=3652"},{"taxonomy":"product_cat","embeddable":true,"href":"https:\/\/www.bergmanlabora.se\/fi\/wp-json\/wp\/v2\/product_cat?post=3652"},{"taxonomy":"product_tag","embeddable":true,"href":"https:\/\/www.bergmanlabora.se\/fi\/wp-json\/wp\/v2\/product_tag?post=3652"}],"curies":[{"name":"wp","href":"https:\/\/api.w.org\/{rel}","templated":true}]}}