{"id":3650,"date":"2021-11-17T21:26:17","date_gmt":"2021-11-17T20:26:17","guid":{"rendered":"https:\/\/www.stage.bergmanlabora.se\/?post_type=product&#038;p=3650"},"modified":"2023-11-15T16:06:27","modified_gmt":"2023-11-15T15:06:27","slug":"paketpris-nikon-eclipse-ci-l-plus-med-kamera-och-mjukvara","status":"publish","type":"product","link":"https:\/\/www.bergmanlabora.se\/fi\/tuote\/paketpris-nikon-eclipse-ci-l-plus-med-kamera-och-mjukvara\/","title":{"rendered":"Paketpris Nikon Eclipse Ci-L plus med kamera och mjukvara"},"content":{"rendered":"<p>Nikon har uppgraderat sin popul\u00e4ra Eclipse Ci-L! Samma fina LED-belysning fast nu med en minnesfunktion f\u00f6r varje objektivposition. Dessutom finns det en inbyggd timer \u2013 ett s\u00e5 kallat ECO-mode \u2013 som st\u00e4nger av ljuset automatiskt efter vald tidsperiod f\u00f6r att undvika on\u00f6dig elf\u00f6rbrukning. Mikroskopet levereras med en 6-h\u00e5ls objektivrevolver som automatiskt ger korrekt kalibreringsinforamtion till kameramjukvaran.<\/p>\n<p>NIS-Elements Documentation \u00e4r en mjukvara f\u00f6r dokumentation och enkla m\u00e4tningar. Perfekt f\u00f6r kliniska och industriella applikationer d\u00e4r dokumentation och kvalitets kontroll st\u00e5r i fokus.<\/p>\n<p>&nbsp;<\/p>\n<h3>Kontakta produktspecialist:<\/h3>\n<table class=\"kontaktpersoner\">\n<tbody>\n<tr>\n<td><img decoding=\"async\" class=\"alignnone size-full wp-image-947 lazyload\" data-src=\"https:\/\/www.bergmanlabora.se\/wp-content\/uploads\/2021\/05\/Torgeir.png\" alt=\"\" width=\"200\" height=\"200\" src=\"data:image\/svg+xml;base64,PHN2ZyB3aWR0aD0iMSIgaGVpZ2h0PSIxIiB4bWxucz0iaHR0cDovL3d3dy53My5vcmcvMjAwMC9zdmciPjwvc3ZnPg==\" style=\"--smush-placeholder-width: 200px; --smush-placeholder-aspect-ratio: 200\/200;\" \/><\/p>\n<p><strong>Torgeir Dahlen<\/strong><br \/>\ntorgeir.dahlen@bergmanlabora.se<br \/>\nTel: 08-625 18 01<\/td>\n<td><img decoding=\"async\" class=\"alignnone size-full wp-image-943 lazyload\" data-src=\"https:\/\/www.bergmanlabora.se\/wp-content\/uploads\/2021\/05\/Johan.png\" alt=\"\" width=\"200\" height=\"200\" src=\"data:image\/svg+xml;base64,PHN2ZyB3aWR0aD0iMSIgaGVpZ2h0PSIxIiB4bWxucz0iaHR0cDovL3d3dy53My5vcmcvMjAwMC9zdmciPjwvc3ZnPg==\" style=\"--smush-placeholder-width: 200px; --smush-placeholder-aspect-ratio: 200\/200;\" \/><\/p>\n<p><strong>Johan Sternemalm<\/strong><br \/>\njohan.sternemalm@bergmanlabora.se<br \/>\nTel: 031-10 54 40<\/td>\n<\/tr>\n<\/tbody>\n<\/table>\n","protected":false},"excerpt":{"rendered":"<p>Paketerbjudande! Nikon Eclipse Ci-L Plus med en 5MP kamera och Nikons NIS Elements D mjukvaran. \u00d6nskas exempelvis en st\u00e4llbar ergonomitub eller faskontrast kan \u00e4ven detta inkluderas. Kontakta oss f\u00f6r mer information.<\/p>\n","protected":false},"featured_media":3659,"template":"","meta":[],"product_brand":[],"product_cat":[20,32],"product_tag":[],"class_list":{"0":"post-3650","1":"product","2":"type-product","3":"status-publish","4":"has-post-thumbnail","6":"product_cat-mikroskopi","7":"product_cat-rattvant-mikroskop","9":"first","10":"instock","11":"shipping-taxable","12":"purchasable","13":"product-type-simple"},"yoast_head":"<!-- This site is optimized with the Yoast SEO plugin v27.2 - https:\/\/yoast.com\/product\/yoast-seo-wordpress\/ -->\n<title>Paketpris Nikon Eclipse Ci-L plus med kamera och mjukvara - BergmanLabora<\/title>\n<meta name=\"robots\" content=\"index, follow, max-snippet:-1, max-image-preview:large, max-video-preview:-1\" \/>\n<link rel=\"canonical\" href=\"https:\/\/www.bergmanlabora.se\/fi\/tuote\/paketpris-nikon-eclipse-ci-l-plus-med-kamera-och-mjukvara\/\" \/>\n<meta property=\"og:locale\" content=\"fi_FI\" \/>\n<meta property=\"og:type\" content=\"article\" \/>\n<meta property=\"og:title\" content=\"Paketpris Nikon Eclipse Ci-L plus med kamera och mjukvara - BergmanLabora\" \/>\n<meta property=\"og:description\" content=\"Paketerbjudande! Nikon Eclipse Ci-L Plus med en 5MP kamera och Nikons NIS Elements D mjukvaran. \u00d6nskas exempelvis en st\u00e4llbar ergonomitub eller faskontrast kan \u00e4ven detta inkluderas. Kontakta oss f\u00f6r mer information.\" \/>\n<meta property=\"og:url\" content=\"https:\/\/www.bergmanlabora.se\/fi\/tuote\/paketpris-nikon-eclipse-ci-l-plus-med-kamera-och-mjukvara\/\" \/>\n<meta property=\"og:site_name\" content=\"BergmanLabora\" \/>\n<meta property=\"article:publisher\" content=\"https:\/\/www.facebook.com\/bergmanlabora\/\" \/>\n<meta property=\"article:modified_time\" content=\"2023-11-15T15:06:27+00:00\" \/>\n<meta property=\"og:image\" content=\"https:\/\/www.bergmanlabora.se\/wp-content\/uploads\/2021\/11\/Nikon_Ci-L_plus_L_handle_yellow-min.jpg\" \/>\n\t<meta property=\"og:image:width\" content=\"800\" \/>\n\t<meta property=\"og:image:height\" content=\"800\" \/>\n\t<meta property=\"og:image:type\" content=\"image\/jpeg\" \/>\n<meta name=\"twitter:card\" content=\"summary_large_image\" \/>\n<meta name=\"twitter:label1\" content=\"Arvioitu lukuaika\" \/>\n\t<meta name=\"twitter:data1\" content=\"1 minuutti\" \/>\n<script type=\"application\/ld+json\" class=\"yoast-schema-graph\">{\"@context\":\"https:\/\/schema.org\",\"@graph\":[{\"@type\":\"WebPage\",\"@id\":\"https:\/\/www.bergmanlabora.se\/fi\/tuote\/paketpris-nikon-eclipse-ci-l-plus-med-kamera-och-mjukvara\/\",\"url\":\"https:\/\/www.bergmanlabora.se\/fi\/tuote\/paketpris-nikon-eclipse-ci-l-plus-med-kamera-och-mjukvara\/\",\"name\":\"Paketpris Nikon Eclipse Ci-L plus med kamera och mjukvara - BergmanLabora\",\"isPartOf\":{\"@id\":\"https:\/\/www.bergmanlabora.se\/fi\/#website\"},\"primaryImageOfPage\":{\"@id\":\"https:\/\/www.bergmanlabora.se\/fi\/tuote\/paketpris-nikon-eclipse-ci-l-plus-med-kamera-och-mjukvara\/#primaryimage\"},\"image\":{\"@id\":\"https:\/\/www.bergmanlabora.se\/fi\/tuote\/paketpris-nikon-eclipse-ci-l-plus-med-kamera-och-mjukvara\/#primaryimage\"},\"thumbnailUrl\":\"https:\/\/www.bergmanlabora.se\/wp-content\/uploads\/2021\/11\/Nikon_Ci-L_plus_L_handle_yellow-min.jpg\",\"datePublished\":\"2021-11-17T20:26:17+00:00\",\"dateModified\":\"2023-11-15T15:06:27+00:00\",\"breadcrumb\":{\"@id\":\"https:\/\/www.bergmanlabora.se\/fi\/tuote\/paketpris-nikon-eclipse-ci-l-plus-med-kamera-och-mjukvara\/#breadcrumb\"},\"inLanguage\":\"fi\",\"potentialAction\":[{\"@type\":\"ReadAction\",\"target\":[\"https:\/\/www.bergmanlabora.se\/fi\/tuote\/paketpris-nikon-eclipse-ci-l-plus-med-kamera-och-mjukvara\/\"]}]},{\"@type\":\"ImageObject\",\"inLanguage\":\"fi\",\"@id\":\"https:\/\/www.bergmanlabora.se\/fi\/tuote\/paketpris-nikon-eclipse-ci-l-plus-med-kamera-och-mjukvara\/#primaryimage\",\"url\":\"https:\/\/www.bergmanlabora.se\/wp-content\/uploads\/2021\/11\/Nikon_Ci-L_plus_L_handle_yellow-min.jpg\",\"contentUrl\":\"https:\/\/www.bergmanlabora.se\/wp-content\/uploads\/2021\/11\/Nikon_Ci-L_plus_L_handle_yellow-min.jpg\",\"width\":800,\"height\":800,\"caption\":\"Nikon Eclipse Ci-L plus L handle yellow\"},{\"@type\":\"BreadcrumbList\",\"@id\":\"https:\/\/www.bergmanlabora.se\/fi\/tuote\/paketpris-nikon-eclipse-ci-l-plus-med-kamera-och-mjukvara\/#breadcrumb\",\"itemListElement\":[{\"@type\":\"ListItem\",\"position\":1,\"name\":\"Helma\",\"item\":\"https:\/\/www.bergmanlabora.se\/fi\/maailman-johtavat-laboratoriolaitteet-biotieteille-ja-teollisuudelle\/\"},{\"@type\":\"ListItem\",\"position\":2,\"name\":\"Webbutik\",\"item\":\"https:\/\/www.bergmanlabora.se\/webbutik\/\"},{\"@type\":\"ListItem\",\"position\":3,\"name\":\"Paketpris Nikon Eclipse Ci-L plus med kamera och mjukvara\"}]},{\"@type\":\"WebSite\",\"@id\":\"https:\/\/www.bergmanlabora.se\/fi\/#website\",\"url\":\"https:\/\/www.bergmanlabora.se\/fi\/\",\"name\":\"BergmanLabora\",\"description\":\"En av Sveriges ledande leverant\u00f6rer till den svenska laboratoriemarknaden\",\"potentialAction\":[{\"@type\":\"SearchAction\",\"target\":{\"@type\":\"EntryPoint\",\"urlTemplate\":\"https:\/\/www.bergmanlabora.se\/fi\/?s={search_term_string}\"},\"query-input\":{\"@type\":\"PropertyValueSpecification\",\"valueRequired\":true,\"valueName\":\"search_term_string\"}}],\"inLanguage\":\"fi\"}]}<\/script>\n<!-- \/ Yoast SEO plugin. -->","yoast_head_json":{"title":"Paketpris Nikon Eclipse Ci-L plus med kamera och mjukvara - BergmanLabora","robots":{"index":"index","follow":"follow","max-snippet":"max-snippet:-1","max-image-preview":"max-image-preview:large","max-video-preview":"max-video-preview:-1"},"canonical":"https:\/\/www.bergmanlabora.se\/fi\/tuote\/paketpris-nikon-eclipse-ci-l-plus-med-kamera-och-mjukvara\/","og_locale":"fi_FI","og_type":"article","og_title":"Paketpris Nikon Eclipse Ci-L plus med kamera och mjukvara - BergmanLabora","og_description":"Paketerbjudande! Nikon Eclipse Ci-L Plus med en 5MP kamera och Nikons NIS Elements D mjukvaran. \u00d6nskas exempelvis en st\u00e4llbar ergonomitub eller faskontrast kan \u00e4ven detta inkluderas. Kontakta oss f\u00f6r mer information.","og_url":"https:\/\/www.bergmanlabora.se\/fi\/tuote\/paketpris-nikon-eclipse-ci-l-plus-med-kamera-och-mjukvara\/","og_site_name":"BergmanLabora","article_publisher":"https:\/\/www.facebook.com\/bergmanlabora\/","article_modified_time":"2023-11-15T15:06:27+00:00","og_image":[{"width":800,"height":800,"url":"https:\/\/www.bergmanlabora.se\/wp-content\/uploads\/2021\/11\/Nikon_Ci-L_plus_L_handle_yellow-min.jpg","type":"image\/jpeg"}],"twitter_card":"summary_large_image","twitter_misc":{"Arvioitu lukuaika":"1 minuutti"},"schema":{"@context":"https:\/\/schema.org","@graph":[{"@type":"WebPage","@id":"https:\/\/www.bergmanlabora.se\/fi\/tuote\/paketpris-nikon-eclipse-ci-l-plus-med-kamera-och-mjukvara\/","url":"https:\/\/www.bergmanlabora.se\/fi\/tuote\/paketpris-nikon-eclipse-ci-l-plus-med-kamera-och-mjukvara\/","name":"Paketpris Nikon Eclipse Ci-L plus med kamera och mjukvara - BergmanLabora","isPartOf":{"@id":"https:\/\/www.bergmanlabora.se\/fi\/#website"},"primaryImageOfPage":{"@id":"https:\/\/www.bergmanlabora.se\/fi\/tuote\/paketpris-nikon-eclipse-ci-l-plus-med-kamera-och-mjukvara\/#primaryimage"},"image":{"@id":"https:\/\/www.bergmanlabora.se\/fi\/tuote\/paketpris-nikon-eclipse-ci-l-plus-med-kamera-och-mjukvara\/#primaryimage"},"thumbnailUrl":"https:\/\/www.bergmanlabora.se\/wp-content\/uploads\/2021\/11\/Nikon_Ci-L_plus_L_handle_yellow-min.jpg","datePublished":"2021-11-17T20:26:17+00:00","dateModified":"2023-11-15T15:06:27+00:00","breadcrumb":{"@id":"https:\/\/www.bergmanlabora.se\/fi\/tuote\/paketpris-nikon-eclipse-ci-l-plus-med-kamera-och-mjukvara\/#breadcrumb"},"inLanguage":"fi","potentialAction":[{"@type":"ReadAction","target":["https:\/\/www.bergmanlabora.se\/fi\/tuote\/paketpris-nikon-eclipse-ci-l-plus-med-kamera-och-mjukvara\/"]}]},{"@type":"ImageObject","inLanguage":"fi","@id":"https:\/\/www.bergmanlabora.se\/fi\/tuote\/paketpris-nikon-eclipse-ci-l-plus-med-kamera-och-mjukvara\/#primaryimage","url":"https:\/\/www.bergmanlabora.se\/wp-content\/uploads\/2021\/11\/Nikon_Ci-L_plus_L_handle_yellow-min.jpg","contentUrl":"https:\/\/www.bergmanlabora.se\/wp-content\/uploads\/2021\/11\/Nikon_Ci-L_plus_L_handle_yellow-min.jpg","width":800,"height":800,"caption":"Nikon Eclipse Ci-L plus L handle yellow"},{"@type":"BreadcrumbList","@id":"https:\/\/www.bergmanlabora.se\/fi\/tuote\/paketpris-nikon-eclipse-ci-l-plus-med-kamera-och-mjukvara\/#breadcrumb","itemListElement":[{"@type":"ListItem","position":1,"name":"Helma","item":"https:\/\/www.bergmanlabora.se\/fi\/maailman-johtavat-laboratoriolaitteet-biotieteille-ja-teollisuudelle\/"},{"@type":"ListItem","position":2,"name":"Webbutik","item":"https:\/\/www.bergmanlabora.se\/webbutik\/"},{"@type":"ListItem","position":3,"name":"Paketpris Nikon Eclipse Ci-L plus med kamera och mjukvara"}]},{"@type":"WebSite","@id":"https:\/\/www.bergmanlabora.se\/fi\/#website","url":"https:\/\/www.bergmanlabora.se\/fi\/","name":"BergmanLabora","description":"En av Sveriges ledande leverant\u00f6rer till den svenska laboratoriemarknaden","potentialAction":[{"@type":"SearchAction","target":{"@type":"EntryPoint","urlTemplate":"https:\/\/www.bergmanlabora.se\/fi\/?s={search_term_string}"},"query-input":{"@type":"PropertyValueSpecification","valueRequired":true,"valueName":"search_term_string"}}],"inLanguage":"fi"}]}},"_links":{"self":[{"href":"https:\/\/www.bergmanlabora.se\/fi\/wp-json\/wp\/v2\/product\/3650","targetHints":{"allow":["GET"]}}],"collection":[{"href":"https:\/\/www.bergmanlabora.se\/fi\/wp-json\/wp\/v2\/product"}],"about":[{"href":"https:\/\/www.bergmanlabora.se\/fi\/wp-json\/wp\/v2\/types\/product"}],"wp:featuredmedia":[{"embeddable":true,"href":"https:\/\/www.bergmanlabora.se\/fi\/wp-json\/wp\/v2\/media\/3659"}],"wp:attachment":[{"href":"https:\/\/www.bergmanlabora.se\/fi\/wp-json\/wp\/v2\/media?parent=3650"}],"wp:term":[{"taxonomy":"product_brand","embeddable":true,"href":"https:\/\/www.bergmanlabora.se\/fi\/wp-json\/wp\/v2\/product_brand?post=3650"},{"taxonomy":"product_cat","embeddable":true,"href":"https:\/\/www.bergmanlabora.se\/fi\/wp-json\/wp\/v2\/product_cat?post=3650"},{"taxonomy":"product_tag","embeddable":true,"href":"https:\/\/www.bergmanlabora.se\/fi\/wp-json\/wp\/v2\/product_tag?post=3650"}],"curies":[{"name":"wp","href":"https:\/\/api.w.org\/{rel}","templated":true}]}}