{"id":3114,"date":"2021-06-23T13:10:42","date_gmt":"2021-06-23T11:10:42","guid":{"rendered":"https:\/\/www.stage.bergmanlabora.se\/?post_type=product&#038;p=3114"},"modified":"2023-11-15T16:05:31","modified_gmt":"2023-11-15T15:05:31","slug":"paketerbjudande-nikon-si-och-wifi-kamera","status":"publish","type":"product","link":"https:\/\/www.bergmanlabora.se\/fi\/tuote\/paketerbjudande-nikon-si-och-wifi-kamera\/","title":{"rendered":"Paketpris Nikon Si med WiFi kamera"},"content":{"rendered":"<p>Nikon Eclipse Si \u00e4r ytterligare en ny modell fr\u00e5n Nikon som lyfter det r\u00e4ttv\u00e4nda rutinmikroskopet till nya niv\u00e5er g\u00e4llande anv\u00e4ndarv\u00e4nlighet och optisk kvalitet. Med plats f\u00f6r upp till 5 CFI Infinity objektiv fr\u00e5n hela Nikons sortiment och integrerad LED-belysning som memorerar vald ljusintensitet f\u00f6r varje objektiv, erbjuder Si mycket bra prestanda och flexibilitet f\u00f6r sitt pris. Nikon Eclipse Si \u00e4r ett mycket kapabelt ljusmikroskop med optisk prestanda som normalt endast hittas i st\u00f6rre och dyrare modeller.<\/p>\n<h3>I paketet ing\u00e5r:<\/h3>\n<ul>\n<li><strong>Nikon Eclipse Si RS<\/strong>, binokul\u00e4r-set, robust och stabilt mikroskop med 5-h\u00e5ls objektivrevolver, h\u00f6g- intensiv LED belysning med 60 000 timmars brinntid och minnes- funktion s\u00e5 tidigare valt objektiv erh\u00e5ller samma ljusstyrka som senast, inbyggd LCD display som visar valt objektiv och belysnings- status, objektbord med preparath\u00e5llare f\u00f6r 2 st objektsglas och X\/Y- vred till h\u00f6ger, grov- och finfouseringsvred, allt l\u00e5gt placerat f\u00f6r bekv\u00e4mt handhavande och god ergonomi, centrerbar f\u00e4ltbl\u00e4ndare, levereras med ljusf\u00e4ltskondensor, dammskydd och n\u00e4tadapter.<\/li>\n<li><strong>Mikroskopstativ Nikon Eclipse Si RS<\/strong><\/li>\n<li><strong>EC-T-TB2 Binokul\u00e4r tu<\/strong>b, \u00f6gonavst\u00e5nd 50 - 75 mm, inblicksvinkel 45\u00b0, synf\u00e4lt 20 mm<\/li>\n<li><strong>Okular CFI E 10X<\/strong>, 2 st fokuserbart med utskruvbar retikelh\u00e5llare, synf\u00e4lt 20 mm<\/li>\n<li><strong>Objektiv CFI E Plan Akromat 4X<\/strong>, N.A. 0.10, W.D. 30 mm<\/li>\n<li><strong>Objektiv CFI E Plan Akromat 10X<\/strong>, N.A. 0.25, W.D. 7 mm<\/li>\n<li><strong>Objektiv CFI E Plan Akromat 40<\/strong>X, N.A. 0.65, W.D. 0.65 mm<\/li>\n<li><strong>N\u00e4tkabel <\/strong><\/li>\n<li><strong>WiFi kamera 8Mpix<\/strong>, inbyggt i mellanstycke passande Nikon Ei\/Si, 3840 x 2160 pixlar, chipstorlek 1\/1.8&#8243;, exponeringstider 3,9 - 320 ms, kopplas till extern HDMI-sk\u00e4rm och\/eller till app i telefon\/surfplatta via kamerans inbyggda 5GHz WiFi (IEEE 802.11ac), kan \u00e4ven kopplas till PC via USB och kontrolleras fr\u00e5n mjukvara<\/li>\n<\/ul>\n<p>&nbsp;<\/p>\n<h3>Kontakta produktspecialist:<\/h3>\n<table class=\"kontaktpersoner\">\n<tbody>\n<tr>\n<td><img decoding=\"async\" class=\"alignnone size-full wp-image-947 lazyload\" data-src=\"https:\/\/www.bergmanlabora.se\/wp-content\/uploads\/2021\/05\/Torgeir.png\" alt=\"\" width=\"200\" height=\"200\" src=\"data:image\/svg+xml;base64,PHN2ZyB3aWR0aD0iMSIgaGVpZ2h0PSIxIiB4bWxucz0iaHR0cDovL3d3dy53My5vcmcvMjAwMC9zdmciPjwvc3ZnPg==\" style=\"--smush-placeholder-width: 200px; --smush-placeholder-aspect-ratio: 200\/200;\" \/><\/p>\n<p><strong>Torgeir Dahlen<\/strong><br \/>\ntorgeir.dahlen@bergmanlabora.se<br \/>\nTel: 08-625 18 01<\/td>\n<td><img decoding=\"async\" class=\"alignnone size-full wp-image-943 lazyload\" data-src=\"https:\/\/www.bergmanlabora.se\/wp-content\/uploads\/2021\/05\/Johan.png\" alt=\"\" width=\"200\" height=\"200\" src=\"data:image\/svg+xml;base64,PHN2ZyB3aWR0aD0iMSIgaGVpZ2h0PSIxIiB4bWxucz0iaHR0cDovL3d3dy53My5vcmcvMjAwMC9zdmciPjwvc3ZnPg==\" style=\"--smush-placeholder-width: 200px; --smush-placeholder-aspect-ratio: 200\/200;\" \/><\/p>\n<p><strong>Johan Sternemalm<\/strong><br \/>\njohan.sternemalm@bergmanlabora.se<br \/>\nTel: 031-10 54 40<\/td>\n<\/tr>\n<\/tbody>\n<\/table>\n","protected":false},"excerpt":{"rendered":"<p>Nikon Eclipse Si med integrerad WiFi f\u00e4rgkamera. Kombinera optik i v\u00e4rldsklass med en 8 megapixel f\u00e4rgkamera med 4K uppl\u00f6sning via HDMI samt smidig uppkoppling via Wifi (5G).<\/p>\n","protected":false},"featured_media":1661,"template":"","meta":[],"product_brand":[],"product_cat":[20,32],"product_tag":[],"class_list":{"0":"post-3114","1":"product","2":"type-product","3":"status-publish","4":"has-post-thumbnail","6":"product_cat-mikroskopi","7":"product_cat-rattvant-mikroskop","9":"first","10":"instock","11":"shipping-taxable","12":"purchasable","13":"product-type-simple"},"yoast_head":"<!-- This site is optimized with the Yoast SEO plugin v27.2 - https:\/\/yoast.com\/product\/yoast-seo-wordpress\/ -->\n<title>Paketpris Nikon Si med WiFi kamera - BergmanLabora<\/title>\n<meta name=\"robots\" content=\"index, follow, max-snippet:-1, max-image-preview:large, max-video-preview:-1\" \/>\n<link rel=\"canonical\" href=\"https:\/\/www.bergmanlabora.se\/fi\/tuote\/paketerbjudande-nikon-si-och-wifi-kamera\/\" \/>\n<meta property=\"og:locale\" content=\"fi_FI\" \/>\n<meta property=\"og:type\" content=\"article\" \/>\n<meta property=\"og:title\" content=\"Paketpris Nikon Si med WiFi kamera - BergmanLabora\" \/>\n<meta property=\"og:description\" content=\"Nikon Eclipse Si med integrerad WiFi f\u00e4rgkamera. Kombinera optik i v\u00e4rldsklass med en 8 megapixel f\u00e4rgkamera med 4K uppl\u00f6sning via HDMI samt smidig uppkoppling via Wifi (5G).\" \/>\n<meta property=\"og:url\" content=\"https:\/\/www.bergmanlabora.se\/fi\/tuote\/paketerbjudande-nikon-si-och-wifi-kamera\/\" \/>\n<meta property=\"og:site_name\" content=\"BergmanLabora\" \/>\n<meta property=\"article:publisher\" content=\"https:\/\/www.facebook.com\/bergmanlabora\/\" \/>\n<meta property=\"article:modified_time\" content=\"2023-11-15T15:05:31+00:00\" \/>\n<meta property=\"og:image\" content=\"https:\/\/www.bergmanlabora.se\/wp-content\/uploads\/2021\/04\/MIK22_1.jpg\" \/>\n\t<meta property=\"og:image:width\" content=\"800\" \/>\n\t<meta property=\"og:image:height\" content=\"800\" \/>\n\t<meta property=\"og:image:type\" content=\"image\/jpeg\" \/>\n<meta name=\"twitter:card\" content=\"summary_large_image\" \/>\n<meta name=\"twitter:label1\" content=\"Arvioitu lukuaika\" \/>\n\t<meta name=\"twitter:data1\" content=\"2 minuuttia\" \/>\n<script type=\"application\/ld+json\" class=\"yoast-schema-graph\">{\"@context\":\"https:\/\/schema.org\",\"@graph\":[{\"@type\":\"WebPage\",\"@id\":\"https:\/\/www.bergmanlabora.se\/fi\/tuote\/paketerbjudande-nikon-si-och-wifi-kamera\/\",\"url\":\"https:\/\/www.bergmanlabora.se\/fi\/tuote\/paketerbjudande-nikon-si-och-wifi-kamera\/\",\"name\":\"Paketpris Nikon Si med WiFi kamera - BergmanLabora\",\"isPartOf\":{\"@id\":\"https:\/\/www.bergmanlabora.se\/fi\/#website\"},\"primaryImageOfPage\":{\"@id\":\"https:\/\/www.bergmanlabora.se\/fi\/tuote\/paketerbjudande-nikon-si-och-wifi-kamera\/#primaryimage\"},\"image\":{\"@id\":\"https:\/\/www.bergmanlabora.se\/fi\/tuote\/paketerbjudande-nikon-si-och-wifi-kamera\/#primaryimage\"},\"thumbnailUrl\":\"https:\/\/www.bergmanlabora.se\/wp-content\/uploads\/2021\/04\/MIK22_1.jpg\",\"datePublished\":\"2021-06-23T11:10:42+00:00\",\"dateModified\":\"2023-11-15T15:05:31+00:00\",\"breadcrumb\":{\"@id\":\"https:\/\/www.bergmanlabora.se\/fi\/tuote\/paketerbjudande-nikon-si-och-wifi-kamera\/#breadcrumb\"},\"inLanguage\":\"fi\",\"potentialAction\":[{\"@type\":\"ReadAction\",\"target\":[\"https:\/\/www.bergmanlabora.se\/fi\/tuote\/paketerbjudande-nikon-si-och-wifi-kamera\/\"]}]},{\"@type\":\"ImageObject\",\"inLanguage\":\"fi\",\"@id\":\"https:\/\/www.bergmanlabora.se\/fi\/tuote\/paketerbjudande-nikon-si-och-wifi-kamera\/#primaryimage\",\"url\":\"https:\/\/www.bergmanlabora.se\/wp-content\/uploads\/2021\/04\/MIK22_1.jpg\",\"contentUrl\":\"https:\/\/www.bergmanlabora.se\/wp-content\/uploads\/2021\/04\/MIK22_1.jpg\",\"width\":800,\"height\":800,\"caption\":\"R\u00e4ttv\u00e4nt mikroskop Nikon Eclipse Si\"},{\"@type\":\"BreadcrumbList\",\"@id\":\"https:\/\/www.bergmanlabora.se\/fi\/tuote\/paketerbjudande-nikon-si-och-wifi-kamera\/#breadcrumb\",\"itemListElement\":[{\"@type\":\"ListItem\",\"position\":1,\"name\":\"Helma\",\"item\":\"https:\/\/www.bergmanlabora.se\/fi\/maailman-johtavat-laboratoriolaitteet-biotieteille-ja-teollisuudelle\/\"},{\"@type\":\"ListItem\",\"position\":2,\"name\":\"Webbutik\",\"item\":\"https:\/\/www.bergmanlabora.se\/webbutik\/\"},{\"@type\":\"ListItem\",\"position\":3,\"name\":\"Paketpris Nikon Si med WiFi kamera\"}]},{\"@type\":\"WebSite\",\"@id\":\"https:\/\/www.bergmanlabora.se\/fi\/#website\",\"url\":\"https:\/\/www.bergmanlabora.se\/fi\/\",\"name\":\"BergmanLabora\",\"description\":\"En av Sveriges ledande leverant\u00f6rer till den svenska laboratoriemarknaden\",\"potentialAction\":[{\"@type\":\"SearchAction\",\"target\":{\"@type\":\"EntryPoint\",\"urlTemplate\":\"https:\/\/www.bergmanlabora.se\/fi\/?s={search_term_string}\"},\"query-input\":{\"@type\":\"PropertyValueSpecification\",\"valueRequired\":true,\"valueName\":\"search_term_string\"}}],\"inLanguage\":\"fi\"}]}<\/script>\n<!-- \/ Yoast SEO plugin. -->","yoast_head_json":{"title":"Paketpris Nikon Si med WiFi kamera - BergmanLabora","robots":{"index":"index","follow":"follow","max-snippet":"max-snippet:-1","max-image-preview":"max-image-preview:large","max-video-preview":"max-video-preview:-1"},"canonical":"https:\/\/www.bergmanlabora.se\/fi\/tuote\/paketerbjudande-nikon-si-och-wifi-kamera\/","og_locale":"fi_FI","og_type":"article","og_title":"Paketpris Nikon Si med WiFi kamera - BergmanLabora","og_description":"Nikon Eclipse Si med integrerad WiFi f\u00e4rgkamera. Kombinera optik i v\u00e4rldsklass med en 8 megapixel f\u00e4rgkamera med 4K uppl\u00f6sning via HDMI samt smidig uppkoppling via Wifi (5G).","og_url":"https:\/\/www.bergmanlabora.se\/fi\/tuote\/paketerbjudande-nikon-si-och-wifi-kamera\/","og_site_name":"BergmanLabora","article_publisher":"https:\/\/www.facebook.com\/bergmanlabora\/","article_modified_time":"2023-11-15T15:05:31+00:00","og_image":[{"width":800,"height":800,"url":"https:\/\/www.bergmanlabora.se\/wp-content\/uploads\/2021\/04\/MIK22_1.jpg","type":"image\/jpeg"}],"twitter_card":"summary_large_image","twitter_misc":{"Arvioitu lukuaika":"2 minuuttia"},"schema":{"@context":"https:\/\/schema.org","@graph":[{"@type":"WebPage","@id":"https:\/\/www.bergmanlabora.se\/fi\/tuote\/paketerbjudande-nikon-si-och-wifi-kamera\/","url":"https:\/\/www.bergmanlabora.se\/fi\/tuote\/paketerbjudande-nikon-si-och-wifi-kamera\/","name":"Paketpris Nikon Si med WiFi kamera - BergmanLabora","isPartOf":{"@id":"https:\/\/www.bergmanlabora.se\/fi\/#website"},"primaryImageOfPage":{"@id":"https:\/\/www.bergmanlabora.se\/fi\/tuote\/paketerbjudande-nikon-si-och-wifi-kamera\/#primaryimage"},"image":{"@id":"https:\/\/www.bergmanlabora.se\/fi\/tuote\/paketerbjudande-nikon-si-och-wifi-kamera\/#primaryimage"},"thumbnailUrl":"https:\/\/www.bergmanlabora.se\/wp-content\/uploads\/2021\/04\/MIK22_1.jpg","datePublished":"2021-06-23T11:10:42+00:00","dateModified":"2023-11-15T15:05:31+00:00","breadcrumb":{"@id":"https:\/\/www.bergmanlabora.se\/fi\/tuote\/paketerbjudande-nikon-si-och-wifi-kamera\/#breadcrumb"},"inLanguage":"fi","potentialAction":[{"@type":"ReadAction","target":["https:\/\/www.bergmanlabora.se\/fi\/tuote\/paketerbjudande-nikon-si-och-wifi-kamera\/"]}]},{"@type":"ImageObject","inLanguage":"fi","@id":"https:\/\/www.bergmanlabora.se\/fi\/tuote\/paketerbjudande-nikon-si-och-wifi-kamera\/#primaryimage","url":"https:\/\/www.bergmanlabora.se\/wp-content\/uploads\/2021\/04\/MIK22_1.jpg","contentUrl":"https:\/\/www.bergmanlabora.se\/wp-content\/uploads\/2021\/04\/MIK22_1.jpg","width":800,"height":800,"caption":"R\u00e4ttv\u00e4nt mikroskop Nikon Eclipse Si"},{"@type":"BreadcrumbList","@id":"https:\/\/www.bergmanlabora.se\/fi\/tuote\/paketerbjudande-nikon-si-och-wifi-kamera\/#breadcrumb","itemListElement":[{"@type":"ListItem","position":1,"name":"Helma","item":"https:\/\/www.bergmanlabora.se\/fi\/maailman-johtavat-laboratoriolaitteet-biotieteille-ja-teollisuudelle\/"},{"@type":"ListItem","position":2,"name":"Webbutik","item":"https:\/\/www.bergmanlabora.se\/webbutik\/"},{"@type":"ListItem","position":3,"name":"Paketpris Nikon Si med WiFi kamera"}]},{"@type":"WebSite","@id":"https:\/\/www.bergmanlabora.se\/fi\/#website","url":"https:\/\/www.bergmanlabora.se\/fi\/","name":"BergmanLabora","description":"En av Sveriges ledande leverant\u00f6rer till den svenska laboratoriemarknaden","potentialAction":[{"@type":"SearchAction","target":{"@type":"EntryPoint","urlTemplate":"https:\/\/www.bergmanlabora.se\/fi\/?s={search_term_string}"},"query-input":{"@type":"PropertyValueSpecification","valueRequired":true,"valueName":"search_term_string"}}],"inLanguage":"fi"}]}},"_links":{"self":[{"href":"https:\/\/www.bergmanlabora.se\/fi\/wp-json\/wp\/v2\/product\/3114","targetHints":{"allow":["GET"]}}],"collection":[{"href":"https:\/\/www.bergmanlabora.se\/fi\/wp-json\/wp\/v2\/product"}],"about":[{"href":"https:\/\/www.bergmanlabora.se\/fi\/wp-json\/wp\/v2\/types\/product"}],"wp:featuredmedia":[{"embeddable":true,"href":"https:\/\/www.bergmanlabora.se\/fi\/wp-json\/wp\/v2\/media\/1661"}],"wp:attachment":[{"href":"https:\/\/www.bergmanlabora.se\/fi\/wp-json\/wp\/v2\/media?parent=3114"}],"wp:term":[{"taxonomy":"product_brand","embeddable":true,"href":"https:\/\/www.bergmanlabora.se\/fi\/wp-json\/wp\/v2\/product_brand?post=3114"},{"taxonomy":"product_cat","embeddable":true,"href":"https:\/\/www.bergmanlabora.se\/fi\/wp-json\/wp\/v2\/product_cat?post=3114"},{"taxonomy":"product_tag","embeddable":true,"href":"https:\/\/www.bergmanlabora.se\/fi\/wp-json\/wp\/v2\/product_tag?post=3114"}],"curies":[{"name":"wp","href":"https:\/\/api.w.org\/{rel}","templated":true}]}}