{"id":3109,"date":"2021-06-23T12:56:53","date_gmt":"2021-06-23T10:56:53","guid":{"rendered":"https:\/\/www.stage.bergmanlabora.se\/?post_type=product&#038;p=3109"},"modified":"2023-11-15T16:05:45","modified_gmt":"2023-11-15T15:05:45","slug":"paketerbjudande-nikon-ei-med-wifi-kamera","status":"publish","type":"product","link":"https:\/\/www.bergmanlabora.se\/fi\/tuote\/paketerbjudande-nikon-ei-med-wifi-kamera\/","title":{"rendered":"Paket Nikon Ei med WiFi kamera"},"content":{"rendered":"<p>Eclipse Ei \u00e4r Nikons senaste modell med en kompakt och intuitiv design. L\u00e4tt att anv\u00e4nda och med sin inbyggda LED-belysning och exklusiva CFI Infinity BE optik ger det h\u00f6guppl\u00f6sta och tydliga bilder vid varje f\u00f6rstoring. Perfekt f\u00f6r undervisning, p\u00e5 plats eller online.<\/p>\n<p><strong>Komplett mikroskoppaket best\u00e5ende av:<\/strong><\/p>\n<ul>\n<li>Mikroskopstativ<\/li>\n<li>Nikon Ei, robust och stabilt mikroskop med 4-h\u00e5ls objektivrevolver, inbyggd h\u00f6gintensiv LED belysning med 60 000 timmars brinntid, intensitetsreglage p\u00e5 mikroskopets framsida, dubbelsidig grov-\/finfokusering, objektbord med sl\u00e4t design och h\u00e4ngande X\/Y-vred, ljusf\u00e4ltskondensor med tydliga positioner f\u00f6r optimal inst\u00e4llning av aperturbl\u00e4ndare, QR-kod p\u00e5 mikroskopet kan scannas f\u00f6r snabb \u00e5tkomst till anv\u00e4ndarinstruktioner via exempelvis en smartphone, v\u00e4ndbar okulartub och h\u00e5llare f\u00f6r n\u00e4tadapter f\u00f6r enkel f\u00f6rvaring.<\/li>\n<li>N\u00e4tadapter<\/li>\n<li>EC-T-TB Binokul\u00e4r tub, inblicksvinkel 30\u00b0, synf\u00e4ltstal 20 mm<\/li>\n<li>EC-E CFI Okular 10X, fokuserbart, synf\u00e4ltstal 20 (2 st)<\/li>\n<li>Objektiv CFI BE2 Plan Akromat 4X , N.A. 0.10, W.D. 25 mm<\/li>\n<li>Objektiv CFI BE2 Plan Akromat 10X , N.A. 0.25, W.D. 6.7 mm<\/li>\n<li>Objektiv CFI BE2 Plan Akromat 40X , N.A. 0.65, W.D. 0.6 mm<\/li>\n<li>MBF41300 N\u00e4tkabel<\/li>\n<li>MXA22047 Dammskydd H550S<\/li>\n<li>HW800N WiFi kamera, 8 Mp, inbyggt i mellanstycke passande Nikon Ei, 3840 x 2160 pixlar, chipstorlek 1\/1.8\u2033, exponeringstider 3,9 \u2013 320 ms, kopplas till extern HDMI-sk\u00e4rm och\/eller till app i telefon\/surfplatta via kamerans inbyggda 5GHz WiFi (IEEE 802.11ac), kan \u00e4ven kopplas till PC via USB och kontrolleras fr\u00e5n mjukvara.<\/li>\n<\/ul>\n","protected":false},"excerpt":{"rendered":"<p>Nikon Eclipse Ei med integrerad WiFi f\u00e4rgkamera. Kombinera optik i v\u00e4rldsklass med en 8 megapixel f\u00e4rgkamera med 4K uppl\u00f6sning via HDMI samt smidig uppkoppling via Wifi (5G).<\/p>\n","protected":false},"featured_media":3106,"template":"","meta":[],"product_brand":[],"product_cat":[20,32],"product_tag":[],"class_list":{"0":"post-3109","1":"product","2":"type-product","3":"status-publish","4":"has-post-thumbnail","6":"product_cat-mikroskopi","7":"product_cat-rattvant-mikroskop","9":"first","10":"instock","11":"shipping-taxable","12":"product-type-simple"},"yoast_head":"<!-- This site is optimized with the Yoast SEO plugin v27.2 - https:\/\/yoast.com\/product\/yoast-seo-wordpress\/ -->\n<title>Paket Nikon Ei med WiFi kamera - BergmanLabora<\/title>\n<meta name=\"robots\" content=\"index, follow, max-snippet:-1, max-image-preview:large, max-video-preview:-1\" \/>\n<link rel=\"canonical\" href=\"https:\/\/www.bergmanlabora.se\/fi\/tuote\/paketerbjudande-nikon-ei-med-wifi-kamera\/\" \/>\n<meta property=\"og:locale\" content=\"fi_FI\" \/>\n<meta property=\"og:type\" content=\"article\" \/>\n<meta property=\"og:title\" content=\"Paket Nikon Ei med WiFi kamera - BergmanLabora\" \/>\n<meta property=\"og:description\" content=\"Nikon Eclipse Ei med integrerad WiFi f\u00e4rgkamera. Kombinera optik i v\u00e4rldsklass med en 8 megapixel f\u00e4rgkamera med 4K uppl\u00f6sning via HDMI samt smidig uppkoppling via Wifi (5G).\" \/>\n<meta property=\"og:url\" content=\"https:\/\/www.bergmanlabora.se\/fi\/tuote\/paketerbjudande-nikon-ei-med-wifi-kamera\/\" \/>\n<meta property=\"og:site_name\" content=\"BergmanLabora\" \/>\n<meta property=\"article:publisher\" content=\"https:\/\/www.facebook.com\/bergmanlabora\/\" \/>\n<meta property=\"article:modified_time\" content=\"2023-11-15T15:05:45+00:00\" \/>\n<meta property=\"og:image\" content=\"https:\/\/www.bergmanlabora.se\/wp-content\/uploads\/2021\/04\/Nikon-Ei-med-WiFi-kamera.jpeg\" \/>\n\t<meta property=\"og:image:width\" content=\"800\" \/>\n\t<meta property=\"og:image:height\" content=\"800\" \/>\n\t<meta property=\"og:image:type\" content=\"image\/jpeg\" \/>\n<meta name=\"twitter:card\" content=\"summary_large_image\" \/>\n<meta name=\"twitter:label1\" content=\"Arvioitu lukuaika\" \/>\n\t<meta name=\"twitter:data1\" content=\"2 minuuttia\" \/>\n<script type=\"application\/ld+json\" class=\"yoast-schema-graph\">{\"@context\":\"https:\/\/schema.org\",\"@graph\":[{\"@type\":\"WebPage\",\"@id\":\"https:\/\/www.bergmanlabora.se\/fi\/tuote\/paketerbjudande-nikon-ei-med-wifi-kamera\/\",\"url\":\"https:\/\/www.bergmanlabora.se\/fi\/tuote\/paketerbjudande-nikon-ei-med-wifi-kamera\/\",\"name\":\"Paket Nikon Ei med WiFi kamera - BergmanLabora\",\"isPartOf\":{\"@id\":\"https:\/\/www.bergmanlabora.se\/fi\/#website\"},\"primaryImageOfPage\":{\"@id\":\"https:\/\/www.bergmanlabora.se\/fi\/tuote\/paketerbjudande-nikon-ei-med-wifi-kamera\/#primaryimage\"},\"image\":{\"@id\":\"https:\/\/www.bergmanlabora.se\/fi\/tuote\/paketerbjudande-nikon-ei-med-wifi-kamera\/#primaryimage\"},\"thumbnailUrl\":\"https:\/\/www.bergmanlabora.se\/wp-content\/uploads\/2021\/04\/Nikon-Ei-med-WiFi-kamera.jpeg\",\"datePublished\":\"2021-06-23T10:56:53+00:00\",\"dateModified\":\"2023-11-15T15:05:45+00:00\",\"breadcrumb\":{\"@id\":\"https:\/\/www.bergmanlabora.se\/fi\/tuote\/paketerbjudande-nikon-ei-med-wifi-kamera\/#breadcrumb\"},\"inLanguage\":\"fi\",\"potentialAction\":[{\"@type\":\"ReadAction\",\"target\":[\"https:\/\/www.bergmanlabora.se\/fi\/tuote\/paketerbjudande-nikon-ei-med-wifi-kamera\/\"]}]},{\"@type\":\"ImageObject\",\"inLanguage\":\"fi\",\"@id\":\"https:\/\/www.bergmanlabora.se\/fi\/tuote\/paketerbjudande-nikon-ei-med-wifi-kamera\/#primaryimage\",\"url\":\"https:\/\/www.bergmanlabora.se\/wp-content\/uploads\/2021\/04\/Nikon-Ei-med-WiFi-kamera.jpeg\",\"contentUrl\":\"https:\/\/www.bergmanlabora.se\/wp-content\/uploads\/2021\/04\/Nikon-Ei-med-WiFi-kamera.jpeg\",\"width\":800,\"height\":800},{\"@type\":\"BreadcrumbList\",\"@id\":\"https:\/\/www.bergmanlabora.se\/fi\/tuote\/paketerbjudande-nikon-ei-med-wifi-kamera\/#breadcrumb\",\"itemListElement\":[{\"@type\":\"ListItem\",\"position\":1,\"name\":\"Helma\",\"item\":\"https:\/\/www.bergmanlabora.se\/fi\/maailman-johtavat-laboratoriolaitteet-biotieteille-ja-teollisuudelle\/\"},{\"@type\":\"ListItem\",\"position\":2,\"name\":\"Webbutik\",\"item\":\"https:\/\/www.bergmanlabora.se\/webbutik\/\"},{\"@type\":\"ListItem\",\"position\":3,\"name\":\"Paket Nikon Ei med WiFi kamera\"}]},{\"@type\":\"WebSite\",\"@id\":\"https:\/\/www.bergmanlabora.se\/fi\/#website\",\"url\":\"https:\/\/www.bergmanlabora.se\/fi\/\",\"name\":\"BergmanLabora\",\"description\":\"En av Sveriges ledande leverant\u00f6rer till den svenska laboratoriemarknaden\",\"potentialAction\":[{\"@type\":\"SearchAction\",\"target\":{\"@type\":\"EntryPoint\",\"urlTemplate\":\"https:\/\/www.bergmanlabora.se\/fi\/?s={search_term_string}\"},\"query-input\":{\"@type\":\"PropertyValueSpecification\",\"valueRequired\":true,\"valueName\":\"search_term_string\"}}],\"inLanguage\":\"fi\"}]}<\/script>\n<!-- \/ Yoast SEO plugin. -->","yoast_head_json":{"title":"Paket Nikon Ei med WiFi kamera - BergmanLabora","robots":{"index":"index","follow":"follow","max-snippet":"max-snippet:-1","max-image-preview":"max-image-preview:large","max-video-preview":"max-video-preview:-1"},"canonical":"https:\/\/www.bergmanlabora.se\/fi\/tuote\/paketerbjudande-nikon-ei-med-wifi-kamera\/","og_locale":"fi_FI","og_type":"article","og_title":"Paket Nikon Ei med WiFi kamera - BergmanLabora","og_description":"Nikon Eclipse Ei med integrerad WiFi f\u00e4rgkamera. Kombinera optik i v\u00e4rldsklass med en 8 megapixel f\u00e4rgkamera med 4K uppl\u00f6sning via HDMI samt smidig uppkoppling via Wifi (5G).","og_url":"https:\/\/www.bergmanlabora.se\/fi\/tuote\/paketerbjudande-nikon-ei-med-wifi-kamera\/","og_site_name":"BergmanLabora","article_publisher":"https:\/\/www.facebook.com\/bergmanlabora\/","article_modified_time":"2023-11-15T15:05:45+00:00","og_image":[{"width":800,"height":800,"url":"https:\/\/www.bergmanlabora.se\/wp-content\/uploads\/2021\/04\/Nikon-Ei-med-WiFi-kamera.jpeg","type":"image\/jpeg"}],"twitter_card":"summary_large_image","twitter_misc":{"Arvioitu lukuaika":"2 minuuttia"},"schema":{"@context":"https:\/\/schema.org","@graph":[{"@type":"WebPage","@id":"https:\/\/www.bergmanlabora.se\/fi\/tuote\/paketerbjudande-nikon-ei-med-wifi-kamera\/","url":"https:\/\/www.bergmanlabora.se\/fi\/tuote\/paketerbjudande-nikon-ei-med-wifi-kamera\/","name":"Paket Nikon Ei med WiFi kamera - BergmanLabora","isPartOf":{"@id":"https:\/\/www.bergmanlabora.se\/fi\/#website"},"primaryImageOfPage":{"@id":"https:\/\/www.bergmanlabora.se\/fi\/tuote\/paketerbjudande-nikon-ei-med-wifi-kamera\/#primaryimage"},"image":{"@id":"https:\/\/www.bergmanlabora.se\/fi\/tuote\/paketerbjudande-nikon-ei-med-wifi-kamera\/#primaryimage"},"thumbnailUrl":"https:\/\/www.bergmanlabora.se\/wp-content\/uploads\/2021\/04\/Nikon-Ei-med-WiFi-kamera.jpeg","datePublished":"2021-06-23T10:56:53+00:00","dateModified":"2023-11-15T15:05:45+00:00","breadcrumb":{"@id":"https:\/\/www.bergmanlabora.se\/fi\/tuote\/paketerbjudande-nikon-ei-med-wifi-kamera\/#breadcrumb"},"inLanguage":"fi","potentialAction":[{"@type":"ReadAction","target":["https:\/\/www.bergmanlabora.se\/fi\/tuote\/paketerbjudande-nikon-ei-med-wifi-kamera\/"]}]},{"@type":"ImageObject","inLanguage":"fi","@id":"https:\/\/www.bergmanlabora.se\/fi\/tuote\/paketerbjudande-nikon-ei-med-wifi-kamera\/#primaryimage","url":"https:\/\/www.bergmanlabora.se\/wp-content\/uploads\/2021\/04\/Nikon-Ei-med-WiFi-kamera.jpeg","contentUrl":"https:\/\/www.bergmanlabora.se\/wp-content\/uploads\/2021\/04\/Nikon-Ei-med-WiFi-kamera.jpeg","width":800,"height":800},{"@type":"BreadcrumbList","@id":"https:\/\/www.bergmanlabora.se\/fi\/tuote\/paketerbjudande-nikon-ei-med-wifi-kamera\/#breadcrumb","itemListElement":[{"@type":"ListItem","position":1,"name":"Helma","item":"https:\/\/www.bergmanlabora.se\/fi\/maailman-johtavat-laboratoriolaitteet-biotieteille-ja-teollisuudelle\/"},{"@type":"ListItem","position":2,"name":"Webbutik","item":"https:\/\/www.bergmanlabora.se\/webbutik\/"},{"@type":"ListItem","position":3,"name":"Paket Nikon Ei med WiFi kamera"}]},{"@type":"WebSite","@id":"https:\/\/www.bergmanlabora.se\/fi\/#website","url":"https:\/\/www.bergmanlabora.se\/fi\/","name":"BergmanLabora","description":"En av Sveriges ledande leverant\u00f6rer till den svenska laboratoriemarknaden","potentialAction":[{"@type":"SearchAction","target":{"@type":"EntryPoint","urlTemplate":"https:\/\/www.bergmanlabora.se\/fi\/?s={search_term_string}"},"query-input":{"@type":"PropertyValueSpecification","valueRequired":true,"valueName":"search_term_string"}}],"inLanguage":"fi"}]}},"_links":{"self":[{"href":"https:\/\/www.bergmanlabora.se\/fi\/wp-json\/wp\/v2\/product\/3109","targetHints":{"allow":["GET"]}}],"collection":[{"href":"https:\/\/www.bergmanlabora.se\/fi\/wp-json\/wp\/v2\/product"}],"about":[{"href":"https:\/\/www.bergmanlabora.se\/fi\/wp-json\/wp\/v2\/types\/product"}],"wp:featuredmedia":[{"embeddable":true,"href":"https:\/\/www.bergmanlabora.se\/fi\/wp-json\/wp\/v2\/media\/3106"}],"wp:attachment":[{"href":"https:\/\/www.bergmanlabora.se\/fi\/wp-json\/wp\/v2\/media?parent=3109"}],"wp:term":[{"taxonomy":"product_brand","embeddable":true,"href":"https:\/\/www.bergmanlabora.se\/fi\/wp-json\/wp\/v2\/product_brand?post=3109"},{"taxonomy":"product_cat","embeddable":true,"href":"https:\/\/www.bergmanlabora.se\/fi\/wp-json\/wp\/v2\/product_cat?post=3109"},{"taxonomy":"product_tag","embeddable":true,"href":"https:\/\/www.bergmanlabora.se\/fi\/wp-json\/wp\/v2\/product_tag?post=3109"}],"curies":[{"name":"wp","href":"https:\/\/api.w.org\/{rel}","templated":true}]}}