{"id":3101,"date":"2021-06-23T11:35:08","date_gmt":"2021-06-23T09:35:08","guid":{"rendered":"https:\/\/www.stage.bergmanlabora.se\/?post_type=product&#038;p=3101"},"modified":"2023-06-19T16:40:28","modified_gmt":"2023-06-19T14:40:28","slug":"mmi","status":"publish","type":"product","link":"https:\/\/www.bergmanlabora.se\/fi\/tuote\/mmi\/","title":{"rendered":"Molecular Machines &#038; Industries"},"content":{"rendered":"<p>Molecular Machines &amp; Industries (MMI) k\u00e4rnkompetens \u00e4r utveckling och produktion av innovativa, effektiva och kostnadseffektiva mikromanipulations- och bildl\u00f6sningar f\u00f6r specifika applikationer. D\u00e4rigenom investerar MMI kraftigt i ny teknik och i kvalitet, samt i fortbildning f\u00f6r v\u00e5ra anst\u00e4llda och distribut\u00f6rer.<\/p>\n<p>Ett exempel p\u00e5 innovativa l\u00f6sningar \u00e4r att MMI var f\u00f6rst med att introducera UV-laserteknik p\u00e5 marknaden f\u00f6r lasermikrodissektion. Deras anv\u00e4ndare drar nytta av MMIs l\u00e5nga tekniska erfarenhet och applikationserfarenhet. Dessutom \u00e4r de den enda tillverkaren som kontinuerligt erbjuder support \u00e4ven f\u00f6r \u00e4ldre instrument inom f\u00e4ltet.<\/p>\n<h3>Vi erbjuder innovativa l\u00f6sningar f\u00f6r:<\/h3>\n<p><strong>Laser &#8217;CapSure&#8217; mikrodissektion (laser microdissection) <\/strong>- f\u00f6r att isolera celler i v\u00e4vnad (MMI CellCut)<br \/>\n<a href=\"https:\/\/www.molecular-machines.com\/products\/cellcut\">https:\/\/www.molecular-machines.com\/products\/cellcut<\/a><\/p>\n<p><strong>Mikroskopi-integrerad hel bildvisning (MMI CellScan)<br \/>\n<\/strong><a href=\"https:\/\/www.molecular-machines.com\/products\/cellscan\">https:\/\/www.molecular-machines.com\/products\/cellscan<\/a><\/p>\n<p><strong>Kapill\u00e4rbaserad selektiv isolering av enstaka celler (MMI CellEctor)<br \/>\n<\/strong><a href=\"https:\/\/www.molecular-machines.com\/products\/cellector\">https:\/\/www.molecular-machines.com\/products\/cellector<\/a><strong><br \/>\n<\/strong><\/p>\n<p><strong>Optisk pincett (optical tweezers) <\/strong>- f\u00f6r att kvantifiera biologiska krafter (MMI CellManipulator)<br \/>\n<a href=\"https:\/\/www.molecular-machines.com\/products\/cellmanipulator\">https:\/\/www.molecular-machines.com\/products\/cellmanipulator<\/a><\/p>\n<p>V\u00e5r MMI CellCut kombinerar flera bepr\u00f6vade teknologier som m\u00f6jligg\u00f6r snabb och exakt lasermikrodissektion av paraffin- och kryoprover, utstryk och levande cellkulturer. F\u00f6r att dissekera intressanta omr\u00e5den anv\u00e4nder Molecular Machines &amp; Industries en extremt exakt solid state-UV-laser samtidigt som provets morfologi bibeh\u00e5lls och kvaliteten p\u00e5 k\u00e4llmaterialet s\u00e4kerst\u00e4lls f\u00f6r efterf\u00f6ljande analys nedstr\u00f6ms. Dessutom ger den patenterade kontamineringsfria och p\u00e5litliga &#8217;CapSure&#8217; isoleringstekniken med den unika MMI CapLift en automatisk \u00f6verf\u00f6ring av material fr\u00e5n objektglaset till mikrocentrifugr\u00f6r (Isolation Caps) utan on\u00f6dig induktion av fysiska eller kemiska krafter. Naturligtvis tillhandah\u00e5ller vi de n\u00f6dv\u00e4ndiga f\u00f6rbrukningsartiklarna, f\u00f6r p\u00e5litlig och effektiv excision av v\u00e4vnadsomr\u00e5den och enstaka celler.<\/p>\n<p>&nbsp;<\/p>\n<h3>Kontakta produktspecialist:<\/h3>\n<p><img decoding=\"async\" class=\"alignnone size-full wp-image-947 lazyload\" data-src=\"https:\/\/www.bergmanlabora.se\/wp-content\/uploads\/2021\/05\/Oliver.png\" alt=\"\" width=\"200\" height=\"200\" src=\"data:image\/svg+xml;base64,PHN2ZyB3aWR0aD0iMSIgaGVpZ2h0PSIxIiB4bWxucz0iaHR0cDovL3d3dy53My5vcmcvMjAwMC9zdmciPjwvc3ZnPg==\" style=\"--smush-placeholder-width: 200px; --smush-placeholder-aspect-ratio: 200\/200;\" \/><\/p>\n<p><strong>Oliver Garner<\/strong><br \/>\noliver.garner@bergmanlabora.se<br \/>\nTel: 08-625 18 02<\/p>\n","protected":false},"excerpt":{"rendered":"<p><span data-sheets-value=\"{&quot;1&quot;:2,&quot;2&quot;:&quot;Marknadsledande leverant\u00f6r av innovativa, mikroskopbaserade mikromanipulationsl\u00f6sningar f\u00f6r biovetenskap, materialvetenskap och h\u00e4lso- och sjukv\u00e5rd. Specialiserade p\u00e5 hantering av encellsceller, lasermikrodissektion, hel bildvisning och optisk pincett f\u00f6r ett brett spektrum av kliniska och forskningsbaserade applikationer. &quot;}\" data-sheets-userformat=\"{&quot;2&quot;:897,&quot;3&quot;:{&quot;1&quot;:0},&quot;10&quot;:0,&quot;11&quot;:4,&quot;12&quot;:0}\">Marknadsledande leverant\u00f6r av innovativa, mikroskopbaserade mikromanipulationsl\u00f6sningar f\u00f6r biovetenskap, materialvetenskap och h\u00e4lso- och sjukv\u00e5rd. Specialiserade p\u00e5 hantering av encellsceller, lasermikrodissektion, hel bildvisning och optisk pincett f\u00f6r ett brett spektrum av kliniska och forskningsbaserade applikationer. <\/span><\/p>\n","protected":false},"featured_media":3102,"template":"","meta":[],"product_brand":[],"product_cat":[135,20,108,41],"product_tag":[],"class_list":{"0":"post-3101","1":"product","2":"type-product","3":"status-publish","4":"has-post-thumbnail","6":"product_cat-lifescience-kliniska-applikationer","7":"product_cat-mikroskopi","8":"product_cat-mmi","9":"product_cat-tillbehor-mikroskopi","11":"first","12":"instock","13":"shipping-taxable","14":"purchasable","15":"product-type-simple"},"yoast_head":"<!-- This site is optimized with the Yoast SEO plugin v27.2 - https:\/\/yoast.com\/product\/yoast-seo-wordpress\/ -->\n<title>Molecular Machines &amp; Industries - BergmanLabora<\/title>\n<meta name=\"robots\" content=\"index, follow, max-snippet:-1, max-image-preview:large, max-video-preview:-1\" \/>\n<link rel=\"canonical\" href=\"https:\/\/www.bergmanlabora.se\/fi\/tuote\/mmi\/\" \/>\n<meta property=\"og:locale\" content=\"fi_FI\" \/>\n<meta property=\"og:type\" content=\"article\" \/>\n<meta property=\"og:title\" content=\"Molecular Machines &amp; Industries - BergmanLabora\" \/>\n<meta property=\"og:description\" content=\"Marknadsledande leverant\u00f6r av innovativa, mikroskopbaserade mikromanipulationsl\u00f6sningar f\u00f6r biovetenskap, materialvetenskap och h\u00e4lso- och sjukv\u00e5rd. Specialiserade p\u00e5 hantering av encellsceller, lasermikrodissektion, hel bildvisning och optisk pincett f\u00f6r ett brett spektrum av kliniska och forskningsbaserade applikationer.\" \/>\n<meta property=\"og:url\" content=\"https:\/\/www.bergmanlabora.se\/fi\/tuote\/mmi\/\" \/>\n<meta property=\"og:site_name\" content=\"BergmanLabora\" \/>\n<meta property=\"article:publisher\" content=\"https:\/\/www.facebook.com\/bergmanlabora\/\" \/>\n<meta property=\"article:modified_time\" content=\"2023-06-19T14:40:28+00:00\" \/>\n<meta property=\"og:image\" content=\"https:\/\/www.bergmanlabora.se\/wp-content\/uploads\/2021\/06\/MIK77_1.jpg\" \/>\n\t<meta property=\"og:image:width\" content=\"800\" \/>\n\t<meta property=\"og:image:height\" content=\"800\" \/>\n\t<meta property=\"og:image:type\" content=\"image\/jpeg\" \/>\n<meta name=\"twitter:card\" content=\"summary_large_image\" \/>\n<meta name=\"twitter:label1\" content=\"Arvioitu lukuaika\" \/>\n\t<meta name=\"twitter:data1\" content=\"2 minuuttia\" \/>\n<script type=\"application\/ld+json\" class=\"yoast-schema-graph\">{\"@context\":\"https:\/\/schema.org\",\"@graph\":[{\"@type\":\"WebPage\",\"@id\":\"https:\/\/www.bergmanlabora.se\/fi\/tuote\/mmi\/\",\"url\":\"https:\/\/www.bergmanlabora.se\/fi\/tuote\/mmi\/\",\"name\":\"Molecular Machines & Industries - BergmanLabora\",\"isPartOf\":{\"@id\":\"https:\/\/www.bergmanlabora.se\/fi\/#website\"},\"primaryImageOfPage\":{\"@id\":\"https:\/\/www.bergmanlabora.se\/fi\/tuote\/mmi\/#primaryimage\"},\"image\":{\"@id\":\"https:\/\/www.bergmanlabora.se\/fi\/tuote\/mmi\/#primaryimage\"},\"thumbnailUrl\":\"https:\/\/www.bergmanlabora.se\/wp-content\/uploads\/2021\/06\/MIK77_1.jpg\",\"datePublished\":\"2021-06-23T09:35:08+00:00\",\"dateModified\":\"2023-06-19T14:40:28+00:00\",\"breadcrumb\":{\"@id\":\"https:\/\/www.bergmanlabora.se\/fi\/tuote\/mmi\/#breadcrumb\"},\"inLanguage\":\"fi\",\"potentialAction\":[{\"@type\":\"ReadAction\",\"target\":[\"https:\/\/www.bergmanlabora.se\/fi\/tuote\/mmi\/\"]}]},{\"@type\":\"ImageObject\",\"inLanguage\":\"fi\",\"@id\":\"https:\/\/www.bergmanlabora.se\/fi\/tuote\/mmi\/#primaryimage\",\"url\":\"https:\/\/www.bergmanlabora.se\/wp-content\/uploads\/2021\/06\/MIK77_1.jpg\",\"contentUrl\":\"https:\/\/www.bergmanlabora.se\/wp-content\/uploads\/2021\/06\/MIK77_1.jpg\",\"width\":800,\"height\":800,\"caption\":\"Molecular Machines & Industries MMI Mikroskopi tillbeh\u00f6r\"},{\"@type\":\"BreadcrumbList\",\"@id\":\"https:\/\/www.bergmanlabora.se\/fi\/tuote\/mmi\/#breadcrumb\",\"itemListElement\":[{\"@type\":\"ListItem\",\"position\":1,\"name\":\"Helma\",\"item\":\"https:\/\/www.bergmanlabora.se\/fi\/maailman-johtavat-laboratoriolaitteet-biotieteille-ja-teollisuudelle\/\"},{\"@type\":\"ListItem\",\"position\":2,\"name\":\"Webbutik\",\"item\":\"https:\/\/www.bergmanlabora.se\/webbutik\/\"},{\"@type\":\"ListItem\",\"position\":3,\"name\":\"Molecular Machines &#038; Industries\"}]},{\"@type\":\"WebSite\",\"@id\":\"https:\/\/www.bergmanlabora.se\/fi\/#website\",\"url\":\"https:\/\/www.bergmanlabora.se\/fi\/\",\"name\":\"BergmanLabora\",\"description\":\"En av Sveriges ledande leverant\u00f6rer till den svenska laboratoriemarknaden\",\"potentialAction\":[{\"@type\":\"SearchAction\",\"target\":{\"@type\":\"EntryPoint\",\"urlTemplate\":\"https:\/\/www.bergmanlabora.se\/fi\/?s={search_term_string}\"},\"query-input\":{\"@type\":\"PropertyValueSpecification\",\"valueRequired\":true,\"valueName\":\"search_term_string\"}}],\"inLanguage\":\"fi\"}]}<\/script>\n<!-- \/ Yoast SEO plugin. -->","yoast_head_json":{"title":"Molecular Machines & Industries - BergmanLabora","robots":{"index":"index","follow":"follow","max-snippet":"max-snippet:-1","max-image-preview":"max-image-preview:large","max-video-preview":"max-video-preview:-1"},"canonical":"https:\/\/www.bergmanlabora.se\/fi\/tuote\/mmi\/","og_locale":"fi_FI","og_type":"article","og_title":"Molecular Machines & Industries - BergmanLabora","og_description":"Marknadsledande leverant\u00f6r av innovativa, mikroskopbaserade mikromanipulationsl\u00f6sningar f\u00f6r biovetenskap, materialvetenskap och h\u00e4lso- och sjukv\u00e5rd. Specialiserade p\u00e5 hantering av encellsceller, lasermikrodissektion, hel bildvisning och optisk pincett f\u00f6r ett brett spektrum av kliniska och forskningsbaserade applikationer.","og_url":"https:\/\/www.bergmanlabora.se\/fi\/tuote\/mmi\/","og_site_name":"BergmanLabora","article_publisher":"https:\/\/www.facebook.com\/bergmanlabora\/","article_modified_time":"2023-06-19T14:40:28+00:00","og_image":[{"width":800,"height":800,"url":"https:\/\/www.bergmanlabora.se\/wp-content\/uploads\/2021\/06\/MIK77_1.jpg","type":"image\/jpeg"}],"twitter_card":"summary_large_image","twitter_misc":{"Arvioitu lukuaika":"2 minuuttia"},"schema":{"@context":"https:\/\/schema.org","@graph":[{"@type":"WebPage","@id":"https:\/\/www.bergmanlabora.se\/fi\/tuote\/mmi\/","url":"https:\/\/www.bergmanlabora.se\/fi\/tuote\/mmi\/","name":"Molecular Machines & Industries - BergmanLabora","isPartOf":{"@id":"https:\/\/www.bergmanlabora.se\/fi\/#website"},"primaryImageOfPage":{"@id":"https:\/\/www.bergmanlabora.se\/fi\/tuote\/mmi\/#primaryimage"},"image":{"@id":"https:\/\/www.bergmanlabora.se\/fi\/tuote\/mmi\/#primaryimage"},"thumbnailUrl":"https:\/\/www.bergmanlabora.se\/wp-content\/uploads\/2021\/06\/MIK77_1.jpg","datePublished":"2021-06-23T09:35:08+00:00","dateModified":"2023-06-19T14:40:28+00:00","breadcrumb":{"@id":"https:\/\/www.bergmanlabora.se\/fi\/tuote\/mmi\/#breadcrumb"},"inLanguage":"fi","potentialAction":[{"@type":"ReadAction","target":["https:\/\/www.bergmanlabora.se\/fi\/tuote\/mmi\/"]}]},{"@type":"ImageObject","inLanguage":"fi","@id":"https:\/\/www.bergmanlabora.se\/fi\/tuote\/mmi\/#primaryimage","url":"https:\/\/www.bergmanlabora.se\/wp-content\/uploads\/2021\/06\/MIK77_1.jpg","contentUrl":"https:\/\/www.bergmanlabora.se\/wp-content\/uploads\/2021\/06\/MIK77_1.jpg","width":800,"height":800,"caption":"Molecular Machines & Industries MMI Mikroskopi tillbeh\u00f6r"},{"@type":"BreadcrumbList","@id":"https:\/\/www.bergmanlabora.se\/fi\/tuote\/mmi\/#breadcrumb","itemListElement":[{"@type":"ListItem","position":1,"name":"Helma","item":"https:\/\/www.bergmanlabora.se\/fi\/maailman-johtavat-laboratoriolaitteet-biotieteille-ja-teollisuudelle\/"},{"@type":"ListItem","position":2,"name":"Webbutik","item":"https:\/\/www.bergmanlabora.se\/webbutik\/"},{"@type":"ListItem","position":3,"name":"Molecular Machines &#038; Industries"}]},{"@type":"WebSite","@id":"https:\/\/www.bergmanlabora.se\/fi\/#website","url":"https:\/\/www.bergmanlabora.se\/fi\/","name":"BergmanLabora","description":"En av Sveriges ledande leverant\u00f6rer till den svenska laboratoriemarknaden","potentialAction":[{"@type":"SearchAction","target":{"@type":"EntryPoint","urlTemplate":"https:\/\/www.bergmanlabora.se\/fi\/?s={search_term_string}"},"query-input":{"@type":"PropertyValueSpecification","valueRequired":true,"valueName":"search_term_string"}}],"inLanguage":"fi"}]}},"_links":{"self":[{"href":"https:\/\/www.bergmanlabora.se\/fi\/wp-json\/wp\/v2\/product\/3101","targetHints":{"allow":["GET"]}}],"collection":[{"href":"https:\/\/www.bergmanlabora.se\/fi\/wp-json\/wp\/v2\/product"}],"about":[{"href":"https:\/\/www.bergmanlabora.se\/fi\/wp-json\/wp\/v2\/types\/product"}],"wp:featuredmedia":[{"embeddable":true,"href":"https:\/\/www.bergmanlabora.se\/fi\/wp-json\/wp\/v2\/media\/3102"}],"wp:attachment":[{"href":"https:\/\/www.bergmanlabora.se\/fi\/wp-json\/wp\/v2\/media?parent=3101"}],"wp:term":[{"taxonomy":"product_brand","embeddable":true,"href":"https:\/\/www.bergmanlabora.se\/fi\/wp-json\/wp\/v2\/product_brand?post=3101"},{"taxonomy":"product_cat","embeddable":true,"href":"https:\/\/www.bergmanlabora.se\/fi\/wp-json\/wp\/v2\/product_cat?post=3101"},{"taxonomy":"product_tag","embeddable":true,"href":"https:\/\/www.bergmanlabora.se\/fi\/wp-json\/wp\/v2\/product_tag?post=3101"}],"curies":[{"name":"wp","href":"https:\/\/api.w.org\/{rel}","templated":true}]}}