{"id":13738,"date":"2026-03-30T14:07:43","date_gmt":"2026-03-30T12:07:43","guid":{"rendered":"https:\/\/www.bergmanlabora.se\/?post_type=product&#038;p=13738"},"modified":"2026-03-30T14:39:00","modified_gmt":"2026-03-30T12:39:00","slug":"uci-kovuuden-testauslaite-alphadur-iii-kopia","status":"publish","type":"product","link":"https:\/\/www.bergmanlabora.se\/fi\/tuote\/uci-kovuuden-testauslaite-alphadur-iii-kopia\/","title":{"rendered":"UCI-kovuuden testauslaite alphaDUR III"},"content":{"rendered":"<p data-start=\"388\" data-end=\"500\"><strong data-start=\"388\" data-end=\"500\">Kannettava kovuusmittari metallien nopeaan ja tarkkaan kovuuden testaamiseen tuotannossa ja laadunvalvonnassa.<\/strong><\/p>\n<p data-start=\"502\" data-end=\"539\">alphaDUR III:a k\u00e4ytet\u00e4\u00e4n muun muassa seuraaviin tarkoituksiin:<\/p>\n<ul data-start=\"541\" data-end=\"748\">\n<li data-section-id=\"b31v2l\" data-start=\"541\" data-end=\"568\">Tavaroiden vastaanoton valvonta<\/li>\n<li data-section-id=\"sor61a\" data-start=\"569\" data-end=\"602\">Kovuuden testaus tuotannossa<\/li>\n<li data-section-id=\"25nbkv\" data-start=\"603\" data-end=\"636\">Koneen osien ohjaus<\/li>\n<li data-section-id=\"1ut81j3\" data-start=\"637\" data-end=\"694\">Hitsaussaumojen, pinnoitteiden ja karkaistujen osien mittaus.<\/li>\n<li data-section-id=\"mntbrz\" data-start=\"695\" data-end=\"748\">Mittaaminen vaikeasti saavutettavilta pinnoilta ja eri kulmista<\/li>\n<\/ul>\n<h3 data-section-id=\"12qighm\" data-start=\"750\" data-end=\"762\">Ohjelman edut<\/h3>\n<ul data-start=\"764\" data-end=\"1013\">\n<li data-section-id=\"jg6syl\" data-start=\"764\" data-end=\"800\">Nopea ja helppo kovuuden testaus<\/li>\n<li data-section-id=\"kzsbs9\" data-start=\"801\" data-end=\"852\">Selke\u00e4 k\u00e4ytt\u00f6liittym\u00e4 toimintopainikkeilla<\/li>\n<li data-section-id=\"y8y1ls\" data-start=\"853\" data-end=\"901\"><strong data-start=\"871\" data-end=\"899\">DIN 50159 ja ASTM A1038<\/strong> mukainen mittausmenetelm\u00e4.<\/li>\n<li data-section-id=\"dr4cxp\" data-start=\"902\" data-end=\"927\">Tukeva metallikotelo<\/li>\n<li data-section-id=\"gcb97c\" data-start=\"928\" data-end=\"966\">R\u00e4\u00e4t\u00e4l\u00f6idyt materiaalikalibroinnit<\/li>\n<li data-section-id=\"1xbu3wb\" data-start=\"967\" data-end=\"1013\">Kattavat muisti- ja tilastotoiminnot<\/li>\n<\/ul>\n","protected":false},"excerpt":{"rendered":"<p data-start=\"1036\" data-end=\"1166\">alphaDUR III on <strong data-start=\"1055\" data-end=\"1105\">hyv\u00e4ksi todettu ja monipuolinen kannettava kovuusmittari<\/strong>, jota on k\u00e4ytetty teollisuudessa ja tuotannossa jo vuosia.<\/p>\n<p data-start=\"1168\" data-end=\"1286\">Laitetta voidaan k\u00e4ytt\u00e4\u00e4 kaikkeen <strong data-start=\"1208\" data-end=\"1285\">yksinkertaisista manuaalisista mittauksista automatisoituun kovuudenvalvontaan tuotannossa<\/strong>.<\/p>\n<p data-start=\"1288\" data-end=\"1494\">Suuren v\u00e4rin\u00e4yt\u00f6n ansiosta laitetta on eritt\u00e4in helppo k\u00e4ytt\u00e4\u00e4, sill\u00e4 kaikki olennaiset tiedot n\u00e4kyv\u00e4t selke\u00e4sti n\u00e4yt\u00f6ll\u00e4.  <strong data-start=\"1408\" data-end=\"1494\">Kovuusasteikkoa ja materiaalia voidaan vaihtaa nopeasti asiayhteyspainikkeilla.<\/strong><\/p>\n<p data-start=\"1496\" data-end=\"1601\">Mittaus on nopea ja eritt\u00e4in tarkka.  <strong data-start=\"1541\" data-end=\"1601\">Mittaus n\u00e4ytet\u00e4\u00e4n heti testikuorman asettamisen j\u00e4lkeen.<\/strong><\/p>\n<p data-start=\"1603\" data-end=\"1695\">K\u00e4ytt\u00f6kohteesta ja n\u00e4ytteen pinnasta riippuen voidaan k\u00e4ytt\u00e4\u00e4 <strong data-start=\"1652\" data-end=\"1685\">0,3-10 kg:n kuormia<\/strong>.<\/p>\n","protected":false},"featured_media":13731,"template":"","meta":[],"product_brand":[],"product_cat":[327,328,326,320],"product_tag":[],"class_list":{"0":"post-13738","1":"product","2":"type-product","3":"status-publish","4":"has-post-thumbnail","6":"product_cat-baq","7":"product_cat-kannettavat-kovuusmittarit","8":"product_cat-kovuusmittarit","9":"product_cat-teollisuuden-ja-materiaalien-analyysi","11":"first","12":"instock","13":"shipping-taxable","14":"purchasable","15":"product-type-simple"},"yoast_head":"<!-- This site is optimized with the Yoast SEO plugin v27.2 - https:\/\/yoast.com\/product\/yoast-seo-wordpress\/ -->\n<title>UCI-kovuuden testauslaite alphaDUR III - BergmanLabora<\/title>\n<meta name=\"description\" content=\"alphaDUR III on hyv\u00e4ksi todettu ja monipuolinen kannettava kovuusmittari, jota on k\u00e4ytetty teollisuudessa ja tuotannossa jo vuosia.\" \/>\n<meta name=\"robots\" content=\"index, follow, max-snippet:-1, max-image-preview:large, max-video-preview:-1\" \/>\n<link rel=\"canonical\" href=\"https:\/\/www.bergmanlabora.se\/fi\/tuote\/uci-kovuuden-testauslaite-alphadur-iii-kopia\/\" \/>\n<meta property=\"og:locale\" content=\"fi_FI\" \/>\n<meta property=\"og:type\" content=\"article\" \/>\n<meta property=\"og:title\" content=\"UCI-kovuuden testauslaite alphaDUR III - BergmanLabora\" \/>\n<meta property=\"og:description\" content=\"alphaDUR III on hyv\u00e4ksi todettu ja monipuolinen kannettava kovuusmittari, jota on k\u00e4ytetty teollisuudessa ja tuotannossa jo vuosia.\" \/>\n<meta property=\"og:url\" content=\"https:\/\/www.bergmanlabora.se\/fi\/tuote\/uci-kovuuden-testauslaite-alphadur-iii-kopia\/\" \/>\n<meta property=\"og:site_name\" content=\"BergmanLabora\" \/>\n<meta property=\"article:publisher\" content=\"https:\/\/www.facebook.com\/bergmanlabora\/\" \/>\n<meta property=\"article:modified_time\" content=\"2026-03-30T12:39:00+00:00\" \/>\n<meta property=\"og:image\" content=\"https:\/\/www.bergmanlabora.se\/wp-content\/uploads\/2026\/03\/alphadur-III.jpg\" \/>\n\t<meta property=\"og:image:width\" content=\"450\" \/>\n\t<meta property=\"og:image:height\" content=\"450\" \/>\n\t<meta property=\"og:image:type\" content=\"image\/jpeg\" \/>\n<meta name=\"twitter:card\" content=\"summary_large_image\" \/>\n<script type=\"application\/ld+json\" class=\"yoast-schema-graph\">{\"@context\":\"https:\/\/schema.org\",\"@graph\":[{\"@type\":\"WebPage\",\"@id\":\"https:\/\/www.bergmanlabora.se\/fi\/tuote\/uci-kovuuden-testauslaite-alphadur-iii-kopia\/\",\"url\":\"https:\/\/www.bergmanlabora.se\/fi\/tuote\/uci-kovuuden-testauslaite-alphadur-iii-kopia\/\",\"name\":\"UCI-kovuuden testauslaite alphaDUR III - BergmanLabora\",\"isPartOf\":{\"@id\":\"https:\/\/www.bergmanlabora.se\/fi\/#website\"},\"primaryImageOfPage\":{\"@id\":\"https:\/\/www.bergmanlabora.se\/fi\/tuote\/uci-kovuuden-testauslaite-alphadur-iii-kopia\/#primaryimage\"},\"image\":{\"@id\":\"https:\/\/www.bergmanlabora.se\/fi\/tuote\/uci-kovuuden-testauslaite-alphadur-iii-kopia\/#primaryimage\"},\"thumbnailUrl\":\"https:\/\/www.bergmanlabora.se\/wp-content\/uploads\/2026\/03\/alphadur-III.jpg\",\"datePublished\":\"2026-03-30T12:07:43+00:00\",\"dateModified\":\"2026-03-30T12:39:00+00:00\",\"description\":\"alphaDUR III on hyv\u00e4ksi todettu ja monipuolinen kannettava kovuusmittari, jota on k\u00e4ytetty teollisuudessa ja tuotannossa jo vuosia.\",\"breadcrumb\":{\"@id\":\"https:\/\/www.bergmanlabora.se\/fi\/tuote\/uci-kovuuden-testauslaite-alphadur-iii-kopia\/#breadcrumb\"},\"inLanguage\":\"fi\",\"potentialAction\":[{\"@type\":\"ReadAction\",\"target\":[\"https:\/\/www.bergmanlabora.se\/fi\/tuote\/uci-kovuuden-testauslaite-alphadur-iii-kopia\/\"]}]},{\"@type\":\"ImageObject\",\"inLanguage\":\"fi\",\"@id\":\"https:\/\/www.bergmanlabora.se\/fi\/tuote\/uci-kovuuden-testauslaite-alphadur-iii-kopia\/#primaryimage\",\"url\":\"https:\/\/www.bergmanlabora.se\/wp-content\/uploads\/2026\/03\/alphadur-III.jpg\",\"contentUrl\":\"https:\/\/www.bergmanlabora.se\/wp-content\/uploads\/2026\/03\/alphadur-III.jpg\",\"width\":450,\"height\":450,\"caption\":\"UCI-kovuusmittauslaite alphaDUR III\"},{\"@type\":\"BreadcrumbList\",\"@id\":\"https:\/\/www.bergmanlabora.se\/fi\/tuote\/uci-kovuuden-testauslaite-alphadur-iii-kopia\/#breadcrumb\",\"itemListElement\":[{\"@type\":\"ListItem\",\"position\":1,\"name\":\"Helma\",\"item\":\"https:\/\/www.bergmanlabora.se\/fi\/maailman-johtavat-laboratoriolaitteet-biotieteille-ja-teollisuudelle\/\"},{\"@type\":\"ListItem\",\"position\":2,\"name\":\"Webbutik\",\"item\":\"https:\/\/www.bergmanlabora.se\/webbutik\/\"},{\"@type\":\"ListItem\",\"position\":3,\"name\":\"UCI-kovuuden testauslaite alphaDUR III\"}]},{\"@type\":\"WebSite\",\"@id\":\"https:\/\/www.bergmanlabora.se\/fi\/#website\",\"url\":\"https:\/\/www.bergmanlabora.se\/fi\/\",\"name\":\"BergmanLabora\",\"description\":\"En av Sveriges ledande leverant\u00f6rer till den svenska laboratoriemarknaden\",\"potentialAction\":[{\"@type\":\"SearchAction\",\"target\":{\"@type\":\"EntryPoint\",\"urlTemplate\":\"https:\/\/www.bergmanlabora.se\/fi\/?s={search_term_string}\"},\"query-input\":{\"@type\":\"PropertyValueSpecification\",\"valueRequired\":true,\"valueName\":\"search_term_string\"}}],\"inLanguage\":\"fi\"}]}<\/script>\n<!-- \/ Yoast SEO plugin. -->","yoast_head_json":{"title":"UCI-kovuuden testauslaite alphaDUR III - BergmanLabora","description":"alphaDUR III on hyv\u00e4ksi todettu ja monipuolinen kannettava kovuusmittari, jota on k\u00e4ytetty teollisuudessa ja tuotannossa jo vuosia.","robots":{"index":"index","follow":"follow","max-snippet":"max-snippet:-1","max-image-preview":"max-image-preview:large","max-video-preview":"max-video-preview:-1"},"canonical":"https:\/\/www.bergmanlabora.se\/fi\/tuote\/uci-kovuuden-testauslaite-alphadur-iii-kopia\/","og_locale":"fi_FI","og_type":"article","og_title":"UCI-kovuuden testauslaite alphaDUR III - BergmanLabora","og_description":"alphaDUR III on hyv\u00e4ksi todettu ja monipuolinen kannettava kovuusmittari, jota on k\u00e4ytetty teollisuudessa ja tuotannossa jo vuosia.","og_url":"https:\/\/www.bergmanlabora.se\/fi\/tuote\/uci-kovuuden-testauslaite-alphadur-iii-kopia\/","og_site_name":"BergmanLabora","article_publisher":"https:\/\/www.facebook.com\/bergmanlabora\/","article_modified_time":"2026-03-30T12:39:00+00:00","og_image":[{"width":450,"height":450,"url":"https:\/\/www.bergmanlabora.se\/wp-content\/uploads\/2026\/03\/alphadur-III.jpg","type":"image\/jpeg"}],"twitter_card":"summary_large_image","schema":{"@context":"https:\/\/schema.org","@graph":[{"@type":"WebPage","@id":"https:\/\/www.bergmanlabora.se\/fi\/tuote\/uci-kovuuden-testauslaite-alphadur-iii-kopia\/","url":"https:\/\/www.bergmanlabora.se\/fi\/tuote\/uci-kovuuden-testauslaite-alphadur-iii-kopia\/","name":"UCI-kovuuden testauslaite alphaDUR III - BergmanLabora","isPartOf":{"@id":"https:\/\/www.bergmanlabora.se\/fi\/#website"},"primaryImageOfPage":{"@id":"https:\/\/www.bergmanlabora.se\/fi\/tuote\/uci-kovuuden-testauslaite-alphadur-iii-kopia\/#primaryimage"},"image":{"@id":"https:\/\/www.bergmanlabora.se\/fi\/tuote\/uci-kovuuden-testauslaite-alphadur-iii-kopia\/#primaryimage"},"thumbnailUrl":"https:\/\/www.bergmanlabora.se\/wp-content\/uploads\/2026\/03\/alphadur-III.jpg","datePublished":"2026-03-30T12:07:43+00:00","dateModified":"2026-03-30T12:39:00+00:00","description":"alphaDUR III on hyv\u00e4ksi todettu ja monipuolinen kannettava kovuusmittari, jota on k\u00e4ytetty teollisuudessa ja tuotannossa jo vuosia.","breadcrumb":{"@id":"https:\/\/www.bergmanlabora.se\/fi\/tuote\/uci-kovuuden-testauslaite-alphadur-iii-kopia\/#breadcrumb"},"inLanguage":"fi","potentialAction":[{"@type":"ReadAction","target":["https:\/\/www.bergmanlabora.se\/fi\/tuote\/uci-kovuuden-testauslaite-alphadur-iii-kopia\/"]}]},{"@type":"ImageObject","inLanguage":"fi","@id":"https:\/\/www.bergmanlabora.se\/fi\/tuote\/uci-kovuuden-testauslaite-alphadur-iii-kopia\/#primaryimage","url":"https:\/\/www.bergmanlabora.se\/wp-content\/uploads\/2026\/03\/alphadur-III.jpg","contentUrl":"https:\/\/www.bergmanlabora.se\/wp-content\/uploads\/2026\/03\/alphadur-III.jpg","width":450,"height":450,"caption":"UCI-kovuusmittauslaite alphaDUR III"},{"@type":"BreadcrumbList","@id":"https:\/\/www.bergmanlabora.se\/fi\/tuote\/uci-kovuuden-testauslaite-alphadur-iii-kopia\/#breadcrumb","itemListElement":[{"@type":"ListItem","position":1,"name":"Helma","item":"https:\/\/www.bergmanlabora.se\/fi\/maailman-johtavat-laboratoriolaitteet-biotieteille-ja-teollisuudelle\/"},{"@type":"ListItem","position":2,"name":"Webbutik","item":"https:\/\/www.bergmanlabora.se\/webbutik\/"},{"@type":"ListItem","position":3,"name":"UCI-kovuuden testauslaite alphaDUR III"}]},{"@type":"WebSite","@id":"https:\/\/www.bergmanlabora.se\/fi\/#website","url":"https:\/\/www.bergmanlabora.se\/fi\/","name":"BergmanLabora","description":"En av Sveriges ledande leverant\u00f6rer till den svenska laboratoriemarknaden","potentialAction":[{"@type":"SearchAction","target":{"@type":"EntryPoint","urlTemplate":"https:\/\/www.bergmanlabora.se\/fi\/?s={search_term_string}"},"query-input":{"@type":"PropertyValueSpecification","valueRequired":true,"valueName":"search_term_string"}}],"inLanguage":"fi"}]}},"_links":{"self":[{"href":"https:\/\/www.bergmanlabora.se\/fi\/wp-json\/wp\/v2\/product\/13738","targetHints":{"allow":["GET"]}}],"collection":[{"href":"https:\/\/www.bergmanlabora.se\/fi\/wp-json\/wp\/v2\/product"}],"about":[{"href":"https:\/\/www.bergmanlabora.se\/fi\/wp-json\/wp\/v2\/types\/product"}],"wp:featuredmedia":[{"embeddable":true,"href":"https:\/\/www.bergmanlabora.se\/fi\/wp-json\/wp\/v2\/media\/13731"}],"wp:attachment":[{"href":"https:\/\/www.bergmanlabora.se\/fi\/wp-json\/wp\/v2\/media?parent=13738"}],"wp:term":[{"taxonomy":"product_brand","embeddable":true,"href":"https:\/\/www.bergmanlabora.se\/fi\/wp-json\/wp\/v2\/product_brand?post=13738"},{"taxonomy":"product_cat","embeddable":true,"href":"https:\/\/www.bergmanlabora.se\/fi\/wp-json\/wp\/v2\/product_cat?post=13738"},{"taxonomy":"product_tag","embeddable":true,"href":"https:\/\/www.bergmanlabora.se\/fi\/wp-json\/wp\/v2\/product_tag?post=13738"}],"curies":[{"name":"wp","href":"https:\/\/api.w.org\/{rel}","templated":true}]}}