{"id":13733,"date":"2022-12-16T11:53:22","date_gmt":"2022-12-16T10:53:22","guid":{"rendered":"https:\/\/www.bergmanlabora.se\/product\/qmobile-evo\/"},"modified":"2026-03-30T14:18:00","modified_gmt":"2026-03-30T12:18:00","slug":"qmobile-evo","status":"publish","type":"product","link":"https:\/\/www.bergmanlabora.se\/fi\/tuote\/qmobile-evo\/","title":{"rendered":"Qmobile EVO"},"content":{"rendered":"<p><strong>TUOTTEEN EDUT<\/strong><\/p>\n<ul>\n<li>Toimitus sis\u00e4lt\u00e4\u00e4 kotelon<\/li>\n<li>Uusinta tekniikkaa<\/li>\n<li>Kuvan arviointi sis\u00e4\u00e4nrakennetulla mikroskoopilla, jossa on suoran valon moduuli<\/li>\n<li>Vaihdettava p\u00e4\u00e4 r\u00e4\u00e4t\u00e4l\u00f6ityj\u00e4 sovelluksia varten<\/li>\n<li>Innovatiiviset QATM-ohjaimet - Qpix T12<\/li>\n<li>Teollisuusyhteensopiva taulutietokone<\/li>\n<li>Tiedonsiirto liit\u00e4nn\u00e4n kautta (USB 2.0)<\/li>\n<li>Ergonominen j\u00e4rjestelm\u00e4suunnittelu<\/li>\n<\/ul>\n","protected":false},"excerpt":{"rendered":"<p>Brinellin kovuuskokeen syvennysten kannettavaan arviointiin.<\/p>\n","protected":false},"featured_media":13744,"template":"","meta":[],"product_brand":[],"product_cat":[328,326,319,320],"product_tag":[],"class_list":{"0":"post-13733","1":"product","2":"type-product","3":"status-publish","4":"has-post-thumbnail","6":"product_cat-kannettavat-kovuusmittarit","7":"product_cat-kovuusmittarit","8":"product_cat-qatm","9":"product_cat-teollisuuden-ja-materiaalien-analyysi","11":"first","12":"instock","13":"shipping-taxable","14":"purchasable","15":"product-type-simple"},"yoast_head":"<!-- This site is optimized with the Yoast SEO plugin v27.2 - https:\/\/yoast.com\/product\/yoast-seo-wordpress\/ -->\n<title>Qmobile EVO - BergmanLabora<\/title>\n<meta name=\"robots\" content=\"index, follow, max-snippet:-1, max-image-preview:large, max-video-preview:-1\" \/>\n<link rel=\"canonical\" href=\"https:\/\/www.bergmanlabora.se\/fi\/tuote\/qmobile-evo\/\" \/>\n<meta property=\"og:locale\" content=\"fi_FI\" \/>\n<meta property=\"og:type\" content=\"article\" \/>\n<meta property=\"og:title\" content=\"Qmobile EVO - BergmanLabora\" \/>\n<meta property=\"og:description\" content=\"Brinellin kovuuskokeen syvennysten kannettavaan arviointiin.\" \/>\n<meta property=\"og:url\" content=\"https:\/\/www.bergmanlabora.se\/fi\/tuote\/qmobile-evo\/\" \/>\n<meta property=\"og:site_name\" content=\"BergmanLabora\" \/>\n<meta property=\"article:publisher\" content=\"https:\/\/www.facebook.com\/bergmanlabora\/\" \/>\n<meta property=\"article:modified_time\" content=\"2026-03-30T12:18:00+00:00\" \/>\n<meta property=\"og:image\" content=\"https:\/\/www.bergmanlabora.se\/wp-content\/uploads\/2022\/12\/llproductscustomizedsolutionsmobile-image-evaluation-seriesheaderheadline-llproductscustomizedsolutionsmobile-image-evaluation-seriesheadersubheadline.webp\" \/>\n\t<meta property=\"og:image:width\" content=\"940\" \/>\n\t<meta property=\"og:image:height\" content=\"940\" \/>\n\t<meta property=\"og:image:type\" content=\"image\/webp\" \/>\n<meta name=\"twitter:card\" content=\"summary_large_image\" \/>\n<script type=\"application\/ld+json\" class=\"yoast-schema-graph\">{\"@context\":\"https:\/\/schema.org\",\"@graph\":[{\"@type\":\"WebPage\",\"@id\":\"https:\/\/www.bergmanlabora.se\/fi\/tuote\/qmobile-evo\/\",\"url\":\"https:\/\/www.bergmanlabora.se\/fi\/tuote\/qmobile-evo\/\",\"name\":\"Qmobile EVO - BergmanLabora\",\"isPartOf\":{\"@id\":\"https:\/\/www.bergmanlabora.se\/fi\/#website\"},\"primaryImageOfPage\":{\"@id\":\"https:\/\/www.bergmanlabora.se\/fi\/tuote\/qmobile-evo\/#primaryimage\"},\"image\":{\"@id\":\"https:\/\/www.bergmanlabora.se\/fi\/tuote\/qmobile-evo\/#primaryimage\"},\"thumbnailUrl\":\"https:\/\/www.bergmanlabora.se\/wp-content\/uploads\/2022\/12\/llproductscustomizedsolutionsmobile-image-evaluation-seriesheaderheadline-llproductscustomizedsolutionsmobile-image-evaluation-seriesheadersubheadline.webp\",\"datePublished\":\"2022-12-16T10:53:22+00:00\",\"dateModified\":\"2026-03-30T12:18:00+00:00\",\"breadcrumb\":{\"@id\":\"https:\/\/www.bergmanlabora.se\/fi\/tuote\/qmobile-evo\/#breadcrumb\"},\"inLanguage\":\"fi\",\"potentialAction\":[{\"@type\":\"ReadAction\",\"target\":[\"https:\/\/www.bergmanlabora.se\/fi\/tuote\/qmobile-evo\/\"]}]},{\"@type\":\"ImageObject\",\"inLanguage\":\"fi\",\"@id\":\"https:\/\/www.bergmanlabora.se\/fi\/tuote\/qmobile-evo\/#primaryimage\",\"url\":\"https:\/\/www.bergmanlabora.se\/wp-content\/uploads\/2022\/12\/llproductscustomizedsolutionsmobile-image-evaluation-seriesheaderheadline-llproductscustomizedsolutionsmobile-image-evaluation-seriesheadersubheadline.webp\",\"contentUrl\":\"https:\/\/www.bergmanlabora.se\/wp-content\/uploads\/2022\/12\/llproductscustomizedsolutionsmobile-image-evaluation-seriesheaderheadline-llproductscustomizedsolutionsmobile-image-evaluation-seriesheadersubheadline.webp\",\"width\":940,\"height\":940},{\"@type\":\"BreadcrumbList\",\"@id\":\"https:\/\/www.bergmanlabora.se\/fi\/tuote\/qmobile-evo\/#breadcrumb\",\"itemListElement\":[{\"@type\":\"ListItem\",\"position\":1,\"name\":\"Helma\",\"item\":\"https:\/\/www.bergmanlabora.se\/fi\/maailman-johtavat-laboratoriolaitteet-biotieteille-ja-teollisuudelle\/\"},{\"@type\":\"ListItem\",\"position\":2,\"name\":\"Webbutik\",\"item\":\"https:\/\/www.bergmanlabora.se\/webbutik\/\"},{\"@type\":\"ListItem\",\"position\":3,\"name\":\"Qmobile EVO\"}]},{\"@type\":\"WebSite\",\"@id\":\"https:\/\/www.bergmanlabora.se\/fi\/#website\",\"url\":\"https:\/\/www.bergmanlabora.se\/fi\/\",\"name\":\"BergmanLabora\",\"description\":\"En av Sveriges ledande leverant\u00f6rer till den svenska laboratoriemarknaden\",\"potentialAction\":[{\"@type\":\"SearchAction\",\"target\":{\"@type\":\"EntryPoint\",\"urlTemplate\":\"https:\/\/www.bergmanlabora.se\/fi\/?s={search_term_string}\"},\"query-input\":{\"@type\":\"PropertyValueSpecification\",\"valueRequired\":true,\"valueName\":\"search_term_string\"}}],\"inLanguage\":\"fi\"}]}<\/script>\n<!-- \/ Yoast SEO plugin. -->","yoast_head_json":{"title":"Qmobile EVO - BergmanLabora","robots":{"index":"index","follow":"follow","max-snippet":"max-snippet:-1","max-image-preview":"max-image-preview:large","max-video-preview":"max-video-preview:-1"},"canonical":"https:\/\/www.bergmanlabora.se\/fi\/tuote\/qmobile-evo\/","og_locale":"fi_FI","og_type":"article","og_title":"Qmobile EVO - BergmanLabora","og_description":"Brinellin kovuuskokeen syvennysten kannettavaan arviointiin.","og_url":"https:\/\/www.bergmanlabora.se\/fi\/tuote\/qmobile-evo\/","og_site_name":"BergmanLabora","article_publisher":"https:\/\/www.facebook.com\/bergmanlabora\/","article_modified_time":"2026-03-30T12:18:00+00:00","og_image":[{"width":940,"height":940,"url":"https:\/\/www.bergmanlabora.se\/wp-content\/uploads\/2022\/12\/llproductscustomizedsolutionsmobile-image-evaluation-seriesheaderheadline-llproductscustomizedsolutionsmobile-image-evaluation-seriesheadersubheadline.webp","type":"image\/webp"}],"twitter_card":"summary_large_image","schema":{"@context":"https:\/\/schema.org","@graph":[{"@type":"WebPage","@id":"https:\/\/www.bergmanlabora.se\/fi\/tuote\/qmobile-evo\/","url":"https:\/\/www.bergmanlabora.se\/fi\/tuote\/qmobile-evo\/","name":"Qmobile EVO - BergmanLabora","isPartOf":{"@id":"https:\/\/www.bergmanlabora.se\/fi\/#website"},"primaryImageOfPage":{"@id":"https:\/\/www.bergmanlabora.se\/fi\/tuote\/qmobile-evo\/#primaryimage"},"image":{"@id":"https:\/\/www.bergmanlabora.se\/fi\/tuote\/qmobile-evo\/#primaryimage"},"thumbnailUrl":"https:\/\/www.bergmanlabora.se\/wp-content\/uploads\/2022\/12\/llproductscustomizedsolutionsmobile-image-evaluation-seriesheaderheadline-llproductscustomizedsolutionsmobile-image-evaluation-seriesheadersubheadline.webp","datePublished":"2022-12-16T10:53:22+00:00","dateModified":"2026-03-30T12:18:00+00:00","breadcrumb":{"@id":"https:\/\/www.bergmanlabora.se\/fi\/tuote\/qmobile-evo\/#breadcrumb"},"inLanguage":"fi","potentialAction":[{"@type":"ReadAction","target":["https:\/\/www.bergmanlabora.se\/fi\/tuote\/qmobile-evo\/"]}]},{"@type":"ImageObject","inLanguage":"fi","@id":"https:\/\/www.bergmanlabora.se\/fi\/tuote\/qmobile-evo\/#primaryimage","url":"https:\/\/www.bergmanlabora.se\/wp-content\/uploads\/2022\/12\/llproductscustomizedsolutionsmobile-image-evaluation-seriesheaderheadline-llproductscustomizedsolutionsmobile-image-evaluation-seriesheadersubheadline.webp","contentUrl":"https:\/\/www.bergmanlabora.se\/wp-content\/uploads\/2022\/12\/llproductscustomizedsolutionsmobile-image-evaluation-seriesheaderheadline-llproductscustomizedsolutionsmobile-image-evaluation-seriesheadersubheadline.webp","width":940,"height":940},{"@type":"BreadcrumbList","@id":"https:\/\/www.bergmanlabora.se\/fi\/tuote\/qmobile-evo\/#breadcrumb","itemListElement":[{"@type":"ListItem","position":1,"name":"Helma","item":"https:\/\/www.bergmanlabora.se\/fi\/maailman-johtavat-laboratoriolaitteet-biotieteille-ja-teollisuudelle\/"},{"@type":"ListItem","position":2,"name":"Webbutik","item":"https:\/\/www.bergmanlabora.se\/webbutik\/"},{"@type":"ListItem","position":3,"name":"Qmobile EVO"}]},{"@type":"WebSite","@id":"https:\/\/www.bergmanlabora.se\/fi\/#website","url":"https:\/\/www.bergmanlabora.se\/fi\/","name":"BergmanLabora","description":"En av Sveriges ledande leverant\u00f6rer till den svenska laboratoriemarknaden","potentialAction":[{"@type":"SearchAction","target":{"@type":"EntryPoint","urlTemplate":"https:\/\/www.bergmanlabora.se\/fi\/?s={search_term_string}"},"query-input":{"@type":"PropertyValueSpecification","valueRequired":true,"valueName":"search_term_string"}}],"inLanguage":"fi"}]}},"_links":{"self":[{"href":"https:\/\/www.bergmanlabora.se\/fi\/wp-json\/wp\/v2\/product\/13733","targetHints":{"allow":["GET"]}}],"collection":[{"href":"https:\/\/www.bergmanlabora.se\/fi\/wp-json\/wp\/v2\/product"}],"about":[{"href":"https:\/\/www.bergmanlabora.se\/fi\/wp-json\/wp\/v2\/types\/product"}],"wp:featuredmedia":[{"embeddable":true,"href":"https:\/\/www.bergmanlabora.se\/fi\/wp-json\/wp\/v2\/media\/13744"}],"wp:attachment":[{"href":"https:\/\/www.bergmanlabora.se\/fi\/wp-json\/wp\/v2\/media?parent=13733"}],"wp:term":[{"taxonomy":"product_brand","embeddable":true,"href":"https:\/\/www.bergmanlabora.se\/fi\/wp-json\/wp\/v2\/product_brand?post=13733"},{"taxonomy":"product_cat","embeddable":true,"href":"https:\/\/www.bergmanlabora.se\/fi\/wp-json\/wp\/v2\/product_cat?post=13733"},{"taxonomy":"product_tag","embeddable":true,"href":"https:\/\/www.bergmanlabora.se\/fi\/wp-json\/wp\/v2\/product_tag?post=13733"}],"curies":[{"name":"wp","href":"https:\/\/api.w.org\/{rel}","templated":true}]}}