{"id":13728,"date":"2026-03-30T12:59:38","date_gmt":"2026-03-30T10:59:38","guid":{"rendered":"https:\/\/www.bergmanlabora.se\/?post_type=product&#038;p=13728"},"modified":"2026-03-30T14:13:57","modified_gmt":"2026-03-30T12:13:57","slug":"rebound-leeb-kovuusmittari-dynarock-iii-kopia","status":"publish","type":"product","link":"https:\/\/www.bergmanlabora.se\/fi\/tuote\/rebound-leeb-kovuusmittari-dynarock-iii-kopia\/","title":{"rendered":"UCI-kovuuden testauslaite alphaDUR mini II"},"content":{"rendered":"<p data-start=\"369\" data-end=\"485\"><strong data-start=\"369\" data-end=\"485\">Kompakti kannettava kovuusmittari nopeaan kovuuden testaukseen suoraan tuotannossa, kunnossapidossa ja laadunvalvonnassa.<\/strong><\/p>\n<p data-start=\"487\" data-end=\"528\">alphaDUR mini II soveltuu erityisen hyvin:<\/p>\n<ul data-start=\"530\" data-end=\"767\">\n<li data-section-id=\"b31v2l\" data-start=\"530\" data-end=\"557\">Tavaroiden vastaanoton valvonta<\/li>\n<li data-section-id=\"1kr9jzn\" data-start=\"558\" data-end=\"603\">Tuotannossa olevien metallien kovuuden testaus<\/li>\n<li data-section-id=\"25nbkv\" data-start=\"604\" data-end=\"637\">Koneen osien ohjaus<\/li>\n<li data-section-id=\"a13kzw\" data-start=\"638\" data-end=\"677\">Hitsien ja pinnoitteiden mittaus<\/li>\n<li data-section-id=\"1p4zqhi\" data-start=\"678\" data-end=\"713\">Karkaistujen komponenttien valvonta<\/li>\n<li data-section-id=\"mntbrz\" data-start=\"714\" data-end=\"767\">Mittaaminen vaikeasti saavutettavilta pinnoilta ja eri kulmista<\/li>\n<\/ul>\n<h2 data-section-id=\"9wy3q1\" data-start=\"774\" data-end=\"785\">Ohjelman edut<\/h2>\n<ul data-start=\"787\" data-end=\"1048\">\n<li data-section-id=\"jg6syl\" data-start=\"787\" data-end=\"823\">Nopea ja helppo kovuuden testaus<\/li>\n<li data-section-id=\"y8y1ls\" data-start=\"824\" data-end=\"872\"><strong data-start=\"842\" data-end=\"870\">DIN 50159 ja ASTM A1038<\/strong> mukainen mittausmenetelm\u00e4.<\/li>\n<li data-section-id=\"dr4cxp\" data-start=\"873\" data-end=\"898\">Tukeva metallikotelo<\/li>\n<li data-section-id=\"1r53irj\" data-start=\"899\" data-end=\"919\">Suuri v\u00e4rin\u00e4ytt\u00f6<\/li>\n<li data-section-id=\"104pqae\" data-start=\"920\" data-end=\"948\">Sis\u00e4\u00e4nrakennettu litiumioniakku<\/li>\n<li data-section-id=\"1xbu3wb\" data-start=\"949\" data-end=\"995\">Kattavat muisti- ja tilastotoiminnot<\/li>\n<li data-section-id=\"1im0mrr\" data-start=\"996\" data-end=\"1048\"><strong data-start=\"998\" data-end=\"1048\">USB-C tiedonsiirtoa varten tietokoneeseen ja USB-tikkuun<\/strong><\/li>\n<\/ul>\n","protected":false},"excerpt":{"rendered":"<p data-start=\"1071\" data-end=\"1212\">alphaDUR mini II on <strong data-start=\"1091\" data-end=\"1149\">nelj\u00e4s sukupolvi hyv\u00e4ksi havaitusta alphaDUR-sarjasta<\/strong>, jota on k\u00e4ytetty teollisuuden kovuuden testauksessa jo vuosia.<\/p>\n<p data-start=\"1214\" data-end=\"1404\">Laitetta on eritt\u00e4in helppo k\u00e4ytt\u00e4\u00e4, sill\u00e4 kaikki tiedot n\u00e4kyv\u00e4t selke\u00e4sti suuressa LCD-n\u00e4yt\u00f6ss\u00e4.  <strong data-start=\"1323\" data-end=\"1404\">Kovuusasteikko ja materiaali voidaan vaihtaa nopeasti omilla toimintopainikkeilla.<\/strong><\/p>\n<p data-start=\"1406\" data-end=\"1488\"><strong data-start=\"1416\" data-end=\"1465\">UCI-mittausmenetelm\u00e4n (Ultrasonic Contact Impedance<\/strong> ) ansiosta mittaukset voidaan suorittaa:<\/p>\n<ul data-start=\"1490\" data-end=\"1549\">\n<li data-section-id=\"o7w6u8\" data-start=\"1490\" data-end=\"1500\">nopeasti<\/li>\n<li data-section-id=\"a4x2ob\" data-start=\"1501\" data-end=\"1522\">suurella tarkkuudella<\/li>\n<li data-section-id=\"104o31q\" data-start=\"1523\" data-end=\"1549\">riippumaton mittauskulmasta<\/li>\n<\/ul>\n<p data-start=\"1551\" data-end=\"1607\">Mittaus n\u00e4ytet\u00e4\u00e4n heti testikuorman asettamisen j\u00e4lkeen.<\/p>\n<p data-start=\"1609\" data-end=\"1723\">Sovelluksesta ja testattavan pinnan ominaisuuksista riippuen voidaan k\u00e4ytt\u00e4\u00e4 <strong data-start=\"1662\" data-end=\"1713\">0,3 kg:n (HV0,3) ja 10 kg:n (HV10) v\u00e4lisi\u00e4 testikuormia<\/strong>.<\/p>\n<p data-start=\"1725\" data-end=\"1805\">Tietoa oikean anturin valinnasta l\u00f6ytyy valmistajan sovellusasiakirjoista.<\/p>\n","protected":false},"featured_media":13741,"template":"","meta":[],"product_brand":[],"product_cat":[327,328,326,320],"product_tag":[],"class_list":{"0":"post-13728","1":"product","2":"type-product","3":"status-publish","4":"has-post-thumbnail","6":"product_cat-baq","7":"product_cat-kannettavat-kovuusmittarit","8":"product_cat-kovuusmittarit","9":"product_cat-teollisuuden-ja-materiaalien-analyysi","11":"first","12":"instock","13":"shipping-taxable","14":"purchasable","15":"product-type-simple"},"yoast_head":"<!-- This site is optimized with the Yoast SEO plugin v27.2 - https:\/\/yoast.com\/product\/yoast-seo-wordpress\/ -->\n<title>UCI-kovuuden testauslaite alphaDUR mini II - BergmanLabora<\/title>\n<meta name=\"description\" content=\"alphaDUR III on hyv\u00e4ksi todettu ja monipuolinen kannettava kovuusmittari, jota on k\u00e4ytetty teollisuudessa ja tuotannossa jo vuosia.\" \/>\n<meta name=\"robots\" content=\"index, follow, max-snippet:-1, max-image-preview:large, max-video-preview:-1\" \/>\n<link rel=\"canonical\" href=\"https:\/\/www.bergmanlabora.se\/fi\/tuote\/rebound-leeb-kovuusmittari-dynarock-iii-kopia\/\" \/>\n<meta property=\"og:locale\" content=\"fi_FI\" \/>\n<meta property=\"og:type\" content=\"article\" \/>\n<meta property=\"og:title\" content=\"UCI-kovuuden testauslaite alphaDUR mini II - BergmanLabora\" \/>\n<meta property=\"og:description\" content=\"alphaDUR III on hyv\u00e4ksi todettu ja monipuolinen kannettava kovuusmittari, jota on k\u00e4ytetty teollisuudessa ja tuotannossa jo vuosia.\" \/>\n<meta property=\"og:url\" content=\"https:\/\/www.bergmanlabora.se\/fi\/tuote\/rebound-leeb-kovuusmittari-dynarock-iii-kopia\/\" \/>\n<meta property=\"og:site_name\" content=\"BergmanLabora\" \/>\n<meta property=\"article:publisher\" content=\"https:\/\/www.facebook.com\/bergmanlabora\/\" \/>\n<meta property=\"article:modified_time\" content=\"2026-03-30T12:13:57+00:00\" \/>\n<meta property=\"og:image\" content=\"https:\/\/www.bergmanlabora.se\/wp-content\/uploads\/2026\/03\/alphadur-mini-III.jpg\" \/>\n\t<meta property=\"og:image:width\" content=\"450\" \/>\n\t<meta property=\"og:image:height\" content=\"450\" \/>\n\t<meta property=\"og:image:type\" content=\"image\/jpeg\" \/>\n<meta name=\"twitter:card\" content=\"summary_large_image\" \/>\n<script type=\"application\/ld+json\" class=\"yoast-schema-graph\">{\"@context\":\"https:\/\/schema.org\",\"@graph\":[{\"@type\":\"WebPage\",\"@id\":\"https:\/\/www.bergmanlabora.se\/fi\/tuote\/rebound-leeb-kovuusmittari-dynarock-iii-kopia\/\",\"url\":\"https:\/\/www.bergmanlabora.se\/fi\/tuote\/rebound-leeb-kovuusmittari-dynarock-iii-kopia\/\",\"name\":\"UCI-kovuuden testauslaite alphaDUR mini II - BergmanLabora\",\"isPartOf\":{\"@id\":\"https:\/\/www.bergmanlabora.se\/fi\/#website\"},\"primaryImageOfPage\":{\"@id\":\"https:\/\/www.bergmanlabora.se\/fi\/tuote\/rebound-leeb-kovuusmittari-dynarock-iii-kopia\/#primaryimage\"},\"image\":{\"@id\":\"https:\/\/www.bergmanlabora.se\/fi\/tuote\/rebound-leeb-kovuusmittari-dynarock-iii-kopia\/#primaryimage\"},\"thumbnailUrl\":\"https:\/\/www.bergmanlabora.se\/wp-content\/uploads\/2026\/03\/alphadur-mini-III.jpg\",\"datePublished\":\"2026-03-30T10:59:38+00:00\",\"dateModified\":\"2026-03-30T12:13:57+00:00\",\"description\":\"alphaDUR III on hyv\u00e4ksi todettu ja monipuolinen kannettava kovuusmittari, jota on k\u00e4ytetty teollisuudessa ja tuotannossa jo vuosia.\",\"breadcrumb\":{\"@id\":\"https:\/\/www.bergmanlabora.se\/fi\/tuote\/rebound-leeb-kovuusmittari-dynarock-iii-kopia\/#breadcrumb\"},\"inLanguage\":\"fi\",\"potentialAction\":[{\"@type\":\"ReadAction\",\"target\":[\"https:\/\/www.bergmanlabora.se\/fi\/tuote\/rebound-leeb-kovuusmittari-dynarock-iii-kopia\/\"]}]},{\"@type\":\"ImageObject\",\"inLanguage\":\"fi\",\"@id\":\"https:\/\/www.bergmanlabora.se\/fi\/tuote\/rebound-leeb-kovuusmittari-dynarock-iii-kopia\/#primaryimage\",\"url\":\"https:\/\/www.bergmanlabora.se\/wp-content\/uploads\/2026\/03\/alphadur-mini-III.jpg\",\"contentUrl\":\"https:\/\/www.bergmanlabora.se\/wp-content\/uploads\/2026\/03\/alphadur-mini-III.jpg\",\"width\":450,\"height\":450},{\"@type\":\"BreadcrumbList\",\"@id\":\"https:\/\/www.bergmanlabora.se\/fi\/tuote\/rebound-leeb-kovuusmittari-dynarock-iii-kopia\/#breadcrumb\",\"itemListElement\":[{\"@type\":\"ListItem\",\"position\":1,\"name\":\"Helma\",\"item\":\"https:\/\/www.bergmanlabora.se\/fi\/maailman-johtavat-laboratoriolaitteet-biotieteille-ja-teollisuudelle\/\"},{\"@type\":\"ListItem\",\"position\":2,\"name\":\"Webbutik\",\"item\":\"https:\/\/www.bergmanlabora.se\/webbutik\/\"},{\"@type\":\"ListItem\",\"position\":3,\"name\":\"UCI-kovuuden testauslaite alphaDUR mini II\"}]},{\"@type\":\"WebSite\",\"@id\":\"https:\/\/www.bergmanlabora.se\/fi\/#website\",\"url\":\"https:\/\/www.bergmanlabora.se\/fi\/\",\"name\":\"BergmanLabora\",\"description\":\"En av Sveriges ledande leverant\u00f6rer till den svenska laboratoriemarknaden\",\"potentialAction\":[{\"@type\":\"SearchAction\",\"target\":{\"@type\":\"EntryPoint\",\"urlTemplate\":\"https:\/\/www.bergmanlabora.se\/fi\/?s={search_term_string}\"},\"query-input\":{\"@type\":\"PropertyValueSpecification\",\"valueRequired\":true,\"valueName\":\"search_term_string\"}}],\"inLanguage\":\"fi\"}]}<\/script>\n<!-- \/ Yoast SEO plugin. -->","yoast_head_json":{"title":"UCI-kovuuden testauslaite alphaDUR mini II - BergmanLabora","description":"alphaDUR III on hyv\u00e4ksi todettu ja monipuolinen kannettava kovuusmittari, jota on k\u00e4ytetty teollisuudessa ja tuotannossa jo vuosia.","robots":{"index":"index","follow":"follow","max-snippet":"max-snippet:-1","max-image-preview":"max-image-preview:large","max-video-preview":"max-video-preview:-1"},"canonical":"https:\/\/www.bergmanlabora.se\/fi\/tuote\/rebound-leeb-kovuusmittari-dynarock-iii-kopia\/","og_locale":"fi_FI","og_type":"article","og_title":"UCI-kovuuden testauslaite alphaDUR mini II - BergmanLabora","og_description":"alphaDUR III on hyv\u00e4ksi todettu ja monipuolinen kannettava kovuusmittari, jota on k\u00e4ytetty teollisuudessa ja tuotannossa jo vuosia.","og_url":"https:\/\/www.bergmanlabora.se\/fi\/tuote\/rebound-leeb-kovuusmittari-dynarock-iii-kopia\/","og_site_name":"BergmanLabora","article_publisher":"https:\/\/www.facebook.com\/bergmanlabora\/","article_modified_time":"2026-03-30T12:13:57+00:00","og_image":[{"width":450,"height":450,"url":"https:\/\/www.bergmanlabora.se\/wp-content\/uploads\/2026\/03\/alphadur-mini-III.jpg","type":"image\/jpeg"}],"twitter_card":"summary_large_image","schema":{"@context":"https:\/\/schema.org","@graph":[{"@type":"WebPage","@id":"https:\/\/www.bergmanlabora.se\/fi\/tuote\/rebound-leeb-kovuusmittari-dynarock-iii-kopia\/","url":"https:\/\/www.bergmanlabora.se\/fi\/tuote\/rebound-leeb-kovuusmittari-dynarock-iii-kopia\/","name":"UCI-kovuuden testauslaite alphaDUR mini II - BergmanLabora","isPartOf":{"@id":"https:\/\/www.bergmanlabora.se\/fi\/#website"},"primaryImageOfPage":{"@id":"https:\/\/www.bergmanlabora.se\/fi\/tuote\/rebound-leeb-kovuusmittari-dynarock-iii-kopia\/#primaryimage"},"image":{"@id":"https:\/\/www.bergmanlabora.se\/fi\/tuote\/rebound-leeb-kovuusmittari-dynarock-iii-kopia\/#primaryimage"},"thumbnailUrl":"https:\/\/www.bergmanlabora.se\/wp-content\/uploads\/2026\/03\/alphadur-mini-III.jpg","datePublished":"2026-03-30T10:59:38+00:00","dateModified":"2026-03-30T12:13:57+00:00","description":"alphaDUR III on hyv\u00e4ksi todettu ja monipuolinen kannettava kovuusmittari, jota on k\u00e4ytetty teollisuudessa ja tuotannossa jo vuosia.","breadcrumb":{"@id":"https:\/\/www.bergmanlabora.se\/fi\/tuote\/rebound-leeb-kovuusmittari-dynarock-iii-kopia\/#breadcrumb"},"inLanguage":"fi","potentialAction":[{"@type":"ReadAction","target":["https:\/\/www.bergmanlabora.se\/fi\/tuote\/rebound-leeb-kovuusmittari-dynarock-iii-kopia\/"]}]},{"@type":"ImageObject","inLanguage":"fi","@id":"https:\/\/www.bergmanlabora.se\/fi\/tuote\/rebound-leeb-kovuusmittari-dynarock-iii-kopia\/#primaryimage","url":"https:\/\/www.bergmanlabora.se\/wp-content\/uploads\/2026\/03\/alphadur-mini-III.jpg","contentUrl":"https:\/\/www.bergmanlabora.se\/wp-content\/uploads\/2026\/03\/alphadur-mini-III.jpg","width":450,"height":450},{"@type":"BreadcrumbList","@id":"https:\/\/www.bergmanlabora.se\/fi\/tuote\/rebound-leeb-kovuusmittari-dynarock-iii-kopia\/#breadcrumb","itemListElement":[{"@type":"ListItem","position":1,"name":"Helma","item":"https:\/\/www.bergmanlabora.se\/fi\/maailman-johtavat-laboratoriolaitteet-biotieteille-ja-teollisuudelle\/"},{"@type":"ListItem","position":2,"name":"Webbutik","item":"https:\/\/www.bergmanlabora.se\/webbutik\/"},{"@type":"ListItem","position":3,"name":"UCI-kovuuden testauslaite alphaDUR mini II"}]},{"@type":"WebSite","@id":"https:\/\/www.bergmanlabora.se\/fi\/#website","url":"https:\/\/www.bergmanlabora.se\/fi\/","name":"BergmanLabora","description":"En av Sveriges ledande leverant\u00f6rer till den svenska laboratoriemarknaden","potentialAction":[{"@type":"SearchAction","target":{"@type":"EntryPoint","urlTemplate":"https:\/\/www.bergmanlabora.se\/fi\/?s={search_term_string}"},"query-input":{"@type":"PropertyValueSpecification","valueRequired":true,"valueName":"search_term_string"}}],"inLanguage":"fi"}]}},"_links":{"self":[{"href":"https:\/\/www.bergmanlabora.se\/fi\/wp-json\/wp\/v2\/product\/13728","targetHints":{"allow":["GET"]}}],"collection":[{"href":"https:\/\/www.bergmanlabora.se\/fi\/wp-json\/wp\/v2\/product"}],"about":[{"href":"https:\/\/www.bergmanlabora.se\/fi\/wp-json\/wp\/v2\/types\/product"}],"wp:featuredmedia":[{"embeddable":true,"href":"https:\/\/www.bergmanlabora.se\/fi\/wp-json\/wp\/v2\/media\/13741"}],"wp:attachment":[{"href":"https:\/\/www.bergmanlabora.se\/fi\/wp-json\/wp\/v2\/media?parent=13728"}],"wp:term":[{"taxonomy":"product_brand","embeddable":true,"href":"https:\/\/www.bergmanlabora.se\/fi\/wp-json\/wp\/v2\/product_brand?post=13728"},{"taxonomy":"product_cat","embeddable":true,"href":"https:\/\/www.bergmanlabora.se\/fi\/wp-json\/wp\/v2\/product_cat?post=13728"},{"taxonomy":"product_tag","embeddable":true,"href":"https:\/\/www.bergmanlabora.se\/fi\/wp-json\/wp\/v2\/product_tag?post=13728"}],"curies":[{"name":"wp","href":"https:\/\/api.w.org\/{rel}","templated":true}]}}